{"id":104617,"date":"2016-11-14T09:36:23","date_gmt":"2016-11-14T08:36:23","guid":{"rendered":"https:\/\/tourtravelandmore.com\/tours\/non%20class\u00e9\/visite-gastronomique-privee-a-miami\/"},"modified":"2021-03-22T11:14:20","modified_gmt":"2021-03-22T10:14:20","slug":"visite-gastronomique-privee-a-miami","status":"publish","type":"product","link":"https:\/\/tourtravelandmore.com\/fr\/tours\/etats-unis-fr\/miami-fr\/visite-gastronomique-privee-a-miami\/","title":{"rendered":"Visite gastronomique priv\u00e9e \u00e0 Miami"},"content":{"rendered":"<h2>Description:<\/h2>\n<p>Qui ne veut pas profiter d&#8217;un Private Food Tour Miami.<\/p>\n<p>Profitez de cette occasion unique de profiter d&#8217;une excursion priv\u00e9e \u00e0 terre ou d&#8217;une visite de la ville de Miami avec votre chauffeur-guide priv\u00e9 avec un v\u00e9hicule priv\u00e9.<\/p>\n<p>Profitez de cette grande exp\u00e9rience culinaire et d\u00e9couvrez sa nourriture aromatis\u00e9e latine compl\u00e8te. Vous pourrez d\u00e9guster une cuisine typique de style cubain ou colombien. Ceci est une excellente visite gastronomique priv\u00e9e \u00e0 Miami et vous attend pour une exp\u00e9rience unique.<\/p>\n<p>Vous pouvez choisir l&#8217;heure et le lieu de d\u00e9part \u00e0 Miami Dade.<\/p>\n<h2>Sites d&#8217;int\u00e9r\u00eat et monuments<\/h2>\n<p>Tout d&#8217;abord, nous organiserons une prise en charge priv\u00e9e et commencerons cette visite priv\u00e9e priv\u00e9e \u00e0 Miami.<\/p>\n<p>Cette visite culinaire latine priv\u00e9e commencera par la visite de la r\u00e9gion de Coral Gables, et nous visiterons l&#8217;\u00e9tonnant et merveilleux h\u00f4tel Biltomore. Vous appr\u00e9cierez son exub\u00e9rante piscine v\u00e9nitienne, cette piscine \u00e9tant la seule piscine d&#8217;eau naturelle de la ville.<\/p>\n<p>Il s&#8217;agit d&#8217;une exp\u00e9rience totalement priv\u00e9e et personnalis\u00e9e avec une \u00e9quipe professionnelle pour vous accompagner. C&#8217;est une exp\u00e9rience unique et vous permettra de conna\u00eetre la d\u00e9licieuse cuisine de la ville de Miami.<\/p>\n<p>Apr\u00e8s cela, nous continuerons vers Little Havana et nous profiterons d&#8217;une visite \u00e0 pied de la r\u00e9gion o\u00f9 vous pourrez choisir o\u00f9 d\u00e9jeuner.<\/p>\n<p>Apr\u00e8s le d\u00e9jeuner, nous nous dirigerons vers l&#8217;un des plus gros cigares (Habanos) de Miami o\u00f9 vous pourrez conna\u00eetre l&#8217;\u00e9laboration exacte. Vous pourrez \u00e9galement d\u00e9guster et fumer l&#8217;un d&#8217;entre eux si vous le souhaitez ainsi qu&#8217;un caf\u00e9 cubain typique.<\/p>\n<p>Une fois votre visite termin\u00e9e, votre chauffeur-guide priv\u00e9 vous ram\u00e8nera \u00e0 votre h\u00f4tel ou au port de croisi\u00e8re.<\/p>\n<p>Jetez un \u0153il \u00e0 nos autres visites priv\u00e9es \u00e0 Miami.<\/p>\n","protected":false},"excerpt":{"rendered":"<p>Profitez d&#8217;une excellente exp\u00e9rience culinaire \u00e0 Miami et apprenez \u00e0 conna\u00eetre sa cuisine compl\u00e8te aux saveurs latines. D\u00e9gustez une cuisine typique de style cubain ou colombien. C&#8217;est une exp\u00e9rience parfaite pour un couple, des amis ou pour toute la famille!<\/p>\n","protected":false},"featured_media":94023,"comment_status":"open","ping_status":"closed","template":"","meta":{"_acf_changed":false},"product_brand":[],"product_cat":[3547,3793],"product_tag":[],"class_list":{"0":"post-104617","1":"product","2":"type-product","3":"status-publish","4":"has-post-thumbnail","6":"product_cat-etats-unis-fr","7":"product_cat-miami-fr","9":"first","10":"instock","11":"shipping-taxable","12":"purchasable","13":"product-type-simple"},"acf":[],"yoast_head":"<!-- This site is optimized with the Yoast SEO Premium plugin v25.3.1 (Yoast SEO v25.3.1) - https:\/\/yoast.com\/wordpress\/plugins\/seo\/ -->\n<title>Private Food Tour Miami - Chauffeur-guide priv\u00e9 pour l&#039;exp\u00e9rience de Miami<\/title>\n<meta name=\"description\" content=\"Visite gastronomique priv\u00e9e \u00e0 Miami. Grande exp\u00e9rience culinaire \u00e0 Miami et d\u00e9couvrez sa nourriture aromatis\u00e9e latine compl\u00e8te. D\u00e9gustez une cuisine typique de style cubain ou colombien.\" \/>\n<meta name=\"robots\" content=\"index, follow, max-snippet:-1, max-image-preview:large, max-video-preview:-1\" \/>\n<link rel=\"canonical\" href=\"https:\/\/tourtravelandmore.com\/fr\/tours\/etats-unis-fr\/miami-fr\/visite-gastronomique-privee-a-miami\/\" \/>\n<meta property=\"og:locale\" content=\"fr_FR\" \/>\n<meta property=\"og:type\" content=\"article\" \/>\n<meta property=\"og:title\" content=\"Visite gastronomique priv\u00e9e \u00e0 Miami\" \/>\n<meta property=\"og:description\" content=\"Visite gastronomique priv\u00e9e \u00e0 Miami. Grande exp\u00e9rience culinaire \u00e0 Miami et d\u00e9couvrez sa nourriture aromatis\u00e9e latine compl\u00e8te. D\u00e9gustez une cuisine typique de style cubain ou colombien.\" \/>\n<meta property=\"og:url\" content=\"https:\/\/tourtravelandmore.com\/fr\/tours\/etats-unis-fr\/miami-fr\/visite-gastronomique-privee-a-miami\/\" \/>\n<meta property=\"og:site_name\" content=\"Tour Travel And More\" \/>\n<meta property=\"article:publisher\" content=\"https:\/\/www.facebook.com\/tourtravelandmore\/\" \/>\n<meta property=\"article:modified_time\" content=\"2021-03-22T10:14:20+00:00\" \/>\n<meta property=\"og:image\" content=\"https:\/\/tourtravelandmore.com\/wp-content\/uploads\/2016\/11\/Foto-1.jpg\" \/>\n\t<meta property=\"og:image:width\" content=\"1000\" \/>\n\t<meta property=\"og:image:height\" content=\"749\" \/>\n\t<meta property=\"og:image:type\" content=\"image\/jpeg\" \/>\n<meta name=\"twitter:card\" content=\"summary_large_image\" \/>\n<meta name=\"twitter:site\" content=\"@TourTravel_More\" \/>\n<meta name=\"twitter:label1\" content=\"Dur\u00e9e de lecture estim\u00e9e\" \/>\n\t<meta name=\"twitter:data1\" content=\"2 minutes\" \/>\n<script type=\"application\/ld+json\" class=\"yoast-schema-graph\">{\"@context\":\"https:\/\/schema.org\",\"@graph\":[{\"@type\":\"WebPage\",\"@id\":\"https:\/\/tourtravelandmore.com\/fr\/tours\/etats-unis-fr\/miami-fr\/visite-gastronomique-privee-a-miami\/\",\"url\":\"https:\/\/tourtravelandmore.com\/fr\/tours\/etats-unis-fr\/miami-fr\/visite-gastronomique-privee-a-miami\/\",\"name\":\"Private Food Tour Miami - Chauffeur-guide priv\u00e9 pour l'exp\u00e9rience de Miami\",\"isPartOf\":{\"@id\":\"https:\/\/tourtravelandmore.com\/fr\/#website\"},\"primaryImageOfPage\":{\"@id\":\"https:\/\/tourtravelandmore.com\/fr\/tours\/etats-unis-fr\/miami-fr\/visite-gastronomique-privee-a-miami\/#primaryimage\"},\"image\":{\"@id\":\"https:\/\/tourtravelandmore.com\/fr\/tours\/etats-unis-fr\/miami-fr\/visite-gastronomique-privee-a-miami\/#primaryimage\"},\"thumbnailUrl\":\"https:\/\/tourtravelandmore.com\/wp-content\/uploads\/2016\/11\/Foto-1.jpg\",\"datePublished\":\"2016-11-14T08:36:23+00:00\",\"dateModified\":\"2021-03-22T10:14:20+00:00\",\"description\":\"Visite gastronomique priv\u00e9e \u00e0 Miami. Grande exp\u00e9rience culinaire \u00e0 Miami et d\u00e9couvrez sa nourriture aromatis\u00e9e latine compl\u00e8te. D\u00e9gustez une cuisine typique de style cubain ou colombien.\",\"breadcrumb\":{\"@id\":\"https:\/\/tourtravelandmore.com\/fr\/tours\/etats-unis-fr\/miami-fr\/visite-gastronomique-privee-a-miami\/#breadcrumb\"},\"inLanguage\":\"fr-FR\",\"potentialAction\":[{\"@type\":\"ReadAction\",\"target\":[\"https:\/\/tourtravelandmore.com\/fr\/tours\/etats-unis-fr\/miami-fr\/visite-gastronomique-privee-a-miami\/\"]}]},{\"@type\":\"ImageObject\",\"inLanguage\":\"fr-FR\",\"@id\":\"https:\/\/tourtravelandmore.com\/fr\/tours\/etats-unis-fr\/miami-fr\/visite-gastronomique-privee-a-miami\/#primaryimage\",\"url\":\"https:\/\/tourtravelandmore.com\/wp-content\/uploads\/2016\/11\/Foto-1.jpg\",\"contentUrl\":\"https:\/\/tourtravelandmore.com\/wp-content\/uploads\/2016\/11\/Foto-1.jpg\",\"width\":1000,\"height\":749},{\"@type\":\"BreadcrumbList\",\"@id\":\"https:\/\/tourtravelandmore.com\/fr\/tours\/etats-unis-fr\/miami-fr\/visite-gastronomique-privee-a-miami\/#breadcrumb\",\"itemListElement\":[{\"@type\":\"ListItem\",\"position\":1,\"name\":\"Home\",\"item\":\"https:\/\/tourtravelandmore.com\/fr\/\"},{\"@type\":\"ListItem\",\"position\":2,\"name\":\"Tours\",\"item\":\"https:\/\/tourtravelandmore.com\/fr\/tours\/\"},{\"@type\":\"ListItem\",\"position\":3,\"name\":\"Visite gastronomique priv\u00e9e \u00e0 Miami\"}]},{\"@type\":\"WebSite\",\"@id\":\"https:\/\/tourtravelandmore.com\/fr\/#website\",\"url\":\"https:\/\/tourtravelandmore.com\/fr\/\",\"name\":\"Tour Travel And More\",\"description\":\"Private sightseeing tours and luxury transfers in Spain\",\"publisher\":{\"@id\":\"https:\/\/tourtravelandmore.com\/fr\/#organization\"},\"potentialAction\":[{\"@type\":\"SearchAction\",\"target\":{\"@type\":\"EntryPoint\",\"urlTemplate\":\"https:\/\/tourtravelandmore.com\/fr\/?s={search_term_string}\"},\"query-input\":{\"@type\":\"PropertyValueSpecification\",\"valueRequired\":true,\"valueName\":\"search_term_string\"}}],\"inLanguage\":\"fr-FR\"},{\"@type\":\"Organization\",\"@id\":\"https:\/\/tourtravelandmore.com\/fr\/#organization\",\"name\":\"Tour Travel And More\",\"url\":\"https:\/\/tourtravelandmore.com\/fr\/\",\"logo\":{\"@type\":\"ImageObject\",\"inLanguage\":\"fr-FR\",\"@id\":\"https:\/\/tourtravelandmore.com\/fr\/#\/schema\/logo\/image\/\",\"url\":\"https:\/\/tourtravelandmore.com\/wp-content\/uploads\/2022\/12\/cropped-logo-cabecera-new.png\",\"contentUrl\":\"https:\/\/tourtravelandmore.com\/wp-content\/uploads\/2022\/12\/cropped-logo-cabecera-new.png\",\"width\":430,\"height\":61,\"caption\":\"Tour Travel And More\"},\"image\":{\"@id\":\"https:\/\/tourtravelandmore.com\/fr\/#\/schema\/logo\/image\/\"},\"sameAs\":[\"https:\/\/www.facebook.com\/tourtravelandmore\/\",\"https:\/\/x.com\/TourTravel_More\"]}]}<\/script>\n<!-- \/ Yoast SEO Premium plugin. -->","yoast_head_json":{"title":"Private Food Tour Miami - Chauffeur-guide priv\u00e9 pour l'exp\u00e9rience de Miami","description":"Visite gastronomique priv\u00e9e \u00e0 Miami. Grande exp\u00e9rience culinaire \u00e0 Miami et d\u00e9couvrez sa nourriture aromatis\u00e9e latine compl\u00e8te. D\u00e9gustez une cuisine typique de style cubain ou colombien.","robots":{"index":"index","follow":"follow","max-snippet":"max-snippet:-1","max-image-preview":"max-image-preview:large","max-video-preview":"max-video-preview:-1"},"canonical":"https:\/\/tourtravelandmore.com\/fr\/tours\/etats-unis-fr\/miami-fr\/visite-gastronomique-privee-a-miami\/","og_locale":"fr_FR","og_type":"article","og_title":"Visite gastronomique priv\u00e9e \u00e0 Miami","og_description":"Visite gastronomique priv\u00e9e \u00e0 Miami. Grande exp\u00e9rience culinaire \u00e0 Miami et d\u00e9couvrez sa nourriture aromatis\u00e9e latine compl\u00e8te. D\u00e9gustez une cuisine typique de style cubain ou colombien.","og_url":"https:\/\/tourtravelandmore.com\/fr\/tours\/etats-unis-fr\/miami-fr\/visite-gastronomique-privee-a-miami\/","og_site_name":"Tour Travel And More","article_publisher":"https:\/\/www.facebook.com\/tourtravelandmore\/","article_modified_time":"2021-03-22T10:14:20+00:00","og_image":[{"width":1000,"height":749,"url":"https:\/\/tourtravelandmore.com\/wp-content\/uploads\/2016\/11\/Foto-1.jpg","type":"image\/jpeg"}],"twitter_card":"summary_large_image","twitter_site":"@TourTravel_More","twitter_misc":{"Dur\u00e9e de lecture estim\u00e9e":"2 minutes"},"schema":{"@context":"https:\/\/schema.org","@graph":[{"@type":"WebPage","@id":"https:\/\/tourtravelandmore.com\/fr\/tours\/etats-unis-fr\/miami-fr\/visite-gastronomique-privee-a-miami\/","url":"https:\/\/tourtravelandmore.com\/fr\/tours\/etats-unis-fr\/miami-fr\/visite-gastronomique-privee-a-miami\/","name":"Private Food Tour Miami - Chauffeur-guide priv\u00e9 pour l'exp\u00e9rience de Miami","isPartOf":{"@id":"https:\/\/tourtravelandmore.com\/fr\/#website"},"primaryImageOfPage":{"@id":"https:\/\/tourtravelandmore.com\/fr\/tours\/etats-unis-fr\/miami-fr\/visite-gastronomique-privee-a-miami\/#primaryimage"},"image":{"@id":"https:\/\/tourtravelandmore.com\/fr\/tours\/etats-unis-fr\/miami-fr\/visite-gastronomique-privee-a-miami\/#primaryimage"},"thumbnailUrl":"https:\/\/tourtravelandmore.com\/wp-content\/uploads\/2016\/11\/Foto-1.jpg","datePublished":"2016-11-14T08:36:23+00:00","dateModified":"2021-03-22T10:14:20+00:00","description":"Visite gastronomique priv\u00e9e \u00e0 Miami. Grande exp\u00e9rience culinaire \u00e0 Miami et d\u00e9couvrez sa nourriture aromatis\u00e9e latine compl\u00e8te. D\u00e9gustez une cuisine typique de style cubain ou colombien.","breadcrumb":{"@id":"https:\/\/tourtravelandmore.com\/fr\/tours\/etats-unis-fr\/miami-fr\/visite-gastronomique-privee-a-miami\/#breadcrumb"},"inLanguage":"fr-FR","potentialAction":[{"@type":"ReadAction","target":["https:\/\/tourtravelandmore.com\/fr\/tours\/etats-unis-fr\/miami-fr\/visite-gastronomique-privee-a-miami\/"]}]},{"@type":"ImageObject","inLanguage":"fr-FR","@id":"https:\/\/tourtravelandmore.com\/fr\/tours\/etats-unis-fr\/miami-fr\/visite-gastronomique-privee-a-miami\/#primaryimage","url":"https:\/\/tourtravelandmore.com\/wp-content\/uploads\/2016\/11\/Foto-1.jpg","contentUrl":"https:\/\/tourtravelandmore.com\/wp-content\/uploads\/2016\/11\/Foto-1.jpg","width":1000,"height":749},{"@type":"BreadcrumbList","@id":"https:\/\/tourtravelandmore.com\/fr\/tours\/etats-unis-fr\/miami-fr\/visite-gastronomique-privee-a-miami\/#breadcrumb","itemListElement":[{"@type":"ListItem","position":1,"name":"Home","item":"https:\/\/tourtravelandmore.com\/fr\/"},{"@type":"ListItem","position":2,"name":"Tours","item":"https:\/\/tourtravelandmore.com\/fr\/tours\/"},{"@type":"ListItem","position":3,"name":"Visite gastronomique priv\u00e9e \u00e0 Miami"}]},{"@type":"WebSite","@id":"https:\/\/tourtravelandmore.com\/fr\/#website","url":"https:\/\/tourtravelandmore.com\/fr\/","name":"Tour Travel And More","description":"Private sightseeing tours and luxury transfers in Spain","publisher":{"@id":"https:\/\/tourtravelandmore.com\/fr\/#organization"},"potentialAction":[{"@type":"SearchAction","target":{"@type":"EntryPoint","urlTemplate":"https:\/\/tourtravelandmore.com\/fr\/?s={search_term_string}"},"query-input":{"@type":"PropertyValueSpecification","valueRequired":true,"valueName":"search_term_string"}}],"inLanguage":"fr-FR"},{"@type":"Organization","@id":"https:\/\/tourtravelandmore.com\/fr\/#organization","name":"Tour Travel And More","url":"https:\/\/tourtravelandmore.com\/fr\/","logo":{"@type":"ImageObject","inLanguage":"fr-FR","@id":"https:\/\/tourtravelandmore.com\/fr\/#\/schema\/logo\/image\/","url":"https:\/\/tourtravelandmore.com\/wp-content\/uploads\/2022\/12\/cropped-logo-cabecera-new.png","contentUrl":"https:\/\/tourtravelandmore.com\/wp-content\/uploads\/2022\/12\/cropped-logo-cabecera-new.png","width":430,"height":61,"caption":"Tour Travel And More"},"image":{"@id":"https:\/\/tourtravelandmore.com\/fr\/#\/schema\/logo\/image\/"},"sameAs":["https:\/\/www.facebook.com\/tourtravelandmore\/","https:\/\/x.com\/TourTravel_More"]}]}},"_links":{"self":[{"href":"https:\/\/tourtravelandmore.com\/fr\/wp-json\/wp\/v2\/product\/104617","targetHints":{"allow":["GET"]}}],"collection":[{"href":"https:\/\/tourtravelandmore.com\/fr\/wp-json\/wp\/v2\/product"}],"about":[{"href":"https:\/\/tourtravelandmore.com\/fr\/wp-json\/wp\/v2\/types\/product"}],"replies":[{"embeddable":true,"href":"https:\/\/tourtravelandmore.com\/fr\/wp-json\/wp\/v2\/comments?post=104617"}],"wp:featuredmedia":[{"embeddable":true,"href":"https:\/\/tourtravelandmore.com\/fr\/wp-json\/wp\/v2\/media\/94023"}],"wp:attachment":[{"href":"https:\/\/tourtravelandmore.com\/fr\/wp-json\/wp\/v2\/media?parent=104617"}],"wp:term":[{"taxonomy":"product_brand","embeddable":true,"href":"https:\/\/tourtravelandmore.com\/fr\/wp-json\/wp\/v2\/product_brand?post=104617"},{"taxonomy":"product_cat","embeddable":true,"href":"https:\/\/tourtravelandmore.com\/fr\/wp-json\/wp\/v2\/product_cat?post=104617"},{"taxonomy":"product_tag","embeddable":true,"href":"https:\/\/tourtravelandmore.com\/fr\/wp-json\/wp\/v2\/product_tag?post=104617"}],"curies":[{"name":"wp","href":"https:\/\/api.w.org\/{rel}","templated":true}]}}