{"id":104612,"date":"2016-11-10T11:40:50","date_gmt":"2016-11-10T10:40:50","guid":{"rendered":"https:\/\/tourtravelandmore.com\/tours\/non%20class\u00e9\/transfert-prive-a-miami\/"},"modified":"2021-03-22T11:11:03","modified_gmt":"2021-03-22T10:11:03","slug":"transfert-prive-a-miami","status":"publish","type":"product","link":"https:\/\/tourtravelandmore.com\/fr\/tours\/etats-unis-fr\/miami-fr\/transfert-prive-a-miami\/","title":{"rendered":"Transfert priv\u00e9 \u00e0 Miami"},"content":{"rendered":"<h2>Description:<\/h2>\n<p>Prenez notre transfert priv\u00e9 \u00e0 Miami pour un moyen rapide et facile d&#8217;arriver \u00e0 votre destination finale.<\/p>\n<p>Nous viendrons vous chercher \u00e0 votre lieu de prise en charge choisi et vous emm\u00e8nerons dans ce transfert priv\u00e9 \u00e0 Miami.<\/p>\n<p>La prise en charge peut se faire depuis n&#8217;importe quel endroit \u00e0 Miami. Cela comprend le port de croisi\u00e8re, l&#8217;a\u00e9roport, l&#8217;h\u00f4tel ou tout autre endroit de votre choix. Nous vous d\u00e9poserons ensuite \u00e0 l&#8217;endroit de votre choix.<\/p>\n<p>Nous ne limitons pas le nombre de bagages que vous pouvez apporter. Veuillez inclure ces informations car nous pourrions avoir besoin de tenter le v\u00e9hicule pour s&#8217;adapter \u00e0 tous vos bagages d\u00e9crits. Si un si\u00e8ge enfant est n\u00e9cessaire, veuillez nous en informer.<\/p>\n<h2>Sites d&#8217;int\u00e9r\u00eat et monuments<\/h2>\n<p>Profitez de ce transfert priv\u00e9 \u00e0 Miami.<\/p>\n<p>Voici ci-dessous quelques suggestions et exemples d&#8217;itin\u00e9raires. Nous pouvons vous emmener sur n&#8217;importe quel type de transfert dans n&#8217;importe quel endroit en Floride.<\/p>\n<p>Nous proposons des transferts a\u00e9roport, des transferts croisi\u00e8re-port, des transferts h\u00f4teliers, des transferts d\u00eener et tout type de transfert auquel vous pouvez penser.<\/p>\n<p>De l&#8217;a\u00e9roport international de Miami ou du port de croisi\u00e8re de Miami \u00e0:<\/p>\n<ul>\n<li>Centre-ville de Miami<\/li>\n<li>Plage sud<\/li>\n<li>North Miami Beach, Aventure<\/li>\n<li>Hollywood, Pins Perbroke<\/li>\n<li>Fort Lauderdale, Plantation<\/li>\n<\/ul>\n<p>De Miami:<\/p>\n<ul>\n<li>Jonc de mer<\/li>\n<li>Dauphin<\/li>\n<li>Boca Raton<\/li>\n<li>Plage de palmiers<\/li>\n<li>Cap Canaveral<\/li>\n<li>Orlando<\/li>\n<li>Daytona Beach<\/li>\n<li>Naples<\/li>\n<li>Fort Myers<\/li>\n<li>Sarasota<\/li>\n<li>R\u00e9gion de Tampa Bay<\/li>\n<li>Key Largo<\/li>\n<li>\u00cele pourpre<\/li>\n<li>Key West<\/li>\n<li>Marathon<\/li>\n<li>Ville de Miami<\/li>\n<\/ul>\n<p>Miami est une ville de l&#8217;\u00c9tat de Floride situ\u00e9e au sud de la Floride et sur la c\u00f4te est des \u00c9tats-Unis. C&#8217;est une ville magnifique et unique \u00e0 visiter avec tant \u00e0 offrir, non seulement pour les diff\u00e9rents types de plats, mais aussi pour les grandes diff\u00e9rences culturelles et les achats incroyables! Miami repose sur les Everglades et l&#8217;oc\u00e9an Atlantique. Le centre-ville de Miami compte plus de 415 000 habitants.<\/p>\n<p>Ne manquez pas nos visites priv\u00e9es \u00e0 Miami.<\/p>\n","protected":false},"excerpt":{"rendered":"<p>Transfert priv\u00e9 aller simple \u00e0 Miami. Transfert priv\u00e9 \u00e0 Miami vers n&#8217;importe quel endroit. Un moyen rapide et facile d&#8217;arriver \u00e0 votre destination finale. Prise en charge priv\u00e9e de n&#8217;importe quel endroit. V\u00e9hicule priv\u00e9 et chauffeur inclus.<\/p>\n","protected":false},"featured_media":94063,"comment_status":"open","ping_status":"closed","template":"","meta":{"_acf_changed":false},"product_brand":[],"product_cat":[3547,3793],"product_tag":[],"class_list":{"0":"post-104612","1":"product","2":"type-product","3":"status-publish","4":"has-post-thumbnail","6":"product_cat-etats-unis-fr","7":"product_cat-miami-fr","9":"first","10":"instock","11":"shipping-taxable","12":"purchasable","13":"product-type-simple"},"acf":[],"yoast_head":"<!-- This site is optimized with the Yoast SEO Premium plugin v25.3.1 (Yoast SEO v25.3.1) - https:\/\/yoast.com\/wordpress\/plugins\/seo\/ -->\n<title>Transfert priv\u00e9 \u00e0 Miami - Transferts rapides et priv\u00e9s \u00e0 Miami<\/title>\n<meta name=\"description\" content=\"Transfert priv\u00e9 \u00e0 Miami. Transfert priv\u00e9 \u00e0 Miami vers n&#039;importe quel endroit. Un moyen rapide et facile d&#039;arriver \u00e0 votre destination finale. Prise en charge priv\u00e9e de n&#039;importe quel endroit\" \/>\n<meta name=\"robots\" content=\"index, follow, max-snippet:-1, max-image-preview:large, max-video-preview:-1\" \/>\n<link rel=\"canonical\" href=\"https:\/\/tourtravelandmore.com\/fr\/tours\/etats-unis-fr\/miami-fr\/transfert-prive-a-miami\/\" \/>\n<meta property=\"og:locale\" content=\"fr_FR\" \/>\n<meta property=\"og:type\" content=\"article\" \/>\n<meta property=\"og:title\" content=\"Transfert priv\u00e9 \u00e0 Miami\" \/>\n<meta property=\"og:description\" content=\"Transfert priv\u00e9 \u00e0 Miami. Transfert priv\u00e9 \u00e0 Miami vers n&#039;importe quel endroit. Un moyen rapide et facile d&#039;arriver \u00e0 votre destination finale. Prise en charge priv\u00e9e de n&#039;importe quel endroit\" \/>\n<meta property=\"og:url\" content=\"https:\/\/tourtravelandmore.com\/fr\/tours\/etats-unis-fr\/miami-fr\/transfert-prive-a-miami\/\" \/>\n<meta property=\"og:site_name\" content=\"Tour Travel And More\" \/>\n<meta property=\"article:publisher\" content=\"https:\/\/www.facebook.com\/tourtravelandmore\/\" \/>\n<meta property=\"article:modified_time\" content=\"2021-03-22T10:11:03+00:00\" \/>\n<meta property=\"og:image\" content=\"https:\/\/tourtravelandmore.com\/wp-content\/uploads\/2016\/11\/Fotos-principal-1.jpg\" \/>\n\t<meta property=\"og:image:width\" content=\"356\" \/>\n\t<meta property=\"og:image:height\" content=\"244\" \/>\n\t<meta property=\"og:image:type\" content=\"image\/jpeg\" \/>\n<meta name=\"twitter:card\" content=\"summary_large_image\" \/>\n<meta name=\"twitter:site\" content=\"@TourTravel_More\" \/>\n<meta name=\"twitter:label1\" content=\"Dur\u00e9e de lecture estim\u00e9e\" \/>\n\t<meta name=\"twitter:data1\" content=\"2 minutes\" \/>\n<script type=\"application\/ld+json\" class=\"yoast-schema-graph\">{\"@context\":\"https:\/\/schema.org\",\"@graph\":[{\"@type\":\"WebPage\",\"@id\":\"https:\/\/tourtravelandmore.com\/fr\/tours\/etats-unis-fr\/miami-fr\/transfert-prive-a-miami\/\",\"url\":\"https:\/\/tourtravelandmore.com\/fr\/tours\/etats-unis-fr\/miami-fr\/transfert-prive-a-miami\/\",\"name\":\"Transfert priv\u00e9 \u00e0 Miami - Transferts rapides et priv\u00e9s \u00e0 Miami\",\"isPartOf\":{\"@id\":\"https:\/\/tourtravelandmore.com\/fr\/#website\"},\"primaryImageOfPage\":{\"@id\":\"https:\/\/tourtravelandmore.com\/fr\/tours\/etats-unis-fr\/miami-fr\/transfert-prive-a-miami\/#primaryimage\"},\"image\":{\"@id\":\"https:\/\/tourtravelandmore.com\/fr\/tours\/etats-unis-fr\/miami-fr\/transfert-prive-a-miami\/#primaryimage\"},\"thumbnailUrl\":\"https:\/\/tourtravelandmore.com\/wp-content\/uploads\/2016\/11\/Fotos-principal-1.jpg\",\"datePublished\":\"2016-11-10T10:40:50+00:00\",\"dateModified\":\"2021-03-22T10:11:03+00:00\",\"description\":\"Transfert priv\u00e9 \u00e0 Miami. Transfert priv\u00e9 \u00e0 Miami vers n'importe quel endroit. Un moyen rapide et facile d'arriver \u00e0 votre destination finale. Prise en charge priv\u00e9e de n'importe quel endroit\",\"breadcrumb\":{\"@id\":\"https:\/\/tourtravelandmore.com\/fr\/tours\/etats-unis-fr\/miami-fr\/transfert-prive-a-miami\/#breadcrumb\"},\"inLanguage\":\"fr-FR\",\"potentialAction\":[{\"@type\":\"ReadAction\",\"target\":[\"https:\/\/tourtravelandmore.com\/fr\/tours\/etats-unis-fr\/miami-fr\/transfert-prive-a-miami\/\"]}]},{\"@type\":\"ImageObject\",\"inLanguage\":\"fr-FR\",\"@id\":\"https:\/\/tourtravelandmore.com\/fr\/tours\/etats-unis-fr\/miami-fr\/transfert-prive-a-miami\/#primaryimage\",\"url\":\"https:\/\/tourtravelandmore.com\/wp-content\/uploads\/2016\/11\/Fotos-principal-1.jpg\",\"contentUrl\":\"https:\/\/tourtravelandmore.com\/wp-content\/uploads\/2016\/11\/Fotos-principal-1.jpg\",\"width\":356,\"height\":244},{\"@type\":\"BreadcrumbList\",\"@id\":\"https:\/\/tourtravelandmore.com\/fr\/tours\/etats-unis-fr\/miami-fr\/transfert-prive-a-miami\/#breadcrumb\",\"itemListElement\":[{\"@type\":\"ListItem\",\"position\":1,\"name\":\"Home\",\"item\":\"https:\/\/tourtravelandmore.com\/fr\/\"},{\"@type\":\"ListItem\",\"position\":2,\"name\":\"Tours\",\"item\":\"https:\/\/tourtravelandmore.com\/fr\/tours\/\"},{\"@type\":\"ListItem\",\"position\":3,\"name\":\"Transfert priv\u00e9 \u00e0 Miami\"}]},{\"@type\":\"WebSite\",\"@id\":\"https:\/\/tourtravelandmore.com\/fr\/#website\",\"url\":\"https:\/\/tourtravelandmore.com\/fr\/\",\"name\":\"Tour Travel And More\",\"description\":\"Private sightseeing tours and luxury transfers in Spain\",\"publisher\":{\"@id\":\"https:\/\/tourtravelandmore.com\/fr\/#organization\"},\"potentialAction\":[{\"@type\":\"SearchAction\",\"target\":{\"@type\":\"EntryPoint\",\"urlTemplate\":\"https:\/\/tourtravelandmore.com\/fr\/?s={search_term_string}\"},\"query-input\":{\"@type\":\"PropertyValueSpecification\",\"valueRequired\":true,\"valueName\":\"search_term_string\"}}],\"inLanguage\":\"fr-FR\"},{\"@type\":\"Organization\",\"@id\":\"https:\/\/tourtravelandmore.com\/fr\/#organization\",\"name\":\"Tour Travel And More\",\"url\":\"https:\/\/tourtravelandmore.com\/fr\/\",\"logo\":{\"@type\":\"ImageObject\",\"inLanguage\":\"fr-FR\",\"@id\":\"https:\/\/tourtravelandmore.com\/fr\/#\/schema\/logo\/image\/\",\"url\":\"https:\/\/tourtravelandmore.com\/wp-content\/uploads\/2022\/12\/cropped-logo-cabecera-new.png\",\"contentUrl\":\"https:\/\/tourtravelandmore.com\/wp-content\/uploads\/2022\/12\/cropped-logo-cabecera-new.png\",\"width\":430,\"height\":61,\"caption\":\"Tour Travel And More\"},\"image\":{\"@id\":\"https:\/\/tourtravelandmore.com\/fr\/#\/schema\/logo\/image\/\"},\"sameAs\":[\"https:\/\/www.facebook.com\/tourtravelandmore\/\",\"https:\/\/x.com\/TourTravel_More\"]}]}<\/script>\n<!-- \/ Yoast SEO Premium plugin. -->","yoast_head_json":{"title":"Transfert priv\u00e9 \u00e0 Miami - Transferts rapides et priv\u00e9s \u00e0 Miami","description":"Transfert priv\u00e9 \u00e0 Miami. Transfert priv\u00e9 \u00e0 Miami vers n'importe quel endroit. Un moyen rapide et facile d'arriver \u00e0 votre destination finale. Prise en charge priv\u00e9e de n'importe quel endroit","robots":{"index":"index","follow":"follow","max-snippet":"max-snippet:-1","max-image-preview":"max-image-preview:large","max-video-preview":"max-video-preview:-1"},"canonical":"https:\/\/tourtravelandmore.com\/fr\/tours\/etats-unis-fr\/miami-fr\/transfert-prive-a-miami\/","og_locale":"fr_FR","og_type":"article","og_title":"Transfert priv\u00e9 \u00e0 Miami","og_description":"Transfert priv\u00e9 \u00e0 Miami. Transfert priv\u00e9 \u00e0 Miami vers n'importe quel endroit. Un moyen rapide et facile d'arriver \u00e0 votre destination finale. Prise en charge priv\u00e9e de n'importe quel endroit","og_url":"https:\/\/tourtravelandmore.com\/fr\/tours\/etats-unis-fr\/miami-fr\/transfert-prive-a-miami\/","og_site_name":"Tour Travel And More","article_publisher":"https:\/\/www.facebook.com\/tourtravelandmore\/","article_modified_time":"2021-03-22T10:11:03+00:00","og_image":[{"width":356,"height":244,"url":"https:\/\/tourtravelandmore.com\/wp-content\/uploads\/2016\/11\/Fotos-principal-1.jpg","type":"image\/jpeg"}],"twitter_card":"summary_large_image","twitter_site":"@TourTravel_More","twitter_misc":{"Dur\u00e9e de lecture estim\u00e9e":"2 minutes"},"schema":{"@context":"https:\/\/schema.org","@graph":[{"@type":"WebPage","@id":"https:\/\/tourtravelandmore.com\/fr\/tours\/etats-unis-fr\/miami-fr\/transfert-prive-a-miami\/","url":"https:\/\/tourtravelandmore.com\/fr\/tours\/etats-unis-fr\/miami-fr\/transfert-prive-a-miami\/","name":"Transfert priv\u00e9 \u00e0 Miami - Transferts rapides et priv\u00e9s \u00e0 Miami","isPartOf":{"@id":"https:\/\/tourtravelandmore.com\/fr\/#website"},"primaryImageOfPage":{"@id":"https:\/\/tourtravelandmore.com\/fr\/tours\/etats-unis-fr\/miami-fr\/transfert-prive-a-miami\/#primaryimage"},"image":{"@id":"https:\/\/tourtravelandmore.com\/fr\/tours\/etats-unis-fr\/miami-fr\/transfert-prive-a-miami\/#primaryimage"},"thumbnailUrl":"https:\/\/tourtravelandmore.com\/wp-content\/uploads\/2016\/11\/Fotos-principal-1.jpg","datePublished":"2016-11-10T10:40:50+00:00","dateModified":"2021-03-22T10:11:03+00:00","description":"Transfert priv\u00e9 \u00e0 Miami. Transfert priv\u00e9 \u00e0 Miami vers n'importe quel endroit. Un moyen rapide et facile d'arriver \u00e0 votre destination finale. Prise en charge priv\u00e9e de n'importe quel endroit","breadcrumb":{"@id":"https:\/\/tourtravelandmore.com\/fr\/tours\/etats-unis-fr\/miami-fr\/transfert-prive-a-miami\/#breadcrumb"},"inLanguage":"fr-FR","potentialAction":[{"@type":"ReadAction","target":["https:\/\/tourtravelandmore.com\/fr\/tours\/etats-unis-fr\/miami-fr\/transfert-prive-a-miami\/"]}]},{"@type":"ImageObject","inLanguage":"fr-FR","@id":"https:\/\/tourtravelandmore.com\/fr\/tours\/etats-unis-fr\/miami-fr\/transfert-prive-a-miami\/#primaryimage","url":"https:\/\/tourtravelandmore.com\/wp-content\/uploads\/2016\/11\/Fotos-principal-1.jpg","contentUrl":"https:\/\/tourtravelandmore.com\/wp-content\/uploads\/2016\/11\/Fotos-principal-1.jpg","width":356,"height":244},{"@type":"BreadcrumbList","@id":"https:\/\/tourtravelandmore.com\/fr\/tours\/etats-unis-fr\/miami-fr\/transfert-prive-a-miami\/#breadcrumb","itemListElement":[{"@type":"ListItem","position":1,"name":"Home","item":"https:\/\/tourtravelandmore.com\/fr\/"},{"@type":"ListItem","position":2,"name":"Tours","item":"https:\/\/tourtravelandmore.com\/fr\/tours\/"},{"@type":"ListItem","position":3,"name":"Transfert priv\u00e9 \u00e0 Miami"}]},{"@type":"WebSite","@id":"https:\/\/tourtravelandmore.com\/fr\/#website","url":"https:\/\/tourtravelandmore.com\/fr\/","name":"Tour Travel And More","description":"Private sightseeing tours and luxury transfers in Spain","publisher":{"@id":"https:\/\/tourtravelandmore.com\/fr\/#organization"},"potentialAction":[{"@type":"SearchAction","target":{"@type":"EntryPoint","urlTemplate":"https:\/\/tourtravelandmore.com\/fr\/?s={search_term_string}"},"query-input":{"@type":"PropertyValueSpecification","valueRequired":true,"valueName":"search_term_string"}}],"inLanguage":"fr-FR"},{"@type":"Organization","@id":"https:\/\/tourtravelandmore.com\/fr\/#organization","name":"Tour Travel And More","url":"https:\/\/tourtravelandmore.com\/fr\/","logo":{"@type":"ImageObject","inLanguage":"fr-FR","@id":"https:\/\/tourtravelandmore.com\/fr\/#\/schema\/logo\/image\/","url":"https:\/\/tourtravelandmore.com\/wp-content\/uploads\/2022\/12\/cropped-logo-cabecera-new.png","contentUrl":"https:\/\/tourtravelandmore.com\/wp-content\/uploads\/2022\/12\/cropped-logo-cabecera-new.png","width":430,"height":61,"caption":"Tour Travel And More"},"image":{"@id":"https:\/\/tourtravelandmore.com\/fr\/#\/schema\/logo\/image\/"},"sameAs":["https:\/\/www.facebook.com\/tourtravelandmore\/","https:\/\/x.com\/TourTravel_More"]}]}},"_links":{"self":[{"href":"https:\/\/tourtravelandmore.com\/fr\/wp-json\/wp\/v2\/product\/104612","targetHints":{"allow":["GET"]}}],"collection":[{"href":"https:\/\/tourtravelandmore.com\/fr\/wp-json\/wp\/v2\/product"}],"about":[{"href":"https:\/\/tourtravelandmore.com\/fr\/wp-json\/wp\/v2\/types\/product"}],"replies":[{"embeddable":true,"href":"https:\/\/tourtravelandmore.com\/fr\/wp-json\/wp\/v2\/comments?post=104612"}],"wp:featuredmedia":[{"embeddable":true,"href":"https:\/\/tourtravelandmore.com\/fr\/wp-json\/wp\/v2\/media\/94063"}],"wp:attachment":[{"href":"https:\/\/tourtravelandmore.com\/fr\/wp-json\/wp\/v2\/media?parent=104612"}],"wp:term":[{"taxonomy":"product_brand","embeddable":true,"href":"https:\/\/tourtravelandmore.com\/fr\/wp-json\/wp\/v2\/product_brand?post=104612"},{"taxonomy":"product_cat","embeddable":true,"href":"https:\/\/tourtravelandmore.com\/fr\/wp-json\/wp\/v2\/product_cat?post=104612"},{"taxonomy":"product_tag","embeddable":true,"href":"https:\/\/tourtravelandmore.com\/fr\/wp-json\/wp\/v2\/product_tag?post=104612"}],"curies":[{"name":"wp","href":"https:\/\/api.w.org\/{rel}","templated":true}]}}