{"id":104602,"date":"2020-04-06T13:21:46","date_gmt":"2020-04-06T11:21:46","guid":{"rendered":"https:\/\/tourtravelandmore.com\/tours\/non%20class\u00e9\/visite-privee-de-souzdal-et-vladimir\/"},"modified":"2021-03-22T11:00:55","modified_gmt":"2021-03-22T10:00:55","slug":"visite-privee-de-souzdal-et-vladimir","status":"publish","type":"product","link":"https:\/\/tourtravelandmore.com\/fr\/tours\/russie-fr\/moscow-fr\/visite-privee-de-souzdal-et-vladimir\/","title":{"rendered":"Visite priv\u00e9e de Souzdal et Vladimir"},"content":{"rendered":"<h2>Description:<\/h2>\n<p>Venez avec nous et profitez de cette excursion priv\u00e9e d&#8217;une journ\u00e9e compl\u00e8te au d\u00e9part de Moscou. D\u00e9couvrez deux des villes les plus embl\u00e9matiques de l&#8217;Anneau d&#8217;Or de Russie; Vladimir et Souzdal. Saisissez une chance merveilleuse et profitez de cette visite priv\u00e9e de Souzdal et Vladimir (anneau d&#8217;or).<\/p>\n<p>Profitez de cette occasion pour d\u00e9couvrir Souzdal. C&#8217;est l&#8217;une des plus anciennes villes russes. Profitez \u00e9galement de Vladimir, l&#8217;une des capitales m\u00e9di\u00e9vales de la Russie. Avec votre propre guide et v\u00e9hicule officiel priv\u00e9, vous pouvez personnaliser votre propre exp\u00e9rience.<\/p>\n<h2>Sites d&#8217;int\u00e9r\u00eat et monuments<\/h2>\n<p>Au cours de votre visite priv\u00e9e d&#8217;une journ\u00e9e, vous visiterez deux des sites les plus c\u00e9l\u00e8bres de l&#8217;anneau d&#8217;or. Voici Vladimir et Souzdal.<\/p>\n<p>Notre chauffeur et guide viendront vous chercher \u00e0 l&#8217;heure souhait\u00e9e dans votre h\u00f4tel ou lieu de votre choix dans la ville et lanceront votre excursion priv\u00e9e d&#8217;une journ\u00e9e. Votre guide priv\u00e9 vous racontera l&#8217;histoire, le patrimoine et les traditions de ces deux villes historiques. Tout cela pendant que vous \u00eates confortablement assis dans votre v\u00e9hicule priv\u00e9.<\/p>\n<p>Votre premier arr\u00eat sera Vladimir. La premi\u00e8re ville de l&#8217;anneau d&#8217;or, situ\u00e9e \u00e0 190 km de Moscou. Fond\u00e9 \u00e0 l&#8217;aube du 12\u00e8me si\u00e8cle sur une falaise au-dessus de la rivi\u00e8re Klyazma. Vladimir est devenu le berceau de l&#8217;histoire russe lorsque le prince Andrei Bogolyubsky y a d\u00e9m\u00e9nag\u00e9 sa capitale de Kiev en 1169. Ainsi a commenc\u00e9 l&#8217;\u00e2ge d&#8217;or de Vladimir. C&#8217;est \u00e0 ce moment-l\u00e0 que de nombreux b\u00e2timents en pierre blanche magnifiquement sculpt\u00e9s qui font la renomm\u00e9e de la r\u00e9gion ont \u00e9t\u00e9 construits par Bogolyubsky et son fr\u00e8re, le prince Vsevolod le grand nid. Lors de votre visite \u00e0 Vladimir, vous visiterez la cath\u00e9drale de l&#8217;Assomption et ses fresques. C&#8217;est le temple principal de la ville et un site du patrimoine mondial de l&#8217;UNESCO et la cath\u00e9drale de Saint-D\u00e9m\u00e9trius.<\/p>\n<p>Apr\u00e8s avoir visit\u00e9 Vladimir, vous continuerez votre voyage de 35 km jusqu&#8217;\u00e0 Souzdal.<\/p>\n<p>Votre premier arr\u00eat sera au mus\u00e9e de l&#8217;architecture en bois. Il conserve de nombreux exemples d&#8217;architecture ancienne en bois et est consid\u00e9r\u00e9 comme un petit coin de la Russie ancienne classique. Avant d&#8217;arriver \u00e0 la ville, vous vous arr\u00eaterez \u00e0 un point panoramique pour profiter d&#8217;une vue sur Souzdal. Une fois dans la ville, vous visiterez le Kremlin de Souzdal. C&#8217;est la partie la plus ancienne de Souzdal qui a jet\u00e9 les bases de la colonie. Ce complexe architectural est entour\u00e9 de murs en terre du XIe si\u00e8cle bien conserv\u00e9s. Parmi certains sites \u00e0 l&#8217;int\u00e9rieur du Kremlin, vous pourrez visiter la cath\u00e9drale de la Nativit\u00e9. Il a \u00e9t\u00e9 construit \u00e0 l&#8217;origine en 1222-1225 sur le site d&#8217;une ancienne \u00e9glise \u00e9rig\u00e9e par Vladimir Monomakh au XIe si\u00e8cle. Aujourd&#8217;hui, c&#8217;est un patrimoine mondial de l&#8217;UNESCO, le couvent de l&#8217;intercession. Et le monast\u00e8re de Notre Sauveur et Saint-Euthyme, fond\u00e9 en 1352 par Boris Konstantinovich.<\/p>\n<p>L&#8217;itin\u00e9raire final de votre visite priv\u00e9e au d\u00e9part de Moscou est absolument adaptable \u00e0 vos propres int\u00e9r\u00eats et go\u00fbts. Le chauffeur et le guide seront \u00e0 votre enti\u00e8re disposition pendant toute la dur\u00e9e de cette visite priv\u00e9e de Suzdal et Vladimir.<\/p>\n<p>Jetez un \u0153il \u00e0 toutes les visites priv\u00e9es que nous proposons \u00e0 Moscou en cliquant ici!<\/p>\n","protected":false},"excerpt":{"rendered":"<p>Profitez au maximum de votre visite \u00e0 Moscou et visitez deux villes historiques de l&#8217;anneau d&#8217;or de la Russie, Souzdal et Vladimir. Visite priv\u00e9e de Souzdal et Vladimir (anneau d&#8217;or). Guide touristique officiel priv\u00e9 et chauffeur en v\u00e9hicule priv\u00e9.<\/p>\n","protected":false},"featured_media":97477,"comment_status":"open","ping_status":"closed","template":"","meta":{"_acf_changed":false},"product_brand":[],"product_cat":[3739,3825],"product_tag":[],"class_list":{"0":"post-104602","1":"product","2":"type-product","3":"status-publish","4":"has-post-thumbnail","6":"product_cat-russie-fr","7":"product_cat-moscow-fr","9":"first","10":"instock","11":"shipping-taxable","12":"purchasable","13":"product-type-simple"},"acf":[],"yoast_head":"<!-- This site is optimized with the Yoast SEO Premium plugin v25.3.1 (Yoast SEO v25.3.1) - https:\/\/yoast.com\/wordpress\/plugins\/seo\/ -->\n<title>Visite priv\u00e9e de Souzdal et Vladimir (anneau d&#039;or) - Guide priv\u00e9 et chauffeur<\/title>\n<meta name=\"description\" content=\"Profitez au maximum de votre visite \u00e0 Moscou et visitez deux villes historiques de l&#039;anneau d&#039;or de la Russie, Souzdal et Vladimir. Visite priv\u00e9e de Souzdal et Vladimir.\" \/>\n<meta name=\"robots\" content=\"index, follow, max-snippet:-1, max-image-preview:large, max-video-preview:-1\" \/>\n<link rel=\"canonical\" href=\"https:\/\/tourtravelandmore.com\/fr\/tours\/russie-fr\/moscow-fr\/visite-privee-de-souzdal-et-vladimir\/\" \/>\n<meta property=\"og:locale\" content=\"fr_FR\" \/>\n<meta property=\"og:type\" content=\"article\" \/>\n<meta property=\"og:title\" content=\"Visite priv\u00e9e de Souzdal et Vladimir\" \/>\n<meta property=\"og:description\" content=\"Profitez au maximum de votre visite \u00e0 Moscou et visitez deux villes historiques de l&#039;anneau d&#039;or de la Russie, Souzdal et Vladimir. Visite priv\u00e9e de Souzdal et Vladimir.\" \/>\n<meta property=\"og:url\" content=\"https:\/\/tourtravelandmore.com\/fr\/tours\/russie-fr\/moscow-fr\/visite-privee-de-souzdal-et-vladimir\/\" \/>\n<meta property=\"og:site_name\" content=\"Tour Travel And More\" \/>\n<meta property=\"article:publisher\" content=\"https:\/\/www.facebook.com\/tourtravelandmore\/\" \/>\n<meta property=\"article:modified_time\" content=\"2021-03-22T10:00:55+00:00\" \/>\n<meta property=\"og:image\" content=\"https:\/\/tourtravelandmore.com\/wp-content\/uploads\/2020\/04\/suzdal-2262448_1280.jpg\" \/>\n\t<meta property=\"og:image:width\" content=\"1280\" \/>\n\t<meta property=\"og:image:height\" content=\"960\" \/>\n\t<meta property=\"og:image:type\" content=\"image\/jpeg\" \/>\n<meta name=\"twitter:card\" content=\"summary_large_image\" \/>\n<meta name=\"twitter:site\" content=\"@TourTravel_More\" \/>\n<meta name=\"twitter:label1\" content=\"Dur\u00e9e de lecture estim\u00e9e\" \/>\n\t<meta name=\"twitter:data1\" content=\"3 minutes\" \/>\n<script type=\"application\/ld+json\" class=\"yoast-schema-graph\">{\"@context\":\"https:\/\/schema.org\",\"@graph\":[{\"@type\":\"WebPage\",\"@id\":\"https:\/\/tourtravelandmore.com\/fr\/tours\/russie-fr\/moscow-fr\/visite-privee-de-souzdal-et-vladimir\/\",\"url\":\"https:\/\/tourtravelandmore.com\/fr\/tours\/russie-fr\/moscow-fr\/visite-privee-de-souzdal-et-vladimir\/\",\"name\":\"Visite priv\u00e9e de Souzdal et Vladimir (anneau d'or) - Guide priv\u00e9 et chauffeur\",\"isPartOf\":{\"@id\":\"https:\/\/tourtravelandmore.com\/fr\/#website\"},\"primaryImageOfPage\":{\"@id\":\"https:\/\/tourtravelandmore.com\/fr\/tours\/russie-fr\/moscow-fr\/visite-privee-de-souzdal-et-vladimir\/#primaryimage\"},\"image\":{\"@id\":\"https:\/\/tourtravelandmore.com\/fr\/tours\/russie-fr\/moscow-fr\/visite-privee-de-souzdal-et-vladimir\/#primaryimage\"},\"thumbnailUrl\":\"https:\/\/tourtravelandmore.com\/wp-content\/uploads\/2020\/04\/suzdal-2262448_1280.jpg\",\"datePublished\":\"2020-04-06T11:21:46+00:00\",\"dateModified\":\"2021-03-22T10:00:55+00:00\",\"description\":\"Profitez au maximum de votre visite \u00e0 Moscou et visitez deux villes historiques de l'anneau d'or de la Russie, Souzdal et Vladimir. Visite priv\u00e9e de Souzdal et Vladimir.\",\"breadcrumb\":{\"@id\":\"https:\/\/tourtravelandmore.com\/fr\/tours\/russie-fr\/moscow-fr\/visite-privee-de-souzdal-et-vladimir\/#breadcrumb\"},\"inLanguage\":\"fr-FR\",\"potentialAction\":[{\"@type\":\"ReadAction\",\"target\":[\"https:\/\/tourtravelandmore.com\/fr\/tours\/russie-fr\/moscow-fr\/visite-privee-de-souzdal-et-vladimir\/\"]}]},{\"@type\":\"ImageObject\",\"inLanguage\":\"fr-FR\",\"@id\":\"https:\/\/tourtravelandmore.com\/fr\/tours\/russie-fr\/moscow-fr\/visite-privee-de-souzdal-et-vladimir\/#primaryimage\",\"url\":\"https:\/\/tourtravelandmore.com\/wp-content\/uploads\/2020\/04\/suzdal-2262448_1280.jpg\",\"contentUrl\":\"https:\/\/tourtravelandmore.com\/wp-content\/uploads\/2020\/04\/suzdal-2262448_1280.jpg\",\"width\":1280,\"height\":960},{\"@type\":\"BreadcrumbList\",\"@id\":\"https:\/\/tourtravelandmore.com\/fr\/tours\/russie-fr\/moscow-fr\/visite-privee-de-souzdal-et-vladimir\/#breadcrumb\",\"itemListElement\":[{\"@type\":\"ListItem\",\"position\":1,\"name\":\"Home\",\"item\":\"https:\/\/tourtravelandmore.com\/fr\/\"},{\"@type\":\"ListItem\",\"position\":2,\"name\":\"Tours\",\"item\":\"https:\/\/tourtravelandmore.com\/fr\/tours\/\"},{\"@type\":\"ListItem\",\"position\":3,\"name\":\"Visite priv\u00e9e de Souzdal et Vladimir\"}]},{\"@type\":\"WebSite\",\"@id\":\"https:\/\/tourtravelandmore.com\/fr\/#website\",\"url\":\"https:\/\/tourtravelandmore.com\/fr\/\",\"name\":\"Tour Travel And More\",\"description\":\"Private sightseeing tours and luxury transfers in Spain\",\"publisher\":{\"@id\":\"https:\/\/tourtravelandmore.com\/fr\/#organization\"},\"potentialAction\":[{\"@type\":\"SearchAction\",\"target\":{\"@type\":\"EntryPoint\",\"urlTemplate\":\"https:\/\/tourtravelandmore.com\/fr\/?s={search_term_string}\"},\"query-input\":{\"@type\":\"PropertyValueSpecification\",\"valueRequired\":true,\"valueName\":\"search_term_string\"}}],\"inLanguage\":\"fr-FR\"},{\"@type\":\"Organization\",\"@id\":\"https:\/\/tourtravelandmore.com\/fr\/#organization\",\"name\":\"Tour Travel And More\",\"url\":\"https:\/\/tourtravelandmore.com\/fr\/\",\"logo\":{\"@type\":\"ImageObject\",\"inLanguage\":\"fr-FR\",\"@id\":\"https:\/\/tourtravelandmore.com\/fr\/#\/schema\/logo\/image\/\",\"url\":\"https:\/\/tourtravelandmore.com\/wp-content\/uploads\/2022\/12\/cropped-logo-cabecera-new.png\",\"contentUrl\":\"https:\/\/tourtravelandmore.com\/wp-content\/uploads\/2022\/12\/cropped-logo-cabecera-new.png\",\"width\":430,\"height\":61,\"caption\":\"Tour Travel And More\"},\"image\":{\"@id\":\"https:\/\/tourtravelandmore.com\/fr\/#\/schema\/logo\/image\/\"},\"sameAs\":[\"https:\/\/www.facebook.com\/tourtravelandmore\/\",\"https:\/\/x.com\/TourTravel_More\"]}]}<\/script>\n<!-- \/ Yoast SEO Premium plugin. -->","yoast_head_json":{"title":"Visite priv\u00e9e de Souzdal et Vladimir (anneau d'or) - Guide priv\u00e9 et chauffeur","description":"Profitez au maximum de votre visite \u00e0 Moscou et visitez deux villes historiques de l'anneau d'or de la Russie, Souzdal et Vladimir. Visite priv\u00e9e de Souzdal et Vladimir.","robots":{"index":"index","follow":"follow","max-snippet":"max-snippet:-1","max-image-preview":"max-image-preview:large","max-video-preview":"max-video-preview:-1"},"canonical":"https:\/\/tourtravelandmore.com\/fr\/tours\/russie-fr\/moscow-fr\/visite-privee-de-souzdal-et-vladimir\/","og_locale":"fr_FR","og_type":"article","og_title":"Visite priv\u00e9e de Souzdal et Vladimir","og_description":"Profitez au maximum de votre visite \u00e0 Moscou et visitez deux villes historiques de l'anneau d'or de la Russie, Souzdal et Vladimir. Visite priv\u00e9e de Souzdal et Vladimir.","og_url":"https:\/\/tourtravelandmore.com\/fr\/tours\/russie-fr\/moscow-fr\/visite-privee-de-souzdal-et-vladimir\/","og_site_name":"Tour Travel And More","article_publisher":"https:\/\/www.facebook.com\/tourtravelandmore\/","article_modified_time":"2021-03-22T10:00:55+00:00","og_image":[{"width":1280,"height":960,"url":"https:\/\/tourtravelandmore.com\/wp-content\/uploads\/2020\/04\/suzdal-2262448_1280.jpg","type":"image\/jpeg"}],"twitter_card":"summary_large_image","twitter_site":"@TourTravel_More","twitter_misc":{"Dur\u00e9e de lecture estim\u00e9e":"3 minutes"},"schema":{"@context":"https:\/\/schema.org","@graph":[{"@type":"WebPage","@id":"https:\/\/tourtravelandmore.com\/fr\/tours\/russie-fr\/moscow-fr\/visite-privee-de-souzdal-et-vladimir\/","url":"https:\/\/tourtravelandmore.com\/fr\/tours\/russie-fr\/moscow-fr\/visite-privee-de-souzdal-et-vladimir\/","name":"Visite priv\u00e9e de Souzdal et Vladimir (anneau d'or) - Guide priv\u00e9 et chauffeur","isPartOf":{"@id":"https:\/\/tourtravelandmore.com\/fr\/#website"},"primaryImageOfPage":{"@id":"https:\/\/tourtravelandmore.com\/fr\/tours\/russie-fr\/moscow-fr\/visite-privee-de-souzdal-et-vladimir\/#primaryimage"},"image":{"@id":"https:\/\/tourtravelandmore.com\/fr\/tours\/russie-fr\/moscow-fr\/visite-privee-de-souzdal-et-vladimir\/#primaryimage"},"thumbnailUrl":"https:\/\/tourtravelandmore.com\/wp-content\/uploads\/2020\/04\/suzdal-2262448_1280.jpg","datePublished":"2020-04-06T11:21:46+00:00","dateModified":"2021-03-22T10:00:55+00:00","description":"Profitez au maximum de votre visite \u00e0 Moscou et visitez deux villes historiques de l'anneau d'or de la Russie, Souzdal et Vladimir. Visite priv\u00e9e de Souzdal et Vladimir.","breadcrumb":{"@id":"https:\/\/tourtravelandmore.com\/fr\/tours\/russie-fr\/moscow-fr\/visite-privee-de-souzdal-et-vladimir\/#breadcrumb"},"inLanguage":"fr-FR","potentialAction":[{"@type":"ReadAction","target":["https:\/\/tourtravelandmore.com\/fr\/tours\/russie-fr\/moscow-fr\/visite-privee-de-souzdal-et-vladimir\/"]}]},{"@type":"ImageObject","inLanguage":"fr-FR","@id":"https:\/\/tourtravelandmore.com\/fr\/tours\/russie-fr\/moscow-fr\/visite-privee-de-souzdal-et-vladimir\/#primaryimage","url":"https:\/\/tourtravelandmore.com\/wp-content\/uploads\/2020\/04\/suzdal-2262448_1280.jpg","contentUrl":"https:\/\/tourtravelandmore.com\/wp-content\/uploads\/2020\/04\/suzdal-2262448_1280.jpg","width":1280,"height":960},{"@type":"BreadcrumbList","@id":"https:\/\/tourtravelandmore.com\/fr\/tours\/russie-fr\/moscow-fr\/visite-privee-de-souzdal-et-vladimir\/#breadcrumb","itemListElement":[{"@type":"ListItem","position":1,"name":"Home","item":"https:\/\/tourtravelandmore.com\/fr\/"},{"@type":"ListItem","position":2,"name":"Tours","item":"https:\/\/tourtravelandmore.com\/fr\/tours\/"},{"@type":"ListItem","position":3,"name":"Visite priv\u00e9e de Souzdal et Vladimir"}]},{"@type":"WebSite","@id":"https:\/\/tourtravelandmore.com\/fr\/#website","url":"https:\/\/tourtravelandmore.com\/fr\/","name":"Tour Travel And More","description":"Private sightseeing tours and luxury transfers in Spain","publisher":{"@id":"https:\/\/tourtravelandmore.com\/fr\/#organization"},"potentialAction":[{"@type":"SearchAction","target":{"@type":"EntryPoint","urlTemplate":"https:\/\/tourtravelandmore.com\/fr\/?s={search_term_string}"},"query-input":{"@type":"PropertyValueSpecification","valueRequired":true,"valueName":"search_term_string"}}],"inLanguage":"fr-FR"},{"@type":"Organization","@id":"https:\/\/tourtravelandmore.com\/fr\/#organization","name":"Tour Travel And More","url":"https:\/\/tourtravelandmore.com\/fr\/","logo":{"@type":"ImageObject","inLanguage":"fr-FR","@id":"https:\/\/tourtravelandmore.com\/fr\/#\/schema\/logo\/image\/","url":"https:\/\/tourtravelandmore.com\/wp-content\/uploads\/2022\/12\/cropped-logo-cabecera-new.png","contentUrl":"https:\/\/tourtravelandmore.com\/wp-content\/uploads\/2022\/12\/cropped-logo-cabecera-new.png","width":430,"height":61,"caption":"Tour Travel And More"},"image":{"@id":"https:\/\/tourtravelandmore.com\/fr\/#\/schema\/logo\/image\/"},"sameAs":["https:\/\/www.facebook.com\/tourtravelandmore\/","https:\/\/x.com\/TourTravel_More"]}]}},"_links":{"self":[{"href":"https:\/\/tourtravelandmore.com\/fr\/wp-json\/wp\/v2\/product\/104602","targetHints":{"allow":["GET"]}}],"collection":[{"href":"https:\/\/tourtravelandmore.com\/fr\/wp-json\/wp\/v2\/product"}],"about":[{"href":"https:\/\/tourtravelandmore.com\/fr\/wp-json\/wp\/v2\/types\/product"}],"replies":[{"embeddable":true,"href":"https:\/\/tourtravelandmore.com\/fr\/wp-json\/wp\/v2\/comments?post=104602"}],"wp:featuredmedia":[{"embeddable":true,"href":"https:\/\/tourtravelandmore.com\/fr\/wp-json\/wp\/v2\/media\/97477"}],"wp:attachment":[{"href":"https:\/\/tourtravelandmore.com\/fr\/wp-json\/wp\/v2\/media?parent=104602"}],"wp:term":[{"taxonomy":"product_brand","embeddable":true,"href":"https:\/\/tourtravelandmore.com\/fr\/wp-json\/wp\/v2\/product_brand?post=104602"},{"taxonomy":"product_cat","embeddable":true,"href":"https:\/\/tourtravelandmore.com\/fr\/wp-json\/wp\/v2\/product_cat?post=104602"},{"taxonomy":"product_tag","embeddable":true,"href":"https:\/\/tourtravelandmore.com\/fr\/wp-json\/wp\/v2\/product_tag?post=104602"}],"curies":[{"name":"wp","href":"https:\/\/api.w.org\/{rel}","templated":true}]}}