{"id":104596,"date":"2020-04-06T12:56:14","date_gmt":"2020-04-06T10:56:14","guid":{"rendered":"https:\/\/tourtravelandmore.com\/tours\/non%20class\u00e9\/transfert-prive-a-moscou\/"},"modified":"2021-03-22T10:58:49","modified_gmt":"2021-03-22T09:58:49","slug":"transfert-prive-a-moscou","status":"publish","type":"product","link":"https:\/\/tourtravelandmore.com\/fr\/tours\/russie-fr\/moscow-fr\/transfert-prive-a-moscou\/","title":{"rendered":"Transfert priv\u00e9 \u00e0 Moscou"},"content":{"rendered":"<h2>Description:<\/h2>\n<p>Chez Tour Travet &amp; More, nous proposons un transfert priv\u00e9 sans tracas \u00e0 Moscou. Contactez l&#8217;un de nos experts en voyages pour organiser le transfert parfait pour vous.<\/p>\n<p>Nos transferts priv\u00e9s peuvent \u00eatre de n&#8217;importe quel endroit que vous souhaitez. Nous pouvons organiser des transferts priv\u00e9s \u00e0 l&#8217;arriv\u00e9e et au d\u00e9part de l&#8217;a\u00e9roport par exemple. Nous vous attendrons \u00e0 votre arriv\u00e9e et apr\u00e8s avoir r\u00e9cup\u00e9r\u00e9 vos bagages. Le d\u00e9p\u00f4t peut se faire \u00e0 n&#8217;importe quel endroit de votre choix dans la ville de Moscou.<\/p>\n<p>Nous pouvons \u00e9galement organiser tout type de transfert priv\u00e9 que vous souhaitez. Cela peut \u00eatre des mus\u00e9es, des activit\u00e9s, des transferts pour le d\u00eener ou tout ce \u00e0 quoi vous pouvez penser.<\/p>\n<p>Pour tous nos transferts priv\u00e9s, nous ne limitons pas le nombre de bagages que vous pouvez apporter. Nous aurions besoin de savoir si vous aurez plus d&#8217;un bagage. De cette fa\u00e7on, nous pouvons organiser le v\u00e9hicule correspondant pour vous. N&#8217;oubliez pas que nous avons \u00e9galement des si\u00e8ges pour enfants \u00e0 votre disposition. Prenez l&#8217;un de nos transferts priv\u00e9s \u00e0 Moscou pour une exp\u00e9rience confortable!<\/p>\n<h2>Sites d&#8217;int\u00e9r\u00eat et monuments<\/h2>\n<p>Moscou, la ville la plus peupl\u00e9e d&#8217;Europe, est la capitale de la Russie et est situ\u00e9e \u00e0 l&#8217;extr\u00eame ouest du pays sur la rivi\u00e8re Moskva. Il a une population de plus de 11 millions d&#8217;habitants, soit environ un dixi\u00e8me de l&#8217;ensemble de la population russe. Moscou a une structure radiale et la rocade des jardins d\u00e9finit le centre de la ville. Un boulevard p\u00e9riph\u00e9rique plus petit d\u00e9finit le centre-ville de la ville.<\/p>\n<p>Il y a tellement de choses \u00e0 voir et \u00e0 appr\u00e9cier dans cette belle ville. Par exemple la place rouge, le Kremlin de Moscou, la cath\u00e9drale Saint-Basile entre autres &#8230;<\/p>\n<p>D\u00e9couvrez toutes les options de nos visites priv\u00e9es ici! Nous pouvons \u00e9galement organiser toute exp\u00e9rience sur mesure pour vous.<\/p>\n","protected":false},"excerpt":{"rendered":"<p>Profitez de notre moyen confortable d&#8217;arriver \u00e0 votre destination finale \u00e0 Moscou, nos v\u00e9hicules priv\u00e9s et nos chauffeurs professionnels vous offriront une exp\u00e9rience sans souci. Transfert priv\u00e9 \u00e0 Moscou.<\/p>\n","protected":false},"featured_media":95809,"comment_status":"open","ping_status":"closed","template":"","meta":{"_acf_changed":false},"product_brand":[],"product_cat":[3739,3825],"product_tag":[],"class_list":{"0":"post-104596","1":"product","2":"type-product","3":"status-publish","4":"has-post-thumbnail","6":"product_cat-russie-fr","7":"product_cat-moscow-fr","9":"first","10":"instock","11":"shipping-taxable","12":"purchasable","13":"product-type-simple"},"acf":[],"yoast_head":"<!-- This site is optimized with the Yoast SEO Premium plugin v25.3.1 (Yoast SEO v25.3.1) - https:\/\/yoast.com\/wordpress\/plugins\/seo\/ -->\n<title>Arriv\u00e9e ou d\u00e9part priv\u00e9 - V\u00e9hicules de luxe - Transfert priv\u00e9 \u00e0 Moscou<\/title>\n<meta name=\"description\" content=\"Profitez de notre moyen confortable d&#039;arriver \u00e0 votre destination finale \u00e0 Moscou, de nos v\u00e9hicules priv\u00e9s et de nos chauffeurs professionnels. Transfert priv\u00e9 \u00e0 Moscou\" \/>\n<meta name=\"robots\" content=\"index, follow, max-snippet:-1, max-image-preview:large, max-video-preview:-1\" \/>\n<link rel=\"canonical\" href=\"https:\/\/tourtravelandmore.com\/fr\/tours\/russie-fr\/moscow-fr\/transfert-prive-a-moscou\/\" \/>\n<meta property=\"og:locale\" content=\"fr_FR\" \/>\n<meta property=\"og:type\" content=\"article\" \/>\n<meta property=\"og:title\" content=\"Transfert priv\u00e9 \u00e0 Moscou\" \/>\n<meta property=\"og:description\" content=\"Profitez de notre moyen confortable d&#039;arriver \u00e0 votre destination finale \u00e0 Moscou, de nos v\u00e9hicules priv\u00e9s et de nos chauffeurs professionnels. Transfert priv\u00e9 \u00e0 Moscou\" \/>\n<meta property=\"og:url\" content=\"https:\/\/tourtravelandmore.com\/fr\/tours\/russie-fr\/moscow-fr\/transfert-prive-a-moscou\/\" \/>\n<meta property=\"og:site_name\" content=\"Tour Travel And More\" \/>\n<meta property=\"article:publisher\" content=\"https:\/\/www.facebook.com\/tourtravelandmore\/\" \/>\n<meta property=\"article:modified_time\" content=\"2021-03-22T09:58:49+00:00\" \/>\n<meta property=\"og:image\" content=\"https:\/\/tourtravelandmore.com\/wp-content\/uploads\/2016\/11\/TrasladoAlicante-1.png\" \/>\n\t<meta property=\"og:image:width\" content=\"640\" \/>\n\t<meta property=\"og:image:height\" content=\"425\" \/>\n\t<meta property=\"og:image:type\" content=\"image\/png\" \/>\n<meta name=\"twitter:card\" content=\"summary_large_image\" \/>\n<meta name=\"twitter:site\" content=\"@TourTravel_More\" \/>\n<meta name=\"twitter:label1\" content=\"Dur\u00e9e de lecture estim\u00e9e\" \/>\n\t<meta name=\"twitter:data1\" content=\"2 minutes\" \/>\n<script type=\"application\/ld+json\" class=\"yoast-schema-graph\">{\"@context\":\"https:\/\/schema.org\",\"@graph\":[{\"@type\":\"WebPage\",\"@id\":\"https:\/\/tourtravelandmore.com\/fr\/tours\/russie-fr\/moscow-fr\/transfert-prive-a-moscou\/\",\"url\":\"https:\/\/tourtravelandmore.com\/fr\/tours\/russie-fr\/moscow-fr\/transfert-prive-a-moscou\/\",\"name\":\"Arriv\u00e9e ou d\u00e9part priv\u00e9 - V\u00e9hicules de luxe - Transfert priv\u00e9 \u00e0 Moscou\",\"isPartOf\":{\"@id\":\"https:\/\/tourtravelandmore.com\/fr\/#website\"},\"primaryImageOfPage\":{\"@id\":\"https:\/\/tourtravelandmore.com\/fr\/tours\/russie-fr\/moscow-fr\/transfert-prive-a-moscou\/#primaryimage\"},\"image\":{\"@id\":\"https:\/\/tourtravelandmore.com\/fr\/tours\/russie-fr\/moscow-fr\/transfert-prive-a-moscou\/#primaryimage\"},\"thumbnailUrl\":\"https:\/\/tourtravelandmore.com\/wp-content\/uploads\/2016\/11\/TrasladoAlicante-1.png\",\"datePublished\":\"2020-04-06T10:56:14+00:00\",\"dateModified\":\"2021-03-22T09:58:49+00:00\",\"description\":\"Profitez de notre moyen confortable d'arriver \u00e0 votre destination finale \u00e0 Moscou, de nos v\u00e9hicules priv\u00e9s et de nos chauffeurs professionnels. Transfert priv\u00e9 \u00e0 Moscou\",\"breadcrumb\":{\"@id\":\"https:\/\/tourtravelandmore.com\/fr\/tours\/russie-fr\/moscow-fr\/transfert-prive-a-moscou\/#breadcrumb\"},\"inLanguage\":\"fr-FR\",\"potentialAction\":[{\"@type\":\"ReadAction\",\"target\":[\"https:\/\/tourtravelandmore.com\/fr\/tours\/russie-fr\/moscow-fr\/transfert-prive-a-moscou\/\"]}]},{\"@type\":\"ImageObject\",\"inLanguage\":\"fr-FR\",\"@id\":\"https:\/\/tourtravelandmore.com\/fr\/tours\/russie-fr\/moscow-fr\/transfert-prive-a-moscou\/#primaryimage\",\"url\":\"https:\/\/tourtravelandmore.com\/wp-content\/uploads\/2016\/11\/TrasladoAlicante-1.png\",\"contentUrl\":\"https:\/\/tourtravelandmore.com\/wp-content\/uploads\/2016\/11\/TrasladoAlicante-1.png\",\"width\":640,\"height\":425},{\"@type\":\"BreadcrumbList\",\"@id\":\"https:\/\/tourtravelandmore.com\/fr\/tours\/russie-fr\/moscow-fr\/transfert-prive-a-moscou\/#breadcrumb\",\"itemListElement\":[{\"@type\":\"ListItem\",\"position\":1,\"name\":\"Home\",\"item\":\"https:\/\/tourtravelandmore.com\/fr\/\"},{\"@type\":\"ListItem\",\"position\":2,\"name\":\"Tours\",\"item\":\"https:\/\/tourtravelandmore.com\/fr\/tours\/\"},{\"@type\":\"ListItem\",\"position\":3,\"name\":\"Transfert priv\u00e9 \u00e0 Moscou\"}]},{\"@type\":\"WebSite\",\"@id\":\"https:\/\/tourtravelandmore.com\/fr\/#website\",\"url\":\"https:\/\/tourtravelandmore.com\/fr\/\",\"name\":\"Tour Travel And More\",\"description\":\"Private sightseeing tours and luxury transfers in Spain\",\"publisher\":{\"@id\":\"https:\/\/tourtravelandmore.com\/fr\/#organization\"},\"potentialAction\":[{\"@type\":\"SearchAction\",\"target\":{\"@type\":\"EntryPoint\",\"urlTemplate\":\"https:\/\/tourtravelandmore.com\/fr\/?s={search_term_string}\"},\"query-input\":{\"@type\":\"PropertyValueSpecification\",\"valueRequired\":true,\"valueName\":\"search_term_string\"}}],\"inLanguage\":\"fr-FR\"},{\"@type\":\"Organization\",\"@id\":\"https:\/\/tourtravelandmore.com\/fr\/#organization\",\"name\":\"Tour Travel And More\",\"url\":\"https:\/\/tourtravelandmore.com\/fr\/\",\"logo\":{\"@type\":\"ImageObject\",\"inLanguage\":\"fr-FR\",\"@id\":\"https:\/\/tourtravelandmore.com\/fr\/#\/schema\/logo\/image\/\",\"url\":\"https:\/\/tourtravelandmore.com\/wp-content\/uploads\/2022\/12\/cropped-logo-cabecera-new.png\",\"contentUrl\":\"https:\/\/tourtravelandmore.com\/wp-content\/uploads\/2022\/12\/cropped-logo-cabecera-new.png\",\"width\":430,\"height\":61,\"caption\":\"Tour Travel And More\"},\"image\":{\"@id\":\"https:\/\/tourtravelandmore.com\/fr\/#\/schema\/logo\/image\/\"},\"sameAs\":[\"https:\/\/www.facebook.com\/tourtravelandmore\/\",\"https:\/\/x.com\/TourTravel_More\"]}]}<\/script>\n<!-- \/ Yoast SEO Premium plugin. -->","yoast_head_json":{"title":"Arriv\u00e9e ou d\u00e9part priv\u00e9 - V\u00e9hicules de luxe - Transfert priv\u00e9 \u00e0 Moscou","description":"Profitez de notre moyen confortable d'arriver \u00e0 votre destination finale \u00e0 Moscou, de nos v\u00e9hicules priv\u00e9s et de nos chauffeurs professionnels. Transfert priv\u00e9 \u00e0 Moscou","robots":{"index":"index","follow":"follow","max-snippet":"max-snippet:-1","max-image-preview":"max-image-preview:large","max-video-preview":"max-video-preview:-1"},"canonical":"https:\/\/tourtravelandmore.com\/fr\/tours\/russie-fr\/moscow-fr\/transfert-prive-a-moscou\/","og_locale":"fr_FR","og_type":"article","og_title":"Transfert priv\u00e9 \u00e0 Moscou","og_description":"Profitez de notre moyen confortable d'arriver \u00e0 votre destination finale \u00e0 Moscou, de nos v\u00e9hicules priv\u00e9s et de nos chauffeurs professionnels. Transfert priv\u00e9 \u00e0 Moscou","og_url":"https:\/\/tourtravelandmore.com\/fr\/tours\/russie-fr\/moscow-fr\/transfert-prive-a-moscou\/","og_site_name":"Tour Travel And More","article_publisher":"https:\/\/www.facebook.com\/tourtravelandmore\/","article_modified_time":"2021-03-22T09:58:49+00:00","og_image":[{"width":640,"height":425,"url":"https:\/\/tourtravelandmore.com\/wp-content\/uploads\/2016\/11\/TrasladoAlicante-1.png","type":"image\/png"}],"twitter_card":"summary_large_image","twitter_site":"@TourTravel_More","twitter_misc":{"Dur\u00e9e de lecture estim\u00e9e":"2 minutes"},"schema":{"@context":"https:\/\/schema.org","@graph":[{"@type":"WebPage","@id":"https:\/\/tourtravelandmore.com\/fr\/tours\/russie-fr\/moscow-fr\/transfert-prive-a-moscou\/","url":"https:\/\/tourtravelandmore.com\/fr\/tours\/russie-fr\/moscow-fr\/transfert-prive-a-moscou\/","name":"Arriv\u00e9e ou d\u00e9part priv\u00e9 - V\u00e9hicules de luxe - Transfert priv\u00e9 \u00e0 Moscou","isPartOf":{"@id":"https:\/\/tourtravelandmore.com\/fr\/#website"},"primaryImageOfPage":{"@id":"https:\/\/tourtravelandmore.com\/fr\/tours\/russie-fr\/moscow-fr\/transfert-prive-a-moscou\/#primaryimage"},"image":{"@id":"https:\/\/tourtravelandmore.com\/fr\/tours\/russie-fr\/moscow-fr\/transfert-prive-a-moscou\/#primaryimage"},"thumbnailUrl":"https:\/\/tourtravelandmore.com\/wp-content\/uploads\/2016\/11\/TrasladoAlicante-1.png","datePublished":"2020-04-06T10:56:14+00:00","dateModified":"2021-03-22T09:58:49+00:00","description":"Profitez de notre moyen confortable d'arriver \u00e0 votre destination finale \u00e0 Moscou, de nos v\u00e9hicules priv\u00e9s et de nos chauffeurs professionnels. Transfert priv\u00e9 \u00e0 Moscou","breadcrumb":{"@id":"https:\/\/tourtravelandmore.com\/fr\/tours\/russie-fr\/moscow-fr\/transfert-prive-a-moscou\/#breadcrumb"},"inLanguage":"fr-FR","potentialAction":[{"@type":"ReadAction","target":["https:\/\/tourtravelandmore.com\/fr\/tours\/russie-fr\/moscow-fr\/transfert-prive-a-moscou\/"]}]},{"@type":"ImageObject","inLanguage":"fr-FR","@id":"https:\/\/tourtravelandmore.com\/fr\/tours\/russie-fr\/moscow-fr\/transfert-prive-a-moscou\/#primaryimage","url":"https:\/\/tourtravelandmore.com\/wp-content\/uploads\/2016\/11\/TrasladoAlicante-1.png","contentUrl":"https:\/\/tourtravelandmore.com\/wp-content\/uploads\/2016\/11\/TrasladoAlicante-1.png","width":640,"height":425},{"@type":"BreadcrumbList","@id":"https:\/\/tourtravelandmore.com\/fr\/tours\/russie-fr\/moscow-fr\/transfert-prive-a-moscou\/#breadcrumb","itemListElement":[{"@type":"ListItem","position":1,"name":"Home","item":"https:\/\/tourtravelandmore.com\/fr\/"},{"@type":"ListItem","position":2,"name":"Tours","item":"https:\/\/tourtravelandmore.com\/fr\/tours\/"},{"@type":"ListItem","position":3,"name":"Transfert priv\u00e9 \u00e0 Moscou"}]},{"@type":"WebSite","@id":"https:\/\/tourtravelandmore.com\/fr\/#website","url":"https:\/\/tourtravelandmore.com\/fr\/","name":"Tour Travel And More","description":"Private sightseeing tours and luxury transfers in Spain","publisher":{"@id":"https:\/\/tourtravelandmore.com\/fr\/#organization"},"potentialAction":[{"@type":"SearchAction","target":{"@type":"EntryPoint","urlTemplate":"https:\/\/tourtravelandmore.com\/fr\/?s={search_term_string}"},"query-input":{"@type":"PropertyValueSpecification","valueRequired":true,"valueName":"search_term_string"}}],"inLanguage":"fr-FR"},{"@type":"Organization","@id":"https:\/\/tourtravelandmore.com\/fr\/#organization","name":"Tour Travel And More","url":"https:\/\/tourtravelandmore.com\/fr\/","logo":{"@type":"ImageObject","inLanguage":"fr-FR","@id":"https:\/\/tourtravelandmore.com\/fr\/#\/schema\/logo\/image\/","url":"https:\/\/tourtravelandmore.com\/wp-content\/uploads\/2022\/12\/cropped-logo-cabecera-new.png","contentUrl":"https:\/\/tourtravelandmore.com\/wp-content\/uploads\/2022\/12\/cropped-logo-cabecera-new.png","width":430,"height":61,"caption":"Tour Travel And More"},"image":{"@id":"https:\/\/tourtravelandmore.com\/fr\/#\/schema\/logo\/image\/"},"sameAs":["https:\/\/www.facebook.com\/tourtravelandmore\/","https:\/\/x.com\/TourTravel_More"]}]}},"_links":{"self":[{"href":"https:\/\/tourtravelandmore.com\/fr\/wp-json\/wp\/v2\/product\/104596","targetHints":{"allow":["GET"]}}],"collection":[{"href":"https:\/\/tourtravelandmore.com\/fr\/wp-json\/wp\/v2\/product"}],"about":[{"href":"https:\/\/tourtravelandmore.com\/fr\/wp-json\/wp\/v2\/types\/product"}],"replies":[{"embeddable":true,"href":"https:\/\/tourtravelandmore.com\/fr\/wp-json\/wp\/v2\/comments?post=104596"}],"wp:featuredmedia":[{"embeddable":true,"href":"https:\/\/tourtravelandmore.com\/fr\/wp-json\/wp\/v2\/media\/95809"}],"wp:attachment":[{"href":"https:\/\/tourtravelandmore.com\/fr\/wp-json\/wp\/v2\/media?parent=104596"}],"wp:term":[{"taxonomy":"product_brand","embeddable":true,"href":"https:\/\/tourtravelandmore.com\/fr\/wp-json\/wp\/v2\/product_brand?post=104596"},{"taxonomy":"product_cat","embeddable":true,"href":"https:\/\/tourtravelandmore.com\/fr\/wp-json\/wp\/v2\/product_cat?post=104596"},{"taxonomy":"product_tag","embeddable":true,"href":"https:\/\/tourtravelandmore.com\/fr\/wp-json\/wp\/v2\/product_tag?post=104596"}],"curies":[{"name":"wp","href":"https:\/\/api.w.org\/{rel}","templated":true}]}}