{"id":104590,"date":"2020-04-06T11:19:42","date_gmt":"2020-04-06T09:19:42","guid":{"rendered":"https:\/\/tourtravelandmore.com\/tours\/non%20class\u00e9\/visite-privee-de-sergiev-posad\/"},"modified":"2021-03-22T10:57:35","modified_gmt":"2021-03-22T09:57:35","slug":"visite-privee-de-sergiev-posad","status":"publish","type":"product","link":"https:\/\/tourtravelandmore.com\/fr\/tours\/russie-fr\/moscow-fr\/visite-privee-de-sergiev-posad\/","title":{"rendered":"Visite priv\u00e9e de Sergiev Posad"},"content":{"rendered":"<h2>Description:<\/h2>\n<p>Venez avec nous et profitez de cette excursion priv\u00e9e d&#8217;une journ\u00e9e compl\u00e8te au d\u00e9part de Moscou. D\u00e9couvrez le site du patrimoine mondial de l&#8217;UNESCO Sergiev Posad. Notre visite priv\u00e9e de Sergiev Posad (anneau d&#8217;or) est une exp\u00e9rience unique pour vous.<\/p>\n<p>Profitez de cette occasion pour d\u00e9couvrir Sergiev Posad. Un centre spirituel de renomm\u00e9e mondiale de l&#8217;\u00c9glise orthodoxe russe et un site populaire de p\u00e8lerinage et de tourisme. Ayez votre propre guide et v\u00e9hicule officiel priv\u00e9 et votre disposition pendant toute la journ\u00e9e.<\/p>\n<p>Pour cette visite priv\u00e9e, attendez-vous \u00e0 une prise en charge confortable depuis votre h\u00f4tel ou lieu de votre choix \u00e0 Moscou. Votre visite priv\u00e9e de Sergiev Posad (anneau d&#8217;or) commencera ici.<\/p>\n<h2>Sites d&#8217;int\u00e9r\u00eat et monuments<\/h2>\n<p>Au cours de votre visite priv\u00e9e d&#8217;une journ\u00e9e, vous visiterez l&#8217;un des sites les plus c\u00e9l\u00e8bres en dehors de Moscou. C&#8217;est Sergiev Posad. Situ\u00e9 \u00e0 seulement 70 km de la capitale de la Russie et \u00e0 l&#8217;int\u00e9rieur du c\u00e9l\u00e8bre Anneau d&#8217;Or. Sergiev Posad h\u00e9berge un site du patrimoine mondial de l&#8217;UNESCO: l&#8217;ensemble architectural de la Trinity Sergius Lavra.<\/p>\n<p>Tout d&#8217;abord, notre chauffeur et notre guide viendront vous chercher \u00e0 l&#8217;heure souhait\u00e9e dans votre h\u00f4tel ou lieu de votre choix dans la ville et lanceront votre visite priv\u00e9e. Votre guide priv\u00e9 vous racontera l&#8217;histoire, le patrimoine et les traditions de ce c\u00e9l\u00e8bre site de p\u00e8lerinage, tandis que vous \u00eates confortablement assis dans votre v\u00e9hicule priv\u00e9.<\/p>\n<p>Seulement 10 minutes avant d&#8217;arriver \u00e0 Sergiev Posad, vous aurez une magnifique vue panoramique sur l&#8217;ensemble architectural de la Trinity Lavra. D&#8217;o\u00f9 vous pourrez en prendre de magnifiques photos.<\/p>\n<h3>Allons \u00e0 Sergiev Posad<\/h3>\n<p>Une fois \u00e0 Sergiev Posad, vous visiterez toute l&#8217;architecture. C&#8217;est un ensemble unique de plus de 50 b\u00e2timents et des constructions de diff\u00e9rentes dates ont \u00e9t\u00e9 \u00e9tablies. L&#8217;ensemble du complexe a \u00e9t\u00e9 construit selon le concept architectural de l&#8217;\u00e9glise principale, la cath\u00e9drale de la Trinit\u00e9 (1422).<\/p>\n<p>Lors de votre visite, vous pourrez visiter la cath\u00e9drale de la Trinit\u00e9, les reliques de Saint-Serge, la chapelle sur le puits. Il s&#8217;agit d&#8217;une structure vertigineuse sculpt\u00e9e de fleurs, de vignes et d&#8217;arabesques bleues. Il est construit sur une source d\u00e9couverte en 1644 et la cath\u00e9drale de l&#8217;Assomption. Faisant \u00e9cho \u00e0 la cath\u00e9drale de l&#8217;Assomption du Kremlin de Moscou, elle a \u00e9t\u00e9 \u00e9rig\u00e9e entre 1559 et 1585.<\/p>\n<p>Les fresques de la cath\u00e9drale de l&#8217;Assomption ont \u00e9t\u00e9 peintes en 1684. \u00c0 l&#8217;angle nord-ouest de la cath\u00e9drale, \u00e0 l&#8217;emplacement du porche ouest, en 1780, une vo\u00fbte contenant les s\u00e9pultures du tsar Boris Godounov et de sa famille a \u00e9t\u00e9 construite.<\/p>\n<p>Au cours de cette excursion d&#8217;une journ\u00e9e, nous organiserons du temps libre pour manger un morceau.<\/p>\n<p>Enfin, notre \u00e9quipe priv\u00e9e vous ram\u00e8ne vers votre h\u00f4tel ou lieu de votre choix \u00e0 Moscou.<\/p>\n<p>D\u00e9couvrez toutes les visites priv\u00e9es et personnalis\u00e9es propos\u00e9es par Tour Travel &amp; More ici!<\/p>\n","protected":false},"excerpt":{"rendered":"<p>Profitez au mieux de votre visite \u00e0 Moscou et visitez le site class\u00e9 au patrimoine mondial de l&#8217;UNESCO de Sergiev Posad, \u00e0 seulement 70 km de la ville, avec votre chauffeur et votre guide! Visite priv\u00e9e de Sergiev Posad (anneau d&#8217;or)<\/p>\n","protected":false},"featured_media":97472,"comment_status":"open","ping_status":"closed","template":"","meta":{"_acf_changed":false},"product_brand":[],"product_cat":[3739,3825],"product_tag":[],"class_list":{"0":"post-104590","1":"product","2":"type-product","3":"status-publish","4":"has-post-thumbnail","6":"product_cat-russie-fr","7":"product_cat-moscow-fr","9":"first","10":"instock","11":"shipping-taxable","12":"purchasable","13":"product-type-simple"},"acf":[],"yoast_head":"<!-- This site is optimized with the Yoast SEO Premium plugin v25.3.1 (Yoast SEO v25.3.1) - https:\/\/yoast.com\/wordpress\/plugins\/seo\/ -->\n<title>Visite priv\u00e9e de Sergiev Posad au d\u00e9part de Moscou - Chauffeur et guide<\/title>\n<meta name=\"description\" content=\"Profitez au maximum de votre visite \u00e0 Moscou et visitez le site class\u00e9 au patrimoine mondial de l&#039;UNESCO de Sergiev Posad. Visite priv\u00e9e de Sergiev Posad (anneau d&#039;or)\" \/>\n<meta name=\"robots\" content=\"index, follow, max-snippet:-1, max-image-preview:large, max-video-preview:-1\" \/>\n<link rel=\"canonical\" href=\"https:\/\/tourtravelandmore.com\/fr\/tours\/russie-fr\/moscow-fr\/visite-privee-de-sergiev-posad\/\" \/>\n<meta property=\"og:locale\" content=\"fr_FR\" \/>\n<meta property=\"og:type\" content=\"article\" \/>\n<meta property=\"og:title\" content=\"Visite priv\u00e9e de Sergiev Posad\" \/>\n<meta property=\"og:description\" content=\"Profitez au maximum de votre visite \u00e0 Moscou et visitez le site class\u00e9 au patrimoine mondial de l&#039;UNESCO de Sergiev Posad. Visite priv\u00e9e de Sergiev Posad (anneau d&#039;or)\" \/>\n<meta property=\"og:url\" content=\"https:\/\/tourtravelandmore.com\/fr\/tours\/russie-fr\/moscow-fr\/visite-privee-de-sergiev-posad\/\" \/>\n<meta property=\"og:site_name\" content=\"Tour Travel And More\" \/>\n<meta property=\"article:publisher\" content=\"https:\/\/www.facebook.com\/tourtravelandmore\/\" \/>\n<meta property=\"article:modified_time\" content=\"2021-03-22T09:57:35+00:00\" \/>\n<meta property=\"og:image\" content=\"https:\/\/tourtravelandmore.com\/wp-content\/uploads\/2020\/04\/Trinity_Lavra_06-2015_img4_Assumption_Cathedral_and_water_well-1-scaled.jpg\" \/>\n\t<meta property=\"og:image:width\" content=\"2560\" \/>\n\t<meta property=\"og:image:height\" content=\"2560\" \/>\n\t<meta property=\"og:image:type\" content=\"image\/jpeg\" \/>\n<meta name=\"twitter:card\" content=\"summary_large_image\" \/>\n<meta name=\"twitter:site\" content=\"@TourTravel_More\" \/>\n<meta name=\"twitter:label1\" content=\"Dur\u00e9e de lecture estim\u00e9e\" \/>\n\t<meta name=\"twitter:data1\" content=\"2 minutes\" \/>\n<script type=\"application\/ld+json\" class=\"yoast-schema-graph\">{\"@context\":\"https:\/\/schema.org\",\"@graph\":[{\"@type\":\"WebPage\",\"@id\":\"https:\/\/tourtravelandmore.com\/fr\/tours\/russie-fr\/moscow-fr\/visite-privee-de-sergiev-posad\/\",\"url\":\"https:\/\/tourtravelandmore.com\/fr\/tours\/russie-fr\/moscow-fr\/visite-privee-de-sergiev-posad\/\",\"name\":\"Visite priv\u00e9e de Sergiev Posad au d\u00e9part de Moscou - Chauffeur et guide\",\"isPartOf\":{\"@id\":\"https:\/\/tourtravelandmore.com\/fr\/#website\"},\"primaryImageOfPage\":{\"@id\":\"https:\/\/tourtravelandmore.com\/fr\/tours\/russie-fr\/moscow-fr\/visite-privee-de-sergiev-posad\/#primaryimage\"},\"image\":{\"@id\":\"https:\/\/tourtravelandmore.com\/fr\/tours\/russie-fr\/moscow-fr\/visite-privee-de-sergiev-posad\/#primaryimage\"},\"thumbnailUrl\":\"https:\/\/tourtravelandmore.com\/wp-content\/uploads\/2020\/04\/Trinity_Lavra_06-2015_img4_Assumption_Cathedral_and_water_well-1-scaled.jpg\",\"datePublished\":\"2020-04-06T09:19:42+00:00\",\"dateModified\":\"2021-03-22T09:57:35+00:00\",\"description\":\"Profitez au maximum de votre visite \u00e0 Moscou et visitez le site class\u00e9 au patrimoine mondial de l'UNESCO de Sergiev Posad. Visite priv\u00e9e de Sergiev Posad (anneau d'or)\",\"breadcrumb\":{\"@id\":\"https:\/\/tourtravelandmore.com\/fr\/tours\/russie-fr\/moscow-fr\/visite-privee-de-sergiev-posad\/#breadcrumb\"},\"inLanguage\":\"fr-FR\",\"potentialAction\":[{\"@type\":\"ReadAction\",\"target\":[\"https:\/\/tourtravelandmore.com\/fr\/tours\/russie-fr\/moscow-fr\/visite-privee-de-sergiev-posad\/\"]}]},{\"@type\":\"ImageObject\",\"inLanguage\":\"fr-FR\",\"@id\":\"https:\/\/tourtravelandmore.com\/fr\/tours\/russie-fr\/moscow-fr\/visite-privee-de-sergiev-posad\/#primaryimage\",\"url\":\"https:\/\/tourtravelandmore.com\/wp-content\/uploads\/2020\/04\/Trinity_Lavra_06-2015_img4_Assumption_Cathedral_and_water_well-1-scaled.jpg\",\"contentUrl\":\"https:\/\/tourtravelandmore.com\/wp-content\/uploads\/2020\/04\/Trinity_Lavra_06-2015_img4_Assumption_Cathedral_and_water_well-1-scaled.jpg\",\"width\":2560,\"height\":2560},{\"@type\":\"BreadcrumbList\",\"@id\":\"https:\/\/tourtravelandmore.com\/fr\/tours\/russie-fr\/moscow-fr\/visite-privee-de-sergiev-posad\/#breadcrumb\",\"itemListElement\":[{\"@type\":\"ListItem\",\"position\":1,\"name\":\"Home\",\"item\":\"https:\/\/tourtravelandmore.com\/fr\/\"},{\"@type\":\"ListItem\",\"position\":2,\"name\":\"Tours\",\"item\":\"https:\/\/tourtravelandmore.com\/fr\/tours\/\"},{\"@type\":\"ListItem\",\"position\":3,\"name\":\"Visite priv\u00e9e de Sergiev Posad\"}]},{\"@type\":\"WebSite\",\"@id\":\"https:\/\/tourtravelandmore.com\/fr\/#website\",\"url\":\"https:\/\/tourtravelandmore.com\/fr\/\",\"name\":\"Tour Travel And More\",\"description\":\"Private sightseeing tours and luxury transfers in Spain\",\"publisher\":{\"@id\":\"https:\/\/tourtravelandmore.com\/fr\/#organization\"},\"potentialAction\":[{\"@type\":\"SearchAction\",\"target\":{\"@type\":\"EntryPoint\",\"urlTemplate\":\"https:\/\/tourtravelandmore.com\/fr\/?s={search_term_string}\"},\"query-input\":{\"@type\":\"PropertyValueSpecification\",\"valueRequired\":true,\"valueName\":\"search_term_string\"}}],\"inLanguage\":\"fr-FR\"},{\"@type\":\"Organization\",\"@id\":\"https:\/\/tourtravelandmore.com\/fr\/#organization\",\"name\":\"Tour Travel And More\",\"url\":\"https:\/\/tourtravelandmore.com\/fr\/\",\"logo\":{\"@type\":\"ImageObject\",\"inLanguage\":\"fr-FR\",\"@id\":\"https:\/\/tourtravelandmore.com\/fr\/#\/schema\/logo\/image\/\",\"url\":\"https:\/\/tourtravelandmore.com\/wp-content\/uploads\/2022\/12\/cropped-logo-cabecera-new.png\",\"contentUrl\":\"https:\/\/tourtravelandmore.com\/wp-content\/uploads\/2022\/12\/cropped-logo-cabecera-new.png\",\"width\":430,\"height\":61,\"caption\":\"Tour Travel And More\"},\"image\":{\"@id\":\"https:\/\/tourtravelandmore.com\/fr\/#\/schema\/logo\/image\/\"},\"sameAs\":[\"https:\/\/www.facebook.com\/tourtravelandmore\/\",\"https:\/\/x.com\/TourTravel_More\"]}]}<\/script>\n<!-- \/ Yoast SEO Premium plugin. -->","yoast_head_json":{"title":"Visite priv\u00e9e de Sergiev Posad au d\u00e9part de Moscou - Chauffeur et guide","description":"Profitez au maximum de votre visite \u00e0 Moscou et visitez le site class\u00e9 au patrimoine mondial de l'UNESCO de Sergiev Posad. Visite priv\u00e9e de Sergiev Posad (anneau d'or)","robots":{"index":"index","follow":"follow","max-snippet":"max-snippet:-1","max-image-preview":"max-image-preview:large","max-video-preview":"max-video-preview:-1"},"canonical":"https:\/\/tourtravelandmore.com\/fr\/tours\/russie-fr\/moscow-fr\/visite-privee-de-sergiev-posad\/","og_locale":"fr_FR","og_type":"article","og_title":"Visite priv\u00e9e de Sergiev Posad","og_description":"Profitez au maximum de votre visite \u00e0 Moscou et visitez le site class\u00e9 au patrimoine mondial de l'UNESCO de Sergiev Posad. Visite priv\u00e9e de Sergiev Posad (anneau d'or)","og_url":"https:\/\/tourtravelandmore.com\/fr\/tours\/russie-fr\/moscow-fr\/visite-privee-de-sergiev-posad\/","og_site_name":"Tour Travel And More","article_publisher":"https:\/\/www.facebook.com\/tourtravelandmore\/","article_modified_time":"2021-03-22T09:57:35+00:00","og_image":[{"width":2560,"height":2560,"url":"https:\/\/tourtravelandmore.com\/wp-content\/uploads\/2020\/04\/Trinity_Lavra_06-2015_img4_Assumption_Cathedral_and_water_well-1-scaled.jpg","type":"image\/jpeg"}],"twitter_card":"summary_large_image","twitter_site":"@TourTravel_More","twitter_misc":{"Dur\u00e9e de lecture estim\u00e9e":"2 minutes"},"schema":{"@context":"https:\/\/schema.org","@graph":[{"@type":"WebPage","@id":"https:\/\/tourtravelandmore.com\/fr\/tours\/russie-fr\/moscow-fr\/visite-privee-de-sergiev-posad\/","url":"https:\/\/tourtravelandmore.com\/fr\/tours\/russie-fr\/moscow-fr\/visite-privee-de-sergiev-posad\/","name":"Visite priv\u00e9e de Sergiev Posad au d\u00e9part de Moscou - Chauffeur et guide","isPartOf":{"@id":"https:\/\/tourtravelandmore.com\/fr\/#website"},"primaryImageOfPage":{"@id":"https:\/\/tourtravelandmore.com\/fr\/tours\/russie-fr\/moscow-fr\/visite-privee-de-sergiev-posad\/#primaryimage"},"image":{"@id":"https:\/\/tourtravelandmore.com\/fr\/tours\/russie-fr\/moscow-fr\/visite-privee-de-sergiev-posad\/#primaryimage"},"thumbnailUrl":"https:\/\/tourtravelandmore.com\/wp-content\/uploads\/2020\/04\/Trinity_Lavra_06-2015_img4_Assumption_Cathedral_and_water_well-1-scaled.jpg","datePublished":"2020-04-06T09:19:42+00:00","dateModified":"2021-03-22T09:57:35+00:00","description":"Profitez au maximum de votre visite \u00e0 Moscou et visitez le site class\u00e9 au patrimoine mondial de l'UNESCO de Sergiev Posad. Visite priv\u00e9e de Sergiev Posad (anneau d'or)","breadcrumb":{"@id":"https:\/\/tourtravelandmore.com\/fr\/tours\/russie-fr\/moscow-fr\/visite-privee-de-sergiev-posad\/#breadcrumb"},"inLanguage":"fr-FR","potentialAction":[{"@type":"ReadAction","target":["https:\/\/tourtravelandmore.com\/fr\/tours\/russie-fr\/moscow-fr\/visite-privee-de-sergiev-posad\/"]}]},{"@type":"ImageObject","inLanguage":"fr-FR","@id":"https:\/\/tourtravelandmore.com\/fr\/tours\/russie-fr\/moscow-fr\/visite-privee-de-sergiev-posad\/#primaryimage","url":"https:\/\/tourtravelandmore.com\/wp-content\/uploads\/2020\/04\/Trinity_Lavra_06-2015_img4_Assumption_Cathedral_and_water_well-1-scaled.jpg","contentUrl":"https:\/\/tourtravelandmore.com\/wp-content\/uploads\/2020\/04\/Trinity_Lavra_06-2015_img4_Assumption_Cathedral_and_water_well-1-scaled.jpg","width":2560,"height":2560},{"@type":"BreadcrumbList","@id":"https:\/\/tourtravelandmore.com\/fr\/tours\/russie-fr\/moscow-fr\/visite-privee-de-sergiev-posad\/#breadcrumb","itemListElement":[{"@type":"ListItem","position":1,"name":"Home","item":"https:\/\/tourtravelandmore.com\/fr\/"},{"@type":"ListItem","position":2,"name":"Tours","item":"https:\/\/tourtravelandmore.com\/fr\/tours\/"},{"@type":"ListItem","position":3,"name":"Visite priv\u00e9e de Sergiev Posad"}]},{"@type":"WebSite","@id":"https:\/\/tourtravelandmore.com\/fr\/#website","url":"https:\/\/tourtravelandmore.com\/fr\/","name":"Tour Travel And More","description":"Private sightseeing tours and luxury transfers in Spain","publisher":{"@id":"https:\/\/tourtravelandmore.com\/fr\/#organization"},"potentialAction":[{"@type":"SearchAction","target":{"@type":"EntryPoint","urlTemplate":"https:\/\/tourtravelandmore.com\/fr\/?s={search_term_string}"},"query-input":{"@type":"PropertyValueSpecification","valueRequired":true,"valueName":"search_term_string"}}],"inLanguage":"fr-FR"},{"@type":"Organization","@id":"https:\/\/tourtravelandmore.com\/fr\/#organization","name":"Tour Travel And More","url":"https:\/\/tourtravelandmore.com\/fr\/","logo":{"@type":"ImageObject","inLanguage":"fr-FR","@id":"https:\/\/tourtravelandmore.com\/fr\/#\/schema\/logo\/image\/","url":"https:\/\/tourtravelandmore.com\/wp-content\/uploads\/2022\/12\/cropped-logo-cabecera-new.png","contentUrl":"https:\/\/tourtravelandmore.com\/wp-content\/uploads\/2022\/12\/cropped-logo-cabecera-new.png","width":430,"height":61,"caption":"Tour Travel And More"},"image":{"@id":"https:\/\/tourtravelandmore.com\/fr\/#\/schema\/logo\/image\/"},"sameAs":["https:\/\/www.facebook.com\/tourtravelandmore\/","https:\/\/x.com\/TourTravel_More"]}]}},"_links":{"self":[{"href":"https:\/\/tourtravelandmore.com\/fr\/wp-json\/wp\/v2\/product\/104590","targetHints":{"allow":["GET"]}}],"collection":[{"href":"https:\/\/tourtravelandmore.com\/fr\/wp-json\/wp\/v2\/product"}],"about":[{"href":"https:\/\/tourtravelandmore.com\/fr\/wp-json\/wp\/v2\/types\/product"}],"replies":[{"embeddable":true,"href":"https:\/\/tourtravelandmore.com\/fr\/wp-json\/wp\/v2\/comments?post=104590"}],"wp:featuredmedia":[{"embeddable":true,"href":"https:\/\/tourtravelandmore.com\/fr\/wp-json\/wp\/v2\/media\/97472"}],"wp:attachment":[{"href":"https:\/\/tourtravelandmore.com\/fr\/wp-json\/wp\/v2\/media?parent=104590"}],"wp:term":[{"taxonomy":"product_brand","embeddable":true,"href":"https:\/\/tourtravelandmore.com\/fr\/wp-json\/wp\/v2\/product_brand?post=104590"},{"taxonomy":"product_cat","embeddable":true,"href":"https:\/\/tourtravelandmore.com\/fr\/wp-json\/wp\/v2\/product_cat?post=104590"},{"taxonomy":"product_tag","embeddable":true,"href":"https:\/\/tourtravelandmore.com\/fr\/wp-json\/wp\/v2\/product_tag?post=104590"}],"curies":[{"name":"wp","href":"https:\/\/api.w.org\/{rel}","templated":true}]}}