{"id":104584,"date":"2020-03-31T12:21:38","date_gmt":"2020-03-31T10:21:38","guid":{"rendered":"https:\/\/tourtravelandmore.com\/tours\/non%20class\u00e9\/visite-privee-de-moscou\/"},"modified":"2021-03-22T10:56:16","modified_gmt":"2021-03-22T09:56:16","slug":"visite-privee-de-moscou","status":"publish","type":"product","link":"https:\/\/tourtravelandmore.com\/fr\/tours\/russie-fr\/moscow-fr\/visite-privee-de-moscou\/","title":{"rendered":"Visite priv\u00e9e de Moscou"},"content":{"rendered":"<h2>Description:<\/h2>\n<p>Venez avec nous et profitez de cette visite priv\u00e9e de Moscou \u00e0 travers les monuments et sites les plus embl\u00e9matiques de Moscou. Laissez-vous surprendre par son architecture, son histoire et son h\u00e9ritage culturel impressionnant.<\/p>\n<p>Profitez de cette occasion pour d\u00e9couvrir la ville de Moscou avec votre propre guide officiel et v\u00e9hicule priv\u00e9.<\/p>\n<p>Vous pouvez personnaliser votre propre exp\u00e9rience. Ne manquez pas les monuments, les sites, les nombreuses \u00e9glises, ses mus\u00e9es tels que les gratte-ciel de Staline, la cath\u00e9drale du Christ-Sauveur, le monument \u00e0 Pierre le Grand, la rue Arbat et bien plus encore lors de cette visite priv\u00e9e \u00e0 Moscou.<\/p>\n<p>Pour cette visite priv\u00e9e, nous viendrons vous chercher confortablement \u00e0 votre lieu de choix \u00e0 Moscou. Nous commencerons ensuite cette exp\u00e9rience incroyable pour d\u00e9couvrir Moscou!<\/p>\n<h2>Sites d&#8217;int\u00e9r\u00eat et monuments<\/h2>\n<p>Lors de votre visite priv\u00e9e \u00e0 Moscou, vous d\u00e9couvrirez certains des sites les plus embl\u00e9matiques de Moscou avec votre expert local.<\/p>\n<p>Notre chauffeur et guide viendront vous chercher \u00e0 l&#8217;heure souhait\u00e9e dans votre h\u00f4tel ou lieu de votre choix dans la ville et lanceront votre visite priv\u00e9e de la ville. Au cours de cette visite, vous visiterez tous les points touristiques cl\u00e9s de la capitale de la Russie.<\/p>\n<p>Votre guide priv\u00e9 vous racontera l&#8217;histoire, les habitudes et les traditions de la ville pendant que vous \u00eates confortablement assis dans votre v\u00e9hicule priv\u00e9.<\/p>\n<p>Vous visiterez certains des sites les plus embl\u00e9matiques de Moscou, profiterez de la magnifique vue panoramique depuis Sparrow Hills et d\u00e9couvrirez l&#8217;histoire et la culture de cette ville anim\u00e9e.<\/p>\n<p>Quelques-uns des sites que vous pourriez d\u00e9couvrir lors de votre visite:<\/p>\n<p>&#8211; Cath\u00e9drale du Christ Sauveur. C&#8217;est la principale \u00e9glise orthodoxe et le plus grand temple de Russie. Vous visiterez l&#8217;int\u00e9rieur de la cath\u00e9drale avec votre guide priv\u00e9.<br \/>\n&#8211; une vue panoramique sur Moscou depuis la terrasse de la cath\u00e9drale<br \/>\n&#8211; Monument \u00e0 Pierre le Grand<br \/>\n&#8211; Minist\u00e8re de la d\u00e9fense de la Russie<br \/>\n&#8211; Ext\u00e9rieur du couvent de Novodevichi<br \/>\n&#8211; Le lac des cygnes, qui a potentiellement inspir\u00e9 le compositeur russe Tcha\u00efkovski<br \/>\n&#8211; Universit\u00e9 publique de Moscou<br \/>\n&#8211; Collines des moineaux<br \/>\n&#8211; Vue panoramique du stade Luzhniki, o\u00f9 s&#8217;est d\u00e9roul\u00e9e la finale de la Coupe du monde en 2018<br \/>\n&#8211; M\u00e9morial de la 2\u00e8me guerre mondiale<br \/>\n&#8211; Arc de Triomphe de Moscou<br \/>\n&#8211; Gratte-ciel de la ville de Moscou<br \/>\n&#8211; H\u00f4tel Radisson Ukraine<br \/>\n&#8211; Maison du gouvernement de Russie<br \/>\n&#8211; avenue de l&#8217;Arbat<br \/>\n&#8211; Visitez la maison de l&#8217;\u00e9crivain russe Le\u00f3n Tolstoy. M\u00eame si vous n&#8217;\u00eates pas au courant de ses \u00e9crits, sa maison montre l&#8217;ambiance russe des temps anciens avant la r\u00e9volution.<\/p>\n<p>L&#8217;itin\u00e9raire final de votre visite priv\u00e9e \u00e0 Moscou est absolument adaptable \u00e0 vos propres int\u00e9r\u00eats et go\u00fbts. Nous pouvons r\u00e9server n&#8217;importe quel prix d&#8217;entr\u00e9e \u00e0 n&#8217;importe quel monument ou mus\u00e9e de la ville que vous souhaitez visiter.<\/p>\n<p>Votre chauffeur et votre guide seront \u00e0 votre enti\u00e8re disposition pendant toute la dur\u00e9e de la visite.<\/p>\n<p>Ne manquez pas toutes les autres exp\u00e9riences priv\u00e9es que nous vous proposons!<\/p>\n","protected":false},"excerpt":{"rendered":"<p>Profitez de cette occasion pour d\u00e9couvrir les lieux les plus embl\u00e9matiques de Moscou avec votre guide priv\u00e9 et chauffeur en v\u00e9hicule de luxe. Cath\u00e9drale du Christ Sauveur et bien plus encore! Visite priv\u00e9e de Moscou<\/p>\n","protected":false},"featured_media":97440,"comment_status":"open","ping_status":"closed","template":"","meta":{"_acf_changed":false},"product_brand":[],"product_cat":[3739,3825],"product_tag":[],"class_list":{"0":"post-104584","1":"product","2":"type-product","3":"status-publish","4":"has-post-thumbnail","6":"product_cat-russie-fr","7":"product_cat-moscow-fr","9":"first","10":"instock","11":"shipping-taxable","12":"purchasable","13":"product-type-simple"},"acf":[],"yoast_head":"<!-- This site is optimized with the Yoast SEO Premium plugin v25.3.1 (Yoast SEO v25.3.1) - https:\/\/yoast.com\/wordpress\/plugins\/seo\/ -->\n<title>Visite priv\u00e9e de Moscou avec chauffeur dans un v\u00e9hicule de luxe et guide touristique<\/title>\n<meta name=\"description\" content=\"Profitez de cette occasion pour d\u00e9couvrir les lieux les plus embl\u00e9matiques de Moscou avec notre \u00e9quipe. Cath\u00e9drale du Christ Sauveur. Visite priv\u00e9e de Moscou\" \/>\n<meta name=\"robots\" content=\"index, follow, max-snippet:-1, max-image-preview:large, max-video-preview:-1\" \/>\n<link rel=\"canonical\" href=\"https:\/\/tourtravelandmore.com\/fr\/tours\/russie-fr\/moscow-fr\/visite-privee-de-moscou\/\" \/>\n<meta property=\"og:locale\" content=\"fr_FR\" \/>\n<meta property=\"og:type\" content=\"article\" \/>\n<meta property=\"og:title\" content=\"Visite priv\u00e9e de Moscou\" \/>\n<meta property=\"og:description\" content=\"Profitez de cette occasion pour d\u00e9couvrir les lieux les plus embl\u00e9matiques de Moscou avec notre \u00e9quipe. Cath\u00e9drale du Christ Sauveur. Visite priv\u00e9e de Moscou\" \/>\n<meta property=\"og:url\" content=\"https:\/\/tourtravelandmore.com\/fr\/tours\/russie-fr\/moscow-fr\/visite-privee-de-moscou\/\" \/>\n<meta property=\"og:site_name\" content=\"Tour Travel And More\" \/>\n<meta property=\"article:publisher\" content=\"https:\/\/www.facebook.com\/tourtravelandmore\/\" \/>\n<meta property=\"article:modified_time\" content=\"2021-03-22T09:56:16+00:00\" \/>\n<meta property=\"og:image\" content=\"https:\/\/tourtravelandmore.com\/wp-content\/uploads\/2020\/03\/christ-the-savior-cathedral-2032112_960_720.jpg\" \/>\n\t<meta property=\"og:image:width\" content=\"960\" \/>\n\t<meta property=\"og:image:height\" content=\"640\" \/>\n\t<meta property=\"og:image:type\" content=\"image\/jpeg\" \/>\n<meta name=\"twitter:card\" content=\"summary_large_image\" \/>\n<meta name=\"twitter:site\" content=\"@TourTravel_More\" \/>\n<meta name=\"twitter:label1\" content=\"Dur\u00e9e de lecture estim\u00e9e\" \/>\n\t<meta name=\"twitter:data1\" content=\"3 minutes\" \/>\n<script type=\"application\/ld+json\" class=\"yoast-schema-graph\">{\"@context\":\"https:\/\/schema.org\",\"@graph\":[{\"@type\":\"WebPage\",\"@id\":\"https:\/\/tourtravelandmore.com\/fr\/tours\/russie-fr\/moscow-fr\/visite-privee-de-moscou\/\",\"url\":\"https:\/\/tourtravelandmore.com\/fr\/tours\/russie-fr\/moscow-fr\/visite-privee-de-moscou\/\",\"name\":\"Visite priv\u00e9e de Moscou avec chauffeur dans un v\u00e9hicule de luxe et guide touristique\",\"isPartOf\":{\"@id\":\"https:\/\/tourtravelandmore.com\/fr\/#website\"},\"primaryImageOfPage\":{\"@id\":\"https:\/\/tourtravelandmore.com\/fr\/tours\/russie-fr\/moscow-fr\/visite-privee-de-moscou\/#primaryimage\"},\"image\":{\"@id\":\"https:\/\/tourtravelandmore.com\/fr\/tours\/russie-fr\/moscow-fr\/visite-privee-de-moscou\/#primaryimage\"},\"thumbnailUrl\":\"https:\/\/tourtravelandmore.com\/wp-content\/uploads\/2020\/03\/christ-the-savior-cathedral-2032112_960_720.jpg\",\"datePublished\":\"2020-03-31T10:21:38+00:00\",\"dateModified\":\"2021-03-22T09:56:16+00:00\",\"description\":\"Profitez de cette occasion pour d\u00e9couvrir les lieux les plus embl\u00e9matiques de Moscou avec notre \u00e9quipe. Cath\u00e9drale du Christ Sauveur. Visite priv\u00e9e de Moscou\",\"breadcrumb\":{\"@id\":\"https:\/\/tourtravelandmore.com\/fr\/tours\/russie-fr\/moscow-fr\/visite-privee-de-moscou\/#breadcrumb\"},\"inLanguage\":\"fr-FR\",\"potentialAction\":[{\"@type\":\"ReadAction\",\"target\":[\"https:\/\/tourtravelandmore.com\/fr\/tours\/russie-fr\/moscow-fr\/visite-privee-de-moscou\/\"]}]},{\"@type\":\"ImageObject\",\"inLanguage\":\"fr-FR\",\"@id\":\"https:\/\/tourtravelandmore.com\/fr\/tours\/russie-fr\/moscow-fr\/visite-privee-de-moscou\/#primaryimage\",\"url\":\"https:\/\/tourtravelandmore.com\/wp-content\/uploads\/2020\/03\/christ-the-savior-cathedral-2032112_960_720.jpg\",\"contentUrl\":\"https:\/\/tourtravelandmore.com\/wp-content\/uploads\/2020\/03\/christ-the-savior-cathedral-2032112_960_720.jpg\",\"width\":960,\"height\":640},{\"@type\":\"BreadcrumbList\",\"@id\":\"https:\/\/tourtravelandmore.com\/fr\/tours\/russie-fr\/moscow-fr\/visite-privee-de-moscou\/#breadcrumb\",\"itemListElement\":[{\"@type\":\"ListItem\",\"position\":1,\"name\":\"Home\",\"item\":\"https:\/\/tourtravelandmore.com\/fr\/\"},{\"@type\":\"ListItem\",\"position\":2,\"name\":\"Tours\",\"item\":\"https:\/\/tourtravelandmore.com\/fr\/tours\/\"},{\"@type\":\"ListItem\",\"position\":3,\"name\":\"Visite priv\u00e9e de Moscou\"}]},{\"@type\":\"WebSite\",\"@id\":\"https:\/\/tourtravelandmore.com\/fr\/#website\",\"url\":\"https:\/\/tourtravelandmore.com\/fr\/\",\"name\":\"Tour Travel And More\",\"description\":\"Private sightseeing tours and luxury transfers in Spain\",\"publisher\":{\"@id\":\"https:\/\/tourtravelandmore.com\/fr\/#organization\"},\"potentialAction\":[{\"@type\":\"SearchAction\",\"target\":{\"@type\":\"EntryPoint\",\"urlTemplate\":\"https:\/\/tourtravelandmore.com\/fr\/?s={search_term_string}\"},\"query-input\":{\"@type\":\"PropertyValueSpecification\",\"valueRequired\":true,\"valueName\":\"search_term_string\"}}],\"inLanguage\":\"fr-FR\"},{\"@type\":\"Organization\",\"@id\":\"https:\/\/tourtravelandmore.com\/fr\/#organization\",\"name\":\"Tour Travel And More\",\"url\":\"https:\/\/tourtravelandmore.com\/fr\/\",\"logo\":{\"@type\":\"ImageObject\",\"inLanguage\":\"fr-FR\",\"@id\":\"https:\/\/tourtravelandmore.com\/fr\/#\/schema\/logo\/image\/\",\"url\":\"https:\/\/tourtravelandmore.com\/wp-content\/uploads\/2022\/12\/cropped-logo-cabecera-new.png\",\"contentUrl\":\"https:\/\/tourtravelandmore.com\/wp-content\/uploads\/2022\/12\/cropped-logo-cabecera-new.png\",\"width\":430,\"height\":61,\"caption\":\"Tour Travel And More\"},\"image\":{\"@id\":\"https:\/\/tourtravelandmore.com\/fr\/#\/schema\/logo\/image\/\"},\"sameAs\":[\"https:\/\/www.facebook.com\/tourtravelandmore\/\",\"https:\/\/x.com\/TourTravel_More\"]}]}<\/script>\n<!-- \/ Yoast SEO Premium plugin. -->","yoast_head_json":{"title":"Visite priv\u00e9e de Moscou avec chauffeur dans un v\u00e9hicule de luxe et guide touristique","description":"Profitez de cette occasion pour d\u00e9couvrir les lieux les plus embl\u00e9matiques de Moscou avec notre \u00e9quipe. Cath\u00e9drale du Christ Sauveur. Visite priv\u00e9e de Moscou","robots":{"index":"index","follow":"follow","max-snippet":"max-snippet:-1","max-image-preview":"max-image-preview:large","max-video-preview":"max-video-preview:-1"},"canonical":"https:\/\/tourtravelandmore.com\/fr\/tours\/russie-fr\/moscow-fr\/visite-privee-de-moscou\/","og_locale":"fr_FR","og_type":"article","og_title":"Visite priv\u00e9e de Moscou","og_description":"Profitez de cette occasion pour d\u00e9couvrir les lieux les plus embl\u00e9matiques de Moscou avec notre \u00e9quipe. Cath\u00e9drale du Christ Sauveur. Visite priv\u00e9e de Moscou","og_url":"https:\/\/tourtravelandmore.com\/fr\/tours\/russie-fr\/moscow-fr\/visite-privee-de-moscou\/","og_site_name":"Tour Travel And More","article_publisher":"https:\/\/www.facebook.com\/tourtravelandmore\/","article_modified_time":"2021-03-22T09:56:16+00:00","og_image":[{"width":960,"height":640,"url":"https:\/\/tourtravelandmore.com\/wp-content\/uploads\/2020\/03\/christ-the-savior-cathedral-2032112_960_720.jpg","type":"image\/jpeg"}],"twitter_card":"summary_large_image","twitter_site":"@TourTravel_More","twitter_misc":{"Dur\u00e9e de lecture estim\u00e9e":"3 minutes"},"schema":{"@context":"https:\/\/schema.org","@graph":[{"@type":"WebPage","@id":"https:\/\/tourtravelandmore.com\/fr\/tours\/russie-fr\/moscow-fr\/visite-privee-de-moscou\/","url":"https:\/\/tourtravelandmore.com\/fr\/tours\/russie-fr\/moscow-fr\/visite-privee-de-moscou\/","name":"Visite priv\u00e9e de Moscou avec chauffeur dans un v\u00e9hicule de luxe et guide touristique","isPartOf":{"@id":"https:\/\/tourtravelandmore.com\/fr\/#website"},"primaryImageOfPage":{"@id":"https:\/\/tourtravelandmore.com\/fr\/tours\/russie-fr\/moscow-fr\/visite-privee-de-moscou\/#primaryimage"},"image":{"@id":"https:\/\/tourtravelandmore.com\/fr\/tours\/russie-fr\/moscow-fr\/visite-privee-de-moscou\/#primaryimage"},"thumbnailUrl":"https:\/\/tourtravelandmore.com\/wp-content\/uploads\/2020\/03\/christ-the-savior-cathedral-2032112_960_720.jpg","datePublished":"2020-03-31T10:21:38+00:00","dateModified":"2021-03-22T09:56:16+00:00","description":"Profitez de cette occasion pour d\u00e9couvrir les lieux les plus embl\u00e9matiques de Moscou avec notre \u00e9quipe. Cath\u00e9drale du Christ Sauveur. Visite priv\u00e9e de Moscou","breadcrumb":{"@id":"https:\/\/tourtravelandmore.com\/fr\/tours\/russie-fr\/moscow-fr\/visite-privee-de-moscou\/#breadcrumb"},"inLanguage":"fr-FR","potentialAction":[{"@type":"ReadAction","target":["https:\/\/tourtravelandmore.com\/fr\/tours\/russie-fr\/moscow-fr\/visite-privee-de-moscou\/"]}]},{"@type":"ImageObject","inLanguage":"fr-FR","@id":"https:\/\/tourtravelandmore.com\/fr\/tours\/russie-fr\/moscow-fr\/visite-privee-de-moscou\/#primaryimage","url":"https:\/\/tourtravelandmore.com\/wp-content\/uploads\/2020\/03\/christ-the-savior-cathedral-2032112_960_720.jpg","contentUrl":"https:\/\/tourtravelandmore.com\/wp-content\/uploads\/2020\/03\/christ-the-savior-cathedral-2032112_960_720.jpg","width":960,"height":640},{"@type":"BreadcrumbList","@id":"https:\/\/tourtravelandmore.com\/fr\/tours\/russie-fr\/moscow-fr\/visite-privee-de-moscou\/#breadcrumb","itemListElement":[{"@type":"ListItem","position":1,"name":"Home","item":"https:\/\/tourtravelandmore.com\/fr\/"},{"@type":"ListItem","position":2,"name":"Tours","item":"https:\/\/tourtravelandmore.com\/fr\/tours\/"},{"@type":"ListItem","position":3,"name":"Visite priv\u00e9e de Moscou"}]},{"@type":"WebSite","@id":"https:\/\/tourtravelandmore.com\/fr\/#website","url":"https:\/\/tourtravelandmore.com\/fr\/","name":"Tour Travel And More","description":"Private sightseeing tours and luxury transfers in Spain","publisher":{"@id":"https:\/\/tourtravelandmore.com\/fr\/#organization"},"potentialAction":[{"@type":"SearchAction","target":{"@type":"EntryPoint","urlTemplate":"https:\/\/tourtravelandmore.com\/fr\/?s={search_term_string}"},"query-input":{"@type":"PropertyValueSpecification","valueRequired":true,"valueName":"search_term_string"}}],"inLanguage":"fr-FR"},{"@type":"Organization","@id":"https:\/\/tourtravelandmore.com\/fr\/#organization","name":"Tour Travel And More","url":"https:\/\/tourtravelandmore.com\/fr\/","logo":{"@type":"ImageObject","inLanguage":"fr-FR","@id":"https:\/\/tourtravelandmore.com\/fr\/#\/schema\/logo\/image\/","url":"https:\/\/tourtravelandmore.com\/wp-content\/uploads\/2022\/12\/cropped-logo-cabecera-new.png","contentUrl":"https:\/\/tourtravelandmore.com\/wp-content\/uploads\/2022\/12\/cropped-logo-cabecera-new.png","width":430,"height":61,"caption":"Tour Travel And More"},"image":{"@id":"https:\/\/tourtravelandmore.com\/fr\/#\/schema\/logo\/image\/"},"sameAs":["https:\/\/www.facebook.com\/tourtravelandmore\/","https:\/\/x.com\/TourTravel_More"]}]}},"_links":{"self":[{"href":"https:\/\/tourtravelandmore.com\/fr\/wp-json\/wp\/v2\/product\/104584","targetHints":{"allow":["GET"]}}],"collection":[{"href":"https:\/\/tourtravelandmore.com\/fr\/wp-json\/wp\/v2\/product"}],"about":[{"href":"https:\/\/tourtravelandmore.com\/fr\/wp-json\/wp\/v2\/types\/product"}],"replies":[{"embeddable":true,"href":"https:\/\/tourtravelandmore.com\/fr\/wp-json\/wp\/v2\/comments?post=104584"}],"wp:featuredmedia":[{"embeddable":true,"href":"https:\/\/tourtravelandmore.com\/fr\/wp-json\/wp\/v2\/media\/97440"}],"wp:attachment":[{"href":"https:\/\/tourtravelandmore.com\/fr\/wp-json\/wp\/v2\/media?parent=104584"}],"wp:term":[{"taxonomy":"product_brand","embeddable":true,"href":"https:\/\/tourtravelandmore.com\/fr\/wp-json\/wp\/v2\/product_brand?post=104584"},{"taxonomy":"product_cat","embeddable":true,"href":"https:\/\/tourtravelandmore.com\/fr\/wp-json\/wp\/v2\/product_cat?post=104584"},{"taxonomy":"product_tag","embeddable":true,"href":"https:\/\/tourtravelandmore.com\/fr\/wp-json\/wp\/v2\/product_tag?post=104584"}],"curies":[{"name":"wp","href":"https:\/\/api.w.org\/{rel}","templated":true}]}}