{"id":104578,"date":"2020-03-31T11:17:19","date_gmt":"2020-03-31T09:17:19","guid":{"rendered":"https:\/\/tourtravelandmore.com\/tours\/non%20class\u00e9\/visite-privee-du-kremlin-et-du-manege-militaire\/"},"modified":"2021-03-22T10:55:08","modified_gmt":"2021-03-22T09:55:08","slug":"visite-privee-du-kremlin-et-du-manege-militaire","status":"publish","type":"product","link":"https:\/\/tourtravelandmore.com\/fr\/tours\/russie-fr\/moscow-fr\/visite-privee-du-kremlin-et-du-manege-militaire\/","title":{"rendered":"Visite priv\u00e9e du Kremlin et du man\u00e8ge militaire"},"content":{"rendered":"<h2>Description:<\/h2>\n<p>Venez avec nous et profitez de cette visite priv\u00e9e pour d\u00e9couvrir la magnifique citadelle de 28 hectares, le Kremlin. C&#8217;est avec notre visite priv\u00e9e du Kremlin et de l&#8217;armurerie. Profitez de son architecture \u00e9tonnante, de son histoire et d&#8217;un h\u00e9ritage culturel impressionnant. Le Kremlin est le c\u0153ur de Moscou et c&#8217;est le site le plus visit\u00e9.<\/p>\n<p>Au cours de cette visite magnifique et informative, vous compterez sur la compagnie d&#8217;un guide priv\u00e9, qui est \u00e9galement un grand connaisseur de la r\u00e9gion, de son histoire, de ses l\u00e9gendes et des anecdotes les plus int\u00e9ressantes qui ont servi \u00e0 faire de la capitale de la Russie l&#8217;une des principales villes du monde.<\/p>\n<h2>Sites d&#8217;int\u00e9r\u00eat et monuments<\/h2>\n<p>Votre guide priv\u00e9 viendra vous chercher \u00e0 votre h\u00f4tel \u00e0 Moscou et vous pourrez prendre le m\u00e9tro ensemble jusqu&#8217;au centre de Moscou, ou nous pourrions organiser un v\u00e9hicule priv\u00e9 pour le transfert si vous pr\u00e9f\u00e9rez. Une fois que vous arrivez \u00e0 l&#8217;entr\u00e9e du Kremlin, vous verrez les 2 tours; Kutafya et la tour de la Trinit\u00e9.<br \/>\nAu cours de votre visite priv\u00e9e, vous visiterez tous les principaux sites \u00e0 l&#8217;int\u00e9rieur du Kremlin, les frais d&#8217;entr\u00e9e aux sites r\u00e9pertori\u00e9s qu&#8217;il est possible de visiter sont inclus dans le prix de cette visite.<br \/>\nLe Kremlin est connu comme le centre politique de la Russie, c&#8217;est actuellement la r\u00e9sidence du pr\u00e9sident russe.<\/p>\n<p>Certains des endroits que vous visiterez lors de votre visite priv\u00e9e du Kremlin sont:<br \/>\n&#8211; Cath\u00e9drale de l&#8217;Assomption<br \/>\n&#8211; Archange et cath\u00e9drale de l&#8217;Annonciation<br \/>\n&#8211; Canon tsar et cloche tsar<br \/>\n&#8211; Pont de la Trinit\u00e9<br \/>\n&#8211; Palais d&#8217;\u00c9tat du Kremlin<br \/>\n&#8211; S\u00e9nat, r\u00e9sidence de travail du pr\u00e9sident<\/p>\n<p>L&#8217;itin\u00e9raire final de votre visite priv\u00e9e \u00e0 pied de la capitale de la Russie est absolument adaptable \u00e0 vos propres int\u00e9r\u00eats et go\u00fbts. Est-il possible de combiner cette visite \u00e0 pied du Kremlin avec une visite de la Place Rouge et d&#8217;autres sites principaux de Moscou. Contactez nos experts en voyages et profitez d&#8217;une incroyable visite priv\u00e9e du Kremlin et de l&#8217;armurerie<\/p>\n<p>Nous vous proposons tout type d&#8217;exp\u00e9riences priv\u00e9es! D\u00e9couvrez ceux de Moscou!<\/p>\n","protected":false},"excerpt":{"rendered":"<p>Profitez de cette occasion pour d\u00e9couvrir le merveilleux Kremlin de Moscou, l&#8217;un des endroits les plus visit\u00e9s du pays. Visite priv\u00e9e du Kremlin et du man\u00e8ge militaire. Guide touristique officiel priv\u00e9 pour votre exp\u00e9rience.<\/p>\n","protected":false},"featured_media":97430,"comment_status":"open","ping_status":"closed","template":"","meta":{"_acf_changed":false},"product_brand":[],"product_cat":[3739,3825],"product_tag":[],"class_list":{"0":"post-104578","1":"product","2":"type-product","3":"status-publish","4":"has-post-thumbnail","6":"product_cat-russie-fr","7":"product_cat-moscow-fr","9":"first","10":"instock","11":"shipping-taxable","12":"purchasable","13":"product-type-simple"},"acf":[],"yoast_head":"<!-- This site is optimized with the Yoast SEO Premium plugin v25.3.1 (Yoast SEO v25.3.1) - https:\/\/yoast.com\/wordpress\/plugins\/seo\/ -->\n<title>Visite priv\u00e9e du Kremlin et de l&#039;armurerie avec guide officiel et billets d&#039;entr\u00e9e<\/title>\n<meta name=\"description\" content=\"Profitez de cette occasion pour d\u00e9couvrir le merveilleux Kremlin de Moscou, l&#039;un des endroits les plus visit\u00e9s du pays. Visite priv\u00e9e du Kremlin et du man\u00e8ge militaire\" \/>\n<meta name=\"robots\" content=\"index, follow, max-snippet:-1, max-image-preview:large, max-video-preview:-1\" \/>\n<link rel=\"canonical\" href=\"https:\/\/tourtravelandmore.com\/fr\/tours\/russie-fr\/moscow-fr\/visite-privee-du-kremlin-et-du-manege-militaire\/\" \/>\n<meta property=\"og:locale\" content=\"fr_FR\" \/>\n<meta property=\"og:type\" content=\"article\" \/>\n<meta property=\"og:title\" content=\"Visite priv\u00e9e du Kremlin et du man\u00e8ge militaire\" \/>\n<meta property=\"og:description\" content=\"Profitez de cette occasion pour d\u00e9couvrir le merveilleux Kremlin de Moscou, l&#039;un des endroits les plus visit\u00e9s du pays. Visite priv\u00e9e du Kremlin et du man\u00e8ge militaire\" \/>\n<meta property=\"og:url\" content=\"https:\/\/tourtravelandmore.com\/fr\/tours\/russie-fr\/moscow-fr\/visite-privee-du-kremlin-et-du-manege-militaire\/\" \/>\n<meta property=\"og:site_name\" content=\"Tour Travel And More\" \/>\n<meta property=\"article:publisher\" content=\"https:\/\/www.facebook.com\/tourtravelandmore\/\" \/>\n<meta property=\"article:modified_time\" content=\"2021-03-22T09:55:08+00:00\" \/>\n<meta property=\"og:image\" content=\"https:\/\/tourtravelandmore.com\/wp-content\/uploads\/2020\/03\/moscow-2808494_1280.jpg\" \/>\n\t<meta property=\"og:image:width\" content=\"856\" \/>\n\t<meta property=\"og:image:height\" content=\"1280\" \/>\n\t<meta property=\"og:image:type\" content=\"image\/jpeg\" \/>\n<meta name=\"twitter:card\" content=\"summary_large_image\" \/>\n<meta name=\"twitter:site\" content=\"@TourTravel_More\" \/>\n<meta name=\"twitter:label1\" content=\"Dur\u00e9e de lecture estim\u00e9e\" \/>\n\t<meta name=\"twitter:data1\" content=\"2 minutes\" \/>\n<script type=\"application\/ld+json\" class=\"yoast-schema-graph\">{\"@context\":\"https:\/\/schema.org\",\"@graph\":[{\"@type\":\"WebPage\",\"@id\":\"https:\/\/tourtravelandmore.com\/fr\/tours\/russie-fr\/moscow-fr\/visite-privee-du-kremlin-et-du-manege-militaire\/\",\"url\":\"https:\/\/tourtravelandmore.com\/fr\/tours\/russie-fr\/moscow-fr\/visite-privee-du-kremlin-et-du-manege-militaire\/\",\"name\":\"Visite priv\u00e9e du Kremlin et de l'armurerie avec guide officiel et billets d'entr\u00e9e\",\"isPartOf\":{\"@id\":\"https:\/\/tourtravelandmore.com\/fr\/#website\"},\"primaryImageOfPage\":{\"@id\":\"https:\/\/tourtravelandmore.com\/fr\/tours\/russie-fr\/moscow-fr\/visite-privee-du-kremlin-et-du-manege-militaire\/#primaryimage\"},\"image\":{\"@id\":\"https:\/\/tourtravelandmore.com\/fr\/tours\/russie-fr\/moscow-fr\/visite-privee-du-kremlin-et-du-manege-militaire\/#primaryimage\"},\"thumbnailUrl\":\"https:\/\/tourtravelandmore.com\/wp-content\/uploads\/2020\/03\/moscow-2808494_1280.jpg\",\"datePublished\":\"2020-03-31T09:17:19+00:00\",\"dateModified\":\"2021-03-22T09:55:08+00:00\",\"description\":\"Profitez de cette occasion pour d\u00e9couvrir le merveilleux Kremlin de Moscou, l'un des endroits les plus visit\u00e9s du pays. Visite priv\u00e9e du Kremlin et du man\u00e8ge militaire\",\"breadcrumb\":{\"@id\":\"https:\/\/tourtravelandmore.com\/fr\/tours\/russie-fr\/moscow-fr\/visite-privee-du-kremlin-et-du-manege-militaire\/#breadcrumb\"},\"inLanguage\":\"fr-FR\",\"potentialAction\":[{\"@type\":\"ReadAction\",\"target\":[\"https:\/\/tourtravelandmore.com\/fr\/tours\/russie-fr\/moscow-fr\/visite-privee-du-kremlin-et-du-manege-militaire\/\"]}]},{\"@type\":\"ImageObject\",\"inLanguage\":\"fr-FR\",\"@id\":\"https:\/\/tourtravelandmore.com\/fr\/tours\/russie-fr\/moscow-fr\/visite-privee-du-kremlin-et-du-manege-militaire\/#primaryimage\",\"url\":\"https:\/\/tourtravelandmore.com\/wp-content\/uploads\/2020\/03\/moscow-2808494_1280.jpg\",\"contentUrl\":\"https:\/\/tourtravelandmore.com\/wp-content\/uploads\/2020\/03\/moscow-2808494_1280.jpg\",\"width\":856,\"height\":1280},{\"@type\":\"BreadcrumbList\",\"@id\":\"https:\/\/tourtravelandmore.com\/fr\/tours\/russie-fr\/moscow-fr\/visite-privee-du-kremlin-et-du-manege-militaire\/#breadcrumb\",\"itemListElement\":[{\"@type\":\"ListItem\",\"position\":1,\"name\":\"Home\",\"item\":\"https:\/\/tourtravelandmore.com\/fr\/\"},{\"@type\":\"ListItem\",\"position\":2,\"name\":\"Tours\",\"item\":\"https:\/\/tourtravelandmore.com\/fr\/tours\/\"},{\"@type\":\"ListItem\",\"position\":3,\"name\":\"Visite priv\u00e9e du Kremlin et du man\u00e8ge militaire\"}]},{\"@type\":\"WebSite\",\"@id\":\"https:\/\/tourtravelandmore.com\/fr\/#website\",\"url\":\"https:\/\/tourtravelandmore.com\/fr\/\",\"name\":\"Tour Travel And More\",\"description\":\"Private sightseeing tours and luxury transfers in Spain\",\"publisher\":{\"@id\":\"https:\/\/tourtravelandmore.com\/fr\/#organization\"},\"potentialAction\":[{\"@type\":\"SearchAction\",\"target\":{\"@type\":\"EntryPoint\",\"urlTemplate\":\"https:\/\/tourtravelandmore.com\/fr\/?s={search_term_string}\"},\"query-input\":{\"@type\":\"PropertyValueSpecification\",\"valueRequired\":true,\"valueName\":\"search_term_string\"}}],\"inLanguage\":\"fr-FR\"},{\"@type\":\"Organization\",\"@id\":\"https:\/\/tourtravelandmore.com\/fr\/#organization\",\"name\":\"Tour Travel And More\",\"url\":\"https:\/\/tourtravelandmore.com\/fr\/\",\"logo\":{\"@type\":\"ImageObject\",\"inLanguage\":\"fr-FR\",\"@id\":\"https:\/\/tourtravelandmore.com\/fr\/#\/schema\/logo\/image\/\",\"url\":\"https:\/\/tourtravelandmore.com\/wp-content\/uploads\/2022\/12\/cropped-logo-cabecera-new.png\",\"contentUrl\":\"https:\/\/tourtravelandmore.com\/wp-content\/uploads\/2022\/12\/cropped-logo-cabecera-new.png\",\"width\":430,\"height\":61,\"caption\":\"Tour Travel And More\"},\"image\":{\"@id\":\"https:\/\/tourtravelandmore.com\/fr\/#\/schema\/logo\/image\/\"},\"sameAs\":[\"https:\/\/www.facebook.com\/tourtravelandmore\/\",\"https:\/\/x.com\/TourTravel_More\"]}]}<\/script>\n<!-- \/ Yoast SEO Premium plugin. -->","yoast_head_json":{"title":"Visite priv\u00e9e du Kremlin et de l'armurerie avec guide officiel et billets d'entr\u00e9e","description":"Profitez de cette occasion pour d\u00e9couvrir le merveilleux Kremlin de Moscou, l'un des endroits les plus visit\u00e9s du pays. Visite priv\u00e9e du Kremlin et du man\u00e8ge militaire","robots":{"index":"index","follow":"follow","max-snippet":"max-snippet:-1","max-image-preview":"max-image-preview:large","max-video-preview":"max-video-preview:-1"},"canonical":"https:\/\/tourtravelandmore.com\/fr\/tours\/russie-fr\/moscow-fr\/visite-privee-du-kremlin-et-du-manege-militaire\/","og_locale":"fr_FR","og_type":"article","og_title":"Visite priv\u00e9e du Kremlin et du man\u00e8ge militaire","og_description":"Profitez de cette occasion pour d\u00e9couvrir le merveilleux Kremlin de Moscou, l'un des endroits les plus visit\u00e9s du pays. Visite priv\u00e9e du Kremlin et du man\u00e8ge militaire","og_url":"https:\/\/tourtravelandmore.com\/fr\/tours\/russie-fr\/moscow-fr\/visite-privee-du-kremlin-et-du-manege-militaire\/","og_site_name":"Tour Travel And More","article_publisher":"https:\/\/www.facebook.com\/tourtravelandmore\/","article_modified_time":"2021-03-22T09:55:08+00:00","og_image":[{"width":856,"height":1280,"url":"https:\/\/tourtravelandmore.com\/wp-content\/uploads\/2020\/03\/moscow-2808494_1280.jpg","type":"image\/jpeg"}],"twitter_card":"summary_large_image","twitter_site":"@TourTravel_More","twitter_misc":{"Dur\u00e9e de lecture estim\u00e9e":"2 minutes"},"schema":{"@context":"https:\/\/schema.org","@graph":[{"@type":"WebPage","@id":"https:\/\/tourtravelandmore.com\/fr\/tours\/russie-fr\/moscow-fr\/visite-privee-du-kremlin-et-du-manege-militaire\/","url":"https:\/\/tourtravelandmore.com\/fr\/tours\/russie-fr\/moscow-fr\/visite-privee-du-kremlin-et-du-manege-militaire\/","name":"Visite priv\u00e9e du Kremlin et de l'armurerie avec guide officiel et billets d'entr\u00e9e","isPartOf":{"@id":"https:\/\/tourtravelandmore.com\/fr\/#website"},"primaryImageOfPage":{"@id":"https:\/\/tourtravelandmore.com\/fr\/tours\/russie-fr\/moscow-fr\/visite-privee-du-kremlin-et-du-manege-militaire\/#primaryimage"},"image":{"@id":"https:\/\/tourtravelandmore.com\/fr\/tours\/russie-fr\/moscow-fr\/visite-privee-du-kremlin-et-du-manege-militaire\/#primaryimage"},"thumbnailUrl":"https:\/\/tourtravelandmore.com\/wp-content\/uploads\/2020\/03\/moscow-2808494_1280.jpg","datePublished":"2020-03-31T09:17:19+00:00","dateModified":"2021-03-22T09:55:08+00:00","description":"Profitez de cette occasion pour d\u00e9couvrir le merveilleux Kremlin de Moscou, l'un des endroits les plus visit\u00e9s du pays. Visite priv\u00e9e du Kremlin et du man\u00e8ge militaire","breadcrumb":{"@id":"https:\/\/tourtravelandmore.com\/fr\/tours\/russie-fr\/moscow-fr\/visite-privee-du-kremlin-et-du-manege-militaire\/#breadcrumb"},"inLanguage":"fr-FR","potentialAction":[{"@type":"ReadAction","target":["https:\/\/tourtravelandmore.com\/fr\/tours\/russie-fr\/moscow-fr\/visite-privee-du-kremlin-et-du-manege-militaire\/"]}]},{"@type":"ImageObject","inLanguage":"fr-FR","@id":"https:\/\/tourtravelandmore.com\/fr\/tours\/russie-fr\/moscow-fr\/visite-privee-du-kremlin-et-du-manege-militaire\/#primaryimage","url":"https:\/\/tourtravelandmore.com\/wp-content\/uploads\/2020\/03\/moscow-2808494_1280.jpg","contentUrl":"https:\/\/tourtravelandmore.com\/wp-content\/uploads\/2020\/03\/moscow-2808494_1280.jpg","width":856,"height":1280},{"@type":"BreadcrumbList","@id":"https:\/\/tourtravelandmore.com\/fr\/tours\/russie-fr\/moscow-fr\/visite-privee-du-kremlin-et-du-manege-militaire\/#breadcrumb","itemListElement":[{"@type":"ListItem","position":1,"name":"Home","item":"https:\/\/tourtravelandmore.com\/fr\/"},{"@type":"ListItem","position":2,"name":"Tours","item":"https:\/\/tourtravelandmore.com\/fr\/tours\/"},{"@type":"ListItem","position":3,"name":"Visite priv\u00e9e du Kremlin et du man\u00e8ge militaire"}]},{"@type":"WebSite","@id":"https:\/\/tourtravelandmore.com\/fr\/#website","url":"https:\/\/tourtravelandmore.com\/fr\/","name":"Tour Travel And More","description":"Private sightseeing tours and luxury transfers in Spain","publisher":{"@id":"https:\/\/tourtravelandmore.com\/fr\/#organization"},"potentialAction":[{"@type":"SearchAction","target":{"@type":"EntryPoint","urlTemplate":"https:\/\/tourtravelandmore.com\/fr\/?s={search_term_string}"},"query-input":{"@type":"PropertyValueSpecification","valueRequired":true,"valueName":"search_term_string"}}],"inLanguage":"fr-FR"},{"@type":"Organization","@id":"https:\/\/tourtravelandmore.com\/fr\/#organization","name":"Tour Travel And More","url":"https:\/\/tourtravelandmore.com\/fr\/","logo":{"@type":"ImageObject","inLanguage":"fr-FR","@id":"https:\/\/tourtravelandmore.com\/fr\/#\/schema\/logo\/image\/","url":"https:\/\/tourtravelandmore.com\/wp-content\/uploads\/2022\/12\/cropped-logo-cabecera-new.png","contentUrl":"https:\/\/tourtravelandmore.com\/wp-content\/uploads\/2022\/12\/cropped-logo-cabecera-new.png","width":430,"height":61,"caption":"Tour Travel And More"},"image":{"@id":"https:\/\/tourtravelandmore.com\/fr\/#\/schema\/logo\/image\/"},"sameAs":["https:\/\/www.facebook.com\/tourtravelandmore\/","https:\/\/x.com\/TourTravel_More"]}]}},"_links":{"self":[{"href":"https:\/\/tourtravelandmore.com\/fr\/wp-json\/wp\/v2\/product\/104578","targetHints":{"allow":["GET"]}}],"collection":[{"href":"https:\/\/tourtravelandmore.com\/fr\/wp-json\/wp\/v2\/product"}],"about":[{"href":"https:\/\/tourtravelandmore.com\/fr\/wp-json\/wp\/v2\/types\/product"}],"replies":[{"embeddable":true,"href":"https:\/\/tourtravelandmore.com\/fr\/wp-json\/wp\/v2\/comments?post=104578"}],"wp:featuredmedia":[{"embeddable":true,"href":"https:\/\/tourtravelandmore.com\/fr\/wp-json\/wp\/v2\/media\/97430"}],"wp:attachment":[{"href":"https:\/\/tourtravelandmore.com\/fr\/wp-json\/wp\/v2\/media?parent=104578"}],"wp:term":[{"taxonomy":"product_brand","embeddable":true,"href":"https:\/\/tourtravelandmore.com\/fr\/wp-json\/wp\/v2\/product_brand?post=104578"},{"taxonomy":"product_cat","embeddable":true,"href":"https:\/\/tourtravelandmore.com\/fr\/wp-json\/wp\/v2\/product_cat?post=104578"},{"taxonomy":"product_tag","embeddable":true,"href":"https:\/\/tourtravelandmore.com\/fr\/wp-json\/wp\/v2\/product_tag?post=104578"}],"curies":[{"name":"wp","href":"https:\/\/api.w.org\/{rel}","templated":true}]}}