{"id":104572,"date":"2020-03-27T12:05:17","date_gmt":"2020-03-27T11:05:17","guid":{"rendered":"https:\/\/tourtravelandmore.com\/tours\/non%20class\u00e9\/visite-privee-a-pied-de-moscou\/"},"modified":"2021-03-22T10:53:49","modified_gmt":"2021-03-22T09:53:49","slug":"visite-privee-a-pied-de-moscou","status":"publish","type":"product","link":"https:\/\/tourtravelandmore.com\/fr\/tours\/russie-fr\/moscow-fr\/visite-privee-a-pied-de-moscou\/","title":{"rendered":"Visite priv\u00e9e \u00e0 pied de Moscou"},"content":{"rendered":"<h2>Description:<\/h2>\n<p>Venez avec nous et profitez de cette visite priv\u00e9e \u00e0 pied de Moscou \u00e0 travers Moscou. Demandez \u00e0 notre guide priv\u00e9 de vous emmener voir la grande architecture et l&#8217;histoire de la ville de Moscou.<\/p>\n<p>Moscou est vraiment une ville unique en Russie. Ce n&#8217;est pas seulement la capitale du pays mais la plus grande ville de Russie!<\/p>\n<p>Au cours de cette belle promenade informative, vous compterez sur la compagnie d&#8217;un guide priv\u00e9. Votre guide est \u00e9galement un grand connaisseur de la r\u00e9gion, de son histoire, de ses l\u00e9gendes et des anecdotes les plus int\u00e9ressantes qui ont fait de la capitale de la Russie l&#8217;une des principales villes du monde.<\/p>\n<p>Cette visite priv\u00e9e \u00e0 pied d\u00e9butera dans le centre-ville de Moscou. C&#8217;est un point de rencontre central. Si votre h\u00f4tel est situ\u00e9 au centre, nous pouvons organiser une prise en charge priv\u00e9e \u00e0 pied.<\/p>\n<p>Profitez du meilleur du centre-ville et du c\u0153ur de Moscou. Notre guide priv\u00e9 officiel est un professionnel amoureux de sa ville! Nous vous ferons aimer Moscou autant que nous!<\/p>\n<h2>Sites d&#8217;int\u00e9r\u00eat et monuments<\/h2>\n<p>Participez \u00e0 notre visite priv\u00e9e \u00e0 pied de Moscou pour cette exp\u00e9rience, ce serait la Place Rouge. Il est consid\u00e9r\u00e9 comme le c\u0153ur et l&#8217;\u00e2me de la Russie, abritant, entre autres, l&#8217;embl\u00e9matique cath\u00e9drale Saint-Basile du XVIe si\u00e8cle et la pyramide constructiviste du mausol\u00e9e de L\u00e9nine.<\/p>\n<p>Nous pouvons organiser \u00e0 l&#8217;avance des billets coupe-file pour le mus\u00e9e et la cath\u00e9drale. Le mausol\u00e9e de L\u00e9nine est ouvert tous les jours de 10h00 \u00e0 13h00. Il est ferm\u00e9 les lundis et vendredis. L&#8217;entr\u00e9e au tombeau est gratuite.<\/p>\n<p>La prochaine \u00e9tape de cette visite sera le mus\u00e9e historique d&#8217;\u00c9tat. C&#8217;est la plus grande collection sur l&#8217;histoire de la Russie depuis l&#8217;Antiquit\u00e9 jusqu&#8217;\u00e0 la fin du XIXe si\u00e8cle. 5 millions d&#8217;expositions et des int\u00e9rieurs uniques dans le style russe. La visite du mus\u00e9e \u00e0 l&#8217;int\u00e9rieur est facultative, nous pouvons organiser \u00e0 l&#8217;avance des billets coupe-file.<\/p>\n<p>Vous visiterez \u00e9galement la cath\u00e9drale de Kazan. Il s\u2019agit d\u2019une r\u00e9plique de l\u2019original construit pour comm\u00e9morer la victoire du tsar Michel, en 1612, sur les Polonais \u00e0 la fin du temps des troubles. L&#8217;original a explos\u00e9 pendant le r\u00e9gime communiste.<\/p>\n<p>Votre visite priv\u00e9e comprendra une visite de la porte de la r\u00e9surrection et de la chapelle ib\u00e9rique. C&#8217;est l&#8217;une des plus petites chapelles de Moscou. Il s&#8217;agit de ses tours jumelles rouges surmont\u00e9es de fl\u00e8ches de tente vertes, une r\u00e9plique construite en 1995.<\/p>\n<p>Autres sites que vous pourriez \u00e9galement visiter lors de votre visite priv\u00e9e:<\/p>\n<p>&#8211; Z\u00e9ro kilom\u00e8tre<br \/>\n&#8211; Place du Man\u00e8ge<br \/>\n&#8211; Monument du mar\u00e9chal Joukov<br \/>\n&#8211; Le tombeau du soldat inconnu<br \/>\n&#8211; Rue Arbat<br \/>\n&#8211; Beaucoup plus!<\/p>\n<p>Enfin, cette visite priv\u00e9e \u00e0 pied se terminera dans le centre-ville de Moscou. Pour cette visite priv\u00e9e, si vous pr\u00e9f\u00e9rez, nous pouvons organiser un transport priv\u00e9.<\/p>\n<p>Profitez \u00e9galement de notre visite priv\u00e9e de la ville de Moscou.<\/p>\n","protected":false},"excerpt":{"rendered":"<p>Visite priv\u00e9e \u00e0 pied de Moscou. Profitez de cette occasion pour d\u00e9couvrir les lieux les plus embl\u00e9matiques de l&#8217;\u00e9tonnante ville de Moscou avec nos guides officiels.<\/p>\n","protected":false},"featured_media":97422,"comment_status":"open","ping_status":"closed","template":"","meta":{"_acf_changed":false},"product_brand":[],"product_cat":[3739,3825],"product_tag":[],"class_list":{"0":"post-104572","1":"product","2":"type-product","3":"status-publish","4":"has-post-thumbnail","6":"product_cat-russie-fr","7":"product_cat-moscow-fr","9":"first","10":"instock","11":"shipping-taxable","12":"purchasable","13":"product-type-simple"},"acf":[],"yoast_head":"<!-- This site is optimized with the Yoast SEO Premium plugin v25.3.1 (Yoast SEO v25.3.1) - https:\/\/yoast.com\/wordpress\/plugins\/seo\/ -->\n<title>Visite priv\u00e9e \u00e0 pied de Moscou - Guide touristique officiel priv\u00e9<\/title>\n<meta name=\"description\" content=\"Visite priv\u00e9e \u00e0 pied de Moscou. Profitez de cette occasion pour d\u00e9couvrir les lieux les plus embl\u00e9matiques de l&#039;\u00e9tonnante ville de Moscou avec nos guides officiels.\" \/>\n<meta name=\"robots\" content=\"index, follow, max-snippet:-1, max-image-preview:large, max-video-preview:-1\" \/>\n<link rel=\"canonical\" href=\"https:\/\/tourtravelandmore.com\/fr\/tours\/russie-fr\/moscow-fr\/visite-privee-a-pied-de-moscou\/\" \/>\n<meta property=\"og:locale\" content=\"fr_FR\" \/>\n<meta property=\"og:type\" content=\"article\" \/>\n<meta property=\"og:title\" content=\"Visite priv\u00e9e \u00e0 pied de Moscou\" \/>\n<meta property=\"og:description\" content=\"Visite priv\u00e9e \u00e0 pied de Moscou. Profitez de cette occasion pour d\u00e9couvrir les lieux les plus embl\u00e9matiques de l&#039;\u00e9tonnante ville de Moscou avec nos guides officiels.\" \/>\n<meta property=\"og:url\" content=\"https:\/\/tourtravelandmore.com\/fr\/tours\/russie-fr\/moscow-fr\/visite-privee-a-pied-de-moscou\/\" \/>\n<meta property=\"og:site_name\" content=\"Tour Travel And More\" \/>\n<meta property=\"article:publisher\" content=\"https:\/\/www.facebook.com\/tourtravelandmore\/\" \/>\n<meta property=\"article:modified_time\" content=\"2021-03-22T09:53:49+00:00\" \/>\n<meta property=\"og:image\" content=\"https:\/\/tourtravelandmore.com\/wp-content\/uploads\/2020\/03\/St_Basil_Moscow.jpg\" \/>\n\t<meta property=\"og:image:width\" content=\"836\" \/>\n\t<meta property=\"og:image:height\" content=\"899\" \/>\n\t<meta property=\"og:image:type\" content=\"image\/jpeg\" \/>\n<meta name=\"twitter:card\" content=\"summary_large_image\" \/>\n<meta name=\"twitter:site\" content=\"@TourTravel_More\" \/>\n<meta name=\"twitter:label1\" content=\"Dur\u00e9e de lecture estim\u00e9e\" \/>\n\t<meta name=\"twitter:data1\" content=\"3 minutes\" \/>\n<script type=\"application\/ld+json\" class=\"yoast-schema-graph\">{\"@context\":\"https:\/\/schema.org\",\"@graph\":[{\"@type\":\"WebPage\",\"@id\":\"https:\/\/tourtravelandmore.com\/fr\/tours\/russie-fr\/moscow-fr\/visite-privee-a-pied-de-moscou\/\",\"url\":\"https:\/\/tourtravelandmore.com\/fr\/tours\/russie-fr\/moscow-fr\/visite-privee-a-pied-de-moscou\/\",\"name\":\"Visite priv\u00e9e \u00e0 pied de Moscou - Guide touristique officiel priv\u00e9\",\"isPartOf\":{\"@id\":\"https:\/\/tourtravelandmore.com\/fr\/#website\"},\"primaryImageOfPage\":{\"@id\":\"https:\/\/tourtravelandmore.com\/fr\/tours\/russie-fr\/moscow-fr\/visite-privee-a-pied-de-moscou\/#primaryimage\"},\"image\":{\"@id\":\"https:\/\/tourtravelandmore.com\/fr\/tours\/russie-fr\/moscow-fr\/visite-privee-a-pied-de-moscou\/#primaryimage\"},\"thumbnailUrl\":\"https:\/\/tourtravelandmore.com\/wp-content\/uploads\/2020\/03\/St_Basil_Moscow.jpg\",\"datePublished\":\"2020-03-27T11:05:17+00:00\",\"dateModified\":\"2021-03-22T09:53:49+00:00\",\"description\":\"Visite priv\u00e9e \u00e0 pied de Moscou. Profitez de cette occasion pour d\u00e9couvrir les lieux les plus embl\u00e9matiques de l'\u00e9tonnante ville de Moscou avec nos guides officiels.\",\"breadcrumb\":{\"@id\":\"https:\/\/tourtravelandmore.com\/fr\/tours\/russie-fr\/moscow-fr\/visite-privee-a-pied-de-moscou\/#breadcrumb\"},\"inLanguage\":\"fr-FR\",\"potentialAction\":[{\"@type\":\"ReadAction\",\"target\":[\"https:\/\/tourtravelandmore.com\/fr\/tours\/russie-fr\/moscow-fr\/visite-privee-a-pied-de-moscou\/\"]}]},{\"@type\":\"ImageObject\",\"inLanguage\":\"fr-FR\",\"@id\":\"https:\/\/tourtravelandmore.com\/fr\/tours\/russie-fr\/moscow-fr\/visite-privee-a-pied-de-moscou\/#primaryimage\",\"url\":\"https:\/\/tourtravelandmore.com\/wp-content\/uploads\/2020\/03\/St_Basil_Moscow.jpg\",\"contentUrl\":\"https:\/\/tourtravelandmore.com\/wp-content\/uploads\/2020\/03\/St_Basil_Moscow.jpg\",\"width\":836,\"height\":899,\"caption\":\"\u041f\u043e\u043a\u0440\u043e\u0432\u0441\u043a\u0438\u0439 \u0421\u043e\u0431\u043e\u0440\"},{\"@type\":\"BreadcrumbList\",\"@id\":\"https:\/\/tourtravelandmore.com\/fr\/tours\/russie-fr\/moscow-fr\/visite-privee-a-pied-de-moscou\/#breadcrumb\",\"itemListElement\":[{\"@type\":\"ListItem\",\"position\":1,\"name\":\"Home\",\"item\":\"https:\/\/tourtravelandmore.com\/fr\/\"},{\"@type\":\"ListItem\",\"position\":2,\"name\":\"Tours\",\"item\":\"https:\/\/tourtravelandmore.com\/fr\/tours\/\"},{\"@type\":\"ListItem\",\"position\":3,\"name\":\"Visite priv\u00e9e \u00e0 pied de Moscou\"}]},{\"@type\":\"WebSite\",\"@id\":\"https:\/\/tourtravelandmore.com\/fr\/#website\",\"url\":\"https:\/\/tourtravelandmore.com\/fr\/\",\"name\":\"Tour Travel And More\",\"description\":\"Private sightseeing tours and luxury transfers in Spain\",\"publisher\":{\"@id\":\"https:\/\/tourtravelandmore.com\/fr\/#organization\"},\"potentialAction\":[{\"@type\":\"SearchAction\",\"target\":{\"@type\":\"EntryPoint\",\"urlTemplate\":\"https:\/\/tourtravelandmore.com\/fr\/?s={search_term_string}\"},\"query-input\":{\"@type\":\"PropertyValueSpecification\",\"valueRequired\":true,\"valueName\":\"search_term_string\"}}],\"inLanguage\":\"fr-FR\"},{\"@type\":\"Organization\",\"@id\":\"https:\/\/tourtravelandmore.com\/fr\/#organization\",\"name\":\"Tour Travel And More\",\"url\":\"https:\/\/tourtravelandmore.com\/fr\/\",\"logo\":{\"@type\":\"ImageObject\",\"inLanguage\":\"fr-FR\",\"@id\":\"https:\/\/tourtravelandmore.com\/fr\/#\/schema\/logo\/image\/\",\"url\":\"https:\/\/tourtravelandmore.com\/wp-content\/uploads\/2022\/12\/cropped-logo-cabecera-new.png\",\"contentUrl\":\"https:\/\/tourtravelandmore.com\/wp-content\/uploads\/2022\/12\/cropped-logo-cabecera-new.png\",\"width\":430,\"height\":61,\"caption\":\"Tour Travel And More\"},\"image\":{\"@id\":\"https:\/\/tourtravelandmore.com\/fr\/#\/schema\/logo\/image\/\"},\"sameAs\":[\"https:\/\/www.facebook.com\/tourtravelandmore\/\",\"https:\/\/x.com\/TourTravel_More\"]}]}<\/script>\n<!-- \/ Yoast SEO Premium plugin. -->","yoast_head_json":{"title":"Visite priv\u00e9e \u00e0 pied de Moscou - Guide touristique officiel priv\u00e9","description":"Visite priv\u00e9e \u00e0 pied de Moscou. Profitez de cette occasion pour d\u00e9couvrir les lieux les plus embl\u00e9matiques de l'\u00e9tonnante ville de Moscou avec nos guides officiels.","robots":{"index":"index","follow":"follow","max-snippet":"max-snippet:-1","max-image-preview":"max-image-preview:large","max-video-preview":"max-video-preview:-1"},"canonical":"https:\/\/tourtravelandmore.com\/fr\/tours\/russie-fr\/moscow-fr\/visite-privee-a-pied-de-moscou\/","og_locale":"fr_FR","og_type":"article","og_title":"Visite priv\u00e9e \u00e0 pied de Moscou","og_description":"Visite priv\u00e9e \u00e0 pied de Moscou. Profitez de cette occasion pour d\u00e9couvrir les lieux les plus embl\u00e9matiques de l'\u00e9tonnante ville de Moscou avec nos guides officiels.","og_url":"https:\/\/tourtravelandmore.com\/fr\/tours\/russie-fr\/moscow-fr\/visite-privee-a-pied-de-moscou\/","og_site_name":"Tour Travel And More","article_publisher":"https:\/\/www.facebook.com\/tourtravelandmore\/","article_modified_time":"2021-03-22T09:53:49+00:00","og_image":[{"width":836,"height":899,"url":"https:\/\/tourtravelandmore.com\/wp-content\/uploads\/2020\/03\/St_Basil_Moscow.jpg","type":"image\/jpeg"}],"twitter_card":"summary_large_image","twitter_site":"@TourTravel_More","twitter_misc":{"Dur\u00e9e de lecture estim\u00e9e":"3 minutes"},"schema":{"@context":"https:\/\/schema.org","@graph":[{"@type":"WebPage","@id":"https:\/\/tourtravelandmore.com\/fr\/tours\/russie-fr\/moscow-fr\/visite-privee-a-pied-de-moscou\/","url":"https:\/\/tourtravelandmore.com\/fr\/tours\/russie-fr\/moscow-fr\/visite-privee-a-pied-de-moscou\/","name":"Visite priv\u00e9e \u00e0 pied de Moscou - Guide touristique officiel priv\u00e9","isPartOf":{"@id":"https:\/\/tourtravelandmore.com\/fr\/#website"},"primaryImageOfPage":{"@id":"https:\/\/tourtravelandmore.com\/fr\/tours\/russie-fr\/moscow-fr\/visite-privee-a-pied-de-moscou\/#primaryimage"},"image":{"@id":"https:\/\/tourtravelandmore.com\/fr\/tours\/russie-fr\/moscow-fr\/visite-privee-a-pied-de-moscou\/#primaryimage"},"thumbnailUrl":"https:\/\/tourtravelandmore.com\/wp-content\/uploads\/2020\/03\/St_Basil_Moscow.jpg","datePublished":"2020-03-27T11:05:17+00:00","dateModified":"2021-03-22T09:53:49+00:00","description":"Visite priv\u00e9e \u00e0 pied de Moscou. Profitez de cette occasion pour d\u00e9couvrir les lieux les plus embl\u00e9matiques de l'\u00e9tonnante ville de Moscou avec nos guides officiels.","breadcrumb":{"@id":"https:\/\/tourtravelandmore.com\/fr\/tours\/russie-fr\/moscow-fr\/visite-privee-a-pied-de-moscou\/#breadcrumb"},"inLanguage":"fr-FR","potentialAction":[{"@type":"ReadAction","target":["https:\/\/tourtravelandmore.com\/fr\/tours\/russie-fr\/moscow-fr\/visite-privee-a-pied-de-moscou\/"]}]},{"@type":"ImageObject","inLanguage":"fr-FR","@id":"https:\/\/tourtravelandmore.com\/fr\/tours\/russie-fr\/moscow-fr\/visite-privee-a-pied-de-moscou\/#primaryimage","url":"https:\/\/tourtravelandmore.com\/wp-content\/uploads\/2020\/03\/St_Basil_Moscow.jpg","contentUrl":"https:\/\/tourtravelandmore.com\/wp-content\/uploads\/2020\/03\/St_Basil_Moscow.jpg","width":836,"height":899,"caption":"\u041f\u043e\u043a\u0440\u043e\u0432\u0441\u043a\u0438\u0439 \u0421\u043e\u0431\u043e\u0440"},{"@type":"BreadcrumbList","@id":"https:\/\/tourtravelandmore.com\/fr\/tours\/russie-fr\/moscow-fr\/visite-privee-a-pied-de-moscou\/#breadcrumb","itemListElement":[{"@type":"ListItem","position":1,"name":"Home","item":"https:\/\/tourtravelandmore.com\/fr\/"},{"@type":"ListItem","position":2,"name":"Tours","item":"https:\/\/tourtravelandmore.com\/fr\/tours\/"},{"@type":"ListItem","position":3,"name":"Visite priv\u00e9e \u00e0 pied de Moscou"}]},{"@type":"WebSite","@id":"https:\/\/tourtravelandmore.com\/fr\/#website","url":"https:\/\/tourtravelandmore.com\/fr\/","name":"Tour Travel And More","description":"Private sightseeing tours and luxury transfers in Spain","publisher":{"@id":"https:\/\/tourtravelandmore.com\/fr\/#organization"},"potentialAction":[{"@type":"SearchAction","target":{"@type":"EntryPoint","urlTemplate":"https:\/\/tourtravelandmore.com\/fr\/?s={search_term_string}"},"query-input":{"@type":"PropertyValueSpecification","valueRequired":true,"valueName":"search_term_string"}}],"inLanguage":"fr-FR"},{"@type":"Organization","@id":"https:\/\/tourtravelandmore.com\/fr\/#organization","name":"Tour Travel And More","url":"https:\/\/tourtravelandmore.com\/fr\/","logo":{"@type":"ImageObject","inLanguage":"fr-FR","@id":"https:\/\/tourtravelandmore.com\/fr\/#\/schema\/logo\/image\/","url":"https:\/\/tourtravelandmore.com\/wp-content\/uploads\/2022\/12\/cropped-logo-cabecera-new.png","contentUrl":"https:\/\/tourtravelandmore.com\/wp-content\/uploads\/2022\/12\/cropped-logo-cabecera-new.png","width":430,"height":61,"caption":"Tour Travel And More"},"image":{"@id":"https:\/\/tourtravelandmore.com\/fr\/#\/schema\/logo\/image\/"},"sameAs":["https:\/\/www.facebook.com\/tourtravelandmore\/","https:\/\/x.com\/TourTravel_More"]}]}},"_links":{"self":[{"href":"https:\/\/tourtravelandmore.com\/fr\/wp-json\/wp\/v2\/product\/104572","targetHints":{"allow":["GET"]}}],"collection":[{"href":"https:\/\/tourtravelandmore.com\/fr\/wp-json\/wp\/v2\/product"}],"about":[{"href":"https:\/\/tourtravelandmore.com\/fr\/wp-json\/wp\/v2\/types\/product"}],"replies":[{"embeddable":true,"href":"https:\/\/tourtravelandmore.com\/fr\/wp-json\/wp\/v2\/comments?post=104572"}],"wp:featuredmedia":[{"embeddable":true,"href":"https:\/\/tourtravelandmore.com\/fr\/wp-json\/wp\/v2\/media\/97422"}],"wp:attachment":[{"href":"https:\/\/tourtravelandmore.com\/fr\/wp-json\/wp\/v2\/media?parent=104572"}],"wp:term":[{"taxonomy":"product_brand","embeddable":true,"href":"https:\/\/tourtravelandmore.com\/fr\/wp-json\/wp\/v2\/product_brand?post=104572"},{"taxonomy":"product_cat","embeddable":true,"href":"https:\/\/tourtravelandmore.com\/fr\/wp-json\/wp\/v2\/product_cat?post=104572"},{"taxonomy":"product_tag","embeddable":true,"href":"https:\/\/tourtravelandmore.com\/fr\/wp-json\/wp\/v2\/product_tag?post=104572"}],"curies":[{"name":"wp","href":"https:\/\/api.w.org\/{rel}","templated":true}]}}