{"id":104563,"date":"2020-10-30T12:28:46","date_gmt":"2020-10-30T11:28:46","guid":{"rendered":"https:\/\/tourtravelandmore.com\/tours\/non%20class\u00e9\/visite-privee-a-pied-de-san-diego\/"},"modified":"2021-03-22T10:35:35","modified_gmt":"2021-03-22T09:35:35","slug":"visite-privee-a-pied-de-san-diego","status":"publish","type":"product","link":"https:\/\/tourtravelandmore.com\/fr\/tours\/etats-unis-fr\/san-diego-fr\/visite-privee-a-pied-de-san-diego\/","title":{"rendered":"Visite priv\u00e9e \u00e0 pied de San Diego"},"content":{"rendered":"<h2>Description:<\/h2>\n<p>Si vous partez en tourn\u00e9e aux \u00c9tats-Unis, vous devez absolument passer quelques jours \u00e0 San Diego. Tour Travel &amp; More vous donne la possibilit\u00e9 de vous joindre \u00e0 nous pour une visite priv\u00e9e \u00e0 pied de San Diego avec un guide priv\u00e9 local. Vous pourrez visiter tous les lieux et monuments les plus importants en 3 heures de visite.<\/p>\n<p>La prise en charge se fera depuis votre h\u00f4tel situ\u00e9 au centre ou au point de rendez-vous central. Au cas o\u00f9 vous en auriez besoin, nous pouvons \u00e9galement fournir un transfert priv\u00e9 depuis n&#8217;importe quel endroit en dehors du centre.<\/p>\n<p>San Diego est une ville sur la c\u00f4te pacifique de la Californie, au sud de Los Angeles et \u00e0 c\u00f4t\u00e9 de la fronti\u00e8re mexicaine. C&#8217;est l&#8217;un des endroits les plus visit\u00e9s en raison de ses superbes plages, de ses parcs et de son temps chaud. En d&#8217;autres termes, c&#8217;est la destination id\u00e9ale pour vos vacances!<\/p>\n<p>Ressentez le contact du vent et la chaleur du soleil sur votre visage avec cette visite priv\u00e9e \u00e0 pied de San Diego. Profitez de l&#8217;occasion pour visiter une ville incroyable avec un professionnel local.<\/p>\n<h2>Sites d&#8217;int\u00e9r\u00eat et points de rep\u00e8re<\/h2>\n<p>Tout d&#8217;abord, nous organiserons un point de rencontre central avec votre guide local. Comme il s&#8217;agit d&#8217;une exp\u00e9rience priv\u00e9e et personnalis\u00e9e, vous pourrez choisir l&#8217;heure de d\u00e9but de la visite.<\/p>\n<p>Avez-vous votre appareil photo pr\u00eat?, Car lors de cette visite, vous ferez de nombreux arr\u00eats o\u00f9 vous prendrez les meilleures photos de la ville. Cette visite priv\u00e9e \u00e0 pied de San Diego sera bas\u00e9e dans la vieille ville et ses environs. Entre autres monuments et lieux que vous pourrez visiter:<\/p>\n<ul>\n<li>Vieille ville de San Diego<\/li>\n<li>Parc Presidio<\/li>\n<li>Parc historique de la vieille ville de San Diego<\/li>\n<li>Mus\u00e9e de la maison Whaley<\/li>\n<li>March\u00e9 de la vieille ville<\/li>\n<li>Site historique du bataillon mormon<\/li>\n<li>Maison Estudillo<\/li>\n<li>Temple Beth Isra\u00ebl<\/li>\n<li>et beaucoup plus!<\/li>\n<\/ul>\n<p>Si vous pr\u00e9f\u00e9rez, nous pouvons inclure un billet d&#8217;entr\u00e9e \u00e0 tout mus\u00e9e ou monument que vous souhaitez visiter. De plus, comme il s&#8217;agit d&#8217;une exp\u00e9rience personnalis\u00e9e, nous pouvons ajouter plus d&#8217;heures ou m\u00eame en faire une excursion d&#8217;une journ\u00e9e compl\u00e8te. N&#8217;oubliez pas que nous sommes l\u00e0, pour faire le meilleur tour pour vous!<\/p>\n<p>Enfin, \u00e0 la fin de la visite, votre guide officiel priv\u00e9 vous d\u00e9posera dans un lieu central de San Diego.<\/p>\n<p>Nous avons de nombreuses options de visites priv\u00e9es dans et depuis San Diego, jetez un \u0153il \u00e0 notre liste de produits priv\u00e9s!.<\/p>\n","protected":false},"excerpt":{"rendered":"<p>Saisissez l&#8217;occasion de visiter la vieille ville de San Diego avec notre visite priv\u00e9e \u00e0 pied avec un expert local. Visitez et admirez l&#8217;histoire de cette ville unique, prenez des photos de tous les endroits que vous avez le plus aim\u00e9s. Passez un bon moment pendant vos vacances avec Tour Travel &amp; More.<\/p>\n","protected":false},"featured_media":98534,"comment_status":"open","ping_status":"closed","template":"","meta":{"_acf_changed":false},"product_brand":[],"product_cat":[3547,3788],"product_tag":[],"class_list":{"0":"post-104563","1":"product","2":"type-product","3":"status-publish","4":"has-post-thumbnail","6":"product_cat-etats-unis-fr","7":"product_cat-san-diego-fr","9":"first","10":"instock","11":"shipping-taxable","12":"purchasable","13":"product-type-simple"},"acf":[],"yoast_head":"<!-- This site is optimized with the Yoast SEO Premium plugin v25.3.1 (Yoast SEO v25.3.1) - https:\/\/yoast.com\/wordpress\/plugins\/seo\/ -->\n<title>Visite priv\u00e9e \u00e0 pied de San Diego avec un guide local<\/title>\n<meta name=\"description\" content=\"Venez avec nous sur cette visite priv\u00e9e \u00e0 pied de San Diego et profitez de la visite de la vieille ville de cette ville incroyable avec un guide local.\" \/>\n<meta name=\"robots\" content=\"index, follow, max-snippet:-1, max-image-preview:large, max-video-preview:-1\" \/>\n<link rel=\"canonical\" href=\"https:\/\/tourtravelandmore.com\/fr\/tours\/etats-unis-fr\/san-diego-fr\/visite-privee-a-pied-de-san-diego\/\" \/>\n<meta property=\"og:locale\" content=\"fr_FR\" \/>\n<meta property=\"og:type\" content=\"article\" \/>\n<meta property=\"og:title\" content=\"Visite priv\u00e9e \u00e0 pied de San Diego\" \/>\n<meta property=\"og:description\" content=\"Venez avec nous sur cette visite priv\u00e9e \u00e0 pied de San Diego et profitez de la visite de la vieille ville de cette ville incroyable avec un guide local.\" \/>\n<meta property=\"og:url\" content=\"https:\/\/tourtravelandmore.com\/fr\/tours\/etats-unis-fr\/san-diego-fr\/visite-privee-a-pied-de-san-diego\/\" \/>\n<meta property=\"og:site_name\" content=\"Tour Travel And More\" \/>\n<meta property=\"article:publisher\" content=\"https:\/\/www.facebook.com\/tourtravelandmore\/\" \/>\n<meta property=\"article:modified_time\" content=\"2021-03-22T09:35:35+00:00\" \/>\n<meta property=\"og:image\" content=\"https:\/\/tourtravelandmore.com\/wp-content\/uploads\/2020\/10\/san-diego-1-scaled.jpg\" \/>\n\t<meta property=\"og:image:width\" content=\"2560\" \/>\n\t<meta property=\"og:image:height\" content=\"1920\" \/>\n\t<meta property=\"og:image:type\" content=\"image\/jpeg\" \/>\n<meta name=\"twitter:card\" content=\"summary_large_image\" \/>\n<meta name=\"twitter:site\" content=\"@TourTravel_More\" \/>\n<meta name=\"twitter:label1\" content=\"Dur\u00e9e de lecture estim\u00e9e\" \/>\n\t<meta name=\"twitter:data1\" content=\"2 minutes\" \/>\n<script type=\"application\/ld+json\" class=\"yoast-schema-graph\">{\"@context\":\"https:\/\/schema.org\",\"@graph\":[{\"@type\":\"WebPage\",\"@id\":\"https:\/\/tourtravelandmore.com\/fr\/tours\/etats-unis-fr\/san-diego-fr\/visite-privee-a-pied-de-san-diego\/\",\"url\":\"https:\/\/tourtravelandmore.com\/fr\/tours\/etats-unis-fr\/san-diego-fr\/visite-privee-a-pied-de-san-diego\/\",\"name\":\"Visite priv\u00e9e \u00e0 pied de San Diego avec un guide local\",\"isPartOf\":{\"@id\":\"https:\/\/tourtravelandmore.com\/fr\/#website\"},\"primaryImageOfPage\":{\"@id\":\"https:\/\/tourtravelandmore.com\/fr\/tours\/etats-unis-fr\/san-diego-fr\/visite-privee-a-pied-de-san-diego\/#primaryimage\"},\"image\":{\"@id\":\"https:\/\/tourtravelandmore.com\/fr\/tours\/etats-unis-fr\/san-diego-fr\/visite-privee-a-pied-de-san-diego\/#primaryimage\"},\"thumbnailUrl\":\"https:\/\/tourtravelandmore.com\/wp-content\/uploads\/2020\/10\/san-diego-1-scaled.jpg\",\"datePublished\":\"2020-10-30T11:28:46+00:00\",\"dateModified\":\"2021-03-22T09:35:35+00:00\",\"description\":\"Venez avec nous sur cette visite priv\u00e9e \u00e0 pied de San Diego et profitez de la visite de la vieille ville de cette ville incroyable avec un guide local.\",\"breadcrumb\":{\"@id\":\"https:\/\/tourtravelandmore.com\/fr\/tours\/etats-unis-fr\/san-diego-fr\/visite-privee-a-pied-de-san-diego\/#breadcrumb\"},\"inLanguage\":\"fr-FR\",\"potentialAction\":[{\"@type\":\"ReadAction\",\"target\":[\"https:\/\/tourtravelandmore.com\/fr\/tours\/etats-unis-fr\/san-diego-fr\/visite-privee-a-pied-de-san-diego\/\"]}]},{\"@type\":\"ImageObject\",\"inLanguage\":\"fr-FR\",\"@id\":\"https:\/\/tourtravelandmore.com\/fr\/tours\/etats-unis-fr\/san-diego-fr\/visite-privee-a-pied-de-san-diego\/#primaryimage\",\"url\":\"https:\/\/tourtravelandmore.com\/wp-content\/uploads\/2020\/10\/san-diego-1-scaled.jpg\",\"contentUrl\":\"https:\/\/tourtravelandmore.com\/wp-content\/uploads\/2020\/10\/san-diego-1-scaled.jpg\",\"width\":2560,\"height\":1920},{\"@type\":\"BreadcrumbList\",\"@id\":\"https:\/\/tourtravelandmore.com\/fr\/tours\/etats-unis-fr\/san-diego-fr\/visite-privee-a-pied-de-san-diego\/#breadcrumb\",\"itemListElement\":[{\"@type\":\"ListItem\",\"position\":1,\"name\":\"Home\",\"item\":\"https:\/\/tourtravelandmore.com\/fr\/\"},{\"@type\":\"ListItem\",\"position\":2,\"name\":\"Tours\",\"item\":\"https:\/\/tourtravelandmore.com\/fr\/tours\/\"},{\"@type\":\"ListItem\",\"position\":3,\"name\":\"Visite priv\u00e9e \u00e0 pied de San Diego\"}]},{\"@type\":\"WebSite\",\"@id\":\"https:\/\/tourtravelandmore.com\/fr\/#website\",\"url\":\"https:\/\/tourtravelandmore.com\/fr\/\",\"name\":\"Tour Travel And More\",\"description\":\"Private sightseeing tours and luxury transfers in Spain\",\"publisher\":{\"@id\":\"https:\/\/tourtravelandmore.com\/fr\/#organization\"},\"potentialAction\":[{\"@type\":\"SearchAction\",\"target\":{\"@type\":\"EntryPoint\",\"urlTemplate\":\"https:\/\/tourtravelandmore.com\/fr\/?s={search_term_string}\"},\"query-input\":{\"@type\":\"PropertyValueSpecification\",\"valueRequired\":true,\"valueName\":\"search_term_string\"}}],\"inLanguage\":\"fr-FR\"},{\"@type\":\"Organization\",\"@id\":\"https:\/\/tourtravelandmore.com\/fr\/#organization\",\"name\":\"Tour Travel And More\",\"url\":\"https:\/\/tourtravelandmore.com\/fr\/\",\"logo\":{\"@type\":\"ImageObject\",\"inLanguage\":\"fr-FR\",\"@id\":\"https:\/\/tourtravelandmore.com\/fr\/#\/schema\/logo\/image\/\",\"url\":\"https:\/\/tourtravelandmore.com\/wp-content\/uploads\/2022\/12\/cropped-logo-cabecera-new.png\",\"contentUrl\":\"https:\/\/tourtravelandmore.com\/wp-content\/uploads\/2022\/12\/cropped-logo-cabecera-new.png\",\"width\":430,\"height\":61,\"caption\":\"Tour Travel And More\"},\"image\":{\"@id\":\"https:\/\/tourtravelandmore.com\/fr\/#\/schema\/logo\/image\/\"},\"sameAs\":[\"https:\/\/www.facebook.com\/tourtravelandmore\/\",\"https:\/\/x.com\/TourTravel_More\"]}]}<\/script>\n<!-- \/ Yoast SEO Premium plugin. -->","yoast_head_json":{"title":"Visite priv\u00e9e \u00e0 pied de San Diego avec un guide local","description":"Venez avec nous sur cette visite priv\u00e9e \u00e0 pied de San Diego et profitez de la visite de la vieille ville de cette ville incroyable avec un guide local.","robots":{"index":"index","follow":"follow","max-snippet":"max-snippet:-1","max-image-preview":"max-image-preview:large","max-video-preview":"max-video-preview:-1"},"canonical":"https:\/\/tourtravelandmore.com\/fr\/tours\/etats-unis-fr\/san-diego-fr\/visite-privee-a-pied-de-san-diego\/","og_locale":"fr_FR","og_type":"article","og_title":"Visite priv\u00e9e \u00e0 pied de San Diego","og_description":"Venez avec nous sur cette visite priv\u00e9e \u00e0 pied de San Diego et profitez de la visite de la vieille ville de cette ville incroyable avec un guide local.","og_url":"https:\/\/tourtravelandmore.com\/fr\/tours\/etats-unis-fr\/san-diego-fr\/visite-privee-a-pied-de-san-diego\/","og_site_name":"Tour Travel And More","article_publisher":"https:\/\/www.facebook.com\/tourtravelandmore\/","article_modified_time":"2021-03-22T09:35:35+00:00","og_image":[{"width":2560,"height":1920,"url":"https:\/\/tourtravelandmore.com\/wp-content\/uploads\/2020\/10\/san-diego-1-scaled.jpg","type":"image\/jpeg"}],"twitter_card":"summary_large_image","twitter_site":"@TourTravel_More","twitter_misc":{"Dur\u00e9e de lecture estim\u00e9e":"2 minutes"},"schema":{"@context":"https:\/\/schema.org","@graph":[{"@type":"WebPage","@id":"https:\/\/tourtravelandmore.com\/fr\/tours\/etats-unis-fr\/san-diego-fr\/visite-privee-a-pied-de-san-diego\/","url":"https:\/\/tourtravelandmore.com\/fr\/tours\/etats-unis-fr\/san-diego-fr\/visite-privee-a-pied-de-san-diego\/","name":"Visite priv\u00e9e \u00e0 pied de San Diego avec un guide local","isPartOf":{"@id":"https:\/\/tourtravelandmore.com\/fr\/#website"},"primaryImageOfPage":{"@id":"https:\/\/tourtravelandmore.com\/fr\/tours\/etats-unis-fr\/san-diego-fr\/visite-privee-a-pied-de-san-diego\/#primaryimage"},"image":{"@id":"https:\/\/tourtravelandmore.com\/fr\/tours\/etats-unis-fr\/san-diego-fr\/visite-privee-a-pied-de-san-diego\/#primaryimage"},"thumbnailUrl":"https:\/\/tourtravelandmore.com\/wp-content\/uploads\/2020\/10\/san-diego-1-scaled.jpg","datePublished":"2020-10-30T11:28:46+00:00","dateModified":"2021-03-22T09:35:35+00:00","description":"Venez avec nous sur cette visite priv\u00e9e \u00e0 pied de San Diego et profitez de la visite de la vieille ville de cette ville incroyable avec un guide local.","breadcrumb":{"@id":"https:\/\/tourtravelandmore.com\/fr\/tours\/etats-unis-fr\/san-diego-fr\/visite-privee-a-pied-de-san-diego\/#breadcrumb"},"inLanguage":"fr-FR","potentialAction":[{"@type":"ReadAction","target":["https:\/\/tourtravelandmore.com\/fr\/tours\/etats-unis-fr\/san-diego-fr\/visite-privee-a-pied-de-san-diego\/"]}]},{"@type":"ImageObject","inLanguage":"fr-FR","@id":"https:\/\/tourtravelandmore.com\/fr\/tours\/etats-unis-fr\/san-diego-fr\/visite-privee-a-pied-de-san-diego\/#primaryimage","url":"https:\/\/tourtravelandmore.com\/wp-content\/uploads\/2020\/10\/san-diego-1-scaled.jpg","contentUrl":"https:\/\/tourtravelandmore.com\/wp-content\/uploads\/2020\/10\/san-diego-1-scaled.jpg","width":2560,"height":1920},{"@type":"BreadcrumbList","@id":"https:\/\/tourtravelandmore.com\/fr\/tours\/etats-unis-fr\/san-diego-fr\/visite-privee-a-pied-de-san-diego\/#breadcrumb","itemListElement":[{"@type":"ListItem","position":1,"name":"Home","item":"https:\/\/tourtravelandmore.com\/fr\/"},{"@type":"ListItem","position":2,"name":"Tours","item":"https:\/\/tourtravelandmore.com\/fr\/tours\/"},{"@type":"ListItem","position":3,"name":"Visite priv\u00e9e \u00e0 pied de San Diego"}]},{"@type":"WebSite","@id":"https:\/\/tourtravelandmore.com\/fr\/#website","url":"https:\/\/tourtravelandmore.com\/fr\/","name":"Tour Travel And More","description":"Private sightseeing tours and luxury transfers in Spain","publisher":{"@id":"https:\/\/tourtravelandmore.com\/fr\/#organization"},"potentialAction":[{"@type":"SearchAction","target":{"@type":"EntryPoint","urlTemplate":"https:\/\/tourtravelandmore.com\/fr\/?s={search_term_string}"},"query-input":{"@type":"PropertyValueSpecification","valueRequired":true,"valueName":"search_term_string"}}],"inLanguage":"fr-FR"},{"@type":"Organization","@id":"https:\/\/tourtravelandmore.com\/fr\/#organization","name":"Tour Travel And More","url":"https:\/\/tourtravelandmore.com\/fr\/","logo":{"@type":"ImageObject","inLanguage":"fr-FR","@id":"https:\/\/tourtravelandmore.com\/fr\/#\/schema\/logo\/image\/","url":"https:\/\/tourtravelandmore.com\/wp-content\/uploads\/2022\/12\/cropped-logo-cabecera-new.png","contentUrl":"https:\/\/tourtravelandmore.com\/wp-content\/uploads\/2022\/12\/cropped-logo-cabecera-new.png","width":430,"height":61,"caption":"Tour Travel And More"},"image":{"@id":"https:\/\/tourtravelandmore.com\/fr\/#\/schema\/logo\/image\/"},"sameAs":["https:\/\/www.facebook.com\/tourtravelandmore\/","https:\/\/x.com\/TourTravel_More"]}]}},"_links":{"self":[{"href":"https:\/\/tourtravelandmore.com\/fr\/wp-json\/wp\/v2\/product\/104563","targetHints":{"allow":["GET"]}}],"collection":[{"href":"https:\/\/tourtravelandmore.com\/fr\/wp-json\/wp\/v2\/product"}],"about":[{"href":"https:\/\/tourtravelandmore.com\/fr\/wp-json\/wp\/v2\/types\/product"}],"replies":[{"embeddable":true,"href":"https:\/\/tourtravelandmore.com\/fr\/wp-json\/wp\/v2\/comments?post=104563"}],"wp:featuredmedia":[{"embeddable":true,"href":"https:\/\/tourtravelandmore.com\/fr\/wp-json\/wp\/v2\/media\/98534"}],"wp:attachment":[{"href":"https:\/\/tourtravelandmore.com\/fr\/wp-json\/wp\/v2\/media?parent=104563"}],"wp:term":[{"taxonomy":"product_brand","embeddable":true,"href":"https:\/\/tourtravelandmore.com\/fr\/wp-json\/wp\/v2\/product_brand?post=104563"},{"taxonomy":"product_cat","embeddable":true,"href":"https:\/\/tourtravelandmore.com\/fr\/wp-json\/wp\/v2\/product_cat?post=104563"},{"taxonomy":"product_tag","embeddable":true,"href":"https:\/\/tourtravelandmore.com\/fr\/wp-json\/wp\/v2\/product_tag?post=104563"}],"curies":[{"name":"wp","href":"https:\/\/api.w.org\/{rel}","templated":true}]}}