{"id":104557,"date":"2020-10-30T15:39:28","date_gmt":"2020-10-30T14:39:28","guid":{"rendered":"https:\/\/tourtravelandmore.com\/tours\/non%20class\u00e9\/visite-privee-de-la-ville-de-san-diego\/"},"modified":"2021-03-22T10:34:36","modified_gmt":"2021-03-22T09:34:36","slug":"visite-privee-de-la-ville-de-san-diego","status":"publish","type":"product","link":"https:\/\/tourtravelandmore.com\/fr\/tours\/etats-unis-fr\/san-diego-fr\/visite-privee-de-la-ville-de-san-diego\/","title":{"rendered":"Visite priv\u00e9e de la ville de San Diego"},"content":{"rendered":"<h2>Description:<\/h2>\n<p>San Diego est une ville magnifique qui vaut la peine d&#8217;\u00eatre visit\u00e9e de bout en bout, c&#8217;est pourquoi nous avons notre meilleure exp\u00e9rience de vente: San Diego Private City Tour. Cette visite priv\u00e9e comprend un v\u00e9hicule de luxe priv\u00e9 avec chauffeur et un guide officiel.<\/p>\n<p>Vous serez pris en charge \u00e0 votre h\u00f4tel ou lieu de votre choix \u00e0 San Diego. Votre guide officiel et votre chauffeur vous attendront \u00e0 l&#8217;endroit choisi pour commencer cette excursion d&#8217;une demi-journ\u00e9e.<\/p>\n<p>San Diego est une ville sur la c\u00f4te pacifique de la Californie, au sud de Los Angeles et \u00e0 c\u00f4t\u00e9 de la fronti\u00e8re mexicaine. C&#8217;est l&#8217;un des endroits les plus visit\u00e9s en raison de ses superbes plages, de ses parcs et de son temps chaud. En d&#8217;autres termes, c&#8217;est la destination id\u00e9ale pour vos vacances!.<\/p>\n<p>Vous trouverez ci-dessous l&#8217;itin\u00e9raire pour une visite de 4 heures, mais si vous pr\u00e9f\u00e9rez, nous pouvons inclure plus d&#8217;heures \u00e0 votre exp\u00e9rience. En outre, il est possible de faire une excursion d&#8217;une journ\u00e9e compl\u00e8te pour vous afin de visiter tous les coins de San Diego.<\/p>\n<p>Nous vous offrons \u00e9galement la possibilit\u00e9 d&#8217;effectuer une visite similaire uniquement avec un guide, jetez un \u0153il \u00e0 notre visite priv\u00e9e \u00e0 pied de San Diego.<\/p>\n<h2>Sites d&#8217;int\u00e9r\u00eat et monuments<\/h2>\n<p>Tout d&#8217;abord, votre guide officiel priv\u00e9 et votre chauffeur viendront vous chercher \u00e0 l&#8217;endroit de votre choix \u00e0 San Diego. Comme il s&#8217;agit d&#8217;une visite personnalis\u00e9e, vous pourrez d\u00e9cider de l&#8217;heure de d\u00e9but de votre exp\u00e9rience.<\/p>\n<p>San Diego est une ville merveilleuse, avec des plages incroyables, des monuments et des vues c\u00f4ti\u00e8res. Lors de cette visite priv\u00e9e de la ville de San Diego, vous pourrez visiter des lieux uniques et embl\u00e9matiques, tels que:<\/p>\n<ul>\n<li>Parc Balboa<\/li>\n<li>Petite Italie<\/li>\n<li>Vieille ville de San Diego<\/li>\n<li>Quartier Gaslamp<\/li>\n<li>Parc naturel de Sunset Cliff<\/li>\n<li>Parc Presidio<\/li>\n<li>March\u00e9 de la vieille ville<\/li>\n<li>Coucher de soleil \u00e0 Point Loma<\/li>\n<li>Plage du Pacifique<\/li>\n<li>Plage de Coronado<\/li>\n<li>Site historique du bataillon mormon<\/li>\n<li>Maison Estudillo<\/li>\n<li>et bien plus!<\/li>\n<\/ul>\n<p>Enfin, cette visite priv\u00e9e se terminera \u00e0 votre h\u00f4tel ou lieu de votre choix \u00e0 San Diego. Nos experts en voyages chez Tour Travel &amp; More sont \u00e0 votre disposition pendant tout le processus de r\u00e9servation.<\/p>\n<p>Nous organisons de grandes exp\u00e9riences dans cette belle ville et dans toute autre ville des \u00c9tats-Unis et d&#8217;Europe.<\/p>\n","protected":false},"excerpt":{"rendered":"<p>Rejoignez-nous pour cette visite priv\u00e9e de la ville de San Diego \u00e0 l&#8217;aise dans un v\u00e9hicule de luxe avec chauffeur et guide officiel. Profitez-en pour visiter les plages et les lieux les plus incroyables de cette ville am\u00e9ricaine unique.<\/p>\n","protected":false},"featured_media":98540,"comment_status":"open","ping_status":"closed","template":"","meta":{"_acf_changed":false},"product_brand":[],"product_cat":[3547,3788],"product_tag":[],"class_list":{"0":"post-104557","1":"product","2":"type-product","3":"status-publish","4":"has-post-thumbnail","6":"product_cat-etats-unis-fr","7":"product_cat-san-diego-fr","9":"first","10":"instock","11":"shipping-taxable","12":"purchasable","13":"product-type-simple"},"acf":[],"yoast_head":"<!-- This site is optimized with the Yoast SEO Premium plugin v25.3.1 (Yoast SEO v25.3.1) - https:\/\/yoast.com\/wordpress\/plugins\/seo\/ -->\n<title>Visite priv\u00e9e de la ville de San Diego avec un guide local et un chauffeur priv\u00e9<\/title>\n<meta name=\"description\" content=\"Profitez de cette visite priv\u00e9e de la ville de San Diego avec un guide officiel et un chauffeur priv\u00e9. Apprenez \u00e0 conna\u00eetre les meilleurs endroits de la ville avec une \u00e9quipe professionnelle!.\" \/>\n<meta name=\"robots\" content=\"index, follow, max-snippet:-1, max-image-preview:large, max-video-preview:-1\" \/>\n<link rel=\"canonical\" href=\"https:\/\/tourtravelandmore.com\/fr\/tours\/etats-unis-fr\/san-diego-fr\/visite-privee-de-la-ville-de-san-diego\/\" \/>\n<meta property=\"og:locale\" content=\"fr_FR\" \/>\n<meta property=\"og:type\" content=\"article\" \/>\n<meta property=\"og:title\" content=\"Visite priv\u00e9e de la ville de San Diego\" \/>\n<meta property=\"og:description\" content=\"Profitez de cette visite priv\u00e9e de la ville de San Diego avec un guide officiel et un chauffeur priv\u00e9. Apprenez \u00e0 conna\u00eetre les meilleurs endroits de la ville avec une \u00e9quipe professionnelle!.\" \/>\n<meta property=\"og:url\" content=\"https:\/\/tourtravelandmore.com\/fr\/tours\/etats-unis-fr\/san-diego-fr\/visite-privee-de-la-ville-de-san-diego\/\" \/>\n<meta property=\"og:site_name\" content=\"Tour Travel And More\" \/>\n<meta property=\"article:publisher\" content=\"https:\/\/www.facebook.com\/tourtravelandmore\/\" \/>\n<meta property=\"article:modified_time\" content=\"2021-03-22T09:34:36+00:00\" \/>\n<meta property=\"og:image\" content=\"https:\/\/tourtravelandmore.com\/wp-content\/uploads\/2020\/10\/san-diego-1.2.jpg\" \/>\n\t<meta property=\"og:image:width\" content=\"1200\" \/>\n\t<meta property=\"og:image:height\" content=\"800\" \/>\n\t<meta property=\"og:image:type\" content=\"image\/jpeg\" \/>\n<meta name=\"twitter:card\" content=\"summary_large_image\" \/>\n<meta name=\"twitter:site\" content=\"@TourTravel_More\" \/>\n<meta name=\"twitter:label1\" content=\"Dur\u00e9e de lecture estim\u00e9e\" \/>\n\t<meta name=\"twitter:data1\" content=\"2 minutes\" \/>\n<script type=\"application\/ld+json\" class=\"yoast-schema-graph\">{\"@context\":\"https:\/\/schema.org\",\"@graph\":[{\"@type\":\"WebPage\",\"@id\":\"https:\/\/tourtravelandmore.com\/fr\/tours\/etats-unis-fr\/san-diego-fr\/visite-privee-de-la-ville-de-san-diego\/\",\"url\":\"https:\/\/tourtravelandmore.com\/fr\/tours\/etats-unis-fr\/san-diego-fr\/visite-privee-de-la-ville-de-san-diego\/\",\"name\":\"Visite priv\u00e9e de la ville de San Diego avec un guide local et un chauffeur priv\u00e9\",\"isPartOf\":{\"@id\":\"https:\/\/tourtravelandmore.com\/fr\/#website\"},\"primaryImageOfPage\":{\"@id\":\"https:\/\/tourtravelandmore.com\/fr\/tours\/etats-unis-fr\/san-diego-fr\/visite-privee-de-la-ville-de-san-diego\/#primaryimage\"},\"image\":{\"@id\":\"https:\/\/tourtravelandmore.com\/fr\/tours\/etats-unis-fr\/san-diego-fr\/visite-privee-de-la-ville-de-san-diego\/#primaryimage\"},\"thumbnailUrl\":\"https:\/\/tourtravelandmore.com\/wp-content\/uploads\/2020\/10\/san-diego-1.2.jpg\",\"datePublished\":\"2020-10-30T14:39:28+00:00\",\"dateModified\":\"2021-03-22T09:34:36+00:00\",\"description\":\"Profitez de cette visite priv\u00e9e de la ville de San Diego avec un guide officiel et un chauffeur priv\u00e9. Apprenez \u00e0 conna\u00eetre les meilleurs endroits de la ville avec une \u00e9quipe professionnelle!.\",\"breadcrumb\":{\"@id\":\"https:\/\/tourtravelandmore.com\/fr\/tours\/etats-unis-fr\/san-diego-fr\/visite-privee-de-la-ville-de-san-diego\/#breadcrumb\"},\"inLanguage\":\"fr-FR\",\"potentialAction\":[{\"@type\":\"ReadAction\",\"target\":[\"https:\/\/tourtravelandmore.com\/fr\/tours\/etats-unis-fr\/san-diego-fr\/visite-privee-de-la-ville-de-san-diego\/\"]}]},{\"@type\":\"ImageObject\",\"inLanguage\":\"fr-FR\",\"@id\":\"https:\/\/tourtravelandmore.com\/fr\/tours\/etats-unis-fr\/san-diego-fr\/visite-privee-de-la-ville-de-san-diego\/#primaryimage\",\"url\":\"https:\/\/tourtravelandmore.com\/wp-content\/uploads\/2020\/10\/san-diego-1.2.jpg\",\"contentUrl\":\"https:\/\/tourtravelandmore.com\/wp-content\/uploads\/2020\/10\/san-diego-1.2.jpg\",\"width\":1200,\"height\":800},{\"@type\":\"BreadcrumbList\",\"@id\":\"https:\/\/tourtravelandmore.com\/fr\/tours\/etats-unis-fr\/san-diego-fr\/visite-privee-de-la-ville-de-san-diego\/#breadcrumb\",\"itemListElement\":[{\"@type\":\"ListItem\",\"position\":1,\"name\":\"Home\",\"item\":\"https:\/\/tourtravelandmore.com\/fr\/\"},{\"@type\":\"ListItem\",\"position\":2,\"name\":\"Tours\",\"item\":\"https:\/\/tourtravelandmore.com\/fr\/tours\/\"},{\"@type\":\"ListItem\",\"position\":3,\"name\":\"Visite priv\u00e9e de la ville de San Diego\"}]},{\"@type\":\"WebSite\",\"@id\":\"https:\/\/tourtravelandmore.com\/fr\/#website\",\"url\":\"https:\/\/tourtravelandmore.com\/fr\/\",\"name\":\"Tour Travel And More\",\"description\":\"Private sightseeing tours and luxury transfers in Spain\",\"publisher\":{\"@id\":\"https:\/\/tourtravelandmore.com\/fr\/#organization\"},\"potentialAction\":[{\"@type\":\"SearchAction\",\"target\":{\"@type\":\"EntryPoint\",\"urlTemplate\":\"https:\/\/tourtravelandmore.com\/fr\/?s={search_term_string}\"},\"query-input\":{\"@type\":\"PropertyValueSpecification\",\"valueRequired\":true,\"valueName\":\"search_term_string\"}}],\"inLanguage\":\"fr-FR\"},{\"@type\":\"Organization\",\"@id\":\"https:\/\/tourtravelandmore.com\/fr\/#organization\",\"name\":\"Tour Travel And More\",\"url\":\"https:\/\/tourtravelandmore.com\/fr\/\",\"logo\":{\"@type\":\"ImageObject\",\"inLanguage\":\"fr-FR\",\"@id\":\"https:\/\/tourtravelandmore.com\/fr\/#\/schema\/logo\/image\/\",\"url\":\"https:\/\/tourtravelandmore.com\/wp-content\/uploads\/2022\/12\/cropped-logo-cabecera-new.png\",\"contentUrl\":\"https:\/\/tourtravelandmore.com\/wp-content\/uploads\/2022\/12\/cropped-logo-cabecera-new.png\",\"width\":430,\"height\":61,\"caption\":\"Tour Travel And More\"},\"image\":{\"@id\":\"https:\/\/tourtravelandmore.com\/fr\/#\/schema\/logo\/image\/\"},\"sameAs\":[\"https:\/\/www.facebook.com\/tourtravelandmore\/\",\"https:\/\/x.com\/TourTravel_More\"]}]}<\/script>\n<!-- \/ Yoast SEO Premium plugin. -->","yoast_head_json":{"title":"Visite priv\u00e9e de la ville de San Diego avec un guide local et un chauffeur priv\u00e9","description":"Profitez de cette visite priv\u00e9e de la ville de San Diego avec un guide officiel et un chauffeur priv\u00e9. Apprenez \u00e0 conna\u00eetre les meilleurs endroits de la ville avec une \u00e9quipe professionnelle!.","robots":{"index":"index","follow":"follow","max-snippet":"max-snippet:-1","max-image-preview":"max-image-preview:large","max-video-preview":"max-video-preview:-1"},"canonical":"https:\/\/tourtravelandmore.com\/fr\/tours\/etats-unis-fr\/san-diego-fr\/visite-privee-de-la-ville-de-san-diego\/","og_locale":"fr_FR","og_type":"article","og_title":"Visite priv\u00e9e de la ville de San Diego","og_description":"Profitez de cette visite priv\u00e9e de la ville de San Diego avec un guide officiel et un chauffeur priv\u00e9. Apprenez \u00e0 conna\u00eetre les meilleurs endroits de la ville avec une \u00e9quipe professionnelle!.","og_url":"https:\/\/tourtravelandmore.com\/fr\/tours\/etats-unis-fr\/san-diego-fr\/visite-privee-de-la-ville-de-san-diego\/","og_site_name":"Tour Travel And More","article_publisher":"https:\/\/www.facebook.com\/tourtravelandmore\/","article_modified_time":"2021-03-22T09:34:36+00:00","og_image":[{"width":1200,"height":800,"url":"https:\/\/tourtravelandmore.com\/wp-content\/uploads\/2020\/10\/san-diego-1.2.jpg","type":"image\/jpeg"}],"twitter_card":"summary_large_image","twitter_site":"@TourTravel_More","twitter_misc":{"Dur\u00e9e de lecture estim\u00e9e":"2 minutes"},"schema":{"@context":"https:\/\/schema.org","@graph":[{"@type":"WebPage","@id":"https:\/\/tourtravelandmore.com\/fr\/tours\/etats-unis-fr\/san-diego-fr\/visite-privee-de-la-ville-de-san-diego\/","url":"https:\/\/tourtravelandmore.com\/fr\/tours\/etats-unis-fr\/san-diego-fr\/visite-privee-de-la-ville-de-san-diego\/","name":"Visite priv\u00e9e de la ville de San Diego avec un guide local et un chauffeur priv\u00e9","isPartOf":{"@id":"https:\/\/tourtravelandmore.com\/fr\/#website"},"primaryImageOfPage":{"@id":"https:\/\/tourtravelandmore.com\/fr\/tours\/etats-unis-fr\/san-diego-fr\/visite-privee-de-la-ville-de-san-diego\/#primaryimage"},"image":{"@id":"https:\/\/tourtravelandmore.com\/fr\/tours\/etats-unis-fr\/san-diego-fr\/visite-privee-de-la-ville-de-san-diego\/#primaryimage"},"thumbnailUrl":"https:\/\/tourtravelandmore.com\/wp-content\/uploads\/2020\/10\/san-diego-1.2.jpg","datePublished":"2020-10-30T14:39:28+00:00","dateModified":"2021-03-22T09:34:36+00:00","description":"Profitez de cette visite priv\u00e9e de la ville de San Diego avec un guide officiel et un chauffeur priv\u00e9. Apprenez \u00e0 conna\u00eetre les meilleurs endroits de la ville avec une \u00e9quipe professionnelle!.","breadcrumb":{"@id":"https:\/\/tourtravelandmore.com\/fr\/tours\/etats-unis-fr\/san-diego-fr\/visite-privee-de-la-ville-de-san-diego\/#breadcrumb"},"inLanguage":"fr-FR","potentialAction":[{"@type":"ReadAction","target":["https:\/\/tourtravelandmore.com\/fr\/tours\/etats-unis-fr\/san-diego-fr\/visite-privee-de-la-ville-de-san-diego\/"]}]},{"@type":"ImageObject","inLanguage":"fr-FR","@id":"https:\/\/tourtravelandmore.com\/fr\/tours\/etats-unis-fr\/san-diego-fr\/visite-privee-de-la-ville-de-san-diego\/#primaryimage","url":"https:\/\/tourtravelandmore.com\/wp-content\/uploads\/2020\/10\/san-diego-1.2.jpg","contentUrl":"https:\/\/tourtravelandmore.com\/wp-content\/uploads\/2020\/10\/san-diego-1.2.jpg","width":1200,"height":800},{"@type":"BreadcrumbList","@id":"https:\/\/tourtravelandmore.com\/fr\/tours\/etats-unis-fr\/san-diego-fr\/visite-privee-de-la-ville-de-san-diego\/#breadcrumb","itemListElement":[{"@type":"ListItem","position":1,"name":"Home","item":"https:\/\/tourtravelandmore.com\/fr\/"},{"@type":"ListItem","position":2,"name":"Tours","item":"https:\/\/tourtravelandmore.com\/fr\/tours\/"},{"@type":"ListItem","position":3,"name":"Visite priv\u00e9e de la ville de San Diego"}]},{"@type":"WebSite","@id":"https:\/\/tourtravelandmore.com\/fr\/#website","url":"https:\/\/tourtravelandmore.com\/fr\/","name":"Tour Travel And More","description":"Private sightseeing tours and luxury transfers in Spain","publisher":{"@id":"https:\/\/tourtravelandmore.com\/fr\/#organization"},"potentialAction":[{"@type":"SearchAction","target":{"@type":"EntryPoint","urlTemplate":"https:\/\/tourtravelandmore.com\/fr\/?s={search_term_string}"},"query-input":{"@type":"PropertyValueSpecification","valueRequired":true,"valueName":"search_term_string"}}],"inLanguage":"fr-FR"},{"@type":"Organization","@id":"https:\/\/tourtravelandmore.com\/fr\/#organization","name":"Tour Travel And More","url":"https:\/\/tourtravelandmore.com\/fr\/","logo":{"@type":"ImageObject","inLanguage":"fr-FR","@id":"https:\/\/tourtravelandmore.com\/fr\/#\/schema\/logo\/image\/","url":"https:\/\/tourtravelandmore.com\/wp-content\/uploads\/2022\/12\/cropped-logo-cabecera-new.png","contentUrl":"https:\/\/tourtravelandmore.com\/wp-content\/uploads\/2022\/12\/cropped-logo-cabecera-new.png","width":430,"height":61,"caption":"Tour Travel And More"},"image":{"@id":"https:\/\/tourtravelandmore.com\/fr\/#\/schema\/logo\/image\/"},"sameAs":["https:\/\/www.facebook.com\/tourtravelandmore\/","https:\/\/x.com\/TourTravel_More"]}]}},"_links":{"self":[{"href":"https:\/\/tourtravelandmore.com\/fr\/wp-json\/wp\/v2\/product\/104557","targetHints":{"allow":["GET"]}}],"collection":[{"href":"https:\/\/tourtravelandmore.com\/fr\/wp-json\/wp\/v2\/product"}],"about":[{"href":"https:\/\/tourtravelandmore.com\/fr\/wp-json\/wp\/v2\/types\/product"}],"replies":[{"embeddable":true,"href":"https:\/\/tourtravelandmore.com\/fr\/wp-json\/wp\/v2\/comments?post=104557"}],"wp:featuredmedia":[{"embeddable":true,"href":"https:\/\/tourtravelandmore.com\/fr\/wp-json\/wp\/v2\/media\/98540"}],"wp:attachment":[{"href":"https:\/\/tourtravelandmore.com\/fr\/wp-json\/wp\/v2\/media?parent=104557"}],"wp:term":[{"taxonomy":"product_brand","embeddable":true,"href":"https:\/\/tourtravelandmore.com\/fr\/wp-json\/wp\/v2\/product_brand?post=104557"},{"taxonomy":"product_cat","embeddable":true,"href":"https:\/\/tourtravelandmore.com\/fr\/wp-json\/wp\/v2\/product_cat?post=104557"},{"taxonomy":"product_tag","embeddable":true,"href":"https:\/\/tourtravelandmore.com\/fr\/wp-json\/wp\/v2\/product_tag?post=104557"}],"curies":[{"name":"wp","href":"https:\/\/api.w.org\/{rel}","templated":true}]}}