{"id":104551,"date":"2020-11-17T10:24:33","date_gmt":"2020-11-17T09:24:33","guid":{"rendered":"https:\/\/tourtravelandmore.com\/tours\/non%20class\u00e9\/visite-privee-a-los-angeles-au-depart-de-san-diego\/"},"modified":"2021-03-22T10:33:33","modified_gmt":"2021-03-22T09:33:33","slug":"visite-privee-a-los-angeles-au-depart-de-san-diego","status":"publish","type":"product","link":"https:\/\/tourtravelandmore.com\/fr\/tours\/etats-unis-fr\/san-diego-fr\/visite-privee-a-los-angeles-au-depart-de-san-diego\/","title":{"rendered":"Visite priv\u00e9e \u00e0 Los Angeles au d\u00e9part de San Diego"},"content":{"rendered":"<h2>Description:<\/h2>\n<p>Quand vous pensez \u00e0 vos vacances aux \u00c9tats-Unis, vous pensez s\u00fbrement aussi \u00e0 Los Angeles, est-ce que nous avons raison?. Bien sur nous sommes !. Venez avec nous lors de cette visite priv\u00e9e \u00e0 Los Angeles au d\u00e9part de San Diego et saisissez la chance de visiter cette ville incroyable. Vous profiterez d&#8217;une excursion d&#8217;une journ\u00e9e \u00e0 l&#8217;aise dans un v\u00e9hicule de luxe priv\u00e9 avec chauffeur s\u00e9par\u00e9.<\/p>\n<p>Comme il s&#8217;agit d&#8217;une visite priv\u00e9e, la prise en charge se fera \u00e0 l&#8217;endroit de votre choix \u00e0 San Diego. Vous pourrez \u00e9galement d\u00e9terminer votre heure de d\u00e9part de la visite, mais nous vous recommandons, d&#8217;\u00eatre t\u00f4t le matin.<\/p>\n<p>Los Angeles est une ville en pleine croissance situ\u00e9e dans le sud de la Californie. Comme nous le savons d\u00e9j\u00e0, c&#8217;est le centre de l&#8217;industrie t\u00e9l\u00e9visuelle et cin\u00e9matographique. Est le lieu choisi pour ceux qui veulent devenir une c\u00e9l\u00e9brit\u00e9, pour cette raison et bien plus encore, Los Angeles est un endroit unique au monde!.<\/p>\n<p>Vous aurez l&#8217;avantage d&#8217;\u00eatre avec un guide priv\u00e9 local pour une visite de 4 heures. Courez la chance de visiter des sites uniques comme Beverly Hills, le panneau Hollywood, le Getty Center et bien plus encore lors de cette visite priv\u00e9e \u00e0 Los Angeles au d\u00e9part de San Diego.<\/p>\n<h2>Sites d&#8217;int\u00e9r\u00eat et monuments<\/h2>\n<p>Cette visite priv\u00e9e commencera \u00e0 l&#8217;endroit de votre choix \u00e0 San Diego, o\u00f9 votre chauffeur priv\u00e9 viendra vous chercher. Vous profiterez d&#8217;un trajet d&#8217;environ une heure et cinquante minutes jusqu&#8217;\u00e0 Los Angeles. Une fois dans cette ville incroyable, vous rencontrerez votre guide officiel priv\u00e9.<\/p>\n<p>Au cours de cette visite priv\u00e9e \u00e0 Los Angeles, vous vous plongerez dans Hollywood et le monde des c\u00e9l\u00e9brit\u00e9s. Votre guide priv\u00e9 vous racontera toute l&#8217;histoire que vous \u00eates pr\u00eat \u00e0 conna\u00eetre sur votre acteur ou actrice pr\u00e9f\u00e9r\u00e9.<\/p>\n<p>Sites et lieux que vous visiterez lors de cette visite priv\u00e9e:<\/p>\n<ul>\n<li>Panneau Hollywood: Le panneau a \u00e9t\u00e9 cr\u00e9\u00e9 en 1923 et est un monument tr\u00e8s populaire pour lequel Los Angeles est c\u00e9l\u00e8bre.<\/li>\n<li>Canaux de Venise: c&#8217;est une partie amusante et belle de Venise \u00e0 Los Angeles<\/li>\n<li>Venise: ici, vous appr\u00e9cierez la promenade rapide sur l&#8217;oc\u00e9an, le panneau de Venise et bien plus encore<\/li>\n<li>Griffith Park: profitez d&#8217;une vue rapide sur le parc municipal \u00e0 l&#8217;une des extr\u00e9mit\u00e9s des montagnes de Santa Monica<\/li>\n<li>Observatoire Griffith: est populaire parmi les touristes et offre une belle vue sur le c\u00e9l\u00e8bre panneau Hollywood<\/li>\n<li>Hollywood Walk of Fame: c&#8217;est un arr\u00eat photo incontournable pour tous les cin\u00e9philes<\/li>\n<li>Th\u00e9\u00e2tre chinois de Garuman: situ\u00e9 sur le Hollywood Walk of Fame<\/li>\n<li>et bien plus!<\/li>\n<\/ul>\n<p>Si vous pr\u00e9f\u00e9rez, nous pouvons inclure plus d&#8217;heures \u00e0 votre exp\u00e9rience afin que vous puissiez profiter pleinement de Los Angeles. Il s&#8217;agit d&#8217;une visite priv\u00e9e et personnalis\u00e9e, donc si vous avez quelque chose en t\u00eate, faites-le nous savoir. Nous organiserons tout pour vous.<\/p>\n<p>Enfin, \u00e0 la fin de la visite, votre chauffeur priv\u00e9 vous ram\u00e8nera \u00e0 San Diego.<\/p>\n<p>Si vous recherchez une autre option de visite d&#8217;une journ\u00e9e compl\u00e8te, jetez un \u0153il \u00e0 notre visite priv\u00e9e de la c\u00f4te de Basse-Californie au d\u00e9part de San Diego.<\/p>\n<p><button style=\"width: auto; height: auto; background-image: url('data:image\/png;base64,iVBORw0KGgoAAAANSUhEUgAAADAAAAAwCAYAAABXAvmHAAABS2lUWHRYTUw6Y29tLmFkb2JlLnhtcAAAAAAAPD94cGFja2V0IGJlZ2luPSLvu78iIGlkPSJXNU0wTXBDZWhpSHpyZVN6TlRjemtjOWQiPz4KPHg6eG1wbWV0YSB4bWxuczp4PSJhZG9iZTpuczptZXRhLyIgeDp4bXB0az0iQWRvYmUgWE1QIENvcmUgNS42LWMxMzggNzkuMTU5ODI0LCAyMDE2LzA5LzE0LTAxOjA5OjAxICAgICAgICAiPgogPHJkZjpSREYgeG1sbnM6cmRmPSJodHRwOi8vd3d3LnczLm9yZy8xOTk5LzAyLzIyLXJkZi1zeW50YXgtbnMjIj4KICA8cmRmOkRlc2NyaXB0aW9uIHJkZjphYm91dD0iIi8+CiA8L3JkZjpSREY+CjwveDp4bXBtZXRhPgo8P3hwYWNrZXQgZW5kPSJyIj8+IEmuOgAAAx5JREFUaIHtmj1L81wYx39JI75AbYtgBTFTRdQGXV2cxMlPICjiakHE0cVJB5FO4uLgN1AnZ\/0EgoLQtd6tL6hJIwia9DzDg6Wxpcb7hMTe+INCz+t1\/TnJuU7OOYoQ4g8Qpz2xFSGEiNoLGVTAjtoJCWw1ag9k0eoTQgg2NzcplUp0dHRE5VNTHMdB0zTy+TydnZ21fI8Ay7K4vr4ml8uRSqVCd7IVQgjW19cpFAoYhlHLbxiBTCbD9PR06A76YXx8HNd1PXmed0BRFBzHwTTNUB3zy\/v7O7FYzJPX9i\/xr4Co0b6u0prj42Pu7u5a1unp6UHXdSYmJkgmk7ImPUgLWFlZoVQq+aqbSCSYn59ne3ubRCIhaxoI4BHSdd13Xcuy2N\/fxzCML0fNL9IjoChK7f\/p6Smjo6MNdWzb5vz8nI2NDUzTpFgsMjMzw+Xlpax5eQH1TE5OMjAw0LQsm80yNzdHNpvFtm2urq44PDxkaWlJymags9D9\/X3Lcl3X2dnZqaX39vakbYY+jS4uLtLV1QXAxcUFlUpFqr\/QBXR3d9Pf3w\/8v8J8fn6W6i90Aa7r8vT0BEAsFpOeTkMXcHJywsvLCwAjIyPSgS1QAb29vS3LHx4eyOVytfTy8rK0zUAFPD4+8vb25vm9vr5SLBY5ODjAMAzK5TIAQ0NDrK6uStsMNA7Mzs42rNfrn\/kP0uk0Z2dnaJq8+UAFfHb0M6qqsrCwwO7uLn19fYHYDFTA2tpa00isaRqDg4NMTU19a+3kh0AFbG1t1YJUWAT6EhcKhSC780Xbf5H9CoiaXwFRIy2gPng5jiPb3beRjgPDw8NYlgUQegyAAAQcHR3xccgTxNrmu0hbjMJpj32ZxkIITNOkWq16tlf8tlVVlWQy+e229UgLKJfLuK77VwI+PikjE6CqKmNjYzJdSPPvxQFVVT2HaD8JVVX5fKzdcEZWLpe5vb39cYd8ADc3Nw1nZB4B8XicdDpNPp+PJCi1wnEcUqkUmUzGk68IISp8uitRqVSoVqth+ueLJntIdtNZ6Kv9nZ9E21\/20IASbXzd5j\/MIQu2KoJrJwAAAABJRU5ErkJggg=='); background-size: 14px 14px; background-color: #000000; position: absolute; opacity: 1; z-index: 86753099; display: none; cursor: pointer; border: none; border-top-left-radius: 3px; border-top-right-radius: 3px; border-bottom-right-radius: 3px; border-bottom-left-radius: 3px; text-indent: 20px; padding: 0px 4px 0px 0px; text-align: center; font-style: normal; font-variant-caps: normal; font-weight: bold; font-stretch: normal; font-size: 11px; line-height: 20px; font-family: 'Helvetica Neue', Helvetica, sans-serif; color: #ffffff; text-transform: capitalize; -webkit-font-smoothing: antialiased; top: 1397px; left: 563px; background-position: 3px 50%; background-repeat: no-repeat no-repeat;\">plan it<\/button><\/p>\n","protected":false},"excerpt":{"rendered":"<p>Profitez au maximum de vos journ\u00e9es \u00e0 San Diego et venez avec nous pour cette excursion priv\u00e9e d&#8217;une journ\u00e9e \u00e0 Los Angeles. Profitez de l&#8217;occasion pour visiter l&#8217;une des villes les plus exclusives et admirez le monde d&#8217;Hollywood et des c\u00e9l\u00e9brit\u00e9s avec un guide local.<\/p>\n","protected":false},"featured_media":98566,"comment_status":"open","ping_status":"closed","template":"","meta":{"_acf_changed":false},"product_brand":[],"product_cat":[3547,3788],"product_tag":[],"class_list":{"0":"post-104551","1":"product","2":"type-product","3":"status-publish","4":"has-post-thumbnail","6":"product_cat-etats-unis-fr","7":"product_cat-san-diego-fr","9":"first","10":"instock","11":"shipping-taxable","12":"purchasable","13":"product-type-simple"},"acf":[],"yoast_head":"<!-- This site is optimized with the Yoast SEO Premium plugin v25.3.1 (Yoast SEO v25.3.1) - https:\/\/yoast.com\/wordpress\/plugins\/seo\/ -->\n<title>Visite priv\u00e9e \u00e0 Los Angeles au d\u00e9part de San Diego en v\u00e9hicule priv\u00e9<\/title>\n<meta name=\"description\" content=\"Profitez de cette visite priv\u00e9e \u00e0 Los Angeles au d\u00e9part de San Diego et courez la chance de visiter l&#039;une des villes les plus incroyables des \u00c9tats-Unis.\" \/>\n<meta name=\"robots\" content=\"index, follow, max-snippet:-1, max-image-preview:large, max-video-preview:-1\" \/>\n<link rel=\"canonical\" href=\"https:\/\/tourtravelandmore.com\/fr\/tours\/etats-unis-fr\/san-diego-fr\/visite-privee-a-los-angeles-au-depart-de-san-diego\/\" \/>\n<meta property=\"og:locale\" content=\"fr_FR\" \/>\n<meta property=\"og:type\" content=\"article\" \/>\n<meta property=\"og:title\" content=\"Visite priv\u00e9e \u00e0 Los Angeles au d\u00e9part de San Diego\" \/>\n<meta property=\"og:description\" content=\"Profitez de cette visite priv\u00e9e \u00e0 Los Angeles au d\u00e9part de San Diego et courez la chance de visiter l&#039;une des villes les plus incroyables des \u00c9tats-Unis.\" \/>\n<meta property=\"og:url\" content=\"https:\/\/tourtravelandmore.com\/fr\/tours\/etats-unis-fr\/san-diego-fr\/visite-privee-a-los-angeles-au-depart-de-san-diego\/\" \/>\n<meta property=\"og:site_name\" content=\"Tour Travel And More\" \/>\n<meta property=\"article:publisher\" content=\"https:\/\/www.facebook.com\/tourtravelandmore\/\" \/>\n<meta property=\"article:modified_time\" content=\"2021-03-22T09:33:33+00:00\" \/>\n<meta property=\"og:image\" content=\"https:\/\/tourtravelandmore.com\/wp-content\/uploads\/2020\/11\/los-angeles-6.jpg\" \/>\n\t<meta property=\"og:image:width\" content=\"910\" \/>\n\t<meta property=\"og:image:height\" content=\"657\" \/>\n\t<meta property=\"og:image:type\" content=\"image\/jpeg\" \/>\n<meta name=\"twitter:card\" content=\"summary_large_image\" \/>\n<meta name=\"twitter:site\" content=\"@TourTravel_More\" \/>\n<meta name=\"twitter:label1\" content=\"Dur\u00e9e de lecture estim\u00e9e\" \/>\n\t<meta name=\"twitter:data1\" content=\"3 minutes\" \/>\n<script type=\"application\/ld+json\" class=\"yoast-schema-graph\">{\"@context\":\"https:\/\/schema.org\",\"@graph\":[{\"@type\":\"WebPage\",\"@id\":\"https:\/\/tourtravelandmore.com\/fr\/tours\/etats-unis-fr\/san-diego-fr\/visite-privee-a-los-angeles-au-depart-de-san-diego\/\",\"url\":\"https:\/\/tourtravelandmore.com\/fr\/tours\/etats-unis-fr\/san-diego-fr\/visite-privee-a-los-angeles-au-depart-de-san-diego\/\",\"name\":\"Visite priv\u00e9e \u00e0 Los Angeles au d\u00e9part de San Diego en v\u00e9hicule priv\u00e9\",\"isPartOf\":{\"@id\":\"https:\/\/tourtravelandmore.com\/fr\/#website\"},\"primaryImageOfPage\":{\"@id\":\"https:\/\/tourtravelandmore.com\/fr\/tours\/etats-unis-fr\/san-diego-fr\/visite-privee-a-los-angeles-au-depart-de-san-diego\/#primaryimage\"},\"image\":{\"@id\":\"https:\/\/tourtravelandmore.com\/fr\/tours\/etats-unis-fr\/san-diego-fr\/visite-privee-a-los-angeles-au-depart-de-san-diego\/#primaryimage\"},\"thumbnailUrl\":\"https:\/\/tourtravelandmore.com\/wp-content\/uploads\/2020\/11\/los-angeles-6.jpg\",\"datePublished\":\"2020-11-17T09:24:33+00:00\",\"dateModified\":\"2021-03-22T09:33:33+00:00\",\"description\":\"Profitez de cette visite priv\u00e9e \u00e0 Los Angeles au d\u00e9part de San Diego et courez la chance de visiter l'une des villes les plus incroyables des \u00c9tats-Unis.\",\"breadcrumb\":{\"@id\":\"https:\/\/tourtravelandmore.com\/fr\/tours\/etats-unis-fr\/san-diego-fr\/visite-privee-a-los-angeles-au-depart-de-san-diego\/#breadcrumb\"},\"inLanguage\":\"fr-FR\",\"potentialAction\":[{\"@type\":\"ReadAction\",\"target\":[\"https:\/\/tourtravelandmore.com\/fr\/tours\/etats-unis-fr\/san-diego-fr\/visite-privee-a-los-angeles-au-depart-de-san-diego\/\"]}]},{\"@type\":\"ImageObject\",\"inLanguage\":\"fr-FR\",\"@id\":\"https:\/\/tourtravelandmore.com\/fr\/tours\/etats-unis-fr\/san-diego-fr\/visite-privee-a-los-angeles-au-depart-de-san-diego\/#primaryimage\",\"url\":\"https:\/\/tourtravelandmore.com\/wp-content\/uploads\/2020\/11\/los-angeles-6.jpg\",\"contentUrl\":\"https:\/\/tourtravelandmore.com\/wp-content\/uploads\/2020\/11\/los-angeles-6.jpg\",\"width\":910,\"height\":657},{\"@type\":\"BreadcrumbList\",\"@id\":\"https:\/\/tourtravelandmore.com\/fr\/tours\/etats-unis-fr\/san-diego-fr\/visite-privee-a-los-angeles-au-depart-de-san-diego\/#breadcrumb\",\"itemListElement\":[{\"@type\":\"ListItem\",\"position\":1,\"name\":\"Home\",\"item\":\"https:\/\/tourtravelandmore.com\/fr\/\"},{\"@type\":\"ListItem\",\"position\":2,\"name\":\"Tours\",\"item\":\"https:\/\/tourtravelandmore.com\/fr\/tours\/\"},{\"@type\":\"ListItem\",\"position\":3,\"name\":\"Visite priv\u00e9e \u00e0 Los Angeles au d\u00e9part de San Diego\"}]},{\"@type\":\"WebSite\",\"@id\":\"https:\/\/tourtravelandmore.com\/fr\/#website\",\"url\":\"https:\/\/tourtravelandmore.com\/fr\/\",\"name\":\"Tour Travel And More\",\"description\":\"Private sightseeing tours and luxury transfers in Spain\",\"publisher\":{\"@id\":\"https:\/\/tourtravelandmore.com\/fr\/#organization\"},\"potentialAction\":[{\"@type\":\"SearchAction\",\"target\":{\"@type\":\"EntryPoint\",\"urlTemplate\":\"https:\/\/tourtravelandmore.com\/fr\/?s={search_term_string}\"},\"query-input\":{\"@type\":\"PropertyValueSpecification\",\"valueRequired\":true,\"valueName\":\"search_term_string\"}}],\"inLanguage\":\"fr-FR\"},{\"@type\":\"Organization\",\"@id\":\"https:\/\/tourtravelandmore.com\/fr\/#organization\",\"name\":\"Tour Travel And More\",\"url\":\"https:\/\/tourtravelandmore.com\/fr\/\",\"logo\":{\"@type\":\"ImageObject\",\"inLanguage\":\"fr-FR\",\"@id\":\"https:\/\/tourtravelandmore.com\/fr\/#\/schema\/logo\/image\/\",\"url\":\"https:\/\/tourtravelandmore.com\/wp-content\/uploads\/2022\/12\/cropped-logo-cabecera-new.png\",\"contentUrl\":\"https:\/\/tourtravelandmore.com\/wp-content\/uploads\/2022\/12\/cropped-logo-cabecera-new.png\",\"width\":430,\"height\":61,\"caption\":\"Tour Travel And More\"},\"image\":{\"@id\":\"https:\/\/tourtravelandmore.com\/fr\/#\/schema\/logo\/image\/\"},\"sameAs\":[\"https:\/\/www.facebook.com\/tourtravelandmore\/\",\"https:\/\/x.com\/TourTravel_More\"]}]}<\/script>\n<!-- \/ Yoast SEO Premium plugin. -->","yoast_head_json":{"title":"Visite priv\u00e9e \u00e0 Los Angeles au d\u00e9part de San Diego en v\u00e9hicule priv\u00e9","description":"Profitez de cette visite priv\u00e9e \u00e0 Los Angeles au d\u00e9part de San Diego et courez la chance de visiter l'une des villes les plus incroyables des \u00c9tats-Unis.","robots":{"index":"index","follow":"follow","max-snippet":"max-snippet:-1","max-image-preview":"max-image-preview:large","max-video-preview":"max-video-preview:-1"},"canonical":"https:\/\/tourtravelandmore.com\/fr\/tours\/etats-unis-fr\/san-diego-fr\/visite-privee-a-los-angeles-au-depart-de-san-diego\/","og_locale":"fr_FR","og_type":"article","og_title":"Visite priv\u00e9e \u00e0 Los Angeles au d\u00e9part de San Diego","og_description":"Profitez de cette visite priv\u00e9e \u00e0 Los Angeles au d\u00e9part de San Diego et courez la chance de visiter l'une des villes les plus incroyables des \u00c9tats-Unis.","og_url":"https:\/\/tourtravelandmore.com\/fr\/tours\/etats-unis-fr\/san-diego-fr\/visite-privee-a-los-angeles-au-depart-de-san-diego\/","og_site_name":"Tour Travel And More","article_publisher":"https:\/\/www.facebook.com\/tourtravelandmore\/","article_modified_time":"2021-03-22T09:33:33+00:00","og_image":[{"width":910,"height":657,"url":"https:\/\/tourtravelandmore.com\/wp-content\/uploads\/2020\/11\/los-angeles-6.jpg","type":"image\/jpeg"}],"twitter_card":"summary_large_image","twitter_site":"@TourTravel_More","twitter_misc":{"Dur\u00e9e de lecture estim\u00e9e":"3 minutes"},"schema":{"@context":"https:\/\/schema.org","@graph":[{"@type":"WebPage","@id":"https:\/\/tourtravelandmore.com\/fr\/tours\/etats-unis-fr\/san-diego-fr\/visite-privee-a-los-angeles-au-depart-de-san-diego\/","url":"https:\/\/tourtravelandmore.com\/fr\/tours\/etats-unis-fr\/san-diego-fr\/visite-privee-a-los-angeles-au-depart-de-san-diego\/","name":"Visite priv\u00e9e \u00e0 Los Angeles au d\u00e9part de San Diego en v\u00e9hicule priv\u00e9","isPartOf":{"@id":"https:\/\/tourtravelandmore.com\/fr\/#website"},"primaryImageOfPage":{"@id":"https:\/\/tourtravelandmore.com\/fr\/tours\/etats-unis-fr\/san-diego-fr\/visite-privee-a-los-angeles-au-depart-de-san-diego\/#primaryimage"},"image":{"@id":"https:\/\/tourtravelandmore.com\/fr\/tours\/etats-unis-fr\/san-diego-fr\/visite-privee-a-los-angeles-au-depart-de-san-diego\/#primaryimage"},"thumbnailUrl":"https:\/\/tourtravelandmore.com\/wp-content\/uploads\/2020\/11\/los-angeles-6.jpg","datePublished":"2020-11-17T09:24:33+00:00","dateModified":"2021-03-22T09:33:33+00:00","description":"Profitez de cette visite priv\u00e9e \u00e0 Los Angeles au d\u00e9part de San Diego et courez la chance de visiter l'une des villes les plus incroyables des \u00c9tats-Unis.","breadcrumb":{"@id":"https:\/\/tourtravelandmore.com\/fr\/tours\/etats-unis-fr\/san-diego-fr\/visite-privee-a-los-angeles-au-depart-de-san-diego\/#breadcrumb"},"inLanguage":"fr-FR","potentialAction":[{"@type":"ReadAction","target":["https:\/\/tourtravelandmore.com\/fr\/tours\/etats-unis-fr\/san-diego-fr\/visite-privee-a-los-angeles-au-depart-de-san-diego\/"]}]},{"@type":"ImageObject","inLanguage":"fr-FR","@id":"https:\/\/tourtravelandmore.com\/fr\/tours\/etats-unis-fr\/san-diego-fr\/visite-privee-a-los-angeles-au-depart-de-san-diego\/#primaryimage","url":"https:\/\/tourtravelandmore.com\/wp-content\/uploads\/2020\/11\/los-angeles-6.jpg","contentUrl":"https:\/\/tourtravelandmore.com\/wp-content\/uploads\/2020\/11\/los-angeles-6.jpg","width":910,"height":657},{"@type":"BreadcrumbList","@id":"https:\/\/tourtravelandmore.com\/fr\/tours\/etats-unis-fr\/san-diego-fr\/visite-privee-a-los-angeles-au-depart-de-san-diego\/#breadcrumb","itemListElement":[{"@type":"ListItem","position":1,"name":"Home","item":"https:\/\/tourtravelandmore.com\/fr\/"},{"@type":"ListItem","position":2,"name":"Tours","item":"https:\/\/tourtravelandmore.com\/fr\/tours\/"},{"@type":"ListItem","position":3,"name":"Visite priv\u00e9e \u00e0 Los Angeles au d\u00e9part de San Diego"}]},{"@type":"WebSite","@id":"https:\/\/tourtravelandmore.com\/fr\/#website","url":"https:\/\/tourtravelandmore.com\/fr\/","name":"Tour Travel And More","description":"Private sightseeing tours and luxury transfers in Spain","publisher":{"@id":"https:\/\/tourtravelandmore.com\/fr\/#organization"},"potentialAction":[{"@type":"SearchAction","target":{"@type":"EntryPoint","urlTemplate":"https:\/\/tourtravelandmore.com\/fr\/?s={search_term_string}"},"query-input":{"@type":"PropertyValueSpecification","valueRequired":true,"valueName":"search_term_string"}}],"inLanguage":"fr-FR"},{"@type":"Organization","@id":"https:\/\/tourtravelandmore.com\/fr\/#organization","name":"Tour Travel And More","url":"https:\/\/tourtravelandmore.com\/fr\/","logo":{"@type":"ImageObject","inLanguage":"fr-FR","@id":"https:\/\/tourtravelandmore.com\/fr\/#\/schema\/logo\/image\/","url":"https:\/\/tourtravelandmore.com\/wp-content\/uploads\/2022\/12\/cropped-logo-cabecera-new.png","contentUrl":"https:\/\/tourtravelandmore.com\/wp-content\/uploads\/2022\/12\/cropped-logo-cabecera-new.png","width":430,"height":61,"caption":"Tour Travel And More"},"image":{"@id":"https:\/\/tourtravelandmore.com\/fr\/#\/schema\/logo\/image\/"},"sameAs":["https:\/\/www.facebook.com\/tourtravelandmore\/","https:\/\/x.com\/TourTravel_More"]}]}},"_links":{"self":[{"href":"https:\/\/tourtravelandmore.com\/fr\/wp-json\/wp\/v2\/product\/104551","targetHints":{"allow":["GET"]}}],"collection":[{"href":"https:\/\/tourtravelandmore.com\/fr\/wp-json\/wp\/v2\/product"}],"about":[{"href":"https:\/\/tourtravelandmore.com\/fr\/wp-json\/wp\/v2\/types\/product"}],"replies":[{"embeddable":true,"href":"https:\/\/tourtravelandmore.com\/fr\/wp-json\/wp\/v2\/comments?post=104551"}],"wp:featuredmedia":[{"embeddable":true,"href":"https:\/\/tourtravelandmore.com\/fr\/wp-json\/wp\/v2\/media\/98566"}],"wp:attachment":[{"href":"https:\/\/tourtravelandmore.com\/fr\/wp-json\/wp\/v2\/media?parent=104551"}],"wp:term":[{"taxonomy":"product_brand","embeddable":true,"href":"https:\/\/tourtravelandmore.com\/fr\/wp-json\/wp\/v2\/product_brand?post=104551"},{"taxonomy":"product_cat","embeddable":true,"href":"https:\/\/tourtravelandmore.com\/fr\/wp-json\/wp\/v2\/product_cat?post=104551"},{"taxonomy":"product_tag","embeddable":true,"href":"https:\/\/tourtravelandmore.com\/fr\/wp-json\/wp\/v2\/product_tag?post=104551"}],"curies":[{"name":"wp","href":"https:\/\/api.w.org\/{rel}","templated":true}]}}