{"id":104545,"date":"2020-11-04T10:58:26","date_gmt":"2020-11-04T09:58:26","guid":{"rendered":"https:\/\/tourtravelandmore.com\/tours\/non%20class\u00e9\/visite-privee-de-la-cote-de-basse-californie\/"},"modified":"2021-03-22T10:32:25","modified_gmt":"2021-03-22T09:32:25","slug":"visite-privee-de-la-cote-de-basse-californie","status":"publish","type":"product","link":"https:\/\/tourtravelandmore.com\/fr\/tours\/etats-unis-fr\/san-diego-fr\/visite-privee-de-la-cote-de-basse-californie\/","title":{"rendered":"Visite priv\u00e9e de la c\u00f4te de Basse-Californie"},"content":{"rendered":"<h2>Description:<\/h2>\n<p>La Basse Californie au Mexique est un endroit o\u00f9 vous trouverez les plages les plus \u00e9tonnantes et exclusives. Prenez une journ\u00e9e de cong\u00e9 au d\u00e9part de San Diego et profitez de cette visite priv\u00e9e de la c\u00f4te de Baja California tout confort dans un v\u00e9hicule de luxe priv\u00e9 avec chauffeur. Vous serez \u00e9galement accompagn\u00e9 d&#8217;un guide officiel priv\u00e9.<\/p>\n<p>Nous organiserons une prise en charge priv\u00e9e \u00e0 votre h\u00f4tel ou lieu de votre choix \u00e0 San Diego. Au cas o\u00f9 vous auriez besoin, nous pouvons \u00e9galement vous proposer une navette depuis l&#8217;a\u00e9roport ou tout autre endroit en dehors du centre de San Diego. Il vous suffit de nous contacter et nous organiserons un devis sp\u00e9cial pour vous.<\/p>\n<p>La Basse-Californie est un \u00c9tat mexicain de la p\u00e9ninsule de Baja California qui borde l&#8217;\u00c9tat de Californie aux \u00c9tats-Unis. Son paysage s&#8217;\u00e9tend \u00e0 travers les montagnes et les plages jusqu&#8217;\u00e0 l&#8217;oc\u00e9an Pacifique et le golfe de Californie. C&#8217;est un endroit parfait pour se d\u00e9tendre et prendre de belles photos de la c\u00f4te et pourquoi pas, essayer la gastronomie locale.<\/p>\n<p>Au cours de cette visite priv\u00e9e sur la c\u00f4te de Baja California, vous quitterez les \u00c9tats-Unis pour une journ\u00e9e et vous plongerez dans les terres mexicaines. Vous d\u00e9couvrirez les plus belles et incroyables plages pendant que le soleil touche votre peau.<\/p>\n<h2>Sites d&#8217;int\u00e9r\u00eat et monuments<\/h2>\n<p>Votre premier contact avec Tour Travel &amp; More se fera \u00e0 votre h\u00f4tel ou lieu de votre choix \u00e0 San Diego. La visite commencera t\u00f4t le matin afin que vous puissiez profiter de toute la journ\u00e9e.<\/p>\n<p>Tout d&#8217;abord, la visite commencera en passant par le centre culturel de Tijuana jusqu&#8217;\u00e0 ce que vous atteigniez la c\u00f4te. La c\u00f4te de Tijuana est l&#8217;un des plus grands territoires et l&#8217;une des attractions touristiques de la commune. Ici, vous pourrez admirer les plus belles plages telles que: l&#8217;\u00eele de Coronado, Ensenada, La Bufadora et bien d&#8217;autres. Beaucoup de gens conviennent que depuis ces plages, vous pouvez admirer le meilleur coucher de soleil.<\/p>\n<p>Deuxi\u00e8mement, vous continuerez vers Puerto Nuevo, qui fait partie de la municipalit\u00e9 de Rosarito Beaches. C&#8217;est une charmante ville c\u00f4ti\u00e8re qui est tr\u00e8s connue pour offrir le homard comme plat principal. Si vous \u00eates le genre de personne qui aime essayer la gastronomie locale, c&#8217;est certainement le plat qu&#8217;il faut go\u00fbter.<\/p>\n<p>Apr\u00e8s cela, vous visiterez la plage de Rosario. Nous sommes tous d&#8217;accord pour dire qu&#8217;apr\u00e8s un d\u00e9licieux d\u00e9jeuner, vous aurez besoin de temps pour vous reposer. C&#8217;est l&#8217;une des plages les plus importantes et les plus visit\u00e9es. Il se caract\u00e9rise par ses grandes stations baln\u00e9aires et son sable blanc sp\u00e9cial. Cet endroit a \u00e9galement une vie nocturne sp\u00e9ciale et unique.<\/p>\n<p>Si vous avez encore du temps et que vous \u00eates int\u00e9ress\u00e9, vous pouvez \u00e9galement visiter l&#8217;avenue de la R\u00e9volution. C&#8217;est une rue tr\u00e8s importante pleine de boutiques de v\u00eatements, de magasins et de nombreux autres habitants. Est l&#8217;endroit id\u00e9al pour ceux qui aiment faire du shopping.<\/p>\n<p>Enfin, \u00e0 la fin de la visite, votre chauffeur priv\u00e9 et votre guide vous ram\u00e8neront \u00e0 votre point de d\u00e9part \u00e0 San Diego.<\/p>\n<p>N&#8217;oubliez pas de consulter notre liste de produits priv\u00e9s \u00e0 destination et en provenance de San Diego.<\/p>\n","protected":false},"excerpt":{"rendered":"<p>Prenez une journ\u00e9e de cong\u00e9 de San Diego et rejoignez-nous pour cette excursion priv\u00e9e d&#8217;une journ\u00e9e compl\u00e8te sur la c\u00f4te de Baja California. Laissez-vous admirer par les incroyables plages qui caract\u00e9risent cette zone et les magnifiques vues c\u00f4ti\u00e8res.<\/p>\n","protected":false},"featured_media":98572,"comment_status":"open","ping_status":"closed","template":"","meta":{"_acf_changed":false},"product_brand":[],"product_cat":[3547,3788],"product_tag":[],"class_list":{"0":"post-104545","1":"product","2":"type-product","3":"status-publish","4":"has-post-thumbnail","6":"product_cat-etats-unis-fr","7":"product_cat-san-diego-fr","9":"first","10":"instock","11":"shipping-taxable","12":"purchasable","13":"product-type-simple"},"acf":[],"yoast_head":"<!-- This site is optimized with the Yoast SEO Premium plugin v25.3.1 (Yoast SEO v25.3.1) - https:\/\/yoast.com\/wordpress\/plugins\/seo\/ -->\n<title>Visite priv\u00e9e de la c\u00f4te de Basse-Californie au d\u00e9part de San Diego<\/title>\n<meta name=\"description\" content=\"Venez avec nous lors de cette visite priv\u00e9e de la c\u00f4te de Basse-Californie au d\u00e9part de San Diego \u00e0 l&#039;aise dans un v\u00e9hicule de luxe priv\u00e9 avec chauffeur et guide officiel.\" \/>\n<meta name=\"robots\" content=\"index, follow, max-snippet:-1, max-image-preview:large, max-video-preview:-1\" \/>\n<link rel=\"canonical\" href=\"https:\/\/tourtravelandmore.com\/fr\/tours\/etats-unis-fr\/san-diego-fr\/visite-privee-de-la-cote-de-basse-californie\/\" \/>\n<meta property=\"og:locale\" content=\"fr_FR\" \/>\n<meta property=\"og:type\" content=\"article\" \/>\n<meta property=\"og:title\" content=\"Visite priv\u00e9e de la c\u00f4te de Basse-Californie\" \/>\n<meta property=\"og:description\" content=\"Venez avec nous lors de cette visite priv\u00e9e de la c\u00f4te de Basse-Californie au d\u00e9part de San Diego \u00e0 l&#039;aise dans un v\u00e9hicule de luxe priv\u00e9 avec chauffeur et guide officiel.\" \/>\n<meta property=\"og:url\" content=\"https:\/\/tourtravelandmore.com\/fr\/tours\/etats-unis-fr\/san-diego-fr\/visite-privee-de-la-cote-de-basse-californie\/\" \/>\n<meta property=\"og:site_name\" content=\"Tour Travel And More\" \/>\n<meta property=\"article:publisher\" content=\"https:\/\/www.facebook.com\/tourtravelandmore\/\" \/>\n<meta property=\"article:modified_time\" content=\"2021-03-22T09:32:25+00:00\" \/>\n<meta property=\"og:image\" content=\"https:\/\/tourtravelandmore.com\/wp-content\/uploads\/2020\/11\/baja-california-3.jpg\" \/>\n\t<meta property=\"og:image:width\" content=\"2560\" \/>\n\t<meta property=\"og:image:height\" content=\"1440\" \/>\n\t<meta property=\"og:image:type\" content=\"image\/jpeg\" \/>\n<meta name=\"twitter:card\" content=\"summary_large_image\" \/>\n<meta name=\"twitter:site\" content=\"@TourTravel_More\" \/>\n<meta name=\"twitter:label1\" content=\"Dur\u00e9e de lecture estim\u00e9e\" \/>\n\t<meta name=\"twitter:data1\" content=\"3 minutes\" \/>\n<script type=\"application\/ld+json\" class=\"yoast-schema-graph\">{\"@context\":\"https:\/\/schema.org\",\"@graph\":[{\"@type\":\"WebPage\",\"@id\":\"https:\/\/tourtravelandmore.com\/fr\/tours\/etats-unis-fr\/san-diego-fr\/visite-privee-de-la-cote-de-basse-californie\/\",\"url\":\"https:\/\/tourtravelandmore.com\/fr\/tours\/etats-unis-fr\/san-diego-fr\/visite-privee-de-la-cote-de-basse-californie\/\",\"name\":\"Visite priv\u00e9e de la c\u00f4te de Basse-Californie au d\u00e9part de San Diego\",\"isPartOf\":{\"@id\":\"https:\/\/tourtravelandmore.com\/fr\/#website\"},\"primaryImageOfPage\":{\"@id\":\"https:\/\/tourtravelandmore.com\/fr\/tours\/etats-unis-fr\/san-diego-fr\/visite-privee-de-la-cote-de-basse-californie\/#primaryimage\"},\"image\":{\"@id\":\"https:\/\/tourtravelandmore.com\/fr\/tours\/etats-unis-fr\/san-diego-fr\/visite-privee-de-la-cote-de-basse-californie\/#primaryimage\"},\"thumbnailUrl\":\"https:\/\/tourtravelandmore.com\/wp-content\/uploads\/2020\/11\/baja-california-3.jpg\",\"datePublished\":\"2020-11-04T09:58:26+00:00\",\"dateModified\":\"2021-03-22T09:32:25+00:00\",\"description\":\"Venez avec nous lors de cette visite priv\u00e9e de la c\u00f4te de Basse-Californie au d\u00e9part de San Diego \u00e0 l'aise dans un v\u00e9hicule de luxe priv\u00e9 avec chauffeur et guide officiel.\",\"breadcrumb\":{\"@id\":\"https:\/\/tourtravelandmore.com\/fr\/tours\/etats-unis-fr\/san-diego-fr\/visite-privee-de-la-cote-de-basse-californie\/#breadcrumb\"},\"inLanguage\":\"fr-FR\",\"potentialAction\":[{\"@type\":\"ReadAction\",\"target\":[\"https:\/\/tourtravelandmore.com\/fr\/tours\/etats-unis-fr\/san-diego-fr\/visite-privee-de-la-cote-de-basse-californie\/\"]}]},{\"@type\":\"ImageObject\",\"inLanguage\":\"fr-FR\",\"@id\":\"https:\/\/tourtravelandmore.com\/fr\/tours\/etats-unis-fr\/san-diego-fr\/visite-privee-de-la-cote-de-basse-californie\/#primaryimage\",\"url\":\"https:\/\/tourtravelandmore.com\/wp-content\/uploads\/2020\/11\/baja-california-3.jpg\",\"contentUrl\":\"https:\/\/tourtravelandmore.com\/wp-content\/uploads\/2020\/11\/baja-california-3.jpg\",\"width\":2560,\"height\":1440},{\"@type\":\"BreadcrumbList\",\"@id\":\"https:\/\/tourtravelandmore.com\/fr\/tours\/etats-unis-fr\/san-diego-fr\/visite-privee-de-la-cote-de-basse-californie\/#breadcrumb\",\"itemListElement\":[{\"@type\":\"ListItem\",\"position\":1,\"name\":\"Home\",\"item\":\"https:\/\/tourtravelandmore.com\/fr\/\"},{\"@type\":\"ListItem\",\"position\":2,\"name\":\"Tours\",\"item\":\"https:\/\/tourtravelandmore.com\/fr\/tours\/\"},{\"@type\":\"ListItem\",\"position\":3,\"name\":\"Visite priv\u00e9e de la c\u00f4te de Basse-Californie\"}]},{\"@type\":\"WebSite\",\"@id\":\"https:\/\/tourtravelandmore.com\/fr\/#website\",\"url\":\"https:\/\/tourtravelandmore.com\/fr\/\",\"name\":\"Tour Travel And More\",\"description\":\"Private sightseeing tours and luxury transfers in Spain\",\"publisher\":{\"@id\":\"https:\/\/tourtravelandmore.com\/fr\/#organization\"},\"potentialAction\":[{\"@type\":\"SearchAction\",\"target\":{\"@type\":\"EntryPoint\",\"urlTemplate\":\"https:\/\/tourtravelandmore.com\/fr\/?s={search_term_string}\"},\"query-input\":{\"@type\":\"PropertyValueSpecification\",\"valueRequired\":true,\"valueName\":\"search_term_string\"}}],\"inLanguage\":\"fr-FR\"},{\"@type\":\"Organization\",\"@id\":\"https:\/\/tourtravelandmore.com\/fr\/#organization\",\"name\":\"Tour Travel And More\",\"url\":\"https:\/\/tourtravelandmore.com\/fr\/\",\"logo\":{\"@type\":\"ImageObject\",\"inLanguage\":\"fr-FR\",\"@id\":\"https:\/\/tourtravelandmore.com\/fr\/#\/schema\/logo\/image\/\",\"url\":\"https:\/\/tourtravelandmore.com\/wp-content\/uploads\/2022\/12\/cropped-logo-cabecera-new.png\",\"contentUrl\":\"https:\/\/tourtravelandmore.com\/wp-content\/uploads\/2022\/12\/cropped-logo-cabecera-new.png\",\"width\":430,\"height\":61,\"caption\":\"Tour Travel And More\"},\"image\":{\"@id\":\"https:\/\/tourtravelandmore.com\/fr\/#\/schema\/logo\/image\/\"},\"sameAs\":[\"https:\/\/www.facebook.com\/tourtravelandmore\/\",\"https:\/\/x.com\/TourTravel_More\"]}]}<\/script>\n<!-- \/ Yoast SEO Premium plugin. -->","yoast_head_json":{"title":"Visite priv\u00e9e de la c\u00f4te de Basse-Californie au d\u00e9part de San Diego","description":"Venez avec nous lors de cette visite priv\u00e9e de la c\u00f4te de Basse-Californie au d\u00e9part de San Diego \u00e0 l'aise dans un v\u00e9hicule de luxe priv\u00e9 avec chauffeur et guide officiel.","robots":{"index":"index","follow":"follow","max-snippet":"max-snippet:-1","max-image-preview":"max-image-preview:large","max-video-preview":"max-video-preview:-1"},"canonical":"https:\/\/tourtravelandmore.com\/fr\/tours\/etats-unis-fr\/san-diego-fr\/visite-privee-de-la-cote-de-basse-californie\/","og_locale":"fr_FR","og_type":"article","og_title":"Visite priv\u00e9e de la c\u00f4te de Basse-Californie","og_description":"Venez avec nous lors de cette visite priv\u00e9e de la c\u00f4te de Basse-Californie au d\u00e9part de San Diego \u00e0 l'aise dans un v\u00e9hicule de luxe priv\u00e9 avec chauffeur et guide officiel.","og_url":"https:\/\/tourtravelandmore.com\/fr\/tours\/etats-unis-fr\/san-diego-fr\/visite-privee-de-la-cote-de-basse-californie\/","og_site_name":"Tour Travel And More","article_publisher":"https:\/\/www.facebook.com\/tourtravelandmore\/","article_modified_time":"2021-03-22T09:32:25+00:00","og_image":[{"width":2560,"height":1440,"url":"https:\/\/tourtravelandmore.com\/wp-content\/uploads\/2020\/11\/baja-california-3.jpg","type":"image\/jpeg"}],"twitter_card":"summary_large_image","twitter_site":"@TourTravel_More","twitter_misc":{"Dur\u00e9e de lecture estim\u00e9e":"3 minutes"},"schema":{"@context":"https:\/\/schema.org","@graph":[{"@type":"WebPage","@id":"https:\/\/tourtravelandmore.com\/fr\/tours\/etats-unis-fr\/san-diego-fr\/visite-privee-de-la-cote-de-basse-californie\/","url":"https:\/\/tourtravelandmore.com\/fr\/tours\/etats-unis-fr\/san-diego-fr\/visite-privee-de-la-cote-de-basse-californie\/","name":"Visite priv\u00e9e de la c\u00f4te de Basse-Californie au d\u00e9part de San Diego","isPartOf":{"@id":"https:\/\/tourtravelandmore.com\/fr\/#website"},"primaryImageOfPage":{"@id":"https:\/\/tourtravelandmore.com\/fr\/tours\/etats-unis-fr\/san-diego-fr\/visite-privee-de-la-cote-de-basse-californie\/#primaryimage"},"image":{"@id":"https:\/\/tourtravelandmore.com\/fr\/tours\/etats-unis-fr\/san-diego-fr\/visite-privee-de-la-cote-de-basse-californie\/#primaryimage"},"thumbnailUrl":"https:\/\/tourtravelandmore.com\/wp-content\/uploads\/2020\/11\/baja-california-3.jpg","datePublished":"2020-11-04T09:58:26+00:00","dateModified":"2021-03-22T09:32:25+00:00","description":"Venez avec nous lors de cette visite priv\u00e9e de la c\u00f4te de Basse-Californie au d\u00e9part de San Diego \u00e0 l'aise dans un v\u00e9hicule de luxe priv\u00e9 avec chauffeur et guide officiel.","breadcrumb":{"@id":"https:\/\/tourtravelandmore.com\/fr\/tours\/etats-unis-fr\/san-diego-fr\/visite-privee-de-la-cote-de-basse-californie\/#breadcrumb"},"inLanguage":"fr-FR","potentialAction":[{"@type":"ReadAction","target":["https:\/\/tourtravelandmore.com\/fr\/tours\/etats-unis-fr\/san-diego-fr\/visite-privee-de-la-cote-de-basse-californie\/"]}]},{"@type":"ImageObject","inLanguage":"fr-FR","@id":"https:\/\/tourtravelandmore.com\/fr\/tours\/etats-unis-fr\/san-diego-fr\/visite-privee-de-la-cote-de-basse-californie\/#primaryimage","url":"https:\/\/tourtravelandmore.com\/wp-content\/uploads\/2020\/11\/baja-california-3.jpg","contentUrl":"https:\/\/tourtravelandmore.com\/wp-content\/uploads\/2020\/11\/baja-california-3.jpg","width":2560,"height":1440},{"@type":"BreadcrumbList","@id":"https:\/\/tourtravelandmore.com\/fr\/tours\/etats-unis-fr\/san-diego-fr\/visite-privee-de-la-cote-de-basse-californie\/#breadcrumb","itemListElement":[{"@type":"ListItem","position":1,"name":"Home","item":"https:\/\/tourtravelandmore.com\/fr\/"},{"@type":"ListItem","position":2,"name":"Tours","item":"https:\/\/tourtravelandmore.com\/fr\/tours\/"},{"@type":"ListItem","position":3,"name":"Visite priv\u00e9e de la c\u00f4te de Basse-Californie"}]},{"@type":"WebSite","@id":"https:\/\/tourtravelandmore.com\/fr\/#website","url":"https:\/\/tourtravelandmore.com\/fr\/","name":"Tour Travel And More","description":"Private sightseeing tours and luxury transfers in Spain","publisher":{"@id":"https:\/\/tourtravelandmore.com\/fr\/#organization"},"potentialAction":[{"@type":"SearchAction","target":{"@type":"EntryPoint","urlTemplate":"https:\/\/tourtravelandmore.com\/fr\/?s={search_term_string}"},"query-input":{"@type":"PropertyValueSpecification","valueRequired":true,"valueName":"search_term_string"}}],"inLanguage":"fr-FR"},{"@type":"Organization","@id":"https:\/\/tourtravelandmore.com\/fr\/#organization","name":"Tour Travel And More","url":"https:\/\/tourtravelandmore.com\/fr\/","logo":{"@type":"ImageObject","inLanguage":"fr-FR","@id":"https:\/\/tourtravelandmore.com\/fr\/#\/schema\/logo\/image\/","url":"https:\/\/tourtravelandmore.com\/wp-content\/uploads\/2022\/12\/cropped-logo-cabecera-new.png","contentUrl":"https:\/\/tourtravelandmore.com\/wp-content\/uploads\/2022\/12\/cropped-logo-cabecera-new.png","width":430,"height":61,"caption":"Tour Travel And More"},"image":{"@id":"https:\/\/tourtravelandmore.com\/fr\/#\/schema\/logo\/image\/"},"sameAs":["https:\/\/www.facebook.com\/tourtravelandmore\/","https:\/\/x.com\/TourTravel_More"]}]}},"_links":{"self":[{"href":"https:\/\/tourtravelandmore.com\/fr\/wp-json\/wp\/v2\/product\/104545","targetHints":{"allow":["GET"]}}],"collection":[{"href":"https:\/\/tourtravelandmore.com\/fr\/wp-json\/wp\/v2\/product"}],"about":[{"href":"https:\/\/tourtravelandmore.com\/fr\/wp-json\/wp\/v2\/types\/product"}],"replies":[{"embeddable":true,"href":"https:\/\/tourtravelandmore.com\/fr\/wp-json\/wp\/v2\/comments?post=104545"}],"wp:featuredmedia":[{"embeddable":true,"href":"https:\/\/tourtravelandmore.com\/fr\/wp-json\/wp\/v2\/media\/98572"}],"wp:attachment":[{"href":"https:\/\/tourtravelandmore.com\/fr\/wp-json\/wp\/v2\/media?parent=104545"}],"wp:term":[{"taxonomy":"product_brand","embeddable":true,"href":"https:\/\/tourtravelandmore.com\/fr\/wp-json\/wp\/v2\/product_brand?post=104545"},{"taxonomy":"product_cat","embeddable":true,"href":"https:\/\/tourtravelandmore.com\/fr\/wp-json\/wp\/v2\/product_cat?post=104545"},{"taxonomy":"product_tag","embeddable":true,"href":"https:\/\/tourtravelandmore.com\/fr\/wp-json\/wp\/v2\/product_tag?post=104545"}],"curies":[{"name":"wp","href":"https:\/\/api.w.org\/{rel}","templated":true}]}}