{"id":104539,"date":"2020-11-03T11:34:09","date_gmt":"2020-11-03T10:34:09","guid":{"rendered":"https:\/\/tourtravelandmore.com\/tours\/non%20class\u00e9\/visite-privee-a-pied-de-la-petite-italie\/"},"modified":"2021-03-22T10:31:30","modified_gmt":"2021-03-22T09:31:30","slug":"visite-privee-a-pied-de-la-petite-italie","status":"publish","type":"product","link":"https:\/\/tourtravelandmore.com\/fr\/tours\/etats-unis-fr\/san-diego-fr\/visite-privee-a-pied-de-la-petite-italie\/","title":{"rendered":"Visite priv\u00e9e \u00e0 pied de la Petite Italie"},"content":{"rendered":"<h2>Description:<\/h2>\n<p>La Petite Italie est l&#8217;un des quartiers les plus visit\u00e9s de San Diego car elle a beaucoup \u00e0 offrir. Venez avec nous pour cette visite priv\u00e9e \u00e0 pied de la Petite Italie et courez la chance de conna\u00eetre l&#8217;un des endroits les plus chics et les plus beaux de San Diego. Bien s\u00fbr, vous ne serez pas seul, vous aurez un guide officiel priv\u00e9 disponible pour la visite de 3 heures.<\/p>\n<p>Toutes nos visites \u00e0 pied commencent dans votre h\u00f4tel situ\u00e9 au centre ou dans un endroit central, dans ce cas, pr\u00e8s de la Petite Italie. Si votre h\u00f4tel est loin du point de rendez-vous, nous pouvons organiser un transfert priv\u00e9 rien que pour vous. L&#8217;id\u00e9e est que vous n&#8217;avez \u00e0 vous soucier de rien.<\/p>\n<p>Comme nous l&#8217;avons d\u00e9j\u00e0 mentionn\u00e9, Little Italy est un quartier tr\u00e8s c\u00e9l\u00e8bre de San Diego. Est un endroit plein de restaurants, de bars \u00e0 cocktails modernes et de brasseries artisanales. Il a \u00e9galement de nombreuses boutiques de v\u00eatements, de beaux parcs et des salles de musique. C&#8217;est l&#8217;endroit id\u00e9al pour se promener de jour comme de nuit car vous aurez toujours quelque chose \u00e0 admirer.<\/p>\n<p>Votre guide officiel priv\u00e9 vous emm\u00e8nera visiter tous les coins de ce quartier unique. Au cas o\u00f9 vous seriez int\u00e9ress\u00e9, il pourra vous donner quelques recommandations pour le d\u00e9jeuner ou simplement prendre un verre dans la zone.<\/p>\n<h2>Sites d&#8217;int\u00e9r\u00eat et points de rep\u00e8re<\/h2>\n<p>Tout d&#8217;abord, votre guide officiel priv\u00e9 viendra vous chercher \u00e0 l&#8217;endroit pr\u00e9vu. L&#8217;heure de d\u00e9but de la visite sera d\u00e9termin\u00e9e par vous car il s&#8217;agit d&#8217;une visite priv\u00e9e et personnalis\u00e9e.<\/p>\n<p>Au cours de cette visite priv\u00e9e \u00e0 pied de la Petite Italie, vous pourrez visiter tous les lieux les plus importants du quartier et des environs. Entre autres monuments et lieux que vous pourrez visiter:<\/p>\n<ul>\n<li>Mus\u00e9e des pompiers: est un tr\u00e8s beau mus\u00e9e \u00e0 visiter si vous \u00eates avec des enfants car vous pouvez voir des objets de lutte contre les incendies datant de 100 ans.<\/li>\n<li>Waterfront Bar and Grill: endroit tr\u00e8s amusant o\u00f9 prendre un repas typiquement am\u00e9ricain.<\/li>\n<li>Place Basilone<\/li>\n<li>Parc Balboa<\/li>\n<li>Mus\u00e9e de l&#8217;USS Midway<\/li>\n<li>Broadway Pier<\/li>\n<li>Parc Amici<\/li>\n<li>Village portuaire<\/li>\n<li>\u00c9toile de l&#8217;Inde<\/li>\n<li>Parc de Tuna Harbour<\/li>\n<\/ul>\n<p>Profitez du meilleur de votre s\u00e9jour \u00e0 San Diego avec Tour Travel &amp; More. Nous avons la formule parfaite: passez un bon moment pendant vos vacances tout en d\u00e9couvrant l&#8217;histoire et la culture de la ville.<\/p>\n<p>Enfin, \u00e0 la fin de la visite guid\u00e9e, votre guide officiel priv\u00e9 vous d\u00e9posera dans un lieu central.<\/p>\n<p>Si vous recherchez une excursion d&#8217;une journ\u00e9e compl\u00e8te, jetez un \u0153il \u00e0 notre visite priv\u00e9e \u00e0 Los Angeles au d\u00e9part de San Diego.<\/p>\n","protected":false},"excerpt":{"rendered":"<p>Si vous restez quelques jours \u00e0 San Diego, vous devez absolument vous joindre \u00e0 nous pour cette visite priv\u00e9e \u00e0 pied de la Petite Italie. Promenez-vous dans ses belles rues, ses boutiques et ses restaurants aux c\u00f4t\u00e9s d&#8217;un guide local.<\/p>\n","protected":false},"featured_media":98560,"comment_status":"open","ping_status":"closed","template":"","meta":{"_acf_changed":false},"product_brand":[],"product_cat":[3547,3788],"product_tag":[],"class_list":{"0":"post-104539","1":"product","2":"type-product","3":"status-publish","4":"has-post-thumbnail","6":"product_cat-etats-unis-fr","7":"product_cat-san-diego-fr","9":"first","10":"instock","11":"shipping-taxable","12":"purchasable","13":"product-type-simple"},"acf":[],"yoast_head":"<!-- This site is optimized with the Yoast SEO Premium plugin v25.3.1 (Yoast SEO v25.3.1) - https:\/\/yoast.com\/wordpress\/plugins\/seo\/ -->\n<title>Visite priv\u00e9e \u00e0 pied de la Petite Italie \u00e0 San Diego avec un guide local<\/title>\n<meta name=\"description\" content=\"Venez avec nous sur cette visite priv\u00e9e \u00e0 pied de la Petite Italie et profitez de la visite de l&#039;un des plus beaux quartiers de San Diego.\" \/>\n<meta name=\"robots\" content=\"index, follow, max-snippet:-1, max-image-preview:large, max-video-preview:-1\" \/>\n<link rel=\"canonical\" href=\"https:\/\/tourtravelandmore.com\/fr\/tours\/etats-unis-fr\/san-diego-fr\/visite-privee-a-pied-de-la-petite-italie\/\" \/>\n<meta property=\"og:locale\" content=\"fr_FR\" \/>\n<meta property=\"og:type\" content=\"article\" \/>\n<meta property=\"og:title\" content=\"Visite priv\u00e9e \u00e0 pied de la Petite Italie\" \/>\n<meta property=\"og:description\" content=\"Venez avec nous sur cette visite priv\u00e9e \u00e0 pied de la Petite Italie et profitez de la visite de l&#039;un des plus beaux quartiers de San Diego.\" \/>\n<meta property=\"og:url\" content=\"https:\/\/tourtravelandmore.com\/fr\/tours\/etats-unis-fr\/san-diego-fr\/visite-privee-a-pied-de-la-petite-italie\/\" \/>\n<meta property=\"og:site_name\" content=\"Tour Travel And More\" \/>\n<meta property=\"article:publisher\" content=\"https:\/\/www.facebook.com\/tourtravelandmore\/\" \/>\n<meta property=\"article:modified_time\" content=\"2021-03-22T09:31:30+00:00\" \/>\n<meta property=\"og:image\" content=\"https:\/\/tourtravelandmore.com\/wp-content\/uploads\/2020\/11\/little-italy-6-scaled.jpg\" \/>\n\t<meta property=\"og:image:width\" content=\"2560\" \/>\n\t<meta property=\"og:image:height\" content=\"1709\" \/>\n\t<meta property=\"og:image:type\" content=\"image\/jpeg\" \/>\n<meta name=\"twitter:card\" content=\"summary_large_image\" \/>\n<meta name=\"twitter:site\" content=\"@TourTravel_More\" \/>\n<meta name=\"twitter:label1\" content=\"Dur\u00e9e de lecture estim\u00e9e\" \/>\n\t<meta name=\"twitter:data1\" content=\"2 minutes\" \/>\n<script type=\"application\/ld+json\" class=\"yoast-schema-graph\">{\"@context\":\"https:\/\/schema.org\",\"@graph\":[{\"@type\":\"WebPage\",\"@id\":\"https:\/\/tourtravelandmore.com\/fr\/tours\/etats-unis-fr\/san-diego-fr\/visite-privee-a-pied-de-la-petite-italie\/\",\"url\":\"https:\/\/tourtravelandmore.com\/fr\/tours\/etats-unis-fr\/san-diego-fr\/visite-privee-a-pied-de-la-petite-italie\/\",\"name\":\"Visite priv\u00e9e \u00e0 pied de la Petite Italie \u00e0 San Diego avec un guide local\",\"isPartOf\":{\"@id\":\"https:\/\/tourtravelandmore.com\/fr\/#website\"},\"primaryImageOfPage\":{\"@id\":\"https:\/\/tourtravelandmore.com\/fr\/tours\/etats-unis-fr\/san-diego-fr\/visite-privee-a-pied-de-la-petite-italie\/#primaryimage\"},\"image\":{\"@id\":\"https:\/\/tourtravelandmore.com\/fr\/tours\/etats-unis-fr\/san-diego-fr\/visite-privee-a-pied-de-la-petite-italie\/#primaryimage\"},\"thumbnailUrl\":\"https:\/\/tourtravelandmore.com\/wp-content\/uploads\/2020\/11\/little-italy-6-scaled.jpg\",\"datePublished\":\"2020-11-03T10:34:09+00:00\",\"dateModified\":\"2021-03-22T09:31:30+00:00\",\"description\":\"Venez avec nous sur cette visite priv\u00e9e \u00e0 pied de la Petite Italie et profitez de la visite de l'un des plus beaux quartiers de San Diego.\",\"breadcrumb\":{\"@id\":\"https:\/\/tourtravelandmore.com\/fr\/tours\/etats-unis-fr\/san-diego-fr\/visite-privee-a-pied-de-la-petite-italie\/#breadcrumb\"},\"inLanguage\":\"fr-FR\",\"potentialAction\":[{\"@type\":\"ReadAction\",\"target\":[\"https:\/\/tourtravelandmore.com\/fr\/tours\/etats-unis-fr\/san-diego-fr\/visite-privee-a-pied-de-la-petite-italie\/\"]}]},{\"@type\":\"ImageObject\",\"inLanguage\":\"fr-FR\",\"@id\":\"https:\/\/tourtravelandmore.com\/fr\/tours\/etats-unis-fr\/san-diego-fr\/visite-privee-a-pied-de-la-petite-italie\/#primaryimage\",\"url\":\"https:\/\/tourtravelandmore.com\/wp-content\/uploads\/2020\/11\/little-italy-6-scaled.jpg\",\"contentUrl\":\"https:\/\/tourtravelandmore.com\/wp-content\/uploads\/2020\/11\/little-italy-6-scaled.jpg\",\"width\":2560,\"height\":1709,\"caption\":\"OLYMPUS DIGITAL CAMERA\"},{\"@type\":\"BreadcrumbList\",\"@id\":\"https:\/\/tourtravelandmore.com\/fr\/tours\/etats-unis-fr\/san-diego-fr\/visite-privee-a-pied-de-la-petite-italie\/#breadcrumb\",\"itemListElement\":[{\"@type\":\"ListItem\",\"position\":1,\"name\":\"Home\",\"item\":\"https:\/\/tourtravelandmore.com\/fr\/\"},{\"@type\":\"ListItem\",\"position\":2,\"name\":\"Tours\",\"item\":\"https:\/\/tourtravelandmore.com\/fr\/tours\/\"},{\"@type\":\"ListItem\",\"position\":3,\"name\":\"Visite priv\u00e9e \u00e0 pied de la Petite Italie\"}]},{\"@type\":\"WebSite\",\"@id\":\"https:\/\/tourtravelandmore.com\/fr\/#website\",\"url\":\"https:\/\/tourtravelandmore.com\/fr\/\",\"name\":\"Tour Travel And More\",\"description\":\"Private sightseeing tours and luxury transfers in Spain\",\"publisher\":{\"@id\":\"https:\/\/tourtravelandmore.com\/fr\/#organization\"},\"potentialAction\":[{\"@type\":\"SearchAction\",\"target\":{\"@type\":\"EntryPoint\",\"urlTemplate\":\"https:\/\/tourtravelandmore.com\/fr\/?s={search_term_string}\"},\"query-input\":{\"@type\":\"PropertyValueSpecification\",\"valueRequired\":true,\"valueName\":\"search_term_string\"}}],\"inLanguage\":\"fr-FR\"},{\"@type\":\"Organization\",\"@id\":\"https:\/\/tourtravelandmore.com\/fr\/#organization\",\"name\":\"Tour Travel And More\",\"url\":\"https:\/\/tourtravelandmore.com\/fr\/\",\"logo\":{\"@type\":\"ImageObject\",\"inLanguage\":\"fr-FR\",\"@id\":\"https:\/\/tourtravelandmore.com\/fr\/#\/schema\/logo\/image\/\",\"url\":\"https:\/\/tourtravelandmore.com\/wp-content\/uploads\/2022\/12\/cropped-logo-cabecera-new.png\",\"contentUrl\":\"https:\/\/tourtravelandmore.com\/wp-content\/uploads\/2022\/12\/cropped-logo-cabecera-new.png\",\"width\":430,\"height\":61,\"caption\":\"Tour Travel And More\"},\"image\":{\"@id\":\"https:\/\/tourtravelandmore.com\/fr\/#\/schema\/logo\/image\/\"},\"sameAs\":[\"https:\/\/www.facebook.com\/tourtravelandmore\/\",\"https:\/\/x.com\/TourTravel_More\"]}]}<\/script>\n<!-- \/ Yoast SEO Premium plugin. -->","yoast_head_json":{"title":"Visite priv\u00e9e \u00e0 pied de la Petite Italie \u00e0 San Diego avec un guide local","description":"Venez avec nous sur cette visite priv\u00e9e \u00e0 pied de la Petite Italie et profitez de la visite de l'un des plus beaux quartiers de San Diego.","robots":{"index":"index","follow":"follow","max-snippet":"max-snippet:-1","max-image-preview":"max-image-preview:large","max-video-preview":"max-video-preview:-1"},"canonical":"https:\/\/tourtravelandmore.com\/fr\/tours\/etats-unis-fr\/san-diego-fr\/visite-privee-a-pied-de-la-petite-italie\/","og_locale":"fr_FR","og_type":"article","og_title":"Visite priv\u00e9e \u00e0 pied de la Petite Italie","og_description":"Venez avec nous sur cette visite priv\u00e9e \u00e0 pied de la Petite Italie et profitez de la visite de l'un des plus beaux quartiers de San Diego.","og_url":"https:\/\/tourtravelandmore.com\/fr\/tours\/etats-unis-fr\/san-diego-fr\/visite-privee-a-pied-de-la-petite-italie\/","og_site_name":"Tour Travel And More","article_publisher":"https:\/\/www.facebook.com\/tourtravelandmore\/","article_modified_time":"2021-03-22T09:31:30+00:00","og_image":[{"width":2560,"height":1709,"url":"https:\/\/tourtravelandmore.com\/wp-content\/uploads\/2020\/11\/little-italy-6-scaled.jpg","type":"image\/jpeg"}],"twitter_card":"summary_large_image","twitter_site":"@TourTravel_More","twitter_misc":{"Dur\u00e9e de lecture estim\u00e9e":"2 minutes"},"schema":{"@context":"https:\/\/schema.org","@graph":[{"@type":"WebPage","@id":"https:\/\/tourtravelandmore.com\/fr\/tours\/etats-unis-fr\/san-diego-fr\/visite-privee-a-pied-de-la-petite-italie\/","url":"https:\/\/tourtravelandmore.com\/fr\/tours\/etats-unis-fr\/san-diego-fr\/visite-privee-a-pied-de-la-petite-italie\/","name":"Visite priv\u00e9e \u00e0 pied de la Petite Italie \u00e0 San Diego avec un guide local","isPartOf":{"@id":"https:\/\/tourtravelandmore.com\/fr\/#website"},"primaryImageOfPage":{"@id":"https:\/\/tourtravelandmore.com\/fr\/tours\/etats-unis-fr\/san-diego-fr\/visite-privee-a-pied-de-la-petite-italie\/#primaryimage"},"image":{"@id":"https:\/\/tourtravelandmore.com\/fr\/tours\/etats-unis-fr\/san-diego-fr\/visite-privee-a-pied-de-la-petite-italie\/#primaryimage"},"thumbnailUrl":"https:\/\/tourtravelandmore.com\/wp-content\/uploads\/2020\/11\/little-italy-6-scaled.jpg","datePublished":"2020-11-03T10:34:09+00:00","dateModified":"2021-03-22T09:31:30+00:00","description":"Venez avec nous sur cette visite priv\u00e9e \u00e0 pied de la Petite Italie et profitez de la visite de l'un des plus beaux quartiers de San Diego.","breadcrumb":{"@id":"https:\/\/tourtravelandmore.com\/fr\/tours\/etats-unis-fr\/san-diego-fr\/visite-privee-a-pied-de-la-petite-italie\/#breadcrumb"},"inLanguage":"fr-FR","potentialAction":[{"@type":"ReadAction","target":["https:\/\/tourtravelandmore.com\/fr\/tours\/etats-unis-fr\/san-diego-fr\/visite-privee-a-pied-de-la-petite-italie\/"]}]},{"@type":"ImageObject","inLanguage":"fr-FR","@id":"https:\/\/tourtravelandmore.com\/fr\/tours\/etats-unis-fr\/san-diego-fr\/visite-privee-a-pied-de-la-petite-italie\/#primaryimage","url":"https:\/\/tourtravelandmore.com\/wp-content\/uploads\/2020\/11\/little-italy-6-scaled.jpg","contentUrl":"https:\/\/tourtravelandmore.com\/wp-content\/uploads\/2020\/11\/little-italy-6-scaled.jpg","width":2560,"height":1709,"caption":"OLYMPUS DIGITAL CAMERA"},{"@type":"BreadcrumbList","@id":"https:\/\/tourtravelandmore.com\/fr\/tours\/etats-unis-fr\/san-diego-fr\/visite-privee-a-pied-de-la-petite-italie\/#breadcrumb","itemListElement":[{"@type":"ListItem","position":1,"name":"Home","item":"https:\/\/tourtravelandmore.com\/fr\/"},{"@type":"ListItem","position":2,"name":"Tours","item":"https:\/\/tourtravelandmore.com\/fr\/tours\/"},{"@type":"ListItem","position":3,"name":"Visite priv\u00e9e \u00e0 pied de la Petite Italie"}]},{"@type":"WebSite","@id":"https:\/\/tourtravelandmore.com\/fr\/#website","url":"https:\/\/tourtravelandmore.com\/fr\/","name":"Tour Travel And More","description":"Private sightseeing tours and luxury transfers in Spain","publisher":{"@id":"https:\/\/tourtravelandmore.com\/fr\/#organization"},"potentialAction":[{"@type":"SearchAction","target":{"@type":"EntryPoint","urlTemplate":"https:\/\/tourtravelandmore.com\/fr\/?s={search_term_string}"},"query-input":{"@type":"PropertyValueSpecification","valueRequired":true,"valueName":"search_term_string"}}],"inLanguage":"fr-FR"},{"@type":"Organization","@id":"https:\/\/tourtravelandmore.com\/fr\/#organization","name":"Tour Travel And More","url":"https:\/\/tourtravelandmore.com\/fr\/","logo":{"@type":"ImageObject","inLanguage":"fr-FR","@id":"https:\/\/tourtravelandmore.com\/fr\/#\/schema\/logo\/image\/","url":"https:\/\/tourtravelandmore.com\/wp-content\/uploads\/2022\/12\/cropped-logo-cabecera-new.png","contentUrl":"https:\/\/tourtravelandmore.com\/wp-content\/uploads\/2022\/12\/cropped-logo-cabecera-new.png","width":430,"height":61,"caption":"Tour Travel And More"},"image":{"@id":"https:\/\/tourtravelandmore.com\/fr\/#\/schema\/logo\/image\/"},"sameAs":["https:\/\/www.facebook.com\/tourtravelandmore\/","https:\/\/x.com\/TourTravel_More"]}]}},"_links":{"self":[{"href":"https:\/\/tourtravelandmore.com\/fr\/wp-json\/wp\/v2\/product\/104539","targetHints":{"allow":["GET"]}}],"collection":[{"href":"https:\/\/tourtravelandmore.com\/fr\/wp-json\/wp\/v2\/product"}],"about":[{"href":"https:\/\/tourtravelandmore.com\/fr\/wp-json\/wp\/v2\/types\/product"}],"replies":[{"embeddable":true,"href":"https:\/\/tourtravelandmore.com\/fr\/wp-json\/wp\/v2\/comments?post=104539"}],"wp:featuredmedia":[{"embeddable":true,"href":"https:\/\/tourtravelandmore.com\/fr\/wp-json\/wp\/v2\/media\/98560"}],"wp:attachment":[{"href":"https:\/\/tourtravelandmore.com\/fr\/wp-json\/wp\/v2\/media?parent=104539"}],"wp:term":[{"taxonomy":"product_brand","embeddable":true,"href":"https:\/\/tourtravelandmore.com\/fr\/wp-json\/wp\/v2\/product_brand?post=104539"},{"taxonomy":"product_cat","embeddable":true,"href":"https:\/\/tourtravelandmore.com\/fr\/wp-json\/wp\/v2\/product_cat?post=104539"},{"taxonomy":"product_tag","embeddable":true,"href":"https:\/\/tourtravelandmore.com\/fr\/wp-json\/wp\/v2\/product_tag?post=104539"}],"curies":[{"name":"wp","href":"https:\/\/api.w.org\/{rel}","templated":true}]}}