{"id":104511,"date":"2020-12-16T10:46:40","date_gmt":"2020-12-16T09:46:40","guid":{"rendered":"https:\/\/tourtravelandmore.com\/tours\/non%20class\u00e9\/visite-privee-de-la-plage-de-las-gatas\/"},"modified":"2021-03-19T11:50:29","modified_gmt":"2021-03-19T10:50:29","slug":"visite-privee-de-la-plage-de-las-gatas","status":"publish","type":"product","link":"https:\/\/tourtravelandmore.com\/fr\/tours\/mexique-fr\/ixtapa-fr\/visite-privee-de-la-plage-de-las-gatas\/","title":{"rendered":"Visite priv\u00e9e de la plage de Las Gatas"},"content":{"rendered":"<h2>Description:<\/h2>\n<p>Le Mexique est synonyme de belles plages aux eaux cristallines et au sable blanc et doux, non?. Alors \u00e0 cette occasion, nous vous proposons notre visite priv\u00e9e de la plage de Las Gatas. Saisissez l&#8217;occasion de visiter l&#8217;une des plages les plus exclusives de Zihuatanejo. Vous serez accompagn\u00e9 d&#8217;un chauffeur \/ guide priv\u00e9 qui conna\u00eet tr\u00e8s bien la r\u00e9gion.<\/p>\n<p>Votre premier contact avec Tour Travel &amp; More se fera \u00e0 votre h\u00f4tel ou lieu de votre choix \u00e0 Ixtapa. Apr\u00e8s une prise en charge confortable dans un v\u00e9hicule de luxe priv\u00e9, vous vous dirigerez vers la jet\u00e9e de Zihuatanejo. De l\u00e0, vous prendrez un bateau jusqu&#8217;\u00e0 la plage de Las Gatas.<\/p>\n<p>La plage de Las Gatas est situ\u00e9e au bout de la baie de Zihuatanejo. Il n&#8217;est pas possible d&#8217;arriver par voie terrestre pour des raisons de s\u00e9curit\u00e9 car il n&#8217;y a pas de moyen formel, pour cette raison, le meilleur moyen est d&#8217;aller en bateau. Un fait int\u00e9ressant, c&#8217;est que cette plage est nomm\u00e9e Las Gatas d&#8217;apr\u00e8s un requin inoffensif qui y vit.<\/p>\n<p>Ixtapa et Zihuatanejo ont certainement de belles plages, mais la plage de Las Gatas est l&#8217;une des plus belles. C&#8217;est tr\u00e8s calme, avec des paysages incroyables et l&#8217;endroit id\u00e9al pour la plong\u00e9e et la plong\u00e9e en apn\u00e9e. Ne manquez pas notre visite priv\u00e9e de la plage de Las Gatas!.<\/p>\n<h2>Sites d&#8217;int\u00e9r\u00eat et monuments<\/h2>\n<p>Tout d&#8217;abord, vous serez pris en charge \u00e0 votre h\u00f4tel ou lieu de votre choix \u00e0 Ixtapa. Comme il s&#8217;agit d&#8217;une visite priv\u00e9e et personnalis\u00e9e, vous pouvez d\u00e9cider de l&#8217;heure de d\u00e9but de l&#8217;excursion.<\/p>\n<p>Une fois \u00e0 Las Gatas Beach, vous ferez l&#8217;exp\u00e9rience de ce dont nous avons parl\u00e9. Vous pouvez nager dans ses eaux calmes tout en admirant les fonds marins. Reposez-vous dans une chaise technique avec le soleil caressant votre visage.<\/p>\n<p>Vous aurez \u00e9galement la possibilit\u00e9 de visiter la statue de J\u00e9sus de 5 m\u00e8tres sous l&#8217;eau si vous souhaitez inclure un sport nautique pendant la visite. Cette option n&#8217;est pas incluse, au cas o\u00f9 vous seriez int\u00e9ress\u00e9, merci de nous le faire savoir et nous organiserons tout pour vous.<\/p>\n<p>Nous pouvons \u00e9galement inclure un barbecue ou un d\u00e9jeuner dans votre excursion juste pour vous et votre groupe, afin que vous puissiez vivre une exp\u00e9rience compl\u00e8te \u00e0 la plage. Il vous suffit de nous contacter \u00e0 Tour Travel &amp; More et de nous faire part de vos envies pour ce voyage.<\/p>\n<p>Enfin, \u00e0 la fin de la visite, votre chauffeur \/ guide priv\u00e9 vous ram\u00e8nera \u00e0 votre h\u00f4tel ou lieu de votre choix \u00e0 Ixtapa.<\/p>\n<p>Une autre visite possible au d\u00e9part d&#8217;Ixtapa est notre visite priv\u00e9e \u00e0 La Chole, jetez un coup d&#8217;\u0153il!.<\/p>\n<p><button style=\"width: auto; height: auto; background-image: url('data:image\/png;base64,iVBORw0KGgoAAAANSUhEUgAAADAAAAAwCAYAAABXAvmHAAABS2lUWHRYTUw6Y29tLmFkb2JlLnhtcAAAAAAAPD94cGFja2V0IGJlZ2luPSLvu78iIGlkPSJXNU0wTXBDZWhpSHpyZVN6TlRjemtjOWQiPz4KPHg6eG1wbWV0YSB4bWxuczp4PSJhZG9iZTpuczptZXRhLyIgeDp4bXB0az0iQWRvYmUgWE1QIENvcmUgNS42LWMxMzggNzkuMTU5ODI0LCAyMDE2LzA5LzE0LTAxOjA5OjAxICAgICAgICAiPgogPHJkZjpSREYgeG1sbnM6cmRmPSJodHRwOi8vd3d3LnczLm9yZy8xOTk5LzAyLzIyLXJkZi1zeW50YXgtbnMjIj4KICA8cmRmOkRlc2NyaXB0aW9uIHJkZjphYm91dD0iIi8+CiA8L3JkZjpSREY+CjwveDp4bXBtZXRhPgo8P3hwYWNrZXQgZW5kPSJyIj8+IEmuOgAAAx5JREFUaIHtmj1L81wYx39JI75AbYtgBTFTRdQGXV2cxMlPICjiakHE0cVJB5FO4uLgN1AnZ\/0EgoLQtd6tL6hJIwia9DzDg6Wxpcb7hMTe+INCz+t1\/TnJuU7OOYoQ4g8Qpz2xFSGEiNoLGVTAjtoJCWw1ag9k0eoTQgg2NzcplUp0dHRE5VNTHMdB0zTy+TydnZ21fI8Ay7K4vr4ml8uRSqVCd7IVQgjW19cpFAoYhlHLbxiBTCbD9PR06A76YXx8HNd1PXmed0BRFBzHwTTNUB3zy\/v7O7FYzJPX9i\/xr4Co0b6u0prj42Pu7u5a1unp6UHXdSYmJkgmk7ImPUgLWFlZoVQq+aqbSCSYn59ne3ubRCIhaxoI4BHSdd13Xcuy2N\/fxzCML0fNL9IjoChK7f\/p6Smjo6MNdWzb5vz8nI2NDUzTpFgsMjMzw+Xlpax5eQH1TE5OMjAw0LQsm80yNzdHNpvFtm2urq44PDxkaWlJymags9D9\/X3Lcl3X2dnZqaX39vakbYY+jS4uLtLV1QXAxcUFlUpFqr\/QBXR3d9Pf3w\/8v8J8fn6W6i90Aa7r8vT0BEAsFpOeTkMXcHJywsvLCwAjIyPSgS1QAb29vS3LHx4eyOVytfTy8rK0zUAFPD4+8vb25vm9vr5SLBY5ODjAMAzK5TIAQ0NDrK6uStsMNA7Mzs42rNfrn\/kP0uk0Z2dnaJq8+UAFfHb0M6qqsrCwwO7uLn19fYHYDFTA2tpa00isaRqDg4NMTU19a+3kh0AFbG1t1YJUWAT6EhcKhSC780Xbf5H9CoiaXwFRIy2gPng5jiPb3beRjgPDw8NYlgUQegyAAAQcHR3xccgTxNrmu0hbjMJpj32ZxkIITNOkWq16tlf8tlVVlWQy+e229UgLKJfLuK77VwI+PikjE6CqKmNjYzJdSPPvxQFVVT2HaD8JVVX5fKzdcEZWLpe5vb39cYd8ADc3Nw1nZB4B8XicdDpNPp+PJCi1wnEcUqkUmUzGk68IISp8uitRqVSoVqth+ueLJntIdtNZ6Kv9nZ9E21\/20IASbXzd5j\/MIQu2KoJrJwAAAABJRU5ErkJggg=='); background-size: 14px 14px; background-color: #000000; position: absolute; opacity: 1; z-index: 86753099; display: none; cursor: pointer; border: none; border-top-left-radius: 3px; border-top-right-radius: 3px; border-bottom-right-radius: 3px; border-bottom-left-radius: 3px; text-indent: 20px; padding: 0px 4px 0px 0px; text-align: center; font-style: normal; font-variant-caps: normal; font-weight: bold; font-stretch: normal; font-size: 11px; line-height: 20px; font-family: 'Helvetica Neue', Helvetica, sans-serif; color: #ffffff; text-transform: capitalize; -webkit-font-smoothing: antialiased; top: 1397px; left: 563px; background-position: 3px 50%; background-repeat: no-repeat no-repeat;\">plan it<\/button><\/p>\n","protected":false},"excerpt":{"rendered":"<p>Le Mexique est un pays regorgeant de plages et de stations baln\u00e9aires incroyables, venez avec nous lors de cette visite priv\u00e9e de la plage de Las Gatas et profitez d&#8217;une journ\u00e9e dans une zone exclusive avec un expert local.<\/p>\n","protected":false},"featured_media":89921,"comment_status":"open","ping_status":"closed","template":"","meta":{"_acf_changed":false},"product_brand":[],"product_cat":[3727,3833],"product_tag":[],"class_list":{"0":"post-104511","1":"product","2":"type-product","3":"status-publish","4":"has-post-thumbnail","6":"product_cat-mexique-fr","7":"product_cat-ixtapa-fr","9":"first","10":"instock","11":"shipping-taxable","12":"purchasable","13":"product-type-simple"},"acf":[],"yoast_head":"<!-- This site is optimized with the Yoast SEO Premium plugin v25.3.1 (Yoast SEO v25.3.1) - https:\/\/yoast.com\/wordpress\/plugins\/seo\/ -->\n<title>Visite priv\u00e9e de la plage de Las Gatas au d\u00e9part d&#039;Ixtapa avec chauffeur \/ guide<\/title>\n<meta name=\"description\" content=\"Rejoignez-nous lors de notre visite priv\u00e9e de la plage de Las Gatas et admirez vous-m\u00eame la plage la plus incroyable et la plus exclusive de la zone avec un expert.\" \/>\n<meta name=\"robots\" content=\"index, follow, max-snippet:-1, max-image-preview:large, max-video-preview:-1\" \/>\n<link rel=\"canonical\" href=\"https:\/\/tourtravelandmore.com\/fr\/tours\/mexique-fr\/ixtapa-fr\/visite-privee-de-la-plage-de-las-gatas\/\" \/>\n<meta property=\"og:locale\" content=\"fr_FR\" \/>\n<meta property=\"og:type\" content=\"article\" \/>\n<meta property=\"og:title\" content=\"Visite priv\u00e9e de la plage de Las Gatas\" \/>\n<meta property=\"og:description\" content=\"Rejoignez-nous lors de notre visite priv\u00e9e de la plage de Las Gatas et admirez vous-m\u00eame la plage la plus incroyable et la plus exclusive de la zone avec un expert.\" \/>\n<meta property=\"og:url\" content=\"https:\/\/tourtravelandmore.com\/fr\/tours\/mexique-fr\/ixtapa-fr\/visite-privee-de-la-plage-de-las-gatas\/\" \/>\n<meta property=\"og:site_name\" content=\"Tour Travel And More\" \/>\n<meta property=\"article:publisher\" content=\"https:\/\/www.facebook.com\/tourtravelandmore\/\" \/>\n<meta property=\"article:modified_time\" content=\"2021-03-19T10:50:29+00:00\" \/>\n<meta property=\"og:image\" content=\"https:\/\/tourtravelandmore.com\/wp-content\/uploads\/2020\/12\/las-gatas-4.jpg\" \/>\n\t<meta property=\"og:image:width\" content=\"720\" \/>\n\t<meta property=\"og:image:height\" content=\"480\" \/>\n\t<meta property=\"og:image:type\" content=\"image\/jpeg\" \/>\n<meta name=\"twitter:card\" content=\"summary_large_image\" \/>\n<meta name=\"twitter:site\" content=\"@TourTravel_More\" \/>\n<meta name=\"twitter:label1\" content=\"Dur\u00e9e de lecture estim\u00e9e\" \/>\n\t<meta name=\"twitter:data1\" content=\"2 minutes\" \/>\n<script type=\"application\/ld+json\" class=\"yoast-schema-graph\">{\"@context\":\"https:\/\/schema.org\",\"@graph\":[{\"@type\":\"WebPage\",\"@id\":\"https:\/\/tourtravelandmore.com\/fr\/tours\/mexique-fr\/ixtapa-fr\/visite-privee-de-la-plage-de-las-gatas\/\",\"url\":\"https:\/\/tourtravelandmore.com\/fr\/tours\/mexique-fr\/ixtapa-fr\/visite-privee-de-la-plage-de-las-gatas\/\",\"name\":\"Visite priv\u00e9e de la plage de Las Gatas au d\u00e9part d'Ixtapa avec chauffeur \/ guide\",\"isPartOf\":{\"@id\":\"https:\/\/tourtravelandmore.com\/fr\/#website\"},\"primaryImageOfPage\":{\"@id\":\"https:\/\/tourtravelandmore.com\/fr\/tours\/mexique-fr\/ixtapa-fr\/visite-privee-de-la-plage-de-las-gatas\/#primaryimage\"},\"image\":{\"@id\":\"https:\/\/tourtravelandmore.com\/fr\/tours\/mexique-fr\/ixtapa-fr\/visite-privee-de-la-plage-de-las-gatas\/#primaryimage\"},\"thumbnailUrl\":\"https:\/\/tourtravelandmore.com\/wp-content\/uploads\/2020\/12\/las-gatas-4.jpg\",\"datePublished\":\"2020-12-16T09:46:40+00:00\",\"dateModified\":\"2021-03-19T10:50:29+00:00\",\"description\":\"Rejoignez-nous lors de notre visite priv\u00e9e de la plage de Las Gatas et admirez vous-m\u00eame la plage la plus incroyable et la plus exclusive de la zone avec un expert.\",\"breadcrumb\":{\"@id\":\"https:\/\/tourtravelandmore.com\/fr\/tours\/mexique-fr\/ixtapa-fr\/visite-privee-de-la-plage-de-las-gatas\/#breadcrumb\"},\"inLanguage\":\"fr-FR\",\"potentialAction\":[{\"@type\":\"ReadAction\",\"target\":[\"https:\/\/tourtravelandmore.com\/fr\/tours\/mexique-fr\/ixtapa-fr\/visite-privee-de-la-plage-de-las-gatas\/\"]}]},{\"@type\":\"ImageObject\",\"inLanguage\":\"fr-FR\",\"@id\":\"https:\/\/tourtravelandmore.com\/fr\/tours\/mexique-fr\/ixtapa-fr\/visite-privee-de-la-plage-de-las-gatas\/#primaryimage\",\"url\":\"https:\/\/tourtravelandmore.com\/wp-content\/uploads\/2020\/12\/las-gatas-4.jpg\",\"contentUrl\":\"https:\/\/tourtravelandmore.com\/wp-content\/uploads\/2020\/12\/las-gatas-4.jpg\",\"width\":720,\"height\":480},{\"@type\":\"BreadcrumbList\",\"@id\":\"https:\/\/tourtravelandmore.com\/fr\/tours\/mexique-fr\/ixtapa-fr\/visite-privee-de-la-plage-de-las-gatas\/#breadcrumb\",\"itemListElement\":[{\"@type\":\"ListItem\",\"position\":1,\"name\":\"Home\",\"item\":\"https:\/\/tourtravelandmore.com\/fr\/\"},{\"@type\":\"ListItem\",\"position\":2,\"name\":\"Tours\",\"item\":\"https:\/\/tourtravelandmore.com\/fr\/tours\/\"},{\"@type\":\"ListItem\",\"position\":3,\"name\":\"Visite priv\u00e9e de la plage de Las Gatas\"}]},{\"@type\":\"WebSite\",\"@id\":\"https:\/\/tourtravelandmore.com\/fr\/#website\",\"url\":\"https:\/\/tourtravelandmore.com\/fr\/\",\"name\":\"Tour Travel And More\",\"description\":\"Private sightseeing tours and luxury transfers in Spain\",\"publisher\":{\"@id\":\"https:\/\/tourtravelandmore.com\/fr\/#organization\"},\"potentialAction\":[{\"@type\":\"SearchAction\",\"target\":{\"@type\":\"EntryPoint\",\"urlTemplate\":\"https:\/\/tourtravelandmore.com\/fr\/?s={search_term_string}\"},\"query-input\":{\"@type\":\"PropertyValueSpecification\",\"valueRequired\":true,\"valueName\":\"search_term_string\"}}],\"inLanguage\":\"fr-FR\"},{\"@type\":\"Organization\",\"@id\":\"https:\/\/tourtravelandmore.com\/fr\/#organization\",\"name\":\"Tour Travel And More\",\"url\":\"https:\/\/tourtravelandmore.com\/fr\/\",\"logo\":{\"@type\":\"ImageObject\",\"inLanguage\":\"fr-FR\",\"@id\":\"https:\/\/tourtravelandmore.com\/fr\/#\/schema\/logo\/image\/\",\"url\":\"https:\/\/tourtravelandmore.com\/wp-content\/uploads\/2022\/12\/cropped-logo-cabecera-new.png\",\"contentUrl\":\"https:\/\/tourtravelandmore.com\/wp-content\/uploads\/2022\/12\/cropped-logo-cabecera-new.png\",\"width\":430,\"height\":61,\"caption\":\"Tour Travel And More\"},\"image\":{\"@id\":\"https:\/\/tourtravelandmore.com\/fr\/#\/schema\/logo\/image\/\"},\"sameAs\":[\"https:\/\/www.facebook.com\/tourtravelandmore\/\",\"https:\/\/x.com\/TourTravel_More\"]}]}<\/script>\n<!-- \/ Yoast SEO Premium plugin. -->","yoast_head_json":{"title":"Visite priv\u00e9e de la plage de Las Gatas au d\u00e9part d'Ixtapa avec chauffeur \/ guide","description":"Rejoignez-nous lors de notre visite priv\u00e9e de la plage de Las Gatas et admirez vous-m\u00eame la plage la plus incroyable et la plus exclusive de la zone avec un expert.","robots":{"index":"index","follow":"follow","max-snippet":"max-snippet:-1","max-image-preview":"max-image-preview:large","max-video-preview":"max-video-preview:-1"},"canonical":"https:\/\/tourtravelandmore.com\/fr\/tours\/mexique-fr\/ixtapa-fr\/visite-privee-de-la-plage-de-las-gatas\/","og_locale":"fr_FR","og_type":"article","og_title":"Visite priv\u00e9e de la plage de Las Gatas","og_description":"Rejoignez-nous lors de notre visite priv\u00e9e de la plage de Las Gatas et admirez vous-m\u00eame la plage la plus incroyable et la plus exclusive de la zone avec un expert.","og_url":"https:\/\/tourtravelandmore.com\/fr\/tours\/mexique-fr\/ixtapa-fr\/visite-privee-de-la-plage-de-las-gatas\/","og_site_name":"Tour Travel And More","article_publisher":"https:\/\/www.facebook.com\/tourtravelandmore\/","article_modified_time":"2021-03-19T10:50:29+00:00","og_image":[{"width":720,"height":480,"url":"https:\/\/tourtravelandmore.com\/wp-content\/uploads\/2020\/12\/las-gatas-4.jpg","type":"image\/jpeg"}],"twitter_card":"summary_large_image","twitter_site":"@TourTravel_More","twitter_misc":{"Dur\u00e9e de lecture estim\u00e9e":"2 minutes"},"schema":{"@context":"https:\/\/schema.org","@graph":[{"@type":"WebPage","@id":"https:\/\/tourtravelandmore.com\/fr\/tours\/mexique-fr\/ixtapa-fr\/visite-privee-de-la-plage-de-las-gatas\/","url":"https:\/\/tourtravelandmore.com\/fr\/tours\/mexique-fr\/ixtapa-fr\/visite-privee-de-la-plage-de-las-gatas\/","name":"Visite priv\u00e9e de la plage de Las Gatas au d\u00e9part d'Ixtapa avec chauffeur \/ guide","isPartOf":{"@id":"https:\/\/tourtravelandmore.com\/fr\/#website"},"primaryImageOfPage":{"@id":"https:\/\/tourtravelandmore.com\/fr\/tours\/mexique-fr\/ixtapa-fr\/visite-privee-de-la-plage-de-las-gatas\/#primaryimage"},"image":{"@id":"https:\/\/tourtravelandmore.com\/fr\/tours\/mexique-fr\/ixtapa-fr\/visite-privee-de-la-plage-de-las-gatas\/#primaryimage"},"thumbnailUrl":"https:\/\/tourtravelandmore.com\/wp-content\/uploads\/2020\/12\/las-gatas-4.jpg","datePublished":"2020-12-16T09:46:40+00:00","dateModified":"2021-03-19T10:50:29+00:00","description":"Rejoignez-nous lors de notre visite priv\u00e9e de la plage de Las Gatas et admirez vous-m\u00eame la plage la plus incroyable et la plus exclusive de la zone avec un expert.","breadcrumb":{"@id":"https:\/\/tourtravelandmore.com\/fr\/tours\/mexique-fr\/ixtapa-fr\/visite-privee-de-la-plage-de-las-gatas\/#breadcrumb"},"inLanguage":"fr-FR","potentialAction":[{"@type":"ReadAction","target":["https:\/\/tourtravelandmore.com\/fr\/tours\/mexique-fr\/ixtapa-fr\/visite-privee-de-la-plage-de-las-gatas\/"]}]},{"@type":"ImageObject","inLanguage":"fr-FR","@id":"https:\/\/tourtravelandmore.com\/fr\/tours\/mexique-fr\/ixtapa-fr\/visite-privee-de-la-plage-de-las-gatas\/#primaryimage","url":"https:\/\/tourtravelandmore.com\/wp-content\/uploads\/2020\/12\/las-gatas-4.jpg","contentUrl":"https:\/\/tourtravelandmore.com\/wp-content\/uploads\/2020\/12\/las-gatas-4.jpg","width":720,"height":480},{"@type":"BreadcrumbList","@id":"https:\/\/tourtravelandmore.com\/fr\/tours\/mexique-fr\/ixtapa-fr\/visite-privee-de-la-plage-de-las-gatas\/#breadcrumb","itemListElement":[{"@type":"ListItem","position":1,"name":"Home","item":"https:\/\/tourtravelandmore.com\/fr\/"},{"@type":"ListItem","position":2,"name":"Tours","item":"https:\/\/tourtravelandmore.com\/fr\/tours\/"},{"@type":"ListItem","position":3,"name":"Visite priv\u00e9e de la plage de Las Gatas"}]},{"@type":"WebSite","@id":"https:\/\/tourtravelandmore.com\/fr\/#website","url":"https:\/\/tourtravelandmore.com\/fr\/","name":"Tour Travel And More","description":"Private sightseeing tours and luxury transfers in Spain","publisher":{"@id":"https:\/\/tourtravelandmore.com\/fr\/#organization"},"potentialAction":[{"@type":"SearchAction","target":{"@type":"EntryPoint","urlTemplate":"https:\/\/tourtravelandmore.com\/fr\/?s={search_term_string}"},"query-input":{"@type":"PropertyValueSpecification","valueRequired":true,"valueName":"search_term_string"}}],"inLanguage":"fr-FR"},{"@type":"Organization","@id":"https:\/\/tourtravelandmore.com\/fr\/#organization","name":"Tour Travel And More","url":"https:\/\/tourtravelandmore.com\/fr\/","logo":{"@type":"ImageObject","inLanguage":"fr-FR","@id":"https:\/\/tourtravelandmore.com\/fr\/#\/schema\/logo\/image\/","url":"https:\/\/tourtravelandmore.com\/wp-content\/uploads\/2022\/12\/cropped-logo-cabecera-new.png","contentUrl":"https:\/\/tourtravelandmore.com\/wp-content\/uploads\/2022\/12\/cropped-logo-cabecera-new.png","width":430,"height":61,"caption":"Tour Travel And More"},"image":{"@id":"https:\/\/tourtravelandmore.com\/fr\/#\/schema\/logo\/image\/"},"sameAs":["https:\/\/www.facebook.com\/tourtravelandmore\/","https:\/\/x.com\/TourTravel_More"]}]}},"_links":{"self":[{"href":"https:\/\/tourtravelandmore.com\/fr\/wp-json\/wp\/v2\/product\/104511","targetHints":{"allow":["GET"]}}],"collection":[{"href":"https:\/\/tourtravelandmore.com\/fr\/wp-json\/wp\/v2\/product"}],"about":[{"href":"https:\/\/tourtravelandmore.com\/fr\/wp-json\/wp\/v2\/types\/product"}],"replies":[{"embeddable":true,"href":"https:\/\/tourtravelandmore.com\/fr\/wp-json\/wp\/v2\/comments?post=104511"}],"wp:featuredmedia":[{"embeddable":true,"href":"https:\/\/tourtravelandmore.com\/fr\/wp-json\/wp\/v2\/media\/89921"}],"wp:attachment":[{"href":"https:\/\/tourtravelandmore.com\/fr\/wp-json\/wp\/v2\/media?parent=104511"}],"wp:term":[{"taxonomy":"product_brand","embeddable":true,"href":"https:\/\/tourtravelandmore.com\/fr\/wp-json\/wp\/v2\/product_brand?post=104511"},{"taxonomy":"product_cat","embeddable":true,"href":"https:\/\/tourtravelandmore.com\/fr\/wp-json\/wp\/v2\/product_cat?post=104511"},{"taxonomy":"product_tag","embeddable":true,"href":"https:\/\/tourtravelandmore.com\/fr\/wp-json\/wp\/v2\/product_tag?post=104511"}],"curies":[{"name":"wp","href":"https:\/\/api.w.org\/{rel}","templated":true}]}}