{"id":104505,"date":"2020-12-16T09:40:47","date_gmt":"2020-12-16T08:40:47","guid":{"rendered":"https:\/\/tourtravelandmore.com\/tours\/non%20class\u00e9\/visite-privee-du-site-archeologique-la-chole\/"},"modified":"2021-03-19T11:49:20","modified_gmt":"2021-03-19T10:49:20","slug":"visite-privee-du-site-archeologique-la-chole","status":"publish","type":"product","link":"https:\/\/tourtravelandmore.com\/fr\/tours\/mexique-fr\/ixtapa-fr\/visite-privee-du-site-archeologique-la-chole\/","title":{"rendered":"Visite priv\u00e9e du site arch\u00e9ologique &#8220;La Chole&#8221;"},"content":{"rendered":"<h2>Description:<\/h2>\n<p>Si vous aimez l&#8217;histoire ancienne, les ruines et les visites en plein air, cette visite sera parfaite pour vous. Tour Travel &amp; More vous invite \u00e0 cette visite priv\u00e9e de &#8220;La Chole&#8221; depuis la ville d&#8217;Ixtapa. Ce service comprend un v\u00e9hicule de luxe priv\u00e9 avec chauffeur et un guide officiel. Pr\u00e9parez-vous \u00e0 visiter l&#8217;un des sites arch\u00e9ologiques les plus anciens du Mexique!.<\/p>\n<p>Nous organiserons une prise en charge priv\u00e9e \u00e0 votre h\u00f4tel ou lieu de votre choix \u00e0 Ixtapa. Si vous arrivez sur un bateau de croisi\u00e8re, ne vous inqui\u00e9tez pas, nous pouvons \u00e9galement venir vous chercher.<\/p>\n<p>Le site arch\u00e9ologique de La Chole est situ\u00e9 dans la communaut\u00e9 Soledad de Maciel ou La Chole. Ce site arch\u00e9ologique et le mus\u00e9e comprennent une large collection de pi\u00e8ces de l&#8217;\u00e9poque pr\u00e9hispanique, telles que des figurines, des r\u00e9cipients en obsidienne et des coquillages. Il est \u00e9galement tr\u00e8s c\u00e9l\u00e8bre pour ses pyramides faites de pierres de rivi\u00e8re et d&#8217;argile, ce qui n&#8217;est pas tr\u00e8s courant dans l&#8217;arch\u00e9ologie mexicaine.<\/p>\n<p>Cet endroit est unique au Mexique et dans le monde, vous ne vous pardonnerez donc pas si vous manquez notre visite priv\u00e9e \u00e0 La Chole.<\/p>\n<h2>Sites d&#8217;int\u00e9r\u00eat et monuments<\/h2>\n<p>Tout d&#8217;abord, votre chauffeur priv\u00e9 et votre guide officiel viendront vous chercher \u00e0 votre h\u00f4tel ou lieu de votre choix \u00e0 Ixtapa. Cette visite priv\u00e9e a une dur\u00e9e totale de 4 heures entre le moment de la prise en charge et le moment du d\u00e9p\u00f4t.<\/p>\n<p>Lors de cette visite priv\u00e9e, vous aurez acc\u00e8s aux zones exclusives de la zone. Si vous avez de la chance, vous aurez peut-\u00eatre la chance de parler avec l&#8217;arch\u00e9ologue en charge de la fouille, croisez les doigts!.<\/p>\n<p>Lors de votre visite, vous pourrez visiter les lieux suivants: Pyramides, terrain de jeu de balle et son mus\u00e9e. Vous d\u00e9couvrirez l&#8217;histoire et les secrets que cache ce site tout en admirant une architecture et des ruines uniques.<\/p>\n<p>Votre guide officiel priv\u00e9 est un professionnel poss\u00e9dant une grande connaissance du site arch\u00e9ologique, de son histoire et de sa valeur. Saisissez cette opportunit\u00e9 et d\u00e9couvrez cet endroit magique.<\/p>\n<p>Enfin, votre chauffeur priv\u00e9 et votre guide vous ram\u00e8neront \u00e0 votre point de d\u00e9part \u00e0 Ixtapa.<\/p>\n<p>Nous proposons \u00e9galement des visites et activit\u00e9s priv\u00e9es dans de nombreuses villes du Mexique et dans le monde entier, jetez un \u0153il ici!<\/p>\n<p><button style=\"width: auto; height: auto; background-image: url('data:image\/png;base64,iVBORw0KGgoAAAANSUhEUgAAADAAAAAwCAYAAABXAvmHAAABS2lUWHRYTUw6Y29tLmFkb2JlLnhtcAAAAAAAPD94cGFja2V0IGJlZ2luPSLvu78iIGlkPSJXNU0wTXBDZWhpSHpyZVN6TlRjemtjOWQiPz4KPHg6eG1wbWV0YSB4bWxuczp4PSJhZG9iZTpuczptZXRhLyIgeDp4bXB0az0iQWRvYmUgWE1QIENvcmUgNS42LWMxMzggNzkuMTU5ODI0LCAyMDE2LzA5LzE0LTAxOjA5OjAxICAgICAgICAiPgogPHJkZjpSREYgeG1sbnM6cmRmPSJodHRwOi8vd3d3LnczLm9yZy8xOTk5LzAyLzIyLXJkZi1zeW50YXgtbnMjIj4KICA8cmRmOkRlc2NyaXB0aW9uIHJkZjphYm91dD0iIi8+CiA8L3JkZjpSREY+CjwveDp4bXBtZXRhPgo8P3hwYWNrZXQgZW5kPSJyIj8+IEmuOgAAAx5JREFUaIHtmj1L81wYx39JI75AbYtgBTFTRdQGXV2cxMlPICjiakHE0cVJB5FO4uLgN1AnZ\/0EgoLQtd6tL6hJIwia9DzDg6Wxpcb7hMTe+INCz+t1\/TnJuU7OOYoQ4g8Qpz2xFSGEiNoLGVTAjtoJCWw1ag9k0eoTQgg2NzcplUp0dHRE5VNTHMdB0zTy+TydnZ21fI8Ay7K4vr4ml8uRSqVCd7IVQgjW19cpFAoYhlHLbxiBTCbD9PR06A76YXx8HNd1PXmed0BRFBzHwTTNUB3zy\/v7O7FYzJPX9i\/xr4Co0b6u0prj42Pu7u5a1unp6UHXdSYmJkgmk7ImPUgLWFlZoVQq+aqbSCSYn59ne3ubRCIhaxoI4BHSdd13Xcuy2N\/fxzCML0fNL9IjoChK7f\/p6Smjo6MNdWzb5vz8nI2NDUzTpFgsMjMzw+Xlpax5eQH1TE5OMjAw0LQsm80yNzdHNpvFtm2urq44PDxkaWlJymags9D9\/X3Lcl3X2dnZqaX39vakbYY+jS4uLtLV1QXAxcUFlUpFqr\/QBXR3d9Pf3w\/8v8J8fn6W6i90Aa7r8vT0BEAsFpOeTkMXcHJywsvLCwAjIyPSgS1QAb29vS3LHx4eyOVytfTy8rK0zUAFPD4+8vb25vm9vr5SLBY5ODjAMAzK5TIAQ0NDrK6uStsMNA7Mzs42rNfrn\/kP0uk0Z2dnaJq8+UAFfHb0M6qqsrCwwO7uLn19fYHYDFTA2tpa00isaRqDg4NMTU19a+3kh0AFbG1t1YJUWAT6EhcKhSC780Xbf5H9CoiaXwFRIy2gPng5jiPb3beRjgPDw8NYlgUQegyAAAQcHR3xccgTxNrmu0hbjMJpj32ZxkIITNOkWq16tlf8tlVVlWQy+e229UgLKJfLuK77VwI+PikjE6CqKmNjYzJdSPPvxQFVVT2HaD8JVVX5fKzdcEZWLpe5vb39cYd8ADc3Nw1nZB4B8XicdDpNPp+PJCi1wnEcUqkUmUzGk68IISp8uitRqVSoVqth+ueLJntIdtNZ6Kv9nZ9E21\/20IASbXzd5j\/MIQu2KoJrJwAAAABJRU5ErkJggg=='); background-size: 14px 14px; background-color: #000000; position: absolute; opacity: 1; z-index: 86753099; display: none; cursor: pointer; border: none; border-top-left-radius: 3px; border-top-right-radius: 3px; border-bottom-right-radius: 3px; border-bottom-left-radius: 3px; text-indent: 20px; padding: 0px 4px 0px 0px; text-align: center; font-style: normal; font-variant-caps: normal; font-weight: bold; font-stretch: normal; font-size: 11px; line-height: 20px; font-family: 'Helvetica Neue', Helvetica, sans-serif; color: #ffffff; text-transform: capitalize; -webkit-font-smoothing: antialiased; top: 1397px; left: 563px; background-position: 3px 50%; background-repeat: no-repeat no-repeat;\">plan it<\/button><\/p>\n","protected":false},"excerpt":{"rendered":"<p>Profitez au maximum de votre s\u00e9jour \u00e0 Ixtapa et venez avec nous pour cette visite priv\u00e9e du site arch\u00e9ologique &#8220;La Chole&#8221;. Laissez-vous admirer par les ruines uniques qui caract\u00e9risent ce site avec une \u00e9quipe de professionnels.<\/p>\n","protected":false},"featured_media":89737,"comment_status":"open","ping_status":"closed","template":"","meta":{"_acf_changed":false},"product_brand":[],"product_cat":[3727,3833],"product_tag":[],"class_list":{"0":"post-104505","1":"product","2":"type-product","3":"status-publish","4":"has-post-thumbnail","6":"product_cat-mexique-fr","7":"product_cat-ixtapa-fr","9":"first","10":"instock","11":"shipping-taxable","12":"purchasable","13":"product-type-simple"},"acf":[],"yoast_head":"<!-- This site is optimized with the Yoast SEO Premium plugin v25.3.1 (Yoast SEO v25.3.1) - https:\/\/yoast.com\/wordpress\/plugins\/seo\/ -->\n<title>Visite priv\u00e9e du site arch\u00e9ologique &quot;La Chole&quot; depuis la ville d&#039;Ixtapa<\/title>\n<meta name=\"description\" content=\"Soyez pr\u00eat \u00e0 admirer l&#039;une des ruines les plus anciennes de tout le Mexique avec notre visite priv\u00e9e \u00e0 &quot;La Chole&quot; avec une \u00e9quipe locale professionnelle.\" \/>\n<meta name=\"robots\" content=\"index, follow, max-snippet:-1, max-image-preview:large, max-video-preview:-1\" \/>\n<link rel=\"canonical\" href=\"https:\/\/tourtravelandmore.com\/fr\/tours\/mexique-fr\/ixtapa-fr\/visite-privee-du-site-archeologique-la-chole\/\" \/>\n<meta property=\"og:locale\" content=\"fr_FR\" \/>\n<meta property=\"og:type\" content=\"article\" \/>\n<meta property=\"og:title\" content=\"Visite priv\u00e9e du site arch\u00e9ologique &quot;La Chole&quot;\" \/>\n<meta property=\"og:description\" content=\"Soyez pr\u00eat \u00e0 admirer l&#039;une des ruines les plus anciennes de tout le Mexique avec notre visite priv\u00e9e \u00e0 &quot;La Chole&quot; avec une \u00e9quipe locale professionnelle.\" \/>\n<meta property=\"og:url\" content=\"https:\/\/tourtravelandmore.com\/fr\/tours\/mexique-fr\/ixtapa-fr\/visite-privee-du-site-archeologique-la-chole\/\" \/>\n<meta property=\"og:site_name\" content=\"Tour Travel And More\" \/>\n<meta property=\"article:publisher\" content=\"https:\/\/www.facebook.com\/tourtravelandmore\/\" \/>\n<meta property=\"article:modified_time\" content=\"2021-03-19T10:49:20+00:00\" \/>\n<meta property=\"og:image\" content=\"https:\/\/tourtravelandmore.com\/wp-content\/uploads\/2020\/12\/chole-5.jpg\" \/>\n\t<meta property=\"og:image:width\" content=\"670\" \/>\n\t<meta property=\"og:image:height\" content=\"446\" \/>\n\t<meta property=\"og:image:type\" content=\"image\/jpeg\" \/>\n<meta name=\"twitter:card\" content=\"summary_large_image\" \/>\n<meta name=\"twitter:site\" content=\"@TourTravel_More\" \/>\n<meta name=\"twitter:label1\" content=\"Dur\u00e9e de lecture estim\u00e9e\" \/>\n\t<meta name=\"twitter:data1\" content=\"2 minutes\" \/>\n<script type=\"application\/ld+json\" class=\"yoast-schema-graph\">{\"@context\":\"https:\/\/schema.org\",\"@graph\":[{\"@type\":\"WebPage\",\"@id\":\"https:\/\/tourtravelandmore.com\/fr\/tours\/mexique-fr\/ixtapa-fr\/visite-privee-du-site-archeologique-la-chole\/\",\"url\":\"https:\/\/tourtravelandmore.com\/fr\/tours\/mexique-fr\/ixtapa-fr\/visite-privee-du-site-archeologique-la-chole\/\",\"name\":\"Visite priv\u00e9e du site arch\u00e9ologique \\\"La Chole\\\" depuis la ville d'Ixtapa\",\"isPartOf\":{\"@id\":\"https:\/\/tourtravelandmore.com\/fr\/#website\"},\"primaryImageOfPage\":{\"@id\":\"https:\/\/tourtravelandmore.com\/fr\/tours\/mexique-fr\/ixtapa-fr\/visite-privee-du-site-archeologique-la-chole\/#primaryimage\"},\"image\":{\"@id\":\"https:\/\/tourtravelandmore.com\/fr\/tours\/mexique-fr\/ixtapa-fr\/visite-privee-du-site-archeologique-la-chole\/#primaryimage\"},\"thumbnailUrl\":\"https:\/\/tourtravelandmore.com\/wp-content\/uploads\/2020\/12\/chole-5.jpg\",\"datePublished\":\"2020-12-16T08:40:47+00:00\",\"dateModified\":\"2021-03-19T10:49:20+00:00\",\"description\":\"Soyez pr\u00eat \u00e0 admirer l'une des ruines les plus anciennes de tout le Mexique avec notre visite priv\u00e9e \u00e0 \\\"La Chole\\\" avec une \u00e9quipe locale professionnelle.\",\"breadcrumb\":{\"@id\":\"https:\/\/tourtravelandmore.com\/fr\/tours\/mexique-fr\/ixtapa-fr\/visite-privee-du-site-archeologique-la-chole\/#breadcrumb\"},\"inLanguage\":\"fr-FR\",\"potentialAction\":[{\"@type\":\"ReadAction\",\"target\":[\"https:\/\/tourtravelandmore.com\/fr\/tours\/mexique-fr\/ixtapa-fr\/visite-privee-du-site-archeologique-la-chole\/\"]}]},{\"@type\":\"ImageObject\",\"inLanguage\":\"fr-FR\",\"@id\":\"https:\/\/tourtravelandmore.com\/fr\/tours\/mexique-fr\/ixtapa-fr\/visite-privee-du-site-archeologique-la-chole\/#primaryimage\",\"url\":\"https:\/\/tourtravelandmore.com\/wp-content\/uploads\/2020\/12\/chole-5.jpg\",\"contentUrl\":\"https:\/\/tourtravelandmore.com\/wp-content\/uploads\/2020\/12\/chole-5.jpg\",\"width\":670,\"height\":446},{\"@type\":\"BreadcrumbList\",\"@id\":\"https:\/\/tourtravelandmore.com\/fr\/tours\/mexique-fr\/ixtapa-fr\/visite-privee-du-site-archeologique-la-chole\/#breadcrumb\",\"itemListElement\":[{\"@type\":\"ListItem\",\"position\":1,\"name\":\"Home\",\"item\":\"https:\/\/tourtravelandmore.com\/fr\/\"},{\"@type\":\"ListItem\",\"position\":2,\"name\":\"Tours\",\"item\":\"https:\/\/tourtravelandmore.com\/fr\/tours\/\"},{\"@type\":\"ListItem\",\"position\":3,\"name\":\"Visite priv\u00e9e du site arch\u00e9ologique &#8220;La Chole&#8221;\"}]},{\"@type\":\"WebSite\",\"@id\":\"https:\/\/tourtravelandmore.com\/fr\/#website\",\"url\":\"https:\/\/tourtravelandmore.com\/fr\/\",\"name\":\"Tour Travel And More\",\"description\":\"Private sightseeing tours and luxury transfers in Spain\",\"publisher\":{\"@id\":\"https:\/\/tourtravelandmore.com\/fr\/#organization\"},\"potentialAction\":[{\"@type\":\"SearchAction\",\"target\":{\"@type\":\"EntryPoint\",\"urlTemplate\":\"https:\/\/tourtravelandmore.com\/fr\/?s={search_term_string}\"},\"query-input\":{\"@type\":\"PropertyValueSpecification\",\"valueRequired\":true,\"valueName\":\"search_term_string\"}}],\"inLanguage\":\"fr-FR\"},{\"@type\":\"Organization\",\"@id\":\"https:\/\/tourtravelandmore.com\/fr\/#organization\",\"name\":\"Tour Travel And More\",\"url\":\"https:\/\/tourtravelandmore.com\/fr\/\",\"logo\":{\"@type\":\"ImageObject\",\"inLanguage\":\"fr-FR\",\"@id\":\"https:\/\/tourtravelandmore.com\/fr\/#\/schema\/logo\/image\/\",\"url\":\"https:\/\/tourtravelandmore.com\/wp-content\/uploads\/2022\/12\/cropped-logo-cabecera-new.png\",\"contentUrl\":\"https:\/\/tourtravelandmore.com\/wp-content\/uploads\/2022\/12\/cropped-logo-cabecera-new.png\",\"width\":430,\"height\":61,\"caption\":\"Tour Travel And More\"},\"image\":{\"@id\":\"https:\/\/tourtravelandmore.com\/fr\/#\/schema\/logo\/image\/\"},\"sameAs\":[\"https:\/\/www.facebook.com\/tourtravelandmore\/\",\"https:\/\/x.com\/TourTravel_More\"]}]}<\/script>\n<!-- \/ Yoast SEO Premium plugin. -->","yoast_head_json":{"title":"Visite priv\u00e9e du site arch\u00e9ologique \"La Chole\" depuis la ville d'Ixtapa","description":"Soyez pr\u00eat \u00e0 admirer l'une des ruines les plus anciennes de tout le Mexique avec notre visite priv\u00e9e \u00e0 \"La Chole\" avec une \u00e9quipe locale professionnelle.","robots":{"index":"index","follow":"follow","max-snippet":"max-snippet:-1","max-image-preview":"max-image-preview:large","max-video-preview":"max-video-preview:-1"},"canonical":"https:\/\/tourtravelandmore.com\/fr\/tours\/mexique-fr\/ixtapa-fr\/visite-privee-du-site-archeologique-la-chole\/","og_locale":"fr_FR","og_type":"article","og_title":"Visite priv\u00e9e du site arch\u00e9ologique \"La Chole\"","og_description":"Soyez pr\u00eat \u00e0 admirer l'une des ruines les plus anciennes de tout le Mexique avec notre visite priv\u00e9e \u00e0 \"La Chole\" avec une \u00e9quipe locale professionnelle.","og_url":"https:\/\/tourtravelandmore.com\/fr\/tours\/mexique-fr\/ixtapa-fr\/visite-privee-du-site-archeologique-la-chole\/","og_site_name":"Tour Travel And More","article_publisher":"https:\/\/www.facebook.com\/tourtravelandmore\/","article_modified_time":"2021-03-19T10:49:20+00:00","og_image":[{"width":670,"height":446,"url":"https:\/\/tourtravelandmore.com\/wp-content\/uploads\/2020\/12\/chole-5.jpg","type":"image\/jpeg"}],"twitter_card":"summary_large_image","twitter_site":"@TourTravel_More","twitter_misc":{"Dur\u00e9e de lecture estim\u00e9e":"2 minutes"},"schema":{"@context":"https:\/\/schema.org","@graph":[{"@type":"WebPage","@id":"https:\/\/tourtravelandmore.com\/fr\/tours\/mexique-fr\/ixtapa-fr\/visite-privee-du-site-archeologique-la-chole\/","url":"https:\/\/tourtravelandmore.com\/fr\/tours\/mexique-fr\/ixtapa-fr\/visite-privee-du-site-archeologique-la-chole\/","name":"Visite priv\u00e9e du site arch\u00e9ologique \"La Chole\" depuis la ville d'Ixtapa","isPartOf":{"@id":"https:\/\/tourtravelandmore.com\/fr\/#website"},"primaryImageOfPage":{"@id":"https:\/\/tourtravelandmore.com\/fr\/tours\/mexique-fr\/ixtapa-fr\/visite-privee-du-site-archeologique-la-chole\/#primaryimage"},"image":{"@id":"https:\/\/tourtravelandmore.com\/fr\/tours\/mexique-fr\/ixtapa-fr\/visite-privee-du-site-archeologique-la-chole\/#primaryimage"},"thumbnailUrl":"https:\/\/tourtravelandmore.com\/wp-content\/uploads\/2020\/12\/chole-5.jpg","datePublished":"2020-12-16T08:40:47+00:00","dateModified":"2021-03-19T10:49:20+00:00","description":"Soyez pr\u00eat \u00e0 admirer l'une des ruines les plus anciennes de tout le Mexique avec notre visite priv\u00e9e \u00e0 \"La Chole\" avec une \u00e9quipe locale professionnelle.","breadcrumb":{"@id":"https:\/\/tourtravelandmore.com\/fr\/tours\/mexique-fr\/ixtapa-fr\/visite-privee-du-site-archeologique-la-chole\/#breadcrumb"},"inLanguage":"fr-FR","potentialAction":[{"@type":"ReadAction","target":["https:\/\/tourtravelandmore.com\/fr\/tours\/mexique-fr\/ixtapa-fr\/visite-privee-du-site-archeologique-la-chole\/"]}]},{"@type":"ImageObject","inLanguage":"fr-FR","@id":"https:\/\/tourtravelandmore.com\/fr\/tours\/mexique-fr\/ixtapa-fr\/visite-privee-du-site-archeologique-la-chole\/#primaryimage","url":"https:\/\/tourtravelandmore.com\/wp-content\/uploads\/2020\/12\/chole-5.jpg","contentUrl":"https:\/\/tourtravelandmore.com\/wp-content\/uploads\/2020\/12\/chole-5.jpg","width":670,"height":446},{"@type":"BreadcrumbList","@id":"https:\/\/tourtravelandmore.com\/fr\/tours\/mexique-fr\/ixtapa-fr\/visite-privee-du-site-archeologique-la-chole\/#breadcrumb","itemListElement":[{"@type":"ListItem","position":1,"name":"Home","item":"https:\/\/tourtravelandmore.com\/fr\/"},{"@type":"ListItem","position":2,"name":"Tours","item":"https:\/\/tourtravelandmore.com\/fr\/tours\/"},{"@type":"ListItem","position":3,"name":"Visite priv\u00e9e du site arch\u00e9ologique &#8220;La Chole&#8221;"}]},{"@type":"WebSite","@id":"https:\/\/tourtravelandmore.com\/fr\/#website","url":"https:\/\/tourtravelandmore.com\/fr\/","name":"Tour Travel And More","description":"Private sightseeing tours and luxury transfers in Spain","publisher":{"@id":"https:\/\/tourtravelandmore.com\/fr\/#organization"},"potentialAction":[{"@type":"SearchAction","target":{"@type":"EntryPoint","urlTemplate":"https:\/\/tourtravelandmore.com\/fr\/?s={search_term_string}"},"query-input":{"@type":"PropertyValueSpecification","valueRequired":true,"valueName":"search_term_string"}}],"inLanguage":"fr-FR"},{"@type":"Organization","@id":"https:\/\/tourtravelandmore.com\/fr\/#organization","name":"Tour Travel And More","url":"https:\/\/tourtravelandmore.com\/fr\/","logo":{"@type":"ImageObject","inLanguage":"fr-FR","@id":"https:\/\/tourtravelandmore.com\/fr\/#\/schema\/logo\/image\/","url":"https:\/\/tourtravelandmore.com\/wp-content\/uploads\/2022\/12\/cropped-logo-cabecera-new.png","contentUrl":"https:\/\/tourtravelandmore.com\/wp-content\/uploads\/2022\/12\/cropped-logo-cabecera-new.png","width":430,"height":61,"caption":"Tour Travel And More"},"image":{"@id":"https:\/\/tourtravelandmore.com\/fr\/#\/schema\/logo\/image\/"},"sameAs":["https:\/\/www.facebook.com\/tourtravelandmore\/","https:\/\/x.com\/TourTravel_More"]}]}},"_links":{"self":[{"href":"https:\/\/tourtravelandmore.com\/fr\/wp-json\/wp\/v2\/product\/104505","targetHints":{"allow":["GET"]}}],"collection":[{"href":"https:\/\/tourtravelandmore.com\/fr\/wp-json\/wp\/v2\/product"}],"about":[{"href":"https:\/\/tourtravelandmore.com\/fr\/wp-json\/wp\/v2\/types\/product"}],"replies":[{"embeddable":true,"href":"https:\/\/tourtravelandmore.com\/fr\/wp-json\/wp\/v2\/comments?post=104505"}],"wp:featuredmedia":[{"embeddable":true,"href":"https:\/\/tourtravelandmore.com\/fr\/wp-json\/wp\/v2\/media\/89737"}],"wp:attachment":[{"href":"https:\/\/tourtravelandmore.com\/fr\/wp-json\/wp\/v2\/media?parent=104505"}],"wp:term":[{"taxonomy":"product_brand","embeddable":true,"href":"https:\/\/tourtravelandmore.com\/fr\/wp-json\/wp\/v2\/product_brand?post=104505"},{"taxonomy":"product_cat","embeddable":true,"href":"https:\/\/tourtravelandmore.com\/fr\/wp-json\/wp\/v2\/product_cat?post=104505"},{"taxonomy":"product_tag","embeddable":true,"href":"https:\/\/tourtravelandmore.com\/fr\/wp-json\/wp\/v2\/product_tag?post=104505"}],"curies":[{"name":"wp","href":"https:\/\/api.w.org\/{rel}","templated":true}]}}