{"id":104490,"date":"2020-12-15T10:58:44","date_gmt":"2020-12-15T09:58:44","guid":{"rendered":"https:\/\/tourtravelandmore.com\/tours\/non%20class\u00e9\/visite-privee-sur-lile-dixtapa\/"},"modified":"2021-03-19T11:47:17","modified_gmt":"2021-03-19T10:47:17","slug":"visite-privee-sur-lile-dixtapa","status":"publish","type":"product","link":"https:\/\/tourtravelandmore.com\/fr\/tours\/mexique-fr\/ixtapa-fr\/visite-privee-sur-lile-dixtapa\/","title":{"rendered":"Visite priv\u00e9e sur l&#8217;\u00eele d&#8217;Ixtapa"},"content":{"rendered":"<h2>Description:<\/h2>\n<p>Si vous \u00eates \u00e0 la recherche d&#8217;une vraie aventure, vous ne devriez certainement pas manquer notre visite priv\u00e9e sur l&#8217;\u00eele d&#8217;Ixtapa. Vous aurez un guide officiel priv\u00e9 disponible pour toute la visite. Ayez l&#8217;occasion d&#8217;admirer la beaut\u00e9 qu&#8217;offre cette \u00eele incroyable.<\/p>\n<p>La visite commencera \u00e0 votre h\u00f4tel ou lieu de votre choix \u00e0 Ixtapa. Nous viendrons vous chercher dans un v\u00e9hicule de luxe priv\u00e9 et vous emm\u00e8nerons vers l&#8217;embarcad\u00e8re de Linda Beach pour prendre le ferry ou le bateau-taxi jusqu&#8217;\u00e0 l&#8217;\u00eele d&#8217;Ixtapa. Autre option possible si vous pouvez rencontrer le guide directement \u00e0 la jet\u00e9e de Linda Beach.<\/p>\n<p>L&#8217;\u00eele d&#8217;Ixtapa ou \u00abBig Island\u00bb est une petite \u00eele ou un \u00eelot pr\u00e8s d&#8217;Ixtapa dans l&#8217;\u00c9tat mexicain de Guerrero. C&#8217;est une tr\u00e8s belle \u00eele o\u00f9 de nombreux r\u00e9sidents et touristes font de la plong\u00e9e ou du snorkeling. Il est tr\u00e8s c\u00e9l\u00e8bre pour ses eaux cristallines, son sable doux et ses magnifiques vues depuis les falaises.<\/p>\n<p>Nous avons plusieurs options de visite priv\u00e9e dans et depuis Ixtapa, jetez un \u0153il ici et choisissez votre meilleure option!.<\/p>\n<h2>Sites d&#8217;int\u00e9r\u00eat et monuments<\/h2>\n<p>Une fois sur l&#8217;\u00eele d&#8217;Ixtapa, votre guide officiel priv\u00e9 vous emm\u00e8nera \u00e0 la d\u00e9couverte des endroits et des plages les plus incroyables. Pr\u00e9parez votre appareil photo car vous voudrez immortaliser ces moments!<\/p>\n<p>Au cours de cette visite priv\u00e9e sur l&#8217;\u00eele d&#8217;Ixtapa, vous pourrez visiter Cuachalalate ou Coral Beach. Ici, vous trouverez des fonds marins pleins de r\u00e9cifs, d&#8217;\u00e9toiles de mer et de tortues, pour cette raison, est un must lors de cette visite priv\u00e9e.<\/p>\n<p>Ensuite, vous continuerez vers Carey Beach, c&#8217;est un environnement privil\u00e9gi\u00e9 un peu \u00e9loign\u00e9 de la civilisation. Ici, vous pouvez vous reposer et admirer les vues incroyables sur la c\u00f4te.<\/p>\n<p>Apr\u00e8s cela, si vous avez faim, votre guide peut vous emmener dans un tr\u00e8s bon restaurant avec vue sur la mer. Nous vous recommandons totalement de go\u00fbter le d\u00e9licieux filet de poisson local.<\/p>\n<p>Si vous \u00eates pr\u00eat \u00e0 pratiquer des sports nautiques, la meilleure plage pour cela serait celle de Varadero. Sinon, c&#8217;est une autre plage incroyable pour se reposer et se d\u00e9tendre. Si vous \u00eates int\u00e9ress\u00e9 par la plong\u00e9e ou le snorkeling, il vous suffit de nous contacter et nous organiserons tout pour vous. Il s&#8217;agit d&#8217;une visite priv\u00e9e et personnalis\u00e9e de l&#8217;\u00eele d&#8217;Ixtapa.<\/p>\n<p>Enfin, aux c\u00f4t\u00e9s de votre guide officiel priv\u00e9, vous prendrez le ferry pour retourner \u00e0 l&#8217;embarcad\u00e8re de Linda Beach o\u00f9 votre chauffeur priv\u00e9 vous attendra pour vous ramener \u00e0 votre h\u00f4tel.<\/p>\n<p><button style=\"width: auto; height: auto; background-image: url('data:image\/png;base64,iVBORw0KGgoAAAANSUhEUgAAADAAAAAwCAYAAABXAvmHAAABS2lUWHRYTUw6Y29tLmFkb2JlLnhtcAAAAAAAPD94cGFja2V0IGJlZ2luPSLvu78iIGlkPSJXNU0wTXBDZWhpSHpyZVN6TlRjemtjOWQiPz4KPHg6eG1wbWV0YSB4bWxuczp4PSJhZG9iZTpuczptZXRhLyIgeDp4bXB0az0iQWRvYmUgWE1QIENvcmUgNS42LWMxMzggNzkuMTU5ODI0LCAyMDE2LzA5LzE0LTAxOjA5OjAxICAgICAgICAiPgogPHJkZjpSREYgeG1sbnM6cmRmPSJodHRwOi8vd3d3LnczLm9yZy8xOTk5LzAyLzIyLXJkZi1zeW50YXgtbnMjIj4KICA8cmRmOkRlc2NyaXB0aW9uIHJkZjphYm91dD0iIi8+CiA8L3JkZjpSREY+CjwveDp4bXBtZXRhPgo8P3hwYWNrZXQgZW5kPSJyIj8+IEmuOgAAAx5JREFUaIHtmj1L81wYx39JI75AbYtgBTFTRdQGXV2cxMlPICjiakHE0cVJB5FO4uLgN1AnZ\/0EgoLQtd6tL6hJIwia9DzDg6Wxpcb7hMTe+INCz+t1\/TnJuU7OOYoQ4g8Qpz2xFSGEiNoLGVTAjtoJCWw1ag9k0eoTQgg2NzcplUp0dHRE5VNTHMdB0zTy+TydnZ21fI8Ay7K4vr4ml8uRSqVCd7IVQgjW19cpFAoYhlHLbxiBTCbD9PR06A76YXx8HNd1PXmed0BRFBzHwTTNUB3zy\/v7O7FYzJPX9i\/xr4Co0b6u0prj42Pu7u5a1unp6UHXdSYmJkgmk7ImPUgLWFlZoVQq+aqbSCSYn59ne3ubRCIhaxoI4BHSdd13Xcuy2N\/fxzCML0fNL9IjoChK7f\/p6Smjo6MNdWzb5vz8nI2NDUzTpFgsMjMzw+Xlpax5eQH1TE5OMjAw0LQsm80yNzdHNpvFtm2urq44PDxkaWlJymags9D9\/X3Lcl3X2dnZqaX39vakbYY+jS4uLtLV1QXAxcUFlUpFqr\/QBXR3d9Pf3w\/8v8J8fn6W6i90Aa7r8vT0BEAsFpOeTkMXcHJywsvLCwAjIyPSgS1QAb29vS3LHx4eyOVytfTy8rK0zUAFPD4+8vb25vm9vr5SLBY5ODjAMAzK5TIAQ0NDrK6uStsMNA7Mzs42rNfrn\/kP0uk0Z2dnaJq8+UAFfHb0M6qqsrCwwO7uLn19fYHYDFTA2tpa00isaRqDg4NMTU19a+3kh0AFbG1t1YJUWAT6EhcKhSC780Xbf5H9CoiaXwFRIy2gPng5jiPb3beRjgPDw8NYlgUQegyAAAQcHR3xccgTxNrmu0hbjMJpj32ZxkIITNOkWq16tlf8tlVVlWQy+e229UgLKJfLuK77VwI+PikjE6CqKmNjYzJdSPPvxQFVVT2HaD8JVVX5fKzdcEZWLpe5vb39cYd8ADc3Nw1nZB4B8XicdDpNPp+PJCi1wnEcUqkUmUzGk68IISp8uitRqVSoVqth+ueLJntIdtNZ6Kv9nZ9E21\/20IASbXzd5j\/MIQu2KoJrJwAAAABJRU5ErkJggg=='); background-size: 14px 14px; background-color: #000000; position: absolute; opacity: 1; z-index: 86753099; display: none; cursor: pointer; border: none; border-top-left-radius: 3px; border-top-right-radius: 3px; border-bottom-right-radius: 3px; border-bottom-left-radius: 3px; text-indent: 20px; padding: 0px 4px 0px 0px; text-align: center; font-style: normal; font-variant-caps: normal; font-weight: bold; font-stretch: normal; font-size: 11px; line-height: 20px; font-family: 'Helvetica Neue', Helvetica, sans-serif; color: #ffffff; text-transform: capitalize; -webkit-font-smoothing: antialiased; top: 1397px; left: 563px; background-position: 3px 50%; background-repeat: no-repeat no-repeat;\">plan it<\/button><\/p>\n","protected":false},"excerpt":{"rendered":"<p>Laissez-vous admirer par la beaut\u00e9 de l&#8217;\u00eele d&#8217;Ixtapa. Rejoignez-nous pour cette excursion priv\u00e9e d&#8217;une demi-journ\u00e9e depuis votre h\u00f4tel ou lieu de votre choix et explorez la nature et les plages que cette destination offre.<\/p>\n","protected":false},"featured_media":89660,"comment_status":"open","ping_status":"closed","template":"","meta":{"_acf_changed":false},"product_brand":[],"product_cat":[3727,3833],"product_tag":[],"class_list":{"0":"post-104490","1":"product","2":"type-product","3":"status-publish","4":"has-post-thumbnail","6":"product_cat-mexique-fr","7":"product_cat-ixtapa-fr","9":"first","10":"instock","11":"shipping-taxable","12":"purchasable","13":"product-type-simple"},"acf":[],"yoast_head":"<!-- This site is optimized with the Yoast SEO Premium plugin v25.3.1 (Yoast SEO v25.3.1) - https:\/\/yoast.com\/wordpress\/plugins\/seo\/ -->\n<title>Visite priv\u00e9e de l&#039;\u00eele d&#039;Ixtapa avec un guide professionnel local<\/title>\n<meta name=\"description\" content=\"Aventurez-vous lors de cette visite priv\u00e9e sur l&#039;\u00eele d&#039;Ixtapa et courez la chance de visiter une destination incroyable avec un guide local.\" \/>\n<meta name=\"robots\" content=\"index, follow, max-snippet:-1, max-image-preview:large, max-video-preview:-1\" \/>\n<link rel=\"canonical\" href=\"https:\/\/tourtravelandmore.com\/fr\/tours\/mexique-fr\/ixtapa-fr\/visite-privee-sur-lile-dixtapa\/\" \/>\n<meta property=\"og:locale\" content=\"fr_FR\" \/>\n<meta property=\"og:type\" content=\"article\" \/>\n<meta property=\"og:title\" content=\"Visite priv\u00e9e sur l&#039;\u00eele d&#039;Ixtapa\" \/>\n<meta property=\"og:description\" content=\"Aventurez-vous lors de cette visite priv\u00e9e sur l&#039;\u00eele d&#039;Ixtapa et courez la chance de visiter une destination incroyable avec un guide local.\" \/>\n<meta property=\"og:url\" content=\"https:\/\/tourtravelandmore.com\/fr\/tours\/mexique-fr\/ixtapa-fr\/visite-privee-sur-lile-dixtapa\/\" \/>\n<meta property=\"og:site_name\" content=\"Tour Travel And More\" \/>\n<meta property=\"article:publisher\" content=\"https:\/\/www.facebook.com\/tourtravelandmore\/\" \/>\n<meta property=\"article:modified_time\" content=\"2021-03-19T10:47:17+00:00\" \/>\n<meta property=\"og:image\" content=\"https:\/\/tourtravelandmore.com\/wp-content\/uploads\/2020\/12\/ixtapa-island-2-scaled.jpg\" \/>\n\t<meta property=\"og:image:width\" content=\"2560\" \/>\n\t<meta property=\"og:image:height\" content=\"1920\" \/>\n\t<meta property=\"og:image:type\" content=\"image\/jpeg\" \/>\n<meta name=\"twitter:card\" content=\"summary_large_image\" \/>\n<meta name=\"twitter:site\" content=\"@TourTravel_More\" \/>\n<meta name=\"twitter:label1\" content=\"Dur\u00e9e de lecture estim\u00e9e\" \/>\n\t<meta name=\"twitter:data1\" content=\"2 minutes\" \/>\n<script type=\"application\/ld+json\" class=\"yoast-schema-graph\">{\"@context\":\"https:\/\/schema.org\",\"@graph\":[{\"@type\":\"WebPage\",\"@id\":\"https:\/\/tourtravelandmore.com\/fr\/tours\/mexique-fr\/ixtapa-fr\/visite-privee-sur-lile-dixtapa\/\",\"url\":\"https:\/\/tourtravelandmore.com\/fr\/tours\/mexique-fr\/ixtapa-fr\/visite-privee-sur-lile-dixtapa\/\",\"name\":\"Visite priv\u00e9e de l'\u00eele d'Ixtapa avec un guide professionnel local\",\"isPartOf\":{\"@id\":\"https:\/\/tourtravelandmore.com\/fr\/#website\"},\"primaryImageOfPage\":{\"@id\":\"https:\/\/tourtravelandmore.com\/fr\/tours\/mexique-fr\/ixtapa-fr\/visite-privee-sur-lile-dixtapa\/#primaryimage\"},\"image\":{\"@id\":\"https:\/\/tourtravelandmore.com\/fr\/tours\/mexique-fr\/ixtapa-fr\/visite-privee-sur-lile-dixtapa\/#primaryimage\"},\"thumbnailUrl\":\"https:\/\/tourtravelandmore.com\/wp-content\/uploads\/2020\/12\/ixtapa-island-2-scaled.jpg\",\"datePublished\":\"2020-12-15T09:58:44+00:00\",\"dateModified\":\"2021-03-19T10:47:17+00:00\",\"description\":\"Aventurez-vous lors de cette visite priv\u00e9e sur l'\u00eele d'Ixtapa et courez la chance de visiter une destination incroyable avec un guide local.\",\"breadcrumb\":{\"@id\":\"https:\/\/tourtravelandmore.com\/fr\/tours\/mexique-fr\/ixtapa-fr\/visite-privee-sur-lile-dixtapa\/#breadcrumb\"},\"inLanguage\":\"fr-FR\",\"potentialAction\":[{\"@type\":\"ReadAction\",\"target\":[\"https:\/\/tourtravelandmore.com\/fr\/tours\/mexique-fr\/ixtapa-fr\/visite-privee-sur-lile-dixtapa\/\"]}]},{\"@type\":\"ImageObject\",\"inLanguage\":\"fr-FR\",\"@id\":\"https:\/\/tourtravelandmore.com\/fr\/tours\/mexique-fr\/ixtapa-fr\/visite-privee-sur-lile-dixtapa\/#primaryimage\",\"url\":\"https:\/\/tourtravelandmore.com\/wp-content\/uploads\/2020\/12\/ixtapa-island-2-scaled.jpg\",\"contentUrl\":\"https:\/\/tourtravelandmore.com\/wp-content\/uploads\/2020\/12\/ixtapa-island-2-scaled.jpg\",\"width\":2560,\"height\":1920},{\"@type\":\"BreadcrumbList\",\"@id\":\"https:\/\/tourtravelandmore.com\/fr\/tours\/mexique-fr\/ixtapa-fr\/visite-privee-sur-lile-dixtapa\/#breadcrumb\",\"itemListElement\":[{\"@type\":\"ListItem\",\"position\":1,\"name\":\"Home\",\"item\":\"https:\/\/tourtravelandmore.com\/fr\/\"},{\"@type\":\"ListItem\",\"position\":2,\"name\":\"Tours\",\"item\":\"https:\/\/tourtravelandmore.com\/fr\/tours\/\"},{\"@type\":\"ListItem\",\"position\":3,\"name\":\"Visite priv\u00e9e sur l&#8217;\u00eele d&#8217;Ixtapa\"}]},{\"@type\":\"WebSite\",\"@id\":\"https:\/\/tourtravelandmore.com\/fr\/#website\",\"url\":\"https:\/\/tourtravelandmore.com\/fr\/\",\"name\":\"Tour Travel And More\",\"description\":\"Private sightseeing tours and luxury transfers in Spain\",\"publisher\":{\"@id\":\"https:\/\/tourtravelandmore.com\/fr\/#organization\"},\"potentialAction\":[{\"@type\":\"SearchAction\",\"target\":{\"@type\":\"EntryPoint\",\"urlTemplate\":\"https:\/\/tourtravelandmore.com\/fr\/?s={search_term_string}\"},\"query-input\":{\"@type\":\"PropertyValueSpecification\",\"valueRequired\":true,\"valueName\":\"search_term_string\"}}],\"inLanguage\":\"fr-FR\"},{\"@type\":\"Organization\",\"@id\":\"https:\/\/tourtravelandmore.com\/fr\/#organization\",\"name\":\"Tour Travel And More\",\"url\":\"https:\/\/tourtravelandmore.com\/fr\/\",\"logo\":{\"@type\":\"ImageObject\",\"inLanguage\":\"fr-FR\",\"@id\":\"https:\/\/tourtravelandmore.com\/fr\/#\/schema\/logo\/image\/\",\"url\":\"https:\/\/tourtravelandmore.com\/wp-content\/uploads\/2022\/12\/cropped-logo-cabecera-new.png\",\"contentUrl\":\"https:\/\/tourtravelandmore.com\/wp-content\/uploads\/2022\/12\/cropped-logo-cabecera-new.png\",\"width\":430,\"height\":61,\"caption\":\"Tour Travel And More\"},\"image\":{\"@id\":\"https:\/\/tourtravelandmore.com\/fr\/#\/schema\/logo\/image\/\"},\"sameAs\":[\"https:\/\/www.facebook.com\/tourtravelandmore\/\",\"https:\/\/x.com\/TourTravel_More\"]}]}<\/script>\n<!-- \/ Yoast SEO Premium plugin. -->","yoast_head_json":{"title":"Visite priv\u00e9e de l'\u00eele d'Ixtapa avec un guide professionnel local","description":"Aventurez-vous lors de cette visite priv\u00e9e sur l'\u00eele d'Ixtapa et courez la chance de visiter une destination incroyable avec un guide local.","robots":{"index":"index","follow":"follow","max-snippet":"max-snippet:-1","max-image-preview":"max-image-preview:large","max-video-preview":"max-video-preview:-1"},"canonical":"https:\/\/tourtravelandmore.com\/fr\/tours\/mexique-fr\/ixtapa-fr\/visite-privee-sur-lile-dixtapa\/","og_locale":"fr_FR","og_type":"article","og_title":"Visite priv\u00e9e sur l'\u00eele d'Ixtapa","og_description":"Aventurez-vous lors de cette visite priv\u00e9e sur l'\u00eele d'Ixtapa et courez la chance de visiter une destination incroyable avec un guide local.","og_url":"https:\/\/tourtravelandmore.com\/fr\/tours\/mexique-fr\/ixtapa-fr\/visite-privee-sur-lile-dixtapa\/","og_site_name":"Tour Travel And More","article_publisher":"https:\/\/www.facebook.com\/tourtravelandmore\/","article_modified_time":"2021-03-19T10:47:17+00:00","og_image":[{"width":2560,"height":1920,"url":"https:\/\/tourtravelandmore.com\/wp-content\/uploads\/2020\/12\/ixtapa-island-2-scaled.jpg","type":"image\/jpeg"}],"twitter_card":"summary_large_image","twitter_site":"@TourTravel_More","twitter_misc":{"Dur\u00e9e de lecture estim\u00e9e":"2 minutes"},"schema":{"@context":"https:\/\/schema.org","@graph":[{"@type":"WebPage","@id":"https:\/\/tourtravelandmore.com\/fr\/tours\/mexique-fr\/ixtapa-fr\/visite-privee-sur-lile-dixtapa\/","url":"https:\/\/tourtravelandmore.com\/fr\/tours\/mexique-fr\/ixtapa-fr\/visite-privee-sur-lile-dixtapa\/","name":"Visite priv\u00e9e de l'\u00eele d'Ixtapa avec un guide professionnel local","isPartOf":{"@id":"https:\/\/tourtravelandmore.com\/fr\/#website"},"primaryImageOfPage":{"@id":"https:\/\/tourtravelandmore.com\/fr\/tours\/mexique-fr\/ixtapa-fr\/visite-privee-sur-lile-dixtapa\/#primaryimage"},"image":{"@id":"https:\/\/tourtravelandmore.com\/fr\/tours\/mexique-fr\/ixtapa-fr\/visite-privee-sur-lile-dixtapa\/#primaryimage"},"thumbnailUrl":"https:\/\/tourtravelandmore.com\/wp-content\/uploads\/2020\/12\/ixtapa-island-2-scaled.jpg","datePublished":"2020-12-15T09:58:44+00:00","dateModified":"2021-03-19T10:47:17+00:00","description":"Aventurez-vous lors de cette visite priv\u00e9e sur l'\u00eele d'Ixtapa et courez la chance de visiter une destination incroyable avec un guide local.","breadcrumb":{"@id":"https:\/\/tourtravelandmore.com\/fr\/tours\/mexique-fr\/ixtapa-fr\/visite-privee-sur-lile-dixtapa\/#breadcrumb"},"inLanguage":"fr-FR","potentialAction":[{"@type":"ReadAction","target":["https:\/\/tourtravelandmore.com\/fr\/tours\/mexique-fr\/ixtapa-fr\/visite-privee-sur-lile-dixtapa\/"]}]},{"@type":"ImageObject","inLanguage":"fr-FR","@id":"https:\/\/tourtravelandmore.com\/fr\/tours\/mexique-fr\/ixtapa-fr\/visite-privee-sur-lile-dixtapa\/#primaryimage","url":"https:\/\/tourtravelandmore.com\/wp-content\/uploads\/2020\/12\/ixtapa-island-2-scaled.jpg","contentUrl":"https:\/\/tourtravelandmore.com\/wp-content\/uploads\/2020\/12\/ixtapa-island-2-scaled.jpg","width":2560,"height":1920},{"@type":"BreadcrumbList","@id":"https:\/\/tourtravelandmore.com\/fr\/tours\/mexique-fr\/ixtapa-fr\/visite-privee-sur-lile-dixtapa\/#breadcrumb","itemListElement":[{"@type":"ListItem","position":1,"name":"Home","item":"https:\/\/tourtravelandmore.com\/fr\/"},{"@type":"ListItem","position":2,"name":"Tours","item":"https:\/\/tourtravelandmore.com\/fr\/tours\/"},{"@type":"ListItem","position":3,"name":"Visite priv\u00e9e sur l&#8217;\u00eele d&#8217;Ixtapa"}]},{"@type":"WebSite","@id":"https:\/\/tourtravelandmore.com\/fr\/#website","url":"https:\/\/tourtravelandmore.com\/fr\/","name":"Tour Travel And More","description":"Private sightseeing tours and luxury transfers in Spain","publisher":{"@id":"https:\/\/tourtravelandmore.com\/fr\/#organization"},"potentialAction":[{"@type":"SearchAction","target":{"@type":"EntryPoint","urlTemplate":"https:\/\/tourtravelandmore.com\/fr\/?s={search_term_string}"},"query-input":{"@type":"PropertyValueSpecification","valueRequired":true,"valueName":"search_term_string"}}],"inLanguage":"fr-FR"},{"@type":"Organization","@id":"https:\/\/tourtravelandmore.com\/fr\/#organization","name":"Tour Travel And More","url":"https:\/\/tourtravelandmore.com\/fr\/","logo":{"@type":"ImageObject","inLanguage":"fr-FR","@id":"https:\/\/tourtravelandmore.com\/fr\/#\/schema\/logo\/image\/","url":"https:\/\/tourtravelandmore.com\/wp-content\/uploads\/2022\/12\/cropped-logo-cabecera-new.png","contentUrl":"https:\/\/tourtravelandmore.com\/wp-content\/uploads\/2022\/12\/cropped-logo-cabecera-new.png","width":430,"height":61,"caption":"Tour Travel And More"},"image":{"@id":"https:\/\/tourtravelandmore.com\/fr\/#\/schema\/logo\/image\/"},"sameAs":["https:\/\/www.facebook.com\/tourtravelandmore\/","https:\/\/x.com\/TourTravel_More"]}]}},"_links":{"self":[{"href":"https:\/\/tourtravelandmore.com\/fr\/wp-json\/wp\/v2\/product\/104490","targetHints":{"allow":["GET"]}}],"collection":[{"href":"https:\/\/tourtravelandmore.com\/fr\/wp-json\/wp\/v2\/product"}],"about":[{"href":"https:\/\/tourtravelandmore.com\/fr\/wp-json\/wp\/v2\/types\/product"}],"replies":[{"embeddable":true,"href":"https:\/\/tourtravelandmore.com\/fr\/wp-json\/wp\/v2\/comments?post=104490"}],"wp:featuredmedia":[{"embeddable":true,"href":"https:\/\/tourtravelandmore.com\/fr\/wp-json\/wp\/v2\/media\/89660"}],"wp:attachment":[{"href":"https:\/\/tourtravelandmore.com\/fr\/wp-json\/wp\/v2\/media?parent=104490"}],"wp:term":[{"taxonomy":"product_brand","embeddable":true,"href":"https:\/\/tourtravelandmore.com\/fr\/wp-json\/wp\/v2\/product_brand?post=104490"},{"taxonomy":"product_cat","embeddable":true,"href":"https:\/\/tourtravelandmore.com\/fr\/wp-json\/wp\/v2\/product_cat?post=104490"},{"taxonomy":"product_tag","embeddable":true,"href":"https:\/\/tourtravelandmore.com\/fr\/wp-json\/wp\/v2\/product_tag?post=104490"}],"curies":[{"name":"wp","href":"https:\/\/api.w.org\/{rel}","templated":true}]}}