{"id":104484,"date":"2020-12-15T09:11:52","date_gmt":"2020-12-15T08:11:52","guid":{"rendered":"https:\/\/tourtravelandmore.com\/tours\/non%20class\u00e9\/visite-privee-dixtapa-et-zihuatanejo\/"},"modified":"2021-03-19T11:46:28","modified_gmt":"2021-03-19T10:46:28","slug":"visite-privee-dixtapa-et-zihuatanejo","status":"publish","type":"product","link":"https:\/\/tourtravelandmore.com\/fr\/tours\/mexique-fr\/ixtapa-fr\/visite-privee-dixtapa-et-zihuatanejo\/","title":{"rendered":"Visite priv\u00e9e d&#8217;Ixtapa et Zihuatanejo"},"content":{"rendered":"<h2>Description:<\/h2>\n<p>Si c&#8217;est votre premi\u00e8re fois \u00e0 Ixtapa, c&#8217;est la visite parfaite pour vous. Rejoignez-nous pour cette visite priv\u00e9e d&#8217;Ixtapa et Zihuatanejo et d\u00e9couvrez les sites les plus importants et les plus repr\u00e9sentatifs de ces deux villes. Tout le temps, vous serez accompagn\u00e9 d&#8217;un chauffeur priv\u00e9 et d&#8217;un guide officiel.<\/p>\n<p>Nous viendrons vous chercher \u00e0 votre h\u00f4tel ou lieu de votre choix \u00e0 Ixtapa. Si vous \u00eates arriv\u00e9 sur un bateau de croisi\u00e8re, nous pouvons \u00e9galement venir vous chercher au port de croisi\u00e8re.<\/p>\n<p>Ixtapa est une ville touristique de la c\u00f4te Pacifique, dans l&#8217;\u00c9tat mexicain de Guerrero. Est une autre destination paradisiaque mexicaine, avec des plages, des stations baln\u00e9aires et une vie nocturne incroyables. D&#8217;autre part, nous avons Zihuatanejo, qui est une autre ville touristique \u00e0 l&#8217;atmosph\u00e8re plus calme situ\u00e9e au nord-ouest d&#8217;Acapulco. Ces deux villes ont les deux choses en commun et sont en m\u00eame temps tr\u00e8s diff\u00e9rentes.<\/p>\n<p>Contactez Tour Travel &amp; More pour plus d&#8217;informations sur notre visite priv\u00e9e d&#8217;Ixtapa et Zihuatanejo et comment personnaliser votre exp\u00e9rience.<\/p>\n<h2>Sites d&#8217;int\u00e9r\u00eat et monuments<\/h2>\n<p>Apr\u00e8s une prise en charge confortable dans un v\u00e9hicule de luxe priv\u00e9, vous commencerez votre exp\u00e9rience priv\u00e9e.<\/p>\n<p>Tout d&#8217;abord, vous visiterez la ville de Zihuatanejo qui est situ\u00e9e \u00e0 20 minutes d&#8217;Ixtapa. Votre guide officiel priv\u00e9 est un professionnel local avec une grande connaissance des villes, de son histoire et de la nature. Une fois \u00e0 Zihuatanejo, vous pourrez admirer:<\/p>\n<ul>\n<li>Plage de La Ropa: l&#8217;une des plus grandes et des plus importantes plages de la ville<\/li>\n<li>Mus\u00e9e arch\u00e9ologique de la Grande C\u00f4te<\/li>\n<li>Baie de Zihuatanejo<\/li>\n<li>Galerie d&#8217;art Suazo<\/li>\n<li>Maison de Marine<\/li>\n<li>\u00c9glise Santa Maria de Guadalupe<\/li>\n<li>Point de vue de Zihuatanejo<\/li>\n<li>et beaucoup plus!<\/li>\n<\/ul>\n<p>Apr\u00e8s cela, vous continuerez vers Ixtapa. Ici, vous pourrez visiter les lieux suivants:<\/p>\n<ul>\n<li>Centre d&#8217;Ixtapa: a une planification urbaine brillante. Est le coeur de la ville o\u00f9 vous pouvez trouver, de nombreux restaurants, boutiques, bars et attractions.<\/li>\n<li>Delfiniti: attraction touristique o\u00f9 vous avez la possibilit\u00e9 de nager avec les dauphins.<\/li>\n<li>Plage de Las Escolleras<\/li>\n<li>Isla Alegre<\/li>\n<li>Baie Marine<\/li>\n<li>\u00c9glise de Santa Cruz<\/li>\n<\/ul>\n<p>L&#8217;itin\u00e9raire d\u00e9pendra de la dur\u00e9e totale du circuit choisi. Si vous avez quelque chose en t\u00eate, faites-le nous savoir et nous organiserons tout pour vous.<\/p>\n<p>Enfin, \u00e0 la fin de la visite, votre chauffeur priv\u00e9 et votre guide officiel vous d\u00e9poseront \u00e0 votre point de d\u00e9part \u00e0 Ixtapa.<\/p>\n<p><button style=\"width: auto; height: auto; background-image: url('data:image\/png;base64,iVBORw0KGgoAAAANSUhEUgAAADAAAAAwCAYAAABXAvmHAAABS2lUWHRYTUw6Y29tLmFkb2JlLnhtcAAAAAAAPD94cGFja2V0IGJlZ2luPSLvu78iIGlkPSJXNU0wTXBDZWhpSHpyZVN6TlRjemtjOWQiPz4KPHg6eG1wbWV0YSB4bWxuczp4PSJhZG9iZTpuczptZXRhLyIgeDp4bXB0az0iQWRvYmUgWE1QIENvcmUgNS42LWMxMzggNzkuMTU5ODI0LCAyMDE2LzA5LzE0LTAxOjA5OjAxICAgICAgICAiPgogPHJkZjpSREYgeG1sbnM6cmRmPSJodHRwOi8vd3d3LnczLm9yZy8xOTk5LzAyLzIyLXJkZi1zeW50YXgtbnMjIj4KICA8cmRmOkRlc2NyaXB0aW9uIHJkZjphYm91dD0iIi8+CiA8L3JkZjpSREY+CjwveDp4bXBtZXRhPgo8P3hwYWNrZXQgZW5kPSJyIj8+IEmuOgAAAx5JREFUaIHtmj1L81wYx39JI75AbYtgBTFTRdQGXV2cxMlPICjiakHE0cVJB5FO4uLgN1AnZ\/0EgoLQtd6tL6hJIwia9DzDg6Wxpcb7hMTe+INCz+t1\/TnJuU7OOYoQ4g8Qpz2xFSGEiNoLGVTAjtoJCWw1ag9k0eoTQgg2NzcplUp0dHRE5VNTHMdB0zTy+TydnZ21fI8Ay7K4vr4ml8uRSqVCd7IVQgjW19cpFAoYhlHLbxiBTCbD9PR06A76YXx8HNd1PXmed0BRFBzHwTTNUB3zy\/v7O7FYzJPX9i\/xr4Co0b6u0prj42Pu7u5a1unp6UHXdSYmJkgmk7ImPUgLWFlZoVQq+aqbSCSYn59ne3ubRCIhaxoI4BHSdd13Xcuy2N\/fxzCML0fNL9IjoChK7f\/p6Smjo6MNdWzb5vz8nI2NDUzTpFgsMjMzw+Xlpax5eQH1TE5OMjAw0LQsm80yNzdHNpvFtm2urq44PDxkaWlJymags9D9\/X3Lcl3X2dnZqaX39vakbYY+jS4uLtLV1QXAxcUFlUpFqr\/QBXR3d9Pf3w\/8v8J8fn6W6i90Aa7r8vT0BEAsFpOeTkMXcHJywsvLCwAjIyPSgS1QAb29vS3LHx4eyOVytfTy8rK0zUAFPD4+8vb25vm9vr5SLBY5ODjAMAzK5TIAQ0NDrK6uStsMNA7Mzs42rNfrn\/kP0uk0Z2dnaJq8+UAFfHb0M6qqsrCwwO7uLn19fYHYDFTA2tpa00isaRqDg4NMTU19a+3kh0AFbG1t1YJUWAT6EhcKhSC780Xbf5H9CoiaXwFRIy2gPng5jiPb3beRjgPDw8NYlgUQegyAAAQcHR3xccgTxNrmu0hbjMJpj32ZxkIITNOkWq16tlf8tlVVlWQy+e229UgLKJfLuK77VwI+PikjE6CqKmNjYzJdSPPvxQFVVT2HaD8JVVX5fKzdcEZWLpe5vb39cYd8ADc3Nw1nZB4B8XicdDpNPp+PJCi1wnEcUqkUmUzGk68IISp8uitRqVSoVqth+ueLJntIdtNZ6Kv9nZ9E21\/20IASbXzd5j\/MIQu2KoJrJwAAAABJRU5ErkJggg=='); background-size: 14px 14px; background-color: #000000; position: absolute; opacity: 1; z-index: 86753099; display: none; cursor: pointer; border: none; border-top-left-radius: 3px; border-top-right-radius: 3px; border-bottom-right-radius: 3px; border-bottom-left-radius: 3px; text-indent: 20px; padding: 0px 4px 0px 0px; text-align: center; font-style: normal; font-variant-caps: normal; font-weight: bold; font-stretch: normal; font-size: 11px; line-height: 20px; font-family: 'Helvetica Neue', Helvetica, sans-serif; color: #ffffff; text-transform: capitalize; -webkit-font-smoothing: antialiased; top: 1397px; left: 563px; background-position: 3px 50%; background-repeat: no-repeat no-repeat;\">plan it<\/button><\/p>\n","protected":false},"excerpt":{"rendered":"<p>Le Mexique est un pays unique qui a beaucoup \u00e0 offrir. Venez avec nous sur cette visite priv\u00e9e d&#8217;Ixtapa et Zihuatanejo et courez la chance de visiter deux villes incroyables avec une \u00e9quipe professionnelle.<\/p>\n","protected":false},"featured_media":89552,"comment_status":"open","ping_status":"closed","template":"","meta":{"_acf_changed":false},"product_brand":[],"product_cat":[3727,3833],"product_tag":[],"class_list":{"0":"post-104484","1":"product","2":"type-product","3":"status-publish","4":"has-post-thumbnail","6":"product_cat-mexique-fr","7":"product_cat-ixtapa-fr","9":"first","10":"instock","11":"shipping-taxable","12":"purchasable","13":"product-type-simple"},"acf":[],"yoast_head":"<!-- This site is optimized with the Yoast SEO Premium plugin v25.3.1 (Yoast SEO v25.3.1) - https:\/\/yoast.com\/wordpress\/plugins\/seo\/ -->\n<title>Visite priv\u00e9e d&#039;Ixtapa et Zihuatanejo avec un guide local<\/title>\n<meta name=\"description\" content=\"Profitez au maximum de vos journ\u00e9es au Mexique et venez avec nous pour cette visite priv\u00e9e d&#039;Ixtapa et Zihuatanejo confortablement dans un v\u00e9hicule priv\u00e9.\" \/>\n<meta name=\"robots\" content=\"index, follow, max-snippet:-1, max-image-preview:large, max-video-preview:-1\" \/>\n<link rel=\"canonical\" href=\"https:\/\/tourtravelandmore.com\/fr\/tours\/mexique-fr\/ixtapa-fr\/visite-privee-dixtapa-et-zihuatanejo\/\" \/>\n<meta property=\"og:locale\" content=\"fr_FR\" \/>\n<meta property=\"og:type\" content=\"article\" \/>\n<meta property=\"og:title\" content=\"Visite priv\u00e9e d&#039;Ixtapa et Zihuatanejo\" \/>\n<meta property=\"og:description\" content=\"Profitez au maximum de vos journ\u00e9es au Mexique et venez avec nous pour cette visite priv\u00e9e d&#039;Ixtapa et Zihuatanejo confortablement dans un v\u00e9hicule priv\u00e9.\" \/>\n<meta property=\"og:url\" content=\"https:\/\/tourtravelandmore.com\/fr\/tours\/mexique-fr\/ixtapa-fr\/visite-privee-dixtapa-et-zihuatanejo\/\" \/>\n<meta property=\"og:site_name\" content=\"Tour Travel And More\" \/>\n<meta property=\"article:publisher\" content=\"https:\/\/www.facebook.com\/tourtravelandmore\/\" \/>\n<meta property=\"article:modified_time\" content=\"2021-03-19T10:46:28+00:00\" \/>\n<meta property=\"og:image\" content=\"https:\/\/tourtravelandmore.com\/wp-content\/uploads\/2020\/12\/ixtapa-3-scaled.jpg\" \/>\n\t<meta property=\"og:image:width\" content=\"2560\" \/>\n\t<meta property=\"og:image:height\" content=\"1924\" \/>\n\t<meta property=\"og:image:type\" content=\"image\/jpeg\" \/>\n<meta name=\"twitter:card\" content=\"summary_large_image\" \/>\n<meta name=\"twitter:site\" content=\"@TourTravel_More\" \/>\n<meta name=\"twitter:label1\" content=\"Dur\u00e9e de lecture estim\u00e9e\" \/>\n\t<meta name=\"twitter:data1\" content=\"2 minutes\" \/>\n<script type=\"application\/ld+json\" class=\"yoast-schema-graph\">{\"@context\":\"https:\/\/schema.org\",\"@graph\":[{\"@type\":\"WebPage\",\"@id\":\"https:\/\/tourtravelandmore.com\/fr\/tours\/mexique-fr\/ixtapa-fr\/visite-privee-dixtapa-et-zihuatanejo\/\",\"url\":\"https:\/\/tourtravelandmore.com\/fr\/tours\/mexique-fr\/ixtapa-fr\/visite-privee-dixtapa-et-zihuatanejo\/\",\"name\":\"Visite priv\u00e9e d'Ixtapa et Zihuatanejo avec un guide local\",\"isPartOf\":{\"@id\":\"https:\/\/tourtravelandmore.com\/fr\/#website\"},\"primaryImageOfPage\":{\"@id\":\"https:\/\/tourtravelandmore.com\/fr\/tours\/mexique-fr\/ixtapa-fr\/visite-privee-dixtapa-et-zihuatanejo\/#primaryimage\"},\"image\":{\"@id\":\"https:\/\/tourtravelandmore.com\/fr\/tours\/mexique-fr\/ixtapa-fr\/visite-privee-dixtapa-et-zihuatanejo\/#primaryimage\"},\"thumbnailUrl\":\"https:\/\/tourtravelandmore.com\/wp-content\/uploads\/2020\/12\/ixtapa-3-scaled.jpg\",\"datePublished\":\"2020-12-15T08:11:52+00:00\",\"dateModified\":\"2021-03-19T10:46:28+00:00\",\"description\":\"Profitez au maximum de vos journ\u00e9es au Mexique et venez avec nous pour cette visite priv\u00e9e d'Ixtapa et Zihuatanejo confortablement dans un v\u00e9hicule priv\u00e9.\",\"breadcrumb\":{\"@id\":\"https:\/\/tourtravelandmore.com\/fr\/tours\/mexique-fr\/ixtapa-fr\/visite-privee-dixtapa-et-zihuatanejo\/#breadcrumb\"},\"inLanguage\":\"fr-FR\",\"potentialAction\":[{\"@type\":\"ReadAction\",\"target\":[\"https:\/\/tourtravelandmore.com\/fr\/tours\/mexique-fr\/ixtapa-fr\/visite-privee-dixtapa-et-zihuatanejo\/\"]}]},{\"@type\":\"ImageObject\",\"inLanguage\":\"fr-FR\",\"@id\":\"https:\/\/tourtravelandmore.com\/fr\/tours\/mexique-fr\/ixtapa-fr\/visite-privee-dixtapa-et-zihuatanejo\/#primaryimage\",\"url\":\"https:\/\/tourtravelandmore.com\/wp-content\/uploads\/2020\/12\/ixtapa-3-scaled.jpg\",\"contentUrl\":\"https:\/\/tourtravelandmore.com\/wp-content\/uploads\/2020\/12\/ixtapa-3-scaled.jpg\",\"width\":2560,\"height\":1924},{\"@type\":\"BreadcrumbList\",\"@id\":\"https:\/\/tourtravelandmore.com\/fr\/tours\/mexique-fr\/ixtapa-fr\/visite-privee-dixtapa-et-zihuatanejo\/#breadcrumb\",\"itemListElement\":[{\"@type\":\"ListItem\",\"position\":1,\"name\":\"Home\",\"item\":\"https:\/\/tourtravelandmore.com\/fr\/\"},{\"@type\":\"ListItem\",\"position\":2,\"name\":\"Tours\",\"item\":\"https:\/\/tourtravelandmore.com\/fr\/tours\/\"},{\"@type\":\"ListItem\",\"position\":3,\"name\":\"Visite priv\u00e9e d&#8217;Ixtapa et Zihuatanejo\"}]},{\"@type\":\"WebSite\",\"@id\":\"https:\/\/tourtravelandmore.com\/fr\/#website\",\"url\":\"https:\/\/tourtravelandmore.com\/fr\/\",\"name\":\"Tour Travel And More\",\"description\":\"Private sightseeing tours and luxury transfers in Spain\",\"publisher\":{\"@id\":\"https:\/\/tourtravelandmore.com\/fr\/#organization\"},\"potentialAction\":[{\"@type\":\"SearchAction\",\"target\":{\"@type\":\"EntryPoint\",\"urlTemplate\":\"https:\/\/tourtravelandmore.com\/fr\/?s={search_term_string}\"},\"query-input\":{\"@type\":\"PropertyValueSpecification\",\"valueRequired\":true,\"valueName\":\"search_term_string\"}}],\"inLanguage\":\"fr-FR\"},{\"@type\":\"Organization\",\"@id\":\"https:\/\/tourtravelandmore.com\/fr\/#organization\",\"name\":\"Tour Travel And More\",\"url\":\"https:\/\/tourtravelandmore.com\/fr\/\",\"logo\":{\"@type\":\"ImageObject\",\"inLanguage\":\"fr-FR\",\"@id\":\"https:\/\/tourtravelandmore.com\/fr\/#\/schema\/logo\/image\/\",\"url\":\"https:\/\/tourtravelandmore.com\/wp-content\/uploads\/2022\/12\/cropped-logo-cabecera-new.png\",\"contentUrl\":\"https:\/\/tourtravelandmore.com\/wp-content\/uploads\/2022\/12\/cropped-logo-cabecera-new.png\",\"width\":430,\"height\":61,\"caption\":\"Tour Travel And More\"},\"image\":{\"@id\":\"https:\/\/tourtravelandmore.com\/fr\/#\/schema\/logo\/image\/\"},\"sameAs\":[\"https:\/\/www.facebook.com\/tourtravelandmore\/\",\"https:\/\/x.com\/TourTravel_More\"]}]}<\/script>\n<!-- \/ Yoast SEO Premium plugin. -->","yoast_head_json":{"title":"Visite priv\u00e9e d'Ixtapa et Zihuatanejo avec un guide local","description":"Profitez au maximum de vos journ\u00e9es au Mexique et venez avec nous pour cette visite priv\u00e9e d'Ixtapa et Zihuatanejo confortablement dans un v\u00e9hicule priv\u00e9.","robots":{"index":"index","follow":"follow","max-snippet":"max-snippet:-1","max-image-preview":"max-image-preview:large","max-video-preview":"max-video-preview:-1"},"canonical":"https:\/\/tourtravelandmore.com\/fr\/tours\/mexique-fr\/ixtapa-fr\/visite-privee-dixtapa-et-zihuatanejo\/","og_locale":"fr_FR","og_type":"article","og_title":"Visite priv\u00e9e d'Ixtapa et Zihuatanejo","og_description":"Profitez au maximum de vos journ\u00e9es au Mexique et venez avec nous pour cette visite priv\u00e9e d'Ixtapa et Zihuatanejo confortablement dans un v\u00e9hicule priv\u00e9.","og_url":"https:\/\/tourtravelandmore.com\/fr\/tours\/mexique-fr\/ixtapa-fr\/visite-privee-dixtapa-et-zihuatanejo\/","og_site_name":"Tour Travel And More","article_publisher":"https:\/\/www.facebook.com\/tourtravelandmore\/","article_modified_time":"2021-03-19T10:46:28+00:00","og_image":[{"width":2560,"height":1924,"url":"https:\/\/tourtravelandmore.com\/wp-content\/uploads\/2020\/12\/ixtapa-3-scaled.jpg","type":"image\/jpeg"}],"twitter_card":"summary_large_image","twitter_site":"@TourTravel_More","twitter_misc":{"Dur\u00e9e de lecture estim\u00e9e":"2 minutes"},"schema":{"@context":"https:\/\/schema.org","@graph":[{"@type":"WebPage","@id":"https:\/\/tourtravelandmore.com\/fr\/tours\/mexique-fr\/ixtapa-fr\/visite-privee-dixtapa-et-zihuatanejo\/","url":"https:\/\/tourtravelandmore.com\/fr\/tours\/mexique-fr\/ixtapa-fr\/visite-privee-dixtapa-et-zihuatanejo\/","name":"Visite priv\u00e9e d'Ixtapa et Zihuatanejo avec un guide local","isPartOf":{"@id":"https:\/\/tourtravelandmore.com\/fr\/#website"},"primaryImageOfPage":{"@id":"https:\/\/tourtravelandmore.com\/fr\/tours\/mexique-fr\/ixtapa-fr\/visite-privee-dixtapa-et-zihuatanejo\/#primaryimage"},"image":{"@id":"https:\/\/tourtravelandmore.com\/fr\/tours\/mexique-fr\/ixtapa-fr\/visite-privee-dixtapa-et-zihuatanejo\/#primaryimage"},"thumbnailUrl":"https:\/\/tourtravelandmore.com\/wp-content\/uploads\/2020\/12\/ixtapa-3-scaled.jpg","datePublished":"2020-12-15T08:11:52+00:00","dateModified":"2021-03-19T10:46:28+00:00","description":"Profitez au maximum de vos journ\u00e9es au Mexique et venez avec nous pour cette visite priv\u00e9e d'Ixtapa et Zihuatanejo confortablement dans un v\u00e9hicule priv\u00e9.","breadcrumb":{"@id":"https:\/\/tourtravelandmore.com\/fr\/tours\/mexique-fr\/ixtapa-fr\/visite-privee-dixtapa-et-zihuatanejo\/#breadcrumb"},"inLanguage":"fr-FR","potentialAction":[{"@type":"ReadAction","target":["https:\/\/tourtravelandmore.com\/fr\/tours\/mexique-fr\/ixtapa-fr\/visite-privee-dixtapa-et-zihuatanejo\/"]}]},{"@type":"ImageObject","inLanguage":"fr-FR","@id":"https:\/\/tourtravelandmore.com\/fr\/tours\/mexique-fr\/ixtapa-fr\/visite-privee-dixtapa-et-zihuatanejo\/#primaryimage","url":"https:\/\/tourtravelandmore.com\/wp-content\/uploads\/2020\/12\/ixtapa-3-scaled.jpg","contentUrl":"https:\/\/tourtravelandmore.com\/wp-content\/uploads\/2020\/12\/ixtapa-3-scaled.jpg","width":2560,"height":1924},{"@type":"BreadcrumbList","@id":"https:\/\/tourtravelandmore.com\/fr\/tours\/mexique-fr\/ixtapa-fr\/visite-privee-dixtapa-et-zihuatanejo\/#breadcrumb","itemListElement":[{"@type":"ListItem","position":1,"name":"Home","item":"https:\/\/tourtravelandmore.com\/fr\/"},{"@type":"ListItem","position":2,"name":"Tours","item":"https:\/\/tourtravelandmore.com\/fr\/tours\/"},{"@type":"ListItem","position":3,"name":"Visite priv\u00e9e d&#8217;Ixtapa et Zihuatanejo"}]},{"@type":"WebSite","@id":"https:\/\/tourtravelandmore.com\/fr\/#website","url":"https:\/\/tourtravelandmore.com\/fr\/","name":"Tour Travel And More","description":"Private sightseeing tours and luxury transfers in Spain","publisher":{"@id":"https:\/\/tourtravelandmore.com\/fr\/#organization"},"potentialAction":[{"@type":"SearchAction","target":{"@type":"EntryPoint","urlTemplate":"https:\/\/tourtravelandmore.com\/fr\/?s={search_term_string}"},"query-input":{"@type":"PropertyValueSpecification","valueRequired":true,"valueName":"search_term_string"}}],"inLanguage":"fr-FR"},{"@type":"Organization","@id":"https:\/\/tourtravelandmore.com\/fr\/#organization","name":"Tour Travel And More","url":"https:\/\/tourtravelandmore.com\/fr\/","logo":{"@type":"ImageObject","inLanguage":"fr-FR","@id":"https:\/\/tourtravelandmore.com\/fr\/#\/schema\/logo\/image\/","url":"https:\/\/tourtravelandmore.com\/wp-content\/uploads\/2022\/12\/cropped-logo-cabecera-new.png","contentUrl":"https:\/\/tourtravelandmore.com\/wp-content\/uploads\/2022\/12\/cropped-logo-cabecera-new.png","width":430,"height":61,"caption":"Tour Travel And More"},"image":{"@id":"https:\/\/tourtravelandmore.com\/fr\/#\/schema\/logo\/image\/"},"sameAs":["https:\/\/www.facebook.com\/tourtravelandmore\/","https:\/\/x.com\/TourTravel_More"]}]}},"_links":{"self":[{"href":"https:\/\/tourtravelandmore.com\/fr\/wp-json\/wp\/v2\/product\/104484","targetHints":{"allow":["GET"]}}],"collection":[{"href":"https:\/\/tourtravelandmore.com\/fr\/wp-json\/wp\/v2\/product"}],"about":[{"href":"https:\/\/tourtravelandmore.com\/fr\/wp-json\/wp\/v2\/types\/product"}],"replies":[{"embeddable":true,"href":"https:\/\/tourtravelandmore.com\/fr\/wp-json\/wp\/v2\/comments?post=104484"}],"wp:featuredmedia":[{"embeddable":true,"href":"https:\/\/tourtravelandmore.com\/fr\/wp-json\/wp\/v2\/media\/89552"}],"wp:attachment":[{"href":"https:\/\/tourtravelandmore.com\/fr\/wp-json\/wp\/v2\/media?parent=104484"}],"wp:term":[{"taxonomy":"product_brand","embeddable":true,"href":"https:\/\/tourtravelandmore.com\/fr\/wp-json\/wp\/v2\/product_brand?post=104484"},{"taxonomy":"product_cat","embeddable":true,"href":"https:\/\/tourtravelandmore.com\/fr\/wp-json\/wp\/v2\/product_cat?post=104484"},{"taxonomy":"product_tag","embeddable":true,"href":"https:\/\/tourtravelandmore.com\/fr\/wp-json\/wp\/v2\/product_tag?post=104484"}],"curies":[{"name":"wp","href":"https:\/\/api.w.org\/{rel}","templated":true}]}}