{"id":104461,"date":"2019-02-08T16:26:59","date_gmt":"2019-02-08T15:26:59","guid":{"rendered":"https:\/\/tourtravelandmore.com\/tours\/non%20class\u00e9\/visite-privee-de-marrakech-au-depart-de-casablanca\/"},"modified":"2021-03-19T11:36:19","modified_gmt":"2021-03-19T10:36:19","slug":"visite-privee-de-marrakech-au-depart-de-casablanca","status":"publish","type":"product","link":"https:\/\/tourtravelandmore.com\/fr\/tours\/maroc-fr\/casablanca-fr\/visite-privee-de-marrakech-au-depart-de-casablanca\/","title":{"rendered":"Visite priv\u00e9e de Marrakech au d\u00e9part de Casablanca"},"content":{"rendered":"<h2>Description:<\/h2>\n<p>Profitez de cette visite priv\u00e9e de Marrakech au d\u00e9part de Casablanca avec votre guide priv\u00e9 officiel et d\u00e9couvrez la merveilleuse ville antique de Marrakech.<\/p>\n<p>Laissez-nous organiser une prise en charge priv\u00e9e de Casablanca. Une fois que nous avons quitt\u00e9 Casablanca avec notre chauffeur, nous nous dirigerons vers Marrakech. Une fois que nous nous sommes rencontr\u00e9s \u00e0 Marrakech, vous rencontrerez votre guide.<\/p>\n<p>Tout d&#8217;abord, nous commencerons la visite priv\u00e9e par la visite des tombeaux saadiens du 16\u00e8me si\u00e8cle o\u00f9 en plus de conna\u00eetre son incroyable beaut\u00e9. Nous pourrons conna\u00eetre le lieu o\u00f9 sont enterr\u00e9s de nombreux sultans et guerriers.<\/p>\n<p>Ensuite, nous marcherons dans les rues de la ville remplies de touristes de nombreuses motos jusqu&#8217;\u00e0 ce que nous atteignions le palais de la Bahia, o\u00f9 vivait le sultan.<\/p>\n<p>Nous continuerons notre visite avec le quartier juif, le march\u00e9 aux puces de la Kasbah et la Plaza Bad\u00eda. Ensuite, nous arriverons au Grand Souk de Marrakech, l&#8217;un des sites les plus impressionnants de la ville. Pour terminer la visite, aventurez-vous sur la place la plus importante de Marrakech, Jemaa el Fna, situ\u00e9e au centre de la ville, o\u00f9 vous pourrez d\u00e9guster le c\u00e9l\u00e8bre jus d&#8217;orange ou prendre des photos avec les c\u00e9l\u00e8bres serpents.<\/p>\n<p>Enfin, demandez \u00e0 notre chauffeur priv\u00e9 de vous ramener \u00e0 l&#8217;endroit de votre choix \u00e0 Casablanca.<\/p>\n<h2>Sites d&#8217;int\u00e9r\u00eat et monuments<\/h2>\n<p>La visite priv\u00e9e de Marrakech au d\u00e9part de Casablanca d\u00e9butera par la prise en charge \u00e0 votre h\u00f4tel ou riad en v\u00e9hicule priv\u00e9 avec chauffeur pour se rendre \u00e0 Marrakech. Votre guide vous emm\u00e8nera \u00e0 travers les points les plus embl\u00e9matiques de la m\u00e9dina et du reste de la ville convertie en capitale et en centre \u00e9conomique, politique et culturel des nomades almoravides.<\/p>\n<p>Entre autres monuments et sites touristiques, vous pouvez apprendre \u00e0 conna\u00eetre:<\/p>\n<ul>\n<li>Mosqu\u00e9e de la Koutoubia<\/li>\n<li>Bab Agnaou<\/li>\n<li>Palais de la Bahia<\/li>\n<li>Le Badi<\/li>\n<li>Beaucoup plus!<\/li>\n<\/ul>\n<p>Ne manquez pas l&#8217;une de nos visites priv\u00e9es que nous proposons \u00e0 Casablanca ou au Maroc!<\/p>\n","protected":false},"excerpt":{"rendered":"<p>Rejoignez-nous pour cette excursion priv\u00e9e d&#8217;une journ\u00e9e \u00e0 Marrakech au d\u00e9part de Casablanca, o\u00f9 vous pourrez visiter l&#8217;une des quatre villes imp\u00e9riales. Avec cette visite priv\u00e9e, vous pourrez vous aventurer dans la m\u00e9dina de Marrakech et le reste des lieux les plus embl\u00e9matiques de cette ville o\u00f9 vous pourrez explorer des ann\u00e9es de culture historique avec votre guide officiel priv\u00e9.<\/p>\n","protected":false},"featured_media":95547,"comment_status":"open","ping_status":"closed","template":"","meta":{"_acf_changed":false},"product_brand":[],"product_cat":[3726,3819],"product_tag":[],"class_list":{"0":"post-104461","1":"product","2":"type-product","3":"status-publish","4":"has-post-thumbnail","6":"product_cat-maroc-fr","7":"product_cat-casablanca-fr","9":"first","10":"instock","11":"shipping-taxable","12":"purchasable","13":"product-type-simple"},"acf":[],"yoast_head":"<!-- This site is optimized with the Yoast SEO Premium plugin v25.3.1 (Yoast SEO v25.3.1) - https:\/\/yoast.com\/wordpress\/plugins\/seo\/ -->\n<title>Visite priv\u00e9e de Marrakech au d\u00e9part de Casablanca avec guide officiel<\/title>\n<meta name=\"description\" content=\"Profitez de cette visite priv\u00e9e de Marrakech au d\u00e9part de Casablanca avec un guide local et exp\u00e9riment\u00e9 et un v\u00e9hicule priv\u00e9 avec chauffeur.\" \/>\n<meta name=\"robots\" content=\"index, follow, max-snippet:-1, max-image-preview:large, max-video-preview:-1\" \/>\n<link rel=\"canonical\" href=\"https:\/\/tourtravelandmore.com\/fr\/tours\/maroc-fr\/casablanca-fr\/visite-privee-de-marrakech-au-depart-de-casablanca\/\" \/>\n<meta property=\"og:locale\" content=\"fr_FR\" \/>\n<meta property=\"og:type\" content=\"article\" \/>\n<meta property=\"og:title\" content=\"Visite priv\u00e9e de Marrakech au d\u00e9part de Casablanca\" \/>\n<meta property=\"og:description\" content=\"Profitez de cette visite priv\u00e9e de Marrakech au d\u00e9part de Casablanca avec un guide local et exp\u00e9riment\u00e9 et un v\u00e9hicule priv\u00e9 avec chauffeur.\" \/>\n<meta property=\"og:url\" content=\"https:\/\/tourtravelandmore.com\/fr\/tours\/maroc-fr\/casablanca-fr\/visite-privee-de-marrakech-au-depart-de-casablanca\/\" \/>\n<meta property=\"og:site_name\" content=\"Tour Travel And More\" \/>\n<meta property=\"article:publisher\" content=\"https:\/\/www.facebook.com\/tourtravelandmore\/\" \/>\n<meta property=\"article:modified_time\" content=\"2021-03-19T10:36:19+00:00\" \/>\n<meta property=\"og:image\" content=\"https:\/\/tourtravelandmore.com\/wp-content\/uploads\/2019\/02\/Marrakech_2009_Bab_Agnaou_Gate_LL-1024x755.jpg\" \/>\n\t<meta property=\"og:image:width\" content=\"1024\" \/>\n\t<meta property=\"og:image:height\" content=\"755\" \/>\n\t<meta property=\"og:image:type\" content=\"image\/jpeg\" \/>\n<meta name=\"twitter:card\" content=\"summary_large_image\" \/>\n<meta name=\"twitter:site\" content=\"@TourTravel_More\" \/>\n<meta name=\"twitter:label1\" content=\"Dur\u00e9e de lecture estim\u00e9e\" \/>\n\t<meta name=\"twitter:data1\" content=\"2 minutes\" \/>\n<script type=\"application\/ld+json\" class=\"yoast-schema-graph\">{\"@context\":\"https:\/\/schema.org\",\"@graph\":[{\"@type\":\"WebPage\",\"@id\":\"https:\/\/tourtravelandmore.com\/fr\/tours\/maroc-fr\/casablanca-fr\/visite-privee-de-marrakech-au-depart-de-casablanca\/\",\"url\":\"https:\/\/tourtravelandmore.com\/fr\/tours\/maroc-fr\/casablanca-fr\/visite-privee-de-marrakech-au-depart-de-casablanca\/\",\"name\":\"Visite priv\u00e9e de Marrakech au d\u00e9part de Casablanca avec guide officiel\",\"isPartOf\":{\"@id\":\"https:\/\/tourtravelandmore.com\/fr\/#website\"},\"primaryImageOfPage\":{\"@id\":\"https:\/\/tourtravelandmore.com\/fr\/tours\/maroc-fr\/casablanca-fr\/visite-privee-de-marrakech-au-depart-de-casablanca\/#primaryimage\"},\"image\":{\"@id\":\"https:\/\/tourtravelandmore.com\/fr\/tours\/maroc-fr\/casablanca-fr\/visite-privee-de-marrakech-au-depart-de-casablanca\/#primaryimage\"},\"thumbnailUrl\":\"https:\/\/tourtravelandmore.com\/wp-content\/uploads\/2019\/02\/Marrakech_2009_Bab_Agnaou_Gate_LL.jpg\",\"datePublished\":\"2019-02-08T15:26:59+00:00\",\"dateModified\":\"2021-03-19T10:36:19+00:00\",\"description\":\"Profitez de cette visite priv\u00e9e de Marrakech au d\u00e9part de Casablanca avec un guide local et exp\u00e9riment\u00e9 et un v\u00e9hicule priv\u00e9 avec chauffeur.\",\"breadcrumb\":{\"@id\":\"https:\/\/tourtravelandmore.com\/fr\/tours\/maroc-fr\/casablanca-fr\/visite-privee-de-marrakech-au-depart-de-casablanca\/#breadcrumb\"},\"inLanguage\":\"fr-FR\",\"potentialAction\":[{\"@type\":\"ReadAction\",\"target\":[\"https:\/\/tourtravelandmore.com\/fr\/tours\/maroc-fr\/casablanca-fr\/visite-privee-de-marrakech-au-depart-de-casablanca\/\"]}]},{\"@type\":\"ImageObject\",\"inLanguage\":\"fr-FR\",\"@id\":\"https:\/\/tourtravelandmore.com\/fr\/tours\/maroc-fr\/casablanca-fr\/visite-privee-de-marrakech-au-depart-de-casablanca\/#primaryimage\",\"url\":\"https:\/\/tourtravelandmore.com\/wp-content\/uploads\/2019\/02\/Marrakech_2009_Bab_Agnaou_Gate_LL.jpg\",\"contentUrl\":\"https:\/\/tourtravelandmore.com\/wp-content\/uploads\/2019\/02\/Marrakech_2009_Bab_Agnaou_Gate_LL.jpg\",\"width\":4288,\"height\":3160},{\"@type\":\"BreadcrumbList\",\"@id\":\"https:\/\/tourtravelandmore.com\/fr\/tours\/maroc-fr\/casablanca-fr\/visite-privee-de-marrakech-au-depart-de-casablanca\/#breadcrumb\",\"itemListElement\":[{\"@type\":\"ListItem\",\"position\":1,\"name\":\"Home\",\"item\":\"https:\/\/tourtravelandmore.com\/fr\/\"},{\"@type\":\"ListItem\",\"position\":2,\"name\":\"Tours\",\"item\":\"https:\/\/tourtravelandmore.com\/fr\/tours\/\"},{\"@type\":\"ListItem\",\"position\":3,\"name\":\"Visite priv\u00e9e de Marrakech au d\u00e9part de Casablanca\"}]},{\"@type\":\"WebSite\",\"@id\":\"https:\/\/tourtravelandmore.com\/fr\/#website\",\"url\":\"https:\/\/tourtravelandmore.com\/fr\/\",\"name\":\"Tour Travel And More\",\"description\":\"Private sightseeing tours and luxury transfers in Spain\",\"publisher\":{\"@id\":\"https:\/\/tourtravelandmore.com\/fr\/#organization\"},\"potentialAction\":[{\"@type\":\"SearchAction\",\"target\":{\"@type\":\"EntryPoint\",\"urlTemplate\":\"https:\/\/tourtravelandmore.com\/fr\/?s={search_term_string}\"},\"query-input\":{\"@type\":\"PropertyValueSpecification\",\"valueRequired\":true,\"valueName\":\"search_term_string\"}}],\"inLanguage\":\"fr-FR\"},{\"@type\":\"Organization\",\"@id\":\"https:\/\/tourtravelandmore.com\/fr\/#organization\",\"name\":\"Tour Travel And More\",\"url\":\"https:\/\/tourtravelandmore.com\/fr\/\",\"logo\":{\"@type\":\"ImageObject\",\"inLanguage\":\"fr-FR\",\"@id\":\"https:\/\/tourtravelandmore.com\/fr\/#\/schema\/logo\/image\/\",\"url\":\"https:\/\/tourtravelandmore.com\/wp-content\/uploads\/2022\/12\/cropped-logo-cabecera-new.png\",\"contentUrl\":\"https:\/\/tourtravelandmore.com\/wp-content\/uploads\/2022\/12\/cropped-logo-cabecera-new.png\",\"width\":430,\"height\":61,\"caption\":\"Tour Travel And More\"},\"image\":{\"@id\":\"https:\/\/tourtravelandmore.com\/fr\/#\/schema\/logo\/image\/\"},\"sameAs\":[\"https:\/\/www.facebook.com\/tourtravelandmore\/\",\"https:\/\/x.com\/TourTravel_More\"]}]}<\/script>\n<!-- \/ Yoast SEO Premium plugin. -->","yoast_head_json":{"title":"Visite priv\u00e9e de Marrakech au d\u00e9part de Casablanca avec guide officiel","description":"Profitez de cette visite priv\u00e9e de Marrakech au d\u00e9part de Casablanca avec un guide local et exp\u00e9riment\u00e9 et un v\u00e9hicule priv\u00e9 avec chauffeur.","robots":{"index":"index","follow":"follow","max-snippet":"max-snippet:-1","max-image-preview":"max-image-preview:large","max-video-preview":"max-video-preview:-1"},"canonical":"https:\/\/tourtravelandmore.com\/fr\/tours\/maroc-fr\/casablanca-fr\/visite-privee-de-marrakech-au-depart-de-casablanca\/","og_locale":"fr_FR","og_type":"article","og_title":"Visite priv\u00e9e de Marrakech au d\u00e9part de Casablanca","og_description":"Profitez de cette visite priv\u00e9e de Marrakech au d\u00e9part de Casablanca avec un guide local et exp\u00e9riment\u00e9 et un v\u00e9hicule priv\u00e9 avec chauffeur.","og_url":"https:\/\/tourtravelandmore.com\/fr\/tours\/maroc-fr\/casablanca-fr\/visite-privee-de-marrakech-au-depart-de-casablanca\/","og_site_name":"Tour Travel And More","article_publisher":"https:\/\/www.facebook.com\/tourtravelandmore\/","article_modified_time":"2021-03-19T10:36:19+00:00","og_image":[{"width":1024,"height":755,"url":"https:\/\/tourtravelandmore.com\/wp-content\/uploads\/2019\/02\/Marrakech_2009_Bab_Agnaou_Gate_LL-1024x755.jpg","type":"image\/jpeg"}],"twitter_card":"summary_large_image","twitter_site":"@TourTravel_More","twitter_misc":{"Dur\u00e9e de lecture estim\u00e9e":"2 minutes"},"schema":{"@context":"https:\/\/schema.org","@graph":[{"@type":"WebPage","@id":"https:\/\/tourtravelandmore.com\/fr\/tours\/maroc-fr\/casablanca-fr\/visite-privee-de-marrakech-au-depart-de-casablanca\/","url":"https:\/\/tourtravelandmore.com\/fr\/tours\/maroc-fr\/casablanca-fr\/visite-privee-de-marrakech-au-depart-de-casablanca\/","name":"Visite priv\u00e9e de Marrakech au d\u00e9part de Casablanca avec guide officiel","isPartOf":{"@id":"https:\/\/tourtravelandmore.com\/fr\/#website"},"primaryImageOfPage":{"@id":"https:\/\/tourtravelandmore.com\/fr\/tours\/maroc-fr\/casablanca-fr\/visite-privee-de-marrakech-au-depart-de-casablanca\/#primaryimage"},"image":{"@id":"https:\/\/tourtravelandmore.com\/fr\/tours\/maroc-fr\/casablanca-fr\/visite-privee-de-marrakech-au-depart-de-casablanca\/#primaryimage"},"thumbnailUrl":"https:\/\/tourtravelandmore.com\/wp-content\/uploads\/2019\/02\/Marrakech_2009_Bab_Agnaou_Gate_LL.jpg","datePublished":"2019-02-08T15:26:59+00:00","dateModified":"2021-03-19T10:36:19+00:00","description":"Profitez de cette visite priv\u00e9e de Marrakech au d\u00e9part de Casablanca avec un guide local et exp\u00e9riment\u00e9 et un v\u00e9hicule priv\u00e9 avec chauffeur.","breadcrumb":{"@id":"https:\/\/tourtravelandmore.com\/fr\/tours\/maroc-fr\/casablanca-fr\/visite-privee-de-marrakech-au-depart-de-casablanca\/#breadcrumb"},"inLanguage":"fr-FR","potentialAction":[{"@type":"ReadAction","target":["https:\/\/tourtravelandmore.com\/fr\/tours\/maroc-fr\/casablanca-fr\/visite-privee-de-marrakech-au-depart-de-casablanca\/"]}]},{"@type":"ImageObject","inLanguage":"fr-FR","@id":"https:\/\/tourtravelandmore.com\/fr\/tours\/maroc-fr\/casablanca-fr\/visite-privee-de-marrakech-au-depart-de-casablanca\/#primaryimage","url":"https:\/\/tourtravelandmore.com\/wp-content\/uploads\/2019\/02\/Marrakech_2009_Bab_Agnaou_Gate_LL.jpg","contentUrl":"https:\/\/tourtravelandmore.com\/wp-content\/uploads\/2019\/02\/Marrakech_2009_Bab_Agnaou_Gate_LL.jpg","width":4288,"height":3160},{"@type":"BreadcrumbList","@id":"https:\/\/tourtravelandmore.com\/fr\/tours\/maroc-fr\/casablanca-fr\/visite-privee-de-marrakech-au-depart-de-casablanca\/#breadcrumb","itemListElement":[{"@type":"ListItem","position":1,"name":"Home","item":"https:\/\/tourtravelandmore.com\/fr\/"},{"@type":"ListItem","position":2,"name":"Tours","item":"https:\/\/tourtravelandmore.com\/fr\/tours\/"},{"@type":"ListItem","position":3,"name":"Visite priv\u00e9e de Marrakech au d\u00e9part de Casablanca"}]},{"@type":"WebSite","@id":"https:\/\/tourtravelandmore.com\/fr\/#website","url":"https:\/\/tourtravelandmore.com\/fr\/","name":"Tour Travel And More","description":"Private sightseeing tours and luxury transfers in Spain","publisher":{"@id":"https:\/\/tourtravelandmore.com\/fr\/#organization"},"potentialAction":[{"@type":"SearchAction","target":{"@type":"EntryPoint","urlTemplate":"https:\/\/tourtravelandmore.com\/fr\/?s={search_term_string}"},"query-input":{"@type":"PropertyValueSpecification","valueRequired":true,"valueName":"search_term_string"}}],"inLanguage":"fr-FR"},{"@type":"Organization","@id":"https:\/\/tourtravelandmore.com\/fr\/#organization","name":"Tour Travel And More","url":"https:\/\/tourtravelandmore.com\/fr\/","logo":{"@type":"ImageObject","inLanguage":"fr-FR","@id":"https:\/\/tourtravelandmore.com\/fr\/#\/schema\/logo\/image\/","url":"https:\/\/tourtravelandmore.com\/wp-content\/uploads\/2022\/12\/cropped-logo-cabecera-new.png","contentUrl":"https:\/\/tourtravelandmore.com\/wp-content\/uploads\/2022\/12\/cropped-logo-cabecera-new.png","width":430,"height":61,"caption":"Tour Travel And More"},"image":{"@id":"https:\/\/tourtravelandmore.com\/fr\/#\/schema\/logo\/image\/"},"sameAs":["https:\/\/www.facebook.com\/tourtravelandmore\/","https:\/\/x.com\/TourTravel_More"]}]}},"_links":{"self":[{"href":"https:\/\/tourtravelandmore.com\/fr\/wp-json\/wp\/v2\/product\/104461","targetHints":{"allow":["GET"]}}],"collection":[{"href":"https:\/\/tourtravelandmore.com\/fr\/wp-json\/wp\/v2\/product"}],"about":[{"href":"https:\/\/tourtravelandmore.com\/fr\/wp-json\/wp\/v2\/types\/product"}],"replies":[{"embeddable":true,"href":"https:\/\/tourtravelandmore.com\/fr\/wp-json\/wp\/v2\/comments?post=104461"}],"wp:featuredmedia":[{"embeddable":true,"href":"https:\/\/tourtravelandmore.com\/fr\/wp-json\/wp\/v2\/media\/95547"}],"wp:attachment":[{"href":"https:\/\/tourtravelandmore.com\/fr\/wp-json\/wp\/v2\/media?parent=104461"}],"wp:term":[{"taxonomy":"product_brand","embeddable":true,"href":"https:\/\/tourtravelandmore.com\/fr\/wp-json\/wp\/v2\/product_brand?post=104461"},{"taxonomy":"product_cat","embeddable":true,"href":"https:\/\/tourtravelandmore.com\/fr\/wp-json\/wp\/v2\/product_cat?post=104461"},{"taxonomy":"product_tag","embeddable":true,"href":"https:\/\/tourtravelandmore.com\/fr\/wp-json\/wp\/v2\/product_tag?post=104461"}],"curies":[{"name":"wp","href":"https:\/\/api.w.org\/{rel}","templated":true}]}}