{"id":104451,"date":"2019-02-07T17:26:35","date_gmt":"2019-02-07T16:26:35","guid":{"rendered":"https:\/\/tourtravelandmore.com\/tours\/non%20class\u00e9\/visite-a-pied-privee-de-casablanca\/"},"modified":"2021-03-19T11:33:40","modified_gmt":"2021-03-19T10:33:40","slug":"visite-a-pied-privee-de-casablanca","status":"publish","type":"product","link":"https:\/\/tourtravelandmore.com\/fr\/tours\/maroc-fr\/casablanca-fr\/visite-a-pied-privee-de-casablanca\/","title":{"rendered":"Visite \u00e0 pied priv\u00e9e de Casablanca"},"content":{"rendered":"<h2>Description:<\/h2>\n<p>La meilleure fa\u00e7on de conna\u00eetre une ville est de faire une visite priv\u00e9e \u00e0 pied. C&#8217;est pourquoi cette visite priv\u00e9e \u00e0 pied de Casablanca est parfaite.<\/p>\n<p>Profitez des sites les plus embl\u00e9matiques de Casablanca \u00e0 commencer par la mosqu\u00e9e Hassan II. Notre guide priv\u00e9 officiel nous racontera les histoires les plus int\u00e9ressantes, \u00e9tant la troisi\u00e8me plus grande mosqu\u00e9e du monde.<\/p>\n<p>Continuez avec la visite du c\u00e9l\u00e8bre Rick&#8217;s Cafe. Il a \u00e9t\u00e9 con\u00e7u pour recr\u00e9er le bar qui est devenu c\u00e9l\u00e8bre pour Humphrey Bogart et Ingrid Bergman dans le film classique Casablanca.<\/p>\n<p>Profitez de la visite de la tour Sqala o\u00f9 nous profiterons d&#8217;une vue sur l&#8217;oc\u00e9an Atlantique. Ensuite, nous arriverons \u00e0 pied \u00e0 la m\u00e9dina \u00e0 travers ses c\u00e9l\u00e8bres ruelles. Nous arriverons au quartier des Habous dot\u00e9 de nombreux stands vendant des v\u00eatements, des bijoux, des huiles et des savons par exemple.<\/p>\n<p>Pour terminer cette visite priv\u00e9e de la m\u00e9dina, nous visiterons plusieurs boulangeries et nous pourrons d\u00e9guster un d\u00e9licieux th\u00e9 marocain.<\/p>\n<p>Profitez de la flexibilit\u00e9 de cette visite o\u00f9 nous pouvons nous concentrer sur les lieux qui vous int\u00e9ressent le plus.<\/p>\n<h2>Sites d&#8217;int\u00e9r\u00eat et monuments<\/h2>\n<p>La visite priv\u00e9e \u00e0 pied de Casablanca commencera par la prise en charge \u00e0 votre h\u00f4tel ou riad. Tant qu&#8217;il est proche de la m\u00e9dina. Sinon, nous serons \u00e0 un point central.<\/p>\n<p>Votre guide vous guidera \u00e0 travers les points les plus embl\u00e9matiques de la m\u00e9dina. Ici, vous d\u00e9couvrirez des ann\u00e9es de patrimoine culturel marocain.<\/p>\n<ul>\n<li>Mosqu\u00e9e du roi Hassan II<\/li>\n<li>Secteur Habous<\/li>\n<li>Mahkama du Pacha<\/li>\n<li>Rick&#8217;s Cafe<\/li>\n<li>et beaucoup plus!<\/li>\n<\/ul>\n<p>Enfin, d\u00e9couvrez le meilleur du centre-ville et de la m\u00e9dina de Casablanca. Votre guide priv\u00e9 sera \u00e0 votre disposition pendant la visite priv\u00e9e de 4 heures.<\/p>\n<p>Jetez un \u0153il \u00e0 toutes les autres visites priv\u00e9es que nous proposons \u00e0 Casablanca.<\/p>\n","protected":false},"excerpt":{"rendered":"<p>Casablanca est l&#8217;une des plus belles villes du Maroc, et la meilleure fa\u00e7on de la visiter est avec notre visite priv\u00e9e \u00e0 pied d&#8217;une demi-journ\u00e9e dans laquelle vous pourrez profiter de la m\u00e9dina (vieille ville) de Casablanca. Votre guide officiel priv\u00e9 vous guidera \u00e0 travers tous les recoins de cette ville incroyable tout en vous plongeant dans sa fantastique histoire.<\/p>\n","protected":false},"featured_media":95540,"comment_status":"open","ping_status":"closed","template":"","meta":{"_acf_changed":false},"product_brand":[],"product_cat":[3726,3819],"product_tag":[],"class_list":{"0":"post-104451","1":"product","2":"type-product","3":"status-publish","4":"has-post-thumbnail","6":"product_cat-maroc-fr","7":"product_cat-casablanca-fr","9":"first","10":"instock","11":"shipping-taxable","12":"purchasable","13":"product-type-simple"},"acf":[],"yoast_head":"<!-- This site is optimized with the Yoast SEO Premium plugin v25.3.1 (Yoast SEO v25.3.1) - https:\/\/yoast.com\/wordpress\/plugins\/seo\/ -->\n<title>Visite priv\u00e9e \u00e0 pied de Casablanca \u00e0 Casablanca avec guide officiel<\/title>\n<meta name=\"description\" content=\"Profitez de cette visite priv\u00e9e \u00e0 pied de Casablanca avec un guide local et exp\u00e9riment\u00e9. Entr\u00e9es aux principaux sites de la m\u00e9dina incluses.\" \/>\n<meta name=\"robots\" content=\"index, follow, max-snippet:-1, max-image-preview:large, max-video-preview:-1\" \/>\n<link rel=\"canonical\" href=\"https:\/\/tourtravelandmore.com\/fr\/tours\/maroc-fr\/casablanca-fr\/visite-a-pied-privee-de-casablanca\/\" \/>\n<meta property=\"og:locale\" content=\"fr_FR\" \/>\n<meta property=\"og:type\" content=\"article\" \/>\n<meta property=\"og:title\" content=\"Visite \u00e0 pied priv\u00e9e de Casablanca\" \/>\n<meta property=\"og:description\" content=\"Profitez de cette visite priv\u00e9e \u00e0 pied de Casablanca avec un guide local et exp\u00e9riment\u00e9. Entr\u00e9es aux principaux sites de la m\u00e9dina incluses.\" \/>\n<meta property=\"og:url\" content=\"https:\/\/tourtravelandmore.com\/fr\/tours\/maroc-fr\/casablanca-fr\/visite-a-pied-privee-de-casablanca\/\" \/>\n<meta property=\"og:site_name\" content=\"Tour Travel And More\" \/>\n<meta property=\"article:publisher\" content=\"https:\/\/www.facebook.com\/tourtravelandmore\/\" \/>\n<meta property=\"article:modified_time\" content=\"2021-03-19T10:33:40+00:00\" \/>\n<meta property=\"og:image\" content=\"https:\/\/tourtravelandmore.com\/wp-content\/uploads\/2019\/02\/casablanca.jpg\" \/>\n\t<meta property=\"og:image:width\" content=\"1024\" \/>\n\t<meta property=\"og:image:height\" content=\"683\" \/>\n\t<meta property=\"og:image:type\" content=\"image\/jpeg\" \/>\n<meta name=\"twitter:card\" content=\"summary_large_image\" \/>\n<meta name=\"twitter:site\" content=\"@TourTravel_More\" \/>\n<meta name=\"twitter:label1\" content=\"Dur\u00e9e de lecture estim\u00e9e\" \/>\n\t<meta name=\"twitter:data1\" content=\"2 minutes\" \/>\n<script type=\"application\/ld+json\" class=\"yoast-schema-graph\">{\"@context\":\"https:\/\/schema.org\",\"@graph\":[{\"@type\":\"WebPage\",\"@id\":\"https:\/\/tourtravelandmore.com\/fr\/tours\/maroc-fr\/casablanca-fr\/visite-a-pied-privee-de-casablanca\/\",\"url\":\"https:\/\/tourtravelandmore.com\/fr\/tours\/maroc-fr\/casablanca-fr\/visite-a-pied-privee-de-casablanca\/\",\"name\":\"Visite priv\u00e9e \u00e0 pied de Casablanca \u00e0 Casablanca avec guide officiel\",\"isPartOf\":{\"@id\":\"https:\/\/tourtravelandmore.com\/fr\/#website\"},\"primaryImageOfPage\":{\"@id\":\"https:\/\/tourtravelandmore.com\/fr\/tours\/maroc-fr\/casablanca-fr\/visite-a-pied-privee-de-casablanca\/#primaryimage\"},\"image\":{\"@id\":\"https:\/\/tourtravelandmore.com\/fr\/tours\/maroc-fr\/casablanca-fr\/visite-a-pied-privee-de-casablanca\/#primaryimage\"},\"thumbnailUrl\":\"https:\/\/tourtravelandmore.com\/wp-content\/uploads\/2019\/02\/casablanca.jpg\",\"datePublished\":\"2019-02-07T16:26:35+00:00\",\"dateModified\":\"2021-03-19T10:33:40+00:00\",\"description\":\"Profitez de cette visite priv\u00e9e \u00e0 pied de Casablanca avec un guide local et exp\u00e9riment\u00e9. Entr\u00e9es aux principaux sites de la m\u00e9dina incluses.\",\"breadcrumb\":{\"@id\":\"https:\/\/tourtravelandmore.com\/fr\/tours\/maroc-fr\/casablanca-fr\/visite-a-pied-privee-de-casablanca\/#breadcrumb\"},\"inLanguage\":\"fr-FR\",\"potentialAction\":[{\"@type\":\"ReadAction\",\"target\":[\"https:\/\/tourtravelandmore.com\/fr\/tours\/maroc-fr\/casablanca-fr\/visite-a-pied-privee-de-casablanca\/\"]}]},{\"@type\":\"ImageObject\",\"inLanguage\":\"fr-FR\",\"@id\":\"https:\/\/tourtravelandmore.com\/fr\/tours\/maroc-fr\/casablanca-fr\/visite-a-pied-privee-de-casablanca\/#primaryimage\",\"url\":\"https:\/\/tourtravelandmore.com\/wp-content\/uploads\/2019\/02\/casablanca.jpg\",\"contentUrl\":\"https:\/\/tourtravelandmore.com\/wp-content\/uploads\/2019\/02\/casablanca.jpg\",\"width\":1024,\"height\":683},{\"@type\":\"BreadcrumbList\",\"@id\":\"https:\/\/tourtravelandmore.com\/fr\/tours\/maroc-fr\/casablanca-fr\/visite-a-pied-privee-de-casablanca\/#breadcrumb\",\"itemListElement\":[{\"@type\":\"ListItem\",\"position\":1,\"name\":\"Home\",\"item\":\"https:\/\/tourtravelandmore.com\/fr\/\"},{\"@type\":\"ListItem\",\"position\":2,\"name\":\"Tours\",\"item\":\"https:\/\/tourtravelandmore.com\/fr\/tours\/\"},{\"@type\":\"ListItem\",\"position\":3,\"name\":\"Visite \u00e0 pied priv\u00e9e de Casablanca\"}]},{\"@type\":\"WebSite\",\"@id\":\"https:\/\/tourtravelandmore.com\/fr\/#website\",\"url\":\"https:\/\/tourtravelandmore.com\/fr\/\",\"name\":\"Tour Travel And More\",\"description\":\"Private sightseeing tours and luxury transfers in Spain\",\"publisher\":{\"@id\":\"https:\/\/tourtravelandmore.com\/fr\/#organization\"},\"potentialAction\":[{\"@type\":\"SearchAction\",\"target\":{\"@type\":\"EntryPoint\",\"urlTemplate\":\"https:\/\/tourtravelandmore.com\/fr\/?s={search_term_string}\"},\"query-input\":{\"@type\":\"PropertyValueSpecification\",\"valueRequired\":true,\"valueName\":\"search_term_string\"}}],\"inLanguage\":\"fr-FR\"},{\"@type\":\"Organization\",\"@id\":\"https:\/\/tourtravelandmore.com\/fr\/#organization\",\"name\":\"Tour Travel And More\",\"url\":\"https:\/\/tourtravelandmore.com\/fr\/\",\"logo\":{\"@type\":\"ImageObject\",\"inLanguage\":\"fr-FR\",\"@id\":\"https:\/\/tourtravelandmore.com\/fr\/#\/schema\/logo\/image\/\",\"url\":\"https:\/\/tourtravelandmore.com\/wp-content\/uploads\/2022\/12\/cropped-logo-cabecera-new.png\",\"contentUrl\":\"https:\/\/tourtravelandmore.com\/wp-content\/uploads\/2022\/12\/cropped-logo-cabecera-new.png\",\"width\":430,\"height\":61,\"caption\":\"Tour Travel And More\"},\"image\":{\"@id\":\"https:\/\/tourtravelandmore.com\/fr\/#\/schema\/logo\/image\/\"},\"sameAs\":[\"https:\/\/www.facebook.com\/tourtravelandmore\/\",\"https:\/\/x.com\/TourTravel_More\"]}]}<\/script>\n<!-- \/ Yoast SEO Premium plugin. -->","yoast_head_json":{"title":"Visite priv\u00e9e \u00e0 pied de Casablanca \u00e0 Casablanca avec guide officiel","description":"Profitez de cette visite priv\u00e9e \u00e0 pied de Casablanca avec un guide local et exp\u00e9riment\u00e9. Entr\u00e9es aux principaux sites de la m\u00e9dina incluses.","robots":{"index":"index","follow":"follow","max-snippet":"max-snippet:-1","max-image-preview":"max-image-preview:large","max-video-preview":"max-video-preview:-1"},"canonical":"https:\/\/tourtravelandmore.com\/fr\/tours\/maroc-fr\/casablanca-fr\/visite-a-pied-privee-de-casablanca\/","og_locale":"fr_FR","og_type":"article","og_title":"Visite \u00e0 pied priv\u00e9e de Casablanca","og_description":"Profitez de cette visite priv\u00e9e \u00e0 pied de Casablanca avec un guide local et exp\u00e9riment\u00e9. Entr\u00e9es aux principaux sites de la m\u00e9dina incluses.","og_url":"https:\/\/tourtravelandmore.com\/fr\/tours\/maroc-fr\/casablanca-fr\/visite-a-pied-privee-de-casablanca\/","og_site_name":"Tour Travel And More","article_publisher":"https:\/\/www.facebook.com\/tourtravelandmore\/","article_modified_time":"2021-03-19T10:33:40+00:00","og_image":[{"width":1024,"height":683,"url":"https:\/\/tourtravelandmore.com\/wp-content\/uploads\/2019\/02\/casablanca.jpg","type":"image\/jpeg"}],"twitter_card":"summary_large_image","twitter_site":"@TourTravel_More","twitter_misc":{"Dur\u00e9e de lecture estim\u00e9e":"2 minutes"},"schema":{"@context":"https:\/\/schema.org","@graph":[{"@type":"WebPage","@id":"https:\/\/tourtravelandmore.com\/fr\/tours\/maroc-fr\/casablanca-fr\/visite-a-pied-privee-de-casablanca\/","url":"https:\/\/tourtravelandmore.com\/fr\/tours\/maroc-fr\/casablanca-fr\/visite-a-pied-privee-de-casablanca\/","name":"Visite priv\u00e9e \u00e0 pied de Casablanca \u00e0 Casablanca avec guide officiel","isPartOf":{"@id":"https:\/\/tourtravelandmore.com\/fr\/#website"},"primaryImageOfPage":{"@id":"https:\/\/tourtravelandmore.com\/fr\/tours\/maroc-fr\/casablanca-fr\/visite-a-pied-privee-de-casablanca\/#primaryimage"},"image":{"@id":"https:\/\/tourtravelandmore.com\/fr\/tours\/maroc-fr\/casablanca-fr\/visite-a-pied-privee-de-casablanca\/#primaryimage"},"thumbnailUrl":"https:\/\/tourtravelandmore.com\/wp-content\/uploads\/2019\/02\/casablanca.jpg","datePublished":"2019-02-07T16:26:35+00:00","dateModified":"2021-03-19T10:33:40+00:00","description":"Profitez de cette visite priv\u00e9e \u00e0 pied de Casablanca avec un guide local et exp\u00e9riment\u00e9. Entr\u00e9es aux principaux sites de la m\u00e9dina incluses.","breadcrumb":{"@id":"https:\/\/tourtravelandmore.com\/fr\/tours\/maroc-fr\/casablanca-fr\/visite-a-pied-privee-de-casablanca\/#breadcrumb"},"inLanguage":"fr-FR","potentialAction":[{"@type":"ReadAction","target":["https:\/\/tourtravelandmore.com\/fr\/tours\/maroc-fr\/casablanca-fr\/visite-a-pied-privee-de-casablanca\/"]}]},{"@type":"ImageObject","inLanguage":"fr-FR","@id":"https:\/\/tourtravelandmore.com\/fr\/tours\/maroc-fr\/casablanca-fr\/visite-a-pied-privee-de-casablanca\/#primaryimage","url":"https:\/\/tourtravelandmore.com\/wp-content\/uploads\/2019\/02\/casablanca.jpg","contentUrl":"https:\/\/tourtravelandmore.com\/wp-content\/uploads\/2019\/02\/casablanca.jpg","width":1024,"height":683},{"@type":"BreadcrumbList","@id":"https:\/\/tourtravelandmore.com\/fr\/tours\/maroc-fr\/casablanca-fr\/visite-a-pied-privee-de-casablanca\/#breadcrumb","itemListElement":[{"@type":"ListItem","position":1,"name":"Home","item":"https:\/\/tourtravelandmore.com\/fr\/"},{"@type":"ListItem","position":2,"name":"Tours","item":"https:\/\/tourtravelandmore.com\/fr\/tours\/"},{"@type":"ListItem","position":3,"name":"Visite \u00e0 pied priv\u00e9e de Casablanca"}]},{"@type":"WebSite","@id":"https:\/\/tourtravelandmore.com\/fr\/#website","url":"https:\/\/tourtravelandmore.com\/fr\/","name":"Tour Travel And More","description":"Private sightseeing tours and luxury transfers in Spain","publisher":{"@id":"https:\/\/tourtravelandmore.com\/fr\/#organization"},"potentialAction":[{"@type":"SearchAction","target":{"@type":"EntryPoint","urlTemplate":"https:\/\/tourtravelandmore.com\/fr\/?s={search_term_string}"},"query-input":{"@type":"PropertyValueSpecification","valueRequired":true,"valueName":"search_term_string"}}],"inLanguage":"fr-FR"},{"@type":"Organization","@id":"https:\/\/tourtravelandmore.com\/fr\/#organization","name":"Tour Travel And More","url":"https:\/\/tourtravelandmore.com\/fr\/","logo":{"@type":"ImageObject","inLanguage":"fr-FR","@id":"https:\/\/tourtravelandmore.com\/fr\/#\/schema\/logo\/image\/","url":"https:\/\/tourtravelandmore.com\/wp-content\/uploads\/2022\/12\/cropped-logo-cabecera-new.png","contentUrl":"https:\/\/tourtravelandmore.com\/wp-content\/uploads\/2022\/12\/cropped-logo-cabecera-new.png","width":430,"height":61,"caption":"Tour Travel And More"},"image":{"@id":"https:\/\/tourtravelandmore.com\/fr\/#\/schema\/logo\/image\/"},"sameAs":["https:\/\/www.facebook.com\/tourtravelandmore\/","https:\/\/x.com\/TourTravel_More"]}]}},"_links":{"self":[{"href":"https:\/\/tourtravelandmore.com\/fr\/wp-json\/wp\/v2\/product\/104451","targetHints":{"allow":["GET"]}}],"collection":[{"href":"https:\/\/tourtravelandmore.com\/fr\/wp-json\/wp\/v2\/product"}],"about":[{"href":"https:\/\/tourtravelandmore.com\/fr\/wp-json\/wp\/v2\/types\/product"}],"replies":[{"embeddable":true,"href":"https:\/\/tourtravelandmore.com\/fr\/wp-json\/wp\/v2\/comments?post=104451"}],"wp:featuredmedia":[{"embeddable":true,"href":"https:\/\/tourtravelandmore.com\/fr\/wp-json\/wp\/v2\/media\/95540"}],"wp:attachment":[{"href":"https:\/\/tourtravelandmore.com\/fr\/wp-json\/wp\/v2\/media?parent=104451"}],"wp:term":[{"taxonomy":"product_brand","embeddable":true,"href":"https:\/\/tourtravelandmore.com\/fr\/wp-json\/wp\/v2\/product_brand?post=104451"},{"taxonomy":"product_cat","embeddable":true,"href":"https:\/\/tourtravelandmore.com\/fr\/wp-json\/wp\/v2\/product_cat?post=104451"},{"taxonomy":"product_tag","embeddable":true,"href":"https:\/\/tourtravelandmore.com\/fr\/wp-json\/wp\/v2\/product_tag?post=104451"}],"curies":[{"name":"wp","href":"https:\/\/api.w.org\/{rel}","templated":true}]}}