{"id":104411,"date":"2020-12-01T12:01:15","date_gmt":"2020-12-01T11:01:15","guid":{"rendered":"https:\/\/tourtravelandmore.com\/tours\/non%20class\u00e9\/excursion-sur-la-cote-de-loregon-au-depart-de-portland\/"},"modified":"2021-03-18T21:01:44","modified_gmt":"2021-03-18T20:01:44","slug":"excursion-sur-la-cote-de-loregon-au-depart-de-portland","status":"publish","type":"product","link":"https:\/\/tourtravelandmore.com\/fr\/tours\/etats-unis-fr\/portland-fr\/excursion-sur-la-cote-de-loregon-au-depart-de-portland\/","title":{"rendered":"Excursion sur la c\u00f4te de l&#8217;Oregon au d\u00e9part de Portland"},"content":{"rendered":"<h2>Description:<\/h2>\n<p>C&#8217;est une excellente excursion d&#8217;une journ\u00e9e pour avoir une vue sur la c\u00f4te de l&#8217;Oregon. Cette excursion de la c\u00f4te de l&#8217;Oregon au d\u00e9part de Portland est une exp\u00e9rience d&#8217;une journ\u00e9e parfaite.<\/p>\n<p>La c\u00f4te de l&#8217;Oregon a plus de 300 miles de littoral public. Les plages sont incroyables et la formation rocheuse. Cela vous donnera une vue imprenable sur les paysages ainsi que des arr\u00eats photo \u00e0 couper le souffle sur la c\u00f4te de l&#8217;Oregon.<\/p>\n<p>Cette visite priv\u00e9e peut inclure de petites randonn\u00e9es si vous le souhaitez ou nous pouvons adapter la visite \u00e0 vos propres besoins.<\/p>\n<p>Tout d&#8217;abord, cette visite priv\u00e9e commencera \u00e0 partir de votre h\u00f4tel du centre-ville de Portland. Nous commencerons ensuite cette tourn\u00e9e de la c\u00f4te de l&#8217;Oregon! Notre chauffeur priv\u00e9 sera \u00e0 votre disposition pendant toute cette excursion d&#8217;une journ\u00e9e! Nous adapterons la visite \u00e0 vos propres besoins et ferons une exp\u00e9rience incroyable.<\/p>\n<h2>Sites d&#8217;int\u00e9r\u00eat et monuments<\/h2>\n<p>Tout d&#8217;abord, comme dit pr\u00e9c\u00e9demment, nous viendrons vous chercher \u00e0 votre h\u00f4tel \u00e0 Portland. Cela peut \u00eatre dans le centre-ville de Portland et cela peut \u00eatre dans un h\u00f4tel ou votre lieu de choix. Nous commencerons ensuite ce tour de la c\u00f4te de l&#8217;Oregon au d\u00e9part de Portland.<\/p>\n<p>Nous nous dirigerons ensuite vers les plus de 300 miles de c\u00f4te de l&#8217;Oregon. Nous nous dirigerons vers la Sunset Highway. Nous pouvons organiser des arr\u00eats en cours de route, par exemple vers la for\u00eat d&#8217;\u00e9pinettes de Sitka. Ici, nous pouvons trouver le premier aper\u00e7u de la c\u00f4te de l&#8217;Oregon. Cela comprendra le passage par Ecola State Park.<\/p>\n<p>En fonction du temps dont nous disposons, nous pouvons \u00e9galement repartir vers Indian Beach \u00e0 travers la for\u00eat.<\/p>\n<p>Ensuite, nous passerons par Cannon Beach. Voici une vue sur les belles formations rocheuses. Il y a une plage de sable o\u00f9 vous pouvez observer de beaux oiseaux qui encerclent le rocher. Nous pouvons \u00e9galement avoir une vue sur la faune marine.<\/p>\n<p>Ici, \u00e0 Cannon Beach, nous pouvons organiser l&#8217;arr\u00eat du d\u00e9jeuner.<\/p>\n<p>Apr\u00e8s cela, nous nous dirigerons vers la c\u00e9l\u00e8bre Pacific Coast Scenic Byway. C&#8217;est l&#8217;autoroute 101. Avec cette autoroute, nous profiterons de vues plus \u00e9tonnantes sur les rives c\u00f4ti\u00e8res.<\/p>\n<p>Nous pouvons \u00e9galement inclure d&#8217;autres emplacements en cours de route. Nous sommes l\u00e0 pour organiser une exp\u00e9rience parfaite pour vous. Contactez nos experts en voyages pour plus d&#8217;informations.<\/p>\n<p>Jetez un \u0153il \u00e0 nos autres visites priv\u00e9es \u00e0 Portland et dans le monde!<\/p>\n<p><button style=\"width: auto; height: auto; background-image: url('data:image\/png;base64,iVBORw0KGgoAAAANSUhEUgAAADAAAAAwCAYAAABXAvmHAAABS2lUWHRYTUw6Y29tLmFkb2JlLnhtcAAAAAAAPD94cGFja2V0IGJlZ2luPSLvu78iIGlkPSJXNU0wTXBDZWhpSHpyZVN6TlRjemtjOWQiPz4KPHg6eG1wbWV0YSB4bWxuczp4PSJhZG9iZTpuczptZXRhLyIgeDp4bXB0az0iQWRvYmUgWE1QIENvcmUgNS42LWMxMzggNzkuMTU5ODI0LCAyMDE2LzA5LzE0LTAxOjA5OjAxICAgICAgICAiPgogPHJkZjpSREYgeG1sbnM6cmRmPSJodHRwOi8vd3d3LnczLm9yZy8xOTk5LzAyLzIyLXJkZi1zeW50YXgtbnMjIj4KICA8cmRmOkRlc2NyaXB0aW9uIHJkZjphYm91dD0iIi8+CiA8L3JkZjpSREY+CjwveDp4bXBtZXRhPgo8P3hwYWNrZXQgZW5kPSJyIj8+IEmuOgAAAx5JREFUaIHtmj1L81wYx39JI75AbYtgBTFTRdQGXV2cxMlPICjiakHE0cVJB5FO4uLgN1AnZ\/0EgoLQtd6tL6hJIwia9DzDg6Wxpcb7hMTe+INCz+t1\/TnJuU7OOYoQ4g8Qpz2xFSGEiNoLGVTAjtoJCWw1ag9k0eoTQgg2NzcplUp0dHRE5VNTHMdB0zTy+TydnZ21fI8Ay7K4vr4ml8uRSqVCd7IVQgjW19cpFAoYhlHLbxiBTCbD9PR06A76YXx8HNd1PXmed0BRFBzHwTTNUB3zy\/v7O7FYzJPX9i\/xr4Co0b6u0prj42Pu7u5a1unp6UHXdSYmJkgmk7ImPUgLWFlZoVQq+aqbSCSYn59ne3ubRCIhaxoI4BHSdd13Xcuy2N\/fxzCML0fNL9IjoChK7f\/p6Smjo6MNdWzb5vz8nI2NDUzTpFgsMjMzw+Xlpax5eQH1TE5OMjAw0LQsm80yNzdHNpvFtm2urq44PDxkaWlJymags9D9\/X3Lcl3X2dnZqaX39vakbYY+jS4uLtLV1QXAxcUFlUpFqr\/QBXR3d9Pf3w\/8v8J8fn6W6i90Aa7r8vT0BEAsFpOeTkMXcHJywsvLCwAjIyPSgS1QAb29vS3LHx4eyOVytfTy8rK0zUAFPD4+8vb25vm9vr5SLBY5ODjAMAzK5TIAQ0NDrK6uStsMNA7Mzs42rNfrn\/kP0uk0Z2dnaJq8+UAFfHb0M6qqsrCwwO7uLn19fYHYDFTA2tpa00isaRqDg4NMTU19a+3kh0AFbG1t1YJUWAT6EhcKhSC780Xbf5H9CoiaXwFRIy2gPng5jiPb3beRjgPDw8NYlgUQegyAAAQcHR3xccgTxNrmu0hbjMJpj32ZxkIITNOkWq16tlf8tlVVlWQy+e229UgLKJfLuK77VwI+PikjE6CqKmNjYzJdSPPvxQFVVT2HaD8JVVX5fKzdcEZWLpe5vb39cYd8ADc3Nw1nZB4B8XicdDpNPp+PJCi1wnEcUqkUmUzGk68IISp8uitRqVSoVqth+ueLJntIdtNZ6Kv9nZ9E21\/20IASbXzd5j\/MIQu2KoJrJwAAAABJRU5ErkJggg=='); background-size: 14px 14px; background-color: #000000; position: absolute; opacity: 1; z-index: 86753099; display: none; cursor: pointer; border: none; border-top-left-radius: 3px; border-top-right-radius: 3px; border-bottom-right-radius: 3px; border-bottom-left-radius: 3px; text-indent: 20px; padding: 0px 4px 0px 0px; text-align: center; font-style: normal; font-variant-caps: normal; font-weight: bold; font-stretch: normal; font-size: 11px; line-height: 20px; font-family: 'Helvetica Neue', Helvetica, sans-serif; color: #ffffff; text-transform: capitalize; -webkit-font-smoothing: antialiased; top: 1397px; left: 563px; background-position: 3px 50%; background-repeat: no-repeat no-repeat;\">plan it<\/button><\/p>\n","protected":false},"excerpt":{"rendered":"<p>Tour de la c\u00f4te de l&#8217;Oregon au d\u00e9part de Portland au d\u00e9part de Portland avec guide et chauffeur priv\u00e9.<\/p>\n","protected":false},"featured_media":88667,"comment_status":"open","ping_status":"closed","template":"","meta":{"_acf_changed":false},"product_brand":[],"product_cat":[3547,3789],"product_tag":[],"class_list":{"0":"post-104411","1":"product","2":"type-product","3":"status-publish","4":"has-post-thumbnail","6":"product_cat-etats-unis-fr","7":"product_cat-portland-fr","9":"first","10":"instock","11":"shipping-taxable","12":"purchasable","13":"product-type-simple"},"acf":[],"yoast_head":"<!-- This site is optimized with the Yoast SEO Premium plugin v25.3.1 (Yoast SEO v25.3.1) - https:\/\/yoast.com\/wordpress\/plugins\/seo\/ -->\n<title>Excursion sur la c\u00f4te de l&#039;Oregon au d\u00e9part de Portland avec guide et v\u00e9hicule priv\u00e9<\/title>\n<meta name=\"description\" content=\"Tour de la c\u00f4te de l&#039;Oregon au d\u00e9part de Portland au d\u00e9part de Portland avec guide et chauffeur. Visite priv\u00e9e de Portland. Contactez-nous pour plus d&#039;informations!\" \/>\n<meta name=\"robots\" content=\"index, follow, max-snippet:-1, max-image-preview:large, max-video-preview:-1\" \/>\n<link rel=\"canonical\" href=\"https:\/\/tourtravelandmore.com\/fr\/tours\/etats-unis-fr\/portland-fr\/excursion-sur-la-cote-de-loregon-au-depart-de-portland\/\" \/>\n<meta property=\"og:locale\" content=\"fr_FR\" \/>\n<meta property=\"og:type\" content=\"article\" \/>\n<meta property=\"og:title\" content=\"Excursion sur la c\u00f4te de l&#039;Oregon au d\u00e9part de Portland\" \/>\n<meta property=\"og:description\" content=\"Tour de la c\u00f4te de l&#039;Oregon au d\u00e9part de Portland au d\u00e9part de Portland avec guide et chauffeur. Visite priv\u00e9e de Portland. Contactez-nous pour plus d&#039;informations!\" \/>\n<meta property=\"og:url\" content=\"https:\/\/tourtravelandmore.com\/fr\/tours\/etats-unis-fr\/portland-fr\/excursion-sur-la-cote-de-loregon-au-depart-de-portland\/\" \/>\n<meta property=\"og:site_name\" content=\"Tour Travel And More\" \/>\n<meta property=\"article:publisher\" content=\"https:\/\/www.facebook.com\/tourtravelandmore\/\" \/>\n<meta property=\"article:modified_time\" content=\"2021-03-18T20:01:44+00:00\" \/>\n<meta property=\"og:image\" content=\"https:\/\/tourtravelandmore.com\/wp-content\/uploads\/2020\/12\/Orgeon-Coast-1.jpg\" \/>\n\t<meta property=\"og:image:width\" content=\"1607\" \/>\n\t<meta property=\"og:image:height\" content=\"2409\" \/>\n\t<meta property=\"og:image:type\" content=\"image\/jpeg\" \/>\n<meta name=\"twitter:card\" content=\"summary_large_image\" \/>\n<meta name=\"twitter:site\" content=\"@TourTravel_More\" \/>\n<meta name=\"twitter:label1\" content=\"Dur\u00e9e de lecture estim\u00e9e\" \/>\n\t<meta name=\"twitter:data1\" content=\"2 minutes\" \/>\n<script type=\"application\/ld+json\" class=\"yoast-schema-graph\">{\"@context\":\"https:\/\/schema.org\",\"@graph\":[{\"@type\":\"WebPage\",\"@id\":\"https:\/\/tourtravelandmore.com\/fr\/tours\/etats-unis-fr\/portland-fr\/excursion-sur-la-cote-de-loregon-au-depart-de-portland\/\",\"url\":\"https:\/\/tourtravelandmore.com\/fr\/tours\/etats-unis-fr\/portland-fr\/excursion-sur-la-cote-de-loregon-au-depart-de-portland\/\",\"name\":\"Excursion sur la c\u00f4te de l'Oregon au d\u00e9part de Portland avec guide et v\u00e9hicule priv\u00e9\",\"isPartOf\":{\"@id\":\"https:\/\/tourtravelandmore.com\/fr\/#website\"},\"primaryImageOfPage\":{\"@id\":\"https:\/\/tourtravelandmore.com\/fr\/tours\/etats-unis-fr\/portland-fr\/excursion-sur-la-cote-de-loregon-au-depart-de-portland\/#primaryimage\"},\"image\":{\"@id\":\"https:\/\/tourtravelandmore.com\/fr\/tours\/etats-unis-fr\/portland-fr\/excursion-sur-la-cote-de-loregon-au-depart-de-portland\/#primaryimage\"},\"thumbnailUrl\":\"https:\/\/tourtravelandmore.com\/wp-content\/uploads\/2020\/12\/Orgeon-Coast-1.jpg\",\"datePublished\":\"2020-12-01T11:01:15+00:00\",\"dateModified\":\"2021-03-18T20:01:44+00:00\",\"description\":\"Tour de la c\u00f4te de l'Oregon au d\u00e9part de Portland au d\u00e9part de Portland avec guide et chauffeur. Visite priv\u00e9e de Portland. Contactez-nous pour plus d'informations!\",\"breadcrumb\":{\"@id\":\"https:\/\/tourtravelandmore.com\/fr\/tours\/etats-unis-fr\/portland-fr\/excursion-sur-la-cote-de-loregon-au-depart-de-portland\/#breadcrumb\"},\"inLanguage\":\"fr-FR\",\"potentialAction\":[{\"@type\":\"ReadAction\",\"target\":[\"https:\/\/tourtravelandmore.com\/fr\/tours\/etats-unis-fr\/portland-fr\/excursion-sur-la-cote-de-loregon-au-depart-de-portland\/\"]}]},{\"@type\":\"ImageObject\",\"inLanguage\":\"fr-FR\",\"@id\":\"https:\/\/tourtravelandmore.com\/fr\/tours\/etats-unis-fr\/portland-fr\/excursion-sur-la-cote-de-loregon-au-depart-de-portland\/#primaryimage\",\"url\":\"https:\/\/tourtravelandmore.com\/wp-content\/uploads\/2020\/12\/Orgeon-Coast-1.jpg\",\"contentUrl\":\"https:\/\/tourtravelandmore.com\/wp-content\/uploads\/2020\/12\/Orgeon-Coast-1.jpg\",\"width\":1607,\"height\":2409},{\"@type\":\"BreadcrumbList\",\"@id\":\"https:\/\/tourtravelandmore.com\/fr\/tours\/etats-unis-fr\/portland-fr\/excursion-sur-la-cote-de-loregon-au-depart-de-portland\/#breadcrumb\",\"itemListElement\":[{\"@type\":\"ListItem\",\"position\":1,\"name\":\"Home\",\"item\":\"https:\/\/tourtravelandmore.com\/fr\/\"},{\"@type\":\"ListItem\",\"position\":2,\"name\":\"Tours\",\"item\":\"https:\/\/tourtravelandmore.com\/fr\/tours\/\"},{\"@type\":\"ListItem\",\"position\":3,\"name\":\"Excursion sur la c\u00f4te de l&rsquo;Oregon au d\u00e9part de Portland\"}]},{\"@type\":\"WebSite\",\"@id\":\"https:\/\/tourtravelandmore.com\/fr\/#website\",\"url\":\"https:\/\/tourtravelandmore.com\/fr\/\",\"name\":\"Tour Travel And More\",\"description\":\"Private sightseeing tours and luxury transfers in Spain\",\"publisher\":{\"@id\":\"https:\/\/tourtravelandmore.com\/fr\/#organization\"},\"potentialAction\":[{\"@type\":\"SearchAction\",\"target\":{\"@type\":\"EntryPoint\",\"urlTemplate\":\"https:\/\/tourtravelandmore.com\/fr\/?s={search_term_string}\"},\"query-input\":{\"@type\":\"PropertyValueSpecification\",\"valueRequired\":true,\"valueName\":\"search_term_string\"}}],\"inLanguage\":\"fr-FR\"},{\"@type\":\"Organization\",\"@id\":\"https:\/\/tourtravelandmore.com\/fr\/#organization\",\"name\":\"Tour Travel And More\",\"url\":\"https:\/\/tourtravelandmore.com\/fr\/\",\"logo\":{\"@type\":\"ImageObject\",\"inLanguage\":\"fr-FR\",\"@id\":\"https:\/\/tourtravelandmore.com\/fr\/#\/schema\/logo\/image\/\",\"url\":\"https:\/\/tourtravelandmore.com\/wp-content\/uploads\/2022\/12\/cropped-logo-cabecera-new.png\",\"contentUrl\":\"https:\/\/tourtravelandmore.com\/wp-content\/uploads\/2022\/12\/cropped-logo-cabecera-new.png\",\"width\":430,\"height\":61,\"caption\":\"Tour Travel And More\"},\"image\":{\"@id\":\"https:\/\/tourtravelandmore.com\/fr\/#\/schema\/logo\/image\/\"},\"sameAs\":[\"https:\/\/www.facebook.com\/tourtravelandmore\/\",\"https:\/\/x.com\/TourTravel_More\"]}]}<\/script>\n<!-- \/ Yoast SEO Premium plugin. -->","yoast_head_json":{"title":"Excursion sur la c\u00f4te de l'Oregon au d\u00e9part de Portland avec guide et v\u00e9hicule priv\u00e9","description":"Tour de la c\u00f4te de l'Oregon au d\u00e9part de Portland au d\u00e9part de Portland avec guide et chauffeur. Visite priv\u00e9e de Portland. Contactez-nous pour plus d'informations!","robots":{"index":"index","follow":"follow","max-snippet":"max-snippet:-1","max-image-preview":"max-image-preview:large","max-video-preview":"max-video-preview:-1"},"canonical":"https:\/\/tourtravelandmore.com\/fr\/tours\/etats-unis-fr\/portland-fr\/excursion-sur-la-cote-de-loregon-au-depart-de-portland\/","og_locale":"fr_FR","og_type":"article","og_title":"Excursion sur la c\u00f4te de l'Oregon au d\u00e9part de Portland","og_description":"Tour de la c\u00f4te de l'Oregon au d\u00e9part de Portland au d\u00e9part de Portland avec guide et chauffeur. Visite priv\u00e9e de Portland. Contactez-nous pour plus d'informations!","og_url":"https:\/\/tourtravelandmore.com\/fr\/tours\/etats-unis-fr\/portland-fr\/excursion-sur-la-cote-de-loregon-au-depart-de-portland\/","og_site_name":"Tour Travel And More","article_publisher":"https:\/\/www.facebook.com\/tourtravelandmore\/","article_modified_time":"2021-03-18T20:01:44+00:00","og_image":[{"width":1607,"height":2409,"url":"https:\/\/tourtravelandmore.com\/wp-content\/uploads\/2020\/12\/Orgeon-Coast-1.jpg","type":"image\/jpeg"}],"twitter_card":"summary_large_image","twitter_site":"@TourTravel_More","twitter_misc":{"Dur\u00e9e de lecture estim\u00e9e":"2 minutes"},"schema":{"@context":"https:\/\/schema.org","@graph":[{"@type":"WebPage","@id":"https:\/\/tourtravelandmore.com\/fr\/tours\/etats-unis-fr\/portland-fr\/excursion-sur-la-cote-de-loregon-au-depart-de-portland\/","url":"https:\/\/tourtravelandmore.com\/fr\/tours\/etats-unis-fr\/portland-fr\/excursion-sur-la-cote-de-loregon-au-depart-de-portland\/","name":"Excursion sur la c\u00f4te de l'Oregon au d\u00e9part de Portland avec guide et v\u00e9hicule priv\u00e9","isPartOf":{"@id":"https:\/\/tourtravelandmore.com\/fr\/#website"},"primaryImageOfPage":{"@id":"https:\/\/tourtravelandmore.com\/fr\/tours\/etats-unis-fr\/portland-fr\/excursion-sur-la-cote-de-loregon-au-depart-de-portland\/#primaryimage"},"image":{"@id":"https:\/\/tourtravelandmore.com\/fr\/tours\/etats-unis-fr\/portland-fr\/excursion-sur-la-cote-de-loregon-au-depart-de-portland\/#primaryimage"},"thumbnailUrl":"https:\/\/tourtravelandmore.com\/wp-content\/uploads\/2020\/12\/Orgeon-Coast-1.jpg","datePublished":"2020-12-01T11:01:15+00:00","dateModified":"2021-03-18T20:01:44+00:00","description":"Tour de la c\u00f4te de l'Oregon au d\u00e9part de Portland au d\u00e9part de Portland avec guide et chauffeur. Visite priv\u00e9e de Portland. Contactez-nous pour plus d'informations!","breadcrumb":{"@id":"https:\/\/tourtravelandmore.com\/fr\/tours\/etats-unis-fr\/portland-fr\/excursion-sur-la-cote-de-loregon-au-depart-de-portland\/#breadcrumb"},"inLanguage":"fr-FR","potentialAction":[{"@type":"ReadAction","target":["https:\/\/tourtravelandmore.com\/fr\/tours\/etats-unis-fr\/portland-fr\/excursion-sur-la-cote-de-loregon-au-depart-de-portland\/"]}]},{"@type":"ImageObject","inLanguage":"fr-FR","@id":"https:\/\/tourtravelandmore.com\/fr\/tours\/etats-unis-fr\/portland-fr\/excursion-sur-la-cote-de-loregon-au-depart-de-portland\/#primaryimage","url":"https:\/\/tourtravelandmore.com\/wp-content\/uploads\/2020\/12\/Orgeon-Coast-1.jpg","contentUrl":"https:\/\/tourtravelandmore.com\/wp-content\/uploads\/2020\/12\/Orgeon-Coast-1.jpg","width":1607,"height":2409},{"@type":"BreadcrumbList","@id":"https:\/\/tourtravelandmore.com\/fr\/tours\/etats-unis-fr\/portland-fr\/excursion-sur-la-cote-de-loregon-au-depart-de-portland\/#breadcrumb","itemListElement":[{"@type":"ListItem","position":1,"name":"Home","item":"https:\/\/tourtravelandmore.com\/fr\/"},{"@type":"ListItem","position":2,"name":"Tours","item":"https:\/\/tourtravelandmore.com\/fr\/tours\/"},{"@type":"ListItem","position":3,"name":"Excursion sur la c\u00f4te de l&rsquo;Oregon au d\u00e9part de Portland"}]},{"@type":"WebSite","@id":"https:\/\/tourtravelandmore.com\/fr\/#website","url":"https:\/\/tourtravelandmore.com\/fr\/","name":"Tour Travel And More","description":"Private sightseeing tours and luxury transfers in Spain","publisher":{"@id":"https:\/\/tourtravelandmore.com\/fr\/#organization"},"potentialAction":[{"@type":"SearchAction","target":{"@type":"EntryPoint","urlTemplate":"https:\/\/tourtravelandmore.com\/fr\/?s={search_term_string}"},"query-input":{"@type":"PropertyValueSpecification","valueRequired":true,"valueName":"search_term_string"}}],"inLanguage":"fr-FR"},{"@type":"Organization","@id":"https:\/\/tourtravelandmore.com\/fr\/#organization","name":"Tour Travel And More","url":"https:\/\/tourtravelandmore.com\/fr\/","logo":{"@type":"ImageObject","inLanguage":"fr-FR","@id":"https:\/\/tourtravelandmore.com\/fr\/#\/schema\/logo\/image\/","url":"https:\/\/tourtravelandmore.com\/wp-content\/uploads\/2022\/12\/cropped-logo-cabecera-new.png","contentUrl":"https:\/\/tourtravelandmore.com\/wp-content\/uploads\/2022\/12\/cropped-logo-cabecera-new.png","width":430,"height":61,"caption":"Tour Travel And More"},"image":{"@id":"https:\/\/tourtravelandmore.com\/fr\/#\/schema\/logo\/image\/"},"sameAs":["https:\/\/www.facebook.com\/tourtravelandmore\/","https:\/\/x.com\/TourTravel_More"]}]}},"_links":{"self":[{"href":"https:\/\/tourtravelandmore.com\/fr\/wp-json\/wp\/v2\/product\/104411","targetHints":{"allow":["GET"]}}],"collection":[{"href":"https:\/\/tourtravelandmore.com\/fr\/wp-json\/wp\/v2\/product"}],"about":[{"href":"https:\/\/tourtravelandmore.com\/fr\/wp-json\/wp\/v2\/types\/product"}],"replies":[{"embeddable":true,"href":"https:\/\/tourtravelandmore.com\/fr\/wp-json\/wp\/v2\/comments?post=104411"}],"wp:featuredmedia":[{"embeddable":true,"href":"https:\/\/tourtravelandmore.com\/fr\/wp-json\/wp\/v2\/media\/88667"}],"wp:attachment":[{"href":"https:\/\/tourtravelandmore.com\/fr\/wp-json\/wp\/v2\/media?parent=104411"}],"wp:term":[{"taxonomy":"product_brand","embeddable":true,"href":"https:\/\/tourtravelandmore.com\/fr\/wp-json\/wp\/v2\/product_brand?post=104411"},{"taxonomy":"product_cat","embeddable":true,"href":"https:\/\/tourtravelandmore.com\/fr\/wp-json\/wp\/v2\/product_cat?post=104411"},{"taxonomy":"product_tag","embeddable":true,"href":"https:\/\/tourtravelandmore.com\/fr\/wp-json\/wp\/v2\/product_tag?post=104411"}],"curies":[{"name":"wp","href":"https:\/\/api.w.org\/{rel}","templated":true}]}}