{"id":104405,"date":"2020-12-01T11:10:47","date_gmt":"2020-12-01T10:10:47","guid":{"rendered":"https:\/\/tourtravelandmore.com\/tours\/non%20class\u00e9\/visite-de-la-cascade-de-la-gorge-du-fleuve-columbia-au-depart-de-portland\/"},"modified":"2021-03-18T21:00:48","modified_gmt":"2021-03-18T20:00:48","slug":"visite-de-la-cascade-de-la-gorge-du-fleuve-columbia-au-depart-de-portland","status":"publish","type":"product","link":"https:\/\/tourtravelandmore.com\/fr\/tours\/etats-unis-fr\/portland-fr\/visite-de-la-cascade-de-la-gorge-du-fleuve-columbia-au-depart-de-portland\/","title":{"rendered":"Visite de la cascade de la gorge du fleuve Columbia au d\u00e9part de Portland"},"content":{"rendered":"<h2>Description:<\/h2>\n<p>Faites notre visite des chutes d&#8217;eau de la gorge du fleuve Columbia au d\u00e9part de Portland et profitez d&#8217;une journ\u00e9e compl\u00e8te pour d\u00e9couvrir les cascades pr\u00e8s de Portland.<\/p>\n<p>Portland est la plus grande ville de l&#8217;Oregon mais n&#8217;est pas une ville immense. C&#8217;est pourquoi, apr\u00e8s avoir visit\u00e9 le centre-ville avec une visite ou une visite \u00e0 pied, saisissez l&#8217;occasion de d\u00e9couvrir l&#8217;ext\u00e9rieur de Portland dans l&#8217;Oregon. Cela vous donnera une superbe vue panoramique et une vue panoramique sur certains des endroits les plus impressionnants.<\/p>\n<p>Nous avons organis\u00e9 cet exemple d&#8217;exp\u00e9rience pour une exp\u00e9rience de 8 heures. Mais cela peut \u00e9galement \u00eatre fait en 4 heures de visite si vous pr\u00e9f\u00e9rez. Pour cette visite priv\u00e9e, nous organiserons une prise en charge priv\u00e9e depuis votre h\u00f4tel ou lieu de votre choix \u00e0 Portland. Nous nous dirigerons ensuite vers les cascades de la gorge du fleuve Columbia.<\/p>\n<p>Notre visite priv\u00e9e sera une exp\u00e9rience formidable pour vous!<\/p>\n<h2>Sites d&#8217;int\u00e9r\u00eat et monuments<\/h2>\n<p>Tout d&#8217;abord, nous organiserons une prise en charge priv\u00e9e depuis votre h\u00f4tel ou lieu de votre choix \u00e0 Portland. Nous profiterons ensuite d&#8217;une visite priv\u00e9e de la cascade de la gorge du Columbia au d\u00e9part de Portland.<\/p>\n<p>Nous profiterons des meilleurs sites dont les suivants:<\/p>\n<ul>\n<li>La r\u00e9gion panoramique nationale de la gorge du fleuve Columbia.<\/li>\n<li>Pont des dieux<\/li>\n<li>Route historique du fleuve Columbia<\/li>\n<li>Gorges d&#8217;Oneonta<\/li>\n<li>Beaucoup plus!<\/li>\n<\/ul>\n<p>Nous sommes l\u00e0 pour vous faire vivre une exp\u00e9rience m\u00e9morable. Cette visite priv\u00e9e peut \u00eatre adapt\u00e9e \u00e0 vos propres besoins. Nous sommes l\u00e0 pour rendre cette exp\u00e9rience parfaite pour vous. Voici quelques exemples ci-dessus de ce que vous pouvez appr\u00e9cier.<\/p>\n<p>Cette visite priv\u00e9e se terminera depuis votre h\u00f4tel ou lieu de votre choix \u00e0 Portland. Nous proposons des visites priv\u00e9es \u00e0 n&#8217;importe quel endroit \u00e0 Portland et bien s\u00fbr aux \u00c9tats-Unis. Tour Travel &amp; More propose des circuits \u00e0 travers le monde. Nous sommes l\u00e0 pour rendre l&#8217;exp\u00e9rience unique!<\/p>\n<p><button style=\"width: auto; height: auto; background-image: url('data:image\/png;base64,iVBORw0KGgoAAAANSUhEUgAAADAAAAAwCAYAAABXAvmHAAABS2lUWHRYTUw6Y29tLmFkb2JlLnhtcAAAAAAAPD94cGFja2V0IGJlZ2luPSLvu78iIGlkPSJXNU0wTXBDZWhpSHpyZVN6TlRjemtjOWQiPz4KPHg6eG1wbWV0YSB4bWxuczp4PSJhZG9iZTpuczptZXRhLyIgeDp4bXB0az0iQWRvYmUgWE1QIENvcmUgNS42LWMxMzggNzkuMTU5ODI0LCAyMDE2LzA5LzE0LTAxOjA5OjAxICAgICAgICAiPgogPHJkZjpSREYgeG1sbnM6cmRmPSJodHRwOi8vd3d3LnczLm9yZy8xOTk5LzAyLzIyLXJkZi1zeW50YXgtbnMjIj4KICA8cmRmOkRlc2NyaXB0aW9uIHJkZjphYm91dD0iIi8+CiA8L3JkZjpSREY+CjwveDp4bXBtZXRhPgo8P3hwYWNrZXQgZW5kPSJyIj8+IEmuOgAAAx5JREFUaIHtmj1L81wYx39JI75AbYtgBTFTRdQGXV2cxMlPICjiakHE0cVJB5FO4uLgN1AnZ\/0EgoLQtd6tL6hJIwia9DzDg6Wxpcb7hMTe+INCz+t1\/TnJuU7OOYoQ4g8Qpz2xFSGEiNoLGVTAjtoJCWw1ag9k0eoTQgg2NzcplUp0dHRE5VNTHMdB0zTy+TydnZ21fI8Ay7K4vr4ml8uRSqVCd7IVQgjW19cpFAoYhlHLbxiBTCbD9PR06A76YXx8HNd1PXmed0BRFBzHwTTNUB3zy\/v7O7FYzJPX9i\/xr4Co0b6u0prj42Pu7u5a1unp6UHXdSYmJkgmk7ImPUgLWFlZoVQq+aqbSCSYn59ne3ubRCIhaxoI4BHSdd13Xcuy2N\/fxzCML0fNL9IjoChK7f\/p6Smjo6MNdWzb5vz8nI2NDUzTpFgsMjMzw+Xlpax5eQH1TE5OMjAw0LQsm80yNzdHNpvFtm2urq44PDxkaWlJymags9D9\/X3Lcl3X2dnZqaX39vakbYY+jS4uLtLV1QXAxcUFlUpFqr\/QBXR3d9Pf3w\/8v8J8fn6W6i90Aa7r8vT0BEAsFpOeTkMXcHJywsvLCwAjIyPSgS1QAb29vS3LHx4eyOVytfTy8rK0zUAFPD4+8vb25vm9vr5SLBY5ODjAMAzK5TIAQ0NDrK6uStsMNA7Mzs42rNfrn\/kP0uk0Z2dnaJq8+UAFfHb0M6qqsrCwwO7uLn19fYHYDFTA2tpa00isaRqDg4NMTU19a+3kh0AFbG1t1YJUWAT6EhcKhSC780Xbf5H9CoiaXwFRIy2gPng5jiPb3beRjgPDw8NYlgUQegyAAAQcHR3xccgTxNrmu0hbjMJpj32ZxkIITNOkWq16tlf8tlVVlWQy+e229UgLKJfLuK77VwI+PikjE6CqKmNjYzJdSPPvxQFVVT2HaD8JVVX5fKzdcEZWLpe5vb39cYd8ADc3Nw1nZB4B8XicdDpNPp+PJCi1wnEcUqkUmUzGk68IISp8uitRqVSoVqth+ueLJntIdtNZ6Kv9nZ9E21\/20IASbXzd5j\/MIQu2KoJrJwAAAABJRU5ErkJggg=='); background-size: 14px 14px; background-color: #000000; position: absolute; opacity: 1; z-index: 86753099; display: none; cursor: pointer; border: none; border-top-left-radius: 3px; border-top-right-radius: 3px; border-bottom-right-radius: 3px; border-bottom-left-radius: 3px; text-indent: 20px; padding: 0px 4px 0px 0px; text-align: center; font-style: normal; font-variant-caps: normal; font-weight: bold; font-stretch: normal; font-size: 11px; line-height: 20px; font-family: 'Helvetica Neue', Helvetica, sans-serif; color: #ffffff; text-transform: capitalize; -webkit-font-smoothing: antialiased; top: 1397px; left: 563px; background-position: 3px 50%; background-repeat: no-repeat no-repeat;\">plan it<\/button><\/p>\n","protected":false},"excerpt":{"rendered":"<p>Visite de la cascade de la gorge du fleuve Columbia au d\u00e9part de Portland avec guide et chauffeur. Visite priv\u00e9e de Portland.<\/p>\n","protected":false},"featured_media":88601,"comment_status":"open","ping_status":"closed","template":"","meta":{"_acf_changed":false},"product_brand":[],"product_cat":[3547,3789],"product_tag":[],"class_list":{"0":"post-104405","1":"product","2":"type-product","3":"status-publish","4":"has-post-thumbnail","6":"product_cat-etats-unis-fr","7":"product_cat-portland-fr","9":"first","10":"instock","11":"shipping-taxable","12":"purchasable","13":"product-type-simple"},"acf":[],"yoast_head":"<!-- This site is optimized with the Yoast SEO Premium plugin v25.3.1 (Yoast SEO v25.3.1) - https:\/\/yoast.com\/wordpress\/plugins\/seo\/ -->\n<title>Visite de la cascade de la gorge du fleuve Columbia au d\u00e9part de Portland avec guide touristique<\/title>\n<meta name=\"description\" content=\"Visite de la cascade de la gorge du fleuve Columbia au d\u00e9part de Portland avec guide et chauffeur. Visite priv\u00e9e de Portland. Contactez-nous pour plus d&#039;informations!\" \/>\n<meta name=\"robots\" content=\"index, follow, max-snippet:-1, max-image-preview:large, max-video-preview:-1\" \/>\n<link rel=\"canonical\" href=\"https:\/\/tourtravelandmore.com\/fr\/tours\/etats-unis-fr\/portland-fr\/visite-de-la-cascade-de-la-gorge-du-fleuve-columbia-au-depart-de-portland\/\" \/>\n<meta property=\"og:locale\" content=\"fr_FR\" \/>\n<meta property=\"og:type\" content=\"article\" \/>\n<meta property=\"og:title\" content=\"Visite de la cascade de la gorge du fleuve Columbia au d\u00e9part de Portland\" \/>\n<meta property=\"og:description\" content=\"Visite de la cascade de la gorge du fleuve Columbia au d\u00e9part de Portland avec guide et chauffeur. Visite priv\u00e9e de Portland. Contactez-nous pour plus d&#039;informations!\" \/>\n<meta property=\"og:url\" content=\"https:\/\/tourtravelandmore.com\/fr\/tours\/etats-unis-fr\/portland-fr\/visite-de-la-cascade-de-la-gorge-du-fleuve-columbia-au-depart-de-portland\/\" \/>\n<meta property=\"og:site_name\" content=\"Tour Travel And More\" \/>\n<meta property=\"article:publisher\" content=\"https:\/\/www.facebook.com\/tourtravelandmore\/\" \/>\n<meta property=\"article:modified_time\" content=\"2021-03-18T20:00:48+00:00\" \/>\n<meta property=\"og:image\" content=\"https:\/\/tourtravelandmore.com\/wp-content\/uploads\/2020\/12\/Rabat.jpeg\" \/>\n\t<meta property=\"og:image:width\" content=\"1352\" \/>\n\t<meta property=\"og:image:height\" content=\"899\" \/>\n\t<meta property=\"og:image:type\" content=\"image\/jpeg\" \/>\n<meta name=\"twitter:card\" content=\"summary_large_image\" \/>\n<meta name=\"twitter:site\" content=\"@TourTravel_More\" \/>\n<meta name=\"twitter:label1\" content=\"Dur\u00e9e de lecture estim\u00e9e\" \/>\n\t<meta name=\"twitter:data1\" content=\"2 minutes\" \/>\n<script type=\"application\/ld+json\" class=\"yoast-schema-graph\">{\"@context\":\"https:\/\/schema.org\",\"@graph\":[{\"@type\":\"WebPage\",\"@id\":\"https:\/\/tourtravelandmore.com\/fr\/tours\/etats-unis-fr\/portland-fr\/visite-de-la-cascade-de-la-gorge-du-fleuve-columbia-au-depart-de-portland\/\",\"url\":\"https:\/\/tourtravelandmore.com\/fr\/tours\/etats-unis-fr\/portland-fr\/visite-de-la-cascade-de-la-gorge-du-fleuve-columbia-au-depart-de-portland\/\",\"name\":\"Visite de la cascade de la gorge du fleuve Columbia au d\u00e9part de Portland avec guide touristique\",\"isPartOf\":{\"@id\":\"https:\/\/tourtravelandmore.com\/fr\/#website\"},\"primaryImageOfPage\":{\"@id\":\"https:\/\/tourtravelandmore.com\/fr\/tours\/etats-unis-fr\/portland-fr\/visite-de-la-cascade-de-la-gorge-du-fleuve-columbia-au-depart-de-portland\/#primaryimage\"},\"image\":{\"@id\":\"https:\/\/tourtravelandmore.com\/fr\/tours\/etats-unis-fr\/portland-fr\/visite-de-la-cascade-de-la-gorge-du-fleuve-columbia-au-depart-de-portland\/#primaryimage\"},\"thumbnailUrl\":\"https:\/\/tourtravelandmore.com\/wp-content\/uploads\/2020\/12\/Rabat.jpeg\",\"datePublished\":\"2020-12-01T10:10:47+00:00\",\"dateModified\":\"2021-03-18T20:00:48+00:00\",\"description\":\"Visite de la cascade de la gorge du fleuve Columbia au d\u00e9part de Portland avec guide et chauffeur. Visite priv\u00e9e de Portland. Contactez-nous pour plus d'informations!\",\"breadcrumb\":{\"@id\":\"https:\/\/tourtravelandmore.com\/fr\/tours\/etats-unis-fr\/portland-fr\/visite-de-la-cascade-de-la-gorge-du-fleuve-columbia-au-depart-de-portland\/#breadcrumb\"},\"inLanguage\":\"fr-FR\",\"potentialAction\":[{\"@type\":\"ReadAction\",\"target\":[\"https:\/\/tourtravelandmore.com\/fr\/tours\/etats-unis-fr\/portland-fr\/visite-de-la-cascade-de-la-gorge-du-fleuve-columbia-au-depart-de-portland\/\"]}]},{\"@type\":\"ImageObject\",\"inLanguage\":\"fr-FR\",\"@id\":\"https:\/\/tourtravelandmore.com\/fr\/tours\/etats-unis-fr\/portland-fr\/visite-de-la-cascade-de-la-gorge-du-fleuve-columbia-au-depart-de-portland\/#primaryimage\",\"url\":\"https:\/\/tourtravelandmore.com\/wp-content\/uploads\/2020\/12\/Rabat.jpeg\",\"contentUrl\":\"https:\/\/tourtravelandmore.com\/wp-content\/uploads\/2020\/12\/Rabat.jpeg\",\"width\":1352,\"height\":899,\"caption\":\"Rabat\"},{\"@type\":\"BreadcrumbList\",\"@id\":\"https:\/\/tourtravelandmore.com\/fr\/tours\/etats-unis-fr\/portland-fr\/visite-de-la-cascade-de-la-gorge-du-fleuve-columbia-au-depart-de-portland\/#breadcrumb\",\"itemListElement\":[{\"@type\":\"ListItem\",\"position\":1,\"name\":\"Home\",\"item\":\"https:\/\/tourtravelandmore.com\/fr\/\"},{\"@type\":\"ListItem\",\"position\":2,\"name\":\"Tours\",\"item\":\"https:\/\/tourtravelandmore.com\/fr\/tours\/\"},{\"@type\":\"ListItem\",\"position\":3,\"name\":\"Visite de la cascade de la gorge du fleuve Columbia au d\u00e9part de Portland\"}]},{\"@type\":\"WebSite\",\"@id\":\"https:\/\/tourtravelandmore.com\/fr\/#website\",\"url\":\"https:\/\/tourtravelandmore.com\/fr\/\",\"name\":\"Tour Travel And More\",\"description\":\"Private sightseeing tours and luxury transfers in Spain\",\"publisher\":{\"@id\":\"https:\/\/tourtravelandmore.com\/fr\/#organization\"},\"potentialAction\":[{\"@type\":\"SearchAction\",\"target\":{\"@type\":\"EntryPoint\",\"urlTemplate\":\"https:\/\/tourtravelandmore.com\/fr\/?s={search_term_string}\"},\"query-input\":{\"@type\":\"PropertyValueSpecification\",\"valueRequired\":true,\"valueName\":\"search_term_string\"}}],\"inLanguage\":\"fr-FR\"},{\"@type\":\"Organization\",\"@id\":\"https:\/\/tourtravelandmore.com\/fr\/#organization\",\"name\":\"Tour Travel And More\",\"url\":\"https:\/\/tourtravelandmore.com\/fr\/\",\"logo\":{\"@type\":\"ImageObject\",\"inLanguage\":\"fr-FR\",\"@id\":\"https:\/\/tourtravelandmore.com\/fr\/#\/schema\/logo\/image\/\",\"url\":\"https:\/\/tourtravelandmore.com\/wp-content\/uploads\/2022\/12\/cropped-logo-cabecera-new.png\",\"contentUrl\":\"https:\/\/tourtravelandmore.com\/wp-content\/uploads\/2022\/12\/cropped-logo-cabecera-new.png\",\"width\":430,\"height\":61,\"caption\":\"Tour Travel And More\"},\"image\":{\"@id\":\"https:\/\/tourtravelandmore.com\/fr\/#\/schema\/logo\/image\/\"},\"sameAs\":[\"https:\/\/www.facebook.com\/tourtravelandmore\/\",\"https:\/\/x.com\/TourTravel_More\"]}]}<\/script>\n<!-- \/ Yoast SEO Premium plugin. -->","yoast_head_json":{"title":"Visite de la cascade de la gorge du fleuve Columbia au d\u00e9part de Portland avec guide touristique","description":"Visite de la cascade de la gorge du fleuve Columbia au d\u00e9part de Portland avec guide et chauffeur. Visite priv\u00e9e de Portland. Contactez-nous pour plus d'informations!","robots":{"index":"index","follow":"follow","max-snippet":"max-snippet:-1","max-image-preview":"max-image-preview:large","max-video-preview":"max-video-preview:-1"},"canonical":"https:\/\/tourtravelandmore.com\/fr\/tours\/etats-unis-fr\/portland-fr\/visite-de-la-cascade-de-la-gorge-du-fleuve-columbia-au-depart-de-portland\/","og_locale":"fr_FR","og_type":"article","og_title":"Visite de la cascade de la gorge du fleuve Columbia au d\u00e9part de Portland","og_description":"Visite de la cascade de la gorge du fleuve Columbia au d\u00e9part de Portland avec guide et chauffeur. Visite priv\u00e9e de Portland. Contactez-nous pour plus d'informations!","og_url":"https:\/\/tourtravelandmore.com\/fr\/tours\/etats-unis-fr\/portland-fr\/visite-de-la-cascade-de-la-gorge-du-fleuve-columbia-au-depart-de-portland\/","og_site_name":"Tour Travel And More","article_publisher":"https:\/\/www.facebook.com\/tourtravelandmore\/","article_modified_time":"2021-03-18T20:00:48+00:00","og_image":[{"width":1352,"height":899,"url":"https:\/\/tourtravelandmore.com\/wp-content\/uploads\/2020\/12\/Rabat.jpeg","type":"image\/jpeg"}],"twitter_card":"summary_large_image","twitter_site":"@TourTravel_More","twitter_misc":{"Dur\u00e9e de lecture estim\u00e9e":"2 minutes"},"schema":{"@context":"https:\/\/schema.org","@graph":[{"@type":"WebPage","@id":"https:\/\/tourtravelandmore.com\/fr\/tours\/etats-unis-fr\/portland-fr\/visite-de-la-cascade-de-la-gorge-du-fleuve-columbia-au-depart-de-portland\/","url":"https:\/\/tourtravelandmore.com\/fr\/tours\/etats-unis-fr\/portland-fr\/visite-de-la-cascade-de-la-gorge-du-fleuve-columbia-au-depart-de-portland\/","name":"Visite de la cascade de la gorge du fleuve Columbia au d\u00e9part de Portland avec guide touristique","isPartOf":{"@id":"https:\/\/tourtravelandmore.com\/fr\/#website"},"primaryImageOfPage":{"@id":"https:\/\/tourtravelandmore.com\/fr\/tours\/etats-unis-fr\/portland-fr\/visite-de-la-cascade-de-la-gorge-du-fleuve-columbia-au-depart-de-portland\/#primaryimage"},"image":{"@id":"https:\/\/tourtravelandmore.com\/fr\/tours\/etats-unis-fr\/portland-fr\/visite-de-la-cascade-de-la-gorge-du-fleuve-columbia-au-depart-de-portland\/#primaryimage"},"thumbnailUrl":"https:\/\/tourtravelandmore.com\/wp-content\/uploads\/2020\/12\/Rabat.jpeg","datePublished":"2020-12-01T10:10:47+00:00","dateModified":"2021-03-18T20:00:48+00:00","description":"Visite de la cascade de la gorge du fleuve Columbia au d\u00e9part de Portland avec guide et chauffeur. Visite priv\u00e9e de Portland. Contactez-nous pour plus d'informations!","breadcrumb":{"@id":"https:\/\/tourtravelandmore.com\/fr\/tours\/etats-unis-fr\/portland-fr\/visite-de-la-cascade-de-la-gorge-du-fleuve-columbia-au-depart-de-portland\/#breadcrumb"},"inLanguage":"fr-FR","potentialAction":[{"@type":"ReadAction","target":["https:\/\/tourtravelandmore.com\/fr\/tours\/etats-unis-fr\/portland-fr\/visite-de-la-cascade-de-la-gorge-du-fleuve-columbia-au-depart-de-portland\/"]}]},{"@type":"ImageObject","inLanguage":"fr-FR","@id":"https:\/\/tourtravelandmore.com\/fr\/tours\/etats-unis-fr\/portland-fr\/visite-de-la-cascade-de-la-gorge-du-fleuve-columbia-au-depart-de-portland\/#primaryimage","url":"https:\/\/tourtravelandmore.com\/wp-content\/uploads\/2020\/12\/Rabat.jpeg","contentUrl":"https:\/\/tourtravelandmore.com\/wp-content\/uploads\/2020\/12\/Rabat.jpeg","width":1352,"height":899,"caption":"Rabat"},{"@type":"BreadcrumbList","@id":"https:\/\/tourtravelandmore.com\/fr\/tours\/etats-unis-fr\/portland-fr\/visite-de-la-cascade-de-la-gorge-du-fleuve-columbia-au-depart-de-portland\/#breadcrumb","itemListElement":[{"@type":"ListItem","position":1,"name":"Home","item":"https:\/\/tourtravelandmore.com\/fr\/"},{"@type":"ListItem","position":2,"name":"Tours","item":"https:\/\/tourtravelandmore.com\/fr\/tours\/"},{"@type":"ListItem","position":3,"name":"Visite de la cascade de la gorge du fleuve Columbia au d\u00e9part de Portland"}]},{"@type":"WebSite","@id":"https:\/\/tourtravelandmore.com\/fr\/#website","url":"https:\/\/tourtravelandmore.com\/fr\/","name":"Tour Travel And More","description":"Private sightseeing tours and luxury transfers in Spain","publisher":{"@id":"https:\/\/tourtravelandmore.com\/fr\/#organization"},"potentialAction":[{"@type":"SearchAction","target":{"@type":"EntryPoint","urlTemplate":"https:\/\/tourtravelandmore.com\/fr\/?s={search_term_string}"},"query-input":{"@type":"PropertyValueSpecification","valueRequired":true,"valueName":"search_term_string"}}],"inLanguage":"fr-FR"},{"@type":"Organization","@id":"https:\/\/tourtravelandmore.com\/fr\/#organization","name":"Tour Travel And More","url":"https:\/\/tourtravelandmore.com\/fr\/","logo":{"@type":"ImageObject","inLanguage":"fr-FR","@id":"https:\/\/tourtravelandmore.com\/fr\/#\/schema\/logo\/image\/","url":"https:\/\/tourtravelandmore.com\/wp-content\/uploads\/2022\/12\/cropped-logo-cabecera-new.png","contentUrl":"https:\/\/tourtravelandmore.com\/wp-content\/uploads\/2022\/12\/cropped-logo-cabecera-new.png","width":430,"height":61,"caption":"Tour Travel And More"},"image":{"@id":"https:\/\/tourtravelandmore.com\/fr\/#\/schema\/logo\/image\/"},"sameAs":["https:\/\/www.facebook.com\/tourtravelandmore\/","https:\/\/x.com\/TourTravel_More"]}]}},"_links":{"self":[{"href":"https:\/\/tourtravelandmore.com\/fr\/wp-json\/wp\/v2\/product\/104405","targetHints":{"allow":["GET"]}}],"collection":[{"href":"https:\/\/tourtravelandmore.com\/fr\/wp-json\/wp\/v2\/product"}],"about":[{"href":"https:\/\/tourtravelandmore.com\/fr\/wp-json\/wp\/v2\/types\/product"}],"replies":[{"embeddable":true,"href":"https:\/\/tourtravelandmore.com\/fr\/wp-json\/wp\/v2\/comments?post=104405"}],"wp:featuredmedia":[{"embeddable":true,"href":"https:\/\/tourtravelandmore.com\/fr\/wp-json\/wp\/v2\/media\/88601"}],"wp:attachment":[{"href":"https:\/\/tourtravelandmore.com\/fr\/wp-json\/wp\/v2\/media?parent=104405"}],"wp:term":[{"taxonomy":"product_brand","embeddable":true,"href":"https:\/\/tourtravelandmore.com\/fr\/wp-json\/wp\/v2\/product_brand?post=104405"},{"taxonomy":"product_cat","embeddable":true,"href":"https:\/\/tourtravelandmore.com\/fr\/wp-json\/wp\/v2\/product_cat?post=104405"},{"taxonomy":"product_tag","embeddable":true,"href":"https:\/\/tourtravelandmore.com\/fr\/wp-json\/wp\/v2\/product_tag?post=104405"}],"curies":[{"name":"wp","href":"https:\/\/api.w.org\/{rel}","templated":true}]}}