{"id":104397,"date":"2020-11-25T11:44:50","date_gmt":"2020-11-25T10:44:50","guid":{"rendered":"https:\/\/tourtravelandmore.com\/tours\/non%20class\u00e9\/visite-privee-a-louisville-depuis-indianapolis\/"},"modified":"2021-03-18T20:55:06","modified_gmt":"2021-03-18T19:55:06","slug":"visite-privee-a-louisville-depuis-indianapolis","status":"publish","type":"product","link":"https:\/\/tourtravelandmore.com\/fr\/tours\/etats-unis-fr\/indianapolis-fr\/visite-privee-a-louisville-depuis-indianapolis\/","title":{"rendered":"Visite priv\u00e9e \u00e0 Louisville depuis Indianapolis"},"content":{"rendered":"<h2>Description:<\/h2>\n<p>Avez-vous d\u00e9j\u00e0 \u00e9t\u00e9 \u00e0 Louisville?, Si vous n&#8217;y \u00eates pas all\u00e9 ou si vous souhaitez le visiter \u00e0 nouveau, c&#8217;est l&#8217;occasion id\u00e9ale!. Venez avec nous lors de cette visite priv\u00e9e \u00e0 Louisville au d\u00e9part d&#8217;Indianapolis dans un v\u00e9hicule de luxe priv\u00e9 avec chauffeur. Apr\u00e8s un trajet d&#8217;environ une heure et cinquante minutes, vous rencontrerez votre guide officiel local.<\/p>\n<p>Nous viendrons vous chercher \u00e0 votre h\u00f4tel ou lieu de votre choix \u00e0 Indianapolis. Comme il s&#8217;agit d&#8217;une visite priv\u00e9e et personnalis\u00e9e, vous pouvez choisir l&#8217;heure de d\u00e9but de votre excursion.<\/p>\n<p>Louisville est la plus grande ville de l&#8217;\u00e9tat du Kentucky et elle se trouve sur les rives de la rivi\u00e8re Ohio, juste \u00e0 la fronti\u00e8re de l&#8217;Indiana. Cette ville accueille les visiteurs avec des exp\u00e9riences r\u00e9gionales et traditionnelles authentiques et, bien s\u00fbr, avec cette hospitalit\u00e9 m\u00e9ridionale particuli\u00e8re. C&#8217;est un tr\u00e8s bel endroit pour se promener et pour profiter de beaux parcs et de la rivi\u00e8re.<\/p>\n<p>Nous vous invitons \u00e0 cette visite priv\u00e9e \u00e0 Louisville depuis Indianapolis qui nous croyez, vous ne le regretterez pas. Vous profiterez d&#8217;une excursion d&#8217;une journ\u00e9e pleine d&#8217;aventures et de bons souvenirs de vos vacances.<\/p>\n<h2>Sites d&#8217;int\u00e9r\u00eat et monuments<\/h2>\n<p>Votre premier contact avec Tour Travel &amp; More se fera \u00e0 votre h\u00f4tel ou lieu de votre choix \u00e0 Indianapolis. Votre chauffeur priv\u00e9 viendra vous chercher et vous conduira vers Louisville.<\/p>\n<p>Une fois \u00e0 Louisville, vous rencontrerez un guide local pour une visite guid\u00e9e de 3 heures, o\u00f9 vous visiterez les points forts de la ville. Pr\u00e9parez-vous \u00e0 vous renseigner sur la culture et les racines de cette belle ville qui ne cesse d&#8217;\u00e9tonner.<\/p>\n<p>Au cours de cette visite priv\u00e9e, vous pourrez visiter:<\/p>\n<ul>\n<li>Universit\u00e9 de Louisville<\/li>\n<li>Churchill Downs<\/li>\n<li>Mus\u00e9e et usine de Louisville Slugger<\/li>\n<li>Mus\u00e9e de la maison Conrad-Caldwell<\/li>\n<li>Centre des sciences du Kentucky<\/li>\n<li>\u00c9glise catholique St Joseph<\/li>\n<li>Parc Champion de Louisville<\/li>\n<li>Centre Muhammad Ali<\/li>\n<li>Parc au bord de l&#8217;eau<\/li>\n<li>Jardins botaniques au bord de l&#8217;eau<\/li>\n<li>et beaucoup plus!<\/li>\n<\/ul>\n<p>Bien s\u00fbr, lors de cette visite priv\u00e9e d&#8217;une journ\u00e9e, vous ferez une halte pour le d\u00e9jeuner et d\u00e9gusterez un plat typique de la ville. Si vous \u00eates int\u00e9ress\u00e9, nous pouvons faire une r\u00e9servation pour vous dans un tr\u00e8s bon restaurant.<\/p>\n<p>Enfin, apr\u00e8s une journ\u00e9e bien remplie, votre chauffeur priv\u00e9 vous ram\u00e8nera \u00e0 votre h\u00f4tel ou lieu de votre choix \u00e0 Indianapolis.<\/p>\n<p>N&#8217;oubliez pas de consulter notre liste de produits priv\u00e9s dans et depuis Indianapolis, afin que vous puissiez choisir votre meilleure option!.<\/p>\n<p><button style=\"width: auto; height: auto; background-image: url('data:image\/png;base64,iVBORw0KGgoAAAANSUhEUgAAADAAAAAwCAYAAABXAvmHAAABS2lUWHRYTUw6Y29tLmFkb2JlLnhtcAAAAAAAPD94cGFja2V0IGJlZ2luPSLvu78iIGlkPSJXNU0wTXBDZWhpSHpyZVN6TlRjemtjOWQiPz4KPHg6eG1wbWV0YSB4bWxuczp4PSJhZG9iZTpuczptZXRhLyIgeDp4bXB0az0iQWRvYmUgWE1QIENvcmUgNS42LWMxMzggNzkuMTU5ODI0LCAyMDE2LzA5LzE0LTAxOjA5OjAxICAgICAgICAiPgogPHJkZjpSREYgeG1sbnM6cmRmPSJodHRwOi8vd3d3LnczLm9yZy8xOTk5LzAyLzIyLXJkZi1zeW50YXgtbnMjIj4KICA8cmRmOkRlc2NyaXB0aW9uIHJkZjphYm91dD0iIi8+CiA8L3JkZjpSREY+CjwveDp4bXBtZXRhPgo8P3hwYWNrZXQgZW5kPSJyIj8+IEmuOgAAAx5JREFUaIHtmj1L81wYx39JI75AbYtgBTFTRdQGXV2cxMlPICjiakHE0cVJB5FO4uLgN1AnZ\/0EgoLQtd6tL6hJIwia9DzDg6Wxpcb7hMTe+INCz+t1\/TnJuU7OOYoQ4g8Qpz2xFSGEiNoLGVTAjtoJCWw1ag9k0eoTQgg2NzcplUp0dHRE5VNTHMdB0zTy+TydnZ21fI8Ay7K4vr4ml8uRSqVCd7IVQgjW19cpFAoYhlHLbxiBTCbD9PR06A76YXx8HNd1PXmed0BRFBzHwTTNUB3zy\/v7O7FYzJPX9i\/xr4Co0b6u0prj42Pu7u5a1unp6UHXdSYmJkgmk7ImPUgLWFlZoVQq+aqbSCSYn59ne3ubRCIhaxoI4BHSdd13Xcuy2N\/fxzCML0fNL9IjoChK7f\/p6Smjo6MNdWzb5vz8nI2NDUzTpFgsMjMzw+Xlpax5eQH1TE5OMjAw0LQsm80yNzdHNpvFtm2urq44PDxkaWlJymags9D9\/X3Lcl3X2dnZqaX39vakbYY+jS4uLtLV1QXAxcUFlUpFqr\/QBXR3d9Pf3w\/8v8J8fn6W6i90Aa7r8vT0BEAsFpOeTkMXcHJywsvLCwAjIyPSgS1QAb29vS3LHx4eyOVytfTy8rK0zUAFPD4+8vb25vm9vr5SLBY5ODjAMAzK5TIAQ0NDrK6uStsMNA7Mzs42rNfrn\/kP0uk0Z2dnaJq8+UAFfHb0M6qqsrCwwO7uLn19fYHYDFTA2tpa00isaRqDg4NMTU19a+3kh0AFbG1t1YJUWAT6EhcKhSC780Xbf5H9CoiaXwFRIy2gPng5jiPb3beRjgPDw8NYlgUQegyAAAQcHR3xccgTxNrmu0hbjMJpj32ZxkIITNOkWq16tlf8tlVVlWQy+e229UgLKJfLuK77VwI+PikjE6CqKmNjYzJdSPPvxQFVVT2HaD8JVVX5fKzdcEZWLpe5vb39cYd8ADc3Nw1nZB4B8XicdDpNPp+PJCi1wnEcUqkUmUzGk68IISp8uitRqVSoVqth+ueLJntIdtNZ6Kv9nZ9E21\/20IASbXzd5j\/MIQu2KoJrJwAAAABJRU5ErkJggg=='); background-size: 14px 14px; background-color: #000000; position: absolute; opacity: 1; z-index: 86753099; display: none; cursor: pointer; border: none; border-top-left-radius: 3px; border-top-right-radius: 3px; border-bottom-right-radius: 3px; border-bottom-left-radius: 3px; text-indent: 20px; padding: 0px 4px 0px 0px; text-align: center; font-style: normal; font-variant-caps: normal; font-weight: bold; font-stretch: normal; font-size: 11px; line-height: 20px; font-family: 'Helvetica Neue', Helvetica, sans-serif; color: #ffffff; text-transform: capitalize; -webkit-font-smoothing: antialiased; top: 1397px; left: 563px; background-position: 3px 50%; background-repeat: no-repeat no-repeat;\">plan it<\/button><\/p>\n","protected":false},"excerpt":{"rendered":"<p>Saisissez l&#8217;occasion de visiter une ville incroyable qui allie tradition et culture \u00e0 une architecture moderne et magnifique, oui!, Nous parlons de Louisville!. Venez avec nous depuis Indianapolis dans un v\u00e9hicule de luxe priv\u00e9 avec chauffeur.<\/p>\n","protected":false},"featured_media":88032,"comment_status":"open","ping_status":"closed","template":"","meta":{"_acf_changed":false},"product_brand":[],"product_cat":[3547,3797],"product_tag":[],"class_list":{"0":"post-104397","1":"product","2":"type-product","3":"status-publish","4":"has-post-thumbnail","6":"product_cat-etats-unis-fr","7":"product_cat-indianapolis-fr","9":"first","10":"instock","11":"shipping-taxable","12":"purchasable","13":"product-type-simple"},"acf":[],"yoast_head":"<!-- This site is optimized with the Yoast SEO Premium plugin v25.3.1 (Yoast SEO v25.3.1) - https:\/\/yoast.com\/wordpress\/plugins\/seo\/ -->\n<title>Visite priv\u00e9e \u00e0 Louisville depuis Indianapolis avec un guide local<\/title>\n<meta name=\"description\" content=\"Aventurez-vous lors de cette visite priv\u00e9e \u00e0 Louisville depuis Indianapolis et visitez la plus grande ville de l&#039;\u00c9tat du Kentucky aux c\u00f4t\u00e9s d&#039;un guide priv\u00e9.\" \/>\n<meta name=\"robots\" content=\"index, follow, max-snippet:-1, max-image-preview:large, max-video-preview:-1\" \/>\n<link rel=\"canonical\" href=\"https:\/\/tourtravelandmore.com\/fr\/tours\/etats-unis-fr\/indianapolis-fr\/visite-privee-a-louisville-depuis-indianapolis\/\" \/>\n<meta property=\"og:locale\" content=\"fr_FR\" \/>\n<meta property=\"og:type\" content=\"article\" \/>\n<meta property=\"og:title\" content=\"Visite priv\u00e9e \u00e0 Louisville depuis Indianapolis\" \/>\n<meta property=\"og:description\" content=\"Aventurez-vous lors de cette visite priv\u00e9e \u00e0 Louisville depuis Indianapolis et visitez la plus grande ville de l&#039;\u00c9tat du Kentucky aux c\u00f4t\u00e9s d&#039;un guide priv\u00e9.\" \/>\n<meta property=\"og:url\" content=\"https:\/\/tourtravelandmore.com\/fr\/tours\/etats-unis-fr\/indianapolis-fr\/visite-privee-a-louisville-depuis-indianapolis\/\" \/>\n<meta property=\"og:site_name\" content=\"Tour Travel And More\" \/>\n<meta property=\"article:publisher\" content=\"https:\/\/www.facebook.com\/tourtravelandmore\/\" \/>\n<meta property=\"article:modified_time\" content=\"2021-03-18T19:55:06+00:00\" \/>\n<meta property=\"og:image\" content=\"https:\/\/tourtravelandmore.com\/wp-content\/uploads\/2020\/11\/louisville-6.jpg\" \/>\n\t<meta property=\"og:image:width\" content=\"1280\" \/>\n\t<meta property=\"og:image:height\" content=\"960\" \/>\n\t<meta property=\"og:image:type\" content=\"image\/jpeg\" \/>\n<meta name=\"twitter:card\" content=\"summary_large_image\" \/>\n<meta name=\"twitter:site\" content=\"@TourTravel_More\" \/>\n<meta name=\"twitter:label1\" content=\"Dur\u00e9e de lecture estim\u00e9e\" \/>\n\t<meta name=\"twitter:data1\" content=\"2 minutes\" \/>\n<script type=\"application\/ld+json\" class=\"yoast-schema-graph\">{\"@context\":\"https:\/\/schema.org\",\"@graph\":[{\"@type\":\"WebPage\",\"@id\":\"https:\/\/tourtravelandmore.com\/fr\/tours\/etats-unis-fr\/indianapolis-fr\/visite-privee-a-louisville-depuis-indianapolis\/\",\"url\":\"https:\/\/tourtravelandmore.com\/fr\/tours\/etats-unis-fr\/indianapolis-fr\/visite-privee-a-louisville-depuis-indianapolis\/\",\"name\":\"Visite priv\u00e9e \u00e0 Louisville depuis Indianapolis avec un guide local\",\"isPartOf\":{\"@id\":\"https:\/\/tourtravelandmore.com\/fr\/#website\"},\"primaryImageOfPage\":{\"@id\":\"https:\/\/tourtravelandmore.com\/fr\/tours\/etats-unis-fr\/indianapolis-fr\/visite-privee-a-louisville-depuis-indianapolis\/#primaryimage\"},\"image\":{\"@id\":\"https:\/\/tourtravelandmore.com\/fr\/tours\/etats-unis-fr\/indianapolis-fr\/visite-privee-a-louisville-depuis-indianapolis\/#primaryimage\"},\"thumbnailUrl\":\"https:\/\/tourtravelandmore.com\/wp-content\/uploads\/2020\/11\/louisville-6.jpg\",\"datePublished\":\"2020-11-25T10:44:50+00:00\",\"dateModified\":\"2021-03-18T19:55:06+00:00\",\"description\":\"Aventurez-vous lors de cette visite priv\u00e9e \u00e0 Louisville depuis Indianapolis et visitez la plus grande ville de l'\u00c9tat du Kentucky aux c\u00f4t\u00e9s d'un guide priv\u00e9.\",\"breadcrumb\":{\"@id\":\"https:\/\/tourtravelandmore.com\/fr\/tours\/etats-unis-fr\/indianapolis-fr\/visite-privee-a-louisville-depuis-indianapolis\/#breadcrumb\"},\"inLanguage\":\"fr-FR\",\"potentialAction\":[{\"@type\":\"ReadAction\",\"target\":[\"https:\/\/tourtravelandmore.com\/fr\/tours\/etats-unis-fr\/indianapolis-fr\/visite-privee-a-louisville-depuis-indianapolis\/\"]}]},{\"@type\":\"ImageObject\",\"inLanguage\":\"fr-FR\",\"@id\":\"https:\/\/tourtravelandmore.com\/fr\/tours\/etats-unis-fr\/indianapolis-fr\/visite-privee-a-louisville-depuis-indianapolis\/#primaryimage\",\"url\":\"https:\/\/tourtravelandmore.com\/wp-content\/uploads\/2020\/11\/louisville-6.jpg\",\"contentUrl\":\"https:\/\/tourtravelandmore.com\/wp-content\/uploads\/2020\/11\/louisville-6.jpg\",\"width\":1280,\"height\":960},{\"@type\":\"BreadcrumbList\",\"@id\":\"https:\/\/tourtravelandmore.com\/fr\/tours\/etats-unis-fr\/indianapolis-fr\/visite-privee-a-louisville-depuis-indianapolis\/#breadcrumb\",\"itemListElement\":[{\"@type\":\"ListItem\",\"position\":1,\"name\":\"Home\",\"item\":\"https:\/\/tourtravelandmore.com\/fr\/\"},{\"@type\":\"ListItem\",\"position\":2,\"name\":\"Tours\",\"item\":\"https:\/\/tourtravelandmore.com\/fr\/tours\/\"},{\"@type\":\"ListItem\",\"position\":3,\"name\":\"Visite priv\u00e9e \u00e0 Louisville depuis Indianapolis\"}]},{\"@type\":\"WebSite\",\"@id\":\"https:\/\/tourtravelandmore.com\/fr\/#website\",\"url\":\"https:\/\/tourtravelandmore.com\/fr\/\",\"name\":\"Tour Travel And More\",\"description\":\"Private sightseeing tours and luxury transfers in Spain\",\"publisher\":{\"@id\":\"https:\/\/tourtravelandmore.com\/fr\/#organization\"},\"potentialAction\":[{\"@type\":\"SearchAction\",\"target\":{\"@type\":\"EntryPoint\",\"urlTemplate\":\"https:\/\/tourtravelandmore.com\/fr\/?s={search_term_string}\"},\"query-input\":{\"@type\":\"PropertyValueSpecification\",\"valueRequired\":true,\"valueName\":\"search_term_string\"}}],\"inLanguage\":\"fr-FR\"},{\"@type\":\"Organization\",\"@id\":\"https:\/\/tourtravelandmore.com\/fr\/#organization\",\"name\":\"Tour Travel And More\",\"url\":\"https:\/\/tourtravelandmore.com\/fr\/\",\"logo\":{\"@type\":\"ImageObject\",\"inLanguage\":\"fr-FR\",\"@id\":\"https:\/\/tourtravelandmore.com\/fr\/#\/schema\/logo\/image\/\",\"url\":\"https:\/\/tourtravelandmore.com\/wp-content\/uploads\/2022\/12\/cropped-logo-cabecera-new.png\",\"contentUrl\":\"https:\/\/tourtravelandmore.com\/wp-content\/uploads\/2022\/12\/cropped-logo-cabecera-new.png\",\"width\":430,\"height\":61,\"caption\":\"Tour Travel And More\"},\"image\":{\"@id\":\"https:\/\/tourtravelandmore.com\/fr\/#\/schema\/logo\/image\/\"},\"sameAs\":[\"https:\/\/www.facebook.com\/tourtravelandmore\/\",\"https:\/\/x.com\/TourTravel_More\"]}]}<\/script>\n<!-- \/ Yoast SEO Premium plugin. -->","yoast_head_json":{"title":"Visite priv\u00e9e \u00e0 Louisville depuis Indianapolis avec un guide local","description":"Aventurez-vous lors de cette visite priv\u00e9e \u00e0 Louisville depuis Indianapolis et visitez la plus grande ville de l'\u00c9tat du Kentucky aux c\u00f4t\u00e9s d'un guide priv\u00e9.","robots":{"index":"index","follow":"follow","max-snippet":"max-snippet:-1","max-image-preview":"max-image-preview:large","max-video-preview":"max-video-preview:-1"},"canonical":"https:\/\/tourtravelandmore.com\/fr\/tours\/etats-unis-fr\/indianapolis-fr\/visite-privee-a-louisville-depuis-indianapolis\/","og_locale":"fr_FR","og_type":"article","og_title":"Visite priv\u00e9e \u00e0 Louisville depuis Indianapolis","og_description":"Aventurez-vous lors de cette visite priv\u00e9e \u00e0 Louisville depuis Indianapolis et visitez la plus grande ville de l'\u00c9tat du Kentucky aux c\u00f4t\u00e9s d'un guide priv\u00e9.","og_url":"https:\/\/tourtravelandmore.com\/fr\/tours\/etats-unis-fr\/indianapolis-fr\/visite-privee-a-louisville-depuis-indianapolis\/","og_site_name":"Tour Travel And More","article_publisher":"https:\/\/www.facebook.com\/tourtravelandmore\/","article_modified_time":"2021-03-18T19:55:06+00:00","og_image":[{"width":1280,"height":960,"url":"https:\/\/tourtravelandmore.com\/wp-content\/uploads\/2020\/11\/louisville-6.jpg","type":"image\/jpeg"}],"twitter_card":"summary_large_image","twitter_site":"@TourTravel_More","twitter_misc":{"Dur\u00e9e de lecture estim\u00e9e":"2 minutes"},"schema":{"@context":"https:\/\/schema.org","@graph":[{"@type":"WebPage","@id":"https:\/\/tourtravelandmore.com\/fr\/tours\/etats-unis-fr\/indianapolis-fr\/visite-privee-a-louisville-depuis-indianapolis\/","url":"https:\/\/tourtravelandmore.com\/fr\/tours\/etats-unis-fr\/indianapolis-fr\/visite-privee-a-louisville-depuis-indianapolis\/","name":"Visite priv\u00e9e \u00e0 Louisville depuis Indianapolis avec un guide local","isPartOf":{"@id":"https:\/\/tourtravelandmore.com\/fr\/#website"},"primaryImageOfPage":{"@id":"https:\/\/tourtravelandmore.com\/fr\/tours\/etats-unis-fr\/indianapolis-fr\/visite-privee-a-louisville-depuis-indianapolis\/#primaryimage"},"image":{"@id":"https:\/\/tourtravelandmore.com\/fr\/tours\/etats-unis-fr\/indianapolis-fr\/visite-privee-a-louisville-depuis-indianapolis\/#primaryimage"},"thumbnailUrl":"https:\/\/tourtravelandmore.com\/wp-content\/uploads\/2020\/11\/louisville-6.jpg","datePublished":"2020-11-25T10:44:50+00:00","dateModified":"2021-03-18T19:55:06+00:00","description":"Aventurez-vous lors de cette visite priv\u00e9e \u00e0 Louisville depuis Indianapolis et visitez la plus grande ville de l'\u00c9tat du Kentucky aux c\u00f4t\u00e9s d'un guide priv\u00e9.","breadcrumb":{"@id":"https:\/\/tourtravelandmore.com\/fr\/tours\/etats-unis-fr\/indianapolis-fr\/visite-privee-a-louisville-depuis-indianapolis\/#breadcrumb"},"inLanguage":"fr-FR","potentialAction":[{"@type":"ReadAction","target":["https:\/\/tourtravelandmore.com\/fr\/tours\/etats-unis-fr\/indianapolis-fr\/visite-privee-a-louisville-depuis-indianapolis\/"]}]},{"@type":"ImageObject","inLanguage":"fr-FR","@id":"https:\/\/tourtravelandmore.com\/fr\/tours\/etats-unis-fr\/indianapolis-fr\/visite-privee-a-louisville-depuis-indianapolis\/#primaryimage","url":"https:\/\/tourtravelandmore.com\/wp-content\/uploads\/2020\/11\/louisville-6.jpg","contentUrl":"https:\/\/tourtravelandmore.com\/wp-content\/uploads\/2020\/11\/louisville-6.jpg","width":1280,"height":960},{"@type":"BreadcrumbList","@id":"https:\/\/tourtravelandmore.com\/fr\/tours\/etats-unis-fr\/indianapolis-fr\/visite-privee-a-louisville-depuis-indianapolis\/#breadcrumb","itemListElement":[{"@type":"ListItem","position":1,"name":"Home","item":"https:\/\/tourtravelandmore.com\/fr\/"},{"@type":"ListItem","position":2,"name":"Tours","item":"https:\/\/tourtravelandmore.com\/fr\/tours\/"},{"@type":"ListItem","position":3,"name":"Visite priv\u00e9e \u00e0 Louisville depuis Indianapolis"}]},{"@type":"WebSite","@id":"https:\/\/tourtravelandmore.com\/fr\/#website","url":"https:\/\/tourtravelandmore.com\/fr\/","name":"Tour Travel And More","description":"Private sightseeing tours and luxury transfers in Spain","publisher":{"@id":"https:\/\/tourtravelandmore.com\/fr\/#organization"},"potentialAction":[{"@type":"SearchAction","target":{"@type":"EntryPoint","urlTemplate":"https:\/\/tourtravelandmore.com\/fr\/?s={search_term_string}"},"query-input":{"@type":"PropertyValueSpecification","valueRequired":true,"valueName":"search_term_string"}}],"inLanguage":"fr-FR"},{"@type":"Organization","@id":"https:\/\/tourtravelandmore.com\/fr\/#organization","name":"Tour Travel And More","url":"https:\/\/tourtravelandmore.com\/fr\/","logo":{"@type":"ImageObject","inLanguage":"fr-FR","@id":"https:\/\/tourtravelandmore.com\/fr\/#\/schema\/logo\/image\/","url":"https:\/\/tourtravelandmore.com\/wp-content\/uploads\/2022\/12\/cropped-logo-cabecera-new.png","contentUrl":"https:\/\/tourtravelandmore.com\/wp-content\/uploads\/2022\/12\/cropped-logo-cabecera-new.png","width":430,"height":61,"caption":"Tour Travel And More"},"image":{"@id":"https:\/\/tourtravelandmore.com\/fr\/#\/schema\/logo\/image\/"},"sameAs":["https:\/\/www.facebook.com\/tourtravelandmore\/","https:\/\/x.com\/TourTravel_More"]}]}},"_links":{"self":[{"href":"https:\/\/tourtravelandmore.com\/fr\/wp-json\/wp\/v2\/product\/104397","targetHints":{"allow":["GET"]}}],"collection":[{"href":"https:\/\/tourtravelandmore.com\/fr\/wp-json\/wp\/v2\/product"}],"about":[{"href":"https:\/\/tourtravelandmore.com\/fr\/wp-json\/wp\/v2\/types\/product"}],"replies":[{"embeddable":true,"href":"https:\/\/tourtravelandmore.com\/fr\/wp-json\/wp\/v2\/comments?post=104397"}],"wp:featuredmedia":[{"embeddable":true,"href":"https:\/\/tourtravelandmore.com\/fr\/wp-json\/wp\/v2\/media\/88032"}],"wp:attachment":[{"href":"https:\/\/tourtravelandmore.com\/fr\/wp-json\/wp\/v2\/media?parent=104397"}],"wp:term":[{"taxonomy":"product_brand","embeddable":true,"href":"https:\/\/tourtravelandmore.com\/fr\/wp-json\/wp\/v2\/product_brand?post=104397"},{"taxonomy":"product_cat","embeddable":true,"href":"https:\/\/tourtravelandmore.com\/fr\/wp-json\/wp\/v2\/product_cat?post=104397"},{"taxonomy":"product_tag","embeddable":true,"href":"https:\/\/tourtravelandmore.com\/fr\/wp-json\/wp\/v2\/product_tag?post=104397"}],"curies":[{"name":"wp","href":"https:\/\/api.w.org\/{rel}","templated":true}]}}