{"id":104391,"date":"2020-11-25T10:39:09","date_gmt":"2020-11-25T09:39:09","guid":{"rendered":"https:\/\/tourtravelandmore.com\/tours\/non%20class\u00e9\/visite-privee-a-chicago-depuis-indianapolis\/"},"modified":"2021-03-18T20:53:41","modified_gmt":"2021-03-18T19:53:41","slug":"visite-privee-a-chicago-depuis-indianapolis","status":"publish","type":"product","link":"https:\/\/tourtravelandmore.com\/fr\/tours\/etats-unis-fr\/indianapolis-fr\/visite-privee-a-chicago-depuis-indianapolis\/","title":{"rendered":"Visite priv\u00e9e \u00e0 Chicago depuis Indianapolis"},"content":{"rendered":"<h2>Description:<\/h2>\n<p>Venez avec nous lors de cette visite priv\u00e9e \u00e0 Chicago au d\u00e9part d&#8217;Indianapolis. Profitez de l&#8217;occasion de visiter confortablement l&#8217;une des plus grandes villes des \u00c9tats-Unis dans un v\u00e9hicule de luxe priv\u00e9 avec chauffeur. Une fois \u00e0 Chicago, vous rencontrerez votre guide officiel priv\u00e9 pour une visite guid\u00e9e de 4 heures.<\/p>\n<p>Comme vous le savez peut-\u00eatre, cette visite priv\u00e9e commencera apr\u00e8s une prise en charge priv\u00e9e dans votre lieu de choix \u00e0 Indianapolis. Il vous suffit de mentionner votre lieu de s\u00e9jour et nous nous chargerons de tout pour vous.<\/p>\n<p>Chicago est situ\u00e9e au bord du lac Michigan dans l&#8217;Illinois. Cette ville est c\u00e9l\u00e8bre en raison de son architecture unique et de son horizon plein de gratte-ciel comme l&#8217;embl\u00e9matique John Hancock Center. De plus, il n&#8217;est pas n\u00e9cessaire de dire que c&#8217;est l&#8217;une des villes o\u00f9 sont tourn\u00e9es les s\u00e9ries les plus importantes aux \u00c9tats-Unis.<\/p>\n<p>Si vous recherchez une autre excursion d&#8217;une journ\u00e9e compl\u00e8te au d\u00e9part d&#8217;Indianapolis, jetez un \u0153il \u00e0 notre visite priv\u00e9e \u00e0 Columbus!.<\/p>\n<h2>Sites d&#8217;int\u00e9r\u00eat et monuments<\/h2>\n<p>Tout d&#8217;abord, votre chauffeur priv\u00e9 viendra vous chercher \u00e0 votre h\u00f4tel ou lieu de votre choix \u00e0 Indianapolis. Le voyage d&#8217;Indianapolis \u00e0 Chicago dure environ 3 heures et est identique pour le retour.<\/p>\n<p>Lors de cette visite priv\u00e9e \u00e0 Chicago depuis Indianapolis, vous pourrez visiter les lieux et monuments les plus embl\u00e9matiques. Votre guide local sera \u00e0 votre enti\u00e8re disposition et vous montrera tous les coins de cette ville incroyable. Entre autres lieux et monuments que vous pourrez visiter:<\/p>\n<ul>\n<li>Willis Tower et son Skydeck: le plus haut gratte-ciel de la ville<\/li>\n<li>Parc du Mill\u00e9naire<\/li>\n<li>Fontaine de Buckingham<\/li>\n<li>Jet\u00e9e de la Marine<\/li>\n<li>Chicago Riverwalk<\/li>\n<li>Centre culturel de Chicago<\/li>\n<li>Mus\u00e9e Field<\/li>\n<li>Plage d&#8217;Oak Street<\/li>\n<li>Quatri\u00e8me \u00e9glise presbyt\u00e9rienne<\/li>\n<li>Tour de la Tribune<\/li>\n<li>Magnificent Mile: la rue commer\u00e7ante la plus c\u00e9l\u00e8bre de la ville<\/li>\n<li>Ch\u00e2teau d&#8217;eau: b\u00e2timent public du centre-ville qui a surv\u00e9cu \u00e0 l&#8217;incendie qui a d\u00e9truit la ville en 1871.<\/li>\n<\/ul>\n<p>Si vous souhaitez une exp\u00e9rience plus compl\u00e8te, nous pouvons inclure un billet d&#8217;entr\u00e9e \u00e0 tout mus\u00e9e ou monument que vous souhaitez visiter. Il vous suffit de contacter l&#8217;\u00e9quipe de Tour Travel &amp; More et elle sera pr\u00eate \u00e0 vous aider.<\/p>\n<p>Enfin, \u00e0 la fin de la visite, votre chauffeur priv\u00e9 vous ram\u00e8nera \u00e0 votre h\u00f4tel \u00e0 Indianapolis.<\/p>\n<p><button style=\"width: auto; height: auto; background-image: url('data:image\/png;base64,iVBORw0KGgoAAAANSUhEUgAAADAAAAAwCAYAAABXAvmHAAABS2lUWHRYTUw6Y29tLmFkb2JlLnhtcAAAAAAAPD94cGFja2V0IGJlZ2luPSLvu78iIGlkPSJXNU0wTXBDZWhpSHpyZVN6TlRjemtjOWQiPz4KPHg6eG1wbWV0YSB4bWxuczp4PSJhZG9iZTpuczptZXRhLyIgeDp4bXB0az0iQWRvYmUgWE1QIENvcmUgNS42LWMxMzggNzkuMTU5ODI0LCAyMDE2LzA5LzE0LTAxOjA5OjAxICAgICAgICAiPgogPHJkZjpSREYgeG1sbnM6cmRmPSJodHRwOi8vd3d3LnczLm9yZy8xOTk5LzAyLzIyLXJkZi1zeW50YXgtbnMjIj4KICA8cmRmOkRlc2NyaXB0aW9uIHJkZjphYm91dD0iIi8+CiA8L3JkZjpSREY+CjwveDp4bXBtZXRhPgo8P3hwYWNrZXQgZW5kPSJyIj8+IEmuOgAAAx5JREFUaIHtmj1L81wYx39JI75AbYtgBTFTRdQGXV2cxMlPICjiakHE0cVJB5FO4uLgN1AnZ\/0EgoLQtd6tL6hJIwia9DzDg6Wxpcb7hMTe+INCz+t1\/TnJuU7OOYoQ4g8Qpz2xFSGEiNoLGVTAjtoJCWw1ag9k0eoTQgg2NzcplUp0dHRE5VNTHMdB0zTy+TydnZ21fI8Ay7K4vr4ml8uRSqVCd7IVQgjW19cpFAoYhlHLbxiBTCbD9PR06A76YXx8HNd1PXmed0BRFBzHwTTNUB3zy\/v7O7FYzJPX9i\/xr4Co0b6u0prj42Pu7u5a1unp6UHXdSYmJkgmk7ImPUgLWFlZoVQq+aqbSCSYn59ne3ubRCIhaxoI4BHSdd13Xcuy2N\/fxzCML0fNL9IjoChK7f\/p6Smjo6MNdWzb5vz8nI2NDUzTpFgsMjMzw+Xlpax5eQH1TE5OMjAw0LQsm80yNzdHNpvFtm2urq44PDxkaWlJymags9D9\/X3Lcl3X2dnZqaX39vakbYY+jS4uLtLV1QXAxcUFlUpFqr\/QBXR3d9Pf3w\/8v8J8fn6W6i90Aa7r8vT0BEAsFpOeTkMXcHJywsvLCwAjIyPSgS1QAb29vS3LHx4eyOVytfTy8rK0zUAFPD4+8vb25vm9vr5SLBY5ODjAMAzK5TIAQ0NDrK6uStsMNA7Mzs42rNfrn\/kP0uk0Z2dnaJq8+UAFfHb0M6qqsrCwwO7uLn19fYHYDFTA2tpa00isaRqDg4NMTU19a+3kh0AFbG1t1YJUWAT6EhcKhSC780Xbf5H9CoiaXwFRIy2gPng5jiPb3beRjgPDw8NYlgUQegyAAAQcHR3xccgTxNrmu0hbjMJpj32ZxkIITNOkWq16tlf8tlVVlWQy+e229UgLKJfLuK77VwI+PikjE6CqKmNjYzJdSPPvxQFVVT2HaD8JVVX5fKzdcEZWLpe5vb39cYd8ADc3Nw1nZB4B8XicdDpNPp+PJCi1wnEcUqkUmUzGk68IISp8uitRqVSoVqth+ueLJntIdtNZ6Kv9nZ9E21\/20IASbXzd5j\/MIQu2KoJrJwAAAABJRU5ErkJggg=='); background-size: 14px 14px; background-color: #000000; position: absolute; opacity: 1; z-index: 86753099; display: none; cursor: pointer; border: none; border-top-left-radius: 3px; border-top-right-radius: 3px; border-bottom-right-radius: 3px; border-bottom-left-radius: 3px; text-indent: 20px; padding: 0px 4px 0px 0px; text-align: center; font-style: normal; font-variant-caps: normal; font-weight: bold; font-stretch: normal; font-size: 11px; line-height: 20px; font-family: 'Helvetica Neue', Helvetica, sans-serif; color: #ffffff; text-transform: capitalize; -webkit-font-smoothing: antialiased; top: 1397px; left: 563px; background-position: 3px 50%; background-repeat: no-repeat no-repeat;\">plan it<\/button><\/p>\n","protected":false},"excerpt":{"rendered":"<p>Prenez une journ\u00e9e de cong\u00e9 d&#8217;Indianapolis et courez la chance de visiter la ville de Chicago. Vous serez assist\u00e9 par un guide local qui vous montrera tous les endroits les plus incroyables et les plus importants de Chicago. Nous pouvons \u00e9galement inclure les billets d&#8217;entr\u00e9e!.<\/p>\n","protected":false},"featured_media":98523,"comment_status":"open","ping_status":"closed","template":"","meta":{"_acf_changed":false},"product_brand":[],"product_cat":[3547,3797],"product_tag":[],"class_list":{"0":"post-104391","1":"product","2":"type-product","3":"status-publish","4":"has-post-thumbnail","6":"product_cat-etats-unis-fr","7":"product_cat-indianapolis-fr","9":"first","10":"instock","11":"shipping-taxable","12":"purchasable","13":"product-type-simple"},"acf":[],"yoast_head":"<!-- This site is optimized with the Yoast SEO Premium plugin v25.3.1 (Yoast SEO v25.3.1) - https:\/\/yoast.com\/wordpress\/plugins\/seo\/ -->\n<title>Visite priv\u00e9e \u00e0 Chicago depuis Indianapolis avec un guide local<\/title>\n<meta name=\"description\" content=\"Rejoignez-nous pour cette excursion priv\u00e9e d&#039;une journ\u00e9e \u00e0 Chicago au d\u00e9part d&#039;Indianapolis et pr\u00e9parez-vous \u00e0 visiter l&#039;une des plus belles villes des \u00c9tats-Unis.\" \/>\n<meta name=\"robots\" content=\"index, follow, max-snippet:-1, max-image-preview:large, max-video-preview:-1\" \/>\n<link rel=\"canonical\" href=\"https:\/\/tourtravelandmore.com\/fr\/tours\/etats-unis-fr\/indianapolis-fr\/visite-privee-a-chicago-depuis-indianapolis\/\" \/>\n<meta property=\"og:locale\" content=\"fr_FR\" \/>\n<meta property=\"og:type\" content=\"article\" \/>\n<meta property=\"og:title\" content=\"Visite priv\u00e9e \u00e0 Chicago depuis Indianapolis\" \/>\n<meta property=\"og:description\" content=\"Rejoignez-nous pour cette excursion priv\u00e9e d&#039;une journ\u00e9e \u00e0 Chicago au d\u00e9part d&#039;Indianapolis et pr\u00e9parez-vous \u00e0 visiter l&#039;une des plus belles villes des \u00c9tats-Unis.\" \/>\n<meta property=\"og:url\" content=\"https:\/\/tourtravelandmore.com\/fr\/tours\/etats-unis-fr\/indianapolis-fr\/visite-privee-a-chicago-depuis-indianapolis\/\" \/>\n<meta property=\"og:site_name\" content=\"Tour Travel And More\" \/>\n<meta property=\"article:publisher\" content=\"https:\/\/www.facebook.com\/tourtravelandmore\/\" \/>\n<meta property=\"article:modified_time\" content=\"2021-03-18T19:53:41+00:00\" \/>\n<meta property=\"og:image\" content=\"https:\/\/tourtravelandmore.com\/wp-content\/uploads\/2020\/10\/chicago-1.jpg\" \/>\n\t<meta property=\"og:image:width\" content=\"1280\" \/>\n\t<meta property=\"og:image:height\" content=\"960\" \/>\n\t<meta property=\"og:image:type\" content=\"image\/jpeg\" \/>\n<meta name=\"twitter:card\" content=\"summary_large_image\" \/>\n<meta name=\"twitter:site\" content=\"@TourTravel_More\" \/>\n<meta name=\"twitter:label1\" content=\"Dur\u00e9e de lecture estim\u00e9e\" \/>\n\t<meta name=\"twitter:data1\" content=\"2 minutes\" \/>\n<script type=\"application\/ld+json\" class=\"yoast-schema-graph\">{\"@context\":\"https:\/\/schema.org\",\"@graph\":[{\"@type\":\"WebPage\",\"@id\":\"https:\/\/tourtravelandmore.com\/fr\/tours\/etats-unis-fr\/indianapolis-fr\/visite-privee-a-chicago-depuis-indianapolis\/\",\"url\":\"https:\/\/tourtravelandmore.com\/fr\/tours\/etats-unis-fr\/indianapolis-fr\/visite-privee-a-chicago-depuis-indianapolis\/\",\"name\":\"Visite priv\u00e9e \u00e0 Chicago depuis Indianapolis avec un guide local\",\"isPartOf\":{\"@id\":\"https:\/\/tourtravelandmore.com\/fr\/#website\"},\"primaryImageOfPage\":{\"@id\":\"https:\/\/tourtravelandmore.com\/fr\/tours\/etats-unis-fr\/indianapolis-fr\/visite-privee-a-chicago-depuis-indianapolis\/#primaryimage\"},\"image\":{\"@id\":\"https:\/\/tourtravelandmore.com\/fr\/tours\/etats-unis-fr\/indianapolis-fr\/visite-privee-a-chicago-depuis-indianapolis\/#primaryimage\"},\"thumbnailUrl\":\"https:\/\/tourtravelandmore.com\/wp-content\/uploads\/2020\/10\/chicago-1.jpg\",\"datePublished\":\"2020-11-25T09:39:09+00:00\",\"dateModified\":\"2021-03-18T19:53:41+00:00\",\"description\":\"Rejoignez-nous pour cette excursion priv\u00e9e d'une journ\u00e9e \u00e0 Chicago au d\u00e9part d'Indianapolis et pr\u00e9parez-vous \u00e0 visiter l'une des plus belles villes des \u00c9tats-Unis.\",\"breadcrumb\":{\"@id\":\"https:\/\/tourtravelandmore.com\/fr\/tours\/etats-unis-fr\/indianapolis-fr\/visite-privee-a-chicago-depuis-indianapolis\/#breadcrumb\"},\"inLanguage\":\"fr-FR\",\"potentialAction\":[{\"@type\":\"ReadAction\",\"target\":[\"https:\/\/tourtravelandmore.com\/fr\/tours\/etats-unis-fr\/indianapolis-fr\/visite-privee-a-chicago-depuis-indianapolis\/\"]}]},{\"@type\":\"ImageObject\",\"inLanguage\":\"fr-FR\",\"@id\":\"https:\/\/tourtravelandmore.com\/fr\/tours\/etats-unis-fr\/indianapolis-fr\/visite-privee-a-chicago-depuis-indianapolis\/#primaryimage\",\"url\":\"https:\/\/tourtravelandmore.com\/wp-content\/uploads\/2020\/10\/chicago-1.jpg\",\"contentUrl\":\"https:\/\/tourtravelandmore.com\/wp-content\/uploads\/2020\/10\/chicago-1.jpg\",\"width\":1280,\"height\":960},{\"@type\":\"BreadcrumbList\",\"@id\":\"https:\/\/tourtravelandmore.com\/fr\/tours\/etats-unis-fr\/indianapolis-fr\/visite-privee-a-chicago-depuis-indianapolis\/#breadcrumb\",\"itemListElement\":[{\"@type\":\"ListItem\",\"position\":1,\"name\":\"Home\",\"item\":\"https:\/\/tourtravelandmore.com\/fr\/\"},{\"@type\":\"ListItem\",\"position\":2,\"name\":\"Tours\",\"item\":\"https:\/\/tourtravelandmore.com\/fr\/tours\/\"},{\"@type\":\"ListItem\",\"position\":3,\"name\":\"Visite priv\u00e9e \u00e0 Chicago depuis Indianapolis\"}]},{\"@type\":\"WebSite\",\"@id\":\"https:\/\/tourtravelandmore.com\/fr\/#website\",\"url\":\"https:\/\/tourtravelandmore.com\/fr\/\",\"name\":\"Tour Travel And More\",\"description\":\"Private sightseeing tours and luxury transfers in Spain\",\"publisher\":{\"@id\":\"https:\/\/tourtravelandmore.com\/fr\/#organization\"},\"potentialAction\":[{\"@type\":\"SearchAction\",\"target\":{\"@type\":\"EntryPoint\",\"urlTemplate\":\"https:\/\/tourtravelandmore.com\/fr\/?s={search_term_string}\"},\"query-input\":{\"@type\":\"PropertyValueSpecification\",\"valueRequired\":true,\"valueName\":\"search_term_string\"}}],\"inLanguage\":\"fr-FR\"},{\"@type\":\"Organization\",\"@id\":\"https:\/\/tourtravelandmore.com\/fr\/#organization\",\"name\":\"Tour Travel And More\",\"url\":\"https:\/\/tourtravelandmore.com\/fr\/\",\"logo\":{\"@type\":\"ImageObject\",\"inLanguage\":\"fr-FR\",\"@id\":\"https:\/\/tourtravelandmore.com\/fr\/#\/schema\/logo\/image\/\",\"url\":\"https:\/\/tourtravelandmore.com\/wp-content\/uploads\/2022\/12\/cropped-logo-cabecera-new.png\",\"contentUrl\":\"https:\/\/tourtravelandmore.com\/wp-content\/uploads\/2022\/12\/cropped-logo-cabecera-new.png\",\"width\":430,\"height\":61,\"caption\":\"Tour Travel And More\"},\"image\":{\"@id\":\"https:\/\/tourtravelandmore.com\/fr\/#\/schema\/logo\/image\/\"},\"sameAs\":[\"https:\/\/www.facebook.com\/tourtravelandmore\/\",\"https:\/\/x.com\/TourTravel_More\"]}]}<\/script>\n<!-- \/ Yoast SEO Premium plugin. -->","yoast_head_json":{"title":"Visite priv\u00e9e \u00e0 Chicago depuis Indianapolis avec un guide local","description":"Rejoignez-nous pour cette excursion priv\u00e9e d'une journ\u00e9e \u00e0 Chicago au d\u00e9part d'Indianapolis et pr\u00e9parez-vous \u00e0 visiter l'une des plus belles villes des \u00c9tats-Unis.","robots":{"index":"index","follow":"follow","max-snippet":"max-snippet:-1","max-image-preview":"max-image-preview:large","max-video-preview":"max-video-preview:-1"},"canonical":"https:\/\/tourtravelandmore.com\/fr\/tours\/etats-unis-fr\/indianapolis-fr\/visite-privee-a-chicago-depuis-indianapolis\/","og_locale":"fr_FR","og_type":"article","og_title":"Visite priv\u00e9e \u00e0 Chicago depuis Indianapolis","og_description":"Rejoignez-nous pour cette excursion priv\u00e9e d'une journ\u00e9e \u00e0 Chicago au d\u00e9part d'Indianapolis et pr\u00e9parez-vous \u00e0 visiter l'une des plus belles villes des \u00c9tats-Unis.","og_url":"https:\/\/tourtravelandmore.com\/fr\/tours\/etats-unis-fr\/indianapolis-fr\/visite-privee-a-chicago-depuis-indianapolis\/","og_site_name":"Tour Travel And More","article_publisher":"https:\/\/www.facebook.com\/tourtravelandmore\/","article_modified_time":"2021-03-18T19:53:41+00:00","og_image":[{"width":1280,"height":960,"url":"https:\/\/tourtravelandmore.com\/wp-content\/uploads\/2020\/10\/chicago-1.jpg","type":"image\/jpeg"}],"twitter_card":"summary_large_image","twitter_site":"@TourTravel_More","twitter_misc":{"Dur\u00e9e de lecture estim\u00e9e":"2 minutes"},"schema":{"@context":"https:\/\/schema.org","@graph":[{"@type":"WebPage","@id":"https:\/\/tourtravelandmore.com\/fr\/tours\/etats-unis-fr\/indianapolis-fr\/visite-privee-a-chicago-depuis-indianapolis\/","url":"https:\/\/tourtravelandmore.com\/fr\/tours\/etats-unis-fr\/indianapolis-fr\/visite-privee-a-chicago-depuis-indianapolis\/","name":"Visite priv\u00e9e \u00e0 Chicago depuis Indianapolis avec un guide local","isPartOf":{"@id":"https:\/\/tourtravelandmore.com\/fr\/#website"},"primaryImageOfPage":{"@id":"https:\/\/tourtravelandmore.com\/fr\/tours\/etats-unis-fr\/indianapolis-fr\/visite-privee-a-chicago-depuis-indianapolis\/#primaryimage"},"image":{"@id":"https:\/\/tourtravelandmore.com\/fr\/tours\/etats-unis-fr\/indianapolis-fr\/visite-privee-a-chicago-depuis-indianapolis\/#primaryimage"},"thumbnailUrl":"https:\/\/tourtravelandmore.com\/wp-content\/uploads\/2020\/10\/chicago-1.jpg","datePublished":"2020-11-25T09:39:09+00:00","dateModified":"2021-03-18T19:53:41+00:00","description":"Rejoignez-nous pour cette excursion priv\u00e9e d'une journ\u00e9e \u00e0 Chicago au d\u00e9part d'Indianapolis et pr\u00e9parez-vous \u00e0 visiter l'une des plus belles villes des \u00c9tats-Unis.","breadcrumb":{"@id":"https:\/\/tourtravelandmore.com\/fr\/tours\/etats-unis-fr\/indianapolis-fr\/visite-privee-a-chicago-depuis-indianapolis\/#breadcrumb"},"inLanguage":"fr-FR","potentialAction":[{"@type":"ReadAction","target":["https:\/\/tourtravelandmore.com\/fr\/tours\/etats-unis-fr\/indianapolis-fr\/visite-privee-a-chicago-depuis-indianapolis\/"]}]},{"@type":"ImageObject","inLanguage":"fr-FR","@id":"https:\/\/tourtravelandmore.com\/fr\/tours\/etats-unis-fr\/indianapolis-fr\/visite-privee-a-chicago-depuis-indianapolis\/#primaryimage","url":"https:\/\/tourtravelandmore.com\/wp-content\/uploads\/2020\/10\/chicago-1.jpg","contentUrl":"https:\/\/tourtravelandmore.com\/wp-content\/uploads\/2020\/10\/chicago-1.jpg","width":1280,"height":960},{"@type":"BreadcrumbList","@id":"https:\/\/tourtravelandmore.com\/fr\/tours\/etats-unis-fr\/indianapolis-fr\/visite-privee-a-chicago-depuis-indianapolis\/#breadcrumb","itemListElement":[{"@type":"ListItem","position":1,"name":"Home","item":"https:\/\/tourtravelandmore.com\/fr\/"},{"@type":"ListItem","position":2,"name":"Tours","item":"https:\/\/tourtravelandmore.com\/fr\/tours\/"},{"@type":"ListItem","position":3,"name":"Visite priv\u00e9e \u00e0 Chicago depuis Indianapolis"}]},{"@type":"WebSite","@id":"https:\/\/tourtravelandmore.com\/fr\/#website","url":"https:\/\/tourtravelandmore.com\/fr\/","name":"Tour Travel And More","description":"Private sightseeing tours and luxury transfers in Spain","publisher":{"@id":"https:\/\/tourtravelandmore.com\/fr\/#organization"},"potentialAction":[{"@type":"SearchAction","target":{"@type":"EntryPoint","urlTemplate":"https:\/\/tourtravelandmore.com\/fr\/?s={search_term_string}"},"query-input":{"@type":"PropertyValueSpecification","valueRequired":true,"valueName":"search_term_string"}}],"inLanguage":"fr-FR"},{"@type":"Organization","@id":"https:\/\/tourtravelandmore.com\/fr\/#organization","name":"Tour Travel And More","url":"https:\/\/tourtravelandmore.com\/fr\/","logo":{"@type":"ImageObject","inLanguage":"fr-FR","@id":"https:\/\/tourtravelandmore.com\/fr\/#\/schema\/logo\/image\/","url":"https:\/\/tourtravelandmore.com\/wp-content\/uploads\/2022\/12\/cropped-logo-cabecera-new.png","contentUrl":"https:\/\/tourtravelandmore.com\/wp-content\/uploads\/2022\/12\/cropped-logo-cabecera-new.png","width":430,"height":61,"caption":"Tour Travel And More"},"image":{"@id":"https:\/\/tourtravelandmore.com\/fr\/#\/schema\/logo\/image\/"},"sameAs":["https:\/\/www.facebook.com\/tourtravelandmore\/","https:\/\/x.com\/TourTravel_More"]}]}},"_links":{"self":[{"href":"https:\/\/tourtravelandmore.com\/fr\/wp-json\/wp\/v2\/product\/104391","targetHints":{"allow":["GET"]}}],"collection":[{"href":"https:\/\/tourtravelandmore.com\/fr\/wp-json\/wp\/v2\/product"}],"about":[{"href":"https:\/\/tourtravelandmore.com\/fr\/wp-json\/wp\/v2\/types\/product"}],"replies":[{"embeddable":true,"href":"https:\/\/tourtravelandmore.com\/fr\/wp-json\/wp\/v2\/comments?post=104391"}],"wp:featuredmedia":[{"embeddable":true,"href":"https:\/\/tourtravelandmore.com\/fr\/wp-json\/wp\/v2\/media\/98523"}],"wp:attachment":[{"href":"https:\/\/tourtravelandmore.com\/fr\/wp-json\/wp\/v2\/media?parent=104391"}],"wp:term":[{"taxonomy":"product_brand","embeddable":true,"href":"https:\/\/tourtravelandmore.com\/fr\/wp-json\/wp\/v2\/product_brand?post=104391"},{"taxonomy":"product_cat","embeddable":true,"href":"https:\/\/tourtravelandmore.com\/fr\/wp-json\/wp\/v2\/product_cat?post=104391"},{"taxonomy":"product_tag","embeddable":true,"href":"https:\/\/tourtravelandmore.com\/fr\/wp-json\/wp\/v2\/product_tag?post=104391"}],"curies":[{"name":"wp","href":"https:\/\/api.w.org\/{rel}","templated":true}]}}