{"id":104381,"date":"2020-11-25T09:47:27","date_gmt":"2020-11-25T08:47:27","guid":{"rendered":"https:\/\/tourtravelandmore.com\/tours\/non%20class\u00e9\/visite-privee-a-columbus-depuis-indianapolis\/"},"modified":"2021-03-18T20:49:42","modified_gmt":"2021-03-18T19:49:42","slug":"visite-privee-a-columbus-depuis-indianapolis","status":"publish","type":"product","link":"https:\/\/tourtravelandmore.com\/fr\/tours\/etats-unis-fr\/indianapolis-fr\/visite-privee-a-columbus-depuis-indianapolis\/","title":{"rendered":"Visite priv\u00e9e \u00e0 Columbus depuis Indianapolis"},"content":{"rendered":"<h2>Description:<\/h2>\n<p>Si vous avez d\u00e9j\u00e0 tout vu \u00e0 Indianapolis, nous vous invitons \u00e0 cette visite priv\u00e9e \u00e0 Columbus. Le service aura lieu dans un v\u00e9hicule de luxe priv\u00e9 avec chauffeur et un guide officiel local. Saisissez l&#8217;occasion de visiter une autre ville incroyable des \u00c9tats-Unis.<\/p>\n<p>La prise en charge se fera \u00e0 votre h\u00f4tel ou lieu de votre choix \u00e0 Indianapolis. Cette excursion d&#8217;une journ\u00e9e a une dur\u00e9e totale de 10 heures entre le moment de la prise en charge et le moment du d\u00e9p\u00f4t et vous serez toujours assist\u00e9 par votre chauffeur priv\u00e9.<\/p>\n<p>Columbus est la capitale de l&#8217;\u00c9tat de l&#8217;Ohio et elle est situ\u00e9e au centre de l&#8217;\u00c9tat. Elle est reconnue comme la 8e ville la plus peupl\u00e9e des \u00c9tats-Unis et devrait continuer de cro\u00eetre. Dans cette ville, vous trouverez une \u00e9conomie tr\u00e8s diversifi\u00e9e bas\u00e9e sur l&#8217;\u00e9ducation, la technologie, l&#8217;assistance m\u00e9dicale et la culture.<\/p>\n<p>Venez avec nous lors de cette visite priv\u00e9e \u00e0 Columbus depuis Indianapolis et visitez tous les principaux monuments de la ville. Votre guide officiel priv\u00e9 sera disponible pour une visite guid\u00e9e de 3 heures.<\/p>\n<h2>Sites d&#8217;int\u00e9r\u00eat et monuments<\/h2>\n<p>Tout d&#8217;abord, votre chauffeur priv\u00e9 viendra vous chercher \u00e0 l&#8217;endroit de votre choix \u00e0 Indianapolis. Comme il s&#8217;agit d&#8217;une excursion d&#8217;une journ\u00e9e compl\u00e8te, nous vous sugg\u00e9rons de commencer t\u00f4t le matin, pour profiter de toute la journ\u00e9e.<\/p>\n<p>Columbus est une ville qui allie une architecture moderne aux anciennes traditions locales. Au cours de cette visite priv\u00e9e \u00e0 Columbus, vous pourrez visiter les lieux suivants:<\/p>\n<ul>\n<li>H\u00f4tel de ville de Columbus<\/li>\n<li>Conservatoire et jardins botaniques de Franklin Park<\/li>\n<li>Mus\u00e9e d&#8217;art de Colomb<\/li>\n<li>Centre des sciences et de l&#8217;industrie &#8211; COSI<\/li>\n<li>March\u00e9 du Nord<\/li>\n<li>Columbus Statehouse<\/li>\n<li>Th\u00e9\u00e2tre de l&#8217;Ohio<\/li>\n<li>La pierre bleue<\/li>\n<li>Parc du bicentenaire<\/li>\n<li>Cour supr\u00eame de l&#8217;Ohio<\/li>\n<li>et bien plus!<\/li>\n<\/ul>\n<p>Si vous \u00eates int\u00e9ress\u00e9, nous pouvons inclure un billet d&#8217;entr\u00e9e \u00e0 tout monument ou mus\u00e9e que vous souhaitez visiter. Il s&#8217;agit d&#8217;une visite priv\u00e9e personnalis\u00e9e, je peux donc d\u00e9cider de ce que vous aimeriez voir.<\/p>\n<p>Au cours de cette excursion priv\u00e9e d&#8217;une journ\u00e9e, vous aurez \u00e9galement du temps libre pour d\u00e9jeuner et vous \u00e9merveiller dans ses rues.<\/p>\n<p>Enfin, \u00e0 la fin de la visite, votre chauffeur priv\u00e9 vous ram\u00e8nera \u00e0 votre h\u00f4tel \u00e0 Indianapolis.<\/p>\n<p>Une autre excursion d&#8217;une journ\u00e9e compl\u00e8te au d\u00e9part d&#8217;Indianapolis pourrait \u00eatre notre visite priv\u00e9e \u00e0 Chicago, jetez un coup d&#8217;\u0153il!.<\/p>\n<p><button style=\"width: auto; height: auto; background-image: url('data:image\/png;base64,iVBORw0KGgoAAAANSUhEUgAAADAAAAAwCAYAAABXAvmHAAABS2lUWHRYTUw6Y29tLmFkb2JlLnhtcAAAAAAAPD94cGFja2V0IGJlZ2luPSLvu78iIGlkPSJXNU0wTXBDZWhpSHpyZVN6TlRjemtjOWQiPz4KPHg6eG1wbWV0YSB4bWxuczp4PSJhZG9iZTpuczptZXRhLyIgeDp4bXB0az0iQWRvYmUgWE1QIENvcmUgNS42LWMxMzggNzkuMTU5ODI0LCAyMDE2LzA5LzE0LTAxOjA5OjAxICAgICAgICAiPgogPHJkZjpSREYgeG1sbnM6cmRmPSJodHRwOi8vd3d3LnczLm9yZy8xOTk5LzAyLzIyLXJkZi1zeW50YXgtbnMjIj4KICA8cmRmOkRlc2NyaXB0aW9uIHJkZjphYm91dD0iIi8+CiA8L3JkZjpSREY+CjwveDp4bXBtZXRhPgo8P3hwYWNrZXQgZW5kPSJyIj8+IEmuOgAAAx5JREFUaIHtmj1L81wYx39JI75AbYtgBTFTRdQGXV2cxMlPICjiakHE0cVJB5FO4uLgN1AnZ\/0EgoLQtd6tL6hJIwia9DzDg6Wxpcb7hMTe+INCz+t1\/TnJuU7OOYoQ4g8Qpz2xFSGEiNoLGVTAjtoJCWw1ag9k0eoTQgg2NzcplUp0dHRE5VNTHMdB0zTy+TydnZ21fI8Ay7K4vr4ml8uRSqVCd7IVQgjW19cpFAoYhlHLbxiBTCbD9PR06A76YXx8HNd1PXmed0BRFBzHwTTNUB3zy\/v7O7FYzJPX9i\/xr4Co0b6u0prj42Pu7u5a1unp6UHXdSYmJkgmk7ImPUgLWFlZoVQq+aqbSCSYn59ne3ubRCIhaxoI4BHSdd13Xcuy2N\/fxzCML0fNL9IjoChK7f\/p6Smjo6MNdWzb5vz8nI2NDUzTpFgsMjMzw+Xlpax5eQH1TE5OMjAw0LQsm80yNzdHNpvFtm2urq44PDxkaWlJymags9D9\/X3Lcl3X2dnZqaX39vakbYY+jS4uLtLV1QXAxcUFlUpFqr\/QBXR3d9Pf3w\/8v8J8fn6W6i90Aa7r8vT0BEAsFpOeTkMXcHJywsvLCwAjIyPSgS1QAb29vS3LHx4eyOVytfTy8rK0zUAFPD4+8vb25vm9vr5SLBY5ODjAMAzK5TIAQ0NDrK6uStsMNA7Mzs42rNfrn\/kP0uk0Z2dnaJq8+UAFfHb0M6qqsrCwwO7uLn19fYHYDFTA2tpa00isaRqDg4NMTU19a+3kh0AFbG1t1YJUWAT6EhcKhSC780Xbf5H9CoiaXwFRIy2gPng5jiPb3beRjgPDw8NYlgUQegyAAAQcHR3xccgTxNrmu0hbjMJpj32ZxkIITNOkWq16tlf8tlVVlWQy+e229UgLKJfLuK77VwI+PikjE6CqKmNjYzJdSPPvxQFVVT2HaD8JVVX5fKzdcEZWLpe5vb39cYd8ADc3Nw1nZB4B8XicdDpNPp+PJCi1wnEcUqkUmUzGk68IISp8uitRqVSoVqth+ueLJntIdtNZ6Kv9nZ9E21\/20IASbXzd5j\/MIQu2KoJrJwAAAABJRU5ErkJggg=='); background-size: 14px 14px; background-color: #000000; position: absolute; opacity: 1; z-index: 86753099; display: none; cursor: pointer; border: none; border-top-left-radius: 3px; border-top-right-radius: 3px; border-bottom-right-radius: 3px; border-bottom-left-radius: 3px; text-indent: 20px; padding: 0px 4px 0px 0px; text-align: center; font-style: normal; font-variant-caps: normal; font-weight: bold; font-stretch: normal; font-size: 11px; line-height: 20px; font-family: 'Helvetica Neue', Helvetica, sans-serif; color: #ffffff; text-transform: capitalize; -webkit-font-smoothing: antialiased; top: 1397px; left: 563px; background-position: 3px 50%; background-repeat: no-repeat no-repeat;\">plan it<\/button><\/p>\n","protected":false},"excerpt":{"rendered":"<p>Visitez la magnifique ville de Columbus et tout ce qui a \u00e0 offrir confortablement dans un v\u00e9hicule de luxe priv\u00e9 d&#8217;Indianapolis. Profitez de l&#8217;occasion pour visiter tous les lieux et monuments les plus importants de cette merveilleuse ville.<\/p>\n","protected":false},"featured_media":87957,"comment_status":"open","ping_status":"closed","template":"","meta":{"_acf_changed":false},"product_brand":[],"product_cat":[3547,3797],"product_tag":[],"class_list":{"0":"post-104381","1":"product","2":"type-product","3":"status-publish","4":"has-post-thumbnail","6":"product_cat-etats-unis-fr","7":"product_cat-indianapolis-fr","9":"first","10":"instock","11":"shipping-taxable","12":"purchasable","13":"product-type-simple"},"acf":[],"yoast_head":"<!-- This site is optimized with the Yoast SEO Premium plugin v25.3.1 (Yoast SEO v25.3.1) - https:\/\/yoast.com\/wordpress\/plugins\/seo\/ -->\n<title>Visite priv\u00e9e \u00e0 Columbus depuis Indianapolis dans un v\u00e9hicule de luxe<\/title>\n<meta name=\"description\" content=\"Profitez de cette visite priv\u00e9e \u00e0 Columbus depuis Indianapolis aux c\u00f4t\u00e9s de votre chauffeur priv\u00e9. Pr\u00e9parez-vous \u00e0 visiter cette ville incroyable de l&#039;Ohio.\" \/>\n<meta name=\"robots\" content=\"index, follow, max-snippet:-1, max-image-preview:large, max-video-preview:-1\" \/>\n<link rel=\"canonical\" href=\"https:\/\/tourtravelandmore.com\/fr\/tours\/etats-unis-fr\/indianapolis-fr\/visite-privee-a-columbus-depuis-indianapolis\/\" \/>\n<meta property=\"og:locale\" content=\"fr_FR\" \/>\n<meta property=\"og:type\" content=\"article\" \/>\n<meta property=\"og:title\" content=\"Visite priv\u00e9e \u00e0 Columbus depuis Indianapolis\" \/>\n<meta property=\"og:description\" content=\"Profitez de cette visite priv\u00e9e \u00e0 Columbus depuis Indianapolis aux c\u00f4t\u00e9s de votre chauffeur priv\u00e9. Pr\u00e9parez-vous \u00e0 visiter cette ville incroyable de l&#039;Ohio.\" \/>\n<meta property=\"og:url\" content=\"https:\/\/tourtravelandmore.com\/fr\/tours\/etats-unis-fr\/indianapolis-fr\/visite-privee-a-columbus-depuis-indianapolis\/\" \/>\n<meta property=\"og:site_name\" content=\"Tour Travel And More\" \/>\n<meta property=\"article:publisher\" content=\"https:\/\/www.facebook.com\/tourtravelandmore\/\" \/>\n<meta property=\"article:modified_time\" content=\"2021-03-18T19:49:42+00:00\" \/>\n<meta property=\"og:image\" content=\"https:\/\/tourtravelandmore.com\/wp-content\/uploads\/2020\/11\/columbus.jpg\" \/>\n\t<meta property=\"og:image:width\" content=\"1280\" \/>\n\t<meta property=\"og:image:height\" content=\"853\" \/>\n\t<meta property=\"og:image:type\" content=\"image\/jpeg\" \/>\n<meta name=\"twitter:card\" content=\"summary_large_image\" \/>\n<meta name=\"twitter:site\" content=\"@TourTravel_More\" \/>\n<meta name=\"twitter:label1\" content=\"Dur\u00e9e de lecture estim\u00e9e\" \/>\n\t<meta name=\"twitter:data1\" content=\"2 minutes\" \/>\n<script type=\"application\/ld+json\" class=\"yoast-schema-graph\">{\"@context\":\"https:\/\/schema.org\",\"@graph\":[{\"@type\":\"WebPage\",\"@id\":\"https:\/\/tourtravelandmore.com\/fr\/tours\/etats-unis-fr\/indianapolis-fr\/visite-privee-a-columbus-depuis-indianapolis\/\",\"url\":\"https:\/\/tourtravelandmore.com\/fr\/tours\/etats-unis-fr\/indianapolis-fr\/visite-privee-a-columbus-depuis-indianapolis\/\",\"name\":\"Visite priv\u00e9e \u00e0 Columbus depuis Indianapolis dans un v\u00e9hicule de luxe\",\"isPartOf\":{\"@id\":\"https:\/\/tourtravelandmore.com\/fr\/#website\"},\"primaryImageOfPage\":{\"@id\":\"https:\/\/tourtravelandmore.com\/fr\/tours\/etats-unis-fr\/indianapolis-fr\/visite-privee-a-columbus-depuis-indianapolis\/#primaryimage\"},\"image\":{\"@id\":\"https:\/\/tourtravelandmore.com\/fr\/tours\/etats-unis-fr\/indianapolis-fr\/visite-privee-a-columbus-depuis-indianapolis\/#primaryimage\"},\"thumbnailUrl\":\"https:\/\/tourtravelandmore.com\/wp-content\/uploads\/2020\/11\/columbus.jpg\",\"datePublished\":\"2020-11-25T08:47:27+00:00\",\"dateModified\":\"2021-03-18T19:49:42+00:00\",\"description\":\"Profitez de cette visite priv\u00e9e \u00e0 Columbus depuis Indianapolis aux c\u00f4t\u00e9s de votre chauffeur priv\u00e9. Pr\u00e9parez-vous \u00e0 visiter cette ville incroyable de l'Ohio.\",\"breadcrumb\":{\"@id\":\"https:\/\/tourtravelandmore.com\/fr\/tours\/etats-unis-fr\/indianapolis-fr\/visite-privee-a-columbus-depuis-indianapolis\/#breadcrumb\"},\"inLanguage\":\"fr-FR\",\"potentialAction\":[{\"@type\":\"ReadAction\",\"target\":[\"https:\/\/tourtravelandmore.com\/fr\/tours\/etats-unis-fr\/indianapolis-fr\/visite-privee-a-columbus-depuis-indianapolis\/\"]}]},{\"@type\":\"ImageObject\",\"inLanguage\":\"fr-FR\",\"@id\":\"https:\/\/tourtravelandmore.com\/fr\/tours\/etats-unis-fr\/indianapolis-fr\/visite-privee-a-columbus-depuis-indianapolis\/#primaryimage\",\"url\":\"https:\/\/tourtravelandmore.com\/wp-content\/uploads\/2020\/11\/columbus.jpg\",\"contentUrl\":\"https:\/\/tourtravelandmore.com\/wp-content\/uploads\/2020\/11\/columbus.jpg\",\"width\":1280,\"height\":853},{\"@type\":\"BreadcrumbList\",\"@id\":\"https:\/\/tourtravelandmore.com\/fr\/tours\/etats-unis-fr\/indianapolis-fr\/visite-privee-a-columbus-depuis-indianapolis\/#breadcrumb\",\"itemListElement\":[{\"@type\":\"ListItem\",\"position\":1,\"name\":\"Home\",\"item\":\"https:\/\/tourtravelandmore.com\/fr\/\"},{\"@type\":\"ListItem\",\"position\":2,\"name\":\"Tours\",\"item\":\"https:\/\/tourtravelandmore.com\/fr\/tours\/\"},{\"@type\":\"ListItem\",\"position\":3,\"name\":\"Visite priv\u00e9e \u00e0 Columbus depuis Indianapolis\"}]},{\"@type\":\"WebSite\",\"@id\":\"https:\/\/tourtravelandmore.com\/fr\/#website\",\"url\":\"https:\/\/tourtravelandmore.com\/fr\/\",\"name\":\"Tour Travel And More\",\"description\":\"Private sightseeing tours and luxury transfers in Spain\",\"publisher\":{\"@id\":\"https:\/\/tourtravelandmore.com\/fr\/#organization\"},\"potentialAction\":[{\"@type\":\"SearchAction\",\"target\":{\"@type\":\"EntryPoint\",\"urlTemplate\":\"https:\/\/tourtravelandmore.com\/fr\/?s={search_term_string}\"},\"query-input\":{\"@type\":\"PropertyValueSpecification\",\"valueRequired\":true,\"valueName\":\"search_term_string\"}}],\"inLanguage\":\"fr-FR\"},{\"@type\":\"Organization\",\"@id\":\"https:\/\/tourtravelandmore.com\/fr\/#organization\",\"name\":\"Tour Travel And More\",\"url\":\"https:\/\/tourtravelandmore.com\/fr\/\",\"logo\":{\"@type\":\"ImageObject\",\"inLanguage\":\"fr-FR\",\"@id\":\"https:\/\/tourtravelandmore.com\/fr\/#\/schema\/logo\/image\/\",\"url\":\"https:\/\/tourtravelandmore.com\/wp-content\/uploads\/2022\/12\/cropped-logo-cabecera-new.png\",\"contentUrl\":\"https:\/\/tourtravelandmore.com\/wp-content\/uploads\/2022\/12\/cropped-logo-cabecera-new.png\",\"width\":430,\"height\":61,\"caption\":\"Tour Travel And More\"},\"image\":{\"@id\":\"https:\/\/tourtravelandmore.com\/fr\/#\/schema\/logo\/image\/\"},\"sameAs\":[\"https:\/\/www.facebook.com\/tourtravelandmore\/\",\"https:\/\/x.com\/TourTravel_More\"]}]}<\/script>\n<!-- \/ Yoast SEO Premium plugin. -->","yoast_head_json":{"title":"Visite priv\u00e9e \u00e0 Columbus depuis Indianapolis dans un v\u00e9hicule de luxe","description":"Profitez de cette visite priv\u00e9e \u00e0 Columbus depuis Indianapolis aux c\u00f4t\u00e9s de votre chauffeur priv\u00e9. Pr\u00e9parez-vous \u00e0 visiter cette ville incroyable de l'Ohio.","robots":{"index":"index","follow":"follow","max-snippet":"max-snippet:-1","max-image-preview":"max-image-preview:large","max-video-preview":"max-video-preview:-1"},"canonical":"https:\/\/tourtravelandmore.com\/fr\/tours\/etats-unis-fr\/indianapolis-fr\/visite-privee-a-columbus-depuis-indianapolis\/","og_locale":"fr_FR","og_type":"article","og_title":"Visite priv\u00e9e \u00e0 Columbus depuis Indianapolis","og_description":"Profitez de cette visite priv\u00e9e \u00e0 Columbus depuis Indianapolis aux c\u00f4t\u00e9s de votre chauffeur priv\u00e9. Pr\u00e9parez-vous \u00e0 visiter cette ville incroyable de l'Ohio.","og_url":"https:\/\/tourtravelandmore.com\/fr\/tours\/etats-unis-fr\/indianapolis-fr\/visite-privee-a-columbus-depuis-indianapolis\/","og_site_name":"Tour Travel And More","article_publisher":"https:\/\/www.facebook.com\/tourtravelandmore\/","article_modified_time":"2021-03-18T19:49:42+00:00","og_image":[{"width":1280,"height":853,"url":"https:\/\/tourtravelandmore.com\/wp-content\/uploads\/2020\/11\/columbus.jpg","type":"image\/jpeg"}],"twitter_card":"summary_large_image","twitter_site":"@TourTravel_More","twitter_misc":{"Dur\u00e9e de lecture estim\u00e9e":"2 minutes"},"schema":{"@context":"https:\/\/schema.org","@graph":[{"@type":"WebPage","@id":"https:\/\/tourtravelandmore.com\/fr\/tours\/etats-unis-fr\/indianapolis-fr\/visite-privee-a-columbus-depuis-indianapolis\/","url":"https:\/\/tourtravelandmore.com\/fr\/tours\/etats-unis-fr\/indianapolis-fr\/visite-privee-a-columbus-depuis-indianapolis\/","name":"Visite priv\u00e9e \u00e0 Columbus depuis Indianapolis dans un v\u00e9hicule de luxe","isPartOf":{"@id":"https:\/\/tourtravelandmore.com\/fr\/#website"},"primaryImageOfPage":{"@id":"https:\/\/tourtravelandmore.com\/fr\/tours\/etats-unis-fr\/indianapolis-fr\/visite-privee-a-columbus-depuis-indianapolis\/#primaryimage"},"image":{"@id":"https:\/\/tourtravelandmore.com\/fr\/tours\/etats-unis-fr\/indianapolis-fr\/visite-privee-a-columbus-depuis-indianapolis\/#primaryimage"},"thumbnailUrl":"https:\/\/tourtravelandmore.com\/wp-content\/uploads\/2020\/11\/columbus.jpg","datePublished":"2020-11-25T08:47:27+00:00","dateModified":"2021-03-18T19:49:42+00:00","description":"Profitez de cette visite priv\u00e9e \u00e0 Columbus depuis Indianapolis aux c\u00f4t\u00e9s de votre chauffeur priv\u00e9. Pr\u00e9parez-vous \u00e0 visiter cette ville incroyable de l'Ohio.","breadcrumb":{"@id":"https:\/\/tourtravelandmore.com\/fr\/tours\/etats-unis-fr\/indianapolis-fr\/visite-privee-a-columbus-depuis-indianapolis\/#breadcrumb"},"inLanguage":"fr-FR","potentialAction":[{"@type":"ReadAction","target":["https:\/\/tourtravelandmore.com\/fr\/tours\/etats-unis-fr\/indianapolis-fr\/visite-privee-a-columbus-depuis-indianapolis\/"]}]},{"@type":"ImageObject","inLanguage":"fr-FR","@id":"https:\/\/tourtravelandmore.com\/fr\/tours\/etats-unis-fr\/indianapolis-fr\/visite-privee-a-columbus-depuis-indianapolis\/#primaryimage","url":"https:\/\/tourtravelandmore.com\/wp-content\/uploads\/2020\/11\/columbus.jpg","contentUrl":"https:\/\/tourtravelandmore.com\/wp-content\/uploads\/2020\/11\/columbus.jpg","width":1280,"height":853},{"@type":"BreadcrumbList","@id":"https:\/\/tourtravelandmore.com\/fr\/tours\/etats-unis-fr\/indianapolis-fr\/visite-privee-a-columbus-depuis-indianapolis\/#breadcrumb","itemListElement":[{"@type":"ListItem","position":1,"name":"Home","item":"https:\/\/tourtravelandmore.com\/fr\/"},{"@type":"ListItem","position":2,"name":"Tours","item":"https:\/\/tourtravelandmore.com\/fr\/tours\/"},{"@type":"ListItem","position":3,"name":"Visite priv\u00e9e \u00e0 Columbus depuis Indianapolis"}]},{"@type":"WebSite","@id":"https:\/\/tourtravelandmore.com\/fr\/#website","url":"https:\/\/tourtravelandmore.com\/fr\/","name":"Tour Travel And More","description":"Private sightseeing tours and luxury transfers in Spain","publisher":{"@id":"https:\/\/tourtravelandmore.com\/fr\/#organization"},"potentialAction":[{"@type":"SearchAction","target":{"@type":"EntryPoint","urlTemplate":"https:\/\/tourtravelandmore.com\/fr\/?s={search_term_string}"},"query-input":{"@type":"PropertyValueSpecification","valueRequired":true,"valueName":"search_term_string"}}],"inLanguage":"fr-FR"},{"@type":"Organization","@id":"https:\/\/tourtravelandmore.com\/fr\/#organization","name":"Tour Travel And More","url":"https:\/\/tourtravelandmore.com\/fr\/","logo":{"@type":"ImageObject","inLanguage":"fr-FR","@id":"https:\/\/tourtravelandmore.com\/fr\/#\/schema\/logo\/image\/","url":"https:\/\/tourtravelandmore.com\/wp-content\/uploads\/2022\/12\/cropped-logo-cabecera-new.png","contentUrl":"https:\/\/tourtravelandmore.com\/wp-content\/uploads\/2022\/12\/cropped-logo-cabecera-new.png","width":430,"height":61,"caption":"Tour Travel And More"},"image":{"@id":"https:\/\/tourtravelandmore.com\/fr\/#\/schema\/logo\/image\/"},"sameAs":["https:\/\/www.facebook.com\/tourtravelandmore\/","https:\/\/x.com\/TourTravel_More"]}]}},"_links":{"self":[{"href":"https:\/\/tourtravelandmore.com\/fr\/wp-json\/wp\/v2\/product\/104381","targetHints":{"allow":["GET"]}}],"collection":[{"href":"https:\/\/tourtravelandmore.com\/fr\/wp-json\/wp\/v2\/product"}],"about":[{"href":"https:\/\/tourtravelandmore.com\/fr\/wp-json\/wp\/v2\/types\/product"}],"replies":[{"embeddable":true,"href":"https:\/\/tourtravelandmore.com\/fr\/wp-json\/wp\/v2\/comments?post=104381"}],"wp:featuredmedia":[{"embeddable":true,"href":"https:\/\/tourtravelandmore.com\/fr\/wp-json\/wp\/v2\/media\/87957"}],"wp:attachment":[{"href":"https:\/\/tourtravelandmore.com\/fr\/wp-json\/wp\/v2\/media?parent=104381"}],"wp:term":[{"taxonomy":"product_brand","embeddable":true,"href":"https:\/\/tourtravelandmore.com\/fr\/wp-json\/wp\/v2\/product_brand?post=104381"},{"taxonomy":"product_cat","embeddable":true,"href":"https:\/\/tourtravelandmore.com\/fr\/wp-json\/wp\/v2\/product_cat?post=104381"},{"taxonomy":"product_tag","embeddable":true,"href":"https:\/\/tourtravelandmore.com\/fr\/wp-json\/wp\/v2\/product_tag?post=104381"}],"curies":[{"name":"wp","href":"https:\/\/api.w.org\/{rel}","templated":true}]}}