{"id":104369,"date":"2020-11-24T10:23:35","date_gmt":"2020-11-24T09:23:35","guid":{"rendered":"https:\/\/tourtravelandmore.com\/tours\/non%20class\u00e9\/visite-privee-de-la-ville-dindianapolis\/"},"modified":"2021-03-18T20:47:01","modified_gmt":"2021-03-18T19:47:01","slug":"visite-privee-de-la-ville-dindianapolis","status":"publish","type":"product","link":"https:\/\/tourtravelandmore.com\/fr\/tours\/etats-unis-fr\/indianapolis-fr\/visite-privee-de-la-ville-dindianapolis\/","title":{"rendered":"Visite priv\u00e9e de la ville d&#8217;Indianapolis"},"content":{"rendered":"<h2>Description:<\/h2>\n<p>Profitez au mieux de la ville d&#8217;Indianapolis avec cette visite priv\u00e9e de la ville d&#8217;Indianapolis. Cette exp\u00e9rience priv\u00e9e comprend un v\u00e9hicule de luxe avec chauffeur et un guide officiel pendant 4 heures. Vous pourrez admirer et d\u00e9couvrir tous les secrets de cette ville incroyable.<\/p>\n<p>Nous organiserons une prise en charge priv\u00e9e depuis votre h\u00f4tel ou lieu de votre choix \u00e0 Indianapolis. Nous pouvons \u00e9galement organiser une prise en charge \u00e0 l&#8217;a\u00e9roport au cas o\u00f9 vous en auriez besoin. Cette visite priv\u00e9e peut avoir lieu le matin ou l&#8217;apr\u00e8s-midi.<\/p>\n<p>Indianapolis est la capitale de l&#8217;\u00c9tat de l&#8217;Indiana et est situ\u00e9e sur les rives de la rivi\u00e8re Blanco. La ville fonctionne comme un tr\u00e8s grand centre de fabrication automobile. Il est \u00e9galement bien connu pour ses \u00e9v\u00e9nements sportifs et culturels tels que le Festival international d&#8217;Indianapolis, le Heartland Film Festival et bien plus encore. La ville est \u00e9galement tr\u00e8s attractive en raison de son architecture o\u00f9 vous trouverez des b\u00e2timents modernes et historiques uniques.<\/p>\n<p>Nous avons plusieurs options de visites priv\u00e9es dans et depuis Indianapolis, jetez un \u0153il \u00e0 notre liste de produits priv\u00e9s.<\/p>\n<h2>Sites d&#8217;int\u00e9r\u00eat et monuments<\/h2>\n<p>Tout d&#8217;abord, votre chauffeur priv\u00e9 et votre guide officiel viendront vous chercher \u00e0 votre h\u00f4tel \u00e0 l&#8217;heure souhait\u00e9e. Apr\u00e8s cela, vous profiterez d&#8217;une visite priv\u00e9e d&#8217;une demi-journ\u00e9e de la ville d&#8217;Indianapolis.<\/p>\n<p>Indianapolis est une ville magnifique et unique, et d\u00e8s que vous commencerez \u00e0 vous promener dans ses rues, vous saurez pourquoi. Entre autres monuments et lieux que vous pourrez visiter:<\/p>\n<ul>\n<li>Mus\u00e9e d&#8217;\u00c9tat de l&#8217;Indiana<\/li>\n<li>Zoo d&#8217;Indianapolis<\/li>\n<li>Jardins de la rivi\u00e8re blanche<\/li>\n<li>Parc militaire<\/li>\n<li>Centre des congr\u00e8s de l&#8217;Indiana<\/li>\n<li>Biblioth\u00e8que d&#8217;\u00c9tat de l&#8217;Indiana<\/li>\n<li>Centre gouvernemental de l&#8217;\u00c9tat de l&#8217;Indiana<\/li>\n<li>Biblioth\u00e8que de l&#8217;Universit\u00e9<\/li>\n<li>Mus\u00e9e des enfants d&#8217;Indianapolis<\/li>\n<li>Canal central<\/li>\n<li>State Park White River<\/li>\n<li>Monument du soldat et du marin<\/li>\n<li>Champ de la victoire<\/li>\n<li>Place pr\u00e9sidentielle<\/li>\n<li>et beaucoup plus!<\/li>\n<\/ul>\n<p>Nous pouvons inclure un billet d&#8217;entr\u00e9e \u00e0 tout monument ou mus\u00e9e que vous souhaitez visiter. Il vous suffit de nous contacter \u00e0 Tour Travel &amp; More et nous organiserons vos vacances parfaites pour vous. C&#8217;est-\u00e0-dire que vous passerez un tr\u00e8s bon moment avec nous!<\/p>\n<p>Enfin, \u00e0 la fin de la visite, votre chauffeur priv\u00e9 et votre guide vous ram\u00e8neront \u00e0 votre h\u00f4tel.<\/p>\n<p><button style=\"width: auto; height: auto; background-image: url('data:image\/png;base64,iVBORw0KGgoAAAANSUhEUgAAADAAAAAwCAYAAABXAvmHAAABS2lUWHRYTUw6Y29tLmFkb2JlLnhtcAAAAAAAPD94cGFja2V0IGJlZ2luPSLvu78iIGlkPSJXNU0wTXBDZWhpSHpyZVN6TlRjemtjOWQiPz4KPHg6eG1wbWV0YSB4bWxuczp4PSJhZG9iZTpuczptZXRhLyIgeDp4bXB0az0iQWRvYmUgWE1QIENvcmUgNS42LWMxMzggNzkuMTU5ODI0LCAyMDE2LzA5LzE0LTAxOjA5OjAxICAgICAgICAiPgogPHJkZjpSREYgeG1sbnM6cmRmPSJodHRwOi8vd3d3LnczLm9yZy8xOTk5LzAyLzIyLXJkZi1zeW50YXgtbnMjIj4KICA8cmRmOkRlc2NyaXB0aW9uIHJkZjphYm91dD0iIi8+CiA8L3JkZjpSREY+CjwveDp4bXBtZXRhPgo8P3hwYWNrZXQgZW5kPSJyIj8+IEmuOgAAAx5JREFUaIHtmj1L81wYx39JI75AbYtgBTFTRdQGXV2cxMlPICjiakHE0cVJB5FO4uLgN1AnZ\/0EgoLQtd6tL6hJIwia9DzDg6Wxpcb7hMTe+INCz+t1\/TnJuU7OOYoQ4g8Qpz2xFSGEiNoLGVTAjtoJCWw1ag9k0eoTQgg2NzcplUp0dHRE5VNTHMdB0zTy+TydnZ21fI8Ay7K4vr4ml8uRSqVCd7IVQgjW19cpFAoYhlHLbxiBTCbD9PR06A76YXx8HNd1PXmed0BRFBzHwTTNUB3zy\/v7O7FYzJPX9i\/xr4Co0b6u0prj42Pu7u5a1unp6UHXdSYmJkgmk7ImPUgLWFlZoVQq+aqbSCSYn59ne3ubRCIhaxoI4BHSdd13Xcuy2N\/fxzCML0fNL9IjoChK7f\/p6Smjo6MNdWzb5vz8nI2NDUzTpFgsMjMzw+Xlpax5eQH1TE5OMjAw0LQsm80yNzdHNpvFtm2urq44PDxkaWlJymags9D9\/X3Lcl3X2dnZqaX39vakbYY+jS4uLtLV1QXAxcUFlUpFqr\/QBXR3d9Pf3w\/8v8J8fn6W6i90Aa7r8vT0BEAsFpOeTkMXcHJywsvLCwAjIyPSgS1QAb29vS3LHx4eyOVytfTy8rK0zUAFPD4+8vb25vm9vr5SLBY5ODjAMAzK5TIAQ0NDrK6uStsMNA7Mzs42rNfrn\/kP0uk0Z2dnaJq8+UAFfHb0M6qqsrCwwO7uLn19fYHYDFTA2tpa00isaRqDg4NMTU19a+3kh0AFbG1t1YJUWAT6EhcKhSC780Xbf5H9CoiaXwFRIy2gPng5jiPb3beRjgPDw8NYlgUQegyAAAQcHR3xccgTxNrmu0hbjMJpj32ZxkIITNOkWq16tlf8tlVVlWQy+e229UgLKJfLuK77VwI+PikjE6CqKmNjYzJdSPPvxQFVVT2HaD8JVVX5fKzdcEZWLpe5vb39cYd8ADc3Nw1nZB4B8XicdDpNPp+PJCi1wnEcUqkUmUzGk68IISp8uitRqVSoVqth+ueLJntIdtNZ6Kv9nZ9E21\/20IASbXzd5j\/MIQu2KoJrJwAAAABJRU5ErkJggg=='); background-size: 14px 14px; background-color: #000000; position: absolute; opacity: 1; z-index: 86753099; display: none; cursor: pointer; border: none; border-top-left-radius: 3px; border-top-right-radius: 3px; border-bottom-right-radius: 3px; border-bottom-left-radius: 3px; text-indent: 20px; padding: 0px 4px 0px 0px; text-align: center; font-style: normal; font-variant-caps: normal; font-weight: bold; font-stretch: normal; font-size: 11px; line-height: 20px; font-family: 'Helvetica Neue', Helvetica, sans-serif; color: #ffffff; text-transform: capitalize; -webkit-font-smoothing: antialiased; top: 1397px; left: 563px; background-position: 3px 50%; background-repeat: no-repeat no-repeat;\">plan it<\/button><\/p>\n","protected":false},"excerpt":{"rendered":"<p>Indianapolis est une ville am\u00e9ricaine incroyable qui vaut la peine d&#8217;\u00eatre visit\u00e9e. Rejoignez-nous pour cette visite priv\u00e9e de la ville d&#8217;Indianapolis et laissez-vous vous-m\u00eame admirer la culture, l&#8217;architecture et l&#8217;histoire \u00e9tonnantes qui caract\u00e9risent cette ville.<\/p>\n","protected":false},"featured_media":87807,"comment_status":"open","ping_status":"closed","template":"","meta":{"_acf_changed":false},"product_brand":[],"product_cat":[3547,3797],"product_tag":[],"class_list":{"0":"post-104369","1":"product","2":"type-product","3":"status-publish","4":"has-post-thumbnail","6":"product_cat-etats-unis-fr","7":"product_cat-indianapolis-fr","9":"first","10":"instock","11":"shipping-taxable","12":"purchasable","13":"product-type-simple"},"acf":[],"yoast_head":"<!-- This site is optimized with the Yoast SEO Premium plugin v25.3.1 (Yoast SEO v25.3.1) - https:\/\/yoast.com\/wordpress\/plugins\/seo\/ -->\n<title>Visite priv\u00e9e de la ville d&#039;Indianapolis avec un guide local et un chauffeur priv\u00e9<\/title>\n<meta name=\"description\" content=\"Venez avec nous sur cette visite priv\u00e9e de la ville d&#039;Indianapolis et pr\u00e9parez-vous \u00e0 visiter tous les lieux et monuments les plus embl\u00e9matiques de cette ville.\" \/>\n<meta name=\"robots\" content=\"index, follow, max-snippet:-1, max-image-preview:large, max-video-preview:-1\" \/>\n<link rel=\"canonical\" href=\"https:\/\/tourtravelandmore.com\/fr\/tours\/etats-unis-fr\/indianapolis-fr\/visite-privee-de-la-ville-dindianapolis\/\" \/>\n<meta property=\"og:locale\" content=\"fr_FR\" \/>\n<meta property=\"og:type\" content=\"article\" \/>\n<meta property=\"og:title\" content=\"Visite priv\u00e9e de la ville d&#039;Indianapolis\" \/>\n<meta property=\"og:description\" content=\"Venez avec nous sur cette visite priv\u00e9e de la ville d&#039;Indianapolis et pr\u00e9parez-vous \u00e0 visiter tous les lieux et monuments les plus embl\u00e9matiques de cette ville.\" \/>\n<meta property=\"og:url\" content=\"https:\/\/tourtravelandmore.com\/fr\/tours\/etats-unis-fr\/indianapolis-fr\/visite-privee-de-la-ville-dindianapolis\/\" \/>\n<meta property=\"og:site_name\" content=\"Tour Travel And More\" \/>\n<meta property=\"article:publisher\" content=\"https:\/\/www.facebook.com\/tourtravelandmore\/\" \/>\n<meta property=\"article:modified_time\" content=\"2021-03-18T19:47:01+00:00\" \/>\n<meta property=\"og:image\" content=\"https:\/\/tourtravelandmore.com\/wp-content\/uploads\/2020\/11\/indianapolis-1.jpg\" \/>\n\t<meta property=\"og:image:width\" content=\"1280\" \/>\n\t<meta property=\"og:image:height\" content=\"961\" \/>\n\t<meta property=\"og:image:type\" content=\"image\/jpeg\" \/>\n<meta name=\"twitter:card\" content=\"summary_large_image\" \/>\n<meta name=\"twitter:site\" content=\"@TourTravel_More\" \/>\n<meta name=\"twitter:label1\" content=\"Dur\u00e9e de lecture estim\u00e9e\" \/>\n\t<meta name=\"twitter:data1\" content=\"2 minutes\" \/>\n<script type=\"application\/ld+json\" class=\"yoast-schema-graph\">{\"@context\":\"https:\/\/schema.org\",\"@graph\":[{\"@type\":\"WebPage\",\"@id\":\"https:\/\/tourtravelandmore.com\/fr\/tours\/etats-unis-fr\/indianapolis-fr\/visite-privee-de-la-ville-dindianapolis\/\",\"url\":\"https:\/\/tourtravelandmore.com\/fr\/tours\/etats-unis-fr\/indianapolis-fr\/visite-privee-de-la-ville-dindianapolis\/\",\"name\":\"Visite priv\u00e9e de la ville d'Indianapolis avec un guide local et un chauffeur priv\u00e9\",\"isPartOf\":{\"@id\":\"https:\/\/tourtravelandmore.com\/fr\/#website\"},\"primaryImageOfPage\":{\"@id\":\"https:\/\/tourtravelandmore.com\/fr\/tours\/etats-unis-fr\/indianapolis-fr\/visite-privee-de-la-ville-dindianapolis\/#primaryimage\"},\"image\":{\"@id\":\"https:\/\/tourtravelandmore.com\/fr\/tours\/etats-unis-fr\/indianapolis-fr\/visite-privee-de-la-ville-dindianapolis\/#primaryimage\"},\"thumbnailUrl\":\"https:\/\/tourtravelandmore.com\/wp-content\/uploads\/2020\/11\/indianapolis-1.jpg\",\"datePublished\":\"2020-11-24T09:23:35+00:00\",\"dateModified\":\"2021-03-18T19:47:01+00:00\",\"description\":\"Venez avec nous sur cette visite priv\u00e9e de la ville d'Indianapolis et pr\u00e9parez-vous \u00e0 visiter tous les lieux et monuments les plus embl\u00e9matiques de cette ville.\",\"breadcrumb\":{\"@id\":\"https:\/\/tourtravelandmore.com\/fr\/tours\/etats-unis-fr\/indianapolis-fr\/visite-privee-de-la-ville-dindianapolis\/#breadcrumb\"},\"inLanguage\":\"fr-FR\",\"potentialAction\":[{\"@type\":\"ReadAction\",\"target\":[\"https:\/\/tourtravelandmore.com\/fr\/tours\/etats-unis-fr\/indianapolis-fr\/visite-privee-de-la-ville-dindianapolis\/\"]}]},{\"@type\":\"ImageObject\",\"inLanguage\":\"fr-FR\",\"@id\":\"https:\/\/tourtravelandmore.com\/fr\/tours\/etats-unis-fr\/indianapolis-fr\/visite-privee-de-la-ville-dindianapolis\/#primaryimage\",\"url\":\"https:\/\/tourtravelandmore.com\/wp-content\/uploads\/2020\/11\/indianapolis-1.jpg\",\"contentUrl\":\"https:\/\/tourtravelandmore.com\/wp-content\/uploads\/2020\/11\/indianapolis-1.jpg\",\"width\":1280,\"height\":961},{\"@type\":\"BreadcrumbList\",\"@id\":\"https:\/\/tourtravelandmore.com\/fr\/tours\/etats-unis-fr\/indianapolis-fr\/visite-privee-de-la-ville-dindianapolis\/#breadcrumb\",\"itemListElement\":[{\"@type\":\"ListItem\",\"position\":1,\"name\":\"Home\",\"item\":\"https:\/\/tourtravelandmore.com\/fr\/\"},{\"@type\":\"ListItem\",\"position\":2,\"name\":\"Tours\",\"item\":\"https:\/\/tourtravelandmore.com\/fr\/tours\/\"},{\"@type\":\"ListItem\",\"position\":3,\"name\":\"Visite priv\u00e9e de la ville d&rsquo;Indianapolis\"}]},{\"@type\":\"WebSite\",\"@id\":\"https:\/\/tourtravelandmore.com\/fr\/#website\",\"url\":\"https:\/\/tourtravelandmore.com\/fr\/\",\"name\":\"Tour Travel And More\",\"description\":\"Private sightseeing tours and luxury transfers in Spain\",\"publisher\":{\"@id\":\"https:\/\/tourtravelandmore.com\/fr\/#organization\"},\"potentialAction\":[{\"@type\":\"SearchAction\",\"target\":{\"@type\":\"EntryPoint\",\"urlTemplate\":\"https:\/\/tourtravelandmore.com\/fr\/?s={search_term_string}\"},\"query-input\":{\"@type\":\"PropertyValueSpecification\",\"valueRequired\":true,\"valueName\":\"search_term_string\"}}],\"inLanguage\":\"fr-FR\"},{\"@type\":\"Organization\",\"@id\":\"https:\/\/tourtravelandmore.com\/fr\/#organization\",\"name\":\"Tour Travel And More\",\"url\":\"https:\/\/tourtravelandmore.com\/fr\/\",\"logo\":{\"@type\":\"ImageObject\",\"inLanguage\":\"fr-FR\",\"@id\":\"https:\/\/tourtravelandmore.com\/fr\/#\/schema\/logo\/image\/\",\"url\":\"https:\/\/tourtravelandmore.com\/wp-content\/uploads\/2022\/12\/cropped-logo-cabecera-new.png\",\"contentUrl\":\"https:\/\/tourtravelandmore.com\/wp-content\/uploads\/2022\/12\/cropped-logo-cabecera-new.png\",\"width\":430,\"height\":61,\"caption\":\"Tour Travel And More\"},\"image\":{\"@id\":\"https:\/\/tourtravelandmore.com\/fr\/#\/schema\/logo\/image\/\"},\"sameAs\":[\"https:\/\/www.facebook.com\/tourtravelandmore\/\",\"https:\/\/x.com\/TourTravel_More\"]}]}<\/script>\n<!-- \/ Yoast SEO Premium plugin. -->","yoast_head_json":{"title":"Visite priv\u00e9e de la ville d'Indianapolis avec un guide local et un chauffeur priv\u00e9","description":"Venez avec nous sur cette visite priv\u00e9e de la ville d'Indianapolis et pr\u00e9parez-vous \u00e0 visiter tous les lieux et monuments les plus embl\u00e9matiques de cette ville.","robots":{"index":"index","follow":"follow","max-snippet":"max-snippet:-1","max-image-preview":"max-image-preview:large","max-video-preview":"max-video-preview:-1"},"canonical":"https:\/\/tourtravelandmore.com\/fr\/tours\/etats-unis-fr\/indianapolis-fr\/visite-privee-de-la-ville-dindianapolis\/","og_locale":"fr_FR","og_type":"article","og_title":"Visite priv\u00e9e de la ville d'Indianapolis","og_description":"Venez avec nous sur cette visite priv\u00e9e de la ville d'Indianapolis et pr\u00e9parez-vous \u00e0 visiter tous les lieux et monuments les plus embl\u00e9matiques de cette ville.","og_url":"https:\/\/tourtravelandmore.com\/fr\/tours\/etats-unis-fr\/indianapolis-fr\/visite-privee-de-la-ville-dindianapolis\/","og_site_name":"Tour Travel And More","article_publisher":"https:\/\/www.facebook.com\/tourtravelandmore\/","article_modified_time":"2021-03-18T19:47:01+00:00","og_image":[{"width":1280,"height":961,"url":"https:\/\/tourtravelandmore.com\/wp-content\/uploads\/2020\/11\/indianapolis-1.jpg","type":"image\/jpeg"}],"twitter_card":"summary_large_image","twitter_site":"@TourTravel_More","twitter_misc":{"Dur\u00e9e de lecture estim\u00e9e":"2 minutes"},"schema":{"@context":"https:\/\/schema.org","@graph":[{"@type":"WebPage","@id":"https:\/\/tourtravelandmore.com\/fr\/tours\/etats-unis-fr\/indianapolis-fr\/visite-privee-de-la-ville-dindianapolis\/","url":"https:\/\/tourtravelandmore.com\/fr\/tours\/etats-unis-fr\/indianapolis-fr\/visite-privee-de-la-ville-dindianapolis\/","name":"Visite priv\u00e9e de la ville d'Indianapolis avec un guide local et un chauffeur priv\u00e9","isPartOf":{"@id":"https:\/\/tourtravelandmore.com\/fr\/#website"},"primaryImageOfPage":{"@id":"https:\/\/tourtravelandmore.com\/fr\/tours\/etats-unis-fr\/indianapolis-fr\/visite-privee-de-la-ville-dindianapolis\/#primaryimage"},"image":{"@id":"https:\/\/tourtravelandmore.com\/fr\/tours\/etats-unis-fr\/indianapolis-fr\/visite-privee-de-la-ville-dindianapolis\/#primaryimage"},"thumbnailUrl":"https:\/\/tourtravelandmore.com\/wp-content\/uploads\/2020\/11\/indianapolis-1.jpg","datePublished":"2020-11-24T09:23:35+00:00","dateModified":"2021-03-18T19:47:01+00:00","description":"Venez avec nous sur cette visite priv\u00e9e de la ville d'Indianapolis et pr\u00e9parez-vous \u00e0 visiter tous les lieux et monuments les plus embl\u00e9matiques de cette ville.","breadcrumb":{"@id":"https:\/\/tourtravelandmore.com\/fr\/tours\/etats-unis-fr\/indianapolis-fr\/visite-privee-de-la-ville-dindianapolis\/#breadcrumb"},"inLanguage":"fr-FR","potentialAction":[{"@type":"ReadAction","target":["https:\/\/tourtravelandmore.com\/fr\/tours\/etats-unis-fr\/indianapolis-fr\/visite-privee-de-la-ville-dindianapolis\/"]}]},{"@type":"ImageObject","inLanguage":"fr-FR","@id":"https:\/\/tourtravelandmore.com\/fr\/tours\/etats-unis-fr\/indianapolis-fr\/visite-privee-de-la-ville-dindianapolis\/#primaryimage","url":"https:\/\/tourtravelandmore.com\/wp-content\/uploads\/2020\/11\/indianapolis-1.jpg","contentUrl":"https:\/\/tourtravelandmore.com\/wp-content\/uploads\/2020\/11\/indianapolis-1.jpg","width":1280,"height":961},{"@type":"BreadcrumbList","@id":"https:\/\/tourtravelandmore.com\/fr\/tours\/etats-unis-fr\/indianapolis-fr\/visite-privee-de-la-ville-dindianapolis\/#breadcrumb","itemListElement":[{"@type":"ListItem","position":1,"name":"Home","item":"https:\/\/tourtravelandmore.com\/fr\/"},{"@type":"ListItem","position":2,"name":"Tours","item":"https:\/\/tourtravelandmore.com\/fr\/tours\/"},{"@type":"ListItem","position":3,"name":"Visite priv\u00e9e de la ville d&rsquo;Indianapolis"}]},{"@type":"WebSite","@id":"https:\/\/tourtravelandmore.com\/fr\/#website","url":"https:\/\/tourtravelandmore.com\/fr\/","name":"Tour Travel And More","description":"Private sightseeing tours and luxury transfers in Spain","publisher":{"@id":"https:\/\/tourtravelandmore.com\/fr\/#organization"},"potentialAction":[{"@type":"SearchAction","target":{"@type":"EntryPoint","urlTemplate":"https:\/\/tourtravelandmore.com\/fr\/?s={search_term_string}"},"query-input":{"@type":"PropertyValueSpecification","valueRequired":true,"valueName":"search_term_string"}}],"inLanguage":"fr-FR"},{"@type":"Organization","@id":"https:\/\/tourtravelandmore.com\/fr\/#organization","name":"Tour Travel And More","url":"https:\/\/tourtravelandmore.com\/fr\/","logo":{"@type":"ImageObject","inLanguage":"fr-FR","@id":"https:\/\/tourtravelandmore.com\/fr\/#\/schema\/logo\/image\/","url":"https:\/\/tourtravelandmore.com\/wp-content\/uploads\/2022\/12\/cropped-logo-cabecera-new.png","contentUrl":"https:\/\/tourtravelandmore.com\/wp-content\/uploads\/2022\/12\/cropped-logo-cabecera-new.png","width":430,"height":61,"caption":"Tour Travel And More"},"image":{"@id":"https:\/\/tourtravelandmore.com\/fr\/#\/schema\/logo\/image\/"},"sameAs":["https:\/\/www.facebook.com\/tourtravelandmore\/","https:\/\/x.com\/TourTravel_More"]}]}},"_links":{"self":[{"href":"https:\/\/tourtravelandmore.com\/fr\/wp-json\/wp\/v2\/product\/104369","targetHints":{"allow":["GET"]}}],"collection":[{"href":"https:\/\/tourtravelandmore.com\/fr\/wp-json\/wp\/v2\/product"}],"about":[{"href":"https:\/\/tourtravelandmore.com\/fr\/wp-json\/wp\/v2\/types\/product"}],"replies":[{"embeddable":true,"href":"https:\/\/tourtravelandmore.com\/fr\/wp-json\/wp\/v2\/comments?post=104369"}],"wp:featuredmedia":[{"embeddable":true,"href":"https:\/\/tourtravelandmore.com\/fr\/wp-json\/wp\/v2\/media\/87807"}],"wp:attachment":[{"href":"https:\/\/tourtravelandmore.com\/fr\/wp-json\/wp\/v2\/media?parent=104369"}],"wp:term":[{"taxonomy":"product_brand","embeddable":true,"href":"https:\/\/tourtravelandmore.com\/fr\/wp-json\/wp\/v2\/product_brand?post=104369"},{"taxonomy":"product_cat","embeddable":true,"href":"https:\/\/tourtravelandmore.com\/fr\/wp-json\/wp\/v2\/product_cat?post=104369"},{"taxonomy":"product_tag","embeddable":true,"href":"https:\/\/tourtravelandmore.com\/fr\/wp-json\/wp\/v2\/product_tag?post=104369"}],"curies":[{"name":"wp","href":"https:\/\/api.w.org\/{rel}","templated":true}]}}