{"id":104351,"date":"2020-11-30T11:57:41","date_gmt":"2020-11-30T10:57:41","guid":{"rendered":"https:\/\/tourtravelandmore.com\/tours\/non%20class\u00e9\/visite-privee-des-fantomes-de-savannah\/"},"modified":"2021-03-18T20:37:39","modified_gmt":"2021-03-18T19:37:39","slug":"visite-privee-des-fantomes-de-savannah","status":"publish","type":"product","link":"https:\/\/tourtravelandmore.com\/fr\/tours\/etats-unis-fr\/savannah-fr\/visite-privee-des-fantomes-de-savannah\/","title":{"rendered":"Visite priv\u00e9e des fant\u00f4mes de Savannah"},"content":{"rendered":"<h2>Description:<\/h2>\n<p>Faites notre visite priv\u00e9e des fant\u00f4mes de Savannah pour une v\u00e9ritable exp\u00e9rience dans la ville de Savannah. L&#8217;une des visites les plus populaires de Savannah est celle des fant\u00f4mes. C&#8217;est pourquoi vous ne pouvez pas manquer cette exp\u00e9rience priv\u00e9e.<\/p>\n<p>Conna\u00eetre la ville la plus hant\u00e9e d&#8217;Am\u00e9rique est une exp\u00e9rience amusante, surtout avec nous. Cela peut inclure de d\u00e9couvrir d&#8217;anciennes exp\u00e9riences qui se sont produites dans la ville. Un exemple de cela peut \u00eatre la traite des esclaves, les pirates, les ramasseurs de rhum, le fr\u00e8re \u00e0 gogo, la morosit\u00e9, la fi\u00e8vre jaune et bien plus encore, y compris le meurtre de masse!<\/p>\n<p>Lors de votre visite \u00e0 Savannah, nous devons vous emmener vers le meilleur tour Ghost de la ville.<\/p>\n<p>C&#8217;est une excellente tourn\u00e9e pour les amateurs de sensations fortes! C&#8217;est pourquoi Savannah est une ville formidable \u00e0 visiter et notre visite fant\u00f4me est parfaite. Savannah est connue comme la ville hant\u00e9e! Passez le long des belles maisons hant\u00e9es qui ont maintenant \u00e9t\u00e9 restaur\u00e9es.<\/p>\n<p>Nos visites sont toutes priv\u00e9es, c&#8217;est pourquoi nous pouvons organiser une visite priv\u00e9e des fant\u00f4mes pour vous. Si vous voyagez avec des enfants, nous pouvons organiser une visite plus adapt\u00e9e aux enfants pour vous. Si ce n&#8217;est que des adultes, nous l&#8217;adapterons \u00e0 vos propres besoins.<\/p>\n<h2>Sites d&#8217;int\u00e9r\u00eat et monuments<\/h2>\n<p>Tout d&#8217;abord, nous nous retrouverons au centre-ville de Savannah. Nous commencerons ensuite cette visite priv\u00e9e. Si, par hasard, vous s\u00e9journez dans un h\u00f4tel situ\u00e9 au centre, nous pouvons venir vous chercher \u00e0 partir de l\u00e0. Sinon, nous organiserons la prise en charge au point de rendez-vous situ\u00e9 au centre. Nous commencerons ensuite cette visite priv\u00e9e des fant\u00f4mes de Savannah.<\/p>\n<p>Au cours de cette visite fant\u00f4me, nous vous emm\u00e8nerons dans de superbes endroits. Entre autres, rendez-vous sur:<\/p>\n<ul>\n<li>Demeures hant\u00e9es de Savannah<\/li>\n<li>Demeures historiques de Savannah<\/li>\n<li>Les cimeti\u00e8res hant\u00e9s<\/li>\n<li>Cimeti\u00e8re<\/li>\n<li>Champ de bataille de la guerre r\u00e9volutionnaire<\/li>\n<li>Beaucoup plus!<\/li>\n<\/ul>\n<p>Cette visite priv\u00e9e se terminera dans le centre-ville. D\u00e9couvrez nos autres visites priv\u00e9es \u00e0 Savannah en cliquant ici. Nos experts en voyages sont l\u00e0 pour rendre votre exp\u00e9rience m\u00e9morable.<\/p>\n<p><button style=\"width: auto; height: auto; background-image: url('data:image\/png;base64,iVBORw0KGgoAAAANSUhEUgAAADAAAAAwCAYAAABXAvmHAAABS2lUWHRYTUw6Y29tLmFkb2JlLnhtcAAAAAAAPD94cGFja2V0IGJlZ2luPSLvu78iIGlkPSJXNU0wTXBDZWhpSHpyZVN6TlRjemtjOWQiPz4KPHg6eG1wbWV0YSB4bWxuczp4PSJhZG9iZTpuczptZXRhLyIgeDp4bXB0az0iQWRvYmUgWE1QIENvcmUgNS42LWMxMzggNzkuMTU5ODI0LCAyMDE2LzA5LzE0LTAxOjA5OjAxICAgICAgICAiPgogPHJkZjpSREYgeG1sbnM6cmRmPSJodHRwOi8vd3d3LnczLm9yZy8xOTk5LzAyLzIyLXJkZi1zeW50YXgtbnMjIj4KICA8cmRmOkRlc2NyaXB0aW9uIHJkZjphYm91dD0iIi8+CiA8L3JkZjpSREY+CjwveDp4bXBtZXRhPgo8P3hwYWNrZXQgZW5kPSJyIj8+IEmuOgAAAx5JREFUaIHtmj1L81wYx39JI75AbYtgBTFTRdQGXV2cxMlPICjiakHE0cVJB5FO4uLgN1AnZ\/0EgoLQtd6tL6hJIwia9DzDg6Wxpcb7hMTe+INCz+t1\/TnJuU7OOYoQ4g8Qpz2xFSGEiNoLGVTAjtoJCWw1ag9k0eoTQgg2NzcplUp0dHRE5VNTHMdB0zTy+TydnZ21fI8Ay7K4vr4ml8uRSqVCd7IVQgjW19cpFAoYhlHLbxiBTCbD9PR06A76YXx8HNd1PXmed0BRFBzHwTTNUB3zy\/v7O7FYzJPX9i\/xr4Co0b6u0prj42Pu7u5a1unp6UHXdSYmJkgmk7ImPUgLWFlZoVQq+aqbSCSYn59ne3ubRCIhaxoI4BHSdd13Xcuy2N\/fxzCML0fNL9IjoChK7f\/p6Smjo6MNdWzb5vz8nI2NDUzTpFgsMjMzw+Xlpax5eQH1TE5OMjAw0LQsm80yNzdHNpvFtm2urq44PDxkaWlJymags9D9\/X3Lcl3X2dnZqaX39vakbYY+jS4uLtLV1QXAxcUFlUpFqr\/QBXR3d9Pf3w\/8v8J8fn6W6i90Aa7r8vT0BEAsFpOeTkMXcHJywsvLCwAjIyPSgS1QAb29vS3LHx4eyOVytfTy8rK0zUAFPD4+8vb25vm9vr5SLBY5ODjAMAzK5TIAQ0NDrK6uStsMNA7Mzs42rNfrn\/kP0uk0Z2dnaJq8+UAFfHb0M6qqsrCwwO7uLn19fYHYDFTA2tpa00isaRqDg4NMTU19a+3kh0AFbG1t1YJUWAT6EhcKhSC780Xbf5H9CoiaXwFRIy2gPng5jiPb3beRjgPDw8NYlgUQegyAAAQcHR3xccgTxNrmu0hbjMJpj32ZxkIITNOkWq16tlf8tlVVlWQy+e229UgLKJfLuK77VwI+PikjE6CqKmNjYzJdSPPvxQFVVT2HaD8JVVX5fKzdcEZWLpe5vb39cYd8ADc3Nw1nZB4B8XicdDpNPp+PJCi1wnEcUqkUmUzGk68IISp8uitRqVSoVqth+ueLJntIdtNZ6Kv9nZ9E21\/20IASbXzd5j\/MIQu2KoJrJwAAAABJRU5ErkJggg=='); background-size: 14px 14px; background-color: #000000; position: absolute; opacity: 1; z-index: 86753099; display: none; cursor: pointer; border: none; border-top-left-radius: 3px; border-top-right-radius: 3px; border-bottom-right-radius: 3px; border-bottom-left-radius: 3px; text-indent: 20px; padding: 0px 4px 0px 0px; text-align: center; font-style: normal; font-variant-caps: normal; font-weight: bold; font-stretch: normal; font-size: 11px; line-height: 20px; font-family: 'Helvetica Neue', Helvetica, sans-serif; color: #ffffff; text-transform: capitalize; -webkit-font-smoothing: antialiased; top: 1397px; left: 563px; background-position: 3px 50%; background-repeat: no-repeat no-repeat;\">plan it<\/button><\/p>\n","protected":false},"excerpt":{"rendered":"<p>Participez \u00e0 cette visite priv\u00e9e des fant\u00f4mes de Savannah et obtenez la chance de profiter du meilleur de la ville de Savannah. Une grande visite priv\u00e9e de la ville.<\/p>\n","protected":false},"featured_media":88350,"comment_status":"open","ping_status":"closed","template":"","meta":{"_acf_changed":false},"product_brand":[],"product_cat":[3547,3791],"product_tag":[],"class_list":{"0":"post-104351","1":"product","2":"type-product","3":"status-publish","4":"has-post-thumbnail","6":"product_cat-etats-unis-fr","7":"product_cat-savannah-fr","9":"first","10":"instock","11":"shipping-taxable","12":"purchasable","13":"product-type-simple"},"acf":[],"yoast_head":"<!-- This site is optimized with the Yoast SEO Premium plugin v25.3.1 (Yoast SEO v25.3.1) - https:\/\/yoast.com\/wordpress\/plugins\/seo\/ -->\n<title>Visite priv\u00e9e des fant\u00f4mes de Savannah avec un guide priv\u00e9<\/title>\n<meta name=\"description\" content=\"Participez \u00e0 cette visite priv\u00e9e des fant\u00f4mes de Savannah et obtenez la chance de profiter du meilleur de la ville de Savannah. Une grande visite priv\u00e9e de la ville.\" \/>\n<meta name=\"robots\" content=\"index, follow, max-snippet:-1, max-image-preview:large, max-video-preview:-1\" \/>\n<link rel=\"canonical\" href=\"https:\/\/tourtravelandmore.com\/fr\/tours\/etats-unis-fr\/savannah-fr\/visite-privee-des-fantomes-de-savannah\/\" \/>\n<meta property=\"og:locale\" content=\"fr_FR\" \/>\n<meta property=\"og:type\" content=\"article\" \/>\n<meta property=\"og:title\" content=\"Visite priv\u00e9e des fant\u00f4mes de Savannah\" \/>\n<meta property=\"og:description\" content=\"Participez \u00e0 cette visite priv\u00e9e des fant\u00f4mes de Savannah et obtenez la chance de profiter du meilleur de la ville de Savannah. Une grande visite priv\u00e9e de la ville.\" \/>\n<meta property=\"og:url\" content=\"https:\/\/tourtravelandmore.com\/fr\/tours\/etats-unis-fr\/savannah-fr\/visite-privee-des-fantomes-de-savannah\/\" \/>\n<meta property=\"og:site_name\" content=\"Tour Travel And More\" \/>\n<meta property=\"article:publisher\" content=\"https:\/\/www.facebook.com\/tourtravelandmore\/\" \/>\n<meta property=\"article:modified_time\" content=\"2021-03-18T19:37:39+00:00\" \/>\n<meta property=\"og:image\" content=\"https:\/\/tourtravelandmore.com\/wp-content\/uploads\/2020\/11\/Savannah-5-scaled.jpg\" \/>\n\t<meta property=\"og:image:width\" content=\"1920\" \/>\n\t<meta property=\"og:image:height\" content=\"2560\" \/>\n\t<meta property=\"og:image:type\" content=\"image\/jpeg\" \/>\n<meta name=\"twitter:card\" content=\"summary_large_image\" \/>\n<meta name=\"twitter:site\" content=\"@TourTravel_More\" \/>\n<meta name=\"twitter:label1\" content=\"Dur\u00e9e de lecture estim\u00e9e\" \/>\n\t<meta name=\"twitter:data1\" content=\"2 minutes\" \/>\n<script type=\"application\/ld+json\" class=\"yoast-schema-graph\">{\"@context\":\"https:\/\/schema.org\",\"@graph\":[{\"@type\":\"WebPage\",\"@id\":\"https:\/\/tourtravelandmore.com\/fr\/tours\/etats-unis-fr\/savannah-fr\/visite-privee-des-fantomes-de-savannah\/\",\"url\":\"https:\/\/tourtravelandmore.com\/fr\/tours\/etats-unis-fr\/savannah-fr\/visite-privee-des-fantomes-de-savannah\/\",\"name\":\"Visite priv\u00e9e des fant\u00f4mes de Savannah avec un guide priv\u00e9\",\"isPartOf\":{\"@id\":\"https:\/\/tourtravelandmore.com\/fr\/#website\"},\"primaryImageOfPage\":{\"@id\":\"https:\/\/tourtravelandmore.com\/fr\/tours\/etats-unis-fr\/savannah-fr\/visite-privee-des-fantomes-de-savannah\/#primaryimage\"},\"image\":{\"@id\":\"https:\/\/tourtravelandmore.com\/fr\/tours\/etats-unis-fr\/savannah-fr\/visite-privee-des-fantomes-de-savannah\/#primaryimage\"},\"thumbnailUrl\":\"https:\/\/tourtravelandmore.com\/wp-content\/uploads\/2020\/11\/Savannah-5-scaled.jpg\",\"datePublished\":\"2020-11-30T10:57:41+00:00\",\"dateModified\":\"2021-03-18T19:37:39+00:00\",\"description\":\"Participez \u00e0 cette visite priv\u00e9e des fant\u00f4mes de Savannah et obtenez la chance de profiter du meilleur de la ville de Savannah. Une grande visite priv\u00e9e de la ville.\",\"breadcrumb\":{\"@id\":\"https:\/\/tourtravelandmore.com\/fr\/tours\/etats-unis-fr\/savannah-fr\/visite-privee-des-fantomes-de-savannah\/#breadcrumb\"},\"inLanguage\":\"fr-FR\",\"potentialAction\":[{\"@type\":\"ReadAction\",\"target\":[\"https:\/\/tourtravelandmore.com\/fr\/tours\/etats-unis-fr\/savannah-fr\/visite-privee-des-fantomes-de-savannah\/\"]}]},{\"@type\":\"ImageObject\",\"inLanguage\":\"fr-FR\",\"@id\":\"https:\/\/tourtravelandmore.com\/fr\/tours\/etats-unis-fr\/savannah-fr\/visite-privee-des-fantomes-de-savannah\/#primaryimage\",\"url\":\"https:\/\/tourtravelandmore.com\/wp-content\/uploads\/2020\/11\/Savannah-5-scaled.jpg\",\"contentUrl\":\"https:\/\/tourtravelandmore.com\/wp-content\/uploads\/2020\/11\/Savannah-5-scaled.jpg\",\"width\":1920,\"height\":2560},{\"@type\":\"BreadcrumbList\",\"@id\":\"https:\/\/tourtravelandmore.com\/fr\/tours\/etats-unis-fr\/savannah-fr\/visite-privee-des-fantomes-de-savannah\/#breadcrumb\",\"itemListElement\":[{\"@type\":\"ListItem\",\"position\":1,\"name\":\"Home\",\"item\":\"https:\/\/tourtravelandmore.com\/fr\/\"},{\"@type\":\"ListItem\",\"position\":2,\"name\":\"Tours\",\"item\":\"https:\/\/tourtravelandmore.com\/fr\/tours\/\"},{\"@type\":\"ListItem\",\"position\":3,\"name\":\"Visite priv\u00e9e des fant\u00f4mes de Savannah\"}]},{\"@type\":\"WebSite\",\"@id\":\"https:\/\/tourtravelandmore.com\/fr\/#website\",\"url\":\"https:\/\/tourtravelandmore.com\/fr\/\",\"name\":\"Tour Travel And More\",\"description\":\"Private sightseeing tours and luxury transfers in Spain\",\"publisher\":{\"@id\":\"https:\/\/tourtravelandmore.com\/fr\/#organization\"},\"potentialAction\":[{\"@type\":\"SearchAction\",\"target\":{\"@type\":\"EntryPoint\",\"urlTemplate\":\"https:\/\/tourtravelandmore.com\/fr\/?s={search_term_string}\"},\"query-input\":{\"@type\":\"PropertyValueSpecification\",\"valueRequired\":true,\"valueName\":\"search_term_string\"}}],\"inLanguage\":\"fr-FR\"},{\"@type\":\"Organization\",\"@id\":\"https:\/\/tourtravelandmore.com\/fr\/#organization\",\"name\":\"Tour Travel And More\",\"url\":\"https:\/\/tourtravelandmore.com\/fr\/\",\"logo\":{\"@type\":\"ImageObject\",\"inLanguage\":\"fr-FR\",\"@id\":\"https:\/\/tourtravelandmore.com\/fr\/#\/schema\/logo\/image\/\",\"url\":\"https:\/\/tourtravelandmore.com\/wp-content\/uploads\/2022\/12\/cropped-logo-cabecera-new.png\",\"contentUrl\":\"https:\/\/tourtravelandmore.com\/wp-content\/uploads\/2022\/12\/cropped-logo-cabecera-new.png\",\"width\":430,\"height\":61,\"caption\":\"Tour Travel And More\"},\"image\":{\"@id\":\"https:\/\/tourtravelandmore.com\/fr\/#\/schema\/logo\/image\/\"},\"sameAs\":[\"https:\/\/www.facebook.com\/tourtravelandmore\/\",\"https:\/\/x.com\/TourTravel_More\"]}]}<\/script>\n<!-- \/ Yoast SEO Premium plugin. -->","yoast_head_json":{"title":"Visite priv\u00e9e des fant\u00f4mes de Savannah avec un guide priv\u00e9","description":"Participez \u00e0 cette visite priv\u00e9e des fant\u00f4mes de Savannah et obtenez la chance de profiter du meilleur de la ville de Savannah. Une grande visite priv\u00e9e de la ville.","robots":{"index":"index","follow":"follow","max-snippet":"max-snippet:-1","max-image-preview":"max-image-preview:large","max-video-preview":"max-video-preview:-1"},"canonical":"https:\/\/tourtravelandmore.com\/fr\/tours\/etats-unis-fr\/savannah-fr\/visite-privee-des-fantomes-de-savannah\/","og_locale":"fr_FR","og_type":"article","og_title":"Visite priv\u00e9e des fant\u00f4mes de Savannah","og_description":"Participez \u00e0 cette visite priv\u00e9e des fant\u00f4mes de Savannah et obtenez la chance de profiter du meilleur de la ville de Savannah. Une grande visite priv\u00e9e de la ville.","og_url":"https:\/\/tourtravelandmore.com\/fr\/tours\/etats-unis-fr\/savannah-fr\/visite-privee-des-fantomes-de-savannah\/","og_site_name":"Tour Travel And More","article_publisher":"https:\/\/www.facebook.com\/tourtravelandmore\/","article_modified_time":"2021-03-18T19:37:39+00:00","og_image":[{"width":1920,"height":2560,"url":"https:\/\/tourtravelandmore.com\/wp-content\/uploads\/2020\/11\/Savannah-5-scaled.jpg","type":"image\/jpeg"}],"twitter_card":"summary_large_image","twitter_site":"@TourTravel_More","twitter_misc":{"Dur\u00e9e de lecture estim\u00e9e":"2 minutes"},"schema":{"@context":"https:\/\/schema.org","@graph":[{"@type":"WebPage","@id":"https:\/\/tourtravelandmore.com\/fr\/tours\/etats-unis-fr\/savannah-fr\/visite-privee-des-fantomes-de-savannah\/","url":"https:\/\/tourtravelandmore.com\/fr\/tours\/etats-unis-fr\/savannah-fr\/visite-privee-des-fantomes-de-savannah\/","name":"Visite priv\u00e9e des fant\u00f4mes de Savannah avec un guide priv\u00e9","isPartOf":{"@id":"https:\/\/tourtravelandmore.com\/fr\/#website"},"primaryImageOfPage":{"@id":"https:\/\/tourtravelandmore.com\/fr\/tours\/etats-unis-fr\/savannah-fr\/visite-privee-des-fantomes-de-savannah\/#primaryimage"},"image":{"@id":"https:\/\/tourtravelandmore.com\/fr\/tours\/etats-unis-fr\/savannah-fr\/visite-privee-des-fantomes-de-savannah\/#primaryimage"},"thumbnailUrl":"https:\/\/tourtravelandmore.com\/wp-content\/uploads\/2020\/11\/Savannah-5-scaled.jpg","datePublished":"2020-11-30T10:57:41+00:00","dateModified":"2021-03-18T19:37:39+00:00","description":"Participez \u00e0 cette visite priv\u00e9e des fant\u00f4mes de Savannah et obtenez la chance de profiter du meilleur de la ville de Savannah. Une grande visite priv\u00e9e de la ville.","breadcrumb":{"@id":"https:\/\/tourtravelandmore.com\/fr\/tours\/etats-unis-fr\/savannah-fr\/visite-privee-des-fantomes-de-savannah\/#breadcrumb"},"inLanguage":"fr-FR","potentialAction":[{"@type":"ReadAction","target":["https:\/\/tourtravelandmore.com\/fr\/tours\/etats-unis-fr\/savannah-fr\/visite-privee-des-fantomes-de-savannah\/"]}]},{"@type":"ImageObject","inLanguage":"fr-FR","@id":"https:\/\/tourtravelandmore.com\/fr\/tours\/etats-unis-fr\/savannah-fr\/visite-privee-des-fantomes-de-savannah\/#primaryimage","url":"https:\/\/tourtravelandmore.com\/wp-content\/uploads\/2020\/11\/Savannah-5-scaled.jpg","contentUrl":"https:\/\/tourtravelandmore.com\/wp-content\/uploads\/2020\/11\/Savannah-5-scaled.jpg","width":1920,"height":2560},{"@type":"BreadcrumbList","@id":"https:\/\/tourtravelandmore.com\/fr\/tours\/etats-unis-fr\/savannah-fr\/visite-privee-des-fantomes-de-savannah\/#breadcrumb","itemListElement":[{"@type":"ListItem","position":1,"name":"Home","item":"https:\/\/tourtravelandmore.com\/fr\/"},{"@type":"ListItem","position":2,"name":"Tours","item":"https:\/\/tourtravelandmore.com\/fr\/tours\/"},{"@type":"ListItem","position":3,"name":"Visite priv\u00e9e des fant\u00f4mes de Savannah"}]},{"@type":"WebSite","@id":"https:\/\/tourtravelandmore.com\/fr\/#website","url":"https:\/\/tourtravelandmore.com\/fr\/","name":"Tour Travel And More","description":"Private sightseeing tours and luxury transfers in Spain","publisher":{"@id":"https:\/\/tourtravelandmore.com\/fr\/#organization"},"potentialAction":[{"@type":"SearchAction","target":{"@type":"EntryPoint","urlTemplate":"https:\/\/tourtravelandmore.com\/fr\/?s={search_term_string}"},"query-input":{"@type":"PropertyValueSpecification","valueRequired":true,"valueName":"search_term_string"}}],"inLanguage":"fr-FR"},{"@type":"Organization","@id":"https:\/\/tourtravelandmore.com\/fr\/#organization","name":"Tour Travel And More","url":"https:\/\/tourtravelandmore.com\/fr\/","logo":{"@type":"ImageObject","inLanguage":"fr-FR","@id":"https:\/\/tourtravelandmore.com\/fr\/#\/schema\/logo\/image\/","url":"https:\/\/tourtravelandmore.com\/wp-content\/uploads\/2022\/12\/cropped-logo-cabecera-new.png","contentUrl":"https:\/\/tourtravelandmore.com\/wp-content\/uploads\/2022\/12\/cropped-logo-cabecera-new.png","width":430,"height":61,"caption":"Tour Travel And More"},"image":{"@id":"https:\/\/tourtravelandmore.com\/fr\/#\/schema\/logo\/image\/"},"sameAs":["https:\/\/www.facebook.com\/tourtravelandmore\/","https:\/\/x.com\/TourTravel_More"]}]}},"_links":{"self":[{"href":"https:\/\/tourtravelandmore.com\/fr\/wp-json\/wp\/v2\/product\/104351","targetHints":{"allow":["GET"]}}],"collection":[{"href":"https:\/\/tourtravelandmore.com\/fr\/wp-json\/wp\/v2\/product"}],"about":[{"href":"https:\/\/tourtravelandmore.com\/fr\/wp-json\/wp\/v2\/types\/product"}],"replies":[{"embeddable":true,"href":"https:\/\/tourtravelandmore.com\/fr\/wp-json\/wp\/v2\/comments?post=104351"}],"wp:featuredmedia":[{"embeddable":true,"href":"https:\/\/tourtravelandmore.com\/fr\/wp-json\/wp\/v2\/media\/88350"}],"wp:attachment":[{"href":"https:\/\/tourtravelandmore.com\/fr\/wp-json\/wp\/v2\/media?parent=104351"}],"wp:term":[{"taxonomy":"product_brand","embeddable":true,"href":"https:\/\/tourtravelandmore.com\/fr\/wp-json\/wp\/v2\/product_brand?post=104351"},{"taxonomy":"product_cat","embeddable":true,"href":"https:\/\/tourtravelandmore.com\/fr\/wp-json\/wp\/v2\/product_cat?post=104351"},{"taxonomy":"product_tag","embeddable":true,"href":"https:\/\/tourtravelandmore.com\/fr\/wp-json\/wp\/v2\/product_tag?post=104351"}],"curies":[{"name":"wp","href":"https:\/\/api.w.org\/{rel}","templated":true}]}}