{"id":104345,"date":"2020-11-30T11:38:57","date_gmt":"2020-11-30T10:38:57","guid":{"rendered":"https:\/\/tourtravelandmore.com\/tours\/non%20class\u00e9\/visite-privee-du-cimetiere-bonaventure-et-de-fort-jackson\/"},"modified":"2021-03-18T20:37:08","modified_gmt":"2021-03-18T19:37:08","slug":"visite-privee-du-cimetiere-bonaventure-et-de-fort-jackson","status":"publish","type":"product","link":"https:\/\/tourtravelandmore.com\/fr\/tours\/etats-unis-fr\/savannah-fr\/visite-privee-du-cimetiere-bonaventure-et-de-fort-jackson\/","title":{"rendered":"Visite priv\u00e9e du cimeti\u00e8re Bonaventure et de Fort Jackson"},"content":{"rendered":"<h2>Description:<\/h2>\n<p>Faites notre visite priv\u00e9e du cimeti\u00e8re Bonaventure et de Fort Jackson pour une exp\u00e9rience compl\u00e8te. Nous vous emm\u00e8nerons dans ces deux endroits formidables.<\/p>\n<p>Tout d&#8217;abord, pour cette visite priv\u00e9e, nous vous emm\u00e8nerons sur ces deux sites uniques. Apr\u00e8s une prise en charge confortable, nous commencerons cette visite priv\u00e9e. Notre chauffeur et guide seront \u00e0 votre disposition pour une exp\u00e9rience totalement unique.<\/p>\n<p>Deuxi\u00e8mement, nous sommes ici pour faire de ce cimeti\u00e8re priv\u00e9 Bonaventure et de Fort Jackson une excellente visite priv\u00e9e pour vous.<\/p>\n<p>Apr\u00e8s avoir organis\u00e9 la prise en charge, nous commencerons cette excellente visite priv\u00e9e!<\/p>\n<h2>Sites d&#8217;int\u00e9r\u00eat et monuments<\/h2>\n<p>Tout d&#8217;abord, apr\u00e8s avoir organis\u00e9 une prise en charge priv\u00e9e, nous vous emm\u00e8nerons dans cette grande visite priv\u00e9e.<\/p>\n<p>Voici un exemple de ce que vous verrez:<\/p>\n<p><strong>Fort James Jackson<\/strong><\/p>\n<p>Deuxi\u00e8mement, nous nous dirigerons vers Fort James Jackson.<\/p>\n<p>Le plus ancien fort debout de l&#8217;\u00e9tat de G\u00e9orgie. C&#8217;est Fort James Jackson. Il s&#8217;agit d&#8217;un monument historique national et est maintenant exploit\u00e9 par la Coastal Heritage Society.<\/p>\n<p>Le fort pendant la guerre de 1812 et la guerre civile \u00e9tait actif. Profitez de la promenade autour du fort aux c\u00f4t\u00e9s de notre guide.<\/p>\n<p>Old Fort Jackson est le plus ancien fort de brique debout en G\u00e9orgie. Il a \u00e9t\u00e9 construit en 1808.<\/p>\n<p>Le nom du fort vient d&#8217;un gouverneur g\u00e9orgien. Ce gouverneur a lib\u00e9r\u00e9 Savannah des Britanniques. C&#8217;\u00e9tait \u00e0 une \u00e9poque l&#8217;une des fortifications les plus solides de tous les \u00c9tats-Unis.<\/p>\n<p><strong>Cimeti\u00e8re Bonaventure<\/strong><\/p>\n<p>C&#8217;est l&#8217;un des plus beaux cimeti\u00e8res du monde. Il figure sur la liste des seaux de nombreux voyageurs.<\/p>\n<p>De plus, l&#8217;entr\u00e9e est gratuite. Laissez-nous vous emmener visiter ce cimeti\u00e8re.<\/p>\n<p>Enfin, une fois cette visite termin\u00e9e, nous vous ram\u00e8nerons \u00e0 votre h\u00f4tel \u00e0 Savannah. Notre chauffeur priv\u00e9 et guide vous ram\u00e8nera.<\/p>\n<p>D\u00e9couvrez nos autres circuits priv\u00e9s que nous vous proposons \u00e0 Savannah et dans toute autre ville de votre choix.<\/p>\n<p><button style=\"width: auto; height: auto; background-image: url('data:image\/png;base64,iVBORw0KGgoAAAANSUhEUgAAADAAAAAwCAYAAABXAvmHAAABS2lUWHRYTUw6Y29tLmFkb2JlLnhtcAAAAAAAPD94cGFja2V0IGJlZ2luPSLvu78iIGlkPSJXNU0wTXBDZWhpSHpyZVN6TlRjemtjOWQiPz4KPHg6eG1wbWV0YSB4bWxuczp4PSJhZG9iZTpuczptZXRhLyIgeDp4bXB0az0iQWRvYmUgWE1QIENvcmUgNS42LWMxMzggNzkuMTU5ODI0LCAyMDE2LzA5LzE0LTAxOjA5OjAxICAgICAgICAiPgogPHJkZjpSREYgeG1sbnM6cmRmPSJodHRwOi8vd3d3LnczLm9yZy8xOTk5LzAyLzIyLXJkZi1zeW50YXgtbnMjIj4KICA8cmRmOkRlc2NyaXB0aW9uIHJkZjphYm91dD0iIi8+CiA8L3JkZjpSREY+CjwveDp4bXBtZXRhPgo8P3hwYWNrZXQgZW5kPSJyIj8+IEmuOgAAAx5JREFUaIHtmj1L81wYx39JI75AbYtgBTFTRdQGXV2cxMlPICjiakHE0cVJB5FO4uLgN1AnZ\/0EgoLQtd6tL6hJIwia9DzDg6Wxpcb7hMTe+INCz+t1\/TnJuU7OOYoQ4g8Qpz2xFSGEiNoLGVTAjtoJCWw1ag9k0eoTQgg2NzcplUp0dHRE5VNTHMdB0zTy+TydnZ21fI8Ay7K4vr4ml8uRSqVCd7IVQgjW19cpFAoYhlHLbxiBTCbD9PR06A76YXx8HNd1PXmed0BRFBzHwTTNUB3zy\/v7O7FYzJPX9i\/xr4Co0b6u0prj42Pu7u5a1unp6UHXdSYmJkgmk7ImPUgLWFlZoVQq+aqbSCSYn59ne3ubRCIhaxoI4BHSdd13Xcuy2N\/fxzCML0fNL9IjoChK7f\/p6Smjo6MNdWzb5vz8nI2NDUzTpFgsMjMzw+Xlpax5eQH1TE5OMjAw0LQsm80yNzdHNpvFtm2urq44PDxkaWlJymags9D9\/X3Lcl3X2dnZqaX39vakbYY+jS4uLtLV1QXAxcUFlUpFqr\/QBXR3d9Pf3w\/8v8J8fn6W6i90Aa7r8vT0BEAsFpOeTkMXcHJywsvLCwAjIyPSgS1QAb29vS3LHx4eyOVytfTy8rK0zUAFPD4+8vb25vm9vr5SLBY5ODjAMAzK5TIAQ0NDrK6uStsMNA7Mzs42rNfrn\/kP0uk0Z2dnaJq8+UAFfHb0M6qqsrCwwO7uLn19fYHYDFTA2tpa00isaRqDg4NMTU19a+3kh0AFbG1t1YJUWAT6EhcKhSC780Xbf5H9CoiaXwFRIy2gPng5jiPb3beRjgPDw8NYlgUQegyAAAQcHR3xccgTxNrmu0hbjMJpj32ZxkIITNOkWq16tlf8tlVVlWQy+e229UgLKJfLuK77VwI+PikjE6CqKmNjYzJdSPPvxQFVVT2HaD8JVVX5fKzdcEZWLpe5vb39cYd8ADc3Nw1nZB4B8XicdDpNPp+PJCi1wnEcUqkUmUzGk68IISp8uitRqVSoVqth+ueLJntIdtNZ6Kv9nZ9E21\/20IASbXzd5j\/MIQu2KoJrJwAAAABJRU5ErkJggg=='); background-size: 14px 14px; background-color: #000000; position: absolute; opacity: 1; z-index: 86753099; display: none; cursor: pointer; border: none; border-top-left-radius: 3px; border-top-right-radius: 3px; border-bottom-right-radius: 3px; border-bottom-left-radius: 3px; text-indent: 20px; padding: 0px 4px 0px 0px; text-align: center; font-style: normal; font-variant-caps: normal; font-weight: bold; font-stretch: normal; font-size: 11px; line-height: 20px; font-family: 'Helvetica Neue', Helvetica, sans-serif; color: #ffffff; text-transform: capitalize; -webkit-font-smoothing: antialiased; top: 1397px; left: 563px; background-position: 3px 50%; background-repeat: no-repeat no-repeat;\">plan it<\/button><\/p>\n","protected":false},"excerpt":{"rendered":"<p>Participez \u00e0 cette visite priv\u00e9e de Savannah et obtenez la chance de profiter du meilleur de la ville.<\/p>\n","protected":false},"featured_media":88341,"comment_status":"open","ping_status":"closed","template":"","meta":{"_acf_changed":false},"product_brand":[],"product_cat":[3547,3791],"product_tag":[],"class_list":{"0":"post-104345","1":"product","2":"type-product","3":"status-publish","4":"has-post-thumbnail","6":"product_cat-etats-unis-fr","7":"product_cat-savannah-fr","9":"first","10":"instock","11":"shipping-taxable","12":"purchasable","13":"product-type-simple"},"acf":[],"yoast_head":"<!-- This site is optimized with the Yoast SEO Premium plugin v25.3.1 (Yoast SEO v25.3.1) - https:\/\/yoast.com\/wordpress\/plugins\/seo\/ -->\n<title>Visite priv\u00e9e du cimeti\u00e8re Bonaventure et de Fort Jackson avec un guide<\/title>\n<meta name=\"description\" content=\"Faites cette visite priv\u00e9e du cimeti\u00e8re Bonaventure et de Fort Jackson et profitez de la meilleure savane. Une grande visite priv\u00e9e de la ville.\" \/>\n<meta name=\"robots\" content=\"index, follow, max-snippet:-1, max-image-preview:large, max-video-preview:-1\" \/>\n<link rel=\"canonical\" href=\"https:\/\/tourtravelandmore.com\/fr\/tours\/etats-unis-fr\/savannah-fr\/visite-privee-du-cimetiere-bonaventure-et-de-fort-jackson\/\" \/>\n<meta property=\"og:locale\" content=\"fr_FR\" \/>\n<meta property=\"og:type\" content=\"article\" \/>\n<meta property=\"og:title\" content=\"Visite priv\u00e9e du cimeti\u00e8re Bonaventure et de Fort Jackson\" \/>\n<meta property=\"og:description\" content=\"Faites cette visite priv\u00e9e du cimeti\u00e8re Bonaventure et de Fort Jackson et profitez de la meilleure savane. Une grande visite priv\u00e9e de la ville.\" \/>\n<meta property=\"og:url\" content=\"https:\/\/tourtravelandmore.com\/fr\/tours\/etats-unis-fr\/savannah-fr\/visite-privee-du-cimetiere-bonaventure-et-de-fort-jackson\/\" \/>\n<meta property=\"og:site_name\" content=\"Tour Travel And More\" \/>\n<meta property=\"article:publisher\" content=\"https:\/\/www.facebook.com\/tourtravelandmore\/\" \/>\n<meta property=\"article:modified_time\" content=\"2021-03-18T19:37:08+00:00\" \/>\n<meta property=\"og:image\" content=\"https:\/\/tourtravelandmore.com\/wp-content\/uploads\/2020\/11\/Savannah-2-scaled.jpg\" \/>\n\t<meta property=\"og:image:width\" content=\"1922\" \/>\n\t<meta property=\"og:image:height\" content=\"2560\" \/>\n\t<meta property=\"og:image:type\" content=\"image\/jpeg\" \/>\n<meta name=\"twitter:card\" content=\"summary_large_image\" \/>\n<meta name=\"twitter:site\" content=\"@TourTravel_More\" \/>\n<meta name=\"twitter:label1\" content=\"Dur\u00e9e de lecture estim\u00e9e\" \/>\n\t<meta name=\"twitter:data1\" content=\"2 minutes\" \/>\n<script type=\"application\/ld+json\" class=\"yoast-schema-graph\">{\"@context\":\"https:\/\/schema.org\",\"@graph\":[{\"@type\":\"WebPage\",\"@id\":\"https:\/\/tourtravelandmore.com\/fr\/tours\/etats-unis-fr\/savannah-fr\/visite-privee-du-cimetiere-bonaventure-et-de-fort-jackson\/\",\"url\":\"https:\/\/tourtravelandmore.com\/fr\/tours\/etats-unis-fr\/savannah-fr\/visite-privee-du-cimetiere-bonaventure-et-de-fort-jackson\/\",\"name\":\"Visite priv\u00e9e du cimeti\u00e8re Bonaventure et de Fort Jackson avec un guide\",\"isPartOf\":{\"@id\":\"https:\/\/tourtravelandmore.com\/fr\/#website\"},\"primaryImageOfPage\":{\"@id\":\"https:\/\/tourtravelandmore.com\/fr\/tours\/etats-unis-fr\/savannah-fr\/visite-privee-du-cimetiere-bonaventure-et-de-fort-jackson\/#primaryimage\"},\"image\":{\"@id\":\"https:\/\/tourtravelandmore.com\/fr\/tours\/etats-unis-fr\/savannah-fr\/visite-privee-du-cimetiere-bonaventure-et-de-fort-jackson\/#primaryimage\"},\"thumbnailUrl\":\"https:\/\/tourtravelandmore.com\/wp-content\/uploads\/2020\/11\/Savannah-2-scaled.jpg\",\"datePublished\":\"2020-11-30T10:38:57+00:00\",\"dateModified\":\"2021-03-18T19:37:08+00:00\",\"description\":\"Faites cette visite priv\u00e9e du cimeti\u00e8re Bonaventure et de Fort Jackson et profitez de la meilleure savane. Une grande visite priv\u00e9e de la ville.\",\"breadcrumb\":{\"@id\":\"https:\/\/tourtravelandmore.com\/fr\/tours\/etats-unis-fr\/savannah-fr\/visite-privee-du-cimetiere-bonaventure-et-de-fort-jackson\/#breadcrumb\"},\"inLanguage\":\"fr-FR\",\"potentialAction\":[{\"@type\":\"ReadAction\",\"target\":[\"https:\/\/tourtravelandmore.com\/fr\/tours\/etats-unis-fr\/savannah-fr\/visite-privee-du-cimetiere-bonaventure-et-de-fort-jackson\/\"]}]},{\"@type\":\"ImageObject\",\"inLanguage\":\"fr-FR\",\"@id\":\"https:\/\/tourtravelandmore.com\/fr\/tours\/etats-unis-fr\/savannah-fr\/visite-privee-du-cimetiere-bonaventure-et-de-fort-jackson\/#primaryimage\",\"url\":\"https:\/\/tourtravelandmore.com\/wp-content\/uploads\/2020\/11\/Savannah-2-scaled.jpg\",\"contentUrl\":\"https:\/\/tourtravelandmore.com\/wp-content\/uploads\/2020\/11\/Savannah-2-scaled.jpg\",\"width\":1922,\"height\":2560},{\"@type\":\"BreadcrumbList\",\"@id\":\"https:\/\/tourtravelandmore.com\/fr\/tours\/etats-unis-fr\/savannah-fr\/visite-privee-du-cimetiere-bonaventure-et-de-fort-jackson\/#breadcrumb\",\"itemListElement\":[{\"@type\":\"ListItem\",\"position\":1,\"name\":\"Home\",\"item\":\"https:\/\/tourtravelandmore.com\/fr\/\"},{\"@type\":\"ListItem\",\"position\":2,\"name\":\"Tours\",\"item\":\"https:\/\/tourtravelandmore.com\/fr\/tours\/\"},{\"@type\":\"ListItem\",\"position\":3,\"name\":\"Visite priv\u00e9e du cimeti\u00e8re Bonaventure et de Fort Jackson\"}]},{\"@type\":\"WebSite\",\"@id\":\"https:\/\/tourtravelandmore.com\/fr\/#website\",\"url\":\"https:\/\/tourtravelandmore.com\/fr\/\",\"name\":\"Tour Travel And More\",\"description\":\"Private sightseeing tours and luxury transfers in Spain\",\"publisher\":{\"@id\":\"https:\/\/tourtravelandmore.com\/fr\/#organization\"},\"potentialAction\":[{\"@type\":\"SearchAction\",\"target\":{\"@type\":\"EntryPoint\",\"urlTemplate\":\"https:\/\/tourtravelandmore.com\/fr\/?s={search_term_string}\"},\"query-input\":{\"@type\":\"PropertyValueSpecification\",\"valueRequired\":true,\"valueName\":\"search_term_string\"}}],\"inLanguage\":\"fr-FR\"},{\"@type\":\"Organization\",\"@id\":\"https:\/\/tourtravelandmore.com\/fr\/#organization\",\"name\":\"Tour Travel And More\",\"url\":\"https:\/\/tourtravelandmore.com\/fr\/\",\"logo\":{\"@type\":\"ImageObject\",\"inLanguage\":\"fr-FR\",\"@id\":\"https:\/\/tourtravelandmore.com\/fr\/#\/schema\/logo\/image\/\",\"url\":\"https:\/\/tourtravelandmore.com\/wp-content\/uploads\/2022\/12\/cropped-logo-cabecera-new.png\",\"contentUrl\":\"https:\/\/tourtravelandmore.com\/wp-content\/uploads\/2022\/12\/cropped-logo-cabecera-new.png\",\"width\":430,\"height\":61,\"caption\":\"Tour Travel And More\"},\"image\":{\"@id\":\"https:\/\/tourtravelandmore.com\/fr\/#\/schema\/logo\/image\/\"},\"sameAs\":[\"https:\/\/www.facebook.com\/tourtravelandmore\/\",\"https:\/\/x.com\/TourTravel_More\"]}]}<\/script>\n<!-- \/ Yoast SEO Premium plugin. -->","yoast_head_json":{"title":"Visite priv\u00e9e du cimeti\u00e8re Bonaventure et de Fort Jackson avec un guide","description":"Faites cette visite priv\u00e9e du cimeti\u00e8re Bonaventure et de Fort Jackson et profitez de la meilleure savane. Une grande visite priv\u00e9e de la ville.","robots":{"index":"index","follow":"follow","max-snippet":"max-snippet:-1","max-image-preview":"max-image-preview:large","max-video-preview":"max-video-preview:-1"},"canonical":"https:\/\/tourtravelandmore.com\/fr\/tours\/etats-unis-fr\/savannah-fr\/visite-privee-du-cimetiere-bonaventure-et-de-fort-jackson\/","og_locale":"fr_FR","og_type":"article","og_title":"Visite priv\u00e9e du cimeti\u00e8re Bonaventure et de Fort Jackson","og_description":"Faites cette visite priv\u00e9e du cimeti\u00e8re Bonaventure et de Fort Jackson et profitez de la meilleure savane. Une grande visite priv\u00e9e de la ville.","og_url":"https:\/\/tourtravelandmore.com\/fr\/tours\/etats-unis-fr\/savannah-fr\/visite-privee-du-cimetiere-bonaventure-et-de-fort-jackson\/","og_site_name":"Tour Travel And More","article_publisher":"https:\/\/www.facebook.com\/tourtravelandmore\/","article_modified_time":"2021-03-18T19:37:08+00:00","og_image":[{"width":1922,"height":2560,"url":"https:\/\/tourtravelandmore.com\/wp-content\/uploads\/2020\/11\/Savannah-2-scaled.jpg","type":"image\/jpeg"}],"twitter_card":"summary_large_image","twitter_site":"@TourTravel_More","twitter_misc":{"Dur\u00e9e de lecture estim\u00e9e":"2 minutes"},"schema":{"@context":"https:\/\/schema.org","@graph":[{"@type":"WebPage","@id":"https:\/\/tourtravelandmore.com\/fr\/tours\/etats-unis-fr\/savannah-fr\/visite-privee-du-cimetiere-bonaventure-et-de-fort-jackson\/","url":"https:\/\/tourtravelandmore.com\/fr\/tours\/etats-unis-fr\/savannah-fr\/visite-privee-du-cimetiere-bonaventure-et-de-fort-jackson\/","name":"Visite priv\u00e9e du cimeti\u00e8re Bonaventure et de Fort Jackson avec un guide","isPartOf":{"@id":"https:\/\/tourtravelandmore.com\/fr\/#website"},"primaryImageOfPage":{"@id":"https:\/\/tourtravelandmore.com\/fr\/tours\/etats-unis-fr\/savannah-fr\/visite-privee-du-cimetiere-bonaventure-et-de-fort-jackson\/#primaryimage"},"image":{"@id":"https:\/\/tourtravelandmore.com\/fr\/tours\/etats-unis-fr\/savannah-fr\/visite-privee-du-cimetiere-bonaventure-et-de-fort-jackson\/#primaryimage"},"thumbnailUrl":"https:\/\/tourtravelandmore.com\/wp-content\/uploads\/2020\/11\/Savannah-2-scaled.jpg","datePublished":"2020-11-30T10:38:57+00:00","dateModified":"2021-03-18T19:37:08+00:00","description":"Faites cette visite priv\u00e9e du cimeti\u00e8re Bonaventure et de Fort Jackson et profitez de la meilleure savane. Une grande visite priv\u00e9e de la ville.","breadcrumb":{"@id":"https:\/\/tourtravelandmore.com\/fr\/tours\/etats-unis-fr\/savannah-fr\/visite-privee-du-cimetiere-bonaventure-et-de-fort-jackson\/#breadcrumb"},"inLanguage":"fr-FR","potentialAction":[{"@type":"ReadAction","target":["https:\/\/tourtravelandmore.com\/fr\/tours\/etats-unis-fr\/savannah-fr\/visite-privee-du-cimetiere-bonaventure-et-de-fort-jackson\/"]}]},{"@type":"ImageObject","inLanguage":"fr-FR","@id":"https:\/\/tourtravelandmore.com\/fr\/tours\/etats-unis-fr\/savannah-fr\/visite-privee-du-cimetiere-bonaventure-et-de-fort-jackson\/#primaryimage","url":"https:\/\/tourtravelandmore.com\/wp-content\/uploads\/2020\/11\/Savannah-2-scaled.jpg","contentUrl":"https:\/\/tourtravelandmore.com\/wp-content\/uploads\/2020\/11\/Savannah-2-scaled.jpg","width":1922,"height":2560},{"@type":"BreadcrumbList","@id":"https:\/\/tourtravelandmore.com\/fr\/tours\/etats-unis-fr\/savannah-fr\/visite-privee-du-cimetiere-bonaventure-et-de-fort-jackson\/#breadcrumb","itemListElement":[{"@type":"ListItem","position":1,"name":"Home","item":"https:\/\/tourtravelandmore.com\/fr\/"},{"@type":"ListItem","position":2,"name":"Tours","item":"https:\/\/tourtravelandmore.com\/fr\/tours\/"},{"@type":"ListItem","position":3,"name":"Visite priv\u00e9e du cimeti\u00e8re Bonaventure et de Fort Jackson"}]},{"@type":"WebSite","@id":"https:\/\/tourtravelandmore.com\/fr\/#website","url":"https:\/\/tourtravelandmore.com\/fr\/","name":"Tour Travel And More","description":"Private sightseeing tours and luxury transfers in Spain","publisher":{"@id":"https:\/\/tourtravelandmore.com\/fr\/#organization"},"potentialAction":[{"@type":"SearchAction","target":{"@type":"EntryPoint","urlTemplate":"https:\/\/tourtravelandmore.com\/fr\/?s={search_term_string}"},"query-input":{"@type":"PropertyValueSpecification","valueRequired":true,"valueName":"search_term_string"}}],"inLanguage":"fr-FR"},{"@type":"Organization","@id":"https:\/\/tourtravelandmore.com\/fr\/#organization","name":"Tour Travel And More","url":"https:\/\/tourtravelandmore.com\/fr\/","logo":{"@type":"ImageObject","inLanguage":"fr-FR","@id":"https:\/\/tourtravelandmore.com\/fr\/#\/schema\/logo\/image\/","url":"https:\/\/tourtravelandmore.com\/wp-content\/uploads\/2022\/12\/cropped-logo-cabecera-new.png","contentUrl":"https:\/\/tourtravelandmore.com\/wp-content\/uploads\/2022\/12\/cropped-logo-cabecera-new.png","width":430,"height":61,"caption":"Tour Travel And More"},"image":{"@id":"https:\/\/tourtravelandmore.com\/fr\/#\/schema\/logo\/image\/"},"sameAs":["https:\/\/www.facebook.com\/tourtravelandmore\/","https:\/\/x.com\/TourTravel_More"]}]}},"_links":{"self":[{"href":"https:\/\/tourtravelandmore.com\/fr\/wp-json\/wp\/v2\/product\/104345","targetHints":{"allow":["GET"]}}],"collection":[{"href":"https:\/\/tourtravelandmore.com\/fr\/wp-json\/wp\/v2\/product"}],"about":[{"href":"https:\/\/tourtravelandmore.com\/fr\/wp-json\/wp\/v2\/types\/product"}],"replies":[{"embeddable":true,"href":"https:\/\/tourtravelandmore.com\/fr\/wp-json\/wp\/v2\/comments?post=104345"}],"wp:featuredmedia":[{"embeddable":true,"href":"https:\/\/tourtravelandmore.com\/fr\/wp-json\/wp\/v2\/media\/88341"}],"wp:attachment":[{"href":"https:\/\/tourtravelandmore.com\/fr\/wp-json\/wp\/v2\/media?parent=104345"}],"wp:term":[{"taxonomy":"product_brand","embeddable":true,"href":"https:\/\/tourtravelandmore.com\/fr\/wp-json\/wp\/v2\/product_brand?post=104345"},{"taxonomy":"product_cat","embeddable":true,"href":"https:\/\/tourtravelandmore.com\/fr\/wp-json\/wp\/v2\/product_cat?post=104345"},{"taxonomy":"product_tag","embeddable":true,"href":"https:\/\/tourtravelandmore.com\/fr\/wp-json\/wp\/v2\/product_tag?post=104345"}],"curies":[{"name":"wp","href":"https:\/\/api.w.org\/{rel}","templated":true}]}}