{"id":104322,"date":"2020-11-17T10:53:31","date_gmt":"2020-11-17T09:53:31","guid":{"rendered":"https:\/\/tourtravelandmore.com\/tours\/non%20class\u00e9\/visite-privee-de-new-york-au-depart-de-philadelphie\/"},"modified":"2021-03-18T20:26:24","modified_gmt":"2021-03-18T19:26:24","slug":"visite-privee-de-new-york-au-depart-de-philadelphie","status":"publish","type":"product","link":"https:\/\/tourtravelandmore.com\/fr\/tours\/etats-unis-fr\/philadelphia-fr\/visite-privee-de-new-york-au-depart-de-philadelphie\/","title":{"rendered":"Visite priv\u00e9e de New York au d\u00e9part de Philadelphie"},"content":{"rendered":"<h2>Description:<\/h2>\n<p>Qui n&#8217;a pas toujours voulu conna\u00eetre New York, la Grosse Pomme?. C&#8217;est l&#8217;occasion parfaite pour vous!, Venez avec nous lors de cette visite priv\u00e9e de New York au d\u00e9part de Philadelphie et courez la chance de visiter cette ville incroyable. Vous aurez un guide officiel priv\u00e9 disponible pour une visite de 4 heures.<\/p>\n<p>Nous organiserons votre prise en charge \u00e0 l&#8217;endroit de votre choix \u00e0 Philadelphie. Le service aura lieu dans un v\u00e9hicule de luxe priv\u00e9 avec chauffeur s\u00e9par\u00e9. L&#8217;heure de d\u00e9part sera choisie par vous, mais rappelez-vous qu&#8217;il est pr\u00e9f\u00e9rable de commencer t\u00f4t le matin.<\/p>\n<p>New York est la ville la plus peupl\u00e9e des \u00c9tats-Unis. La ville est situ\u00e9e \u00e0 la pointe sud de l&#8217;\u00c9tat de New York et est consid\u00e9r\u00e9e comme la capitale culturelle, financi\u00e8re et m\u00e9diatique du monde. La ville offre une tr\u00e8s riche vari\u00e9t\u00e9 d&#8217;attractions, elle est tr\u00e8s avant-gardiste et moderne.<\/p>\n<p>Profitez de cette incroyable visite priv\u00e9e de New York au d\u00e9part de Philadelphie et d\u00e9couvrez la ville avec les yeux des habitants. Visitez et parcourez chaque rue et coin de la ville qui ne dort jamais!<\/p>\n<h2>Sites d&#8217;int\u00e9r\u00eat et monuments<\/h2>\n<p>Tout d&#8217;abord, votre chauffeur priv\u00e9 viendra vous chercher dans un lieu de choix \u00e0 Philadelphie. Apr\u00e8s environ 2 heures de voyage, vous rencontrerez votre guide officiel priv\u00e9 \u00e0 New York.<\/p>\n<p>Bien s\u00fbr, NY est une tr\u00e8s grande ville qui a beaucoup \u00e0 offrir. Lors de cette visite priv\u00e9e, nous allons nous concentrer sur la connaissance du centre de Manhattan. Si vous avez d\u00e9j\u00e0 \u00e9t\u00e9 \u00e0 Manhattan, veuillez nous en informer et nous pourrons ajuster l&#8217;itin\u00e9raire pour voir diff\u00e9rents endroits ou quartiers de New York.<\/p>\n<p>Une fois la visite commenc\u00e9e, nous vous proposons de visiter, entre autres sites:<\/p>\n<ul>\n<li>Cath\u00e9drale Saint-Patrick<\/li>\n<li>Centre Rockefeller<\/li>\n<li>Palais de New York<\/li>\n<li>Le mus\u00e9e M\u00e9tropolitain d&#8217;art<\/li>\n<li>mus\u00e9e Guggenheim<\/li>\n<li>Radio City Music Hall<\/li>\n<li>Times Square<\/li>\n<li>Le pont de Brooklyn<\/li>\n<li>Broadway<\/li>\n<li>Fifth Avenue<\/li>\n<li>L&#8217;Empire State Building<\/li>\n<li>Parc central<\/li>\n<li>Trump Tower<\/li>\n<li>et bien plus!<\/li>\n<\/ul>\n<p>Nous pouvons inclure un billet d&#8217;entr\u00e9e \u00e0 tout monument ou mus\u00e9e que vous souhaitez visiter. Il vous suffit de contacter l&#8217;\u00e9quipe de Tour Travel &amp; More et ils se feront un plaisir de vous aider.<\/p>\n<p>Il s&#8217;agit d&#8217;une visite de 10 heures entre le moment de la prise en charge et le moment du retour \u00e0 Philadelphie. Si vous pr\u00e9f\u00e9rez, nous pouvons inclure plus d&#8217;heures \u00e0 votre exp\u00e9rience ou m\u00eame en faire une visite de 8 heures au cas o\u00f9 vous n&#8217;auriez pas autant de temps.<\/p>\n<p>Enfin, en fin de journ\u00e9e, votre chauffeur priv\u00e9 vous ram\u00e8nera \u00e0 Philadelphie.<\/p>\n<p>Nous proposons \u00e9galement des visites priv\u00e9es \u00e0 Washington, jetez un \u0153il \u00e0 notre excursion priv\u00e9e d&#8217;une journ\u00e9e compl\u00e8te au d\u00e9part de Philadelphie.<\/p>\n<p><button style=\"width: auto; height: auto; background-image: url('data:image\/png;base64,iVBORw0KGgoAAAANSUhEUgAAADAAAAAwCAYAAABXAvmHAAABS2lUWHRYTUw6Y29tLmFkb2JlLnhtcAAAAAAAPD94cGFja2V0IGJlZ2luPSLvu78iIGlkPSJXNU0wTXBDZWhpSHpyZVN6TlRjemtjOWQiPz4KPHg6eG1wbWV0YSB4bWxuczp4PSJhZG9iZTpuczptZXRhLyIgeDp4bXB0az0iQWRvYmUgWE1QIENvcmUgNS42LWMxMzggNzkuMTU5ODI0LCAyMDE2LzA5LzE0LTAxOjA5OjAxICAgICAgICAiPgogPHJkZjpSREYgeG1sbnM6cmRmPSJodHRwOi8vd3d3LnczLm9yZy8xOTk5LzAyLzIyLXJkZi1zeW50YXgtbnMjIj4KICA8cmRmOkRlc2NyaXB0aW9uIHJkZjphYm91dD0iIi8+CiA8L3JkZjpSREY+CjwveDp4bXBtZXRhPgo8P3hwYWNrZXQgZW5kPSJyIj8+IEmuOgAAAx5JREFUaIHtmj1L81wYx39JI75AbYtgBTFTRdQGXV2cxMlPICjiakHE0cVJB5FO4uLgN1AnZ\/0EgoLQtd6tL6hJIwia9DzDg6Wxpcb7hMTe+INCz+t1\/TnJuU7OOYoQ4g8Qpz2xFSGEiNoLGVTAjtoJCWw1ag9k0eoTQgg2NzcplUp0dHRE5VNTHMdB0zTy+TydnZ21fI8Ay7K4vr4ml8uRSqVCd7IVQgjW19cpFAoYhlHLbxiBTCbD9PR06A76YXx8HNd1PXmed0BRFBzHwTTNUB3zy\/v7O7FYzJPX9i\/xr4Co0b6u0prj42Pu7u5a1unp6UHXdSYmJkgmk7ImPUgLWFlZoVQq+aqbSCSYn59ne3ubRCIhaxoI4BHSdd13Xcuy2N\/fxzCML0fNL9IjoChK7f\/p6Smjo6MNdWzb5vz8nI2NDUzTpFgsMjMzw+Xlpax5eQH1TE5OMjAw0LQsm80yNzdHNpvFtm2urq44PDxkaWlJymags9D9\/X3Lcl3X2dnZqaX39vakbYY+jS4uLtLV1QXAxcUFlUpFqr\/QBXR3d9Pf3w\/8v8J8fn6W6i90Aa7r8vT0BEAsFpOeTkMXcHJywsvLCwAjIyPSgS1QAb29vS3LHx4eyOVytfTy8rK0zUAFPD4+8vb25vm9vr5SLBY5ODjAMAzK5TIAQ0NDrK6uStsMNA7Mzs42rNfrn\/kP0uk0Z2dnaJq8+UAFfHb0M6qqsrCwwO7uLn19fYHYDFTA2tpa00isaRqDg4NMTU19a+3kh0AFbG1t1YJUWAT6EhcKhSC780Xbf5H9CoiaXwFRIy2gPng5jiPb3beRjgPDw8NYlgUQegyAAAQcHR3xccgTxNrmu0hbjMJpj32ZxkIITNOkWq16tlf8tlVVlWQy+e229UgLKJfLuK77VwI+PikjE6CqKmNjYzJdSPPvxQFVVT2HaD8JVVX5fKzdcEZWLpe5vb39cYd8ADc3Nw1nZB4B8XicdDpNPp+PJCi1wnEcUqkUmUzGk68IISp8uitRqVSoVqth+ueLJntIdtNZ6Kv9nZ9E21\/20IASbXzd5j\/MIQu2KoJrJwAAAABJRU5ErkJggg=='); background-size: 14px 14px; background-color: #000000; position: absolute; opacity: 1; z-index: 86753099; display: none; cursor: pointer; border: none; border-top-left-radius: 3px; border-top-right-radius: 3px; border-bottom-right-radius: 3px; border-bottom-left-radius: 3px; text-indent: 20px; padding: 0px 4px 0px 0px; text-align: center; font-style: normal; font-variant-caps: normal; font-weight: bold; font-stretch: normal; font-size: 11px; line-height: 20px; font-family: 'Helvetica Neue', Helvetica, sans-serif; color: #ffffff; text-transform: capitalize; -webkit-font-smoothing: antialiased; top: 1397px; left: 563px; background-position: 3px 50%; background-repeat: no-repeat no-repeat;\">plan it<\/button><\/p>\n<div id=\"gtx-trans\" style=\"position: absolute; left: 37px; top: 807.625px;\">\n<div class=\"gtx-trans-icon\"><\/div>\n<\/div>\n","protected":false},"excerpt":{"rendered":"<p>C&#8217;est l&#8217;occasion parfaite pour visiter l&#8217;une des villes les plus visit\u00e9es et incroyables des \u00c9tats-Unis, oui! on parle de New York!. Venez avec nous lors de cette excursion priv\u00e9e d&#8217;une journ\u00e9e \u00e0 New York au d\u00e9part de Philadelphie et admirez les monuments les plus spectaculaires!.<\/p>\n","protected":false},"featured_media":98603,"comment_status":"open","ping_status":"closed","template":"","meta":{"_acf_changed":false},"product_brand":[],"product_cat":[3547,3794],"product_tag":[],"class_list":{"0":"post-104322","1":"product","2":"type-product","3":"status-publish","4":"has-post-thumbnail","6":"product_cat-etats-unis-fr","7":"product_cat-philadelphia-fr","9":"first","10":"instock","11":"shipping-taxable","12":"purchasable","13":"product-type-simple"},"acf":[],"yoast_head":"<!-- This site is optimized with the Yoast SEO Premium plugin v25.3.1 (Yoast SEO v25.3.1) - https:\/\/yoast.com\/wordpress\/plugins\/seo\/ -->\n<title>Visite priv\u00e9e de New York au d\u00e9part de Philadelphie avec un guide local<\/title>\n<meta name=\"description\" content=\"Profitez de cette visite priv\u00e9e de New York au d\u00e9part de Philadelphie et courez la chance de visiter la Grosse Pomme \u00e0 l&#039;aise dans un v\u00e9hicule de luxe priv\u00e9.\" \/>\n<meta name=\"robots\" content=\"index, follow, max-snippet:-1, max-image-preview:large, max-video-preview:-1\" \/>\n<link rel=\"canonical\" href=\"https:\/\/tourtravelandmore.com\/fr\/tours\/etats-unis-fr\/philadelphia-fr\/visite-privee-de-new-york-au-depart-de-philadelphie\/\" \/>\n<meta property=\"og:locale\" content=\"fr_FR\" \/>\n<meta property=\"og:type\" content=\"article\" \/>\n<meta property=\"og:title\" content=\"Visite priv\u00e9e de New York au d\u00e9part de Philadelphie\" \/>\n<meta property=\"og:description\" content=\"Profitez de cette visite priv\u00e9e de New York au d\u00e9part de Philadelphie et courez la chance de visiter la Grosse Pomme \u00e0 l&#039;aise dans un v\u00e9hicule de luxe priv\u00e9.\" \/>\n<meta property=\"og:url\" content=\"https:\/\/tourtravelandmore.com\/fr\/tours\/etats-unis-fr\/philadelphia-fr\/visite-privee-de-new-york-au-depart-de-philadelphie\/\" \/>\n<meta property=\"og:site_name\" content=\"Tour Travel And More\" \/>\n<meta property=\"article:publisher\" content=\"https:\/\/www.facebook.com\/tourtravelandmore\/\" \/>\n<meta property=\"article:modified_time\" content=\"2021-03-18T19:26:24+00:00\" \/>\n<meta property=\"og:image\" content=\"https:\/\/tourtravelandmore.com\/wp-content\/uploads\/2020\/11\/nueva-york-3-scaled.jpg\" \/>\n\t<meta property=\"og:image:width\" content=\"2560\" \/>\n\t<meta property=\"og:image:height\" content=\"1695\" \/>\n\t<meta property=\"og:image:type\" content=\"image\/jpeg\" \/>\n<meta name=\"twitter:card\" content=\"summary_large_image\" \/>\n<meta name=\"twitter:site\" content=\"@TourTravel_More\" \/>\n<meta name=\"twitter:label1\" content=\"Dur\u00e9e de lecture estim\u00e9e\" \/>\n\t<meta name=\"twitter:data1\" content=\"2 minutes\" \/>\n<script type=\"application\/ld+json\" class=\"yoast-schema-graph\">{\"@context\":\"https:\/\/schema.org\",\"@graph\":[{\"@type\":\"WebPage\",\"@id\":\"https:\/\/tourtravelandmore.com\/fr\/tours\/etats-unis-fr\/philadelphia-fr\/visite-privee-de-new-york-au-depart-de-philadelphie\/\",\"url\":\"https:\/\/tourtravelandmore.com\/fr\/tours\/etats-unis-fr\/philadelphia-fr\/visite-privee-de-new-york-au-depart-de-philadelphie\/\",\"name\":\"Visite priv\u00e9e de New York au d\u00e9part de Philadelphie avec un guide local\",\"isPartOf\":{\"@id\":\"https:\/\/tourtravelandmore.com\/fr\/#website\"},\"primaryImageOfPage\":{\"@id\":\"https:\/\/tourtravelandmore.com\/fr\/tours\/etats-unis-fr\/philadelphia-fr\/visite-privee-de-new-york-au-depart-de-philadelphie\/#primaryimage\"},\"image\":{\"@id\":\"https:\/\/tourtravelandmore.com\/fr\/tours\/etats-unis-fr\/philadelphia-fr\/visite-privee-de-new-york-au-depart-de-philadelphie\/#primaryimage\"},\"thumbnailUrl\":\"https:\/\/tourtravelandmore.com\/wp-content\/uploads\/2020\/11\/nueva-york-3-scaled.jpg\",\"datePublished\":\"2020-11-17T09:53:31+00:00\",\"dateModified\":\"2021-03-18T19:26:24+00:00\",\"description\":\"Profitez de cette visite priv\u00e9e de New York au d\u00e9part de Philadelphie et courez la chance de visiter la Grosse Pomme \u00e0 l'aise dans un v\u00e9hicule de luxe priv\u00e9.\",\"breadcrumb\":{\"@id\":\"https:\/\/tourtravelandmore.com\/fr\/tours\/etats-unis-fr\/philadelphia-fr\/visite-privee-de-new-york-au-depart-de-philadelphie\/#breadcrumb\"},\"inLanguage\":\"fr-FR\",\"potentialAction\":[{\"@type\":\"ReadAction\",\"target\":[\"https:\/\/tourtravelandmore.com\/fr\/tours\/etats-unis-fr\/philadelphia-fr\/visite-privee-de-new-york-au-depart-de-philadelphie\/\"]}]},{\"@type\":\"ImageObject\",\"inLanguage\":\"fr-FR\",\"@id\":\"https:\/\/tourtravelandmore.com\/fr\/tours\/etats-unis-fr\/philadelphia-fr\/visite-privee-de-new-york-au-depart-de-philadelphie\/#primaryimage\",\"url\":\"https:\/\/tourtravelandmore.com\/wp-content\/uploads\/2020\/11\/nueva-york-3-scaled.jpg\",\"contentUrl\":\"https:\/\/tourtravelandmore.com\/wp-content\/uploads\/2020\/11\/nueva-york-3-scaled.jpg\",\"width\":2560,\"height\":1695},{\"@type\":\"BreadcrumbList\",\"@id\":\"https:\/\/tourtravelandmore.com\/fr\/tours\/etats-unis-fr\/philadelphia-fr\/visite-privee-de-new-york-au-depart-de-philadelphie\/#breadcrumb\",\"itemListElement\":[{\"@type\":\"ListItem\",\"position\":1,\"name\":\"Home\",\"item\":\"https:\/\/tourtravelandmore.com\/fr\/\"},{\"@type\":\"ListItem\",\"position\":2,\"name\":\"Tours\",\"item\":\"https:\/\/tourtravelandmore.com\/fr\/tours\/\"},{\"@type\":\"ListItem\",\"position\":3,\"name\":\"Visite priv\u00e9e de New York au d\u00e9part de Philadelphie\"}]},{\"@type\":\"WebSite\",\"@id\":\"https:\/\/tourtravelandmore.com\/fr\/#website\",\"url\":\"https:\/\/tourtravelandmore.com\/fr\/\",\"name\":\"Tour Travel And More\",\"description\":\"Private sightseeing tours and luxury transfers in Spain\",\"publisher\":{\"@id\":\"https:\/\/tourtravelandmore.com\/fr\/#organization\"},\"potentialAction\":[{\"@type\":\"SearchAction\",\"target\":{\"@type\":\"EntryPoint\",\"urlTemplate\":\"https:\/\/tourtravelandmore.com\/fr\/?s={search_term_string}\"},\"query-input\":{\"@type\":\"PropertyValueSpecification\",\"valueRequired\":true,\"valueName\":\"search_term_string\"}}],\"inLanguage\":\"fr-FR\"},{\"@type\":\"Organization\",\"@id\":\"https:\/\/tourtravelandmore.com\/fr\/#organization\",\"name\":\"Tour Travel And More\",\"url\":\"https:\/\/tourtravelandmore.com\/fr\/\",\"logo\":{\"@type\":\"ImageObject\",\"inLanguage\":\"fr-FR\",\"@id\":\"https:\/\/tourtravelandmore.com\/fr\/#\/schema\/logo\/image\/\",\"url\":\"https:\/\/tourtravelandmore.com\/wp-content\/uploads\/2022\/12\/cropped-logo-cabecera-new.png\",\"contentUrl\":\"https:\/\/tourtravelandmore.com\/wp-content\/uploads\/2022\/12\/cropped-logo-cabecera-new.png\",\"width\":430,\"height\":61,\"caption\":\"Tour Travel And More\"},\"image\":{\"@id\":\"https:\/\/tourtravelandmore.com\/fr\/#\/schema\/logo\/image\/\"},\"sameAs\":[\"https:\/\/www.facebook.com\/tourtravelandmore\/\",\"https:\/\/x.com\/TourTravel_More\"]}]}<\/script>\n<!-- \/ Yoast SEO Premium plugin. -->","yoast_head_json":{"title":"Visite priv\u00e9e de New York au d\u00e9part de Philadelphie avec un guide local","description":"Profitez de cette visite priv\u00e9e de New York au d\u00e9part de Philadelphie et courez la chance de visiter la Grosse Pomme \u00e0 l'aise dans un v\u00e9hicule de luxe priv\u00e9.","robots":{"index":"index","follow":"follow","max-snippet":"max-snippet:-1","max-image-preview":"max-image-preview:large","max-video-preview":"max-video-preview:-1"},"canonical":"https:\/\/tourtravelandmore.com\/fr\/tours\/etats-unis-fr\/philadelphia-fr\/visite-privee-de-new-york-au-depart-de-philadelphie\/","og_locale":"fr_FR","og_type":"article","og_title":"Visite priv\u00e9e de New York au d\u00e9part de Philadelphie","og_description":"Profitez de cette visite priv\u00e9e de New York au d\u00e9part de Philadelphie et courez la chance de visiter la Grosse Pomme \u00e0 l'aise dans un v\u00e9hicule de luxe priv\u00e9.","og_url":"https:\/\/tourtravelandmore.com\/fr\/tours\/etats-unis-fr\/philadelphia-fr\/visite-privee-de-new-york-au-depart-de-philadelphie\/","og_site_name":"Tour Travel And More","article_publisher":"https:\/\/www.facebook.com\/tourtravelandmore\/","article_modified_time":"2021-03-18T19:26:24+00:00","og_image":[{"width":2560,"height":1695,"url":"https:\/\/tourtravelandmore.com\/wp-content\/uploads\/2020\/11\/nueva-york-3-scaled.jpg","type":"image\/jpeg"}],"twitter_card":"summary_large_image","twitter_site":"@TourTravel_More","twitter_misc":{"Dur\u00e9e de lecture estim\u00e9e":"2 minutes"},"schema":{"@context":"https:\/\/schema.org","@graph":[{"@type":"WebPage","@id":"https:\/\/tourtravelandmore.com\/fr\/tours\/etats-unis-fr\/philadelphia-fr\/visite-privee-de-new-york-au-depart-de-philadelphie\/","url":"https:\/\/tourtravelandmore.com\/fr\/tours\/etats-unis-fr\/philadelphia-fr\/visite-privee-de-new-york-au-depart-de-philadelphie\/","name":"Visite priv\u00e9e de New York au d\u00e9part de Philadelphie avec un guide local","isPartOf":{"@id":"https:\/\/tourtravelandmore.com\/fr\/#website"},"primaryImageOfPage":{"@id":"https:\/\/tourtravelandmore.com\/fr\/tours\/etats-unis-fr\/philadelphia-fr\/visite-privee-de-new-york-au-depart-de-philadelphie\/#primaryimage"},"image":{"@id":"https:\/\/tourtravelandmore.com\/fr\/tours\/etats-unis-fr\/philadelphia-fr\/visite-privee-de-new-york-au-depart-de-philadelphie\/#primaryimage"},"thumbnailUrl":"https:\/\/tourtravelandmore.com\/wp-content\/uploads\/2020\/11\/nueva-york-3-scaled.jpg","datePublished":"2020-11-17T09:53:31+00:00","dateModified":"2021-03-18T19:26:24+00:00","description":"Profitez de cette visite priv\u00e9e de New York au d\u00e9part de Philadelphie et courez la chance de visiter la Grosse Pomme \u00e0 l'aise dans un v\u00e9hicule de luxe priv\u00e9.","breadcrumb":{"@id":"https:\/\/tourtravelandmore.com\/fr\/tours\/etats-unis-fr\/philadelphia-fr\/visite-privee-de-new-york-au-depart-de-philadelphie\/#breadcrumb"},"inLanguage":"fr-FR","potentialAction":[{"@type":"ReadAction","target":["https:\/\/tourtravelandmore.com\/fr\/tours\/etats-unis-fr\/philadelphia-fr\/visite-privee-de-new-york-au-depart-de-philadelphie\/"]}]},{"@type":"ImageObject","inLanguage":"fr-FR","@id":"https:\/\/tourtravelandmore.com\/fr\/tours\/etats-unis-fr\/philadelphia-fr\/visite-privee-de-new-york-au-depart-de-philadelphie\/#primaryimage","url":"https:\/\/tourtravelandmore.com\/wp-content\/uploads\/2020\/11\/nueva-york-3-scaled.jpg","contentUrl":"https:\/\/tourtravelandmore.com\/wp-content\/uploads\/2020\/11\/nueva-york-3-scaled.jpg","width":2560,"height":1695},{"@type":"BreadcrumbList","@id":"https:\/\/tourtravelandmore.com\/fr\/tours\/etats-unis-fr\/philadelphia-fr\/visite-privee-de-new-york-au-depart-de-philadelphie\/#breadcrumb","itemListElement":[{"@type":"ListItem","position":1,"name":"Home","item":"https:\/\/tourtravelandmore.com\/fr\/"},{"@type":"ListItem","position":2,"name":"Tours","item":"https:\/\/tourtravelandmore.com\/fr\/tours\/"},{"@type":"ListItem","position":3,"name":"Visite priv\u00e9e de New York au d\u00e9part de Philadelphie"}]},{"@type":"WebSite","@id":"https:\/\/tourtravelandmore.com\/fr\/#website","url":"https:\/\/tourtravelandmore.com\/fr\/","name":"Tour Travel And More","description":"Private sightseeing tours and luxury transfers in Spain","publisher":{"@id":"https:\/\/tourtravelandmore.com\/fr\/#organization"},"potentialAction":[{"@type":"SearchAction","target":{"@type":"EntryPoint","urlTemplate":"https:\/\/tourtravelandmore.com\/fr\/?s={search_term_string}"},"query-input":{"@type":"PropertyValueSpecification","valueRequired":true,"valueName":"search_term_string"}}],"inLanguage":"fr-FR"},{"@type":"Organization","@id":"https:\/\/tourtravelandmore.com\/fr\/#organization","name":"Tour Travel And More","url":"https:\/\/tourtravelandmore.com\/fr\/","logo":{"@type":"ImageObject","inLanguage":"fr-FR","@id":"https:\/\/tourtravelandmore.com\/fr\/#\/schema\/logo\/image\/","url":"https:\/\/tourtravelandmore.com\/wp-content\/uploads\/2022\/12\/cropped-logo-cabecera-new.png","contentUrl":"https:\/\/tourtravelandmore.com\/wp-content\/uploads\/2022\/12\/cropped-logo-cabecera-new.png","width":430,"height":61,"caption":"Tour Travel And More"},"image":{"@id":"https:\/\/tourtravelandmore.com\/fr\/#\/schema\/logo\/image\/"},"sameAs":["https:\/\/www.facebook.com\/tourtravelandmore\/","https:\/\/x.com\/TourTravel_More"]}]}},"_links":{"self":[{"href":"https:\/\/tourtravelandmore.com\/fr\/wp-json\/wp\/v2\/product\/104322","targetHints":{"allow":["GET"]}}],"collection":[{"href":"https:\/\/tourtravelandmore.com\/fr\/wp-json\/wp\/v2\/product"}],"about":[{"href":"https:\/\/tourtravelandmore.com\/fr\/wp-json\/wp\/v2\/types\/product"}],"replies":[{"embeddable":true,"href":"https:\/\/tourtravelandmore.com\/fr\/wp-json\/wp\/v2\/comments?post=104322"}],"wp:featuredmedia":[{"embeddable":true,"href":"https:\/\/tourtravelandmore.com\/fr\/wp-json\/wp\/v2\/media\/98603"}],"wp:attachment":[{"href":"https:\/\/tourtravelandmore.com\/fr\/wp-json\/wp\/v2\/media?parent=104322"}],"wp:term":[{"taxonomy":"product_brand","embeddable":true,"href":"https:\/\/tourtravelandmore.com\/fr\/wp-json\/wp\/v2\/product_brand?post=104322"},{"taxonomy":"product_cat","embeddable":true,"href":"https:\/\/tourtravelandmore.com\/fr\/wp-json\/wp\/v2\/product_cat?post=104322"},{"taxonomy":"product_tag","embeddable":true,"href":"https:\/\/tourtravelandmore.com\/fr\/wp-json\/wp\/v2\/product_tag?post=104322"}],"curies":[{"name":"wp","href":"https:\/\/api.w.org\/{rel}","templated":true}]}}