{"id":104309,"date":"2020-11-09T09:39:40","date_gmt":"2020-11-09T08:39:40","guid":{"rendered":"https:\/\/tourtravelandmore.com\/tours\/non%20class\u00e9\/visite-privee-de-la-ville-de-philadelphie\/"},"modified":"2021-03-18T20:21:10","modified_gmt":"2021-03-18T19:21:10","slug":"visite-privee-de-la-ville-de-philadelphie","status":"publish","type":"product","link":"https:\/\/tourtravelandmore.com\/fr\/tours\/etats-unis-fr\/philadelphia-fr\/visite-privee-de-la-ville-de-philadelphie\/","title":{"rendered":"Visite priv\u00e9e de la ville de Philadelphie"},"content":{"rendered":"<h2>Description:<\/h2>\n<p>Profitez au mieux de votre s\u00e9jour \u00e0 Philadelphie et rejoignez-nous pour cette visite priv\u00e9e de la ville de Philadelphie. Cette excursion priv\u00e9e comprend un v\u00e9hicule de luxe avec chauffeur s\u00e9par\u00e9 et un guide officiel. Au cours d&#8217;une visite guid\u00e9e de 4 heures, vous pourrez visiter tous les endroits les plus merveilleux de cette ville incroyable.<\/p>\n<p>Nous vous proposons une prise en charge priv\u00e9e depuis votre h\u00f4tel ou lieu de votre choix \u00e0 Philadelphie. Au cas o\u00f9 vous auriez besoin, nous pouvons \u00e9galement organiser une prise en charge priv\u00e9e depuis l&#8217;a\u00e9roport ou n&#8217;importe quel endroit en dehors du centre. Il vous suffit de contacter l&#8217;\u00e9quipe de Tour Travel &amp; More et elle sera pr\u00eate \u00e0 vous aider.<\/p>\n<p>Philadelphie est situ\u00e9e sur la rive est de la rivi\u00e8re Delaware (la rivi\u00e8re la s\u00e9pare de l&#8217;\u00e9tat du New Jersey). C&#8217;est la cinqui\u00e8me ville la plus peupl\u00e9e des \u00c9tats-Unis. Philadelphie est une ville tr\u00e8s connue pour ses b\u00e2timents historiques tels que l&#8217;Independence Hall et Libery Bell. C&#8217;est \u00e9galement un interm\u00e9diaire important entre New York et Washington D.C.<\/p>\n<p>Courez la chance de visiter l&#8217;une des villes les plus incroyables des \u00c9tats-Unis avec cette visite priv\u00e9e de la ville de Philadelphie. Votre chauffeur priv\u00e9 et votre guide officiel seront \u00e0 votre enti\u00e8re disposition pendant toute l&#8217;exp\u00e9rience.<\/p>\n<h2>Sites d&#8217;int\u00e9r\u00eat et monuments<\/h2>\n<p>Tout d&#8217;abord, vous serez pris en charge \u00e0 l&#8217;endroit souhait\u00e9 \u00e0 Philadelphie. Comme il s&#8217;agit d&#8217;une visite priv\u00e9e, l&#8217;heure de d\u00e9but sera d\u00e9termin\u00e9e par vous.<\/p>\n<p>Comme vous l&#8217;avez d\u00e9j\u00e0 fait, Philadelphie est une ville charg\u00e9e d&#8217;histoire et de b\u00e2timents incroyables et importants. Au cours de cette visite priv\u00e9e, votre guide officiel vous emm\u00e8nera visiter tous ces lieux embl\u00e9matiques qui font de Philadelphie la ville qui est. Vous vous plongerez dans l&#8217;histoire des \u00c9tats-Unis et le r\u00f4le important que joue Philadelphie.<\/p>\n<p>Entre autres monuments et lieux, nous vous proposons de visiter:<\/p>\n<ul>\n<li>Ruelle d&#8217;Elfreth<\/li>\n<li>Salle de l&#8217;ind\u00e9pendance<\/li>\n<li>Cloche de la Libert\u00e9<\/li>\n<li>H\u00f4tel de ville de Philadelphie<\/li>\n<li>Premier bureau de poste am\u00e9ricain<\/li>\n<li>quartier chinois<\/li>\n<li>Mus\u00e9e d&#8217;art de Philadelphie<\/li>\n<li>Statue de Rocky Balboa<\/li>\n<li>\u00c9tapes rocheuses<\/li>\n<li>Une plate-forme d&#8217;observation de la libert\u00e9<\/li>\n<li>L&#8217;Institut Franklin<\/li>\n<li>Jardins magiques de Philadelhphia<\/li>\n<li>Terminal du march\u00e9 de lecture<\/li>\n<li>Parc Fairmount<\/li>\n<li>et bien plus!<\/li>\n<\/ul>\n<p>Il s&#8217;agit d&#8217;un itin\u00e9raire d&#8217;une visite de 4 heures, mais au cas o\u00f9 vous pr\u00e9f\u00e9rez, nous pouvons inclure plus d&#8217;heures \u00e0 votre exp\u00e9rience. Nous pouvons \u00e9galement inclure un billet d&#8217;entr\u00e9e \u00e0 n&#8217;importe quel monument ou mus\u00e9e. Vous pouvez personnaliser votre excursion priv\u00e9e en nous contactant simplement.<\/p>\n<p>Enfin, votre chauffeur priv\u00e9 et votre guide officiel vous d\u00e9poseront \u00e0 votre point de d\u00e9part \u00e0 Philadelphie.<\/p>\n<p>N&#8217;oubliez pas de consulter notre liste de produits priv\u00e9s \u00e0 Philadelphie et en provenance de Philadelphie.<\/p>\n","protected":false},"excerpt":{"rendered":"<p>Rejoignez-nous pour cette visite priv\u00e9e de la ville de Philadelphie \u00e0 l&#8217;aise dans un v\u00e9hicule de luxe avec chauffeur et guide officiel. Profitez-en pour visiter l&#8217;une des villes les plus incroyables et historiques des \u00c9tats-Unis<\/p>\n","protected":false},"featured_media":86444,"comment_status":"open","ping_status":"closed","template":"","meta":{"_acf_changed":false},"product_brand":[],"product_cat":[3547,3794],"product_tag":[],"class_list":{"0":"post-104309","1":"product","2":"type-product","3":"status-publish","4":"has-post-thumbnail","6":"product_cat-etats-unis-fr","7":"product_cat-philadelphia-fr","9":"first","10":"instock","11":"shipping-taxable","12":"purchasable","13":"product-type-simple"},"acf":[],"yoast_head":"<!-- This site is optimized with the Yoast SEO Premium plugin v25.3.1 (Yoast SEO v25.3.1) - https:\/\/yoast.com\/wordpress\/plugins\/seo\/ -->\n<title>Visite priv\u00e9e de la ville de Philadelphie avec un guide local et un chauffeur priv\u00e9<\/title>\n<meta name=\"description\" content=\"Profitez de cette visite priv\u00e9e de la ville de Philadelphie avec un guide officiel et un chauffeur priv\u00e9. Apprenez \u00e0 conna\u00eetre les meilleurs endroits de la ville avec une \u00e9quipe professionnelle!.\" \/>\n<meta name=\"robots\" content=\"index, follow, max-snippet:-1, max-image-preview:large, max-video-preview:-1\" \/>\n<link rel=\"canonical\" href=\"https:\/\/tourtravelandmore.com\/fr\/tours\/etats-unis-fr\/philadelphia-fr\/visite-privee-de-la-ville-de-philadelphie\/\" \/>\n<meta property=\"og:locale\" content=\"fr_FR\" \/>\n<meta property=\"og:type\" content=\"article\" \/>\n<meta property=\"og:title\" content=\"Visite priv\u00e9e de la ville de Philadelphie\" \/>\n<meta property=\"og:description\" content=\"Profitez de cette visite priv\u00e9e de la ville de Philadelphie avec un guide officiel et un chauffeur priv\u00e9. Apprenez \u00e0 conna\u00eetre les meilleurs endroits de la ville avec une \u00e9quipe professionnelle!.\" \/>\n<meta property=\"og:url\" content=\"https:\/\/tourtravelandmore.com\/fr\/tours\/etats-unis-fr\/philadelphia-fr\/visite-privee-de-la-ville-de-philadelphie\/\" \/>\n<meta property=\"og:site_name\" content=\"Tour Travel And More\" \/>\n<meta property=\"article:publisher\" content=\"https:\/\/www.facebook.com\/tourtravelandmore\/\" \/>\n<meta property=\"article:modified_time\" content=\"2021-03-18T19:21:10+00:00\" \/>\n<meta property=\"og:image\" content=\"https:\/\/tourtravelandmore.com\/wp-content\/uploads\/2020\/11\/philadelphia-1.2.jpg\" \/>\n\t<meta property=\"og:image:width\" content=\"1024\" \/>\n\t<meta property=\"og:image:height\" content=\"768\" \/>\n\t<meta property=\"og:image:type\" content=\"image\/jpeg\" \/>\n<meta name=\"twitter:card\" content=\"summary_large_image\" \/>\n<meta name=\"twitter:site\" content=\"@TourTravel_More\" \/>\n<meta name=\"twitter:label1\" content=\"Dur\u00e9e de lecture estim\u00e9e\" \/>\n\t<meta name=\"twitter:data1\" content=\"2 minutes\" \/>\n<script type=\"application\/ld+json\" class=\"yoast-schema-graph\">{\"@context\":\"https:\/\/schema.org\",\"@graph\":[{\"@type\":\"WebPage\",\"@id\":\"https:\/\/tourtravelandmore.com\/fr\/tours\/etats-unis-fr\/philadelphia-fr\/visite-privee-de-la-ville-de-philadelphie\/\",\"url\":\"https:\/\/tourtravelandmore.com\/fr\/tours\/etats-unis-fr\/philadelphia-fr\/visite-privee-de-la-ville-de-philadelphie\/\",\"name\":\"Visite priv\u00e9e de la ville de Philadelphie avec un guide local et un chauffeur priv\u00e9\",\"isPartOf\":{\"@id\":\"https:\/\/tourtravelandmore.com\/fr\/#website\"},\"primaryImageOfPage\":{\"@id\":\"https:\/\/tourtravelandmore.com\/fr\/tours\/etats-unis-fr\/philadelphia-fr\/visite-privee-de-la-ville-de-philadelphie\/#primaryimage\"},\"image\":{\"@id\":\"https:\/\/tourtravelandmore.com\/fr\/tours\/etats-unis-fr\/philadelphia-fr\/visite-privee-de-la-ville-de-philadelphie\/#primaryimage\"},\"thumbnailUrl\":\"https:\/\/tourtravelandmore.com\/wp-content\/uploads\/2020\/11\/philadelphia-1.2.jpg\",\"datePublished\":\"2020-11-09T08:39:40+00:00\",\"dateModified\":\"2021-03-18T19:21:10+00:00\",\"description\":\"Profitez de cette visite priv\u00e9e de la ville de Philadelphie avec un guide officiel et un chauffeur priv\u00e9. Apprenez \u00e0 conna\u00eetre les meilleurs endroits de la ville avec une \u00e9quipe professionnelle!.\",\"breadcrumb\":{\"@id\":\"https:\/\/tourtravelandmore.com\/fr\/tours\/etats-unis-fr\/philadelphia-fr\/visite-privee-de-la-ville-de-philadelphie\/#breadcrumb\"},\"inLanguage\":\"fr-FR\",\"potentialAction\":[{\"@type\":\"ReadAction\",\"target\":[\"https:\/\/tourtravelandmore.com\/fr\/tours\/etats-unis-fr\/philadelphia-fr\/visite-privee-de-la-ville-de-philadelphie\/\"]}]},{\"@type\":\"ImageObject\",\"inLanguage\":\"fr-FR\",\"@id\":\"https:\/\/tourtravelandmore.com\/fr\/tours\/etats-unis-fr\/philadelphia-fr\/visite-privee-de-la-ville-de-philadelphie\/#primaryimage\",\"url\":\"https:\/\/tourtravelandmore.com\/wp-content\/uploads\/2020\/11\/philadelphia-1.2.jpg\",\"contentUrl\":\"https:\/\/tourtravelandmore.com\/wp-content\/uploads\/2020\/11\/philadelphia-1.2.jpg\",\"width\":1024,\"height\":768},{\"@type\":\"BreadcrumbList\",\"@id\":\"https:\/\/tourtravelandmore.com\/fr\/tours\/etats-unis-fr\/philadelphia-fr\/visite-privee-de-la-ville-de-philadelphie\/#breadcrumb\",\"itemListElement\":[{\"@type\":\"ListItem\",\"position\":1,\"name\":\"Home\",\"item\":\"https:\/\/tourtravelandmore.com\/fr\/\"},{\"@type\":\"ListItem\",\"position\":2,\"name\":\"Tours\",\"item\":\"https:\/\/tourtravelandmore.com\/fr\/tours\/\"},{\"@type\":\"ListItem\",\"position\":3,\"name\":\"Visite priv\u00e9e de la ville de Philadelphie\"}]},{\"@type\":\"WebSite\",\"@id\":\"https:\/\/tourtravelandmore.com\/fr\/#website\",\"url\":\"https:\/\/tourtravelandmore.com\/fr\/\",\"name\":\"Tour Travel And More\",\"description\":\"Private sightseeing tours and luxury transfers in Spain\",\"publisher\":{\"@id\":\"https:\/\/tourtravelandmore.com\/fr\/#organization\"},\"potentialAction\":[{\"@type\":\"SearchAction\",\"target\":{\"@type\":\"EntryPoint\",\"urlTemplate\":\"https:\/\/tourtravelandmore.com\/fr\/?s={search_term_string}\"},\"query-input\":{\"@type\":\"PropertyValueSpecification\",\"valueRequired\":true,\"valueName\":\"search_term_string\"}}],\"inLanguage\":\"fr-FR\"},{\"@type\":\"Organization\",\"@id\":\"https:\/\/tourtravelandmore.com\/fr\/#organization\",\"name\":\"Tour Travel And More\",\"url\":\"https:\/\/tourtravelandmore.com\/fr\/\",\"logo\":{\"@type\":\"ImageObject\",\"inLanguage\":\"fr-FR\",\"@id\":\"https:\/\/tourtravelandmore.com\/fr\/#\/schema\/logo\/image\/\",\"url\":\"https:\/\/tourtravelandmore.com\/wp-content\/uploads\/2022\/12\/cropped-logo-cabecera-new.png\",\"contentUrl\":\"https:\/\/tourtravelandmore.com\/wp-content\/uploads\/2022\/12\/cropped-logo-cabecera-new.png\",\"width\":430,\"height\":61,\"caption\":\"Tour Travel And More\"},\"image\":{\"@id\":\"https:\/\/tourtravelandmore.com\/fr\/#\/schema\/logo\/image\/\"},\"sameAs\":[\"https:\/\/www.facebook.com\/tourtravelandmore\/\",\"https:\/\/x.com\/TourTravel_More\"]}]}<\/script>\n<!-- \/ Yoast SEO Premium plugin. -->","yoast_head_json":{"title":"Visite priv\u00e9e de la ville de Philadelphie avec un guide local et un chauffeur priv\u00e9","description":"Profitez de cette visite priv\u00e9e de la ville de Philadelphie avec un guide officiel et un chauffeur priv\u00e9. Apprenez \u00e0 conna\u00eetre les meilleurs endroits de la ville avec une \u00e9quipe professionnelle!.","robots":{"index":"index","follow":"follow","max-snippet":"max-snippet:-1","max-image-preview":"max-image-preview:large","max-video-preview":"max-video-preview:-1"},"canonical":"https:\/\/tourtravelandmore.com\/fr\/tours\/etats-unis-fr\/philadelphia-fr\/visite-privee-de-la-ville-de-philadelphie\/","og_locale":"fr_FR","og_type":"article","og_title":"Visite priv\u00e9e de la ville de Philadelphie","og_description":"Profitez de cette visite priv\u00e9e de la ville de Philadelphie avec un guide officiel et un chauffeur priv\u00e9. Apprenez \u00e0 conna\u00eetre les meilleurs endroits de la ville avec une \u00e9quipe professionnelle!.","og_url":"https:\/\/tourtravelandmore.com\/fr\/tours\/etats-unis-fr\/philadelphia-fr\/visite-privee-de-la-ville-de-philadelphie\/","og_site_name":"Tour Travel And More","article_publisher":"https:\/\/www.facebook.com\/tourtravelandmore\/","article_modified_time":"2021-03-18T19:21:10+00:00","og_image":[{"width":1024,"height":768,"url":"https:\/\/tourtravelandmore.com\/wp-content\/uploads\/2020\/11\/philadelphia-1.2.jpg","type":"image\/jpeg"}],"twitter_card":"summary_large_image","twitter_site":"@TourTravel_More","twitter_misc":{"Dur\u00e9e de lecture estim\u00e9e":"2 minutes"},"schema":{"@context":"https:\/\/schema.org","@graph":[{"@type":"WebPage","@id":"https:\/\/tourtravelandmore.com\/fr\/tours\/etats-unis-fr\/philadelphia-fr\/visite-privee-de-la-ville-de-philadelphie\/","url":"https:\/\/tourtravelandmore.com\/fr\/tours\/etats-unis-fr\/philadelphia-fr\/visite-privee-de-la-ville-de-philadelphie\/","name":"Visite priv\u00e9e de la ville de Philadelphie avec un guide local et un chauffeur priv\u00e9","isPartOf":{"@id":"https:\/\/tourtravelandmore.com\/fr\/#website"},"primaryImageOfPage":{"@id":"https:\/\/tourtravelandmore.com\/fr\/tours\/etats-unis-fr\/philadelphia-fr\/visite-privee-de-la-ville-de-philadelphie\/#primaryimage"},"image":{"@id":"https:\/\/tourtravelandmore.com\/fr\/tours\/etats-unis-fr\/philadelphia-fr\/visite-privee-de-la-ville-de-philadelphie\/#primaryimage"},"thumbnailUrl":"https:\/\/tourtravelandmore.com\/wp-content\/uploads\/2020\/11\/philadelphia-1.2.jpg","datePublished":"2020-11-09T08:39:40+00:00","dateModified":"2021-03-18T19:21:10+00:00","description":"Profitez de cette visite priv\u00e9e de la ville de Philadelphie avec un guide officiel et un chauffeur priv\u00e9. Apprenez \u00e0 conna\u00eetre les meilleurs endroits de la ville avec une \u00e9quipe professionnelle!.","breadcrumb":{"@id":"https:\/\/tourtravelandmore.com\/fr\/tours\/etats-unis-fr\/philadelphia-fr\/visite-privee-de-la-ville-de-philadelphie\/#breadcrumb"},"inLanguage":"fr-FR","potentialAction":[{"@type":"ReadAction","target":["https:\/\/tourtravelandmore.com\/fr\/tours\/etats-unis-fr\/philadelphia-fr\/visite-privee-de-la-ville-de-philadelphie\/"]}]},{"@type":"ImageObject","inLanguage":"fr-FR","@id":"https:\/\/tourtravelandmore.com\/fr\/tours\/etats-unis-fr\/philadelphia-fr\/visite-privee-de-la-ville-de-philadelphie\/#primaryimage","url":"https:\/\/tourtravelandmore.com\/wp-content\/uploads\/2020\/11\/philadelphia-1.2.jpg","contentUrl":"https:\/\/tourtravelandmore.com\/wp-content\/uploads\/2020\/11\/philadelphia-1.2.jpg","width":1024,"height":768},{"@type":"BreadcrumbList","@id":"https:\/\/tourtravelandmore.com\/fr\/tours\/etats-unis-fr\/philadelphia-fr\/visite-privee-de-la-ville-de-philadelphie\/#breadcrumb","itemListElement":[{"@type":"ListItem","position":1,"name":"Home","item":"https:\/\/tourtravelandmore.com\/fr\/"},{"@type":"ListItem","position":2,"name":"Tours","item":"https:\/\/tourtravelandmore.com\/fr\/tours\/"},{"@type":"ListItem","position":3,"name":"Visite priv\u00e9e de la ville de Philadelphie"}]},{"@type":"WebSite","@id":"https:\/\/tourtravelandmore.com\/fr\/#website","url":"https:\/\/tourtravelandmore.com\/fr\/","name":"Tour Travel And More","description":"Private sightseeing tours and luxury transfers in Spain","publisher":{"@id":"https:\/\/tourtravelandmore.com\/fr\/#organization"},"potentialAction":[{"@type":"SearchAction","target":{"@type":"EntryPoint","urlTemplate":"https:\/\/tourtravelandmore.com\/fr\/?s={search_term_string}"},"query-input":{"@type":"PropertyValueSpecification","valueRequired":true,"valueName":"search_term_string"}}],"inLanguage":"fr-FR"},{"@type":"Organization","@id":"https:\/\/tourtravelandmore.com\/fr\/#organization","name":"Tour Travel And More","url":"https:\/\/tourtravelandmore.com\/fr\/","logo":{"@type":"ImageObject","inLanguage":"fr-FR","@id":"https:\/\/tourtravelandmore.com\/fr\/#\/schema\/logo\/image\/","url":"https:\/\/tourtravelandmore.com\/wp-content\/uploads\/2022\/12\/cropped-logo-cabecera-new.png","contentUrl":"https:\/\/tourtravelandmore.com\/wp-content\/uploads\/2022\/12\/cropped-logo-cabecera-new.png","width":430,"height":61,"caption":"Tour Travel And More"},"image":{"@id":"https:\/\/tourtravelandmore.com\/fr\/#\/schema\/logo\/image\/"},"sameAs":["https:\/\/www.facebook.com\/tourtravelandmore\/","https:\/\/x.com\/TourTravel_More"]}]}},"_links":{"self":[{"href":"https:\/\/tourtravelandmore.com\/fr\/wp-json\/wp\/v2\/product\/104309","targetHints":{"allow":["GET"]}}],"collection":[{"href":"https:\/\/tourtravelandmore.com\/fr\/wp-json\/wp\/v2\/product"}],"about":[{"href":"https:\/\/tourtravelandmore.com\/fr\/wp-json\/wp\/v2\/types\/product"}],"replies":[{"embeddable":true,"href":"https:\/\/tourtravelandmore.com\/fr\/wp-json\/wp\/v2\/comments?post=104309"}],"wp:featuredmedia":[{"embeddable":true,"href":"https:\/\/tourtravelandmore.com\/fr\/wp-json\/wp\/v2\/media\/86444"}],"wp:attachment":[{"href":"https:\/\/tourtravelandmore.com\/fr\/wp-json\/wp\/v2\/media?parent=104309"}],"wp:term":[{"taxonomy":"product_brand","embeddable":true,"href":"https:\/\/tourtravelandmore.com\/fr\/wp-json\/wp\/v2\/product_brand?post=104309"},{"taxonomy":"product_cat","embeddable":true,"href":"https:\/\/tourtravelandmore.com\/fr\/wp-json\/wp\/v2\/product_cat?post=104309"},{"taxonomy":"product_tag","embeddable":true,"href":"https:\/\/tourtravelandmore.com\/fr\/wp-json\/wp\/v2\/product_tag?post=104309"}],"curies":[{"name":"wp","href":"https:\/\/api.w.org\/{rel}","templated":true}]}}