{"id":104303,"date":"2020-11-06T11:21:35","date_gmt":"2020-11-06T10:21:35","guid":{"rendered":"https:\/\/tourtravelandmore.com\/tours\/non%20class\u00e9\/visite-privee-a-pied-de-philadelphie\/"},"modified":"2021-03-18T20:19:27","modified_gmt":"2021-03-18T19:19:27","slug":"visite-privee-a-pied-de-philadelphie","status":"publish","type":"product","link":"https:\/\/tourtravelandmore.com\/fr\/tours\/etats-unis-fr\/philadelphia-fr\/visite-privee-a-pied-de-philadelphie\/","title":{"rendered":"Visite priv\u00e9e \u00e0 pied de Philadelphie"},"content":{"rendered":"<h2>Description:<\/h2>\n<p>Est-ce votre premi\u00e8re fois \u00e0 Philadelphie?, Si c&#8217;est le cas, vous devez absolument vous joindre \u00e0 nous pour cette visite priv\u00e9e \u00e0 pied de Philadelphie. Laissez-vous vous-m\u00eame admirer avec cette ville incroyable lors d&#8217;une visite de 3 heures avec un guide professionnel. Vous pourrez visiter les points forts de la plus grande ville de Pennsylvanie.<\/p>\n<p>Cette visite priv\u00e9e d\u00e9butera \u00e0 votre h\u00f4tel situ\u00e9 au centre ou dans un point de rendez-vous central. Dans le cas o\u00f9 votre h\u00f4tel est loin du centre, nous pouvons organiser un transfert priv\u00e9 rien que pour vous et votre groupe. Contactez simplement Tour Travel &amp; More et toute notre \u00e9quipe sera pr\u00eate \u00e0 vous aider.<\/p>\n<p>Philadelphie est situ\u00e9e sur la rive est de la rivi\u00e8re Delaware (la rivi\u00e8re la s\u00e9pare de l&#8217;\u00e9tat du New Jersey). C&#8217;est la cinqui\u00e8me ville la plus peupl\u00e9e des \u00c9tats-Unis. Philadelphie est une ville tr\u00e8s connue pour ses b\u00e2timents historiques tels que l&#8217;Independence Hall et Libery Bell. C&#8217;est \u00e9galement un interm\u00e9diaire important entre New York et Washington D.C.<\/p>\n<p>Obtenez la chance d&#8217;en apprendre davantage sur l&#8217;histoire des \u00c9tats-Unis avec cette visite priv\u00e9e \u00e0 pied de Philadelphie. Votre guide officiel priv\u00e9 sera \u00e0 votre enti\u00e8re disposition pendant toute la dur\u00e9e de la visite.<\/p>\n<h2>Sites d&#8217;int\u00e9r\u00eat et points de rep\u00e8re<\/h2>\n<p>Tout d&#8217;abord, vous rencontrerez votre guide officiel priv\u00e9 \u00e0 l&#8217;heure souhait\u00e9e dans le centre de Philadelphie. N&#8217;oubliez pas qu&#8217;il s&#8217;agit d&#8217;une visite priv\u00e9e, vous pouvez donc personnaliser votre propre exp\u00e9rience.<\/p>\n<p>Au cours de cette visite priv\u00e9e \u00e0 pied, votre guide priv\u00e9 vous emm\u00e8nera voir les incontournables de cette ville incroyable. Vous pouvez faire des arr\u00eats dans les endroits qui vous int\u00e9ressent le plus et si vous pr\u00e9f\u00e9rez, nous pouvons inclure un billet d&#8217;entr\u00e9e \u00e0 n&#8217;importe quel monument ou mus\u00e9e.<\/p>\n<p>Entre autres monuments et lieux que vous pourrez visiter:<\/p>\n<ul>\n<li>Independence Hall: le b\u00e2timent o\u00f9 la constitution a \u00e9t\u00e9 approuv\u00e9e.<\/li>\n<li>Liberty Bell: c&#8217;est le symbole de la libert\u00e9 de la ville.<\/li>\n<li>H\u00f4tel de ville de Philadelphie: est le plus grand h\u00f4tel de ville de tous les \u00c9tats-Unis<\/li>\n<li>Mus\u00e9e d&#8217;art de Philadelphie<\/li>\n<li>Statue de Rocky Balboa<\/li>\n<li>\u00c9tapes rocheuses<\/li>\n<li>Terminal du march\u00e9 de lecture<\/li>\n<li>Jardins magiques de Philadelphie<\/li>\n<li>et bien plus!<\/li>\n<\/ul>\n<p>Il s&#8217;agit d&#8217;une visite \u00e0 pied de 3 heures du moment de la prise en charge au moment du d\u00e9p\u00f4t. Nous pouvons inclure plus d&#8217;heures \u00e0 votre exp\u00e9rience au cas o\u00f9 vous pr\u00e9f\u00e9rez continuer \u00e0 marcher dans la ville.<\/p>\n<p>Enfin, \u00e0 la fin de la visite, votre guide priv\u00e9 vous d\u00e9posera dans un lieu central de Philadelphie.<\/p>\n<p>Nous pouvons \u00e9galement vous donner la possibilit\u00e9 d&#8217;effectuer une visite de la ville de Philadelphie avec chauffeur priv\u00e9 et guide, jetez un \u0153il!.<\/p>\n","protected":false},"excerpt":{"rendered":"<p>Ne manquez pas la chance de visiter l&#8217;une des villes les plus importantes des \u00c9tats-Unis. Profitez de cette visite priv\u00e9e \u00e0 pied de Philadelphie avec un guide professionnel local qui vous montrera tous les monuments et sites les plus \u00e9tonnants.<\/p>\n","protected":false},"featured_media":98583,"comment_status":"open","ping_status":"closed","template":"","meta":{"_acf_changed":false},"product_brand":[],"product_cat":[3547,3794],"product_tag":[],"class_list":{"0":"post-104303","1":"product","2":"type-product","3":"status-publish","4":"has-post-thumbnail","6":"product_cat-etats-unis-fr","7":"product_cat-philadelphia-fr","9":"first","10":"instock","11":"shipping-taxable","12":"purchasable","13":"product-type-simple"},"acf":[],"yoast_head":"<!-- This site is optimized with the Yoast SEO Premium plugin v25.3.1 (Yoast SEO v25.3.1) - https:\/\/yoast.com\/wordpress\/plugins\/seo\/ -->\n<title>Visite priv\u00e9e \u00e0 pied de Philadelphie avec un guide professionnel<\/title>\n<meta name=\"description\" content=\"Rejoignez-nous pour cette visite priv\u00e9e \u00e0 pied de Philadelphie et courez la chance de visiter l&#039;une des villes les plus int\u00e9ressantes et incroyables des \u00c9tats-Unis.\" \/>\n<meta name=\"robots\" content=\"index, follow, max-snippet:-1, max-image-preview:large, max-video-preview:-1\" \/>\n<link rel=\"canonical\" href=\"https:\/\/tourtravelandmore.com\/fr\/tours\/etats-unis-fr\/philadelphia-fr\/visite-privee-a-pied-de-philadelphie\/\" \/>\n<meta property=\"og:locale\" content=\"fr_FR\" \/>\n<meta property=\"og:type\" content=\"article\" \/>\n<meta property=\"og:title\" content=\"Visite priv\u00e9e \u00e0 pied de Philadelphie\" \/>\n<meta property=\"og:description\" content=\"Rejoignez-nous pour cette visite priv\u00e9e \u00e0 pied de Philadelphie et courez la chance de visiter l&#039;une des villes les plus int\u00e9ressantes et incroyables des \u00c9tats-Unis.\" \/>\n<meta property=\"og:url\" content=\"https:\/\/tourtravelandmore.com\/fr\/tours\/etats-unis-fr\/philadelphia-fr\/visite-privee-a-pied-de-philadelphie\/\" \/>\n<meta property=\"og:site_name\" content=\"Tour Travel And More\" \/>\n<meta property=\"article:publisher\" content=\"https:\/\/www.facebook.com\/tourtravelandmore\/\" \/>\n<meta property=\"article:modified_time\" content=\"2021-03-18T19:19:27+00:00\" \/>\n<meta property=\"og:image\" content=\"https:\/\/tourtravelandmore.com\/wp-content\/uploads\/2020\/11\/philadelphia-6.jpg\" \/>\n\t<meta property=\"og:image:width\" content=\"1280\" \/>\n\t<meta property=\"og:image:height\" content=\"932\" \/>\n\t<meta property=\"og:image:type\" content=\"image\/jpeg\" \/>\n<meta name=\"twitter:card\" content=\"summary_large_image\" \/>\n<meta name=\"twitter:site\" content=\"@TourTravel_More\" \/>\n<meta name=\"twitter:label1\" content=\"Dur\u00e9e de lecture estim\u00e9e\" \/>\n\t<meta name=\"twitter:data1\" content=\"2 minutes\" \/>\n<script type=\"application\/ld+json\" class=\"yoast-schema-graph\">{\"@context\":\"https:\/\/schema.org\",\"@graph\":[{\"@type\":\"WebPage\",\"@id\":\"https:\/\/tourtravelandmore.com\/fr\/tours\/etats-unis-fr\/philadelphia-fr\/visite-privee-a-pied-de-philadelphie\/\",\"url\":\"https:\/\/tourtravelandmore.com\/fr\/tours\/etats-unis-fr\/philadelphia-fr\/visite-privee-a-pied-de-philadelphie\/\",\"name\":\"Visite priv\u00e9e \u00e0 pied de Philadelphie avec un guide professionnel\",\"isPartOf\":{\"@id\":\"https:\/\/tourtravelandmore.com\/fr\/#website\"},\"primaryImageOfPage\":{\"@id\":\"https:\/\/tourtravelandmore.com\/fr\/tours\/etats-unis-fr\/philadelphia-fr\/visite-privee-a-pied-de-philadelphie\/#primaryimage\"},\"image\":{\"@id\":\"https:\/\/tourtravelandmore.com\/fr\/tours\/etats-unis-fr\/philadelphia-fr\/visite-privee-a-pied-de-philadelphie\/#primaryimage\"},\"thumbnailUrl\":\"https:\/\/tourtravelandmore.com\/wp-content\/uploads\/2020\/11\/philadelphia-6.jpg\",\"datePublished\":\"2020-11-06T10:21:35+00:00\",\"dateModified\":\"2021-03-18T19:19:27+00:00\",\"description\":\"Rejoignez-nous pour cette visite priv\u00e9e \u00e0 pied de Philadelphie et courez la chance de visiter l'une des villes les plus int\u00e9ressantes et incroyables des \u00c9tats-Unis.\",\"breadcrumb\":{\"@id\":\"https:\/\/tourtravelandmore.com\/fr\/tours\/etats-unis-fr\/philadelphia-fr\/visite-privee-a-pied-de-philadelphie\/#breadcrumb\"},\"inLanguage\":\"fr-FR\",\"potentialAction\":[{\"@type\":\"ReadAction\",\"target\":[\"https:\/\/tourtravelandmore.com\/fr\/tours\/etats-unis-fr\/philadelphia-fr\/visite-privee-a-pied-de-philadelphie\/\"]}]},{\"@type\":\"ImageObject\",\"inLanguage\":\"fr-FR\",\"@id\":\"https:\/\/tourtravelandmore.com\/fr\/tours\/etats-unis-fr\/philadelphia-fr\/visite-privee-a-pied-de-philadelphie\/#primaryimage\",\"url\":\"https:\/\/tourtravelandmore.com\/wp-content\/uploads\/2020\/11\/philadelphia-6.jpg\",\"contentUrl\":\"https:\/\/tourtravelandmore.com\/wp-content\/uploads\/2020\/11\/philadelphia-6.jpg\",\"width\":1280,\"height\":932},{\"@type\":\"BreadcrumbList\",\"@id\":\"https:\/\/tourtravelandmore.com\/fr\/tours\/etats-unis-fr\/philadelphia-fr\/visite-privee-a-pied-de-philadelphie\/#breadcrumb\",\"itemListElement\":[{\"@type\":\"ListItem\",\"position\":1,\"name\":\"Home\",\"item\":\"https:\/\/tourtravelandmore.com\/fr\/\"},{\"@type\":\"ListItem\",\"position\":2,\"name\":\"Tours\",\"item\":\"https:\/\/tourtravelandmore.com\/fr\/tours\/\"},{\"@type\":\"ListItem\",\"position\":3,\"name\":\"Visite priv\u00e9e \u00e0 pied de Philadelphie\"}]},{\"@type\":\"WebSite\",\"@id\":\"https:\/\/tourtravelandmore.com\/fr\/#website\",\"url\":\"https:\/\/tourtravelandmore.com\/fr\/\",\"name\":\"Tour Travel And More\",\"description\":\"Private sightseeing tours and luxury transfers in Spain\",\"publisher\":{\"@id\":\"https:\/\/tourtravelandmore.com\/fr\/#organization\"},\"potentialAction\":[{\"@type\":\"SearchAction\",\"target\":{\"@type\":\"EntryPoint\",\"urlTemplate\":\"https:\/\/tourtravelandmore.com\/fr\/?s={search_term_string}\"},\"query-input\":{\"@type\":\"PropertyValueSpecification\",\"valueRequired\":true,\"valueName\":\"search_term_string\"}}],\"inLanguage\":\"fr-FR\"},{\"@type\":\"Organization\",\"@id\":\"https:\/\/tourtravelandmore.com\/fr\/#organization\",\"name\":\"Tour Travel And More\",\"url\":\"https:\/\/tourtravelandmore.com\/fr\/\",\"logo\":{\"@type\":\"ImageObject\",\"inLanguage\":\"fr-FR\",\"@id\":\"https:\/\/tourtravelandmore.com\/fr\/#\/schema\/logo\/image\/\",\"url\":\"https:\/\/tourtravelandmore.com\/wp-content\/uploads\/2022\/12\/cropped-logo-cabecera-new.png\",\"contentUrl\":\"https:\/\/tourtravelandmore.com\/wp-content\/uploads\/2022\/12\/cropped-logo-cabecera-new.png\",\"width\":430,\"height\":61,\"caption\":\"Tour Travel And More\"},\"image\":{\"@id\":\"https:\/\/tourtravelandmore.com\/fr\/#\/schema\/logo\/image\/\"},\"sameAs\":[\"https:\/\/www.facebook.com\/tourtravelandmore\/\",\"https:\/\/x.com\/TourTravel_More\"]}]}<\/script>\n<!-- \/ Yoast SEO Premium plugin. -->","yoast_head_json":{"title":"Visite priv\u00e9e \u00e0 pied de Philadelphie avec un guide professionnel","description":"Rejoignez-nous pour cette visite priv\u00e9e \u00e0 pied de Philadelphie et courez la chance de visiter l'une des villes les plus int\u00e9ressantes et incroyables des \u00c9tats-Unis.","robots":{"index":"index","follow":"follow","max-snippet":"max-snippet:-1","max-image-preview":"max-image-preview:large","max-video-preview":"max-video-preview:-1"},"canonical":"https:\/\/tourtravelandmore.com\/fr\/tours\/etats-unis-fr\/philadelphia-fr\/visite-privee-a-pied-de-philadelphie\/","og_locale":"fr_FR","og_type":"article","og_title":"Visite priv\u00e9e \u00e0 pied de Philadelphie","og_description":"Rejoignez-nous pour cette visite priv\u00e9e \u00e0 pied de Philadelphie et courez la chance de visiter l'une des villes les plus int\u00e9ressantes et incroyables des \u00c9tats-Unis.","og_url":"https:\/\/tourtravelandmore.com\/fr\/tours\/etats-unis-fr\/philadelphia-fr\/visite-privee-a-pied-de-philadelphie\/","og_site_name":"Tour Travel And More","article_publisher":"https:\/\/www.facebook.com\/tourtravelandmore\/","article_modified_time":"2021-03-18T19:19:27+00:00","og_image":[{"width":1280,"height":932,"url":"https:\/\/tourtravelandmore.com\/wp-content\/uploads\/2020\/11\/philadelphia-6.jpg","type":"image\/jpeg"}],"twitter_card":"summary_large_image","twitter_site":"@TourTravel_More","twitter_misc":{"Dur\u00e9e de lecture estim\u00e9e":"2 minutes"},"schema":{"@context":"https:\/\/schema.org","@graph":[{"@type":"WebPage","@id":"https:\/\/tourtravelandmore.com\/fr\/tours\/etats-unis-fr\/philadelphia-fr\/visite-privee-a-pied-de-philadelphie\/","url":"https:\/\/tourtravelandmore.com\/fr\/tours\/etats-unis-fr\/philadelphia-fr\/visite-privee-a-pied-de-philadelphie\/","name":"Visite priv\u00e9e \u00e0 pied de Philadelphie avec un guide professionnel","isPartOf":{"@id":"https:\/\/tourtravelandmore.com\/fr\/#website"},"primaryImageOfPage":{"@id":"https:\/\/tourtravelandmore.com\/fr\/tours\/etats-unis-fr\/philadelphia-fr\/visite-privee-a-pied-de-philadelphie\/#primaryimage"},"image":{"@id":"https:\/\/tourtravelandmore.com\/fr\/tours\/etats-unis-fr\/philadelphia-fr\/visite-privee-a-pied-de-philadelphie\/#primaryimage"},"thumbnailUrl":"https:\/\/tourtravelandmore.com\/wp-content\/uploads\/2020\/11\/philadelphia-6.jpg","datePublished":"2020-11-06T10:21:35+00:00","dateModified":"2021-03-18T19:19:27+00:00","description":"Rejoignez-nous pour cette visite priv\u00e9e \u00e0 pied de Philadelphie et courez la chance de visiter l'une des villes les plus int\u00e9ressantes et incroyables des \u00c9tats-Unis.","breadcrumb":{"@id":"https:\/\/tourtravelandmore.com\/fr\/tours\/etats-unis-fr\/philadelphia-fr\/visite-privee-a-pied-de-philadelphie\/#breadcrumb"},"inLanguage":"fr-FR","potentialAction":[{"@type":"ReadAction","target":["https:\/\/tourtravelandmore.com\/fr\/tours\/etats-unis-fr\/philadelphia-fr\/visite-privee-a-pied-de-philadelphie\/"]}]},{"@type":"ImageObject","inLanguage":"fr-FR","@id":"https:\/\/tourtravelandmore.com\/fr\/tours\/etats-unis-fr\/philadelphia-fr\/visite-privee-a-pied-de-philadelphie\/#primaryimage","url":"https:\/\/tourtravelandmore.com\/wp-content\/uploads\/2020\/11\/philadelphia-6.jpg","contentUrl":"https:\/\/tourtravelandmore.com\/wp-content\/uploads\/2020\/11\/philadelphia-6.jpg","width":1280,"height":932},{"@type":"BreadcrumbList","@id":"https:\/\/tourtravelandmore.com\/fr\/tours\/etats-unis-fr\/philadelphia-fr\/visite-privee-a-pied-de-philadelphie\/#breadcrumb","itemListElement":[{"@type":"ListItem","position":1,"name":"Home","item":"https:\/\/tourtravelandmore.com\/fr\/"},{"@type":"ListItem","position":2,"name":"Tours","item":"https:\/\/tourtravelandmore.com\/fr\/tours\/"},{"@type":"ListItem","position":3,"name":"Visite priv\u00e9e \u00e0 pied de Philadelphie"}]},{"@type":"WebSite","@id":"https:\/\/tourtravelandmore.com\/fr\/#website","url":"https:\/\/tourtravelandmore.com\/fr\/","name":"Tour Travel And More","description":"Private sightseeing tours and luxury transfers in Spain","publisher":{"@id":"https:\/\/tourtravelandmore.com\/fr\/#organization"},"potentialAction":[{"@type":"SearchAction","target":{"@type":"EntryPoint","urlTemplate":"https:\/\/tourtravelandmore.com\/fr\/?s={search_term_string}"},"query-input":{"@type":"PropertyValueSpecification","valueRequired":true,"valueName":"search_term_string"}}],"inLanguage":"fr-FR"},{"@type":"Organization","@id":"https:\/\/tourtravelandmore.com\/fr\/#organization","name":"Tour Travel And More","url":"https:\/\/tourtravelandmore.com\/fr\/","logo":{"@type":"ImageObject","inLanguage":"fr-FR","@id":"https:\/\/tourtravelandmore.com\/fr\/#\/schema\/logo\/image\/","url":"https:\/\/tourtravelandmore.com\/wp-content\/uploads\/2022\/12\/cropped-logo-cabecera-new.png","contentUrl":"https:\/\/tourtravelandmore.com\/wp-content\/uploads\/2022\/12\/cropped-logo-cabecera-new.png","width":430,"height":61,"caption":"Tour Travel And More"},"image":{"@id":"https:\/\/tourtravelandmore.com\/fr\/#\/schema\/logo\/image\/"},"sameAs":["https:\/\/www.facebook.com\/tourtravelandmore\/","https:\/\/x.com\/TourTravel_More"]}]}},"_links":{"self":[{"href":"https:\/\/tourtravelandmore.com\/fr\/wp-json\/wp\/v2\/product\/104303","targetHints":{"allow":["GET"]}}],"collection":[{"href":"https:\/\/tourtravelandmore.com\/fr\/wp-json\/wp\/v2\/product"}],"about":[{"href":"https:\/\/tourtravelandmore.com\/fr\/wp-json\/wp\/v2\/types\/product"}],"replies":[{"embeddable":true,"href":"https:\/\/tourtravelandmore.com\/fr\/wp-json\/wp\/v2\/comments?post=104303"}],"wp:featuredmedia":[{"embeddable":true,"href":"https:\/\/tourtravelandmore.com\/fr\/wp-json\/wp\/v2\/media\/98583"}],"wp:attachment":[{"href":"https:\/\/tourtravelandmore.com\/fr\/wp-json\/wp\/v2\/media?parent=104303"}],"wp:term":[{"taxonomy":"product_brand","embeddable":true,"href":"https:\/\/tourtravelandmore.com\/fr\/wp-json\/wp\/v2\/product_brand?post=104303"},{"taxonomy":"product_cat","embeddable":true,"href":"https:\/\/tourtravelandmore.com\/fr\/wp-json\/wp\/v2\/product_cat?post=104303"},{"taxonomy":"product_tag","embeddable":true,"href":"https:\/\/tourtravelandmore.com\/fr\/wp-json\/wp\/v2\/product_tag?post=104303"}],"curies":[{"name":"wp","href":"https:\/\/api.w.org\/{rel}","templated":true}]}}