{"id":104287,"date":"2020-10-16T11:21:00","date_gmt":"2020-10-16T09:21:00","guid":{"rendered":"https:\/\/tourtravelandmore.com\/tours\/non%20class\u00e9\/transfert-prive-a-los-angeles\/"},"modified":"2021-03-18T13:31:53","modified_gmt":"2021-03-18T12:31:53","slug":"transfert-prive-a-los-angeles","status":"publish","type":"product","link":"https:\/\/tourtravelandmore.com\/fr\/tours\/etats-unis-fr\/los-angeles-fr\/transfert-prive-a-los-angeles\/","title":{"rendered":"Transfert priv\u00e9 \u00e0 Los Angeles"},"content":{"rendered":"<h2>Description:<\/h2>\n<p>Profitez d&#8217;une exp\u00e9rience sans souci avec notre transfert a\u00e9roport priv\u00e9 de Los Angeles. Laissez-nous organiser votre transfert d&#8217;arriv\u00e9e et de d\u00e9part et profitez d&#8217;un moyen facile de vous rendre \u00e0 votre destination finale.<\/p>\n<p>Nous viendrons vous chercher \u00e0 l&#8217;endroit choisi. A\u00e9roport, port de croisi\u00e8re, h\u00f4tel ou lieu de choix. En cas de transfert \u00e0 l&#8217;arriv\u00e9e, notre chauffeur vous attendra avec une pancarte avec votre nom dessus. Les chauffeurs surveillent toujours l&#8217;arriv\u00e9e du vol, vous n&#8217;aurez pas \u00e0 vous inqui\u00e9ter en cas de retard de vol.<\/p>\n<p>Nous ne limitons pas le nombre de bagages que vous pouvez apporter. Veuillez inclure ces informations car nous pourrions avoir besoin de laisser le v\u00e9hicule s&#8217;adapter \u00e0 tous vos bagages. Si un si\u00e8ge enfant est n\u00e9cessaire, veuillez nous en informer.<\/p>\n<h2>Sites d&#8217;int\u00e9r\u00eat et monuments<\/h2>\n<p>Profitez de ce transfert priv\u00e9 de l&#8217;a\u00e9roport de Los Angeles dans nos v\u00e9hicules de luxe.<\/p>\n<p>Nous proposons des transferts pour les groupes priv\u00e9s et m\u00eame des incentives et grands groupes et nous proposons un service personnalis\u00e9. Tous nos v\u00e9hicules sont autoris\u00e9s \u00e0 circuler dans l&#8217;ensemble des \u00c9tats-Unis et nos chauffeurs sont professionnels et exp\u00e9riment\u00e9s.<\/p>\n<p>Nous ne limitons pas le nombre de bagages. Mais nous vous demandons d\u2019indiquer le nombre de bagages avec lesquels vous voyagerez uniquement pour des raisons logistiques. Parfois, un v\u00e9hicule plus gros peut \u00eatre n\u00e9cessaire et des frais suppl\u00e9mentaires peuvent s&#8217;appliquer.<\/p>\n<p>Si vous avez besoin d&#8217;un si\u00e8ge b\u00e9b\u00e9 ou d&#8217;un si\u00e8ge enfant, veuillez nous contacter avant votre vol ou votre transfert priv\u00e9 afin de l&#8217;organiser correctement.<\/p>\n<p>&nbsp;<\/p>\n","protected":false},"excerpt":{"rendered":"<p>Transfert priv\u00e9 aller simple \u00e0 Los Angeles. Profitez d&#8217;un moyen rapide et facile d&#8217;arriver \u00e0 votre destination finale. Prise en charge priv\u00e9e de n&#8217;importe quel endroit. V\u00e9hicule priv\u00e9 et chauffeur inclus.<\/p>\n","protected":false},"featured_media":98275,"comment_status":"open","ping_status":"closed","template":"","meta":{"_acf_changed":false},"product_brand":[],"product_cat":[3547,3768],"product_tag":[],"class_list":{"0":"post-104287","1":"product","2":"type-product","3":"status-publish","4":"has-post-thumbnail","6":"product_cat-etats-unis-fr","7":"product_cat-los-angeles-fr","9":"first","10":"instock","11":"shipping-taxable","12":"purchasable","13":"product-type-simple"},"acf":[],"yoast_head":"<!-- This site is optimized with the Yoast SEO Premium plugin v25.3.1 (Yoast SEO v25.3.1) - https:\/\/yoast.com\/wordpress\/plugins\/seo\/ -->\n<title>Transfert priv\u00e9 de l&#039;a\u00e9roport de Los Angeles - V\u00e9hicule de luxe et chauffeur professionnel<\/title>\n<meta name=\"description\" content=\"Profitez de notre transfert a\u00e9roport de Los Angeles et d&#039;un moyen rapide et facile d&#039;arriver \u00e0 votre destination finale. Prise en charge priv\u00e9e depuis n&#039;importe quel endroit de la ville.\" \/>\n<meta name=\"robots\" content=\"index, follow, max-snippet:-1, max-image-preview:large, max-video-preview:-1\" \/>\n<link rel=\"canonical\" href=\"https:\/\/tourtravelandmore.com\/fr\/tours\/etats-unis-fr\/los-angeles-fr\/transfert-prive-a-los-angeles\/\" \/>\n<meta property=\"og:locale\" content=\"fr_FR\" \/>\n<meta property=\"og:type\" content=\"article\" \/>\n<meta property=\"og:title\" content=\"Transfert priv\u00e9 \u00e0 Los Angeles\" \/>\n<meta property=\"og:description\" content=\"Profitez de notre transfert a\u00e9roport de Los Angeles et d&#039;un moyen rapide et facile d&#039;arriver \u00e0 votre destination finale. Prise en charge priv\u00e9e depuis n&#039;importe quel endroit de la ville.\" \/>\n<meta property=\"og:url\" content=\"https:\/\/tourtravelandmore.com\/fr\/tours\/etats-unis-fr\/los-angeles-fr\/transfert-prive-a-los-angeles\/\" \/>\n<meta property=\"og:site_name\" content=\"Tour Travel And More\" \/>\n<meta property=\"article:publisher\" content=\"https:\/\/www.facebook.com\/tourtravelandmore\/\" \/>\n<meta property=\"article:modified_time\" content=\"2021-03-18T12:31:53+00:00\" \/>\n<meta property=\"og:image\" content=\"https:\/\/tourtravelandmore.com\/wp-content\/uploads\/2018\/03\/auto-1.png\" \/>\n\t<meta property=\"og:image:width\" content=\"640\" \/>\n\t<meta property=\"og:image:height\" content=\"425\" \/>\n\t<meta property=\"og:image:type\" content=\"image\/png\" \/>\n<meta name=\"twitter:card\" content=\"summary_large_image\" \/>\n<meta name=\"twitter:site\" content=\"@TourTravel_More\" \/>\n<meta name=\"twitter:label1\" content=\"Dur\u00e9e de lecture estim\u00e9e\" \/>\n\t<meta name=\"twitter:data1\" content=\"1 minute\" \/>\n<script type=\"application\/ld+json\" class=\"yoast-schema-graph\">{\"@context\":\"https:\/\/schema.org\",\"@graph\":[{\"@type\":\"WebPage\",\"@id\":\"https:\/\/tourtravelandmore.com\/fr\/tours\/etats-unis-fr\/los-angeles-fr\/transfert-prive-a-los-angeles\/\",\"url\":\"https:\/\/tourtravelandmore.com\/fr\/tours\/etats-unis-fr\/los-angeles-fr\/transfert-prive-a-los-angeles\/\",\"name\":\"Transfert priv\u00e9 de l'a\u00e9roport de Los Angeles - V\u00e9hicule de luxe et chauffeur professionnel\",\"isPartOf\":{\"@id\":\"https:\/\/tourtravelandmore.com\/fr\/#website\"},\"primaryImageOfPage\":{\"@id\":\"https:\/\/tourtravelandmore.com\/fr\/tours\/etats-unis-fr\/los-angeles-fr\/transfert-prive-a-los-angeles\/#primaryimage\"},\"image\":{\"@id\":\"https:\/\/tourtravelandmore.com\/fr\/tours\/etats-unis-fr\/los-angeles-fr\/transfert-prive-a-los-angeles\/#primaryimage\"},\"thumbnailUrl\":\"https:\/\/tourtravelandmore.com\/wp-content\/uploads\/2018\/03\/auto-1.png\",\"datePublished\":\"2020-10-16T09:21:00+00:00\",\"dateModified\":\"2021-03-18T12:31:53+00:00\",\"description\":\"Profitez de notre transfert a\u00e9roport de Los Angeles et d'un moyen rapide et facile d'arriver \u00e0 votre destination finale. Prise en charge priv\u00e9e depuis n'importe quel endroit de la ville.\",\"breadcrumb\":{\"@id\":\"https:\/\/tourtravelandmore.com\/fr\/tours\/etats-unis-fr\/los-angeles-fr\/transfert-prive-a-los-angeles\/#breadcrumb\"},\"inLanguage\":\"fr-FR\",\"potentialAction\":[{\"@type\":\"ReadAction\",\"target\":[\"https:\/\/tourtravelandmore.com\/fr\/tours\/etats-unis-fr\/los-angeles-fr\/transfert-prive-a-los-angeles\/\"]}]},{\"@type\":\"ImageObject\",\"inLanguage\":\"fr-FR\",\"@id\":\"https:\/\/tourtravelandmore.com\/fr\/tours\/etats-unis-fr\/los-angeles-fr\/transfert-prive-a-los-angeles\/#primaryimage\",\"url\":\"https:\/\/tourtravelandmore.com\/wp-content\/uploads\/2018\/03\/auto-1.png\",\"contentUrl\":\"https:\/\/tourtravelandmore.com\/wp-content\/uploads\/2018\/03\/auto-1.png\",\"width\":640,\"height\":425},{\"@type\":\"BreadcrumbList\",\"@id\":\"https:\/\/tourtravelandmore.com\/fr\/tours\/etats-unis-fr\/los-angeles-fr\/transfert-prive-a-los-angeles\/#breadcrumb\",\"itemListElement\":[{\"@type\":\"ListItem\",\"position\":1,\"name\":\"Home\",\"item\":\"https:\/\/tourtravelandmore.com\/fr\/\"},{\"@type\":\"ListItem\",\"position\":2,\"name\":\"Tours\",\"item\":\"https:\/\/tourtravelandmore.com\/fr\/tours\/\"},{\"@type\":\"ListItem\",\"position\":3,\"name\":\"Transfert priv\u00e9 \u00e0 Los Angeles\"}]},{\"@type\":\"WebSite\",\"@id\":\"https:\/\/tourtravelandmore.com\/fr\/#website\",\"url\":\"https:\/\/tourtravelandmore.com\/fr\/\",\"name\":\"Tour Travel And More\",\"description\":\"Private sightseeing tours and luxury transfers in Spain\",\"publisher\":{\"@id\":\"https:\/\/tourtravelandmore.com\/fr\/#organization\"},\"potentialAction\":[{\"@type\":\"SearchAction\",\"target\":{\"@type\":\"EntryPoint\",\"urlTemplate\":\"https:\/\/tourtravelandmore.com\/fr\/?s={search_term_string}\"},\"query-input\":{\"@type\":\"PropertyValueSpecification\",\"valueRequired\":true,\"valueName\":\"search_term_string\"}}],\"inLanguage\":\"fr-FR\"},{\"@type\":\"Organization\",\"@id\":\"https:\/\/tourtravelandmore.com\/fr\/#organization\",\"name\":\"Tour Travel And More\",\"url\":\"https:\/\/tourtravelandmore.com\/fr\/\",\"logo\":{\"@type\":\"ImageObject\",\"inLanguage\":\"fr-FR\",\"@id\":\"https:\/\/tourtravelandmore.com\/fr\/#\/schema\/logo\/image\/\",\"url\":\"https:\/\/tourtravelandmore.com\/wp-content\/uploads\/2022\/12\/cropped-logo-cabecera-new.png\",\"contentUrl\":\"https:\/\/tourtravelandmore.com\/wp-content\/uploads\/2022\/12\/cropped-logo-cabecera-new.png\",\"width\":430,\"height\":61,\"caption\":\"Tour Travel And More\"},\"image\":{\"@id\":\"https:\/\/tourtravelandmore.com\/fr\/#\/schema\/logo\/image\/\"},\"sameAs\":[\"https:\/\/www.facebook.com\/tourtravelandmore\/\",\"https:\/\/x.com\/TourTravel_More\"]}]}<\/script>\n<!-- \/ Yoast SEO Premium plugin. -->","yoast_head_json":{"title":"Transfert priv\u00e9 de l'a\u00e9roport de Los Angeles - V\u00e9hicule de luxe et chauffeur professionnel","description":"Profitez de notre transfert a\u00e9roport de Los Angeles et d'un moyen rapide et facile d'arriver \u00e0 votre destination finale. Prise en charge priv\u00e9e depuis n'importe quel endroit de la ville.","robots":{"index":"index","follow":"follow","max-snippet":"max-snippet:-1","max-image-preview":"max-image-preview:large","max-video-preview":"max-video-preview:-1"},"canonical":"https:\/\/tourtravelandmore.com\/fr\/tours\/etats-unis-fr\/los-angeles-fr\/transfert-prive-a-los-angeles\/","og_locale":"fr_FR","og_type":"article","og_title":"Transfert priv\u00e9 \u00e0 Los Angeles","og_description":"Profitez de notre transfert a\u00e9roport de Los Angeles et d'un moyen rapide et facile d'arriver \u00e0 votre destination finale. Prise en charge priv\u00e9e depuis n'importe quel endroit de la ville.","og_url":"https:\/\/tourtravelandmore.com\/fr\/tours\/etats-unis-fr\/los-angeles-fr\/transfert-prive-a-los-angeles\/","og_site_name":"Tour Travel And More","article_publisher":"https:\/\/www.facebook.com\/tourtravelandmore\/","article_modified_time":"2021-03-18T12:31:53+00:00","og_image":[{"width":640,"height":425,"url":"https:\/\/tourtravelandmore.com\/wp-content\/uploads\/2018\/03\/auto-1.png","type":"image\/png"}],"twitter_card":"summary_large_image","twitter_site":"@TourTravel_More","twitter_misc":{"Dur\u00e9e de lecture estim\u00e9e":"1 minute"},"schema":{"@context":"https:\/\/schema.org","@graph":[{"@type":"WebPage","@id":"https:\/\/tourtravelandmore.com\/fr\/tours\/etats-unis-fr\/los-angeles-fr\/transfert-prive-a-los-angeles\/","url":"https:\/\/tourtravelandmore.com\/fr\/tours\/etats-unis-fr\/los-angeles-fr\/transfert-prive-a-los-angeles\/","name":"Transfert priv\u00e9 de l'a\u00e9roport de Los Angeles - V\u00e9hicule de luxe et chauffeur professionnel","isPartOf":{"@id":"https:\/\/tourtravelandmore.com\/fr\/#website"},"primaryImageOfPage":{"@id":"https:\/\/tourtravelandmore.com\/fr\/tours\/etats-unis-fr\/los-angeles-fr\/transfert-prive-a-los-angeles\/#primaryimage"},"image":{"@id":"https:\/\/tourtravelandmore.com\/fr\/tours\/etats-unis-fr\/los-angeles-fr\/transfert-prive-a-los-angeles\/#primaryimage"},"thumbnailUrl":"https:\/\/tourtravelandmore.com\/wp-content\/uploads\/2018\/03\/auto-1.png","datePublished":"2020-10-16T09:21:00+00:00","dateModified":"2021-03-18T12:31:53+00:00","description":"Profitez de notre transfert a\u00e9roport de Los Angeles et d'un moyen rapide et facile d'arriver \u00e0 votre destination finale. Prise en charge priv\u00e9e depuis n'importe quel endroit de la ville.","breadcrumb":{"@id":"https:\/\/tourtravelandmore.com\/fr\/tours\/etats-unis-fr\/los-angeles-fr\/transfert-prive-a-los-angeles\/#breadcrumb"},"inLanguage":"fr-FR","potentialAction":[{"@type":"ReadAction","target":["https:\/\/tourtravelandmore.com\/fr\/tours\/etats-unis-fr\/los-angeles-fr\/transfert-prive-a-los-angeles\/"]}]},{"@type":"ImageObject","inLanguage":"fr-FR","@id":"https:\/\/tourtravelandmore.com\/fr\/tours\/etats-unis-fr\/los-angeles-fr\/transfert-prive-a-los-angeles\/#primaryimage","url":"https:\/\/tourtravelandmore.com\/wp-content\/uploads\/2018\/03\/auto-1.png","contentUrl":"https:\/\/tourtravelandmore.com\/wp-content\/uploads\/2018\/03\/auto-1.png","width":640,"height":425},{"@type":"BreadcrumbList","@id":"https:\/\/tourtravelandmore.com\/fr\/tours\/etats-unis-fr\/los-angeles-fr\/transfert-prive-a-los-angeles\/#breadcrumb","itemListElement":[{"@type":"ListItem","position":1,"name":"Home","item":"https:\/\/tourtravelandmore.com\/fr\/"},{"@type":"ListItem","position":2,"name":"Tours","item":"https:\/\/tourtravelandmore.com\/fr\/tours\/"},{"@type":"ListItem","position":3,"name":"Transfert priv\u00e9 \u00e0 Los Angeles"}]},{"@type":"WebSite","@id":"https:\/\/tourtravelandmore.com\/fr\/#website","url":"https:\/\/tourtravelandmore.com\/fr\/","name":"Tour Travel And More","description":"Private sightseeing tours and luxury transfers in Spain","publisher":{"@id":"https:\/\/tourtravelandmore.com\/fr\/#organization"},"potentialAction":[{"@type":"SearchAction","target":{"@type":"EntryPoint","urlTemplate":"https:\/\/tourtravelandmore.com\/fr\/?s={search_term_string}"},"query-input":{"@type":"PropertyValueSpecification","valueRequired":true,"valueName":"search_term_string"}}],"inLanguage":"fr-FR"},{"@type":"Organization","@id":"https:\/\/tourtravelandmore.com\/fr\/#organization","name":"Tour Travel And More","url":"https:\/\/tourtravelandmore.com\/fr\/","logo":{"@type":"ImageObject","inLanguage":"fr-FR","@id":"https:\/\/tourtravelandmore.com\/fr\/#\/schema\/logo\/image\/","url":"https:\/\/tourtravelandmore.com\/wp-content\/uploads\/2022\/12\/cropped-logo-cabecera-new.png","contentUrl":"https:\/\/tourtravelandmore.com\/wp-content\/uploads\/2022\/12\/cropped-logo-cabecera-new.png","width":430,"height":61,"caption":"Tour Travel And More"},"image":{"@id":"https:\/\/tourtravelandmore.com\/fr\/#\/schema\/logo\/image\/"},"sameAs":["https:\/\/www.facebook.com\/tourtravelandmore\/","https:\/\/x.com\/TourTravel_More"]}]}},"_links":{"self":[{"href":"https:\/\/tourtravelandmore.com\/fr\/wp-json\/wp\/v2\/product\/104287","targetHints":{"allow":["GET"]}}],"collection":[{"href":"https:\/\/tourtravelandmore.com\/fr\/wp-json\/wp\/v2\/product"}],"about":[{"href":"https:\/\/tourtravelandmore.com\/fr\/wp-json\/wp\/v2\/types\/product"}],"replies":[{"embeddable":true,"href":"https:\/\/tourtravelandmore.com\/fr\/wp-json\/wp\/v2\/comments?post=104287"}],"wp:featuredmedia":[{"embeddable":true,"href":"https:\/\/tourtravelandmore.com\/fr\/wp-json\/wp\/v2\/media\/98275"}],"wp:attachment":[{"href":"https:\/\/tourtravelandmore.com\/fr\/wp-json\/wp\/v2\/media?parent=104287"}],"wp:term":[{"taxonomy":"product_brand","embeddable":true,"href":"https:\/\/tourtravelandmore.com\/fr\/wp-json\/wp\/v2\/product_brand?post=104287"},{"taxonomy":"product_cat","embeddable":true,"href":"https:\/\/tourtravelandmore.com\/fr\/wp-json\/wp\/v2\/product_cat?post=104287"},{"taxonomy":"product_tag","embeddable":true,"href":"https:\/\/tourtravelandmore.com\/fr\/wp-json\/wp\/v2\/product_tag?post=104287"}],"curies":[{"name":"wp","href":"https:\/\/api.w.org\/{rel}","templated":true}]}}