{"id":104282,"date":"2020-09-10T18:36:28","date_gmt":"2020-09-10T16:36:28","guid":{"rendered":"https:\/\/tourtravelandmore.com\/tours\/non%20class\u00e9\/visite-privee-de-las-vegas-au-depart-de-los-angeles\/"},"modified":"2021-03-18T13:29:55","modified_gmt":"2021-03-18T12:29:55","slug":"visite-privee-de-las-vegas-au-depart-de-los-angeles","status":"publish","type":"product","link":"https:\/\/tourtravelandmore.com\/fr\/tours\/etats-unis-fr\/los-angeles-fr\/visite-privee-de-las-vegas-au-depart-de-los-angeles\/","title":{"rendered":"Visite priv\u00e9e de Las Vegas au d\u00e9part de Los Angeles"},"content":{"rendered":"<h2>Description:<\/h2>\n<p>Qui ne veut pas visiter Vegas? Nous sommes s\u00fbrs que c&#8217;est sur la liste de la plupart des gens en tant qu&#8217;endroit \u00e0 visiter. Parfois, il est difficile de trouver un week-end ou quelques jours pour conna\u00eetre Las Vegas. C&#8217;est pourquoi cette visite priv\u00e9e de Vegas au d\u00e9part de LA est parfaite pour vous. Ne perdez pas de temps \u00e0 chercher un week-end pour visiter Las Vegas. Laissez-nous vous emmener dans cette exp\u00e9rience d&#8217;une journ\u00e9e pour d\u00e9couvrir Las Vegas avec notre visite priv\u00e9e!<\/p>\n<p>Comme toutes nos visites priv\u00e9es, cette visite d\u00e9butera \u00e0 partir de votre h\u00f4tel \u00e0 Los Angeles. Nous vous emm\u00e8nerons confortablement vers la ville n\u00e9on de Las Vegas.<\/p>\n<p>Une fois arriv\u00e9s \u00e0 Las Vegas, rencontrez notre guide priv\u00e9 pour commencer votre visite. Profitez du meilleur de Las Vegas aux c\u00f4t\u00e9s de votre guide priv\u00e9 et dans notre v\u00e9hicule confortable avec chauffeur. Votre chauffeur sera l\u00e0 pour vous emmener et s&#8217;arr\u00eater si n\u00e9cessaire et toujours attendre que vous ne perdiez pas de temps.<\/p>\n<p>Ayez un peu de temps libre et mangez un morceau avant que votre chauffeur ne vous ram\u00e8ne vers Los Angeles.<\/p>\n<h2>Sites d&#8217;int\u00e9r\u00eat et points de rep\u00e8re<\/h2>\n<p>Tout d&#8217;abord, votre visite priv\u00e9e de Vegas au d\u00e9part de Los Angeles commencera \u00e0 partir de votre h\u00f4tel \u00e0 Los Angeles. Apr\u00e8s cela, nous nous dirigerons vers Las Vegas.<\/p>\n<p>Deuxi\u00e8mement, une fois arriv\u00e9s \u00e0 Las Vegas, votre chauffeur vous conduira vers votre guide. Votre guide priv\u00e9 sera \u00e0 votre disposition pour l&#8217;exp\u00e9rience de conna\u00eetre les meilleurs sites de Las Vegas.<\/p>\n<p>Il y a tellement de choses \u00e0 voir \u00e0 Vegas; des h\u00f4tels de luxe aux n\u00e9ons et aux lieux de f\u00eate c\u00e9l\u00e8bres. Demandez \u00e0 notre guide priv\u00e9 de vous aider \u00e0 d\u00e9couvrir un morceau de Vegas lors de cette excursion d&#8217;une journ\u00e9e.<\/p>\n<p>Voici quelques exemples de sites que vous visiterez.<\/p>\n<ul>\n<li>Rue Fremont<\/li>\n<li>Centre-ville de Vegas<\/li>\n<li>Centre-ville<\/li>\n<li>6,7 kilom\u00e8tres de Vegas Strip<\/li>\n<li>Arr\u00eat photo au panneau Welcome to Fabulous Las Vegas<\/li>\n<li>Le Linq<\/li>\n<li>Caesars Palace<\/li>\n<li>Bellagio<\/li>\n<li>Aria<\/li>\n<li>MGM Grand<\/li>\n<li>Le v\u00e9nitien<\/li>\n<li>Wynn Las Vegas<\/li>\n<li>New York, New York<\/li>\n<li>Tour Eiffel<\/li>\n<li>Beaucoup plus!<\/li>\n<\/ul>\n<p>Vous profiterez d&#8217;un peu de temps libre et mangerez un morceau avant de vous diriger vers Los Angeles.<\/p>\n<p>D\u00e9couvrez toutes nos visites priv\u00e9es ici. Toute visite peut \u00eatre personnalis\u00e9e pour r\u00e9pondre \u00e0 vos besoins.<\/p>\n<p>Nous proposons tout type de visite priv\u00e9e \u00e0 Los Angeles. Contactez-nous ici!<\/p>\n<p>&nbsp;<\/p>\n","protected":false},"excerpt":{"rendered":"<p>Profitez de notre visite priv\u00e9e de Vegas au d\u00e9part de LA. Qui ne veut pas visiter Vegas? Profitez d&#8217;une excursion d&#8217;une journ\u00e9e compl\u00e8te avec votre chauffeur priv\u00e9 et, une fois \u00e0 Las Vegas, d\u00e9couvrez la ville avec un guide local. Contactez-nous pour une proposition sur mesure.<\/p>\n","protected":false},"featured_media":98240,"comment_status":"open","ping_status":"closed","template":"","meta":{"_acf_changed":false},"product_brand":[],"product_cat":[3547,3768],"product_tag":[],"class_list":{"0":"post-104282","1":"product","2":"type-product","3":"status-publish","4":"has-post-thumbnail","6":"product_cat-etats-unis-fr","7":"product_cat-los-angeles-fr","9":"first","10":"instock","11":"shipping-taxable","12":"purchasable","13":"product-type-simple"},"acf":[],"yoast_head":"<!-- This site is optimized with the Yoast SEO Premium plugin v25.3.1 (Yoast SEO v25.3.1) - https:\/\/yoast.com\/wordpress\/plugins\/seo\/ -->\n<title>Visite priv\u00e9e de Vegas au d\u00e9part de Los Angeles avec chauffeur et guide local agr\u00e9\u00e9<\/title>\n<meta name=\"description\" content=\"Profitez de notre visite priv\u00e9e de Vegas au d\u00e9part de LA. Qui ne veut pas visiter Vegas? Profitez d&#039;une excursion d&#039;une journ\u00e9e avec votre chauffeur priv\u00e9 et d\u00e9couvrez Vegas avec un guide local\" \/>\n<meta name=\"robots\" content=\"index, follow, max-snippet:-1, max-image-preview:large, max-video-preview:-1\" \/>\n<link rel=\"canonical\" href=\"https:\/\/tourtravelandmore.com\/fr\/tours\/etats-unis-fr\/los-angeles-fr\/visite-privee-de-las-vegas-au-depart-de-los-angeles\/\" \/>\n<meta property=\"og:locale\" content=\"fr_FR\" \/>\n<meta property=\"og:type\" content=\"article\" \/>\n<meta property=\"og:title\" content=\"Visite priv\u00e9e de Las Vegas au d\u00e9part de Los Angeles\" \/>\n<meta property=\"og:description\" content=\"Profitez de notre visite priv\u00e9e de Vegas au d\u00e9part de LA. Qui ne veut pas visiter Vegas? Profitez d&#039;une excursion d&#039;une journ\u00e9e avec votre chauffeur priv\u00e9 et d\u00e9couvrez Vegas avec un guide local\" \/>\n<meta property=\"og:url\" content=\"https:\/\/tourtravelandmore.com\/fr\/tours\/etats-unis-fr\/los-angeles-fr\/visite-privee-de-las-vegas-au-depart-de-los-angeles\/\" \/>\n<meta property=\"og:site_name\" content=\"Tour Travel And More\" \/>\n<meta property=\"article:publisher\" content=\"https:\/\/www.facebook.com\/tourtravelandmore\/\" \/>\n<meta property=\"article:modified_time\" content=\"2021-03-18T12:29:55+00:00\" \/>\n<meta property=\"og:image\" content=\"https:\/\/tourtravelandmore.com\/wp-content\/uploads\/2020\/09\/welcome-vegas-min.jpg\" \/>\n\t<meta property=\"og:image:width\" content=\"966\" \/>\n\t<meta property=\"og:image:height\" content=\"966\" \/>\n\t<meta property=\"og:image:type\" content=\"image\/jpeg\" \/>\n<meta name=\"twitter:card\" content=\"summary_large_image\" \/>\n<meta name=\"twitter:site\" content=\"@TourTravel_More\" \/>\n<meta name=\"twitter:label1\" content=\"Dur\u00e9e de lecture estim\u00e9e\" \/>\n\t<meta name=\"twitter:data1\" content=\"2 minutes\" \/>\n<script type=\"application\/ld+json\" class=\"yoast-schema-graph\">{\"@context\":\"https:\/\/schema.org\",\"@graph\":[{\"@type\":\"WebPage\",\"@id\":\"https:\/\/tourtravelandmore.com\/fr\/tours\/etats-unis-fr\/los-angeles-fr\/visite-privee-de-las-vegas-au-depart-de-los-angeles\/\",\"url\":\"https:\/\/tourtravelandmore.com\/fr\/tours\/etats-unis-fr\/los-angeles-fr\/visite-privee-de-las-vegas-au-depart-de-los-angeles\/\",\"name\":\"Visite priv\u00e9e de Vegas au d\u00e9part de Los Angeles avec chauffeur et guide local agr\u00e9\u00e9\",\"isPartOf\":{\"@id\":\"https:\/\/tourtravelandmore.com\/fr\/#website\"},\"primaryImageOfPage\":{\"@id\":\"https:\/\/tourtravelandmore.com\/fr\/tours\/etats-unis-fr\/los-angeles-fr\/visite-privee-de-las-vegas-au-depart-de-los-angeles\/#primaryimage\"},\"image\":{\"@id\":\"https:\/\/tourtravelandmore.com\/fr\/tours\/etats-unis-fr\/los-angeles-fr\/visite-privee-de-las-vegas-au-depart-de-los-angeles\/#primaryimage\"},\"thumbnailUrl\":\"https:\/\/tourtravelandmore.com\/wp-content\/uploads\/2020\/09\/welcome-vegas-min.jpg\",\"datePublished\":\"2020-09-10T16:36:28+00:00\",\"dateModified\":\"2021-03-18T12:29:55+00:00\",\"description\":\"Profitez de notre visite priv\u00e9e de Vegas au d\u00e9part de LA. Qui ne veut pas visiter Vegas? Profitez d'une excursion d'une journ\u00e9e avec votre chauffeur priv\u00e9 et d\u00e9couvrez Vegas avec un guide local\",\"breadcrumb\":{\"@id\":\"https:\/\/tourtravelandmore.com\/fr\/tours\/etats-unis-fr\/los-angeles-fr\/visite-privee-de-las-vegas-au-depart-de-los-angeles\/#breadcrumb\"},\"inLanguage\":\"fr-FR\",\"potentialAction\":[{\"@type\":\"ReadAction\",\"target\":[\"https:\/\/tourtravelandmore.com\/fr\/tours\/etats-unis-fr\/los-angeles-fr\/visite-privee-de-las-vegas-au-depart-de-los-angeles\/\"]}]},{\"@type\":\"ImageObject\",\"inLanguage\":\"fr-FR\",\"@id\":\"https:\/\/tourtravelandmore.com\/fr\/tours\/etats-unis-fr\/los-angeles-fr\/visite-privee-de-las-vegas-au-depart-de-los-angeles\/#primaryimage\",\"url\":\"https:\/\/tourtravelandmore.com\/wp-content\/uploads\/2020\/09\/welcome-vegas-min.jpg\",\"contentUrl\":\"https:\/\/tourtravelandmore.com\/wp-content\/uploads\/2020\/09\/welcome-vegas-min.jpg\",\"width\":966,\"height\":966},{\"@type\":\"BreadcrumbList\",\"@id\":\"https:\/\/tourtravelandmore.com\/fr\/tours\/etats-unis-fr\/los-angeles-fr\/visite-privee-de-las-vegas-au-depart-de-los-angeles\/#breadcrumb\",\"itemListElement\":[{\"@type\":\"ListItem\",\"position\":1,\"name\":\"Home\",\"item\":\"https:\/\/tourtravelandmore.com\/fr\/\"},{\"@type\":\"ListItem\",\"position\":2,\"name\":\"Tours\",\"item\":\"https:\/\/tourtravelandmore.com\/fr\/tours\/\"},{\"@type\":\"ListItem\",\"position\":3,\"name\":\"Visite priv\u00e9e de Las Vegas au d\u00e9part de Los Angeles\"}]},{\"@type\":\"WebSite\",\"@id\":\"https:\/\/tourtravelandmore.com\/fr\/#website\",\"url\":\"https:\/\/tourtravelandmore.com\/fr\/\",\"name\":\"Tour Travel And More\",\"description\":\"Private sightseeing tours and luxury transfers in Spain\",\"publisher\":{\"@id\":\"https:\/\/tourtravelandmore.com\/fr\/#organization\"},\"potentialAction\":[{\"@type\":\"SearchAction\",\"target\":{\"@type\":\"EntryPoint\",\"urlTemplate\":\"https:\/\/tourtravelandmore.com\/fr\/?s={search_term_string}\"},\"query-input\":{\"@type\":\"PropertyValueSpecification\",\"valueRequired\":true,\"valueName\":\"search_term_string\"}}],\"inLanguage\":\"fr-FR\"},{\"@type\":\"Organization\",\"@id\":\"https:\/\/tourtravelandmore.com\/fr\/#organization\",\"name\":\"Tour Travel And More\",\"url\":\"https:\/\/tourtravelandmore.com\/fr\/\",\"logo\":{\"@type\":\"ImageObject\",\"inLanguage\":\"fr-FR\",\"@id\":\"https:\/\/tourtravelandmore.com\/fr\/#\/schema\/logo\/image\/\",\"url\":\"https:\/\/tourtravelandmore.com\/wp-content\/uploads\/2022\/12\/cropped-logo-cabecera-new.png\",\"contentUrl\":\"https:\/\/tourtravelandmore.com\/wp-content\/uploads\/2022\/12\/cropped-logo-cabecera-new.png\",\"width\":430,\"height\":61,\"caption\":\"Tour Travel And More\"},\"image\":{\"@id\":\"https:\/\/tourtravelandmore.com\/fr\/#\/schema\/logo\/image\/\"},\"sameAs\":[\"https:\/\/www.facebook.com\/tourtravelandmore\/\",\"https:\/\/x.com\/TourTravel_More\"]}]}<\/script>\n<!-- \/ Yoast SEO Premium plugin. -->","yoast_head_json":{"title":"Visite priv\u00e9e de Vegas au d\u00e9part de Los Angeles avec chauffeur et guide local agr\u00e9\u00e9","description":"Profitez de notre visite priv\u00e9e de Vegas au d\u00e9part de LA. Qui ne veut pas visiter Vegas? Profitez d'une excursion d'une journ\u00e9e avec votre chauffeur priv\u00e9 et d\u00e9couvrez Vegas avec un guide local","robots":{"index":"index","follow":"follow","max-snippet":"max-snippet:-1","max-image-preview":"max-image-preview:large","max-video-preview":"max-video-preview:-1"},"canonical":"https:\/\/tourtravelandmore.com\/fr\/tours\/etats-unis-fr\/los-angeles-fr\/visite-privee-de-las-vegas-au-depart-de-los-angeles\/","og_locale":"fr_FR","og_type":"article","og_title":"Visite priv\u00e9e de Las Vegas au d\u00e9part de Los Angeles","og_description":"Profitez de notre visite priv\u00e9e de Vegas au d\u00e9part de LA. Qui ne veut pas visiter Vegas? Profitez d'une excursion d'une journ\u00e9e avec votre chauffeur priv\u00e9 et d\u00e9couvrez Vegas avec un guide local","og_url":"https:\/\/tourtravelandmore.com\/fr\/tours\/etats-unis-fr\/los-angeles-fr\/visite-privee-de-las-vegas-au-depart-de-los-angeles\/","og_site_name":"Tour Travel And More","article_publisher":"https:\/\/www.facebook.com\/tourtravelandmore\/","article_modified_time":"2021-03-18T12:29:55+00:00","og_image":[{"width":966,"height":966,"url":"https:\/\/tourtravelandmore.com\/wp-content\/uploads\/2020\/09\/welcome-vegas-min.jpg","type":"image\/jpeg"}],"twitter_card":"summary_large_image","twitter_site":"@TourTravel_More","twitter_misc":{"Dur\u00e9e de lecture estim\u00e9e":"2 minutes"},"schema":{"@context":"https:\/\/schema.org","@graph":[{"@type":"WebPage","@id":"https:\/\/tourtravelandmore.com\/fr\/tours\/etats-unis-fr\/los-angeles-fr\/visite-privee-de-las-vegas-au-depart-de-los-angeles\/","url":"https:\/\/tourtravelandmore.com\/fr\/tours\/etats-unis-fr\/los-angeles-fr\/visite-privee-de-las-vegas-au-depart-de-los-angeles\/","name":"Visite priv\u00e9e de Vegas au d\u00e9part de Los Angeles avec chauffeur et guide local agr\u00e9\u00e9","isPartOf":{"@id":"https:\/\/tourtravelandmore.com\/fr\/#website"},"primaryImageOfPage":{"@id":"https:\/\/tourtravelandmore.com\/fr\/tours\/etats-unis-fr\/los-angeles-fr\/visite-privee-de-las-vegas-au-depart-de-los-angeles\/#primaryimage"},"image":{"@id":"https:\/\/tourtravelandmore.com\/fr\/tours\/etats-unis-fr\/los-angeles-fr\/visite-privee-de-las-vegas-au-depart-de-los-angeles\/#primaryimage"},"thumbnailUrl":"https:\/\/tourtravelandmore.com\/wp-content\/uploads\/2020\/09\/welcome-vegas-min.jpg","datePublished":"2020-09-10T16:36:28+00:00","dateModified":"2021-03-18T12:29:55+00:00","description":"Profitez de notre visite priv\u00e9e de Vegas au d\u00e9part de LA. Qui ne veut pas visiter Vegas? Profitez d'une excursion d'une journ\u00e9e avec votre chauffeur priv\u00e9 et d\u00e9couvrez Vegas avec un guide local","breadcrumb":{"@id":"https:\/\/tourtravelandmore.com\/fr\/tours\/etats-unis-fr\/los-angeles-fr\/visite-privee-de-las-vegas-au-depart-de-los-angeles\/#breadcrumb"},"inLanguage":"fr-FR","potentialAction":[{"@type":"ReadAction","target":["https:\/\/tourtravelandmore.com\/fr\/tours\/etats-unis-fr\/los-angeles-fr\/visite-privee-de-las-vegas-au-depart-de-los-angeles\/"]}]},{"@type":"ImageObject","inLanguage":"fr-FR","@id":"https:\/\/tourtravelandmore.com\/fr\/tours\/etats-unis-fr\/los-angeles-fr\/visite-privee-de-las-vegas-au-depart-de-los-angeles\/#primaryimage","url":"https:\/\/tourtravelandmore.com\/wp-content\/uploads\/2020\/09\/welcome-vegas-min.jpg","contentUrl":"https:\/\/tourtravelandmore.com\/wp-content\/uploads\/2020\/09\/welcome-vegas-min.jpg","width":966,"height":966},{"@type":"BreadcrumbList","@id":"https:\/\/tourtravelandmore.com\/fr\/tours\/etats-unis-fr\/los-angeles-fr\/visite-privee-de-las-vegas-au-depart-de-los-angeles\/#breadcrumb","itemListElement":[{"@type":"ListItem","position":1,"name":"Home","item":"https:\/\/tourtravelandmore.com\/fr\/"},{"@type":"ListItem","position":2,"name":"Tours","item":"https:\/\/tourtravelandmore.com\/fr\/tours\/"},{"@type":"ListItem","position":3,"name":"Visite priv\u00e9e de Las Vegas au d\u00e9part de Los Angeles"}]},{"@type":"WebSite","@id":"https:\/\/tourtravelandmore.com\/fr\/#website","url":"https:\/\/tourtravelandmore.com\/fr\/","name":"Tour Travel And More","description":"Private sightseeing tours and luxury transfers in Spain","publisher":{"@id":"https:\/\/tourtravelandmore.com\/fr\/#organization"},"potentialAction":[{"@type":"SearchAction","target":{"@type":"EntryPoint","urlTemplate":"https:\/\/tourtravelandmore.com\/fr\/?s={search_term_string}"},"query-input":{"@type":"PropertyValueSpecification","valueRequired":true,"valueName":"search_term_string"}}],"inLanguage":"fr-FR"},{"@type":"Organization","@id":"https:\/\/tourtravelandmore.com\/fr\/#organization","name":"Tour Travel And More","url":"https:\/\/tourtravelandmore.com\/fr\/","logo":{"@type":"ImageObject","inLanguage":"fr-FR","@id":"https:\/\/tourtravelandmore.com\/fr\/#\/schema\/logo\/image\/","url":"https:\/\/tourtravelandmore.com\/wp-content\/uploads\/2022\/12\/cropped-logo-cabecera-new.png","contentUrl":"https:\/\/tourtravelandmore.com\/wp-content\/uploads\/2022\/12\/cropped-logo-cabecera-new.png","width":430,"height":61,"caption":"Tour Travel And More"},"image":{"@id":"https:\/\/tourtravelandmore.com\/fr\/#\/schema\/logo\/image\/"},"sameAs":["https:\/\/www.facebook.com\/tourtravelandmore\/","https:\/\/x.com\/TourTravel_More"]}]}},"_links":{"self":[{"href":"https:\/\/tourtravelandmore.com\/fr\/wp-json\/wp\/v2\/product\/104282","targetHints":{"allow":["GET"]}}],"collection":[{"href":"https:\/\/tourtravelandmore.com\/fr\/wp-json\/wp\/v2\/product"}],"about":[{"href":"https:\/\/tourtravelandmore.com\/fr\/wp-json\/wp\/v2\/types\/product"}],"replies":[{"embeddable":true,"href":"https:\/\/tourtravelandmore.com\/fr\/wp-json\/wp\/v2\/comments?post=104282"}],"wp:featuredmedia":[{"embeddable":true,"href":"https:\/\/tourtravelandmore.com\/fr\/wp-json\/wp\/v2\/media\/98240"}],"wp:attachment":[{"href":"https:\/\/tourtravelandmore.com\/fr\/wp-json\/wp\/v2\/media?parent=104282"}],"wp:term":[{"taxonomy":"product_brand","embeddable":true,"href":"https:\/\/tourtravelandmore.com\/fr\/wp-json\/wp\/v2\/product_brand?post=104282"},{"taxonomy":"product_cat","embeddable":true,"href":"https:\/\/tourtravelandmore.com\/fr\/wp-json\/wp\/v2\/product_cat?post=104282"},{"taxonomy":"product_tag","embeddable":true,"href":"https:\/\/tourtravelandmore.com\/fr\/wp-json\/wp\/v2\/product_tag?post=104282"}],"curies":[{"name":"wp","href":"https:\/\/api.w.org\/{rel}","templated":true}]}}