{"id":104277,"date":"2020-09-10T17:51:28","date_gmt":"2020-09-10T15:51:28","guid":{"rendered":"https:\/\/tourtravelandmore.com\/tours\/non%20class\u00e9\/visite-privee-de-santa-barbara-et-solvang\/"},"modified":"2021-03-18T13:28:31","modified_gmt":"2021-03-18T12:28:31","slug":"visite-privee-de-santa-barbara-et-solvang","status":"publish","type":"product","link":"https:\/\/tourtravelandmore.com\/fr\/tours\/etats-unis-fr\/los-angeles-fr\/visite-privee-de-santa-barbara-et-solvang\/","title":{"rendered":"Visite priv\u00e9e de Santa Barbara et Solvang"},"content":{"rendered":"<h2>Description:<\/h2>\n<p>Los Angeles a tellement \u00e0 offrir, mais cela ne signifie pas que vous ne pouvez pas profiter d&#8217;une journ\u00e9e pour profiter d&#8217;une excursion priv\u00e9e d&#8217;une journ\u00e9e. Profitez de cette visite de Santa Barbara et Solvang avec votre v\u00e9hicule priv\u00e9 et chauffeur \/ guide agr\u00e9\u00e9.<\/p>\n<p>Il s&#8217;agit d&#8217;une visite enti\u00e8rement priv\u00e9e et nous viendrons vous chercher \u00e0 votre h\u00f4tel ou lieu de votre choix dans la ville de Los Angeles. Si vous arrivez de l&#8217;ext\u00e9rieur de la ville, ou avez besoin d&#8217;une prise en charge \u00e0 l&#8217;h\u00f4tel, \u00e0 l&#8217;a\u00e9roport ou \u00e0 tout autre endroit, faites-le nous savoir. Il s&#8217;agit d&#8217;une exp\u00e9rience priv\u00e9e rien que pour vous et nous organiserons l&#8217;exp\u00e9rience parfaite pour votre visite priv\u00e9e de Santa Barbara et Solvang.<\/p>\n<p>Le temps de conduite total sera d&#8217;environ 2,5 heures dans chaque sens. Vous passerez environ 2 heures dans chaque endroit et aurez du temps libre pour un d\u00e9jeuner rapide avant de retourner vers Los Angeles.<\/p>\n<p>Profitez d&#8217;une visite de Solvang; une ville fond\u00e9e par des voyageurs danois qui voulaient fonder une communaut\u00e9 danoise! Cela vous donne une br\u00e8ve vue sur le Danemark et c&#8217;est un endroit vraiment incroyable. Nous profiterons \u00e9galement d&#8217;un arr\u00eat et d&#8217;une visite de la ville de Santa Barbara. C&#8217;est aussi une ville c\u00f4ti\u00e8re unique avec des vues incroyables et de belles vues panoramiques et une ambiance m\u00e9diterran\u00e9enne.<\/p>\n<p>Cette visite peut \u00eatre personnalis\u00e9e pour r\u00e9pondre \u00e0 vos propres besoins et \u00e0 vos arr\u00eats requis.<\/p>\n<h2>Sites d&#8217;int\u00e9r\u00eat et points de rep\u00e8re<\/h2>\n<p>Comme toutes les visites priv\u00e9es, cette visite priv\u00e9e commencera \u00e0 partir de votre h\u00f4tel ou lieu de votre choix \u00e0 Los Angeles. Une fois que vous aurez rencontr\u00e9 votre guide et votre chauffeur, nous nous dirigerons d&#8217;abord vers Santa Barbara.<\/p>\n<p>Tout d&#8217;abord, nous arriverons \u00e0 Santa Barbara. C&#8217;est une belle ville c\u00f4ti\u00e8re qui a une impression de l&#8217;Europe et de la M\u00e9diterran\u00e9e, c&#8217;est une \u00e9tape incontournable pour aller \u00e0 Solvang. Santa Barbara est tr\u00e8s populaire pour les touristes et poss\u00e8de \u00e9galement de nombreux lieux de vill\u00e9giature. Santa Barbara a d&#8217;abord \u00e9t\u00e9 habit\u00e9e par des Espagnols et poss\u00e8de un beau fond historique ainsi que des monuments uniques tels que des chapelles, la mission Santa Barbara et bien plus encore!<\/p>\n<p>\u00c9tant une ville c\u00f4ti\u00e8re, nous devons organiser un arr\u00eat sur le magnifique front de mer. Entre autres, voici quelques endroits que vous visiterez;<\/p>\n<ul>\n<li>Quai de Stearns<\/li>\n<li>Mission Santa Barbara<\/li>\n<li>Cour sup\u00e9rieure du comt\u00e9 de Californie de Santa Barbara<\/li>\n<li>Presidio Real de Santa Barbara<\/li>\n<li>Beaucoup plus!<\/li>\n<\/ul>\n<p>Vous aurez du temps pour un d\u00e9jeuner tr\u00e8s rapide avant de vous diriger vers Solvang.<\/p>\n<p>Solvang est maintenant une grande communaut\u00e9 danoise loin de chez elle. C&#8217;est un peu comme visiter le mini Danemark \u00e0 seulement quelques heures de Los Angeles. Il y a m\u00eame une copie d&#8217;une statue c\u00e9l\u00e8bre qui se trouve \u00e0 Copenhague; Petite Sir\u00e8ne! Ils ont m\u00eame reproduit la tour ronde dans une version plus petite bien s\u00fbr.<\/p>\n<p>Solvang est vraiment une attraction touristique. Tout le monde ne conna\u00eet pas cet endroit sp\u00e9cial \u00e0 seulement 2,5 heures de Los Angeles!<\/p>\n<p>Voici quelques sites que vous appr\u00e9cierez \u00e0 Solvang en plus des beaux monuments et sites:<\/p>\n<ul>\n<li>Mus\u00e9e d&#8217;histoire et d&#8217;art d&#8217;Elverhoj (vue ext\u00e9rieure)<\/li>\n<li>Mission Santa Ines (Ynez)<\/li>\n<li>Parc Hans Christian Andersen<\/li>\n<\/ul>\n<p>Nous vous reconduirons ensuite \u00e0 votre h\u00f4tel ou lieu de votre choix \u00e0 Los Angeles. La dur\u00e9e totale sera d&#8217;environ 9 \u00e0 10 heures entre la prise en charge et le retour.<\/p>\n<p>Nous proposons tout type de visite priv\u00e9e \u00e0 Los Angeles. Contactez-nous ici!<\/p>\n<p>&nbsp;<\/p>\n","protected":false},"excerpt":{"rendered":"<p>Profitez de notre visite priv\u00e9e \u00e0 Santa Barbara et Solvang au d\u00e9part de Los Angeles. D\u00e9couvrez et explorez les plus beaux endroits de Santa Barbara et du Dannish Solvang lors d&#8217;une excursion d&#8217;une journ\u00e9e avec votre chauffeur \/ guide priv\u00e9.<\/p>\n","protected":false},"featured_media":98228,"comment_status":"open","ping_status":"closed","template":"","meta":{"_acf_changed":false},"product_brand":[],"product_cat":[3547,3768],"product_tag":[],"class_list":{"0":"post-104277","1":"product","2":"type-product","3":"status-publish","4":"has-post-thumbnail","6":"product_cat-etats-unis-fr","7":"product_cat-los-angeles-fr","9":"first","10":"instock","11":"shipping-taxable","12":"purchasable","13":"product-type-simple"},"acf":[],"yoast_head":"<!-- This site is optimized with the Yoast SEO Premium plugin v25.3.1 (Yoast SEO v25.3.1) - https:\/\/yoast.com\/wordpress\/plugins\/seo\/ -->\n<title>Visite priv\u00e9e de Santa Barbara avec chauffeur \/ guide agr\u00e9\u00e9 de Los Angeles<\/title>\n<meta name=\"description\" content=\"Profitez de notre visite priv\u00e9e de Santa Barbara au d\u00e9part de LA. D\u00e9couvrez Santa Barbara et le Solvang danois lors d&#039;une excursion d&#039;une journ\u00e9e avec votre chauffeur \/ guide priv\u00e9\" \/>\n<meta name=\"robots\" content=\"index, follow, max-snippet:-1, max-image-preview:large, max-video-preview:-1\" \/>\n<link rel=\"canonical\" href=\"https:\/\/tourtravelandmore.com\/fr\/tours\/etats-unis-fr\/los-angeles-fr\/visite-privee-de-santa-barbara-et-solvang\/\" \/>\n<meta property=\"og:locale\" content=\"fr_FR\" \/>\n<meta property=\"og:type\" content=\"article\" \/>\n<meta property=\"og:title\" content=\"Visite priv\u00e9e de Santa Barbara et Solvang\" \/>\n<meta property=\"og:description\" content=\"Profitez de notre visite priv\u00e9e de Santa Barbara au d\u00e9part de LA. D\u00e9couvrez Santa Barbara et le Solvang danois lors d&#039;une excursion d&#039;une journ\u00e9e avec votre chauffeur \/ guide priv\u00e9\" \/>\n<meta property=\"og:url\" content=\"https:\/\/tourtravelandmore.com\/fr\/tours\/etats-unis-fr\/los-angeles-fr\/visite-privee-de-santa-barbara-et-solvang\/\" \/>\n<meta property=\"og:site_name\" content=\"Tour Travel And More\" \/>\n<meta property=\"article:publisher\" content=\"https:\/\/www.facebook.com\/tourtravelandmore\/\" \/>\n<meta property=\"article:modified_time\" content=\"2021-03-18T12:28:31+00:00\" \/>\n<meta property=\"og:image\" content=\"https:\/\/tourtravelandmore.com\/wp-content\/uploads\/2020\/09\/santa-barbara-min.jpg\" \/>\n\t<meta property=\"og:image:width\" content=\"960\" \/>\n\t<meta property=\"og:image:height\" content=\"640\" \/>\n\t<meta property=\"og:image:type\" content=\"image\/jpeg\" \/>\n<meta name=\"twitter:card\" content=\"summary_large_image\" \/>\n<meta name=\"twitter:site\" content=\"@TourTravel_More\" \/>\n<meta name=\"twitter:label1\" content=\"Dur\u00e9e de lecture estim\u00e9e\" \/>\n\t<meta name=\"twitter:data1\" content=\"3 minutes\" \/>\n<script type=\"application\/ld+json\" class=\"yoast-schema-graph\">{\"@context\":\"https:\/\/schema.org\",\"@graph\":[{\"@type\":\"WebPage\",\"@id\":\"https:\/\/tourtravelandmore.com\/fr\/tours\/etats-unis-fr\/los-angeles-fr\/visite-privee-de-santa-barbara-et-solvang\/\",\"url\":\"https:\/\/tourtravelandmore.com\/fr\/tours\/etats-unis-fr\/los-angeles-fr\/visite-privee-de-santa-barbara-et-solvang\/\",\"name\":\"Visite priv\u00e9e de Santa Barbara avec chauffeur \/ guide agr\u00e9\u00e9 de Los Angeles\",\"isPartOf\":{\"@id\":\"https:\/\/tourtravelandmore.com\/fr\/#website\"},\"primaryImageOfPage\":{\"@id\":\"https:\/\/tourtravelandmore.com\/fr\/tours\/etats-unis-fr\/los-angeles-fr\/visite-privee-de-santa-barbara-et-solvang\/#primaryimage\"},\"image\":{\"@id\":\"https:\/\/tourtravelandmore.com\/fr\/tours\/etats-unis-fr\/los-angeles-fr\/visite-privee-de-santa-barbara-et-solvang\/#primaryimage\"},\"thumbnailUrl\":\"https:\/\/tourtravelandmore.com\/wp-content\/uploads\/2020\/09\/santa-barbara-min.jpg\",\"datePublished\":\"2020-09-10T15:51:28+00:00\",\"dateModified\":\"2021-03-18T12:28:31+00:00\",\"description\":\"Profitez de notre visite priv\u00e9e de Santa Barbara au d\u00e9part de LA. D\u00e9couvrez Santa Barbara et le Solvang danois lors d'une excursion d'une journ\u00e9e avec votre chauffeur \/ guide priv\u00e9\",\"breadcrumb\":{\"@id\":\"https:\/\/tourtravelandmore.com\/fr\/tours\/etats-unis-fr\/los-angeles-fr\/visite-privee-de-santa-barbara-et-solvang\/#breadcrumb\"},\"inLanguage\":\"fr-FR\",\"potentialAction\":[{\"@type\":\"ReadAction\",\"target\":[\"https:\/\/tourtravelandmore.com\/fr\/tours\/etats-unis-fr\/los-angeles-fr\/visite-privee-de-santa-barbara-et-solvang\/\"]}]},{\"@type\":\"ImageObject\",\"inLanguage\":\"fr-FR\",\"@id\":\"https:\/\/tourtravelandmore.com\/fr\/tours\/etats-unis-fr\/los-angeles-fr\/visite-privee-de-santa-barbara-et-solvang\/#primaryimage\",\"url\":\"https:\/\/tourtravelandmore.com\/wp-content\/uploads\/2020\/09\/santa-barbara-min.jpg\",\"contentUrl\":\"https:\/\/tourtravelandmore.com\/wp-content\/uploads\/2020\/09\/santa-barbara-min.jpg\",\"width\":960,\"height\":640},{\"@type\":\"BreadcrumbList\",\"@id\":\"https:\/\/tourtravelandmore.com\/fr\/tours\/etats-unis-fr\/los-angeles-fr\/visite-privee-de-santa-barbara-et-solvang\/#breadcrumb\",\"itemListElement\":[{\"@type\":\"ListItem\",\"position\":1,\"name\":\"Home\",\"item\":\"https:\/\/tourtravelandmore.com\/fr\/\"},{\"@type\":\"ListItem\",\"position\":2,\"name\":\"Tours\",\"item\":\"https:\/\/tourtravelandmore.com\/fr\/tours\/\"},{\"@type\":\"ListItem\",\"position\":3,\"name\":\"Visite priv\u00e9e de Santa Barbara et Solvang\"}]},{\"@type\":\"WebSite\",\"@id\":\"https:\/\/tourtravelandmore.com\/fr\/#website\",\"url\":\"https:\/\/tourtravelandmore.com\/fr\/\",\"name\":\"Tour Travel And More\",\"description\":\"Private sightseeing tours and luxury transfers in Spain\",\"publisher\":{\"@id\":\"https:\/\/tourtravelandmore.com\/fr\/#organization\"},\"potentialAction\":[{\"@type\":\"SearchAction\",\"target\":{\"@type\":\"EntryPoint\",\"urlTemplate\":\"https:\/\/tourtravelandmore.com\/fr\/?s={search_term_string}\"},\"query-input\":{\"@type\":\"PropertyValueSpecification\",\"valueRequired\":true,\"valueName\":\"search_term_string\"}}],\"inLanguage\":\"fr-FR\"},{\"@type\":\"Organization\",\"@id\":\"https:\/\/tourtravelandmore.com\/fr\/#organization\",\"name\":\"Tour Travel And More\",\"url\":\"https:\/\/tourtravelandmore.com\/fr\/\",\"logo\":{\"@type\":\"ImageObject\",\"inLanguage\":\"fr-FR\",\"@id\":\"https:\/\/tourtravelandmore.com\/fr\/#\/schema\/logo\/image\/\",\"url\":\"https:\/\/tourtravelandmore.com\/wp-content\/uploads\/2022\/12\/cropped-logo-cabecera-new.png\",\"contentUrl\":\"https:\/\/tourtravelandmore.com\/wp-content\/uploads\/2022\/12\/cropped-logo-cabecera-new.png\",\"width\":430,\"height\":61,\"caption\":\"Tour Travel And More\"},\"image\":{\"@id\":\"https:\/\/tourtravelandmore.com\/fr\/#\/schema\/logo\/image\/\"},\"sameAs\":[\"https:\/\/www.facebook.com\/tourtravelandmore\/\",\"https:\/\/x.com\/TourTravel_More\"]}]}<\/script>\n<!-- \/ Yoast SEO Premium plugin. -->","yoast_head_json":{"title":"Visite priv\u00e9e de Santa Barbara avec chauffeur \/ guide agr\u00e9\u00e9 de Los Angeles","description":"Profitez de notre visite priv\u00e9e de Santa Barbara au d\u00e9part de LA. D\u00e9couvrez Santa Barbara et le Solvang danois lors d'une excursion d'une journ\u00e9e avec votre chauffeur \/ guide priv\u00e9","robots":{"index":"index","follow":"follow","max-snippet":"max-snippet:-1","max-image-preview":"max-image-preview:large","max-video-preview":"max-video-preview:-1"},"canonical":"https:\/\/tourtravelandmore.com\/fr\/tours\/etats-unis-fr\/los-angeles-fr\/visite-privee-de-santa-barbara-et-solvang\/","og_locale":"fr_FR","og_type":"article","og_title":"Visite priv\u00e9e de Santa Barbara et Solvang","og_description":"Profitez de notre visite priv\u00e9e de Santa Barbara au d\u00e9part de LA. D\u00e9couvrez Santa Barbara et le Solvang danois lors d'une excursion d'une journ\u00e9e avec votre chauffeur \/ guide priv\u00e9","og_url":"https:\/\/tourtravelandmore.com\/fr\/tours\/etats-unis-fr\/los-angeles-fr\/visite-privee-de-santa-barbara-et-solvang\/","og_site_name":"Tour Travel And More","article_publisher":"https:\/\/www.facebook.com\/tourtravelandmore\/","article_modified_time":"2021-03-18T12:28:31+00:00","og_image":[{"width":960,"height":640,"url":"https:\/\/tourtravelandmore.com\/wp-content\/uploads\/2020\/09\/santa-barbara-min.jpg","type":"image\/jpeg"}],"twitter_card":"summary_large_image","twitter_site":"@TourTravel_More","twitter_misc":{"Dur\u00e9e de lecture estim\u00e9e":"3 minutes"},"schema":{"@context":"https:\/\/schema.org","@graph":[{"@type":"WebPage","@id":"https:\/\/tourtravelandmore.com\/fr\/tours\/etats-unis-fr\/los-angeles-fr\/visite-privee-de-santa-barbara-et-solvang\/","url":"https:\/\/tourtravelandmore.com\/fr\/tours\/etats-unis-fr\/los-angeles-fr\/visite-privee-de-santa-barbara-et-solvang\/","name":"Visite priv\u00e9e de Santa Barbara avec chauffeur \/ guide agr\u00e9\u00e9 de Los Angeles","isPartOf":{"@id":"https:\/\/tourtravelandmore.com\/fr\/#website"},"primaryImageOfPage":{"@id":"https:\/\/tourtravelandmore.com\/fr\/tours\/etats-unis-fr\/los-angeles-fr\/visite-privee-de-santa-barbara-et-solvang\/#primaryimage"},"image":{"@id":"https:\/\/tourtravelandmore.com\/fr\/tours\/etats-unis-fr\/los-angeles-fr\/visite-privee-de-santa-barbara-et-solvang\/#primaryimage"},"thumbnailUrl":"https:\/\/tourtravelandmore.com\/wp-content\/uploads\/2020\/09\/santa-barbara-min.jpg","datePublished":"2020-09-10T15:51:28+00:00","dateModified":"2021-03-18T12:28:31+00:00","description":"Profitez de notre visite priv\u00e9e de Santa Barbara au d\u00e9part de LA. D\u00e9couvrez Santa Barbara et le Solvang danois lors d'une excursion d'une journ\u00e9e avec votre chauffeur \/ guide priv\u00e9","breadcrumb":{"@id":"https:\/\/tourtravelandmore.com\/fr\/tours\/etats-unis-fr\/los-angeles-fr\/visite-privee-de-santa-barbara-et-solvang\/#breadcrumb"},"inLanguage":"fr-FR","potentialAction":[{"@type":"ReadAction","target":["https:\/\/tourtravelandmore.com\/fr\/tours\/etats-unis-fr\/los-angeles-fr\/visite-privee-de-santa-barbara-et-solvang\/"]}]},{"@type":"ImageObject","inLanguage":"fr-FR","@id":"https:\/\/tourtravelandmore.com\/fr\/tours\/etats-unis-fr\/los-angeles-fr\/visite-privee-de-santa-barbara-et-solvang\/#primaryimage","url":"https:\/\/tourtravelandmore.com\/wp-content\/uploads\/2020\/09\/santa-barbara-min.jpg","contentUrl":"https:\/\/tourtravelandmore.com\/wp-content\/uploads\/2020\/09\/santa-barbara-min.jpg","width":960,"height":640},{"@type":"BreadcrumbList","@id":"https:\/\/tourtravelandmore.com\/fr\/tours\/etats-unis-fr\/los-angeles-fr\/visite-privee-de-santa-barbara-et-solvang\/#breadcrumb","itemListElement":[{"@type":"ListItem","position":1,"name":"Home","item":"https:\/\/tourtravelandmore.com\/fr\/"},{"@type":"ListItem","position":2,"name":"Tours","item":"https:\/\/tourtravelandmore.com\/fr\/tours\/"},{"@type":"ListItem","position":3,"name":"Visite priv\u00e9e de Santa Barbara et Solvang"}]},{"@type":"WebSite","@id":"https:\/\/tourtravelandmore.com\/fr\/#website","url":"https:\/\/tourtravelandmore.com\/fr\/","name":"Tour Travel And More","description":"Private sightseeing tours and luxury transfers in Spain","publisher":{"@id":"https:\/\/tourtravelandmore.com\/fr\/#organization"},"potentialAction":[{"@type":"SearchAction","target":{"@type":"EntryPoint","urlTemplate":"https:\/\/tourtravelandmore.com\/fr\/?s={search_term_string}"},"query-input":{"@type":"PropertyValueSpecification","valueRequired":true,"valueName":"search_term_string"}}],"inLanguage":"fr-FR"},{"@type":"Organization","@id":"https:\/\/tourtravelandmore.com\/fr\/#organization","name":"Tour Travel And More","url":"https:\/\/tourtravelandmore.com\/fr\/","logo":{"@type":"ImageObject","inLanguage":"fr-FR","@id":"https:\/\/tourtravelandmore.com\/fr\/#\/schema\/logo\/image\/","url":"https:\/\/tourtravelandmore.com\/wp-content\/uploads\/2022\/12\/cropped-logo-cabecera-new.png","contentUrl":"https:\/\/tourtravelandmore.com\/wp-content\/uploads\/2022\/12\/cropped-logo-cabecera-new.png","width":430,"height":61,"caption":"Tour Travel And More"},"image":{"@id":"https:\/\/tourtravelandmore.com\/fr\/#\/schema\/logo\/image\/"},"sameAs":["https:\/\/www.facebook.com\/tourtravelandmore\/","https:\/\/x.com\/TourTravel_More"]}]}},"_links":{"self":[{"href":"https:\/\/tourtravelandmore.com\/fr\/wp-json\/wp\/v2\/product\/104277","targetHints":{"allow":["GET"]}}],"collection":[{"href":"https:\/\/tourtravelandmore.com\/fr\/wp-json\/wp\/v2\/product"}],"about":[{"href":"https:\/\/tourtravelandmore.com\/fr\/wp-json\/wp\/v2\/types\/product"}],"replies":[{"embeddable":true,"href":"https:\/\/tourtravelandmore.com\/fr\/wp-json\/wp\/v2\/comments?post=104277"}],"wp:featuredmedia":[{"embeddable":true,"href":"https:\/\/tourtravelandmore.com\/fr\/wp-json\/wp\/v2\/media\/98228"}],"wp:attachment":[{"href":"https:\/\/tourtravelandmore.com\/fr\/wp-json\/wp\/v2\/media?parent=104277"}],"wp:term":[{"taxonomy":"product_brand","embeddable":true,"href":"https:\/\/tourtravelandmore.com\/fr\/wp-json\/wp\/v2\/product_brand?post=104277"},{"taxonomy":"product_cat","embeddable":true,"href":"https:\/\/tourtravelandmore.com\/fr\/wp-json\/wp\/v2\/product_cat?post=104277"},{"taxonomy":"product_tag","embeddable":true,"href":"https:\/\/tourtravelandmore.com\/fr\/wp-json\/wp\/v2\/product_tag?post=104277"}],"curies":[{"name":"wp","href":"https:\/\/api.w.org\/{rel}","templated":true}]}}