{"id":104268,"date":"2020-09-10T16:59:19","date_gmt":"2020-09-10T14:59:19","guid":{"rendered":"https:\/\/tourtravelandmore.com\/tours\/non%20class\u00e9\/visite-privee-dune-journee-a-palm-springs-au-depart-de-los-angeles\/"},"modified":"2023-09-18T21:44:55","modified_gmt":"2023-09-18T19:44:55","slug":"visite-privee-dune-journee-a-palm-springs-au-depart-de-los-angeles","status":"publish","type":"product","link":"https:\/\/tourtravelandmore.com\/fr\/tours\/etats-unis-fr\/los-angeles-fr\/visite-privee-dune-journee-a-palm-springs-au-depart-de-los-angeles\/","title":{"rendered":"Visite priv\u00e9e d&#8217;une journ\u00e9e \u00e0 Palm Springs au d\u00e9part de Los Angeles"},"content":{"rendered":"<h2>Description:<\/h2>\n<p>Direction le d\u00e9sert de Sonora pour visiter la ville de Palm Springs. Profitez de cette visite enti\u00e8rement priv\u00e9e de Palm Springs avec une prise en charge priv\u00e9e depuis votre h\u00f4tel ou lieu de votre choix \u00e0 Los Angeles.<\/p>\n<p>Tout d&#8217;abord, nous venons vous chercher \u00e0 votre h\u00f4tel \u00e0 Los Angeles et nous nous dirigerons vers Palm Springs. Le trajet dans chaque sens dure un peu moins de 2 heures.<\/p>\n<p>Une fois arriv\u00e9 \u00e0 Palm Springs, vous pourrez profiter du meilleur de cet endroit d\u00e9sertique. Partez \u00e0 l&#8217;aventure pour d\u00e9couvrir la nature, le d\u00e9sert et la faune \u00e0 quelques heures de Los Angeles!<\/p>\n<p>Comme toutes nos visites, il s&#8217;agit d&#8217;une visite enti\u00e8rement priv\u00e9e et nos experts en voyages vous aideront \u00e0 cr\u00e9er une exp\u00e9rience parfaite pour vous! Contactez-nous pour plus d&#8217;informations.<\/p>\n<h2>Sites d&#8217;int\u00e9r\u00eat et points de rep\u00e8re<\/h2>\n<p>Une fois que nous sommes venus vous chercher dans un v\u00e9hicule priv\u00e9, nous nous dirigerons vers Palm Springs. Profitez des magnifiques paysages \u00e0 la sortie de Los Angeles, ainsi que de la balade dans le d\u00e9sert de Palm Springs.<\/p>\n<p>Une fois sur place, vous profiterez d&#8217;une visite des sites les plus importants. Comme il y a beaucoup \u00e0 voir, voici une br\u00e8ve liste, s&#8217;il y a un mus\u00e9e ou un jardin que vous souhaitez sp\u00e9cifiquement visiter, faites-le nous savoir lorsque vous nous contactez et nous personnaliserons la visite en fonction de votre propre visite souhait\u00e9e!<\/p>\n<p>Voici quelques exemples de sites que vous pouvez voir:<\/p>\n<ul>\n<li>Tramway a\u00e9rien de Palm Springs<\/li>\n<li>Mus\u00e9e d&#8217;art de Pal Springs (vue ext\u00e9rieure)<\/li>\n<li>Canyons indiens<\/li>\n<li>Jardin botanique et vie zoologique<\/li>\n<li>Jardin botanique et d\u00e9sert<\/li>\n<li>Vue sur le mont San Jacinto<\/li>\n<li>Mus\u00e9e de l&#8217;air de Palm Springs (vue ext\u00e9rieure)<\/li>\n<li>South Palm Canyon Drive<\/li>\n<li>Sunnylands Centre et jardin<\/li>\n<li>Vue sur le centre des visiteurs de Palm Springs<\/li>\n<li>Route de North Palm Canyon<\/li>\n<li>Beaucoup plus!<\/li>\n<\/ul>\n<p>Vous aurez \u00e9galement du temps libre avant de regagner votre h\u00f4tel \u00e0 Los Angeles.<\/p>\n<p>Nous proposons tout type de visite priv\u00e9e \u00e0 Los Angeles. Contactez-nous ici!<\/p>\n<div id=\"gtx-trans\" style=\"position: absolute; left: 592px; top: 355.812px;\">\n<div class=\"gtx-trans-icon\"><\/div>\n<\/div>\n","protected":false},"excerpt":{"rendered":"<p>Profitez de notre visite priv\u00e9e sur mesure aux sources de palmiers de Los Angeles. D\u00e9couvrez et explorez le merveilleux d\u00e9sert de Californie avec un expert local lors d&#8217;une excursion priv\u00e9e d&#8217;une journ\u00e9e. Prise en charge et retour \u00e0 l&#8217;endroit de votre choix \u00e0 Los Angeles.<\/p>\n","protected":false},"featured_media":98223,"comment_status":"open","ping_status":"closed","template":"","meta":{"_acf_changed":false},"product_brand":[],"product_cat":[3547,3768],"product_tag":[],"class_list":{"0":"post-104268","1":"product","2":"type-product","3":"status-publish","4":"has-post-thumbnail","6":"product_cat-etats-unis-fr","7":"product_cat-los-angeles-fr","9":"first","10":"instock","11":"shipping-taxable","12":"purchasable","13":"product-type-simple"},"acf":[],"yoast_head":"<!-- This site is optimized with the Yoast SEO Premium plugin v25.3.1 (Yoast SEO v25.3.1) - https:\/\/yoast.com\/wordpress\/plugins\/seo\/ -->\n<title>Visite priv\u00e9e de Palm Springs avec chauffeur \/ guide agr\u00e9\u00e9 de Los Angeles<\/title>\n<meta name=\"description\" content=\"Profitez de notre visite priv\u00e9e aux sources de palmiers de Los Angeles. D\u00e9couvrez et explorez le merveilleux d\u00e9sert de Californie avec un expert local lors d&#039;une excursion priv\u00e9e d&#039;une journ\u00e9e.\" \/>\n<meta name=\"robots\" content=\"index, follow, max-snippet:-1, max-image-preview:large, max-video-preview:-1\" \/>\n<link rel=\"canonical\" href=\"https:\/\/tourtravelandmore.com\/fr\/tours\/etats-unis-fr\/los-angeles-fr\/visite-privee-dune-journee-a-palm-springs-au-depart-de-los-angeles\/\" \/>\n<meta property=\"og:locale\" content=\"fr_FR\" \/>\n<meta property=\"og:type\" content=\"article\" \/>\n<meta property=\"og:title\" content=\"Visite priv\u00e9e d&#039;une journ\u00e9e \u00e0 Palm Springs au d\u00e9part de Los Angeles\" \/>\n<meta property=\"og:description\" content=\"Profitez de notre visite priv\u00e9e aux sources de palmiers de Los Angeles. D\u00e9couvrez et explorez le merveilleux d\u00e9sert de Californie avec un expert local lors d&#039;une excursion priv\u00e9e d&#039;une journ\u00e9e.\" \/>\n<meta property=\"og:url\" content=\"https:\/\/tourtravelandmore.com\/fr\/tours\/etats-unis-fr\/los-angeles-fr\/visite-privee-dune-journee-a-palm-springs-au-depart-de-los-angeles\/\" \/>\n<meta property=\"og:site_name\" content=\"Tour Travel And More\" \/>\n<meta property=\"article:publisher\" content=\"https:\/\/www.facebook.com\/tourtravelandmore\/\" \/>\n<meta property=\"article:modified_time\" content=\"2023-09-18T19:44:55+00:00\" \/>\n<meta property=\"og:image\" content=\"https:\/\/tourtravelandmore.com\/wp-content\/uploads\/2020\/09\/desert-highway-palm-spring-min.jpg\" \/>\n\t<meta property=\"og:image:width\" content=\"910\" \/>\n\t<meta property=\"og:image:height\" content=\"607\" \/>\n\t<meta property=\"og:image:type\" content=\"image\/jpeg\" \/>\n<meta name=\"twitter:card\" content=\"summary_large_image\" \/>\n<meta name=\"twitter:site\" content=\"@TourTravel_More\" \/>\n<meta name=\"twitter:label1\" content=\"Dur\u00e9e de lecture estim\u00e9e\" \/>\n\t<meta name=\"twitter:data1\" content=\"2 minutes\" \/>\n<script type=\"application\/ld+json\" class=\"yoast-schema-graph\">{\"@context\":\"https:\/\/schema.org\",\"@graph\":[{\"@type\":\"WebPage\",\"@id\":\"https:\/\/tourtravelandmore.com\/fr\/tours\/etats-unis-fr\/los-angeles-fr\/visite-privee-dune-journee-a-palm-springs-au-depart-de-los-angeles\/\",\"url\":\"https:\/\/tourtravelandmore.com\/fr\/tours\/etats-unis-fr\/los-angeles-fr\/visite-privee-dune-journee-a-palm-springs-au-depart-de-los-angeles\/\",\"name\":\"Visite priv\u00e9e de Palm Springs avec chauffeur \/ guide agr\u00e9\u00e9 de Los Angeles\",\"isPartOf\":{\"@id\":\"https:\/\/tourtravelandmore.com\/fr\/#website\"},\"primaryImageOfPage\":{\"@id\":\"https:\/\/tourtravelandmore.com\/fr\/tours\/etats-unis-fr\/los-angeles-fr\/visite-privee-dune-journee-a-palm-springs-au-depart-de-los-angeles\/#primaryimage\"},\"image\":{\"@id\":\"https:\/\/tourtravelandmore.com\/fr\/tours\/etats-unis-fr\/los-angeles-fr\/visite-privee-dune-journee-a-palm-springs-au-depart-de-los-angeles\/#primaryimage\"},\"thumbnailUrl\":\"https:\/\/tourtravelandmore.com\/wp-content\/uploads\/2020\/09\/desert-highway-palm-spring-min.jpg\",\"datePublished\":\"2020-09-10T14:59:19+00:00\",\"dateModified\":\"2023-09-18T19:44:55+00:00\",\"description\":\"Profitez de notre visite priv\u00e9e aux sources de palmiers de Los Angeles. D\u00e9couvrez et explorez le merveilleux d\u00e9sert de Californie avec un expert local lors d'une excursion priv\u00e9e d'une journ\u00e9e.\",\"breadcrumb\":{\"@id\":\"https:\/\/tourtravelandmore.com\/fr\/tours\/etats-unis-fr\/los-angeles-fr\/visite-privee-dune-journee-a-palm-springs-au-depart-de-los-angeles\/#breadcrumb\"},\"inLanguage\":\"fr-FR\",\"potentialAction\":[{\"@type\":\"ReadAction\",\"target\":[\"https:\/\/tourtravelandmore.com\/fr\/tours\/etats-unis-fr\/los-angeles-fr\/visite-privee-dune-journee-a-palm-springs-au-depart-de-los-angeles\/\"]}]},{\"@type\":\"ImageObject\",\"inLanguage\":\"fr-FR\",\"@id\":\"https:\/\/tourtravelandmore.com\/fr\/tours\/etats-unis-fr\/los-angeles-fr\/visite-privee-dune-journee-a-palm-springs-au-depart-de-los-angeles\/#primaryimage\",\"url\":\"https:\/\/tourtravelandmore.com\/wp-content\/uploads\/2020\/09\/desert-highway-palm-spring-min.jpg\",\"contentUrl\":\"https:\/\/tourtravelandmore.com\/wp-content\/uploads\/2020\/09\/desert-highway-palm-spring-min.jpg\",\"width\":910,\"height\":607},{\"@type\":\"BreadcrumbList\",\"@id\":\"https:\/\/tourtravelandmore.com\/fr\/tours\/etats-unis-fr\/los-angeles-fr\/visite-privee-dune-journee-a-palm-springs-au-depart-de-los-angeles\/#breadcrumb\",\"itemListElement\":[{\"@type\":\"ListItem\",\"position\":1,\"name\":\"Home\",\"item\":\"https:\/\/tourtravelandmore.com\/fr\/\"},{\"@type\":\"ListItem\",\"position\":2,\"name\":\"Tours\",\"item\":\"https:\/\/tourtravelandmore.com\/fr\/tours\/\"},{\"@type\":\"ListItem\",\"position\":3,\"name\":\"Visite priv\u00e9e d&rsquo;une journ\u00e9e \u00e0 Palm Springs au d\u00e9part de Los Angeles\"}]},{\"@type\":\"WebSite\",\"@id\":\"https:\/\/tourtravelandmore.com\/fr\/#website\",\"url\":\"https:\/\/tourtravelandmore.com\/fr\/\",\"name\":\"Tour Travel And More\",\"description\":\"Private sightseeing tours and luxury transfers in Spain\",\"publisher\":{\"@id\":\"https:\/\/tourtravelandmore.com\/fr\/#organization\"},\"potentialAction\":[{\"@type\":\"SearchAction\",\"target\":{\"@type\":\"EntryPoint\",\"urlTemplate\":\"https:\/\/tourtravelandmore.com\/fr\/?s={search_term_string}\"},\"query-input\":{\"@type\":\"PropertyValueSpecification\",\"valueRequired\":true,\"valueName\":\"search_term_string\"}}],\"inLanguage\":\"fr-FR\"},{\"@type\":\"Organization\",\"@id\":\"https:\/\/tourtravelandmore.com\/fr\/#organization\",\"name\":\"Tour Travel And More\",\"url\":\"https:\/\/tourtravelandmore.com\/fr\/\",\"logo\":{\"@type\":\"ImageObject\",\"inLanguage\":\"fr-FR\",\"@id\":\"https:\/\/tourtravelandmore.com\/fr\/#\/schema\/logo\/image\/\",\"url\":\"https:\/\/tourtravelandmore.com\/wp-content\/uploads\/2022\/12\/cropped-logo-cabecera-new.png\",\"contentUrl\":\"https:\/\/tourtravelandmore.com\/wp-content\/uploads\/2022\/12\/cropped-logo-cabecera-new.png\",\"width\":430,\"height\":61,\"caption\":\"Tour Travel And More\"},\"image\":{\"@id\":\"https:\/\/tourtravelandmore.com\/fr\/#\/schema\/logo\/image\/\"},\"sameAs\":[\"https:\/\/www.facebook.com\/tourtravelandmore\/\",\"https:\/\/x.com\/TourTravel_More\"]}]}<\/script>\n<!-- \/ Yoast SEO Premium plugin. -->","yoast_head_json":{"title":"Visite priv\u00e9e de Palm Springs avec chauffeur \/ guide agr\u00e9\u00e9 de Los Angeles","description":"Profitez de notre visite priv\u00e9e aux sources de palmiers de Los Angeles. D\u00e9couvrez et explorez le merveilleux d\u00e9sert de Californie avec un expert local lors d'une excursion priv\u00e9e d'une journ\u00e9e.","robots":{"index":"index","follow":"follow","max-snippet":"max-snippet:-1","max-image-preview":"max-image-preview:large","max-video-preview":"max-video-preview:-1"},"canonical":"https:\/\/tourtravelandmore.com\/fr\/tours\/etats-unis-fr\/los-angeles-fr\/visite-privee-dune-journee-a-palm-springs-au-depart-de-los-angeles\/","og_locale":"fr_FR","og_type":"article","og_title":"Visite priv\u00e9e d'une journ\u00e9e \u00e0 Palm Springs au d\u00e9part de Los Angeles","og_description":"Profitez de notre visite priv\u00e9e aux sources de palmiers de Los Angeles. D\u00e9couvrez et explorez le merveilleux d\u00e9sert de Californie avec un expert local lors d'une excursion priv\u00e9e d'une journ\u00e9e.","og_url":"https:\/\/tourtravelandmore.com\/fr\/tours\/etats-unis-fr\/los-angeles-fr\/visite-privee-dune-journee-a-palm-springs-au-depart-de-los-angeles\/","og_site_name":"Tour Travel And More","article_publisher":"https:\/\/www.facebook.com\/tourtravelandmore\/","article_modified_time":"2023-09-18T19:44:55+00:00","og_image":[{"width":910,"height":607,"url":"https:\/\/tourtravelandmore.com\/wp-content\/uploads\/2020\/09\/desert-highway-palm-spring-min.jpg","type":"image\/jpeg"}],"twitter_card":"summary_large_image","twitter_site":"@TourTravel_More","twitter_misc":{"Dur\u00e9e de lecture estim\u00e9e":"2 minutes"},"schema":{"@context":"https:\/\/schema.org","@graph":[{"@type":"WebPage","@id":"https:\/\/tourtravelandmore.com\/fr\/tours\/etats-unis-fr\/los-angeles-fr\/visite-privee-dune-journee-a-palm-springs-au-depart-de-los-angeles\/","url":"https:\/\/tourtravelandmore.com\/fr\/tours\/etats-unis-fr\/los-angeles-fr\/visite-privee-dune-journee-a-palm-springs-au-depart-de-los-angeles\/","name":"Visite priv\u00e9e de Palm Springs avec chauffeur \/ guide agr\u00e9\u00e9 de Los Angeles","isPartOf":{"@id":"https:\/\/tourtravelandmore.com\/fr\/#website"},"primaryImageOfPage":{"@id":"https:\/\/tourtravelandmore.com\/fr\/tours\/etats-unis-fr\/los-angeles-fr\/visite-privee-dune-journee-a-palm-springs-au-depart-de-los-angeles\/#primaryimage"},"image":{"@id":"https:\/\/tourtravelandmore.com\/fr\/tours\/etats-unis-fr\/los-angeles-fr\/visite-privee-dune-journee-a-palm-springs-au-depart-de-los-angeles\/#primaryimage"},"thumbnailUrl":"https:\/\/tourtravelandmore.com\/wp-content\/uploads\/2020\/09\/desert-highway-palm-spring-min.jpg","datePublished":"2020-09-10T14:59:19+00:00","dateModified":"2023-09-18T19:44:55+00:00","description":"Profitez de notre visite priv\u00e9e aux sources de palmiers de Los Angeles. D\u00e9couvrez et explorez le merveilleux d\u00e9sert de Californie avec un expert local lors d'une excursion priv\u00e9e d'une journ\u00e9e.","breadcrumb":{"@id":"https:\/\/tourtravelandmore.com\/fr\/tours\/etats-unis-fr\/los-angeles-fr\/visite-privee-dune-journee-a-palm-springs-au-depart-de-los-angeles\/#breadcrumb"},"inLanguage":"fr-FR","potentialAction":[{"@type":"ReadAction","target":["https:\/\/tourtravelandmore.com\/fr\/tours\/etats-unis-fr\/los-angeles-fr\/visite-privee-dune-journee-a-palm-springs-au-depart-de-los-angeles\/"]}]},{"@type":"ImageObject","inLanguage":"fr-FR","@id":"https:\/\/tourtravelandmore.com\/fr\/tours\/etats-unis-fr\/los-angeles-fr\/visite-privee-dune-journee-a-palm-springs-au-depart-de-los-angeles\/#primaryimage","url":"https:\/\/tourtravelandmore.com\/wp-content\/uploads\/2020\/09\/desert-highway-palm-spring-min.jpg","contentUrl":"https:\/\/tourtravelandmore.com\/wp-content\/uploads\/2020\/09\/desert-highway-palm-spring-min.jpg","width":910,"height":607},{"@type":"BreadcrumbList","@id":"https:\/\/tourtravelandmore.com\/fr\/tours\/etats-unis-fr\/los-angeles-fr\/visite-privee-dune-journee-a-palm-springs-au-depart-de-los-angeles\/#breadcrumb","itemListElement":[{"@type":"ListItem","position":1,"name":"Home","item":"https:\/\/tourtravelandmore.com\/fr\/"},{"@type":"ListItem","position":2,"name":"Tours","item":"https:\/\/tourtravelandmore.com\/fr\/tours\/"},{"@type":"ListItem","position":3,"name":"Visite priv\u00e9e d&rsquo;une journ\u00e9e \u00e0 Palm Springs au d\u00e9part de Los Angeles"}]},{"@type":"WebSite","@id":"https:\/\/tourtravelandmore.com\/fr\/#website","url":"https:\/\/tourtravelandmore.com\/fr\/","name":"Tour Travel And More","description":"Private sightseeing tours and luxury transfers in Spain","publisher":{"@id":"https:\/\/tourtravelandmore.com\/fr\/#organization"},"potentialAction":[{"@type":"SearchAction","target":{"@type":"EntryPoint","urlTemplate":"https:\/\/tourtravelandmore.com\/fr\/?s={search_term_string}"},"query-input":{"@type":"PropertyValueSpecification","valueRequired":true,"valueName":"search_term_string"}}],"inLanguage":"fr-FR"},{"@type":"Organization","@id":"https:\/\/tourtravelandmore.com\/fr\/#organization","name":"Tour Travel And More","url":"https:\/\/tourtravelandmore.com\/fr\/","logo":{"@type":"ImageObject","inLanguage":"fr-FR","@id":"https:\/\/tourtravelandmore.com\/fr\/#\/schema\/logo\/image\/","url":"https:\/\/tourtravelandmore.com\/wp-content\/uploads\/2022\/12\/cropped-logo-cabecera-new.png","contentUrl":"https:\/\/tourtravelandmore.com\/wp-content\/uploads\/2022\/12\/cropped-logo-cabecera-new.png","width":430,"height":61,"caption":"Tour Travel And More"},"image":{"@id":"https:\/\/tourtravelandmore.com\/fr\/#\/schema\/logo\/image\/"},"sameAs":["https:\/\/www.facebook.com\/tourtravelandmore\/","https:\/\/x.com\/TourTravel_More"]}]}},"_links":{"self":[{"href":"https:\/\/tourtravelandmore.com\/fr\/wp-json\/wp\/v2\/product\/104268","targetHints":{"allow":["GET"]}}],"collection":[{"href":"https:\/\/tourtravelandmore.com\/fr\/wp-json\/wp\/v2\/product"}],"about":[{"href":"https:\/\/tourtravelandmore.com\/fr\/wp-json\/wp\/v2\/types\/product"}],"replies":[{"embeddable":true,"href":"https:\/\/tourtravelandmore.com\/fr\/wp-json\/wp\/v2\/comments?post=104268"}],"wp:featuredmedia":[{"embeddable":true,"href":"https:\/\/tourtravelandmore.com\/fr\/wp-json\/wp\/v2\/media\/98223"}],"wp:attachment":[{"href":"https:\/\/tourtravelandmore.com\/fr\/wp-json\/wp\/v2\/media?parent=104268"}],"wp:term":[{"taxonomy":"product_brand","embeddable":true,"href":"https:\/\/tourtravelandmore.com\/fr\/wp-json\/wp\/v2\/product_brand?post=104268"},{"taxonomy":"product_cat","embeddable":true,"href":"https:\/\/tourtravelandmore.com\/fr\/wp-json\/wp\/v2\/product_cat?post=104268"},{"taxonomy":"product_tag","embeddable":true,"href":"https:\/\/tourtravelandmore.com\/fr\/wp-json\/wp\/v2\/product_tag?post=104268"}],"curies":[{"name":"wp","href":"https:\/\/api.w.org\/{rel}","templated":true}]}}