{"id":104263,"date":"2020-09-07T12:55:10","date_gmt":"2020-09-07T10:55:10","guid":{"rendered":"https:\/\/tourtravelandmore.com\/tours\/non%20class\u00e9\/visite-privee-des-celebrites-a-hollywood\/"},"modified":"2021-03-18T13:21:34","modified_gmt":"2021-03-18T12:21:34","slug":"visite-privee-des-celebrites-a-hollywood","status":"publish","type":"product","link":"https:\/\/tourtravelandmore.com\/fr\/tours\/etats-unis-fr\/los-angeles-fr\/visite-privee-des-celebrites-a-hollywood\/","title":{"rendered":"Visite priv\u00e9e des c\u00e9l\u00e9brit\u00e9s \u00e0 Hollywood"},"content":{"rendered":"<h2>Description:<\/h2>\n<p>Le nom Hollywood parle de lui-m\u00eame. Hollywood est un quartier de Los Angeles en plus d&#8217;\u00eatre le c\u0153ur de l&#8217;industrie cin\u00e9matographique! Laissez-nous vous emmener dans cette visite priv\u00e9e pour d\u00e9couvrir l&#8217;histoire d&#8217;Hollywood, prendre des photos impressionnantes ainsi qu&#8217;une visite des c\u00e9l\u00e9brit\u00e9s. Toute l&#8217;industrie du cin\u00e9ma tourne autour d&#8217;Hollywood et de tout ce qu&#8217;elle repr\u00e9sente. Donnez-nous l&#8217;opportunit\u00e9 de vous aider \u00e0 explorer le meilleur de cette tourn\u00e9e de c\u00e9l\u00e9brit\u00e9s \u00e0 Hollywood lors de cette visite priv\u00e9e.<\/p>\n<p>Il s&#8217;agit d&#8217;une visite enti\u00e8rement priv\u00e9e de la prise en charge au retour. Vous aurez un v\u00e9hicule priv\u00e9 uniquement pour vous ainsi que votre guide.<\/p>\n<p>Contactez l&#8217;un de nos experts en voyages chez Tour Travel &amp; More pour organiser une visite priv\u00e9e parfaite des c\u00e9l\u00e9brit\u00e9s \u00e0 Hollywood.<\/p>\n<p>Que vous ne soyez \u00e0 Los Angeles que pour une journ\u00e9e, quelques heures en escale ou que vous passiez plus longtemps, c&#8217;est une exp\u00e9rience priv\u00e9e tr\u00e8s amusante et unique.<\/p>\n<p>En conclusion, cette visite priv\u00e9e de c\u00e9l\u00e9brit\u00e9s \u00e0 Hollywood est le moyen id\u00e9al pour avoir une vue sur Beverly Hills, Mullholland Drive, Hollywood Hills et bien plus encore!<\/p>\n<h2>Sites d&#8217;int\u00e9r\u00eat et points de rep\u00e8re<\/h2>\n<p>Comme toutes les visites priv\u00e9es, cette visite priv\u00e9e commencera \u00e0 votre h\u00f4tel ou lieu de votre choix \u00e0 Los Angeles. Une fois que nous viendrons vous chercher, nous commencerons confortablement cette visite priv\u00e9e. Profitez d&#8217;un avant-go\u00fbt d&#8217;Hollywood et bien s\u00fbr du style de vie des c\u00e9l\u00e9brit\u00e9s et admirez les maisons des c\u00e9l\u00e9brit\u00e9s.<\/p>\n<p>L&#8217;ordre exact de la visite priv\u00e9e d\u00e9pendra de votre prise en charge. Voici un exemple de ce que vous appr\u00e9cierez lors de votre visite priv\u00e9e de c\u00e9l\u00e9brit\u00e9s \u00e0 Hollywood.<\/p>\n<p>Sites priv\u00e9s pour profiter:<\/p>\n<ul>\n<li>Panneau Hollywood: organisez un arr\u00eat photo parfait sur l&#8217;un des sites les plus populaires d&#8217;Hollywood. C&#8217;est un endroit tout \u00e0 fait c\u00e9l\u00e8bre avec une vue magnifique sur Los Angeles.<\/li>\n<li>Hollywood Boulevard et Walk of Fame: profitez de superbes lieux de tournage avec autant de lieux de c\u00e9l\u00e9brit\u00e9s c\u00e9l\u00e8bres.<\/li>\n<li>Nous nous arr\u00eaterons \u00e9galement au Walk of Fame et aux c\u00e9l\u00e8bres stars sur le trottoir! C&#8217;est un arr\u00eat photo unique!<\/li>\n<li>Beverly Hills: la patrie du c\u00e9l\u00e8bre! Quartier r\u00e9sidentiel de luxe. C&#8217;est vraiment un lieu d&#8217;arr\u00eat photo.<\/li>\n<li>Mullholland Drive<\/li>\n<li>Lieux de cin\u00e9ma et de t\u00e9l\u00e9vision<\/li>\n<li>Rodeo Drive: quartier commer\u00e7ant de luxe! Les boutiques les plus c\u00e9l\u00e8bres de cet endroit unique<\/li>\n<li>Sunset Strip: profitez de sites de f\u00eate c\u00e9l\u00e8bres, de lieux de com\u00e9diens et de lieux de musique! La f\u00eate est l\u00e0!<\/li>\n<li>Vue des maisons de c\u00e9l\u00e9brit\u00e9s: par exemple, admirez les maisons de: Elvis Presley; Madone; Dr Phil; Bruno Mars; Justin Timberlake; Mick Jagger; Tom Cruise &#8230;<\/li>\n<\/ul>\n<p>Votre chauffeur priv\u00e9 et votre guide seront \u00e0 votre disposition pendant toute la dur\u00e9e de la visite de 4 heures. Apprenez \u00e0 conna\u00eetre le meilleur du quartier hollywoodien de Los Angeles et admirez les maisons des c\u00e9l\u00e9brit\u00e9s. C&#8217;est la meilleure tourn\u00e9e priv\u00e9e de c\u00e9l\u00e9brit\u00e9s d&#8217;Hollywood.<\/p>\n<p>Nous proposons tout type de visite priv\u00e9e \u00e0 Los Angeles. Contactez-nous ici!<\/p>\n<p>&nbsp;<\/p>\n","protected":false},"excerpt":{"rendered":"<p>Profitez de cette visite priv\u00e9e des c\u00e9l\u00e9brit\u00e9s \u00e0 Hollywood. Apprenez \u00e0 conna\u00eetre toutes les c\u00e9l\u00e9brit\u00e9s uniques et les lieux c\u00e9l\u00e8bres d&#8217;Hollywood! Prise en charge depuis n&#8217;importe quel endroit \u00e0 Los Angeles.<\/p>\n","protected":false},"featured_media":83151,"comment_status":"open","ping_status":"closed","template":"","meta":{"_acf_changed":false},"product_brand":[],"product_cat":[3547,3768],"product_tag":[],"class_list":{"0":"post-104263","1":"product","2":"type-product","3":"status-publish","4":"has-post-thumbnail","6":"product_cat-etats-unis-fr","7":"product_cat-los-angeles-fr","9":"first","10":"instock","11":"shipping-taxable","12":"purchasable","13":"product-type-simple"},"acf":[],"yoast_head":"<!-- This site is optimized with the Yoast SEO Premium plugin v25.3.1 (Yoast SEO v25.3.1) - https:\/\/yoast.com\/wordpress\/plugins\/seo\/ -->\n<title>Visite priv\u00e9e des c\u00e9l\u00e9brit\u00e9s \u00e0 Hollywood - v\u00e9hicule priv\u00e9 et guide touristique<\/title>\n<meta name=\"description\" content=\"Profitez de cette visite priv\u00e9e des c\u00e9l\u00e9brit\u00e9s \u00e0 Hollywood. Apprenez \u00e0 conna\u00eetre les sites importants de cette ville unique en Californie. Ayez notre guide priv\u00e9 \u00e0 votre disposition.\" \/>\n<meta name=\"robots\" content=\"index, follow, max-snippet:-1, max-image-preview:large, max-video-preview:-1\" \/>\n<link rel=\"canonical\" href=\"https:\/\/tourtravelandmore.com\/fr\/tours\/etats-unis-fr\/los-angeles-fr\/visite-privee-des-celebrites-a-hollywood\/\" \/>\n<meta property=\"og:locale\" content=\"fr_FR\" \/>\n<meta property=\"og:type\" content=\"article\" \/>\n<meta property=\"og:title\" content=\"Visite priv\u00e9e des c\u00e9l\u00e9brit\u00e9s \u00e0 Hollywood\" \/>\n<meta property=\"og:description\" content=\"Profitez de cette visite priv\u00e9e des c\u00e9l\u00e9brit\u00e9s \u00e0 Hollywood. Apprenez \u00e0 conna\u00eetre les sites importants de cette ville unique en Californie. Ayez notre guide priv\u00e9 \u00e0 votre disposition.\" \/>\n<meta property=\"og:url\" content=\"https:\/\/tourtravelandmore.com\/fr\/tours\/etats-unis-fr\/los-angeles-fr\/visite-privee-des-celebrites-a-hollywood\/\" \/>\n<meta property=\"og:site_name\" content=\"Tour Travel And More\" \/>\n<meta property=\"article:publisher\" content=\"https:\/\/www.facebook.com\/tourtravelandmore\/\" \/>\n<meta property=\"article:modified_time\" content=\"2021-03-18T12:21:34+00:00\" \/>\n<meta property=\"og:image\" content=\"https:\/\/tourtravelandmore.com\/wp-content\/uploads\/2020\/09\/Los-Angeles-4-scaled.jpg\" \/>\n\t<meta property=\"og:image:width\" content=\"1920\" \/>\n\t<meta property=\"og:image:height\" content=\"2560\" \/>\n\t<meta property=\"og:image:type\" content=\"image\/jpeg\" \/>\n<meta name=\"twitter:card\" content=\"summary_large_image\" \/>\n<meta name=\"twitter:site\" content=\"@TourTravel_More\" \/>\n<meta name=\"twitter:label1\" content=\"Dur\u00e9e de lecture estim\u00e9e\" \/>\n\t<meta name=\"twitter:data1\" content=\"3 minutes\" \/>\n<script type=\"application\/ld+json\" class=\"yoast-schema-graph\">{\"@context\":\"https:\/\/schema.org\",\"@graph\":[{\"@type\":\"WebPage\",\"@id\":\"https:\/\/tourtravelandmore.com\/fr\/tours\/etats-unis-fr\/los-angeles-fr\/visite-privee-des-celebrites-a-hollywood\/\",\"url\":\"https:\/\/tourtravelandmore.com\/fr\/tours\/etats-unis-fr\/los-angeles-fr\/visite-privee-des-celebrites-a-hollywood\/\",\"name\":\"Visite priv\u00e9e des c\u00e9l\u00e9brit\u00e9s \u00e0 Hollywood - v\u00e9hicule priv\u00e9 et guide touristique\",\"isPartOf\":{\"@id\":\"https:\/\/tourtravelandmore.com\/fr\/#website\"},\"primaryImageOfPage\":{\"@id\":\"https:\/\/tourtravelandmore.com\/fr\/tours\/etats-unis-fr\/los-angeles-fr\/visite-privee-des-celebrites-a-hollywood\/#primaryimage\"},\"image\":{\"@id\":\"https:\/\/tourtravelandmore.com\/fr\/tours\/etats-unis-fr\/los-angeles-fr\/visite-privee-des-celebrites-a-hollywood\/#primaryimage\"},\"thumbnailUrl\":\"https:\/\/tourtravelandmore.com\/wp-content\/uploads\/2020\/09\/Los-Angeles-4-scaled.jpg\",\"datePublished\":\"2020-09-07T10:55:10+00:00\",\"dateModified\":\"2021-03-18T12:21:34+00:00\",\"description\":\"Profitez de cette visite priv\u00e9e des c\u00e9l\u00e9brit\u00e9s \u00e0 Hollywood. Apprenez \u00e0 conna\u00eetre les sites importants de cette ville unique en Californie. Ayez notre guide priv\u00e9 \u00e0 votre disposition.\",\"breadcrumb\":{\"@id\":\"https:\/\/tourtravelandmore.com\/fr\/tours\/etats-unis-fr\/los-angeles-fr\/visite-privee-des-celebrites-a-hollywood\/#breadcrumb\"},\"inLanguage\":\"fr-FR\",\"potentialAction\":[{\"@type\":\"ReadAction\",\"target\":[\"https:\/\/tourtravelandmore.com\/fr\/tours\/etats-unis-fr\/los-angeles-fr\/visite-privee-des-celebrites-a-hollywood\/\"]}]},{\"@type\":\"ImageObject\",\"inLanguage\":\"fr-FR\",\"@id\":\"https:\/\/tourtravelandmore.com\/fr\/tours\/etats-unis-fr\/los-angeles-fr\/visite-privee-des-celebrites-a-hollywood\/#primaryimage\",\"url\":\"https:\/\/tourtravelandmore.com\/wp-content\/uploads\/2020\/09\/Los-Angeles-4-scaled.jpg\",\"contentUrl\":\"https:\/\/tourtravelandmore.com\/wp-content\/uploads\/2020\/09\/Los-Angeles-4-scaled.jpg\",\"width\":1920,\"height\":2560},{\"@type\":\"BreadcrumbList\",\"@id\":\"https:\/\/tourtravelandmore.com\/fr\/tours\/etats-unis-fr\/los-angeles-fr\/visite-privee-des-celebrites-a-hollywood\/#breadcrumb\",\"itemListElement\":[{\"@type\":\"ListItem\",\"position\":1,\"name\":\"Home\",\"item\":\"https:\/\/tourtravelandmore.com\/fr\/\"},{\"@type\":\"ListItem\",\"position\":2,\"name\":\"Tours\",\"item\":\"https:\/\/tourtravelandmore.com\/fr\/tours\/\"},{\"@type\":\"ListItem\",\"position\":3,\"name\":\"Visite priv\u00e9e des c\u00e9l\u00e9brit\u00e9s \u00e0 Hollywood\"}]},{\"@type\":\"WebSite\",\"@id\":\"https:\/\/tourtravelandmore.com\/fr\/#website\",\"url\":\"https:\/\/tourtravelandmore.com\/fr\/\",\"name\":\"Tour Travel And More\",\"description\":\"Private sightseeing tours and luxury transfers in Spain\",\"publisher\":{\"@id\":\"https:\/\/tourtravelandmore.com\/fr\/#organization\"},\"potentialAction\":[{\"@type\":\"SearchAction\",\"target\":{\"@type\":\"EntryPoint\",\"urlTemplate\":\"https:\/\/tourtravelandmore.com\/fr\/?s={search_term_string}\"},\"query-input\":{\"@type\":\"PropertyValueSpecification\",\"valueRequired\":true,\"valueName\":\"search_term_string\"}}],\"inLanguage\":\"fr-FR\"},{\"@type\":\"Organization\",\"@id\":\"https:\/\/tourtravelandmore.com\/fr\/#organization\",\"name\":\"Tour Travel And More\",\"url\":\"https:\/\/tourtravelandmore.com\/fr\/\",\"logo\":{\"@type\":\"ImageObject\",\"inLanguage\":\"fr-FR\",\"@id\":\"https:\/\/tourtravelandmore.com\/fr\/#\/schema\/logo\/image\/\",\"url\":\"https:\/\/tourtravelandmore.com\/wp-content\/uploads\/2022\/12\/cropped-logo-cabecera-new.png\",\"contentUrl\":\"https:\/\/tourtravelandmore.com\/wp-content\/uploads\/2022\/12\/cropped-logo-cabecera-new.png\",\"width\":430,\"height\":61,\"caption\":\"Tour Travel And More\"},\"image\":{\"@id\":\"https:\/\/tourtravelandmore.com\/fr\/#\/schema\/logo\/image\/\"},\"sameAs\":[\"https:\/\/www.facebook.com\/tourtravelandmore\/\",\"https:\/\/x.com\/TourTravel_More\"]}]}<\/script>\n<!-- \/ Yoast SEO Premium plugin. -->","yoast_head_json":{"title":"Visite priv\u00e9e des c\u00e9l\u00e9brit\u00e9s \u00e0 Hollywood - v\u00e9hicule priv\u00e9 et guide touristique","description":"Profitez de cette visite priv\u00e9e des c\u00e9l\u00e9brit\u00e9s \u00e0 Hollywood. Apprenez \u00e0 conna\u00eetre les sites importants de cette ville unique en Californie. Ayez notre guide priv\u00e9 \u00e0 votre disposition.","robots":{"index":"index","follow":"follow","max-snippet":"max-snippet:-1","max-image-preview":"max-image-preview:large","max-video-preview":"max-video-preview:-1"},"canonical":"https:\/\/tourtravelandmore.com\/fr\/tours\/etats-unis-fr\/los-angeles-fr\/visite-privee-des-celebrites-a-hollywood\/","og_locale":"fr_FR","og_type":"article","og_title":"Visite priv\u00e9e des c\u00e9l\u00e9brit\u00e9s \u00e0 Hollywood","og_description":"Profitez de cette visite priv\u00e9e des c\u00e9l\u00e9brit\u00e9s \u00e0 Hollywood. Apprenez \u00e0 conna\u00eetre les sites importants de cette ville unique en Californie. Ayez notre guide priv\u00e9 \u00e0 votre disposition.","og_url":"https:\/\/tourtravelandmore.com\/fr\/tours\/etats-unis-fr\/los-angeles-fr\/visite-privee-des-celebrites-a-hollywood\/","og_site_name":"Tour Travel And More","article_publisher":"https:\/\/www.facebook.com\/tourtravelandmore\/","article_modified_time":"2021-03-18T12:21:34+00:00","og_image":[{"width":1920,"height":2560,"url":"https:\/\/tourtravelandmore.com\/wp-content\/uploads\/2020\/09\/Los-Angeles-4-scaled.jpg","type":"image\/jpeg"}],"twitter_card":"summary_large_image","twitter_site":"@TourTravel_More","twitter_misc":{"Dur\u00e9e de lecture estim\u00e9e":"3 minutes"},"schema":{"@context":"https:\/\/schema.org","@graph":[{"@type":"WebPage","@id":"https:\/\/tourtravelandmore.com\/fr\/tours\/etats-unis-fr\/los-angeles-fr\/visite-privee-des-celebrites-a-hollywood\/","url":"https:\/\/tourtravelandmore.com\/fr\/tours\/etats-unis-fr\/los-angeles-fr\/visite-privee-des-celebrites-a-hollywood\/","name":"Visite priv\u00e9e des c\u00e9l\u00e9brit\u00e9s \u00e0 Hollywood - v\u00e9hicule priv\u00e9 et guide touristique","isPartOf":{"@id":"https:\/\/tourtravelandmore.com\/fr\/#website"},"primaryImageOfPage":{"@id":"https:\/\/tourtravelandmore.com\/fr\/tours\/etats-unis-fr\/los-angeles-fr\/visite-privee-des-celebrites-a-hollywood\/#primaryimage"},"image":{"@id":"https:\/\/tourtravelandmore.com\/fr\/tours\/etats-unis-fr\/los-angeles-fr\/visite-privee-des-celebrites-a-hollywood\/#primaryimage"},"thumbnailUrl":"https:\/\/tourtravelandmore.com\/wp-content\/uploads\/2020\/09\/Los-Angeles-4-scaled.jpg","datePublished":"2020-09-07T10:55:10+00:00","dateModified":"2021-03-18T12:21:34+00:00","description":"Profitez de cette visite priv\u00e9e des c\u00e9l\u00e9brit\u00e9s \u00e0 Hollywood. Apprenez \u00e0 conna\u00eetre les sites importants de cette ville unique en Californie. Ayez notre guide priv\u00e9 \u00e0 votre disposition.","breadcrumb":{"@id":"https:\/\/tourtravelandmore.com\/fr\/tours\/etats-unis-fr\/los-angeles-fr\/visite-privee-des-celebrites-a-hollywood\/#breadcrumb"},"inLanguage":"fr-FR","potentialAction":[{"@type":"ReadAction","target":["https:\/\/tourtravelandmore.com\/fr\/tours\/etats-unis-fr\/los-angeles-fr\/visite-privee-des-celebrites-a-hollywood\/"]}]},{"@type":"ImageObject","inLanguage":"fr-FR","@id":"https:\/\/tourtravelandmore.com\/fr\/tours\/etats-unis-fr\/los-angeles-fr\/visite-privee-des-celebrites-a-hollywood\/#primaryimage","url":"https:\/\/tourtravelandmore.com\/wp-content\/uploads\/2020\/09\/Los-Angeles-4-scaled.jpg","contentUrl":"https:\/\/tourtravelandmore.com\/wp-content\/uploads\/2020\/09\/Los-Angeles-4-scaled.jpg","width":1920,"height":2560},{"@type":"BreadcrumbList","@id":"https:\/\/tourtravelandmore.com\/fr\/tours\/etats-unis-fr\/los-angeles-fr\/visite-privee-des-celebrites-a-hollywood\/#breadcrumb","itemListElement":[{"@type":"ListItem","position":1,"name":"Home","item":"https:\/\/tourtravelandmore.com\/fr\/"},{"@type":"ListItem","position":2,"name":"Tours","item":"https:\/\/tourtravelandmore.com\/fr\/tours\/"},{"@type":"ListItem","position":3,"name":"Visite priv\u00e9e des c\u00e9l\u00e9brit\u00e9s \u00e0 Hollywood"}]},{"@type":"WebSite","@id":"https:\/\/tourtravelandmore.com\/fr\/#website","url":"https:\/\/tourtravelandmore.com\/fr\/","name":"Tour Travel And More","description":"Private sightseeing tours and luxury transfers in Spain","publisher":{"@id":"https:\/\/tourtravelandmore.com\/fr\/#organization"},"potentialAction":[{"@type":"SearchAction","target":{"@type":"EntryPoint","urlTemplate":"https:\/\/tourtravelandmore.com\/fr\/?s={search_term_string}"},"query-input":{"@type":"PropertyValueSpecification","valueRequired":true,"valueName":"search_term_string"}}],"inLanguage":"fr-FR"},{"@type":"Organization","@id":"https:\/\/tourtravelandmore.com\/fr\/#organization","name":"Tour Travel And More","url":"https:\/\/tourtravelandmore.com\/fr\/","logo":{"@type":"ImageObject","inLanguage":"fr-FR","@id":"https:\/\/tourtravelandmore.com\/fr\/#\/schema\/logo\/image\/","url":"https:\/\/tourtravelandmore.com\/wp-content\/uploads\/2022\/12\/cropped-logo-cabecera-new.png","contentUrl":"https:\/\/tourtravelandmore.com\/wp-content\/uploads\/2022\/12\/cropped-logo-cabecera-new.png","width":430,"height":61,"caption":"Tour Travel And More"},"image":{"@id":"https:\/\/tourtravelandmore.com\/fr\/#\/schema\/logo\/image\/"},"sameAs":["https:\/\/www.facebook.com\/tourtravelandmore\/","https:\/\/x.com\/TourTravel_More"]}]}},"_links":{"self":[{"href":"https:\/\/tourtravelandmore.com\/fr\/wp-json\/wp\/v2\/product\/104263","targetHints":{"allow":["GET"]}}],"collection":[{"href":"https:\/\/tourtravelandmore.com\/fr\/wp-json\/wp\/v2\/product"}],"about":[{"href":"https:\/\/tourtravelandmore.com\/fr\/wp-json\/wp\/v2\/types\/product"}],"replies":[{"embeddable":true,"href":"https:\/\/tourtravelandmore.com\/fr\/wp-json\/wp\/v2\/comments?post=104263"}],"wp:featuredmedia":[{"embeddable":true,"href":"https:\/\/tourtravelandmore.com\/fr\/wp-json\/wp\/v2\/media\/83151"}],"wp:attachment":[{"href":"https:\/\/tourtravelandmore.com\/fr\/wp-json\/wp\/v2\/media?parent=104263"}],"wp:term":[{"taxonomy":"product_brand","embeddable":true,"href":"https:\/\/tourtravelandmore.com\/fr\/wp-json\/wp\/v2\/product_brand?post=104263"},{"taxonomy":"product_cat","embeddable":true,"href":"https:\/\/tourtravelandmore.com\/fr\/wp-json\/wp\/v2\/product_cat?post=104263"},{"taxonomy":"product_tag","embeddable":true,"href":"https:\/\/tourtravelandmore.com\/fr\/wp-json\/wp\/v2\/product_tag?post=104263"}],"curies":[{"name":"wp","href":"https:\/\/api.w.org\/{rel}","templated":true}]}}