{"id":104258,"date":"2020-09-07T12:48:26","date_gmt":"2020-09-07T10:48:26","guid":{"rendered":"https:\/\/tourtravelandmore.com\/tours\/non%20class\u00e9\/visite-privee-dhollywood-beverly-hills-santa-monica-et-venise\/"},"modified":"2021-03-18T13:20:07","modified_gmt":"2021-03-18T12:20:07","slug":"visite-privee-dhollywood-beverly-hills-santa-monica-et-venise","status":"publish","type":"product","link":"https:\/\/tourtravelandmore.com\/fr\/tours\/etats-unis-fr\/los-angeles-fr\/visite-privee-dhollywood-beverly-hills-santa-monica-et-venise\/","title":{"rendered":"Visite priv\u00e9e d&#8217;Hollywood, Beverly Hills, Santa Monica et Venise"},"content":{"rendered":"<h2>Description:<\/h2>\n<p>Los Angeles a tellement \u00e0 offrir qu&#8217;il est difficile de d\u00e9cider par o\u00f9 commencer. Cette visite priv\u00e9e d&#8217;une journ\u00e9e compl\u00e8te \u00e0 Hollywood tente de couvrir tous les arr\u00eats incontournables de cette ville unique. Il n&#8217;est pas possible de tout voir en une journ\u00e9e, mais avec cette visite priv\u00e9e d&#8217;Hollywood, vous pouvez essayer!<\/p>\n<p>Si vous n&#8217;avez qu&#8217;une journ\u00e9e dans la ville, cette visite priv\u00e9e est un excellent choix!<\/p>\n<p>Il s&#8217;agit d&#8217;une visite hollywoodienne enti\u00e8rement priv\u00e9e et maintenant plus que jamais, une visite priv\u00e9e est le meilleur choix. Faites-nous confiance \u00e0 Tour Travel &amp; More pour cr\u00e9er une exp\u00e9rience unique pour vous et votre groupe \/ famille. Nos experts en voyages cr\u00e9eront une visite personnalis\u00e9e pour votre exp\u00e9rience d&#8217;une journ\u00e9e compl\u00e8te de Los Angeles.<\/p>\n<p>Il y a tellement de choses \u00e0 voir et \u00e0 faire dans cette ville unique de la c\u00f4te ouest des \u00c9tats-Unis. Au cours de cette visite priv\u00e9e d&#8217;une journ\u00e9e, profitez d&#8217;une visite \u00e0 Venise, Santa Monica ainsi que d&#8217;un arr\u00eat \u00e0 Beverly Hills. Bien s\u00fbr, nous ne pouvons pas laisser de c\u00f4t\u00e9 un arr\u00eat \u00e0 l&#8217;unique Hollywood, un incontournable \u00e0 Los Angeles!<\/p>\n<p>En conclusion, vous pourrez profiter du meilleur de Los Angeles et de cette ville hollywoodienne!<\/p>\n<h2>Sites d&#8217;int\u00e9r\u00eat et points de rep\u00e8re<\/h2>\n<p>Cette visite priv\u00e9e d\u00e9butera par une prise en charge \u00e0 votre h\u00f4tel ou lieu de votre choix dans la ville de Los Angeles. Si vous arrivez \u00e0 l&#8217;a\u00e9roport LAX, nous pouvons \u00e9galement organiser une prise en charge \u00e0 partir de l\u00e0. Si vous arrivez en croisi\u00e8re, nous pouvons bien s\u00fbr venir vous chercher \u00e9galement au port de croisi\u00e8re de San Pedro!<\/p>\n<p>Tout d&#8217;abord, la prise en charge sera organis\u00e9e avec notre v\u00e9hicule priv\u00e9 et notre guide s\u00e9par\u00e9. Nous commencerons ensuite votre visite priv\u00e9e d&#8217;une journ\u00e9e. Ici vous pouvez trouver une liste des attractions et des sites que vous appr\u00e9cierez pendant votre exp\u00e9rience.<\/p>\n<p>Selon l&#8217;endroit o\u00f9 nous viendrons vous chercher, l&#8217;ordre de ces sites variera!<\/p>\n<p>Sites dont vous pouvez profiter<\/p>\n<ul>\n<li>Panneau Hollywood: ic\u00f4ne photo de la ville! Selon l&#8217;endroit o\u00f9 la visite commencera, nous pouvons organiser un arr\u00eat au stand ici!<\/li>\n<li>Venise: Venise et ses canaux\u2026 Arr\u00eatez-vous pour profiter de cet emplacement en bord de mer, du panneau de Venise, de vues magnifiques, de sa promenade et bien plus encore!<\/li>\n<li>Hollywood Walk of Fame: qui n&#8217;a pas vu les c\u00e9l\u00e8bres d\u00e9parts sur les trottoirs de Los Angeles dans les films? Eh bien, c&#8217;est votre chance de les voir de pr\u00e8s! Il y a plus de 2600 \u00e9toiles!<\/li>\n<li>Rodeo Drive: dirigeons-nous vers Beverly Hills et le luxe de Los Angeles<\/li>\n<li>Beverly Hills: voyons qui nous rep\u00e9rons aujourd&#8217;hui! C\u00e9l\u00e9brit\u00e9s et luxe tout autour!<\/li>\n<li>Santa Monica: cet emplacement en bord de mer est un must lors de cette excursion d&#8217;une journ\u00e9e! Elle est connue comme une station baln\u00e9aire et nous passerons du temps sur Ocean Avenue! Deuxi\u00e8mement, vous appr\u00e9cierez la jet\u00e9e de<\/li>\n<li>Santa Monica et bien s\u00fbr, nous ne pouvons pas manquer le Pacific Park. Il y aura \u00e9galement un peu de temps pour voir la promenade de la troisi\u00e8me rue.<\/li>\n<\/ul>\n<p>La dur\u00e9e exacte et le temps pass\u00e9 dans chaque endroit varieront en fonction de vos propres d\u00e9sirs. Ceci est une visite priv\u00e9e et nous sommes l\u00e0 pour aller \u00e0 votre rythme!<\/p>\n<p>C&#8217;est une exp\u00e9rience compl\u00e8tement priv\u00e9e et une visite priv\u00e9e rien que pour vous. Par cons\u00e9quent, nous pouvons personnaliser la visite en fonction de vos propres besoins. Contactez-nous, nous sommes \u00e0 port\u00e9e de clic!<\/p>\n","protected":false},"excerpt":{"rendered":"<p>Profitez de cette visite priv\u00e9e d&#8217;Hollywood avec votre propre guide pour d\u00e9couvrir les meilleurs sites hollywoodiens de la ville de Los Angeles. Admirez \u00e9galement Beverly Hills, Santa Monica et Venise!<\/p>\n","protected":false},"featured_media":83145,"comment_status":"open","ping_status":"closed","template":"","meta":{"_acf_changed":false},"product_brand":[],"product_cat":[3547,3768],"product_tag":[],"class_list":{"0":"post-104258","1":"product","2":"type-product","3":"status-publish","4":"has-post-thumbnail","6":"product_cat-etats-unis-fr","7":"product_cat-los-angeles-fr","9":"first","10":"instock","11":"shipping-taxable","12":"purchasable","13":"product-type-simple"},"acf":[],"yoast_head":"<!-- This site is optimized with the Yoast SEO Premium plugin v25.3.1 (Yoast SEO v25.3.1) - https:\/\/yoast.com\/wordpress\/plugins\/seo\/ -->\n<title>Visite priv\u00e9e d&#039;Hollywood - v\u00e9hicule priv\u00e9 et guide touristique<\/title>\n<meta name=\"description\" content=\"Profitez de cette visite priv\u00e9e d&#039;Hollywood. Apprenez \u00e0 conna\u00eetre les sites les plus importants de cette ville unique de Califonie \u00e0 c\u00f4t\u00e9 d&#039;un expert local.\" \/>\n<meta name=\"robots\" content=\"index, follow, max-snippet:-1, max-image-preview:large, max-video-preview:-1\" \/>\n<link rel=\"canonical\" href=\"https:\/\/tourtravelandmore.com\/fr\/tours\/etats-unis-fr\/los-angeles-fr\/visite-privee-dhollywood-beverly-hills-santa-monica-et-venise\/\" \/>\n<meta property=\"og:locale\" content=\"fr_FR\" \/>\n<meta property=\"og:type\" content=\"article\" \/>\n<meta property=\"og:title\" content=\"Visite priv\u00e9e d&#039;Hollywood, Beverly Hills, Santa Monica et Venise\" \/>\n<meta property=\"og:description\" content=\"Profitez de cette visite priv\u00e9e d&#039;Hollywood. Apprenez \u00e0 conna\u00eetre les sites les plus importants de cette ville unique de Califonie \u00e0 c\u00f4t\u00e9 d&#039;un expert local.\" \/>\n<meta property=\"og:url\" content=\"https:\/\/tourtravelandmore.com\/fr\/tours\/etats-unis-fr\/los-angeles-fr\/visite-privee-dhollywood-beverly-hills-santa-monica-et-venise\/\" \/>\n<meta property=\"og:site_name\" content=\"Tour Travel And More\" \/>\n<meta property=\"article:publisher\" content=\"https:\/\/www.facebook.com\/tourtravelandmore\/\" \/>\n<meta property=\"article:modified_time\" content=\"2021-03-18T12:20:07+00:00\" \/>\n<meta property=\"og:image\" content=\"https:\/\/tourtravelandmore.com\/wp-content\/uploads\/2020\/09\/Los-Angeles-2-scaled.jpg\" \/>\n\t<meta property=\"og:image:width\" content=\"1706\" \/>\n\t<meta property=\"og:image:height\" content=\"2560\" \/>\n\t<meta property=\"og:image:type\" content=\"image\/jpeg\" \/>\n<meta name=\"twitter:card\" content=\"summary_large_image\" \/>\n<meta name=\"twitter:site\" content=\"@TourTravel_More\" \/>\n<meta name=\"twitter:label1\" content=\"Dur\u00e9e de lecture estim\u00e9e\" \/>\n\t<meta name=\"twitter:data1\" content=\"3 minutes\" \/>\n<script type=\"application\/ld+json\" class=\"yoast-schema-graph\">{\"@context\":\"https:\/\/schema.org\",\"@graph\":[{\"@type\":\"WebPage\",\"@id\":\"https:\/\/tourtravelandmore.com\/fr\/tours\/etats-unis-fr\/los-angeles-fr\/visite-privee-dhollywood-beverly-hills-santa-monica-et-venise\/\",\"url\":\"https:\/\/tourtravelandmore.com\/fr\/tours\/etats-unis-fr\/los-angeles-fr\/visite-privee-dhollywood-beverly-hills-santa-monica-et-venise\/\",\"name\":\"Visite priv\u00e9e d'Hollywood - v\u00e9hicule priv\u00e9 et guide touristique\",\"isPartOf\":{\"@id\":\"https:\/\/tourtravelandmore.com\/fr\/#website\"},\"primaryImageOfPage\":{\"@id\":\"https:\/\/tourtravelandmore.com\/fr\/tours\/etats-unis-fr\/los-angeles-fr\/visite-privee-dhollywood-beverly-hills-santa-monica-et-venise\/#primaryimage\"},\"image\":{\"@id\":\"https:\/\/tourtravelandmore.com\/fr\/tours\/etats-unis-fr\/los-angeles-fr\/visite-privee-dhollywood-beverly-hills-santa-monica-et-venise\/#primaryimage\"},\"thumbnailUrl\":\"https:\/\/tourtravelandmore.com\/wp-content\/uploads\/2020\/09\/Los-Angeles-2-scaled.jpg\",\"datePublished\":\"2020-09-07T10:48:26+00:00\",\"dateModified\":\"2021-03-18T12:20:07+00:00\",\"description\":\"Profitez de cette visite priv\u00e9e d'Hollywood. Apprenez \u00e0 conna\u00eetre les sites les plus importants de cette ville unique de Califonie \u00e0 c\u00f4t\u00e9 d'un expert local.\",\"breadcrumb\":{\"@id\":\"https:\/\/tourtravelandmore.com\/fr\/tours\/etats-unis-fr\/los-angeles-fr\/visite-privee-dhollywood-beverly-hills-santa-monica-et-venise\/#breadcrumb\"},\"inLanguage\":\"fr-FR\",\"potentialAction\":[{\"@type\":\"ReadAction\",\"target\":[\"https:\/\/tourtravelandmore.com\/fr\/tours\/etats-unis-fr\/los-angeles-fr\/visite-privee-dhollywood-beverly-hills-santa-monica-et-venise\/\"]}]},{\"@type\":\"ImageObject\",\"inLanguage\":\"fr-FR\",\"@id\":\"https:\/\/tourtravelandmore.com\/fr\/tours\/etats-unis-fr\/los-angeles-fr\/visite-privee-dhollywood-beverly-hills-santa-monica-et-venise\/#primaryimage\",\"url\":\"https:\/\/tourtravelandmore.com\/wp-content\/uploads\/2020\/09\/Los-Angeles-2-scaled.jpg\",\"contentUrl\":\"https:\/\/tourtravelandmore.com\/wp-content\/uploads\/2020\/09\/Los-Angeles-2-scaled.jpg\",\"width\":1706,\"height\":2560},{\"@type\":\"BreadcrumbList\",\"@id\":\"https:\/\/tourtravelandmore.com\/fr\/tours\/etats-unis-fr\/los-angeles-fr\/visite-privee-dhollywood-beverly-hills-santa-monica-et-venise\/#breadcrumb\",\"itemListElement\":[{\"@type\":\"ListItem\",\"position\":1,\"name\":\"Home\",\"item\":\"https:\/\/tourtravelandmore.com\/fr\/\"},{\"@type\":\"ListItem\",\"position\":2,\"name\":\"Tours\",\"item\":\"https:\/\/tourtravelandmore.com\/fr\/tours\/\"},{\"@type\":\"ListItem\",\"position\":3,\"name\":\"Visite priv\u00e9e d&#8217;Hollywood, Beverly Hills, Santa Monica et Venise\"}]},{\"@type\":\"WebSite\",\"@id\":\"https:\/\/tourtravelandmore.com\/fr\/#website\",\"url\":\"https:\/\/tourtravelandmore.com\/fr\/\",\"name\":\"Tour Travel And More\",\"description\":\"Private sightseeing tours and luxury transfers in Spain\",\"publisher\":{\"@id\":\"https:\/\/tourtravelandmore.com\/fr\/#organization\"},\"potentialAction\":[{\"@type\":\"SearchAction\",\"target\":{\"@type\":\"EntryPoint\",\"urlTemplate\":\"https:\/\/tourtravelandmore.com\/fr\/?s={search_term_string}\"},\"query-input\":{\"@type\":\"PropertyValueSpecification\",\"valueRequired\":true,\"valueName\":\"search_term_string\"}}],\"inLanguage\":\"fr-FR\"},{\"@type\":\"Organization\",\"@id\":\"https:\/\/tourtravelandmore.com\/fr\/#organization\",\"name\":\"Tour Travel And More\",\"url\":\"https:\/\/tourtravelandmore.com\/fr\/\",\"logo\":{\"@type\":\"ImageObject\",\"inLanguage\":\"fr-FR\",\"@id\":\"https:\/\/tourtravelandmore.com\/fr\/#\/schema\/logo\/image\/\",\"url\":\"https:\/\/tourtravelandmore.com\/wp-content\/uploads\/2022\/12\/cropped-logo-cabecera-new.png\",\"contentUrl\":\"https:\/\/tourtravelandmore.com\/wp-content\/uploads\/2022\/12\/cropped-logo-cabecera-new.png\",\"width\":430,\"height\":61,\"caption\":\"Tour Travel And More\"},\"image\":{\"@id\":\"https:\/\/tourtravelandmore.com\/fr\/#\/schema\/logo\/image\/\"},\"sameAs\":[\"https:\/\/www.facebook.com\/tourtravelandmore\/\",\"https:\/\/x.com\/TourTravel_More\"]}]}<\/script>\n<!-- \/ Yoast SEO Premium plugin. -->","yoast_head_json":{"title":"Visite priv\u00e9e d'Hollywood - v\u00e9hicule priv\u00e9 et guide touristique","description":"Profitez de cette visite priv\u00e9e d'Hollywood. Apprenez \u00e0 conna\u00eetre les sites les plus importants de cette ville unique de Califonie \u00e0 c\u00f4t\u00e9 d'un expert local.","robots":{"index":"index","follow":"follow","max-snippet":"max-snippet:-1","max-image-preview":"max-image-preview:large","max-video-preview":"max-video-preview:-1"},"canonical":"https:\/\/tourtravelandmore.com\/fr\/tours\/etats-unis-fr\/los-angeles-fr\/visite-privee-dhollywood-beverly-hills-santa-monica-et-venise\/","og_locale":"fr_FR","og_type":"article","og_title":"Visite priv\u00e9e d'Hollywood, Beverly Hills, Santa Monica et Venise","og_description":"Profitez de cette visite priv\u00e9e d'Hollywood. Apprenez \u00e0 conna\u00eetre les sites les plus importants de cette ville unique de Califonie \u00e0 c\u00f4t\u00e9 d'un expert local.","og_url":"https:\/\/tourtravelandmore.com\/fr\/tours\/etats-unis-fr\/los-angeles-fr\/visite-privee-dhollywood-beverly-hills-santa-monica-et-venise\/","og_site_name":"Tour Travel And More","article_publisher":"https:\/\/www.facebook.com\/tourtravelandmore\/","article_modified_time":"2021-03-18T12:20:07+00:00","og_image":[{"width":1706,"height":2560,"url":"https:\/\/tourtravelandmore.com\/wp-content\/uploads\/2020\/09\/Los-Angeles-2-scaled.jpg","type":"image\/jpeg"}],"twitter_card":"summary_large_image","twitter_site":"@TourTravel_More","twitter_misc":{"Dur\u00e9e de lecture estim\u00e9e":"3 minutes"},"schema":{"@context":"https:\/\/schema.org","@graph":[{"@type":"WebPage","@id":"https:\/\/tourtravelandmore.com\/fr\/tours\/etats-unis-fr\/los-angeles-fr\/visite-privee-dhollywood-beverly-hills-santa-monica-et-venise\/","url":"https:\/\/tourtravelandmore.com\/fr\/tours\/etats-unis-fr\/los-angeles-fr\/visite-privee-dhollywood-beverly-hills-santa-monica-et-venise\/","name":"Visite priv\u00e9e d'Hollywood - v\u00e9hicule priv\u00e9 et guide touristique","isPartOf":{"@id":"https:\/\/tourtravelandmore.com\/fr\/#website"},"primaryImageOfPage":{"@id":"https:\/\/tourtravelandmore.com\/fr\/tours\/etats-unis-fr\/los-angeles-fr\/visite-privee-dhollywood-beverly-hills-santa-monica-et-venise\/#primaryimage"},"image":{"@id":"https:\/\/tourtravelandmore.com\/fr\/tours\/etats-unis-fr\/los-angeles-fr\/visite-privee-dhollywood-beverly-hills-santa-monica-et-venise\/#primaryimage"},"thumbnailUrl":"https:\/\/tourtravelandmore.com\/wp-content\/uploads\/2020\/09\/Los-Angeles-2-scaled.jpg","datePublished":"2020-09-07T10:48:26+00:00","dateModified":"2021-03-18T12:20:07+00:00","description":"Profitez de cette visite priv\u00e9e d'Hollywood. Apprenez \u00e0 conna\u00eetre les sites les plus importants de cette ville unique de Califonie \u00e0 c\u00f4t\u00e9 d'un expert local.","breadcrumb":{"@id":"https:\/\/tourtravelandmore.com\/fr\/tours\/etats-unis-fr\/los-angeles-fr\/visite-privee-dhollywood-beverly-hills-santa-monica-et-venise\/#breadcrumb"},"inLanguage":"fr-FR","potentialAction":[{"@type":"ReadAction","target":["https:\/\/tourtravelandmore.com\/fr\/tours\/etats-unis-fr\/los-angeles-fr\/visite-privee-dhollywood-beverly-hills-santa-monica-et-venise\/"]}]},{"@type":"ImageObject","inLanguage":"fr-FR","@id":"https:\/\/tourtravelandmore.com\/fr\/tours\/etats-unis-fr\/los-angeles-fr\/visite-privee-dhollywood-beverly-hills-santa-monica-et-venise\/#primaryimage","url":"https:\/\/tourtravelandmore.com\/wp-content\/uploads\/2020\/09\/Los-Angeles-2-scaled.jpg","contentUrl":"https:\/\/tourtravelandmore.com\/wp-content\/uploads\/2020\/09\/Los-Angeles-2-scaled.jpg","width":1706,"height":2560},{"@type":"BreadcrumbList","@id":"https:\/\/tourtravelandmore.com\/fr\/tours\/etats-unis-fr\/los-angeles-fr\/visite-privee-dhollywood-beverly-hills-santa-monica-et-venise\/#breadcrumb","itemListElement":[{"@type":"ListItem","position":1,"name":"Home","item":"https:\/\/tourtravelandmore.com\/fr\/"},{"@type":"ListItem","position":2,"name":"Tours","item":"https:\/\/tourtravelandmore.com\/fr\/tours\/"},{"@type":"ListItem","position":3,"name":"Visite priv\u00e9e d&#8217;Hollywood, Beverly Hills, Santa Monica et Venise"}]},{"@type":"WebSite","@id":"https:\/\/tourtravelandmore.com\/fr\/#website","url":"https:\/\/tourtravelandmore.com\/fr\/","name":"Tour Travel And More","description":"Private sightseeing tours and luxury transfers in Spain","publisher":{"@id":"https:\/\/tourtravelandmore.com\/fr\/#organization"},"potentialAction":[{"@type":"SearchAction","target":{"@type":"EntryPoint","urlTemplate":"https:\/\/tourtravelandmore.com\/fr\/?s={search_term_string}"},"query-input":{"@type":"PropertyValueSpecification","valueRequired":true,"valueName":"search_term_string"}}],"inLanguage":"fr-FR"},{"@type":"Organization","@id":"https:\/\/tourtravelandmore.com\/fr\/#organization","name":"Tour Travel And More","url":"https:\/\/tourtravelandmore.com\/fr\/","logo":{"@type":"ImageObject","inLanguage":"fr-FR","@id":"https:\/\/tourtravelandmore.com\/fr\/#\/schema\/logo\/image\/","url":"https:\/\/tourtravelandmore.com\/wp-content\/uploads\/2022\/12\/cropped-logo-cabecera-new.png","contentUrl":"https:\/\/tourtravelandmore.com\/wp-content\/uploads\/2022\/12\/cropped-logo-cabecera-new.png","width":430,"height":61,"caption":"Tour Travel And More"},"image":{"@id":"https:\/\/tourtravelandmore.com\/fr\/#\/schema\/logo\/image\/"},"sameAs":["https:\/\/www.facebook.com\/tourtravelandmore\/","https:\/\/x.com\/TourTravel_More"]}]}},"_links":{"self":[{"href":"https:\/\/tourtravelandmore.com\/fr\/wp-json\/wp\/v2\/product\/104258","targetHints":{"allow":["GET"]}}],"collection":[{"href":"https:\/\/tourtravelandmore.com\/fr\/wp-json\/wp\/v2\/product"}],"about":[{"href":"https:\/\/tourtravelandmore.com\/fr\/wp-json\/wp\/v2\/types\/product"}],"replies":[{"embeddable":true,"href":"https:\/\/tourtravelandmore.com\/fr\/wp-json\/wp\/v2\/comments?post=104258"}],"wp:featuredmedia":[{"embeddable":true,"href":"https:\/\/tourtravelandmore.com\/fr\/wp-json\/wp\/v2\/media\/83145"}],"wp:attachment":[{"href":"https:\/\/tourtravelandmore.com\/fr\/wp-json\/wp\/v2\/media?parent=104258"}],"wp:term":[{"taxonomy":"product_brand","embeddable":true,"href":"https:\/\/tourtravelandmore.com\/fr\/wp-json\/wp\/v2\/product_brand?post=104258"},{"taxonomy":"product_cat","embeddable":true,"href":"https:\/\/tourtravelandmore.com\/fr\/wp-json\/wp\/v2\/product_cat?post=104258"},{"taxonomy":"product_tag","embeddable":true,"href":"https:\/\/tourtravelandmore.com\/fr\/wp-json\/wp\/v2\/product_tag?post=104258"}],"curies":[{"name":"wp","href":"https:\/\/api.w.org\/{rel}","templated":true}]}}