{"id":104253,"date":"2020-09-07T12:27:59","date_gmt":"2020-09-07T10:27:59","guid":{"rendered":"https:\/\/tourtravelandmore.com\/tours\/non%20class\u00e9\/visite-privee-de-los-angeles\/"},"modified":"2021-03-18T13:19:00","modified_gmt":"2021-03-18T12:19:00","slug":"visite-privee-de-los-angeles","status":"publish","type":"product","link":"https:\/\/tourtravelandmore.com\/fr\/tours\/etats-unis-fr\/los-angeles-fr\/visite-privee-de-los-angeles\/","title":{"rendered":"Visite priv\u00e9e de Los Angeles"},"content":{"rendered":"<h2>Description:<\/h2>\n<p>Los Angeles, LA; que pouvons-nous dire? Son nom se distingue et vous ne pouvez qu&#8217;imaginer ce que nos Tours priv\u00e9s \u00e0 Los Angeles peuvent vous offrir! Donnez-nous l&#8217;occasion \u00e0 Tour Travel &amp; More de vous emmener dans l&#8217;une de nos visites priv\u00e9es \u00e0 Los Angeles et de d\u00e9couvrir ses sites les plus importants et les meilleurs!<\/p>\n<p>Voici un exemple des meilleures choses \u00e0 visiter et \u00e0 voir en 4 heures lors de la visite priv\u00e9e de Los Angeles. \u00c9tant une visite priv\u00e9e, nous pouvons personnaliser la visite en fonction de vos besoins exacts. Nous sommes sp\u00e9cialis\u00e9s dans les visites priv\u00e9es et pour que vous puissiez profiter d&#8217;un s\u00e9jour unique. Si vous n&#8217;avez que peu de temps pour visiter Los Angeles, cette visite est faite pour vous! Profitez du meilleur de la ville avec Tour Travel &amp; More.<\/p>\n<p>Profitez d&#8217;une prise en charge priv\u00e9e et s\u00fbre depuis votre h\u00f4tel ou le lieu de votre choix \u00e0 Los Angeles. Il y a tellement de choses \u00e0 voir que nous commencerons par une prise en charge confortable avec votre chauffeur et bien s\u00fbr un guide officiel distinct. Avec nos deux professions, profitez au maximum de notre guide priv\u00e9 officiel pendant que notre chauffeur vous emm\u00e8ne. Courez la chance de visiter des sites uniques comme Beverly Hills, le panneau Hollywood, le Getty Center et bien plus encore lors de cette visite priv\u00e9e de Los Angeles.<\/p>\n<h2>Sites d&#8217;int\u00e9r\u00eat et points de rep\u00e8re<\/h2>\n<p>Ceci est une visite compl\u00e8tement priv\u00e9e. Cette visite priv\u00e9e d\u00e9butera \u00e0 votre h\u00f4tel ou lieu de votre choix \u00e0 Los Angeles. Une fois que nous sommes venus vous chercher confortablement, votre chauffeur et votre guide officiel se dirigeront vers les meilleurs sites de Los Angeles. Nous pouvons organiser une prise en charge priv\u00e9e depuis votre h\u00f4tel de Los Angeles, l&#8217;a\u00e9roport de LAX ou votre appartement dans la ville.<\/p>\n<p>Selon l&#8217;endroit o\u00f9 se d\u00e9roulera la prise en charge priv\u00e9e, l&#8217;ordre de l&#8217;itin\u00e9raire variera. Voici quelques-uns des monuments et sites que vous appr\u00e9cierez.<\/p>\n<p>Sites \u00e0 visiter:<\/p>\n<ul>\n<li>Panneau Hollywood: c&#8217;est un point de rep\u00e8re tr\u00e8s populaire pour lequel Los Angeles est c\u00e9l\u00e8bre. Il \u00e9tait autrefois connu sous le nom de signe Hollywoodland. C&#8217;est une ic\u00f4ne culturelle de la ville. Vous pouvez trouver le panneau sur le mont Lee et c&#8217;est un arr\u00eat photo typique. Le panneau mesure plus de 13 m\u00e8tres de haut et 106 m\u00e8tres de long. Le signe a \u00e9t\u00e9 cr\u00e9\u00e9 en 1923.<\/li>\n<li>Griffith Park: profitez d&#8217;une vue rapide sur le parc municipal \u00e0 l&#8217;une des extr\u00e9mit\u00e9s des montagnes de Santa Monica. Ce parc est de 4310 acres.<\/li>\n<li>Observatoire Griffith: cet emplacement unique est situ\u00e9 sur une pente du Griffith Park. L&#8217;observatoire est populaire parmi les touristes et offre une belle vue sur le c\u00e9l\u00e8bre panneau Hollywood.<\/li>\n<li>Venise: vous profiterez \u00e9galement d&#8217;un photostop et d&#8217;une vue sur cette zone r\u00e9sidentielle et commerciale en bord de mer de Los Angeles. Venise est connue pour ses canaux, ses magnifiques promenades en bord de mer et sa promenade unique. Profitez de la promenade rapide sur l&#8217;oc\u00e9an, du panneau de Venise et bien plus encore!<\/li>\n<li>Canaux de Venise: c&#8217;est une partie amusante et belle de Venise \u00e0 Los Angeles.<\/li>\n<li>Hollywood Walk of Fame: le Walk of Fame est l&#8217;une des parties les plus c\u00e9l\u00e8bres pour tous les fans d&#8217;Hollywood et les acteurs hollywoodiens! Il fait plus de 15 blocs de long et il y a plus de 2600 \u00e9toiles! C&#8217;est un arr\u00eat photo incontournable pour tous les cin\u00e9philes<\/li>\n<li>Th\u00e9\u00e2tre chinois de Garuman: situ\u00e9 sur le Hollywood Walk of Fame. Admirez ce palais du cin\u00e9ma.<\/li>\n<\/ul>\n<p>Plus d&#8217;endroits \u00e0 visiter:<\/p>\n<ul>\n<li>Rodeo Drive: le fameux rod\u00e9o drive avec un rayon de 3 blocs. Rodeo Drive est situ\u00e9 \u00e0 Beverly Hills.<\/li>\n<li>Beverly Hills: quand vous pensez \u00e0 Los Angeles, Beverly Hills vient juste \u00e0 l&#8217;esprit. Beverly Hills abrite des c\u00e9l\u00e9brit\u00e9s et bien s\u00fbr des h\u00f4tels de luxe!<\/li>\n<li>Hollywood Bowl: avoir une vue ext\u00e9rieure de la salle de concert de Los Angeles<\/li>\n<li>The Broad: avoir une vue ext\u00e9rieure sur le mus\u00e9e d&#8217;art du centre-ville de Los Angeles<\/li>\n<li>H\u00f4tel de ville de Los Angela: comme de nombreux \u00e9difices gouvernementaux \u00e0 travers le monde et surtout aux \u00c9tats-Unis, cet h\u00f4tel de ville de Los Angeles est tout \u00e0 fait unique<\/li>\n<li>Dodger Stadium: Admirez le parc de baseball de Los Angeles situ\u00e9 \u00e0 Elysian Park<\/li>\n<li>Grand march\u00e9 central: profitez d&#8217;un arr\u00eat rapide dans l&#8217;un des monuments du centre-ville de Los Angeles. Ce site regroupe de nombreux types de cuisine!<\/li>\n<li>Sunset Boulevard: il doit y avoir un arr\u00eat au c\u00e9l\u00e8bre Sunset Boulevard \u00e0 Los Angeles. Nous pouvons organiser un arr\u00eat photo pour ramener de bons souvenirs \u00e0 la maison.<\/li>\n<li>Arts District Los Angeles: si le temps le permet, promenez-vous dans le quartier des arts de Los Angeles.<\/li>\n<\/ul>\n<h3>Exp\u00e9rience priv\u00e9e<\/h3>\n<p>En fonction du temps pass\u00e9 \u00e0 chaque endroit, nous pourrons profiter de plus de sites lors de notre visite priv\u00e9e de 4 heures de Los Angeles.<\/p>\n<p>Admirez \u00e9galement les c\u00e9l\u00e8bres Taco Trucks de Los Angeles!<\/p>\n<p>Si vous souhaitez ajouter Malibu et Santa Monica et avoir une vue sur la promenade de la troisi\u00e8me rue, nous pouvons organiser une visite plus longue et l&#8217;inclure le m\u00eame jour pour une visite priv\u00e9e d&#8217;une journ\u00e9e compl\u00e8te ou pour deux visites priv\u00e9es d&#8217;une demi-journ\u00e9e de Los Angeles.<\/p>\n<p>Vous appr\u00e9cierez cette visite compl\u00e8tement priv\u00e9e de Los Angeles avec notre guide et notre chauffeur s\u00e9par\u00e9. C&#8217;est une excellente fa\u00e7on de vivre une exp\u00e9rience unique.<\/p>\n<p>Contactez-nous pour plus d&#8217;informations concernant votre itin\u00e9raire personnalis\u00e9.<\/p>\n","protected":false},"excerpt":{"rendered":"<p>Profitez d&#8217;une promenade priv\u00e9e sur Rodeo Drive, Sunset Boulevard, Beverly Hills et les meilleurs sites de la ville de Los Angeles \u00e0 c\u00f4t\u00e9 d&#8217;un expert local. Prise en charge \u00e0 n&#8217;importe quel endroit de la ville.<\/p>\n","protected":false},"featured_media":83157,"comment_status":"open","ping_status":"closed","template":"","meta":{"_acf_changed":false},"product_brand":[],"product_cat":[3547,3768],"product_tag":[],"class_list":{"0":"post-104253","1":"product","2":"type-product","3":"status-publish","4":"has-post-thumbnail","6":"product_cat-etats-unis-fr","7":"product_cat-los-angeles-fr","9":"first","10":"instock","11":"shipping-taxable","12":"purchasable","13":"product-type-simple"},"acf":[],"yoast_head":"<!-- This site is optimized with the Yoast SEO Premium plugin v25.3.1 (Yoast SEO v25.3.1) - https:\/\/yoast.com\/wordpress\/plugins\/seo\/ -->\n<title>Visites priv\u00e9es Los Angeles - v\u00e9hicule priv\u00e9 et guide touristique<\/title>\n<meta name=\"description\" content=\"Profitez de ces visites priv\u00e9es \u00e0 Los Angeles. Apprenez \u00e0 conna\u00eetre les sites les plus importants de cette ville unique de Califonie \u00e0 c\u00f4t\u00e9 d&#039;un expert local.\" \/>\n<meta name=\"robots\" content=\"index, follow, max-snippet:-1, max-image-preview:large, max-video-preview:-1\" \/>\n<link rel=\"canonical\" href=\"https:\/\/tourtravelandmore.com\/fr\/tours\/etats-unis-fr\/los-angeles-fr\/visite-privee-de-los-angeles\/\" \/>\n<meta property=\"og:locale\" content=\"fr_FR\" \/>\n<meta property=\"og:type\" content=\"article\" \/>\n<meta property=\"og:title\" content=\"Visite priv\u00e9e de Los Angeles\" \/>\n<meta property=\"og:description\" content=\"Profitez de ces visites priv\u00e9es \u00e0 Los Angeles. Apprenez \u00e0 conna\u00eetre les sites les plus importants de cette ville unique de Califonie \u00e0 c\u00f4t\u00e9 d&#039;un expert local.\" \/>\n<meta property=\"og:url\" content=\"https:\/\/tourtravelandmore.com\/fr\/tours\/etats-unis-fr\/los-angeles-fr\/visite-privee-de-los-angeles\/\" \/>\n<meta property=\"og:site_name\" content=\"Tour Travel And More\" \/>\n<meta property=\"article:publisher\" content=\"https:\/\/www.facebook.com\/tourtravelandmore\/\" \/>\n<meta property=\"article:modified_time\" content=\"2021-03-18T12:19:00+00:00\" \/>\n<meta property=\"og:image\" content=\"https:\/\/tourtravelandmore.com\/wp-content\/uploads\/2020\/09\/Los-Angeles-6-scaled.jpg\" \/>\n\t<meta property=\"og:image:width\" content=\"2560\" \/>\n\t<meta property=\"og:image:height\" content=\"1707\" \/>\n\t<meta property=\"og:image:type\" content=\"image\/jpeg\" \/>\n<meta name=\"twitter:card\" content=\"summary_large_image\" \/>\n<meta name=\"twitter:site\" content=\"@TourTravel_More\" \/>\n<meta name=\"twitter:label1\" content=\"Dur\u00e9e de lecture estim\u00e9e\" \/>\n\t<meta name=\"twitter:data1\" content=\"5 minutes\" \/>\n<script type=\"application\/ld+json\" class=\"yoast-schema-graph\">{\"@context\":\"https:\/\/schema.org\",\"@graph\":[{\"@type\":\"WebPage\",\"@id\":\"https:\/\/tourtravelandmore.com\/fr\/tours\/etats-unis-fr\/los-angeles-fr\/visite-privee-de-los-angeles\/\",\"url\":\"https:\/\/tourtravelandmore.com\/fr\/tours\/etats-unis-fr\/los-angeles-fr\/visite-privee-de-los-angeles\/\",\"name\":\"Visites priv\u00e9es Los Angeles - v\u00e9hicule priv\u00e9 et guide touristique\",\"isPartOf\":{\"@id\":\"https:\/\/tourtravelandmore.com\/fr\/#website\"},\"primaryImageOfPage\":{\"@id\":\"https:\/\/tourtravelandmore.com\/fr\/tours\/etats-unis-fr\/los-angeles-fr\/visite-privee-de-los-angeles\/#primaryimage\"},\"image\":{\"@id\":\"https:\/\/tourtravelandmore.com\/fr\/tours\/etats-unis-fr\/los-angeles-fr\/visite-privee-de-los-angeles\/#primaryimage\"},\"thumbnailUrl\":\"https:\/\/tourtravelandmore.com\/wp-content\/uploads\/2020\/09\/Los-Angeles-6-scaled.jpg\",\"datePublished\":\"2020-09-07T10:27:59+00:00\",\"dateModified\":\"2021-03-18T12:19:00+00:00\",\"description\":\"Profitez de ces visites priv\u00e9es \u00e0 Los Angeles. Apprenez \u00e0 conna\u00eetre les sites les plus importants de cette ville unique de Califonie \u00e0 c\u00f4t\u00e9 d'un expert local.\",\"breadcrumb\":{\"@id\":\"https:\/\/tourtravelandmore.com\/fr\/tours\/etats-unis-fr\/los-angeles-fr\/visite-privee-de-los-angeles\/#breadcrumb\"},\"inLanguage\":\"fr-FR\",\"potentialAction\":[{\"@type\":\"ReadAction\",\"target\":[\"https:\/\/tourtravelandmore.com\/fr\/tours\/etats-unis-fr\/los-angeles-fr\/visite-privee-de-los-angeles\/\"]}]},{\"@type\":\"ImageObject\",\"inLanguage\":\"fr-FR\",\"@id\":\"https:\/\/tourtravelandmore.com\/fr\/tours\/etats-unis-fr\/los-angeles-fr\/visite-privee-de-los-angeles\/#primaryimage\",\"url\":\"https:\/\/tourtravelandmore.com\/wp-content\/uploads\/2020\/09\/Los-Angeles-6-scaled.jpg\",\"contentUrl\":\"https:\/\/tourtravelandmore.com\/wp-content\/uploads\/2020\/09\/Los-Angeles-6-scaled.jpg\",\"width\":2560,\"height\":1707},{\"@type\":\"BreadcrumbList\",\"@id\":\"https:\/\/tourtravelandmore.com\/fr\/tours\/etats-unis-fr\/los-angeles-fr\/visite-privee-de-los-angeles\/#breadcrumb\",\"itemListElement\":[{\"@type\":\"ListItem\",\"position\":1,\"name\":\"Home\",\"item\":\"https:\/\/tourtravelandmore.com\/fr\/\"},{\"@type\":\"ListItem\",\"position\":2,\"name\":\"Tours\",\"item\":\"https:\/\/tourtravelandmore.com\/fr\/tours\/\"},{\"@type\":\"ListItem\",\"position\":3,\"name\":\"Visite priv\u00e9e de Los Angeles\"}]},{\"@type\":\"WebSite\",\"@id\":\"https:\/\/tourtravelandmore.com\/fr\/#website\",\"url\":\"https:\/\/tourtravelandmore.com\/fr\/\",\"name\":\"Tour Travel And More\",\"description\":\"Private sightseeing tours and luxury transfers in Spain\",\"publisher\":{\"@id\":\"https:\/\/tourtravelandmore.com\/fr\/#organization\"},\"potentialAction\":[{\"@type\":\"SearchAction\",\"target\":{\"@type\":\"EntryPoint\",\"urlTemplate\":\"https:\/\/tourtravelandmore.com\/fr\/?s={search_term_string}\"},\"query-input\":{\"@type\":\"PropertyValueSpecification\",\"valueRequired\":true,\"valueName\":\"search_term_string\"}}],\"inLanguage\":\"fr-FR\"},{\"@type\":\"Organization\",\"@id\":\"https:\/\/tourtravelandmore.com\/fr\/#organization\",\"name\":\"Tour Travel And More\",\"url\":\"https:\/\/tourtravelandmore.com\/fr\/\",\"logo\":{\"@type\":\"ImageObject\",\"inLanguage\":\"fr-FR\",\"@id\":\"https:\/\/tourtravelandmore.com\/fr\/#\/schema\/logo\/image\/\",\"url\":\"https:\/\/tourtravelandmore.com\/wp-content\/uploads\/2022\/12\/cropped-logo-cabecera-new.png\",\"contentUrl\":\"https:\/\/tourtravelandmore.com\/wp-content\/uploads\/2022\/12\/cropped-logo-cabecera-new.png\",\"width\":430,\"height\":61,\"caption\":\"Tour Travel And More\"},\"image\":{\"@id\":\"https:\/\/tourtravelandmore.com\/fr\/#\/schema\/logo\/image\/\"},\"sameAs\":[\"https:\/\/www.facebook.com\/tourtravelandmore\/\",\"https:\/\/x.com\/TourTravel_More\"]}]}<\/script>\n<!-- \/ Yoast SEO Premium plugin. -->","yoast_head_json":{"title":"Visites priv\u00e9es Los Angeles - v\u00e9hicule priv\u00e9 et guide touristique","description":"Profitez de ces visites priv\u00e9es \u00e0 Los Angeles. Apprenez \u00e0 conna\u00eetre les sites les plus importants de cette ville unique de Califonie \u00e0 c\u00f4t\u00e9 d'un expert local.","robots":{"index":"index","follow":"follow","max-snippet":"max-snippet:-1","max-image-preview":"max-image-preview:large","max-video-preview":"max-video-preview:-1"},"canonical":"https:\/\/tourtravelandmore.com\/fr\/tours\/etats-unis-fr\/los-angeles-fr\/visite-privee-de-los-angeles\/","og_locale":"fr_FR","og_type":"article","og_title":"Visite priv\u00e9e de Los Angeles","og_description":"Profitez de ces visites priv\u00e9es \u00e0 Los Angeles. Apprenez \u00e0 conna\u00eetre les sites les plus importants de cette ville unique de Califonie \u00e0 c\u00f4t\u00e9 d'un expert local.","og_url":"https:\/\/tourtravelandmore.com\/fr\/tours\/etats-unis-fr\/los-angeles-fr\/visite-privee-de-los-angeles\/","og_site_name":"Tour Travel And More","article_publisher":"https:\/\/www.facebook.com\/tourtravelandmore\/","article_modified_time":"2021-03-18T12:19:00+00:00","og_image":[{"width":2560,"height":1707,"url":"https:\/\/tourtravelandmore.com\/wp-content\/uploads\/2020\/09\/Los-Angeles-6-scaled.jpg","type":"image\/jpeg"}],"twitter_card":"summary_large_image","twitter_site":"@TourTravel_More","twitter_misc":{"Dur\u00e9e de lecture estim\u00e9e":"5 minutes"},"schema":{"@context":"https:\/\/schema.org","@graph":[{"@type":"WebPage","@id":"https:\/\/tourtravelandmore.com\/fr\/tours\/etats-unis-fr\/los-angeles-fr\/visite-privee-de-los-angeles\/","url":"https:\/\/tourtravelandmore.com\/fr\/tours\/etats-unis-fr\/los-angeles-fr\/visite-privee-de-los-angeles\/","name":"Visites priv\u00e9es Los Angeles - v\u00e9hicule priv\u00e9 et guide touristique","isPartOf":{"@id":"https:\/\/tourtravelandmore.com\/fr\/#website"},"primaryImageOfPage":{"@id":"https:\/\/tourtravelandmore.com\/fr\/tours\/etats-unis-fr\/los-angeles-fr\/visite-privee-de-los-angeles\/#primaryimage"},"image":{"@id":"https:\/\/tourtravelandmore.com\/fr\/tours\/etats-unis-fr\/los-angeles-fr\/visite-privee-de-los-angeles\/#primaryimage"},"thumbnailUrl":"https:\/\/tourtravelandmore.com\/wp-content\/uploads\/2020\/09\/Los-Angeles-6-scaled.jpg","datePublished":"2020-09-07T10:27:59+00:00","dateModified":"2021-03-18T12:19:00+00:00","description":"Profitez de ces visites priv\u00e9es \u00e0 Los Angeles. Apprenez \u00e0 conna\u00eetre les sites les plus importants de cette ville unique de Califonie \u00e0 c\u00f4t\u00e9 d'un expert local.","breadcrumb":{"@id":"https:\/\/tourtravelandmore.com\/fr\/tours\/etats-unis-fr\/los-angeles-fr\/visite-privee-de-los-angeles\/#breadcrumb"},"inLanguage":"fr-FR","potentialAction":[{"@type":"ReadAction","target":["https:\/\/tourtravelandmore.com\/fr\/tours\/etats-unis-fr\/los-angeles-fr\/visite-privee-de-los-angeles\/"]}]},{"@type":"ImageObject","inLanguage":"fr-FR","@id":"https:\/\/tourtravelandmore.com\/fr\/tours\/etats-unis-fr\/los-angeles-fr\/visite-privee-de-los-angeles\/#primaryimage","url":"https:\/\/tourtravelandmore.com\/wp-content\/uploads\/2020\/09\/Los-Angeles-6-scaled.jpg","contentUrl":"https:\/\/tourtravelandmore.com\/wp-content\/uploads\/2020\/09\/Los-Angeles-6-scaled.jpg","width":2560,"height":1707},{"@type":"BreadcrumbList","@id":"https:\/\/tourtravelandmore.com\/fr\/tours\/etats-unis-fr\/los-angeles-fr\/visite-privee-de-los-angeles\/#breadcrumb","itemListElement":[{"@type":"ListItem","position":1,"name":"Home","item":"https:\/\/tourtravelandmore.com\/fr\/"},{"@type":"ListItem","position":2,"name":"Tours","item":"https:\/\/tourtravelandmore.com\/fr\/tours\/"},{"@type":"ListItem","position":3,"name":"Visite priv\u00e9e de Los Angeles"}]},{"@type":"WebSite","@id":"https:\/\/tourtravelandmore.com\/fr\/#website","url":"https:\/\/tourtravelandmore.com\/fr\/","name":"Tour Travel And More","description":"Private sightseeing tours and luxury transfers in Spain","publisher":{"@id":"https:\/\/tourtravelandmore.com\/fr\/#organization"},"potentialAction":[{"@type":"SearchAction","target":{"@type":"EntryPoint","urlTemplate":"https:\/\/tourtravelandmore.com\/fr\/?s={search_term_string}"},"query-input":{"@type":"PropertyValueSpecification","valueRequired":true,"valueName":"search_term_string"}}],"inLanguage":"fr-FR"},{"@type":"Organization","@id":"https:\/\/tourtravelandmore.com\/fr\/#organization","name":"Tour Travel And More","url":"https:\/\/tourtravelandmore.com\/fr\/","logo":{"@type":"ImageObject","inLanguage":"fr-FR","@id":"https:\/\/tourtravelandmore.com\/fr\/#\/schema\/logo\/image\/","url":"https:\/\/tourtravelandmore.com\/wp-content\/uploads\/2022\/12\/cropped-logo-cabecera-new.png","contentUrl":"https:\/\/tourtravelandmore.com\/wp-content\/uploads\/2022\/12\/cropped-logo-cabecera-new.png","width":430,"height":61,"caption":"Tour Travel And More"},"image":{"@id":"https:\/\/tourtravelandmore.com\/fr\/#\/schema\/logo\/image\/"},"sameAs":["https:\/\/www.facebook.com\/tourtravelandmore\/","https:\/\/x.com\/TourTravel_More"]}]}},"_links":{"self":[{"href":"https:\/\/tourtravelandmore.com\/fr\/wp-json\/wp\/v2\/product\/104253","targetHints":{"allow":["GET"]}}],"collection":[{"href":"https:\/\/tourtravelandmore.com\/fr\/wp-json\/wp\/v2\/product"}],"about":[{"href":"https:\/\/tourtravelandmore.com\/fr\/wp-json\/wp\/v2\/types\/product"}],"replies":[{"embeddable":true,"href":"https:\/\/tourtravelandmore.com\/fr\/wp-json\/wp\/v2\/comments?post=104253"}],"wp:featuredmedia":[{"embeddable":true,"href":"https:\/\/tourtravelandmore.com\/fr\/wp-json\/wp\/v2\/media\/83157"}],"wp:attachment":[{"href":"https:\/\/tourtravelandmore.com\/fr\/wp-json\/wp\/v2\/media?parent=104253"}],"wp:term":[{"taxonomy":"product_brand","embeddable":true,"href":"https:\/\/tourtravelandmore.com\/fr\/wp-json\/wp\/v2\/product_brand?post=104253"},{"taxonomy":"product_cat","embeddable":true,"href":"https:\/\/tourtravelandmore.com\/fr\/wp-json\/wp\/v2\/product_cat?post=104253"},{"taxonomy":"product_tag","embeddable":true,"href":"https:\/\/tourtravelandmore.com\/fr\/wp-json\/wp\/v2\/product_tag?post=104253"}],"curies":[{"name":"wp","href":"https:\/\/api.w.org\/{rel}","templated":true}]}}