{"id":104242,"date":"2020-11-18T09:37:37","date_gmt":"2020-11-18T08:37:37","guid":{"rendered":"https:\/\/tourtravelandmore.com\/tours\/non%20class\u00e9\/visite-privee-au-texas-hill-country-et-au-ranch-lbj\/"},"modified":"2021-03-18T13:10:12","modified_gmt":"2021-03-18T12:10:12","slug":"visite-privee-au-texas-hill-country-et-au-ranch-lbj","status":"publish","type":"product","link":"https:\/\/tourtravelandmore.com\/fr\/tours\/etats-unis-fr\/san-antonio-fr\/visite-privee-au-texas-hill-country-et-au-ranch-lbj\/","title":{"rendered":"Visite priv\u00e9e au Texas Hill Country et au ranch LBJ"},"content":{"rendered":"<h2>Description:<\/h2>\n<p>Si vous avez d\u00e9j\u00e0 tout vu \u00e0 San Antonio, nous avons ici une proposition diff\u00e9rente pour vous. Aventure lors de cette visite priv\u00e9e au Texas Hill Country et au LBJ Ranch au d\u00e9part de San Antonio dans un v\u00e9hicule de luxe priv\u00e9 avec chauffeur. Vous aurez \u00e9galement \u00e0 votre enti\u00e8re disposition un guide priv\u00e9 officiel.<\/p>\n<p>Votre visite priv\u00e9e commencera \u00e0 l&#8217;endroit de votre choix \u00e0 San Antonio. Apr\u00e8s une prise en charge priv\u00e9e, vous commencerez votre excursion d&#8217;une journ\u00e9e dans le pays de Texas Hill. La visite a une dur\u00e9e totale de 8 heures entre le moment de la prise en charge et le moment du d\u00e9p\u00f4t.<\/p>\n<p>Texas Hill Country est une r\u00e9gion g\u00e9ographique du centre et du sud du Texas. Il peut \u00eatre consid\u00e9r\u00e9 comme la fronti\u00e8re entre le sud-est et le sud-ouest am\u00e9ricains. Cette r\u00e9gion est tr\u00e8s connue car elle \u00e9tend la v\u00e9g\u00e9tation et les fleurs sauvages. Cette r\u00e9gion conna\u00eet une fusion d&#8217;influences espagnoles et allemandes dans la nourriture, la bi\u00e8re et l&#8217;architecture.<\/p>\n<p>Saisissez l&#8217;occasion et profitez de cette visite priv\u00e9e au Texas Hill Country et au LBJ Ranch. \u00c9loignez-vous de la ville bruyante et profitez d&#8217;une belle journ\u00e9e en plein air avec Tour Travel &amp; More.<\/p>\n<h2>Sites d&#8217;int\u00e9r\u00eat et monuments<\/h2>\n<p>Tout d&#8217;abord, votre chauffeur priv\u00e9 et votre guide officiel viendront vous chercher \u00e0 votre h\u00f4tel \u00e0 San Antonio. Vous pouvez d\u00e9cider de l&#8217;heure exacte de d\u00e9but de la visite car il s&#8217;agit d&#8217;une exp\u00e9rience priv\u00e9e.<\/p>\n<p>Votre premier arr\u00eat sera dans le parc national Lyndon B. Johnson. Ce parc unique raconte l&#8217;histoire du 36e pr\u00e9sident des \u00c9tats-Unis. Ici, vous pouvez visiter la maison o\u00f9 il a pass\u00e9 son enfance, le ranch ou encore la Maison Blanche du Texas. C&#8217;est un endroit tr\u00e8s int\u00e9ressant qu&#8217;il vaut la peine de visiter.<\/p>\n<p>Apr\u00e8s cela, vous continuerez vers Fredericksburg, une tr\u00e8s belle ville d&#8217;influence allemande. Ici, vous passerez un peu de temps \u00e0 conna\u00eetre la ville et pourquoi pas, en d\u00e9jeunant dans l&#8217;un de ses beaux jardins tout en d\u00e9gustant une bi\u00e8re allemande locale. C&#8217;est certainement l&#8217;un des meilleurs arr\u00eats!.<\/p>\n<p>Votre dernier arr\u00eat sera dans une cave locale de Texas Hill Country. Ici, vous admirerez les vignobles et d\u00e9couvrirez la pr\u00e9paration du vin. Si vous \u00eates int\u00e9ress\u00e9, nous pouvons inclure une d\u00e9gustation de vins locaux.<\/p>\n<p>Enfin, \u00e0 la fin de la journ\u00e9e de visite, votre chauffeur et guide priv\u00e9 vous ram\u00e8nera \u00e0 votre h\u00f4tel \u00e0 San Antonio.<\/p>\n<p>Il s&#8217;agit d&#8217;une visite priv\u00e9e et personnalis\u00e9e, donc si vous avez quelque chose en t\u00eate, faites-le nous savoir et nous ferons de notre mieux pour satisfaire vos besoins.<\/p>\n<p>Si vous recherchez simplement une visite priv\u00e9e \u00e0 San Antonio, veuillez consulter notre visite priv\u00e9e de la ville ici.<\/p>\n<p><button style=\"width: auto; height: auto; background-image: url('data:image\/png;base64,iVBORw0KGgoAAAANSUhEUgAAADAAAAAwCAYAAABXAvmHAAABS2lUWHRYTUw6Y29tLmFkb2JlLnhtcAAAAAAAPD94cGFja2V0IGJlZ2luPSLvu78iIGlkPSJXNU0wTXBDZWhpSHpyZVN6TlRjemtjOWQiPz4KPHg6eG1wbWV0YSB4bWxuczp4PSJhZG9iZTpuczptZXRhLyIgeDp4bXB0az0iQWRvYmUgWE1QIENvcmUgNS42LWMxMzggNzkuMTU5ODI0LCAyMDE2LzA5LzE0LTAxOjA5OjAxICAgICAgICAiPgogPHJkZjpSREYgeG1sbnM6cmRmPSJodHRwOi8vd3d3LnczLm9yZy8xOTk5LzAyLzIyLXJkZi1zeW50YXgtbnMjIj4KICA8cmRmOkRlc2NyaXB0aW9uIHJkZjphYm91dD0iIi8+CiA8L3JkZjpSREY+CjwveDp4bXBtZXRhPgo8P3hwYWNrZXQgZW5kPSJyIj8+IEmuOgAAAx5JREFUaIHtmj1L81wYx39JI75AbYtgBTFTRdQGXV2cxMlPICjiakHE0cVJB5FO4uLgN1AnZ\/0EgoLQtd6tL6hJIwia9DzDg6Wxpcb7hMTe+INCz+t1\/TnJuU7OOYoQ4g8Qpz2xFSGEiNoLGVTAjtoJCWw1ag9k0eoTQgg2NzcplUp0dHRE5VNTHMdB0zTy+TydnZ21fI8Ay7K4vr4ml8uRSqVCd7IVQgjW19cpFAoYhlHLbxiBTCbD9PR06A76YXx8HNd1PXmed0BRFBzHwTTNUB3zy\/v7O7FYzJPX9i\/xr4Co0b6u0prj42Pu7u5a1unp6UHXdSYmJkgmk7ImPUgLWFlZoVQq+aqbSCSYn59ne3ubRCIhaxoI4BHSdd13Xcuy2N\/fxzCML0fNL9IjoChK7f\/p6Smjo6MNdWzb5vz8nI2NDUzTpFgsMjMzw+Xlpax5eQH1TE5OMjAw0LQsm80yNzdHNpvFtm2urq44PDxkaWlJymags9D9\/X3Lcl3X2dnZqaX39vakbYY+jS4uLtLV1QXAxcUFlUpFqr\/QBXR3d9Pf3w\/8v8J8fn6W6i90Aa7r8vT0BEAsFpOeTkMXcHJywsvLCwAjIyPSgS1QAb29vS3LHx4eyOVytfTy8rK0zUAFPD4+8vb25vm9vr5SLBY5ODjAMAzK5TIAQ0NDrK6uStsMNA7Mzs42rNfrn\/kP0uk0Z2dnaJq8+UAFfHb0M6qqsrCwwO7uLn19fYHYDFTA2tpa00isaRqDg4NMTU19a+3kh0AFbG1t1YJUWAT6EhcKhSC780Xbf5H9CoiaXwFRIy2gPng5jiPb3beRjgPDw8NYlgUQegyAAAQcHR3xccgTxNrmu0hbjMJpj32ZxkIITNOkWq16tlf8tlVVlWQy+e229UgLKJfLuK77VwI+PikjE6CqKmNjYzJdSPPvxQFVVT2HaD8JVVX5fKzdcEZWLpe5vb39cYd8ADc3Nw1nZB4B8XicdDpNPp+PJCi1wnEcUqkUmUzGk68IISp8uitRqVSoVqth+ueLJntIdtNZ6Kv9nZ9E21\/20IASbXzd5j\/MIQu2KoJrJwAAAABJRU5ErkJggg=='); background-size: 14px 14px; background-color: #000000; position: absolute; opacity: 1; z-index: 86753099; display: none; cursor: pointer; border: none; border-top-left-radius: 3px; border-top-right-radius: 3px; border-bottom-right-radius: 3px; border-bottom-left-radius: 3px; text-indent: 20px; padding: 0px 4px 0px 0px; text-align: center; font-style: normal; font-variant-caps: normal; font-weight: bold; font-stretch: normal; font-size: 11px; line-height: 20px; font-family: 'Helvetica Neue', Helvetica, sans-serif; color: #ffffff; text-transform: capitalize; -webkit-font-smoothing: antialiased; top: 1397px; left: 563px; background-position: 3px 50%; background-repeat: no-repeat no-repeat;\">plan it<\/button><\/p>\n","protected":false},"excerpt":{"rendered":"<p>Saisissez l&#8217;occasion, alors passez une journ\u00e9e \u00e0 San Antonio et venez avec nous pour cette visite priv\u00e9e \u00e0 Texas Hill Country et LBJ Ranch \u00e0 l&#8217;aise dans un v\u00e9hicule de luxe priv\u00e9 avec chauffeur et guide officiel.<\/p>\n","protected":false},"featured_media":87177,"comment_status":"open","ping_status":"closed","template":"","meta":{"_acf_changed":false},"product_brand":[],"product_cat":[3547,3792],"product_tag":[],"class_list":{"0":"post-104242","1":"product","2":"type-product","3":"status-publish","4":"has-post-thumbnail","6":"product_cat-etats-unis-fr","7":"product_cat-san-antonio-fr","9":"first","10":"instock","11":"shipping-taxable","12":"purchasable","13":"product-type-simple"},"acf":[],"yoast_head":"<!-- This site is optimized with the Yoast SEO Premium plugin v25.3.1 (Yoast SEO v25.3.1) - https:\/\/yoast.com\/wordpress\/plugins\/seo\/ -->\n<title>Visite priv\u00e9e au Texas Hill Country et au ranch LBJ au d\u00e9part de San Antonio<\/title>\n<meta name=\"description\" content=\"\u00c9loignez-vous de la ville bruyante et venez avec nous pour cette visite priv\u00e9e au Texas Hill Country et au LBJ Ranch au d\u00e9part de San Antonio dans un v\u00e9hicule priv\u00e9.\" \/>\n<meta name=\"robots\" content=\"index, follow, max-snippet:-1, max-image-preview:large, max-video-preview:-1\" \/>\n<link rel=\"canonical\" href=\"https:\/\/tourtravelandmore.com\/fr\/tours\/etats-unis-fr\/san-antonio-fr\/visite-privee-au-texas-hill-country-et-au-ranch-lbj\/\" \/>\n<meta property=\"og:locale\" content=\"fr_FR\" \/>\n<meta property=\"og:type\" content=\"article\" \/>\n<meta property=\"og:title\" content=\"Visite priv\u00e9e au Texas Hill Country et au ranch LBJ\" \/>\n<meta property=\"og:description\" content=\"\u00c9loignez-vous de la ville bruyante et venez avec nous pour cette visite priv\u00e9e au Texas Hill Country et au LBJ Ranch au d\u00e9part de San Antonio dans un v\u00e9hicule priv\u00e9.\" \/>\n<meta property=\"og:url\" content=\"https:\/\/tourtravelandmore.com\/fr\/tours\/etats-unis-fr\/san-antonio-fr\/visite-privee-au-texas-hill-country-et-au-ranch-lbj\/\" \/>\n<meta property=\"og:site_name\" content=\"Tour Travel And More\" \/>\n<meta property=\"article:publisher\" content=\"https:\/\/www.facebook.com\/tourtravelandmore\/\" \/>\n<meta property=\"article:modified_time\" content=\"2021-03-18T12:10:12+00:00\" \/>\n<meta property=\"og:image\" content=\"https:\/\/tourtravelandmore.com\/wp-content\/uploads\/2020\/11\/texas-hill.jpg\" \/>\n\t<meta property=\"og:image:width\" content=\"1800\" \/>\n\t<meta property=\"og:image:height\" content=\"1286\" \/>\n\t<meta property=\"og:image:type\" content=\"image\/jpeg\" \/>\n<meta name=\"twitter:card\" content=\"summary_large_image\" \/>\n<meta name=\"twitter:site\" content=\"@TourTravel_More\" \/>\n<meta name=\"twitter:label1\" content=\"Dur\u00e9e de lecture estim\u00e9e\" \/>\n\t<meta name=\"twitter:data1\" content=\"2 minutes\" \/>\n<script type=\"application\/ld+json\" class=\"yoast-schema-graph\">{\"@context\":\"https:\/\/schema.org\",\"@graph\":[{\"@type\":\"WebPage\",\"@id\":\"https:\/\/tourtravelandmore.com\/fr\/tours\/etats-unis-fr\/san-antonio-fr\/visite-privee-au-texas-hill-country-et-au-ranch-lbj\/\",\"url\":\"https:\/\/tourtravelandmore.com\/fr\/tours\/etats-unis-fr\/san-antonio-fr\/visite-privee-au-texas-hill-country-et-au-ranch-lbj\/\",\"name\":\"Visite priv\u00e9e au Texas Hill Country et au ranch LBJ au d\u00e9part de San Antonio\",\"isPartOf\":{\"@id\":\"https:\/\/tourtravelandmore.com\/fr\/#website\"},\"primaryImageOfPage\":{\"@id\":\"https:\/\/tourtravelandmore.com\/fr\/tours\/etats-unis-fr\/san-antonio-fr\/visite-privee-au-texas-hill-country-et-au-ranch-lbj\/#primaryimage\"},\"image\":{\"@id\":\"https:\/\/tourtravelandmore.com\/fr\/tours\/etats-unis-fr\/san-antonio-fr\/visite-privee-au-texas-hill-country-et-au-ranch-lbj\/#primaryimage\"},\"thumbnailUrl\":\"https:\/\/tourtravelandmore.com\/wp-content\/uploads\/2020\/11\/texas-hill.jpg\",\"datePublished\":\"2020-11-18T08:37:37+00:00\",\"dateModified\":\"2021-03-18T12:10:12+00:00\",\"description\":\"\u00c9loignez-vous de la ville bruyante et venez avec nous pour cette visite priv\u00e9e au Texas Hill Country et au LBJ Ranch au d\u00e9part de San Antonio dans un v\u00e9hicule priv\u00e9.\",\"breadcrumb\":{\"@id\":\"https:\/\/tourtravelandmore.com\/fr\/tours\/etats-unis-fr\/san-antonio-fr\/visite-privee-au-texas-hill-country-et-au-ranch-lbj\/#breadcrumb\"},\"inLanguage\":\"fr-FR\",\"potentialAction\":[{\"@type\":\"ReadAction\",\"target\":[\"https:\/\/tourtravelandmore.com\/fr\/tours\/etats-unis-fr\/san-antonio-fr\/visite-privee-au-texas-hill-country-et-au-ranch-lbj\/\"]}]},{\"@type\":\"ImageObject\",\"inLanguage\":\"fr-FR\",\"@id\":\"https:\/\/tourtravelandmore.com\/fr\/tours\/etats-unis-fr\/san-antonio-fr\/visite-privee-au-texas-hill-country-et-au-ranch-lbj\/#primaryimage\",\"url\":\"https:\/\/tourtravelandmore.com\/wp-content\/uploads\/2020\/11\/texas-hill.jpg\",\"contentUrl\":\"https:\/\/tourtravelandmore.com\/wp-content\/uploads\/2020\/11\/texas-hill.jpg\",\"width\":1800,\"height\":1286},{\"@type\":\"BreadcrumbList\",\"@id\":\"https:\/\/tourtravelandmore.com\/fr\/tours\/etats-unis-fr\/san-antonio-fr\/visite-privee-au-texas-hill-country-et-au-ranch-lbj\/#breadcrumb\",\"itemListElement\":[{\"@type\":\"ListItem\",\"position\":1,\"name\":\"Home\",\"item\":\"https:\/\/tourtravelandmore.com\/fr\/\"},{\"@type\":\"ListItem\",\"position\":2,\"name\":\"Tours\",\"item\":\"https:\/\/tourtravelandmore.com\/fr\/tours\/\"},{\"@type\":\"ListItem\",\"position\":3,\"name\":\"Visite priv\u00e9e au Texas Hill Country et au ranch LBJ\"}]},{\"@type\":\"WebSite\",\"@id\":\"https:\/\/tourtravelandmore.com\/fr\/#website\",\"url\":\"https:\/\/tourtravelandmore.com\/fr\/\",\"name\":\"Tour Travel And More\",\"description\":\"Private sightseeing tours and luxury transfers in Spain\",\"publisher\":{\"@id\":\"https:\/\/tourtravelandmore.com\/fr\/#organization\"},\"potentialAction\":[{\"@type\":\"SearchAction\",\"target\":{\"@type\":\"EntryPoint\",\"urlTemplate\":\"https:\/\/tourtravelandmore.com\/fr\/?s={search_term_string}\"},\"query-input\":{\"@type\":\"PropertyValueSpecification\",\"valueRequired\":true,\"valueName\":\"search_term_string\"}}],\"inLanguage\":\"fr-FR\"},{\"@type\":\"Organization\",\"@id\":\"https:\/\/tourtravelandmore.com\/fr\/#organization\",\"name\":\"Tour Travel And More\",\"url\":\"https:\/\/tourtravelandmore.com\/fr\/\",\"logo\":{\"@type\":\"ImageObject\",\"inLanguage\":\"fr-FR\",\"@id\":\"https:\/\/tourtravelandmore.com\/fr\/#\/schema\/logo\/image\/\",\"url\":\"https:\/\/tourtravelandmore.com\/wp-content\/uploads\/2022\/12\/cropped-logo-cabecera-new.png\",\"contentUrl\":\"https:\/\/tourtravelandmore.com\/wp-content\/uploads\/2022\/12\/cropped-logo-cabecera-new.png\",\"width\":430,\"height\":61,\"caption\":\"Tour Travel And More\"},\"image\":{\"@id\":\"https:\/\/tourtravelandmore.com\/fr\/#\/schema\/logo\/image\/\"},\"sameAs\":[\"https:\/\/www.facebook.com\/tourtravelandmore\/\",\"https:\/\/x.com\/TourTravel_More\"]}]}<\/script>\n<!-- \/ Yoast SEO Premium plugin. -->","yoast_head_json":{"title":"Visite priv\u00e9e au Texas Hill Country et au ranch LBJ au d\u00e9part de San Antonio","description":"\u00c9loignez-vous de la ville bruyante et venez avec nous pour cette visite priv\u00e9e au Texas Hill Country et au LBJ Ranch au d\u00e9part de San Antonio dans un v\u00e9hicule priv\u00e9.","robots":{"index":"index","follow":"follow","max-snippet":"max-snippet:-1","max-image-preview":"max-image-preview:large","max-video-preview":"max-video-preview:-1"},"canonical":"https:\/\/tourtravelandmore.com\/fr\/tours\/etats-unis-fr\/san-antonio-fr\/visite-privee-au-texas-hill-country-et-au-ranch-lbj\/","og_locale":"fr_FR","og_type":"article","og_title":"Visite priv\u00e9e au Texas Hill Country et au ranch LBJ","og_description":"\u00c9loignez-vous de la ville bruyante et venez avec nous pour cette visite priv\u00e9e au Texas Hill Country et au LBJ Ranch au d\u00e9part de San Antonio dans un v\u00e9hicule priv\u00e9.","og_url":"https:\/\/tourtravelandmore.com\/fr\/tours\/etats-unis-fr\/san-antonio-fr\/visite-privee-au-texas-hill-country-et-au-ranch-lbj\/","og_site_name":"Tour Travel And More","article_publisher":"https:\/\/www.facebook.com\/tourtravelandmore\/","article_modified_time":"2021-03-18T12:10:12+00:00","og_image":[{"width":1800,"height":1286,"url":"https:\/\/tourtravelandmore.com\/wp-content\/uploads\/2020\/11\/texas-hill.jpg","type":"image\/jpeg"}],"twitter_card":"summary_large_image","twitter_site":"@TourTravel_More","twitter_misc":{"Dur\u00e9e de lecture estim\u00e9e":"2 minutes"},"schema":{"@context":"https:\/\/schema.org","@graph":[{"@type":"WebPage","@id":"https:\/\/tourtravelandmore.com\/fr\/tours\/etats-unis-fr\/san-antonio-fr\/visite-privee-au-texas-hill-country-et-au-ranch-lbj\/","url":"https:\/\/tourtravelandmore.com\/fr\/tours\/etats-unis-fr\/san-antonio-fr\/visite-privee-au-texas-hill-country-et-au-ranch-lbj\/","name":"Visite priv\u00e9e au Texas Hill Country et au ranch LBJ au d\u00e9part de San Antonio","isPartOf":{"@id":"https:\/\/tourtravelandmore.com\/fr\/#website"},"primaryImageOfPage":{"@id":"https:\/\/tourtravelandmore.com\/fr\/tours\/etats-unis-fr\/san-antonio-fr\/visite-privee-au-texas-hill-country-et-au-ranch-lbj\/#primaryimage"},"image":{"@id":"https:\/\/tourtravelandmore.com\/fr\/tours\/etats-unis-fr\/san-antonio-fr\/visite-privee-au-texas-hill-country-et-au-ranch-lbj\/#primaryimage"},"thumbnailUrl":"https:\/\/tourtravelandmore.com\/wp-content\/uploads\/2020\/11\/texas-hill.jpg","datePublished":"2020-11-18T08:37:37+00:00","dateModified":"2021-03-18T12:10:12+00:00","description":"\u00c9loignez-vous de la ville bruyante et venez avec nous pour cette visite priv\u00e9e au Texas Hill Country et au LBJ Ranch au d\u00e9part de San Antonio dans un v\u00e9hicule priv\u00e9.","breadcrumb":{"@id":"https:\/\/tourtravelandmore.com\/fr\/tours\/etats-unis-fr\/san-antonio-fr\/visite-privee-au-texas-hill-country-et-au-ranch-lbj\/#breadcrumb"},"inLanguage":"fr-FR","potentialAction":[{"@type":"ReadAction","target":["https:\/\/tourtravelandmore.com\/fr\/tours\/etats-unis-fr\/san-antonio-fr\/visite-privee-au-texas-hill-country-et-au-ranch-lbj\/"]}]},{"@type":"ImageObject","inLanguage":"fr-FR","@id":"https:\/\/tourtravelandmore.com\/fr\/tours\/etats-unis-fr\/san-antonio-fr\/visite-privee-au-texas-hill-country-et-au-ranch-lbj\/#primaryimage","url":"https:\/\/tourtravelandmore.com\/wp-content\/uploads\/2020\/11\/texas-hill.jpg","contentUrl":"https:\/\/tourtravelandmore.com\/wp-content\/uploads\/2020\/11\/texas-hill.jpg","width":1800,"height":1286},{"@type":"BreadcrumbList","@id":"https:\/\/tourtravelandmore.com\/fr\/tours\/etats-unis-fr\/san-antonio-fr\/visite-privee-au-texas-hill-country-et-au-ranch-lbj\/#breadcrumb","itemListElement":[{"@type":"ListItem","position":1,"name":"Home","item":"https:\/\/tourtravelandmore.com\/fr\/"},{"@type":"ListItem","position":2,"name":"Tours","item":"https:\/\/tourtravelandmore.com\/fr\/tours\/"},{"@type":"ListItem","position":3,"name":"Visite priv\u00e9e au Texas Hill Country et au ranch LBJ"}]},{"@type":"WebSite","@id":"https:\/\/tourtravelandmore.com\/fr\/#website","url":"https:\/\/tourtravelandmore.com\/fr\/","name":"Tour Travel And More","description":"Private sightseeing tours and luxury transfers in Spain","publisher":{"@id":"https:\/\/tourtravelandmore.com\/fr\/#organization"},"potentialAction":[{"@type":"SearchAction","target":{"@type":"EntryPoint","urlTemplate":"https:\/\/tourtravelandmore.com\/fr\/?s={search_term_string}"},"query-input":{"@type":"PropertyValueSpecification","valueRequired":true,"valueName":"search_term_string"}}],"inLanguage":"fr-FR"},{"@type":"Organization","@id":"https:\/\/tourtravelandmore.com\/fr\/#organization","name":"Tour Travel And More","url":"https:\/\/tourtravelandmore.com\/fr\/","logo":{"@type":"ImageObject","inLanguage":"fr-FR","@id":"https:\/\/tourtravelandmore.com\/fr\/#\/schema\/logo\/image\/","url":"https:\/\/tourtravelandmore.com\/wp-content\/uploads\/2022\/12\/cropped-logo-cabecera-new.png","contentUrl":"https:\/\/tourtravelandmore.com\/wp-content\/uploads\/2022\/12\/cropped-logo-cabecera-new.png","width":430,"height":61,"caption":"Tour Travel And More"},"image":{"@id":"https:\/\/tourtravelandmore.com\/fr\/#\/schema\/logo\/image\/"},"sameAs":["https:\/\/www.facebook.com\/tourtravelandmore\/","https:\/\/x.com\/TourTravel_More"]}]}},"_links":{"self":[{"href":"https:\/\/tourtravelandmore.com\/fr\/wp-json\/wp\/v2\/product\/104242","targetHints":{"allow":["GET"]}}],"collection":[{"href":"https:\/\/tourtravelandmore.com\/fr\/wp-json\/wp\/v2\/product"}],"about":[{"href":"https:\/\/tourtravelandmore.com\/fr\/wp-json\/wp\/v2\/types\/product"}],"replies":[{"embeddable":true,"href":"https:\/\/tourtravelandmore.com\/fr\/wp-json\/wp\/v2\/comments?post=104242"}],"wp:featuredmedia":[{"embeddable":true,"href":"https:\/\/tourtravelandmore.com\/fr\/wp-json\/wp\/v2\/media\/87177"}],"wp:attachment":[{"href":"https:\/\/tourtravelandmore.com\/fr\/wp-json\/wp\/v2\/media?parent=104242"}],"wp:term":[{"taxonomy":"product_brand","embeddable":true,"href":"https:\/\/tourtravelandmore.com\/fr\/wp-json\/wp\/v2\/product_brand?post=104242"},{"taxonomy":"product_cat","embeddable":true,"href":"https:\/\/tourtravelandmore.com\/fr\/wp-json\/wp\/v2\/product_cat?post=104242"},{"taxonomy":"product_tag","embeddable":true,"href":"https:\/\/tourtravelandmore.com\/fr\/wp-json\/wp\/v2\/product_tag?post=104242"}],"curies":[{"name":"wp","href":"https:\/\/api.w.org\/{rel}","templated":true}]}}