{"id":104230,"date":"2020-11-17T09:39:35","date_gmt":"2020-11-17T08:39:35","guid":{"rendered":"https:\/\/tourtravelandmore.com\/tours\/non%20class\u00e9\/visite-privee-de-la-ville-de-san-antonio\/"},"modified":"2021-03-18T13:07:17","modified_gmt":"2021-03-18T12:07:17","slug":"visite-privee-de-la-ville-de-san-antonio","status":"publish","type":"product","link":"https:\/\/tourtravelandmore.com\/fr\/tours\/etats-unis-fr\/san-antonio-fr\/visite-privee-de-la-ville-de-san-antonio\/","title":{"rendered":"Visite priv\u00e9e de la ville de San Antonio"},"content":{"rendered":"<h2>Description:<\/h2>\n<p>Profitez au maximum de votre s\u00e9jour aux \u00c9tats-Unis et rejoignez-nous pour cette visite priv\u00e9e de la ville de San Antonio. Profitez de l&#8217;occasion pour explorer la ville confortablement dans un v\u00e9hicule de luxe priv\u00e9 avec chauffeur et guide officiel. Pr\u00e9parez-vous \u00e0 passer un agr\u00e9able moment pendant vos vacances tout en d\u00e9couvrant l&#8217;histoire de cette ville incroyable.<\/p>\n<p>Nous pouvons organiser la prise en charge depuis le lieu de votre choix \u00e0 San Antonio. Un autre fait important est que vous pouvez \u00e9galement d\u00e9cider de l&#8217;heure de d\u00e9but de votre visite. N&#8217;oubliez pas que Tour Travel &amp; More propose uniquement des circuits priv\u00e9s et personnalis\u00e9s.<\/p>\n<p>San Antonio est l&#8217;une des principales villes du centre et du sud du Texas. C&#8217;est la septi\u00e8me ville la plus peupl\u00e9e des \u00c9tats-Unis et la deuxi\u00e8me de l&#8217;\u00c9tat du Texas. San Antonio est une ville c\u00e9l\u00e8bre en raison de son caract\u00e8re texan qui en fait une grande attraction touristique. C&#8217;est aussi la maison des NBA San Antonio Spurs et San Antonio Stock Show &amp; Rodeo, l&#8217;un des festivals de rod\u00e9o les plus importants du pays.<\/p>\n<p>Votre chauffeur priv\u00e9 et votre guide seront \u00e0 votre enti\u00e8re disposition pendant toute la visite priv\u00e9e de la ville de San Antonio. L&#8217;exp\u00e9rience a une dur\u00e9e totale de 4 heures mais si vous \u00eates int\u00e9ress\u00e9, nous pouvons en faire un tour de ville de 6 ou m\u00eame 8 heures.<\/p>\n<h2>Sites d&#8217;int\u00e9r\u00eat et monuments<\/h2>\n<p>Tout d&#8217;abord, votre chauffeur priv\u00e9 et votre guide officiel viendront vous chercher \u00e0 l&#8217;endroit de votre choix \u00e0 San Antonio. Si vous s\u00e9journez en dehors du centre-ville, veuillez nous en informer et nous organiserons tout pour vous.<\/p>\n<p>San Antonio est une ville incroyable avec beaucoup d&#8217;histoire qui vaut la peine d&#8217;\u00eatre connue. Au cours de cette visite priv\u00e9e de la ville de San Antonio, vous visiterez tous les lieux et lieux les plus importants qui repr\u00e9sentent cette ville.<\/p>\n<p>Au cours d&#8217;une visite de 4 heures, vous pourrez visiter:<\/p>\n<ul>\n<li>Tour des Am\u00e9riques<\/li>\n<li>L&#8217;Alamo: C&#8217;est l&#8217;un des lieux historiques les plus importants du Texas. C&#8217;est un monument qui refl\u00e8te les origines du Texas et c&#8217;est pourquoi il a \u00e9t\u00e9 d\u00e9clar\u00e9 site du patrimoine mondial par l&#8217;UNESCO.<\/li>\n<li>Promenade sur la rivi\u00e8re San Antonio<\/li>\n<li>Place du march\u00e9 historique<\/li>\n<li>Jardin de th\u00e9 japonais<\/li>\n<li>Mus\u00e9e d&#8217;art McNay<\/li>\n<li>Village historique de La Villita: C&#8217;est une zone pi\u00e9tonne situ\u00e9e en face du parc Hemisfair, qui abrite des maisons et des b\u00e2timents patrimoniaux de l&#8217;\u00e9poque coloniale.<\/li>\n<li>Parc Travis<\/li>\n<li>Murs de San Antonio<\/li>\n<li>Cath\u00e9drale de San Fernando<\/li>\n<li>\u00c9glise de Trevis Park<\/li>\n<li>Th\u00e9\u00e2tre majestueux<\/li>\n<\/ul>\n<p>Si vous \u00eates int\u00e9ress\u00e9, nous pouvons inclure un billet d&#8217;entr\u00e9e \u00e0 n&#8217;importe quel monument ou mus\u00e9e.<\/p>\n<p>Enfin, \u00e0 la fin de la visite, votre chauffeur priv\u00e9 et votre guide officiel vous d\u00e9poseront \u00e0 votre h\u00f4tel \u00e0 San Antonio.<\/p>\n<p>Si vous n&#8217;avez pas beaucoup de temps dans la ville, vous pouvez jeter un \u0153il \u00e0 notre visite priv\u00e9e \u00e0 pied de San Antonio.<\/p>\n<p><button style=\"width: auto; height: auto; background-image: url('data:image\/png;base64,iVBORw0KGgoAAAANSUhEUgAAADAAAAAwCAYAAABXAvmHAAABS2lUWHRYTUw6Y29tLmFkb2JlLnhtcAAAAAAAPD94cGFja2V0IGJlZ2luPSLvu78iIGlkPSJXNU0wTXBDZWhpSHpyZVN6TlRjemtjOWQiPz4KPHg6eG1wbWV0YSB4bWxuczp4PSJhZG9iZTpuczptZXRhLyIgeDp4bXB0az0iQWRvYmUgWE1QIENvcmUgNS42LWMxMzggNzkuMTU5ODI0LCAyMDE2LzA5LzE0LTAxOjA5OjAxICAgICAgICAiPgogPHJkZjpSREYgeG1sbnM6cmRmPSJodHRwOi8vd3d3LnczLm9yZy8xOTk5LzAyLzIyLXJkZi1zeW50YXgtbnMjIj4KICA8cmRmOkRlc2NyaXB0aW9uIHJkZjphYm91dD0iIi8+CiA8L3JkZjpSREY+CjwveDp4bXBtZXRhPgo8P3hwYWNrZXQgZW5kPSJyIj8+IEmuOgAAAx5JREFUaIHtmj1L81wYx39JI75AbYtgBTFTRdQGXV2cxMlPICjiakHE0cVJB5FO4uLgN1AnZ\/0EgoLQtd6tL6hJIwia9DzDg6Wxpcb7hMTe+INCz+t1\/TnJuU7OOYoQ4g8Qpz2xFSGEiNoLGVTAjtoJCWw1ag9k0eoTQgg2NzcplUp0dHRE5VNTHMdB0zTy+TydnZ21fI8Ay7K4vr4ml8uRSqVCd7IVQgjW19cpFAoYhlHLbxiBTCbD9PR06A76YXx8HNd1PXmed0BRFBzHwTTNUB3zy\/v7O7FYzJPX9i\/xr4Co0b6u0prj42Pu7u5a1unp6UHXdSYmJkgmk7ImPUgLWFlZoVQq+aqbSCSYn59ne3ubRCIhaxoI4BHSdd13Xcuy2N\/fxzCML0fNL9IjoChK7f\/p6Smjo6MNdWzb5vz8nI2NDUzTpFgsMjMzw+Xlpax5eQH1TE5OMjAw0LQsm80yNzdHNpvFtm2urq44PDxkaWlJymags9D9\/X3Lcl3X2dnZqaX39vakbYY+jS4uLtLV1QXAxcUFlUpFqr\/QBXR3d9Pf3w\/8v8J8fn6W6i90Aa7r8vT0BEAsFpOeTkMXcHJywsvLCwAjIyPSgS1QAb29vS3LHx4eyOVytfTy8rK0zUAFPD4+8vb25vm9vr5SLBY5ODjAMAzK5TIAQ0NDrK6uStsMNA7Mzs42rNfrn\/kP0uk0Z2dnaJq8+UAFfHb0M6qqsrCwwO7uLn19fYHYDFTA2tpa00isaRqDg4NMTU19a+3kh0AFbG1t1YJUWAT6EhcKhSC780Xbf5H9CoiaXwFRIy2gPng5jiPb3beRjgPDw8NYlgUQegyAAAQcHR3xccgTxNrmu0hbjMJpj32ZxkIITNOkWq16tlf8tlVVlWQy+e229UgLKJfLuK77VwI+PikjE6CqKmNjYzJdSPPvxQFVVT2HaD8JVVX5fKzdcEZWLpe5vb39cYd8ADc3Nw1nZB4B8XicdDpNPp+PJCi1wnEcUqkUmUzGk68IISp8uitRqVSoVqth+ueLJntIdtNZ6Kv9nZ9E21\/20IASbXzd5j\/MIQu2KoJrJwAAAABJRU5ErkJggg=='); background-size: 14px 14px; background-color: #000000; position: absolute; opacity: 1; z-index: 86753099; display: none; cursor: pointer; border: none; border-top-left-radius: 3px; border-top-right-radius: 3px; border-bottom-right-radius: 3px; border-bottom-left-radius: 3px; text-indent: 20px; padding: 0px 4px 0px 0px; text-align: center; font-style: normal; font-variant-caps: normal; font-weight: bold; font-stretch: normal; font-size: 11px; line-height: 20px; font-family: 'Helvetica Neue', Helvetica, sans-serif; color: #ffffff; text-transform: capitalize; -webkit-font-smoothing: antialiased; top: 1397px; left: 563px; background-position: 3px 50%; background-repeat: no-repeat no-repeat;\">plan it<\/button><\/p>\n","protected":false},"excerpt":{"rendered":"<p>Rejoignez-nous lors de cette visite priv\u00e9e de la ville de San Antonio et saisissez la chance de visiter une ville incroyable \u00e0 l&#8217;aise dans un v\u00e9hicule de luxe priv\u00e9. Apprenez l&#8217;histoire et la culture de l&#8217;une des plus grandes villes du Texas.<\/p>\n","protected":false},"featured_media":131044,"comment_status":"open","ping_status":"closed","template":"","meta":{"_acf_changed":false},"product_brand":[],"product_cat":[3547,3792],"product_tag":[],"class_list":{"0":"post-104230","1":"product","2":"type-product","3":"status-publish","4":"has-post-thumbnail","6":"product_cat-etats-unis-fr","7":"product_cat-san-antonio-fr","9":"first","10":"instock","11":"shipping-taxable","12":"purchasable","13":"product-type-simple"},"acf":[],"yoast_head":"<!-- This site is optimized with the Yoast SEO Premium plugin v25.3.1 (Yoast SEO v25.3.1) - https:\/\/yoast.com\/wordpress\/plugins\/seo\/ -->\n<title>Visite priv\u00e9e de la ville de San Antonio avec chauffeur et guide local<\/title>\n<meta name=\"description\" content=\"Faites cette visite priv\u00e9e de la ville de San Antonio et obtenez la chance de profiter du meilleur de la ville avec un guide touristique local et un chauffeur priv\u00e9.\" \/>\n<meta name=\"robots\" content=\"index, follow, max-snippet:-1, max-image-preview:large, max-video-preview:-1\" \/>\n<link rel=\"canonical\" href=\"https:\/\/tourtravelandmore.com\/fr\/tours\/etats-unis-fr\/san-antonio-fr\/visite-privee-de-la-ville-de-san-antonio\/\" \/>\n<meta property=\"og:locale\" content=\"fr_FR\" \/>\n<meta property=\"og:type\" content=\"article\" \/>\n<meta property=\"og:title\" content=\"Visite priv\u00e9e de la ville de San Antonio\" \/>\n<meta property=\"og:description\" content=\"Faites cette visite priv\u00e9e de la ville de San Antonio et obtenez la chance de profiter du meilleur de la ville avec un guide touristique local et un chauffeur priv\u00e9.\" \/>\n<meta property=\"og:url\" content=\"https:\/\/tourtravelandmore.com\/fr\/tours\/etats-unis-fr\/san-antonio-fr\/visite-privee-de-la-ville-de-san-antonio\/\" \/>\n<meta property=\"og:site_name\" content=\"Tour Travel And More\" \/>\n<meta property=\"article:publisher\" content=\"https:\/\/www.facebook.com\/tourtravelandmore\/\" \/>\n<meta property=\"article:modified_time\" content=\"2021-03-18T12:07:17+00:00\" \/>\n<meta property=\"og:image\" content=\"https:\/\/tourtravelandmore.com\/wp-content\/uploads\/2020\/11\/San-Antionio-scaled.jpg\" \/>\n\t<meta property=\"og:image:width\" content=\"1707\" \/>\n\t<meta property=\"og:image:height\" content=\"2560\" \/>\n\t<meta property=\"og:image:type\" content=\"image\/jpeg\" \/>\n<meta name=\"twitter:card\" content=\"summary_large_image\" \/>\n<meta name=\"twitter:site\" content=\"@TourTravel_More\" \/>\n<meta name=\"twitter:label1\" content=\"Dur\u00e9e de lecture estim\u00e9e\" \/>\n\t<meta name=\"twitter:data1\" content=\"3 minutes\" \/>\n<script type=\"application\/ld+json\" class=\"yoast-schema-graph\">{\"@context\":\"https:\/\/schema.org\",\"@graph\":[{\"@type\":\"WebPage\",\"@id\":\"https:\/\/tourtravelandmore.com\/fr\/tours\/etats-unis-fr\/san-antonio-fr\/visite-privee-de-la-ville-de-san-antonio\/\",\"url\":\"https:\/\/tourtravelandmore.com\/fr\/tours\/etats-unis-fr\/san-antonio-fr\/visite-privee-de-la-ville-de-san-antonio\/\",\"name\":\"Visite priv\u00e9e de la ville de San Antonio avec chauffeur et guide local\",\"isPartOf\":{\"@id\":\"https:\/\/tourtravelandmore.com\/fr\/#website\"},\"primaryImageOfPage\":{\"@id\":\"https:\/\/tourtravelandmore.com\/fr\/tours\/etats-unis-fr\/san-antonio-fr\/visite-privee-de-la-ville-de-san-antonio\/#primaryimage\"},\"image\":{\"@id\":\"https:\/\/tourtravelandmore.com\/fr\/tours\/etats-unis-fr\/san-antonio-fr\/visite-privee-de-la-ville-de-san-antonio\/#primaryimage\"},\"thumbnailUrl\":\"https:\/\/tourtravelandmore.com\/wp-content\/uploads\/2020\/11\/San-Antionio-scaled.jpg\",\"datePublished\":\"2020-11-17T08:39:35+00:00\",\"dateModified\":\"2021-03-18T12:07:17+00:00\",\"description\":\"Faites cette visite priv\u00e9e de la ville de San Antonio et obtenez la chance de profiter du meilleur de la ville avec un guide touristique local et un chauffeur priv\u00e9.\",\"breadcrumb\":{\"@id\":\"https:\/\/tourtravelandmore.com\/fr\/tours\/etats-unis-fr\/san-antonio-fr\/visite-privee-de-la-ville-de-san-antonio\/#breadcrumb\"},\"inLanguage\":\"fr-FR\",\"potentialAction\":[{\"@type\":\"ReadAction\",\"target\":[\"https:\/\/tourtravelandmore.com\/fr\/tours\/etats-unis-fr\/san-antonio-fr\/visite-privee-de-la-ville-de-san-antonio\/\"]}]},{\"@type\":\"ImageObject\",\"inLanguage\":\"fr-FR\",\"@id\":\"https:\/\/tourtravelandmore.com\/fr\/tours\/etats-unis-fr\/san-antonio-fr\/visite-privee-de-la-ville-de-san-antonio\/#primaryimage\",\"url\":\"https:\/\/tourtravelandmore.com\/wp-content\/uploads\/2020\/11\/San-Antionio-scaled.jpg\",\"contentUrl\":\"https:\/\/tourtravelandmore.com\/wp-content\/uploads\/2020\/11\/San-Antionio-scaled.jpg\",\"width\":1707,\"height\":2560},{\"@type\":\"BreadcrumbList\",\"@id\":\"https:\/\/tourtravelandmore.com\/fr\/tours\/etats-unis-fr\/san-antonio-fr\/visite-privee-de-la-ville-de-san-antonio\/#breadcrumb\",\"itemListElement\":[{\"@type\":\"ListItem\",\"position\":1,\"name\":\"Home\",\"item\":\"https:\/\/tourtravelandmore.com\/fr\/\"},{\"@type\":\"ListItem\",\"position\":2,\"name\":\"Tours\",\"item\":\"https:\/\/tourtravelandmore.com\/fr\/tours\/\"},{\"@type\":\"ListItem\",\"position\":3,\"name\":\"Visite priv\u00e9e de la ville de San Antonio\"}]},{\"@type\":\"WebSite\",\"@id\":\"https:\/\/tourtravelandmore.com\/fr\/#website\",\"url\":\"https:\/\/tourtravelandmore.com\/fr\/\",\"name\":\"Tour Travel And More\",\"description\":\"Private sightseeing tours and luxury transfers in Spain\",\"publisher\":{\"@id\":\"https:\/\/tourtravelandmore.com\/fr\/#organization\"},\"potentialAction\":[{\"@type\":\"SearchAction\",\"target\":{\"@type\":\"EntryPoint\",\"urlTemplate\":\"https:\/\/tourtravelandmore.com\/fr\/?s={search_term_string}\"},\"query-input\":{\"@type\":\"PropertyValueSpecification\",\"valueRequired\":true,\"valueName\":\"search_term_string\"}}],\"inLanguage\":\"fr-FR\"},{\"@type\":\"Organization\",\"@id\":\"https:\/\/tourtravelandmore.com\/fr\/#organization\",\"name\":\"Tour Travel And More\",\"url\":\"https:\/\/tourtravelandmore.com\/fr\/\",\"logo\":{\"@type\":\"ImageObject\",\"inLanguage\":\"fr-FR\",\"@id\":\"https:\/\/tourtravelandmore.com\/fr\/#\/schema\/logo\/image\/\",\"url\":\"https:\/\/tourtravelandmore.com\/wp-content\/uploads\/2022\/12\/cropped-logo-cabecera-new.png\",\"contentUrl\":\"https:\/\/tourtravelandmore.com\/wp-content\/uploads\/2022\/12\/cropped-logo-cabecera-new.png\",\"width\":430,\"height\":61,\"caption\":\"Tour Travel And More\"},\"image\":{\"@id\":\"https:\/\/tourtravelandmore.com\/fr\/#\/schema\/logo\/image\/\"},\"sameAs\":[\"https:\/\/www.facebook.com\/tourtravelandmore\/\",\"https:\/\/x.com\/TourTravel_More\"]}]}<\/script>\n<!-- \/ Yoast SEO Premium plugin. -->","yoast_head_json":{"title":"Visite priv\u00e9e de la ville de San Antonio avec chauffeur et guide local","description":"Faites cette visite priv\u00e9e de la ville de San Antonio et obtenez la chance de profiter du meilleur de la ville avec un guide touristique local et un chauffeur priv\u00e9.","robots":{"index":"index","follow":"follow","max-snippet":"max-snippet:-1","max-image-preview":"max-image-preview:large","max-video-preview":"max-video-preview:-1"},"canonical":"https:\/\/tourtravelandmore.com\/fr\/tours\/etats-unis-fr\/san-antonio-fr\/visite-privee-de-la-ville-de-san-antonio\/","og_locale":"fr_FR","og_type":"article","og_title":"Visite priv\u00e9e de la ville de San Antonio","og_description":"Faites cette visite priv\u00e9e de la ville de San Antonio et obtenez la chance de profiter du meilleur de la ville avec un guide touristique local et un chauffeur priv\u00e9.","og_url":"https:\/\/tourtravelandmore.com\/fr\/tours\/etats-unis-fr\/san-antonio-fr\/visite-privee-de-la-ville-de-san-antonio\/","og_site_name":"Tour Travel And More","article_publisher":"https:\/\/www.facebook.com\/tourtravelandmore\/","article_modified_time":"2021-03-18T12:07:17+00:00","og_image":[{"width":1707,"height":2560,"url":"https:\/\/tourtravelandmore.com\/wp-content\/uploads\/2020\/11\/San-Antionio-scaled.jpg","type":"image\/jpeg"}],"twitter_card":"summary_large_image","twitter_site":"@TourTravel_More","twitter_misc":{"Dur\u00e9e de lecture estim\u00e9e":"3 minutes"},"schema":{"@context":"https:\/\/schema.org","@graph":[{"@type":"WebPage","@id":"https:\/\/tourtravelandmore.com\/fr\/tours\/etats-unis-fr\/san-antonio-fr\/visite-privee-de-la-ville-de-san-antonio\/","url":"https:\/\/tourtravelandmore.com\/fr\/tours\/etats-unis-fr\/san-antonio-fr\/visite-privee-de-la-ville-de-san-antonio\/","name":"Visite priv\u00e9e de la ville de San Antonio avec chauffeur et guide local","isPartOf":{"@id":"https:\/\/tourtravelandmore.com\/fr\/#website"},"primaryImageOfPage":{"@id":"https:\/\/tourtravelandmore.com\/fr\/tours\/etats-unis-fr\/san-antonio-fr\/visite-privee-de-la-ville-de-san-antonio\/#primaryimage"},"image":{"@id":"https:\/\/tourtravelandmore.com\/fr\/tours\/etats-unis-fr\/san-antonio-fr\/visite-privee-de-la-ville-de-san-antonio\/#primaryimage"},"thumbnailUrl":"https:\/\/tourtravelandmore.com\/wp-content\/uploads\/2020\/11\/San-Antionio-scaled.jpg","datePublished":"2020-11-17T08:39:35+00:00","dateModified":"2021-03-18T12:07:17+00:00","description":"Faites cette visite priv\u00e9e de la ville de San Antonio et obtenez la chance de profiter du meilleur de la ville avec un guide touristique local et un chauffeur priv\u00e9.","breadcrumb":{"@id":"https:\/\/tourtravelandmore.com\/fr\/tours\/etats-unis-fr\/san-antonio-fr\/visite-privee-de-la-ville-de-san-antonio\/#breadcrumb"},"inLanguage":"fr-FR","potentialAction":[{"@type":"ReadAction","target":["https:\/\/tourtravelandmore.com\/fr\/tours\/etats-unis-fr\/san-antonio-fr\/visite-privee-de-la-ville-de-san-antonio\/"]}]},{"@type":"ImageObject","inLanguage":"fr-FR","@id":"https:\/\/tourtravelandmore.com\/fr\/tours\/etats-unis-fr\/san-antonio-fr\/visite-privee-de-la-ville-de-san-antonio\/#primaryimage","url":"https:\/\/tourtravelandmore.com\/wp-content\/uploads\/2020\/11\/San-Antionio-scaled.jpg","contentUrl":"https:\/\/tourtravelandmore.com\/wp-content\/uploads\/2020\/11\/San-Antionio-scaled.jpg","width":1707,"height":2560},{"@type":"BreadcrumbList","@id":"https:\/\/tourtravelandmore.com\/fr\/tours\/etats-unis-fr\/san-antonio-fr\/visite-privee-de-la-ville-de-san-antonio\/#breadcrumb","itemListElement":[{"@type":"ListItem","position":1,"name":"Home","item":"https:\/\/tourtravelandmore.com\/fr\/"},{"@type":"ListItem","position":2,"name":"Tours","item":"https:\/\/tourtravelandmore.com\/fr\/tours\/"},{"@type":"ListItem","position":3,"name":"Visite priv\u00e9e de la ville de San Antonio"}]},{"@type":"WebSite","@id":"https:\/\/tourtravelandmore.com\/fr\/#website","url":"https:\/\/tourtravelandmore.com\/fr\/","name":"Tour Travel And More","description":"Private sightseeing tours and luxury transfers in Spain","publisher":{"@id":"https:\/\/tourtravelandmore.com\/fr\/#organization"},"potentialAction":[{"@type":"SearchAction","target":{"@type":"EntryPoint","urlTemplate":"https:\/\/tourtravelandmore.com\/fr\/?s={search_term_string}"},"query-input":{"@type":"PropertyValueSpecification","valueRequired":true,"valueName":"search_term_string"}}],"inLanguage":"fr-FR"},{"@type":"Organization","@id":"https:\/\/tourtravelandmore.com\/fr\/#organization","name":"Tour Travel And More","url":"https:\/\/tourtravelandmore.com\/fr\/","logo":{"@type":"ImageObject","inLanguage":"fr-FR","@id":"https:\/\/tourtravelandmore.com\/fr\/#\/schema\/logo\/image\/","url":"https:\/\/tourtravelandmore.com\/wp-content\/uploads\/2022\/12\/cropped-logo-cabecera-new.png","contentUrl":"https:\/\/tourtravelandmore.com\/wp-content\/uploads\/2022\/12\/cropped-logo-cabecera-new.png","width":430,"height":61,"caption":"Tour Travel And More"},"image":{"@id":"https:\/\/tourtravelandmore.com\/fr\/#\/schema\/logo\/image\/"},"sameAs":["https:\/\/www.facebook.com\/tourtravelandmore\/","https:\/\/x.com\/TourTravel_More"]}]}},"_links":{"self":[{"href":"https:\/\/tourtravelandmore.com\/fr\/wp-json\/wp\/v2\/product\/104230","targetHints":{"allow":["GET"]}}],"collection":[{"href":"https:\/\/tourtravelandmore.com\/fr\/wp-json\/wp\/v2\/product"}],"about":[{"href":"https:\/\/tourtravelandmore.com\/fr\/wp-json\/wp\/v2\/types\/product"}],"replies":[{"embeddable":true,"href":"https:\/\/tourtravelandmore.com\/fr\/wp-json\/wp\/v2\/comments?post=104230"}],"wp:featuredmedia":[{"embeddable":true,"href":"https:\/\/tourtravelandmore.com\/fr\/wp-json\/wp\/v2\/media\/131044"}],"wp:attachment":[{"href":"https:\/\/tourtravelandmore.com\/fr\/wp-json\/wp\/v2\/media?parent=104230"}],"wp:term":[{"taxonomy":"product_brand","embeddable":true,"href":"https:\/\/tourtravelandmore.com\/fr\/wp-json\/wp\/v2\/product_brand?post=104230"},{"taxonomy":"product_cat","embeddable":true,"href":"https:\/\/tourtravelandmore.com\/fr\/wp-json\/wp\/v2\/product_cat?post=104230"},{"taxonomy":"product_tag","embeddable":true,"href":"https:\/\/tourtravelandmore.com\/fr\/wp-json\/wp\/v2\/product_tag?post=104230"}],"curies":[{"name":"wp","href":"https:\/\/api.w.org\/{rel}","templated":true}]}}