{"id":104215,"date":"2020-09-23T14:57:46","date_gmt":"2020-09-23T12:57:46","guid":{"rendered":"https:\/\/tourtravelandmore.com\/tours\/non%20class\u00e9\/visite-privee-de-la-ville-de-la-nouvelle-orleans\/"},"modified":"2021-03-18T12:32:56","modified_gmt":"2021-03-18T11:32:56","slug":"visite-privee-de-la-ville-de-la-nouvelle-orleans","status":"publish","type":"product","link":"https:\/\/tourtravelandmore.com\/fr\/tours\/etats-unis-fr\/new-orleans-fr\/visite-privee-de-la-ville-de-la-nouvelle-orleans\/","title":{"rendered":"Visite priv\u00e9e de la ville de la Nouvelle-Orl\u00e9ans"},"content":{"rendered":"<h2>Description<\/h2>\n<p>La Nouvelle-Orl\u00e9ans, la ville du Jazz. Laissez nos experts vous emmener dans cette visite priv\u00e9e de la Nouvelle-Orl\u00e9ans et d\u00e9couvrez ses merveilles. Apprenez l&#8217;histoire et visitez les principaux sites de la ville avec un expert local.<\/p>\n<p>Cette visite priv\u00e9e commencera \u00e0 partir de votre h\u00f4tel ou de l&#8217;endroit souhait\u00e9 \u00e0 la Nouvelle-Orl\u00e9ans.<\/p>\n<p>Tout d&#8217;abord, votre chauffeur priv\u00e9 et votre guide viendront vous chercher \u00e0 l&#8217;heure souhait\u00e9e. Une fois que vous avez rencontr\u00e9 les deux, nous commencerons votre visite priv\u00e9e.<\/p>\n<p>Nos deux circuits les plus vendus \u00e0 la Nouvelle-Orl\u00e9ans sont la visite \u00e0 pied et la visite de la ville. Cela dit, nous pouvons \u00e9galement organiser des visites priv\u00e9es dans les plantations ou en bateau dans les marais. Nous pouvons organiser tout type de visite priv\u00e9e pour vous. Tout ce que vous avez \u00e0 faire est de contacter nos experts en voyages!<\/p>\n<p>Nous inclurons bien s\u00fbr un arr\u00eat dans le c\u00e9l\u00e8bre quartier fran\u00e7ais!<\/p>\n<h2>Sites d&#8217;int\u00e9r\u00eat et monuments<\/h2>\n<p>Apr\u00e8s une prise en charge confortable et facile, nous commencerons cette visite priv\u00e9e de la Nouvelle-Orl\u00e9ans. Votre chauffeur et votre guide s\u00e9par\u00e9 seront \u00e0 votre disposition pour vous assurer une exp\u00e9rience unique.<\/p>\n<p>Les principaux sites de la Nouvelle-Orl\u00e9ans et les attractions touristiques auraient besoin d&#8217;un transport pour se rendre de l&#8217;un \u00e0 l&#8217;autre. C&#8217;est pourquoi votre chauffeur vous emm\u00e8nera confortablement et votre guide descendra et vous fera visiter chaque endroit.<\/p>\n<p>Voici quelques exemples de ce que vous pouvez appr\u00e9cier dans cette ville pleine de maisons de ville somptueuses et d&#8217;une grande architecture:<\/p>\n<ul>\n<li>Quartier fran\u00e7ais: l&#8217;une des parties les plus c\u00e9l\u00e8bres et les plus connues de la Nouvelle-Orl\u00e9ans. Le Vieux Carr\u00e9. Jetez \u00e9galement un \u0153il \u00e0 notre visite priv\u00e9e \u00e0 pied!<\/li>\n<li>Un arr\u00eat rapide si vous le souhaitez au Caf\u00e9 du Monde<\/li>\n<li>Jackson Square<\/li>\n<li>Quartier des jardins<\/li>\n<li>Rue des Fran\u00e7ais<\/li>\n<li>Parc de ville<\/li>\n<li>March\u00e9 fran\u00e7ais<\/li>\n<li>Rue Royale<\/li>\n<li>Cath\u00e9drale St Louis<\/li>\n<li>Beaucoup plus!<\/li>\n<\/ul>\n<p>Explorez et d\u00e9couvrez la grande architecture tout en d\u00e9couvrant le quartier fran\u00e7ais historique. C&#8217;est une visite incontournable si c&#8217;est votre premi\u00e8re fois \u00e0 la Nouvelle-Orl\u00e9ans ou si vous souhaitez une vue plus approfondie de son histoire!<\/p>\n<p>Contactez notre \u00e9quipe pour plus d&#8217;informations!<\/p>\n","protected":false},"excerpt":{"rendered":"<p>D\u00e9couvrez la merveilleuse ville de La Nouvelle-Orl\u00e9ans \u00e0 l&#8217;aise dans votre v\u00e9hicule priv\u00e9 et \u00e0 c\u00f4t\u00e9 d&#8217;un guide officiel. Visitez la cath\u00e9drale St Louis, le quartier fran\u00e7ais et bien plus encore lors d&#8217;une visite priv\u00e9e!<\/p>\n","protected":false},"featured_media":98334,"comment_status":"open","ping_status":"closed","template":"","meta":{"_acf_changed":false},"product_brand":[],"product_cat":[3547,3795],"product_tag":[],"class_list":{"0":"post-104215","1":"product","2":"type-product","3":"status-publish","4":"has-post-thumbnail","6":"product_cat-etats-unis-fr","7":"product_cat-new-orleans-fr","9":"first","10":"instock","11":"shipping-taxable","12":"purchasable","13":"product-type-simple"},"acf":[],"yoast_head":"<!-- This site is optimized with the Yoast SEO Premium plugin v25.3.1 (Yoast SEO v25.3.1) - https:\/\/yoast.com\/wordpress\/plugins\/seo\/ -->\n<title>Visite priv\u00e9e de la Nouvelle-Orl\u00e9ans avec chauffeur et guide touristique agr\u00e9\u00e9<\/title>\n<meta name=\"description\" content=\"Profitez de cette visite priv\u00e9e de la Nouvelle-Orl\u00e9ans avec un guide officiel et un chauffeur priv\u00e9. Apprenez \u00e0 conna\u00eetre les meilleurs endroits de la ville avec une \u00e9quipe professionnelle!\" \/>\n<meta name=\"robots\" content=\"index, follow, max-snippet:-1, max-image-preview:large, max-video-preview:-1\" \/>\n<link rel=\"canonical\" href=\"https:\/\/tourtravelandmore.com\/fr\/tours\/etats-unis-fr\/new-orleans-fr\/visite-privee-de-la-ville-de-la-nouvelle-orleans\/\" \/>\n<meta property=\"og:locale\" content=\"fr_FR\" \/>\n<meta property=\"og:type\" content=\"article\" \/>\n<meta property=\"og:title\" content=\"Visite priv\u00e9e de la ville de la Nouvelle-Orl\u00e9ans\" \/>\n<meta property=\"og:description\" content=\"Profitez de cette visite priv\u00e9e de la Nouvelle-Orl\u00e9ans avec un guide officiel et un chauffeur priv\u00e9. Apprenez \u00e0 conna\u00eetre les meilleurs endroits de la ville avec une \u00e9quipe professionnelle!\" \/>\n<meta property=\"og:url\" content=\"https:\/\/tourtravelandmore.com\/fr\/tours\/etats-unis-fr\/new-orleans-fr\/visite-privee-de-la-ville-de-la-nouvelle-orleans\/\" \/>\n<meta property=\"og:site_name\" content=\"Tour Travel And More\" \/>\n<meta property=\"article:publisher\" content=\"https:\/\/www.facebook.com\/tourtravelandmore\/\" \/>\n<meta property=\"article:modified_time\" content=\"2021-03-18T11:32:56+00:00\" \/>\n<meta property=\"og:image\" content=\"https:\/\/tourtravelandmore.com\/wp-content\/uploads\/2020\/09\/The_Saint_Louis_Cathedral_-_New_Orleans_Louisiana-min-scaled.jpg\" \/>\n\t<meta property=\"og:image:width\" content=\"2560\" \/>\n\t<meta property=\"og:image:height\" content=\"1545\" \/>\n\t<meta property=\"og:image:type\" content=\"image\/jpeg\" \/>\n<meta name=\"twitter:card\" content=\"summary_large_image\" \/>\n<meta name=\"twitter:site\" content=\"@TourTravel_More\" \/>\n<meta name=\"twitter:label1\" content=\"Dur\u00e9e de lecture estim\u00e9e\" \/>\n\t<meta name=\"twitter:data1\" content=\"2 minutes\" \/>\n<script type=\"application\/ld+json\" class=\"yoast-schema-graph\">{\"@context\":\"https:\/\/schema.org\",\"@graph\":[{\"@type\":\"WebPage\",\"@id\":\"https:\/\/tourtravelandmore.com\/fr\/tours\/etats-unis-fr\/new-orleans-fr\/visite-privee-de-la-ville-de-la-nouvelle-orleans\/\",\"url\":\"https:\/\/tourtravelandmore.com\/fr\/tours\/etats-unis-fr\/new-orleans-fr\/visite-privee-de-la-ville-de-la-nouvelle-orleans\/\",\"name\":\"Visite priv\u00e9e de la Nouvelle-Orl\u00e9ans avec chauffeur et guide touristique agr\u00e9\u00e9\",\"isPartOf\":{\"@id\":\"https:\/\/tourtravelandmore.com\/fr\/#website\"},\"primaryImageOfPage\":{\"@id\":\"https:\/\/tourtravelandmore.com\/fr\/tours\/etats-unis-fr\/new-orleans-fr\/visite-privee-de-la-ville-de-la-nouvelle-orleans\/#primaryimage\"},\"image\":{\"@id\":\"https:\/\/tourtravelandmore.com\/fr\/tours\/etats-unis-fr\/new-orleans-fr\/visite-privee-de-la-ville-de-la-nouvelle-orleans\/#primaryimage\"},\"thumbnailUrl\":\"https:\/\/tourtravelandmore.com\/wp-content\/uploads\/2020\/09\/The_Saint_Louis_Cathedral_-_New_Orleans_Louisiana-min-scaled.jpg\",\"datePublished\":\"2020-09-23T12:57:46+00:00\",\"dateModified\":\"2021-03-18T11:32:56+00:00\",\"description\":\"Profitez de cette visite priv\u00e9e de la Nouvelle-Orl\u00e9ans avec un guide officiel et un chauffeur priv\u00e9. Apprenez \u00e0 conna\u00eetre les meilleurs endroits de la ville avec une \u00e9quipe professionnelle!\",\"breadcrumb\":{\"@id\":\"https:\/\/tourtravelandmore.com\/fr\/tours\/etats-unis-fr\/new-orleans-fr\/visite-privee-de-la-ville-de-la-nouvelle-orleans\/#breadcrumb\"},\"inLanguage\":\"fr-FR\",\"potentialAction\":[{\"@type\":\"ReadAction\",\"target\":[\"https:\/\/tourtravelandmore.com\/fr\/tours\/etats-unis-fr\/new-orleans-fr\/visite-privee-de-la-ville-de-la-nouvelle-orleans\/\"]}]},{\"@type\":\"ImageObject\",\"inLanguage\":\"fr-FR\",\"@id\":\"https:\/\/tourtravelandmore.com\/fr\/tours\/etats-unis-fr\/new-orleans-fr\/visite-privee-de-la-ville-de-la-nouvelle-orleans\/#primaryimage\",\"url\":\"https:\/\/tourtravelandmore.com\/wp-content\/uploads\/2020\/09\/The_Saint_Louis_Cathedral_-_New_Orleans_Louisiana-min-scaled.jpg\",\"contentUrl\":\"https:\/\/tourtravelandmore.com\/wp-content\/uploads\/2020\/09\/The_Saint_Louis_Cathedral_-_New_Orleans_Louisiana-min-scaled.jpg\",\"width\":2560,\"height\":1545},{\"@type\":\"BreadcrumbList\",\"@id\":\"https:\/\/tourtravelandmore.com\/fr\/tours\/etats-unis-fr\/new-orleans-fr\/visite-privee-de-la-ville-de-la-nouvelle-orleans\/#breadcrumb\",\"itemListElement\":[{\"@type\":\"ListItem\",\"position\":1,\"name\":\"Home\",\"item\":\"https:\/\/tourtravelandmore.com\/fr\/\"},{\"@type\":\"ListItem\",\"position\":2,\"name\":\"Tours\",\"item\":\"https:\/\/tourtravelandmore.com\/fr\/tours\/\"},{\"@type\":\"ListItem\",\"position\":3,\"name\":\"Visite priv\u00e9e de la ville de la Nouvelle-Orl\u00e9ans\"}]},{\"@type\":\"WebSite\",\"@id\":\"https:\/\/tourtravelandmore.com\/fr\/#website\",\"url\":\"https:\/\/tourtravelandmore.com\/fr\/\",\"name\":\"Tour Travel And More\",\"description\":\"Private sightseeing tours and luxury transfers in Spain\",\"publisher\":{\"@id\":\"https:\/\/tourtravelandmore.com\/fr\/#organization\"},\"potentialAction\":[{\"@type\":\"SearchAction\",\"target\":{\"@type\":\"EntryPoint\",\"urlTemplate\":\"https:\/\/tourtravelandmore.com\/fr\/?s={search_term_string}\"},\"query-input\":{\"@type\":\"PropertyValueSpecification\",\"valueRequired\":true,\"valueName\":\"search_term_string\"}}],\"inLanguage\":\"fr-FR\"},{\"@type\":\"Organization\",\"@id\":\"https:\/\/tourtravelandmore.com\/fr\/#organization\",\"name\":\"Tour Travel And More\",\"url\":\"https:\/\/tourtravelandmore.com\/fr\/\",\"logo\":{\"@type\":\"ImageObject\",\"inLanguage\":\"fr-FR\",\"@id\":\"https:\/\/tourtravelandmore.com\/fr\/#\/schema\/logo\/image\/\",\"url\":\"https:\/\/tourtravelandmore.com\/wp-content\/uploads\/2022\/12\/cropped-logo-cabecera-new.png\",\"contentUrl\":\"https:\/\/tourtravelandmore.com\/wp-content\/uploads\/2022\/12\/cropped-logo-cabecera-new.png\",\"width\":430,\"height\":61,\"caption\":\"Tour Travel And More\"},\"image\":{\"@id\":\"https:\/\/tourtravelandmore.com\/fr\/#\/schema\/logo\/image\/\"},\"sameAs\":[\"https:\/\/www.facebook.com\/tourtravelandmore\/\",\"https:\/\/x.com\/TourTravel_More\"]}]}<\/script>\n<!-- \/ Yoast SEO Premium plugin. -->","yoast_head_json":{"title":"Visite priv\u00e9e de la Nouvelle-Orl\u00e9ans avec chauffeur et guide touristique agr\u00e9\u00e9","description":"Profitez de cette visite priv\u00e9e de la Nouvelle-Orl\u00e9ans avec un guide officiel et un chauffeur priv\u00e9. Apprenez \u00e0 conna\u00eetre les meilleurs endroits de la ville avec une \u00e9quipe professionnelle!","robots":{"index":"index","follow":"follow","max-snippet":"max-snippet:-1","max-image-preview":"max-image-preview:large","max-video-preview":"max-video-preview:-1"},"canonical":"https:\/\/tourtravelandmore.com\/fr\/tours\/etats-unis-fr\/new-orleans-fr\/visite-privee-de-la-ville-de-la-nouvelle-orleans\/","og_locale":"fr_FR","og_type":"article","og_title":"Visite priv\u00e9e de la ville de la Nouvelle-Orl\u00e9ans","og_description":"Profitez de cette visite priv\u00e9e de la Nouvelle-Orl\u00e9ans avec un guide officiel et un chauffeur priv\u00e9. Apprenez \u00e0 conna\u00eetre les meilleurs endroits de la ville avec une \u00e9quipe professionnelle!","og_url":"https:\/\/tourtravelandmore.com\/fr\/tours\/etats-unis-fr\/new-orleans-fr\/visite-privee-de-la-ville-de-la-nouvelle-orleans\/","og_site_name":"Tour Travel And More","article_publisher":"https:\/\/www.facebook.com\/tourtravelandmore\/","article_modified_time":"2021-03-18T11:32:56+00:00","og_image":[{"width":2560,"height":1545,"url":"https:\/\/tourtravelandmore.com\/wp-content\/uploads\/2020\/09\/The_Saint_Louis_Cathedral_-_New_Orleans_Louisiana-min-scaled.jpg","type":"image\/jpeg"}],"twitter_card":"summary_large_image","twitter_site":"@TourTravel_More","twitter_misc":{"Dur\u00e9e de lecture estim\u00e9e":"2 minutes"},"schema":{"@context":"https:\/\/schema.org","@graph":[{"@type":"WebPage","@id":"https:\/\/tourtravelandmore.com\/fr\/tours\/etats-unis-fr\/new-orleans-fr\/visite-privee-de-la-ville-de-la-nouvelle-orleans\/","url":"https:\/\/tourtravelandmore.com\/fr\/tours\/etats-unis-fr\/new-orleans-fr\/visite-privee-de-la-ville-de-la-nouvelle-orleans\/","name":"Visite priv\u00e9e de la Nouvelle-Orl\u00e9ans avec chauffeur et guide touristique agr\u00e9\u00e9","isPartOf":{"@id":"https:\/\/tourtravelandmore.com\/fr\/#website"},"primaryImageOfPage":{"@id":"https:\/\/tourtravelandmore.com\/fr\/tours\/etats-unis-fr\/new-orleans-fr\/visite-privee-de-la-ville-de-la-nouvelle-orleans\/#primaryimage"},"image":{"@id":"https:\/\/tourtravelandmore.com\/fr\/tours\/etats-unis-fr\/new-orleans-fr\/visite-privee-de-la-ville-de-la-nouvelle-orleans\/#primaryimage"},"thumbnailUrl":"https:\/\/tourtravelandmore.com\/wp-content\/uploads\/2020\/09\/The_Saint_Louis_Cathedral_-_New_Orleans_Louisiana-min-scaled.jpg","datePublished":"2020-09-23T12:57:46+00:00","dateModified":"2021-03-18T11:32:56+00:00","description":"Profitez de cette visite priv\u00e9e de la Nouvelle-Orl\u00e9ans avec un guide officiel et un chauffeur priv\u00e9. Apprenez \u00e0 conna\u00eetre les meilleurs endroits de la ville avec une \u00e9quipe professionnelle!","breadcrumb":{"@id":"https:\/\/tourtravelandmore.com\/fr\/tours\/etats-unis-fr\/new-orleans-fr\/visite-privee-de-la-ville-de-la-nouvelle-orleans\/#breadcrumb"},"inLanguage":"fr-FR","potentialAction":[{"@type":"ReadAction","target":["https:\/\/tourtravelandmore.com\/fr\/tours\/etats-unis-fr\/new-orleans-fr\/visite-privee-de-la-ville-de-la-nouvelle-orleans\/"]}]},{"@type":"ImageObject","inLanguage":"fr-FR","@id":"https:\/\/tourtravelandmore.com\/fr\/tours\/etats-unis-fr\/new-orleans-fr\/visite-privee-de-la-ville-de-la-nouvelle-orleans\/#primaryimage","url":"https:\/\/tourtravelandmore.com\/wp-content\/uploads\/2020\/09\/The_Saint_Louis_Cathedral_-_New_Orleans_Louisiana-min-scaled.jpg","contentUrl":"https:\/\/tourtravelandmore.com\/wp-content\/uploads\/2020\/09\/The_Saint_Louis_Cathedral_-_New_Orleans_Louisiana-min-scaled.jpg","width":2560,"height":1545},{"@type":"BreadcrumbList","@id":"https:\/\/tourtravelandmore.com\/fr\/tours\/etats-unis-fr\/new-orleans-fr\/visite-privee-de-la-ville-de-la-nouvelle-orleans\/#breadcrumb","itemListElement":[{"@type":"ListItem","position":1,"name":"Home","item":"https:\/\/tourtravelandmore.com\/fr\/"},{"@type":"ListItem","position":2,"name":"Tours","item":"https:\/\/tourtravelandmore.com\/fr\/tours\/"},{"@type":"ListItem","position":3,"name":"Visite priv\u00e9e de la ville de la Nouvelle-Orl\u00e9ans"}]},{"@type":"WebSite","@id":"https:\/\/tourtravelandmore.com\/fr\/#website","url":"https:\/\/tourtravelandmore.com\/fr\/","name":"Tour Travel And More","description":"Private sightseeing tours and luxury transfers in Spain","publisher":{"@id":"https:\/\/tourtravelandmore.com\/fr\/#organization"},"potentialAction":[{"@type":"SearchAction","target":{"@type":"EntryPoint","urlTemplate":"https:\/\/tourtravelandmore.com\/fr\/?s={search_term_string}"},"query-input":{"@type":"PropertyValueSpecification","valueRequired":true,"valueName":"search_term_string"}}],"inLanguage":"fr-FR"},{"@type":"Organization","@id":"https:\/\/tourtravelandmore.com\/fr\/#organization","name":"Tour Travel And More","url":"https:\/\/tourtravelandmore.com\/fr\/","logo":{"@type":"ImageObject","inLanguage":"fr-FR","@id":"https:\/\/tourtravelandmore.com\/fr\/#\/schema\/logo\/image\/","url":"https:\/\/tourtravelandmore.com\/wp-content\/uploads\/2022\/12\/cropped-logo-cabecera-new.png","contentUrl":"https:\/\/tourtravelandmore.com\/wp-content\/uploads\/2022\/12\/cropped-logo-cabecera-new.png","width":430,"height":61,"caption":"Tour Travel And More"},"image":{"@id":"https:\/\/tourtravelandmore.com\/fr\/#\/schema\/logo\/image\/"},"sameAs":["https:\/\/www.facebook.com\/tourtravelandmore\/","https:\/\/x.com\/TourTravel_More"]}]}},"_links":{"self":[{"href":"https:\/\/tourtravelandmore.com\/fr\/wp-json\/wp\/v2\/product\/104215","targetHints":{"allow":["GET"]}}],"collection":[{"href":"https:\/\/tourtravelandmore.com\/fr\/wp-json\/wp\/v2\/product"}],"about":[{"href":"https:\/\/tourtravelandmore.com\/fr\/wp-json\/wp\/v2\/types\/product"}],"replies":[{"embeddable":true,"href":"https:\/\/tourtravelandmore.com\/fr\/wp-json\/wp\/v2\/comments?post=104215"}],"wp:featuredmedia":[{"embeddable":true,"href":"https:\/\/tourtravelandmore.com\/fr\/wp-json\/wp\/v2\/media\/98334"}],"wp:attachment":[{"href":"https:\/\/tourtravelandmore.com\/fr\/wp-json\/wp\/v2\/media?parent=104215"}],"wp:term":[{"taxonomy":"product_brand","embeddable":true,"href":"https:\/\/tourtravelandmore.com\/fr\/wp-json\/wp\/v2\/product_brand?post=104215"},{"taxonomy":"product_cat","embeddable":true,"href":"https:\/\/tourtravelandmore.com\/fr\/wp-json\/wp\/v2\/product_cat?post=104215"},{"taxonomy":"product_tag","embeddable":true,"href":"https:\/\/tourtravelandmore.com\/fr\/wp-json\/wp\/v2\/product_tag?post=104215"}],"curies":[{"name":"wp","href":"https:\/\/api.w.org\/{rel}","templated":true}]}}