{"id":104210,"date":"2020-09-22T13:35:11","date_gmt":"2020-09-22T11:35:11","guid":{"rendered":"https:\/\/tourtravelandmore.com\/tours\/non%20class\u00e9\/visite-privee-a-pied-de-la-nouvelle-orleans\/"},"modified":"2021-03-18T12:31:44","modified_gmt":"2021-03-18T11:31:44","slug":"visite-privee-a-pied-de-la-nouvelle-orleans","status":"publish","type":"product","link":"https:\/\/tourtravelandmore.com\/fr\/tours\/etats-unis-fr\/new-orleans-fr\/visite-privee-a-pied-de-la-nouvelle-orleans\/","title":{"rendered":"Visite priv\u00e9e \u00e0 pied de la Nouvelle-Orl\u00e9ans"},"content":{"rendered":"<h2>Description<\/h2>\n<p>Quand on pense \u00e0 la Nouvelle-Orl\u00e9ans, l&#8217;une des premi\u00e8res choses qui nous vient \u00e0 l&#8217;esprit est le Mardi-Gras et le Jazz. Mais ce n&#8217;est pas tout ce que la Nouvelle-Orl\u00e9ans a \u00e0 offrir. Cette visite priv\u00e9e \u00e0 pied de la Nouvelle-Orl\u00e9ans a les secrets de ce qu&#8217;est vraiment la ville! Rejoignez votre guide officiel priv\u00e9 et d\u00e9couvrez la Nouvelle-Orl\u00e9ans comme un local.<\/p>\n<p>Cette visite \u00e0 pied est id\u00e9ale pour les d\u00e9butants. Nous vous recommandons \u00e9galement cette visite si vous souhaitez en savoir plus sur le quartier fran\u00e7ais.<\/p>\n<p>La ville de La Nouvelle-Orl\u00e9ans \u00e9blouit tous les voyageurs qui la traversent. Il a une architecture \u00e9tonnante et bien s\u00fbr l&#8217;un des endroits qui se d\u00e9marque le plus est le quartier fran\u00e7ais. Vous y trouverez des influences carib\u00e9ennes, fran\u00e7aises, espagnoles et bien s\u00fbr am\u00e9ricaines. Vous appr\u00e9cierez \u00e9galement la merveilleuse hospitalit\u00e9 des habitants.<\/p>\n<p>Votre visite commencera \u00e0 un point de rencontre situ\u00e9 au centre, \u00e0 proximit\u00e9 du quartier fran\u00e7ais. Si votre h\u00f4tel est situ\u00e9 \u00e0 proximit\u00e9, votre guide peut venir vous y chercher directement.<\/p>\n<h2>Points d&#8217;int\u00e9r\u00eat et points de rep\u00e8re<\/h2>\n<p>Tout d&#8217;abord, vous rencontrerez votre guide priv\u00e9 agr\u00e9\u00e9. Apr\u00e8s cela, cette visite priv\u00e9e \u00e0 pied de la Nouvelle-Orl\u00e9ans commencera.<\/p>\n<p>Cette visite \u00e0 pied se concentrera dans le quartier fran\u00e7ais de la Nouvelle-Orl\u00e9ans. Si vous souhaitez un itin\u00e9raire plus large, consultez notre visite de la ville pour une exp\u00e9rience plus compl\u00e8te et plus globale de la Nouvelle-Orl\u00e9ans.<\/p>\n<p>Au cours de votre visite, vous vous prom\u00e8nerez et fl\u00e2nerez dans les rues historiques du quartier fran\u00e7ais. Vous explorerez le vieux quartier et l&#8217;architecture du centre historique.<\/p>\n<p>Entre autres sites, vous visiterez et appr\u00e9cierez les emplacements suivants;<\/p>\n<ul>\n<li>Quartier fran\u00e7ais ou Vieux Carr\u00e9<\/li>\n<li>Jackson Square et la statue d&#8217;Andrew Jackson<\/li>\n<li>Cath\u00e9drale St Louis<\/li>\n<li>Presbyt\u00e8re<\/li>\n<li>Le Cabildo<\/li>\n<li>Les Pontalbas<\/li>\n<li>All\u00e9e des pirates<\/li>\n<li>Le Petit Th\u00e9\u00e2tre<\/li>\n<li>Maison Tennessee Williams<\/li>\n<li>Maison William Faulkner<\/li>\n<li>La forge Lafittle<\/li>\n<li>Rue Bourbon<\/li>\n<li>Rue Royale<\/li>\n<li>Vue sur le fleuve Mississippi<\/li>\n<li>March\u00e9 fran\u00e7ais<\/li>\n<li>Si vous le souhaitez, nous pouvons faire un arr\u00eat rapide au Caf\u00e9 du Monde<\/li>\n<li>Tellement plus!<\/li>\n<\/ul>\n<p>Voici un exemple de l&#8217;itin\u00e9raire que vous pourrez profiter lors de votre visite priv\u00e9e \u00e0 la Nouvelle-Orl\u00e9ans. Vous pouvez contacter nos experts en voyages pour personnaliser l&#8217;itin\u00e9raire.<\/p>\n<p>Cette visite priv\u00e9e se terminera \u00e0 proximit\u00e9 de l&#8217;endroit o\u00f9 elle a commenc\u00e9, dans le quartier fran\u00e7ais. C&#8217;est l\u00e0 que la visite se terminera. Contactez-nous pour plus d&#8217;informations, nous sommes \u00e0 votre \u00e9coute!<\/p>\n","protected":false},"excerpt":{"rendered":"<p>Explorez le magnifique quartier fran\u00e7ais de la Nouvelle-Orl\u00e9ans avec un expert local lors de notre visite priv\u00e9e \u00e0 pied. Contactez-nous pour une exp\u00e9rience personnalis\u00e9e.<\/p>\n","protected":false},"featured_media":98326,"comment_status":"open","ping_status":"closed","template":"","meta":{"_acf_changed":false},"product_brand":[],"product_cat":[3547,3795],"product_tag":[],"class_list":{"0":"post-104210","1":"product","2":"type-product","3":"status-publish","4":"has-post-thumbnail","6":"product_cat-etats-unis-fr","7":"product_cat-new-orleans-fr","9":"first","10":"instock","11":"shipping-taxable","12":"purchasable","13":"product-type-simple"},"acf":[],"yoast_head":"<!-- This site is optimized with the Yoast SEO Premium plugin v25.3.1 (Yoast SEO v25.3.1) - https:\/\/yoast.com\/wordpress\/plugins\/seo\/ -->\n<title>Visite priv\u00e9e \u00e0 pied de la Nouvelle-Orl\u00e9ans avec guide touristique agr\u00e9\u00e9<\/title>\n<meta name=\"description\" content=\"Explorez le magnifique quartier fran\u00e7ais de la Nouvelle-Orl\u00e9ans avec un expert local avec notre visite priv\u00e9e \u00e0 pied de la Nouvelle-Orl\u00e9ans. Exp\u00e9rience sur mesure.\" \/>\n<meta name=\"robots\" content=\"index, follow, max-snippet:-1, max-image-preview:large, max-video-preview:-1\" \/>\n<link rel=\"canonical\" href=\"https:\/\/tourtravelandmore.com\/fr\/tours\/etats-unis-fr\/new-orleans-fr\/visite-privee-a-pied-de-la-nouvelle-orleans\/\" \/>\n<meta property=\"og:locale\" content=\"fr_FR\" \/>\n<meta property=\"og:type\" content=\"article\" \/>\n<meta property=\"og:title\" content=\"Visite priv\u00e9e \u00e0 pied de la Nouvelle-Orl\u00e9ans\" \/>\n<meta property=\"og:description\" content=\"Explorez le magnifique quartier fran\u00e7ais de la Nouvelle-Orl\u00e9ans avec un expert local avec notre visite priv\u00e9e \u00e0 pied de la Nouvelle-Orl\u00e9ans. Exp\u00e9rience sur mesure.\" \/>\n<meta property=\"og:url\" content=\"https:\/\/tourtravelandmore.com\/fr\/tours\/etats-unis-fr\/new-orleans-fr\/visite-privee-a-pied-de-la-nouvelle-orleans\/\" \/>\n<meta property=\"og:site_name\" content=\"Tour Travel And More\" \/>\n<meta property=\"article:publisher\" content=\"https:\/\/www.facebook.com\/tourtravelandmore\/\" \/>\n<meta property=\"article:modified_time\" content=\"2021-03-18T11:31:44+00:00\" \/>\n<meta property=\"og:image\" content=\"https:\/\/tourtravelandmore.com\/wp-content\/uploads\/2020\/09\/New-Orleans-vieux-min.jpg\" \/>\n\t<meta property=\"og:image:width\" content=\"1280\" \/>\n\t<meta property=\"og:image:height\" content=\"848\" \/>\n\t<meta property=\"og:image:type\" content=\"image\/jpeg\" \/>\n<meta name=\"twitter:card\" content=\"summary_large_image\" \/>\n<meta name=\"twitter:site\" content=\"@TourTravel_More\" \/>\n<meta name=\"twitter:label1\" content=\"Dur\u00e9e de lecture estim\u00e9e\" \/>\n\t<meta name=\"twitter:data1\" content=\"2 minutes\" \/>\n<script type=\"application\/ld+json\" class=\"yoast-schema-graph\">{\"@context\":\"https:\/\/schema.org\",\"@graph\":[{\"@type\":\"WebPage\",\"@id\":\"https:\/\/tourtravelandmore.com\/fr\/tours\/etats-unis-fr\/new-orleans-fr\/visite-privee-a-pied-de-la-nouvelle-orleans\/\",\"url\":\"https:\/\/tourtravelandmore.com\/fr\/tours\/etats-unis-fr\/new-orleans-fr\/visite-privee-a-pied-de-la-nouvelle-orleans\/\",\"name\":\"Visite priv\u00e9e \u00e0 pied de la Nouvelle-Orl\u00e9ans avec guide touristique agr\u00e9\u00e9\",\"isPartOf\":{\"@id\":\"https:\/\/tourtravelandmore.com\/fr\/#website\"},\"primaryImageOfPage\":{\"@id\":\"https:\/\/tourtravelandmore.com\/fr\/tours\/etats-unis-fr\/new-orleans-fr\/visite-privee-a-pied-de-la-nouvelle-orleans\/#primaryimage\"},\"image\":{\"@id\":\"https:\/\/tourtravelandmore.com\/fr\/tours\/etats-unis-fr\/new-orleans-fr\/visite-privee-a-pied-de-la-nouvelle-orleans\/#primaryimage\"},\"thumbnailUrl\":\"https:\/\/tourtravelandmore.com\/wp-content\/uploads\/2020\/09\/New-Orleans-vieux-min.jpg\",\"datePublished\":\"2020-09-22T11:35:11+00:00\",\"dateModified\":\"2021-03-18T11:31:44+00:00\",\"description\":\"Explorez le magnifique quartier fran\u00e7ais de la Nouvelle-Orl\u00e9ans avec un expert local avec notre visite priv\u00e9e \u00e0 pied de la Nouvelle-Orl\u00e9ans. Exp\u00e9rience sur mesure.\",\"breadcrumb\":{\"@id\":\"https:\/\/tourtravelandmore.com\/fr\/tours\/etats-unis-fr\/new-orleans-fr\/visite-privee-a-pied-de-la-nouvelle-orleans\/#breadcrumb\"},\"inLanguage\":\"fr-FR\",\"potentialAction\":[{\"@type\":\"ReadAction\",\"target\":[\"https:\/\/tourtravelandmore.com\/fr\/tours\/etats-unis-fr\/new-orleans-fr\/visite-privee-a-pied-de-la-nouvelle-orleans\/\"]}]},{\"@type\":\"ImageObject\",\"inLanguage\":\"fr-FR\",\"@id\":\"https:\/\/tourtravelandmore.com\/fr\/tours\/etats-unis-fr\/new-orleans-fr\/visite-privee-a-pied-de-la-nouvelle-orleans\/#primaryimage\",\"url\":\"https:\/\/tourtravelandmore.com\/wp-content\/uploads\/2020\/09\/New-Orleans-vieux-min.jpg\",\"contentUrl\":\"https:\/\/tourtravelandmore.com\/wp-content\/uploads\/2020\/09\/New-Orleans-vieux-min.jpg\",\"width\":1280,\"height\":848},{\"@type\":\"BreadcrumbList\",\"@id\":\"https:\/\/tourtravelandmore.com\/fr\/tours\/etats-unis-fr\/new-orleans-fr\/visite-privee-a-pied-de-la-nouvelle-orleans\/#breadcrumb\",\"itemListElement\":[{\"@type\":\"ListItem\",\"position\":1,\"name\":\"Home\",\"item\":\"https:\/\/tourtravelandmore.com\/fr\/\"},{\"@type\":\"ListItem\",\"position\":2,\"name\":\"Tours\",\"item\":\"https:\/\/tourtravelandmore.com\/fr\/tours\/\"},{\"@type\":\"ListItem\",\"position\":3,\"name\":\"Visite priv\u00e9e \u00e0 pied de la Nouvelle-Orl\u00e9ans\"}]},{\"@type\":\"WebSite\",\"@id\":\"https:\/\/tourtravelandmore.com\/fr\/#website\",\"url\":\"https:\/\/tourtravelandmore.com\/fr\/\",\"name\":\"Tour Travel And More\",\"description\":\"Private sightseeing tours and luxury transfers in Spain\",\"publisher\":{\"@id\":\"https:\/\/tourtravelandmore.com\/fr\/#organization\"},\"potentialAction\":[{\"@type\":\"SearchAction\",\"target\":{\"@type\":\"EntryPoint\",\"urlTemplate\":\"https:\/\/tourtravelandmore.com\/fr\/?s={search_term_string}\"},\"query-input\":{\"@type\":\"PropertyValueSpecification\",\"valueRequired\":true,\"valueName\":\"search_term_string\"}}],\"inLanguage\":\"fr-FR\"},{\"@type\":\"Organization\",\"@id\":\"https:\/\/tourtravelandmore.com\/fr\/#organization\",\"name\":\"Tour Travel And More\",\"url\":\"https:\/\/tourtravelandmore.com\/fr\/\",\"logo\":{\"@type\":\"ImageObject\",\"inLanguage\":\"fr-FR\",\"@id\":\"https:\/\/tourtravelandmore.com\/fr\/#\/schema\/logo\/image\/\",\"url\":\"https:\/\/tourtravelandmore.com\/wp-content\/uploads\/2022\/12\/cropped-logo-cabecera-new.png\",\"contentUrl\":\"https:\/\/tourtravelandmore.com\/wp-content\/uploads\/2022\/12\/cropped-logo-cabecera-new.png\",\"width\":430,\"height\":61,\"caption\":\"Tour Travel And More\"},\"image\":{\"@id\":\"https:\/\/tourtravelandmore.com\/fr\/#\/schema\/logo\/image\/\"},\"sameAs\":[\"https:\/\/www.facebook.com\/tourtravelandmore\/\",\"https:\/\/x.com\/TourTravel_More\"]}]}<\/script>\n<!-- \/ Yoast SEO Premium plugin. -->","yoast_head_json":{"title":"Visite priv\u00e9e \u00e0 pied de la Nouvelle-Orl\u00e9ans avec guide touristique agr\u00e9\u00e9","description":"Explorez le magnifique quartier fran\u00e7ais de la Nouvelle-Orl\u00e9ans avec un expert local avec notre visite priv\u00e9e \u00e0 pied de la Nouvelle-Orl\u00e9ans. Exp\u00e9rience sur mesure.","robots":{"index":"index","follow":"follow","max-snippet":"max-snippet:-1","max-image-preview":"max-image-preview:large","max-video-preview":"max-video-preview:-1"},"canonical":"https:\/\/tourtravelandmore.com\/fr\/tours\/etats-unis-fr\/new-orleans-fr\/visite-privee-a-pied-de-la-nouvelle-orleans\/","og_locale":"fr_FR","og_type":"article","og_title":"Visite priv\u00e9e \u00e0 pied de la Nouvelle-Orl\u00e9ans","og_description":"Explorez le magnifique quartier fran\u00e7ais de la Nouvelle-Orl\u00e9ans avec un expert local avec notre visite priv\u00e9e \u00e0 pied de la Nouvelle-Orl\u00e9ans. Exp\u00e9rience sur mesure.","og_url":"https:\/\/tourtravelandmore.com\/fr\/tours\/etats-unis-fr\/new-orleans-fr\/visite-privee-a-pied-de-la-nouvelle-orleans\/","og_site_name":"Tour Travel And More","article_publisher":"https:\/\/www.facebook.com\/tourtravelandmore\/","article_modified_time":"2021-03-18T11:31:44+00:00","og_image":[{"width":1280,"height":848,"url":"https:\/\/tourtravelandmore.com\/wp-content\/uploads\/2020\/09\/New-Orleans-vieux-min.jpg","type":"image\/jpeg"}],"twitter_card":"summary_large_image","twitter_site":"@TourTravel_More","twitter_misc":{"Dur\u00e9e de lecture estim\u00e9e":"2 minutes"},"schema":{"@context":"https:\/\/schema.org","@graph":[{"@type":"WebPage","@id":"https:\/\/tourtravelandmore.com\/fr\/tours\/etats-unis-fr\/new-orleans-fr\/visite-privee-a-pied-de-la-nouvelle-orleans\/","url":"https:\/\/tourtravelandmore.com\/fr\/tours\/etats-unis-fr\/new-orleans-fr\/visite-privee-a-pied-de-la-nouvelle-orleans\/","name":"Visite priv\u00e9e \u00e0 pied de la Nouvelle-Orl\u00e9ans avec guide touristique agr\u00e9\u00e9","isPartOf":{"@id":"https:\/\/tourtravelandmore.com\/fr\/#website"},"primaryImageOfPage":{"@id":"https:\/\/tourtravelandmore.com\/fr\/tours\/etats-unis-fr\/new-orleans-fr\/visite-privee-a-pied-de-la-nouvelle-orleans\/#primaryimage"},"image":{"@id":"https:\/\/tourtravelandmore.com\/fr\/tours\/etats-unis-fr\/new-orleans-fr\/visite-privee-a-pied-de-la-nouvelle-orleans\/#primaryimage"},"thumbnailUrl":"https:\/\/tourtravelandmore.com\/wp-content\/uploads\/2020\/09\/New-Orleans-vieux-min.jpg","datePublished":"2020-09-22T11:35:11+00:00","dateModified":"2021-03-18T11:31:44+00:00","description":"Explorez le magnifique quartier fran\u00e7ais de la Nouvelle-Orl\u00e9ans avec un expert local avec notre visite priv\u00e9e \u00e0 pied de la Nouvelle-Orl\u00e9ans. Exp\u00e9rience sur mesure.","breadcrumb":{"@id":"https:\/\/tourtravelandmore.com\/fr\/tours\/etats-unis-fr\/new-orleans-fr\/visite-privee-a-pied-de-la-nouvelle-orleans\/#breadcrumb"},"inLanguage":"fr-FR","potentialAction":[{"@type":"ReadAction","target":["https:\/\/tourtravelandmore.com\/fr\/tours\/etats-unis-fr\/new-orleans-fr\/visite-privee-a-pied-de-la-nouvelle-orleans\/"]}]},{"@type":"ImageObject","inLanguage":"fr-FR","@id":"https:\/\/tourtravelandmore.com\/fr\/tours\/etats-unis-fr\/new-orleans-fr\/visite-privee-a-pied-de-la-nouvelle-orleans\/#primaryimage","url":"https:\/\/tourtravelandmore.com\/wp-content\/uploads\/2020\/09\/New-Orleans-vieux-min.jpg","contentUrl":"https:\/\/tourtravelandmore.com\/wp-content\/uploads\/2020\/09\/New-Orleans-vieux-min.jpg","width":1280,"height":848},{"@type":"BreadcrumbList","@id":"https:\/\/tourtravelandmore.com\/fr\/tours\/etats-unis-fr\/new-orleans-fr\/visite-privee-a-pied-de-la-nouvelle-orleans\/#breadcrumb","itemListElement":[{"@type":"ListItem","position":1,"name":"Home","item":"https:\/\/tourtravelandmore.com\/fr\/"},{"@type":"ListItem","position":2,"name":"Tours","item":"https:\/\/tourtravelandmore.com\/fr\/tours\/"},{"@type":"ListItem","position":3,"name":"Visite priv\u00e9e \u00e0 pied de la Nouvelle-Orl\u00e9ans"}]},{"@type":"WebSite","@id":"https:\/\/tourtravelandmore.com\/fr\/#website","url":"https:\/\/tourtravelandmore.com\/fr\/","name":"Tour Travel And More","description":"Private sightseeing tours and luxury transfers in Spain","publisher":{"@id":"https:\/\/tourtravelandmore.com\/fr\/#organization"},"potentialAction":[{"@type":"SearchAction","target":{"@type":"EntryPoint","urlTemplate":"https:\/\/tourtravelandmore.com\/fr\/?s={search_term_string}"},"query-input":{"@type":"PropertyValueSpecification","valueRequired":true,"valueName":"search_term_string"}}],"inLanguage":"fr-FR"},{"@type":"Organization","@id":"https:\/\/tourtravelandmore.com\/fr\/#organization","name":"Tour Travel And More","url":"https:\/\/tourtravelandmore.com\/fr\/","logo":{"@type":"ImageObject","inLanguage":"fr-FR","@id":"https:\/\/tourtravelandmore.com\/fr\/#\/schema\/logo\/image\/","url":"https:\/\/tourtravelandmore.com\/wp-content\/uploads\/2022\/12\/cropped-logo-cabecera-new.png","contentUrl":"https:\/\/tourtravelandmore.com\/wp-content\/uploads\/2022\/12\/cropped-logo-cabecera-new.png","width":430,"height":61,"caption":"Tour Travel And More"},"image":{"@id":"https:\/\/tourtravelandmore.com\/fr\/#\/schema\/logo\/image\/"},"sameAs":["https:\/\/www.facebook.com\/tourtravelandmore\/","https:\/\/x.com\/TourTravel_More"]}]}},"_links":{"self":[{"href":"https:\/\/tourtravelandmore.com\/fr\/wp-json\/wp\/v2\/product\/104210","targetHints":{"allow":["GET"]}}],"collection":[{"href":"https:\/\/tourtravelandmore.com\/fr\/wp-json\/wp\/v2\/product"}],"about":[{"href":"https:\/\/tourtravelandmore.com\/fr\/wp-json\/wp\/v2\/types\/product"}],"replies":[{"embeddable":true,"href":"https:\/\/tourtravelandmore.com\/fr\/wp-json\/wp\/v2\/comments?post=104210"}],"wp:featuredmedia":[{"embeddable":true,"href":"https:\/\/tourtravelandmore.com\/fr\/wp-json\/wp\/v2\/media\/98326"}],"wp:attachment":[{"href":"https:\/\/tourtravelandmore.com\/fr\/wp-json\/wp\/v2\/media?parent=104210"}],"wp:term":[{"taxonomy":"product_brand","embeddable":true,"href":"https:\/\/tourtravelandmore.com\/fr\/wp-json\/wp\/v2\/product_brand?post=104210"},{"taxonomy":"product_cat","embeddable":true,"href":"https:\/\/tourtravelandmore.com\/fr\/wp-json\/wp\/v2\/product_cat?post=104210"},{"taxonomy":"product_tag","embeddable":true,"href":"https:\/\/tourtravelandmore.com\/fr\/wp-json\/wp\/v2\/product_tag?post=104210"}],"curies":[{"name":"wp","href":"https:\/\/api.w.org\/{rel}","templated":true}]}}