{"id":104201,"date":"2020-12-29T18:11:14","date_gmt":"2020-12-29T17:11:14","guid":{"rendered":"https:\/\/tourtravelandmore.com\/tours\/non%20class\u00e9\/visite-privee-a-pied-de-nashville\/"},"modified":"2021-03-18T12:27:11","modified_gmt":"2021-03-18T11:27:11","slug":"visite-privee-a-pied-de-nashville","status":"publish","type":"product","link":"https:\/\/tourtravelandmore.com\/fr\/tours\/etats-unis-fr\/nashville-fr\/visite-privee-a-pied-de-nashville\/","title":{"rendered":"Visite priv\u00e9e \u00e0 pied de Nashville"},"content":{"rendered":"<h2>Description<\/h2>\n<p>Explorez le centre historique de la ville de la musique \u00e0 c\u00f4t\u00e9 de l&#8217;un de nos experts locaux. Au cours de votre visite \u00e0 pied priv\u00e9e de Nashville, vous explorerez et d\u00e9couvrirez l&#8217;histoire, les principaux sites et la musique de fond de notre merveilleuse ville.<\/p>\n<p>Aux c\u00f4t\u00e9s de l&#8217;un de nos guides professionnels, vous vous prom\u00e8nerez dans le centre-ville de Nashville et dans le quartier historique de Music Row. La visite est enti\u00e8rement adaptable \u00e0 vos go\u00fbts et d\u00e9sirs personnels. Tous nos guides sont licenci\u00e9s et experts de la ville de la musique.<\/p>\n<p>Notre visite priv\u00e9e \u00e0 pied de Nashville commencera dans un point de rencontre central. Si votre h\u00f4tel est situ\u00e9 \u00e0 proximit\u00e9, faites-le nous savoir et nous organiserons une prise en charge \u00e0 pied.<\/p>\n<h2>Sites d&#8217;int\u00e9r\u00eat et monuments<\/h2>\n<p>Tout d&#8217;abord, vous rencontrerez votre guide local au c\u0153ur de la ville, ou dans votre h\u00f4tel s&#8217;il est situ\u00e9 au centre. Apr\u00e8s cela, vous lancerez votre itin\u00e9raire personnalis\u00e9 et commencerez \u00e0 explorer la ville de la musique.<\/p>\n<p>L&#8217;itin\u00e9raire de votre visite \u00e0 pied de Nashville est adaptable \u00e0 vos int\u00e9r\u00eats personnels. Nous pouvons nous concentrer sur l&#8217;histoire de la musique et la sc\u00e8ne de Nashville, et \/ ou aussi sur l&#8217;histoire de la ville. Votre guide vous \u00e9clairera avec les histoires et les l\u00e9gendes de la ville et de ses citoyens les plus embl\u00e9matiques. Vous marcherez dans les m\u00eames rues que Johnny Cash et d&#8217;autres l\u00e9gendes de la musique.<\/p>\n<p>Vous pourrez visiter les sites les plus embl\u00e9matiques de Nashville, par exemple:<\/p>\n<ul>\n<li>Riverfront Park: Ce magnifique parc a une dimension de 5 acres, il a \u00e9t\u00e9 construit dans le cadre de la c\u00e9l\u00e9bration du bicentenaire de Nashville.<\/li>\n<li>Palais de justice m\u00e9tropolitain: construit en 1937, est aujourd&#8217;hui la maison de l&#8217;h\u00f4tel de ville de Nashville<\/li>\n<li>Fort Nashborough: Cette r\u00e9plique de la colonie originale de Nashville est authentique dans de nombreux d\u00e9tails, refl\u00e9tant le mode de vie des pionniers de la fronti\u00e8re \u00e0 la fin des ann\u00e9es 1700.<\/li>\n<li>Capitole de l&#8217;\u00c9tat<\/li>\n<li>All\u00e9e des imprimantes<\/li>\n<li>Auditorium Ryman<\/li>\n<li>Tootsie\u2019s Orchid Lounge: l&#8217;un des bars les plus c\u00e9l\u00e8bres de Nashville<\/li>\n<li>\u00c9glise presbyt\u00e9rienne du centre-ville.<\/li>\n<\/ul>\n<p>L&#8217;itin\u00e9raire final de votre visite est enti\u00e8rement adaptable \u00e0 vos d\u00e9sirs et int\u00e9r\u00eats personnels. Contactez nos experts pour une proposition personnalis\u00e9e.<\/p>\n<p>Ne manquez pas toutes nos visites priv\u00e9es aux \u00c9tats-Unis et dans le monde!<\/p>\n","protected":false},"excerpt":{"rendered":"<p>Explorez les sites les plus embl\u00e9matiques de Nashville aux c\u00f4t\u00e9s de l&#8217;un de nos experts locaux. Nos experts sont \u00e0 votre enti\u00e8re disposition pour vous aider \u00e0 d\u00e9couvrir la ville dans une ambiance d\u00e9tendue.<\/p>\n","protected":false},"featured_media":90648,"comment_status":"open","ping_status":"closed","template":"","meta":{"_acf_changed":false},"product_brand":[],"product_cat":[3547,3796],"product_tag":[],"class_list":{"0":"post-104201","1":"product","2":"type-product","3":"status-publish","4":"has-post-thumbnail","6":"product_cat-etats-unis-fr","7":"product_cat-nashville-fr","9":"first","10":"instock","11":"shipping-taxable","12":"purchasable","13":"product-type-simple"},"acf":[],"yoast_head":"<!-- This site is optimized with the Yoast SEO Premium plugin v25.3.1 (Yoast SEO v25.3.1) - https:\/\/yoast.com\/wordpress\/plugins\/seo\/ -->\n<title>Visite priv\u00e9e \u00e0 pied de Nashville avec un guide local agr\u00e9\u00e9<\/title>\n<meta name=\"description\" content=\"Profitez de notre visite priv\u00e9e \u00e0 pied de Nashville et explorez le centre-ville \u00e0 c\u00f4t\u00e9 d&#039;un guide local. Apprenez \u00e0 conna\u00eetre les monuments de la ville de la musique comme un local\" \/>\n<meta name=\"robots\" content=\"index, follow, max-snippet:-1, max-image-preview:large, max-video-preview:-1\" \/>\n<link rel=\"canonical\" href=\"https:\/\/tourtravelandmore.com\/fr\/tours\/etats-unis-fr\/nashville-fr\/visite-privee-a-pied-de-nashville\/\" \/>\n<meta property=\"og:locale\" content=\"fr_FR\" \/>\n<meta property=\"og:type\" content=\"article\" \/>\n<meta property=\"og:title\" content=\"Visite priv\u00e9e \u00e0 pied de Nashville\" \/>\n<meta property=\"og:description\" content=\"Profitez de notre visite priv\u00e9e \u00e0 pied de Nashville et explorez le centre-ville \u00e0 c\u00f4t\u00e9 d&#039;un guide local. Apprenez \u00e0 conna\u00eetre les monuments de la ville de la musique comme un local\" \/>\n<meta property=\"og:url\" content=\"https:\/\/tourtravelandmore.com\/fr\/tours\/etats-unis-fr\/nashville-fr\/visite-privee-a-pied-de-nashville\/\" \/>\n<meta property=\"og:site_name\" content=\"Tour Travel And More\" \/>\n<meta property=\"article:publisher\" content=\"https:\/\/www.facebook.com\/tourtravelandmore\/\" \/>\n<meta property=\"article:modified_time\" content=\"2021-03-18T11:27:11+00:00\" \/>\n<meta property=\"og:image\" content=\"https:\/\/tourtravelandmore.com\/wp-content\/uploads\/2020\/12\/nashville-wall.jpeg\" \/>\n\t<meta property=\"og:image:width\" content=\"1350\" \/>\n\t<meta property=\"og:image:height\" content=\"900\" \/>\n\t<meta property=\"og:image:type\" content=\"image\/jpeg\" \/>\n<meta name=\"twitter:card\" content=\"summary_large_image\" \/>\n<meta name=\"twitter:site\" content=\"@TourTravel_More\" \/>\n<meta name=\"twitter:label1\" content=\"Dur\u00e9e de lecture estim\u00e9e\" \/>\n\t<meta name=\"twitter:data1\" content=\"2 minutes\" \/>\n<script type=\"application\/ld+json\" class=\"yoast-schema-graph\">{\"@context\":\"https:\/\/schema.org\",\"@graph\":[{\"@type\":\"WebPage\",\"@id\":\"https:\/\/tourtravelandmore.com\/fr\/tours\/etats-unis-fr\/nashville-fr\/visite-privee-a-pied-de-nashville\/\",\"url\":\"https:\/\/tourtravelandmore.com\/fr\/tours\/etats-unis-fr\/nashville-fr\/visite-privee-a-pied-de-nashville\/\",\"name\":\"Visite priv\u00e9e \u00e0 pied de Nashville avec un guide local agr\u00e9\u00e9\",\"isPartOf\":{\"@id\":\"https:\/\/tourtravelandmore.com\/fr\/#website\"},\"primaryImageOfPage\":{\"@id\":\"https:\/\/tourtravelandmore.com\/fr\/tours\/etats-unis-fr\/nashville-fr\/visite-privee-a-pied-de-nashville\/#primaryimage\"},\"image\":{\"@id\":\"https:\/\/tourtravelandmore.com\/fr\/tours\/etats-unis-fr\/nashville-fr\/visite-privee-a-pied-de-nashville\/#primaryimage\"},\"thumbnailUrl\":\"https:\/\/tourtravelandmore.com\/wp-content\/uploads\/2020\/12\/nashville-wall.jpeg\",\"datePublished\":\"2020-12-29T17:11:14+00:00\",\"dateModified\":\"2021-03-18T11:27:11+00:00\",\"description\":\"Profitez de notre visite priv\u00e9e \u00e0 pied de Nashville et explorez le centre-ville \u00e0 c\u00f4t\u00e9 d'un guide local. Apprenez \u00e0 conna\u00eetre les monuments de la ville de la musique comme un local\",\"breadcrumb\":{\"@id\":\"https:\/\/tourtravelandmore.com\/fr\/tours\/etats-unis-fr\/nashville-fr\/visite-privee-a-pied-de-nashville\/#breadcrumb\"},\"inLanguage\":\"fr-FR\",\"potentialAction\":[{\"@type\":\"ReadAction\",\"target\":[\"https:\/\/tourtravelandmore.com\/fr\/tours\/etats-unis-fr\/nashville-fr\/visite-privee-a-pied-de-nashville\/\"]}]},{\"@type\":\"ImageObject\",\"inLanguage\":\"fr-FR\",\"@id\":\"https:\/\/tourtravelandmore.com\/fr\/tours\/etats-unis-fr\/nashville-fr\/visite-privee-a-pied-de-nashville\/#primaryimage\",\"url\":\"https:\/\/tourtravelandmore.com\/wp-content\/uploads\/2020\/12\/nashville-wall.jpeg\",\"contentUrl\":\"https:\/\/tourtravelandmore.com\/wp-content\/uploads\/2020\/12\/nashville-wall.jpeg\",\"width\":1350,\"height\":900,\"caption\":\"Nashville wall\"},{\"@type\":\"BreadcrumbList\",\"@id\":\"https:\/\/tourtravelandmore.com\/fr\/tours\/etats-unis-fr\/nashville-fr\/visite-privee-a-pied-de-nashville\/#breadcrumb\",\"itemListElement\":[{\"@type\":\"ListItem\",\"position\":1,\"name\":\"Home\",\"item\":\"https:\/\/tourtravelandmore.com\/fr\/\"},{\"@type\":\"ListItem\",\"position\":2,\"name\":\"Tours\",\"item\":\"https:\/\/tourtravelandmore.com\/fr\/tours\/\"},{\"@type\":\"ListItem\",\"position\":3,\"name\":\"Visite priv\u00e9e \u00e0 pied de Nashville\"}]},{\"@type\":\"WebSite\",\"@id\":\"https:\/\/tourtravelandmore.com\/fr\/#website\",\"url\":\"https:\/\/tourtravelandmore.com\/fr\/\",\"name\":\"Tour Travel And More\",\"description\":\"Private sightseeing tours and luxury transfers in Spain\",\"publisher\":{\"@id\":\"https:\/\/tourtravelandmore.com\/fr\/#organization\"},\"potentialAction\":[{\"@type\":\"SearchAction\",\"target\":{\"@type\":\"EntryPoint\",\"urlTemplate\":\"https:\/\/tourtravelandmore.com\/fr\/?s={search_term_string}\"},\"query-input\":{\"@type\":\"PropertyValueSpecification\",\"valueRequired\":true,\"valueName\":\"search_term_string\"}}],\"inLanguage\":\"fr-FR\"},{\"@type\":\"Organization\",\"@id\":\"https:\/\/tourtravelandmore.com\/fr\/#organization\",\"name\":\"Tour Travel And More\",\"url\":\"https:\/\/tourtravelandmore.com\/fr\/\",\"logo\":{\"@type\":\"ImageObject\",\"inLanguage\":\"fr-FR\",\"@id\":\"https:\/\/tourtravelandmore.com\/fr\/#\/schema\/logo\/image\/\",\"url\":\"https:\/\/tourtravelandmore.com\/wp-content\/uploads\/2022\/12\/cropped-logo-cabecera-new.png\",\"contentUrl\":\"https:\/\/tourtravelandmore.com\/wp-content\/uploads\/2022\/12\/cropped-logo-cabecera-new.png\",\"width\":430,\"height\":61,\"caption\":\"Tour Travel And More\"},\"image\":{\"@id\":\"https:\/\/tourtravelandmore.com\/fr\/#\/schema\/logo\/image\/\"},\"sameAs\":[\"https:\/\/www.facebook.com\/tourtravelandmore\/\",\"https:\/\/x.com\/TourTravel_More\"]}]}<\/script>\n<!-- \/ Yoast SEO Premium plugin. -->","yoast_head_json":{"title":"Visite priv\u00e9e \u00e0 pied de Nashville avec un guide local agr\u00e9\u00e9","description":"Profitez de notre visite priv\u00e9e \u00e0 pied de Nashville et explorez le centre-ville \u00e0 c\u00f4t\u00e9 d'un guide local. Apprenez \u00e0 conna\u00eetre les monuments de la ville de la musique comme un local","robots":{"index":"index","follow":"follow","max-snippet":"max-snippet:-1","max-image-preview":"max-image-preview:large","max-video-preview":"max-video-preview:-1"},"canonical":"https:\/\/tourtravelandmore.com\/fr\/tours\/etats-unis-fr\/nashville-fr\/visite-privee-a-pied-de-nashville\/","og_locale":"fr_FR","og_type":"article","og_title":"Visite priv\u00e9e \u00e0 pied de Nashville","og_description":"Profitez de notre visite priv\u00e9e \u00e0 pied de Nashville et explorez le centre-ville \u00e0 c\u00f4t\u00e9 d'un guide local. Apprenez \u00e0 conna\u00eetre les monuments de la ville de la musique comme un local","og_url":"https:\/\/tourtravelandmore.com\/fr\/tours\/etats-unis-fr\/nashville-fr\/visite-privee-a-pied-de-nashville\/","og_site_name":"Tour Travel And More","article_publisher":"https:\/\/www.facebook.com\/tourtravelandmore\/","article_modified_time":"2021-03-18T11:27:11+00:00","og_image":[{"width":1350,"height":900,"url":"https:\/\/tourtravelandmore.com\/wp-content\/uploads\/2020\/12\/nashville-wall.jpeg","type":"image\/jpeg"}],"twitter_card":"summary_large_image","twitter_site":"@TourTravel_More","twitter_misc":{"Dur\u00e9e de lecture estim\u00e9e":"2 minutes"},"schema":{"@context":"https:\/\/schema.org","@graph":[{"@type":"WebPage","@id":"https:\/\/tourtravelandmore.com\/fr\/tours\/etats-unis-fr\/nashville-fr\/visite-privee-a-pied-de-nashville\/","url":"https:\/\/tourtravelandmore.com\/fr\/tours\/etats-unis-fr\/nashville-fr\/visite-privee-a-pied-de-nashville\/","name":"Visite priv\u00e9e \u00e0 pied de Nashville avec un guide local agr\u00e9\u00e9","isPartOf":{"@id":"https:\/\/tourtravelandmore.com\/fr\/#website"},"primaryImageOfPage":{"@id":"https:\/\/tourtravelandmore.com\/fr\/tours\/etats-unis-fr\/nashville-fr\/visite-privee-a-pied-de-nashville\/#primaryimage"},"image":{"@id":"https:\/\/tourtravelandmore.com\/fr\/tours\/etats-unis-fr\/nashville-fr\/visite-privee-a-pied-de-nashville\/#primaryimage"},"thumbnailUrl":"https:\/\/tourtravelandmore.com\/wp-content\/uploads\/2020\/12\/nashville-wall.jpeg","datePublished":"2020-12-29T17:11:14+00:00","dateModified":"2021-03-18T11:27:11+00:00","description":"Profitez de notre visite priv\u00e9e \u00e0 pied de Nashville et explorez le centre-ville \u00e0 c\u00f4t\u00e9 d'un guide local. Apprenez \u00e0 conna\u00eetre les monuments de la ville de la musique comme un local","breadcrumb":{"@id":"https:\/\/tourtravelandmore.com\/fr\/tours\/etats-unis-fr\/nashville-fr\/visite-privee-a-pied-de-nashville\/#breadcrumb"},"inLanguage":"fr-FR","potentialAction":[{"@type":"ReadAction","target":["https:\/\/tourtravelandmore.com\/fr\/tours\/etats-unis-fr\/nashville-fr\/visite-privee-a-pied-de-nashville\/"]}]},{"@type":"ImageObject","inLanguage":"fr-FR","@id":"https:\/\/tourtravelandmore.com\/fr\/tours\/etats-unis-fr\/nashville-fr\/visite-privee-a-pied-de-nashville\/#primaryimage","url":"https:\/\/tourtravelandmore.com\/wp-content\/uploads\/2020\/12\/nashville-wall.jpeg","contentUrl":"https:\/\/tourtravelandmore.com\/wp-content\/uploads\/2020\/12\/nashville-wall.jpeg","width":1350,"height":900,"caption":"Nashville wall"},{"@type":"BreadcrumbList","@id":"https:\/\/tourtravelandmore.com\/fr\/tours\/etats-unis-fr\/nashville-fr\/visite-privee-a-pied-de-nashville\/#breadcrumb","itemListElement":[{"@type":"ListItem","position":1,"name":"Home","item":"https:\/\/tourtravelandmore.com\/fr\/"},{"@type":"ListItem","position":2,"name":"Tours","item":"https:\/\/tourtravelandmore.com\/fr\/tours\/"},{"@type":"ListItem","position":3,"name":"Visite priv\u00e9e \u00e0 pied de Nashville"}]},{"@type":"WebSite","@id":"https:\/\/tourtravelandmore.com\/fr\/#website","url":"https:\/\/tourtravelandmore.com\/fr\/","name":"Tour Travel And More","description":"Private sightseeing tours and luxury transfers in Spain","publisher":{"@id":"https:\/\/tourtravelandmore.com\/fr\/#organization"},"potentialAction":[{"@type":"SearchAction","target":{"@type":"EntryPoint","urlTemplate":"https:\/\/tourtravelandmore.com\/fr\/?s={search_term_string}"},"query-input":{"@type":"PropertyValueSpecification","valueRequired":true,"valueName":"search_term_string"}}],"inLanguage":"fr-FR"},{"@type":"Organization","@id":"https:\/\/tourtravelandmore.com\/fr\/#organization","name":"Tour Travel And More","url":"https:\/\/tourtravelandmore.com\/fr\/","logo":{"@type":"ImageObject","inLanguage":"fr-FR","@id":"https:\/\/tourtravelandmore.com\/fr\/#\/schema\/logo\/image\/","url":"https:\/\/tourtravelandmore.com\/wp-content\/uploads\/2022\/12\/cropped-logo-cabecera-new.png","contentUrl":"https:\/\/tourtravelandmore.com\/wp-content\/uploads\/2022\/12\/cropped-logo-cabecera-new.png","width":430,"height":61,"caption":"Tour Travel And More"},"image":{"@id":"https:\/\/tourtravelandmore.com\/fr\/#\/schema\/logo\/image\/"},"sameAs":["https:\/\/www.facebook.com\/tourtravelandmore\/","https:\/\/x.com\/TourTravel_More"]}]}},"_links":{"self":[{"href":"https:\/\/tourtravelandmore.com\/fr\/wp-json\/wp\/v2\/product\/104201","targetHints":{"allow":["GET"]}}],"collection":[{"href":"https:\/\/tourtravelandmore.com\/fr\/wp-json\/wp\/v2\/product"}],"about":[{"href":"https:\/\/tourtravelandmore.com\/fr\/wp-json\/wp\/v2\/types\/product"}],"replies":[{"embeddable":true,"href":"https:\/\/tourtravelandmore.com\/fr\/wp-json\/wp\/v2\/comments?post=104201"}],"wp:featuredmedia":[{"embeddable":true,"href":"https:\/\/tourtravelandmore.com\/fr\/wp-json\/wp\/v2\/media\/90648"}],"wp:attachment":[{"href":"https:\/\/tourtravelandmore.com\/fr\/wp-json\/wp\/v2\/media?parent=104201"}],"wp:term":[{"taxonomy":"product_brand","embeddable":true,"href":"https:\/\/tourtravelandmore.com\/fr\/wp-json\/wp\/v2\/product_brand?post=104201"},{"taxonomy":"product_cat","embeddable":true,"href":"https:\/\/tourtravelandmore.com\/fr\/wp-json\/wp\/v2\/product_cat?post=104201"},{"taxonomy":"product_tag","embeddable":true,"href":"https:\/\/tourtravelandmore.com\/fr\/wp-json\/wp\/v2\/product_tag?post=104201"}],"curies":[{"name":"wp","href":"https:\/\/api.w.org\/{rel}","templated":true}]}}