{"id":104194,"date":"2020-12-29T16:25:01","date_gmt":"2020-12-29T15:25:01","guid":{"rendered":"https:\/\/tourtravelandmore.com\/tours\/non%20class\u00e9\/visite-privee-de-la-maison-des-etoiles\/"},"modified":"2021-03-18T12:25:40","modified_gmt":"2021-03-18T11:25:40","slug":"visite-privee-de-la-maison-des-etoiles","status":"publish","type":"product","link":"https:\/\/tourtravelandmore.com\/fr\/tours\/etats-unis-fr\/nashville-fr\/visite-privee-de-la-maison-des-etoiles\/","title":{"rendered":"Visite priv\u00e9e de la maison des \u00e9toiles"},"content":{"rendered":"<h2>Description<\/h2>\n<p>D\u00e9couvrez les magnifiques maisons et quartiers des stars de la musique country. Tirez le meilleur parti de votre s\u00e9jour dans la ville de la musique et profitez de notre visite priv\u00e9e de la maison des \u00e9toiles.<\/p>\n<p>Tout d&#8217;abord, votre chauffeur et guide priv\u00e9 viendra vous chercher sur le site de votre choix. Apr\u00e8s cela, vous commencerez votre visite touristique de certaines des plus grandes maisons de Nashville. Cette tourn\u00e9e est un must pour tous les fans de musique country!<\/p>\n<p>Contactez l&#8217;un de nos experts en voyages pour une exp\u00e9rience personnalis\u00e9e. Nous avons diverses visites priv\u00e9es de Nashville, consultez notre site Web pour plus d&#8217;informations.<\/p>\n<h2>Sites d&#8217;int\u00e9r\u00eat et points de rep\u00e8re<\/h2>\n<p>De nos jours, la ville moderne de Nashville a la musique et le divertissement comme deux des activit\u00e9s principales de la ville. Nashville est mondialement connue pour sa sc\u00e8ne de musique country et son histoire, constituant ainsi la base d&#8217;une grande industrie du disque. Au cours de votre visite priv\u00e9e de la maison des stars, vous explorerez la r\u00e9gion de la ville o\u00f9 la plupart des stars de la musique ont leurs maisons. Vous conduirez dans les zones les plus pittoresques, haut de gamme et isol\u00e9es<\/p>\n<p>Au cours de votre visite, vous verrez plusieurs maisons de c\u00e9l\u00e9brit\u00e9s actuelles et anciennes, par exemple:<\/p>\n<ul>\n<li>Taylor Swift<\/li>\n<li>Kid Rock<\/li>\n<li>Garth Brooks et Trisha Yearwood<\/li>\n<li>Dolly Parton<\/li>\n<li>Hillary Scott de Lady Antebellum<\/li>\n<li>Martina McBride<\/li>\n<li>Reese Witherspoon<\/li>\n<li>Petite grande ville<\/li>\n<li>et plus!<\/li>\n<\/ul>\n<p>De plus, vous passez \u00e9galement par le State Capitol of Tennessee, l&#8217;Auditorium Ryman et des sites plus embl\u00e9matiques de Nashville.<\/p>\n<p>Tous nos circuits sont priv\u00e9s et sur mesure. Contactez-nous pour une exp\u00e9rience personnalis\u00e9e.<\/p>\n","protected":false},"excerpt":{"rendered":"<p>Explorez la ville de la musique et les maisons des c\u00e9l\u00e9brit\u00e9s de la musique country les plus connues aux c\u00f4t\u00e9s d&#8217;un expert local.<\/p>\n","protected":false},"featured_media":90645,"comment_status":"open","ping_status":"closed","template":"","meta":{"_acf_changed":false},"product_brand":[],"product_cat":[3547,3796],"product_tag":[],"class_list":{"0":"post-104194","1":"product","2":"type-product","3":"status-publish","4":"has-post-thumbnail","6":"product_cat-etats-unis-fr","7":"product_cat-nashville-fr","9":"first","10":"instock","11":"shipping-taxable","12":"purchasable","13":"product-type-simple"},"acf":[],"yoast_head":"<!-- This site is optimized with the Yoast SEO Premium plugin v25.3.1 (Yoast SEO v25.3.1) - https:\/\/yoast.com\/wordpress\/plugins\/seo\/ -->\n<title>Visite priv\u00e9e de la maison des \u00e9toiles avec chauffeur et guide local<\/title>\n<meta name=\"description\" content=\"Profitez de notre visite priv\u00e9e de la maison des \u00e9toiles confortablement dans votre v\u00e9hicule avec un guide local. Explorez les maisons des principales c\u00e9l\u00e9brit\u00e9s du pays.\" \/>\n<meta name=\"robots\" content=\"index, follow, max-snippet:-1, max-image-preview:large, max-video-preview:-1\" \/>\n<link rel=\"canonical\" href=\"https:\/\/tourtravelandmore.com\/fr\/tours\/etats-unis-fr\/nashville-fr\/visite-privee-de-la-maison-des-etoiles\/\" \/>\n<meta property=\"og:locale\" content=\"fr_FR\" \/>\n<meta property=\"og:type\" content=\"article\" \/>\n<meta property=\"og:title\" content=\"Visite priv\u00e9e de la maison des \u00e9toiles\" \/>\n<meta property=\"og:description\" content=\"Profitez de notre visite priv\u00e9e de la maison des \u00e9toiles confortablement dans votre v\u00e9hicule avec un guide local. Explorez les maisons des principales c\u00e9l\u00e9brit\u00e9s du pays.\" \/>\n<meta property=\"og:url\" content=\"https:\/\/tourtravelandmore.com\/fr\/tours\/etats-unis-fr\/nashville-fr\/visite-privee-de-la-maison-des-etoiles\/\" \/>\n<meta property=\"og:site_name\" content=\"Tour Travel And More\" \/>\n<meta property=\"article:publisher\" content=\"https:\/\/www.facebook.com\/tourtravelandmore\/\" \/>\n<meta property=\"article:modified_time\" content=\"2021-03-18T11:25:40+00:00\" \/>\n<meta property=\"og:image\" content=\"https:\/\/tourtravelandmore.com\/wp-content\/uploads\/2020\/12\/Nashville-sun.jpeg\" \/>\n\t<meta property=\"og:image:width\" content=\"1350\" \/>\n\t<meta property=\"og:image:height\" content=\"900\" \/>\n\t<meta property=\"og:image:type\" content=\"image\/jpeg\" \/>\n<meta name=\"twitter:card\" content=\"summary_large_image\" \/>\n<meta name=\"twitter:site\" content=\"@TourTravel_More\" \/>\n<meta name=\"twitter:label1\" content=\"Dur\u00e9e de lecture estim\u00e9e\" \/>\n\t<meta name=\"twitter:data1\" content=\"1 minute\" \/>\n<script type=\"application\/ld+json\" class=\"yoast-schema-graph\">{\"@context\":\"https:\/\/schema.org\",\"@graph\":[{\"@type\":\"WebPage\",\"@id\":\"https:\/\/tourtravelandmore.com\/fr\/tours\/etats-unis-fr\/nashville-fr\/visite-privee-de-la-maison-des-etoiles\/\",\"url\":\"https:\/\/tourtravelandmore.com\/fr\/tours\/etats-unis-fr\/nashville-fr\/visite-privee-de-la-maison-des-etoiles\/\",\"name\":\"Visite priv\u00e9e de la maison des \u00e9toiles avec chauffeur et guide local\",\"isPartOf\":{\"@id\":\"https:\/\/tourtravelandmore.com\/fr\/#website\"},\"primaryImageOfPage\":{\"@id\":\"https:\/\/tourtravelandmore.com\/fr\/tours\/etats-unis-fr\/nashville-fr\/visite-privee-de-la-maison-des-etoiles\/#primaryimage\"},\"image\":{\"@id\":\"https:\/\/tourtravelandmore.com\/fr\/tours\/etats-unis-fr\/nashville-fr\/visite-privee-de-la-maison-des-etoiles\/#primaryimage\"},\"thumbnailUrl\":\"https:\/\/tourtravelandmore.com\/wp-content\/uploads\/2020\/12\/Nashville-sun.jpeg\",\"datePublished\":\"2020-12-29T15:25:01+00:00\",\"dateModified\":\"2021-03-18T11:25:40+00:00\",\"description\":\"Profitez de notre visite priv\u00e9e de la maison des \u00e9toiles confortablement dans votre v\u00e9hicule avec un guide local. Explorez les maisons des principales c\u00e9l\u00e9brit\u00e9s du pays.\",\"breadcrumb\":{\"@id\":\"https:\/\/tourtravelandmore.com\/fr\/tours\/etats-unis-fr\/nashville-fr\/visite-privee-de-la-maison-des-etoiles\/#breadcrumb\"},\"inLanguage\":\"fr-FR\",\"potentialAction\":[{\"@type\":\"ReadAction\",\"target\":[\"https:\/\/tourtravelandmore.com\/fr\/tours\/etats-unis-fr\/nashville-fr\/visite-privee-de-la-maison-des-etoiles\/\"]}]},{\"@type\":\"ImageObject\",\"inLanguage\":\"fr-FR\",\"@id\":\"https:\/\/tourtravelandmore.com\/fr\/tours\/etats-unis-fr\/nashville-fr\/visite-privee-de-la-maison-des-etoiles\/#primaryimage\",\"url\":\"https:\/\/tourtravelandmore.com\/wp-content\/uploads\/2020\/12\/Nashville-sun.jpeg\",\"contentUrl\":\"https:\/\/tourtravelandmore.com\/wp-content\/uploads\/2020\/12\/Nashville-sun.jpeg\",\"width\":1350,\"height\":900,\"caption\":\"Nashville sun\"},{\"@type\":\"BreadcrumbList\",\"@id\":\"https:\/\/tourtravelandmore.com\/fr\/tours\/etats-unis-fr\/nashville-fr\/visite-privee-de-la-maison-des-etoiles\/#breadcrumb\",\"itemListElement\":[{\"@type\":\"ListItem\",\"position\":1,\"name\":\"Home\",\"item\":\"https:\/\/tourtravelandmore.com\/fr\/\"},{\"@type\":\"ListItem\",\"position\":2,\"name\":\"Tours\",\"item\":\"https:\/\/tourtravelandmore.com\/fr\/tours\/\"},{\"@type\":\"ListItem\",\"position\":3,\"name\":\"Visite priv\u00e9e de la maison des \u00e9toiles\"}]},{\"@type\":\"WebSite\",\"@id\":\"https:\/\/tourtravelandmore.com\/fr\/#website\",\"url\":\"https:\/\/tourtravelandmore.com\/fr\/\",\"name\":\"Tour Travel And More\",\"description\":\"Private sightseeing tours and luxury transfers in Spain\",\"publisher\":{\"@id\":\"https:\/\/tourtravelandmore.com\/fr\/#organization\"},\"potentialAction\":[{\"@type\":\"SearchAction\",\"target\":{\"@type\":\"EntryPoint\",\"urlTemplate\":\"https:\/\/tourtravelandmore.com\/fr\/?s={search_term_string}\"},\"query-input\":{\"@type\":\"PropertyValueSpecification\",\"valueRequired\":true,\"valueName\":\"search_term_string\"}}],\"inLanguage\":\"fr-FR\"},{\"@type\":\"Organization\",\"@id\":\"https:\/\/tourtravelandmore.com\/fr\/#organization\",\"name\":\"Tour Travel And More\",\"url\":\"https:\/\/tourtravelandmore.com\/fr\/\",\"logo\":{\"@type\":\"ImageObject\",\"inLanguage\":\"fr-FR\",\"@id\":\"https:\/\/tourtravelandmore.com\/fr\/#\/schema\/logo\/image\/\",\"url\":\"https:\/\/tourtravelandmore.com\/wp-content\/uploads\/2022\/12\/cropped-logo-cabecera-new.png\",\"contentUrl\":\"https:\/\/tourtravelandmore.com\/wp-content\/uploads\/2022\/12\/cropped-logo-cabecera-new.png\",\"width\":430,\"height\":61,\"caption\":\"Tour Travel And More\"},\"image\":{\"@id\":\"https:\/\/tourtravelandmore.com\/fr\/#\/schema\/logo\/image\/\"},\"sameAs\":[\"https:\/\/www.facebook.com\/tourtravelandmore\/\",\"https:\/\/x.com\/TourTravel_More\"]}]}<\/script>\n<!-- \/ Yoast SEO Premium plugin. -->","yoast_head_json":{"title":"Visite priv\u00e9e de la maison des \u00e9toiles avec chauffeur et guide local","description":"Profitez de notre visite priv\u00e9e de la maison des \u00e9toiles confortablement dans votre v\u00e9hicule avec un guide local. Explorez les maisons des principales c\u00e9l\u00e9brit\u00e9s du pays.","robots":{"index":"index","follow":"follow","max-snippet":"max-snippet:-1","max-image-preview":"max-image-preview:large","max-video-preview":"max-video-preview:-1"},"canonical":"https:\/\/tourtravelandmore.com\/fr\/tours\/etats-unis-fr\/nashville-fr\/visite-privee-de-la-maison-des-etoiles\/","og_locale":"fr_FR","og_type":"article","og_title":"Visite priv\u00e9e de la maison des \u00e9toiles","og_description":"Profitez de notre visite priv\u00e9e de la maison des \u00e9toiles confortablement dans votre v\u00e9hicule avec un guide local. Explorez les maisons des principales c\u00e9l\u00e9brit\u00e9s du pays.","og_url":"https:\/\/tourtravelandmore.com\/fr\/tours\/etats-unis-fr\/nashville-fr\/visite-privee-de-la-maison-des-etoiles\/","og_site_name":"Tour Travel And More","article_publisher":"https:\/\/www.facebook.com\/tourtravelandmore\/","article_modified_time":"2021-03-18T11:25:40+00:00","og_image":[{"width":1350,"height":900,"url":"https:\/\/tourtravelandmore.com\/wp-content\/uploads\/2020\/12\/Nashville-sun.jpeg","type":"image\/jpeg"}],"twitter_card":"summary_large_image","twitter_site":"@TourTravel_More","twitter_misc":{"Dur\u00e9e de lecture estim\u00e9e":"1 minute"},"schema":{"@context":"https:\/\/schema.org","@graph":[{"@type":"WebPage","@id":"https:\/\/tourtravelandmore.com\/fr\/tours\/etats-unis-fr\/nashville-fr\/visite-privee-de-la-maison-des-etoiles\/","url":"https:\/\/tourtravelandmore.com\/fr\/tours\/etats-unis-fr\/nashville-fr\/visite-privee-de-la-maison-des-etoiles\/","name":"Visite priv\u00e9e de la maison des \u00e9toiles avec chauffeur et guide local","isPartOf":{"@id":"https:\/\/tourtravelandmore.com\/fr\/#website"},"primaryImageOfPage":{"@id":"https:\/\/tourtravelandmore.com\/fr\/tours\/etats-unis-fr\/nashville-fr\/visite-privee-de-la-maison-des-etoiles\/#primaryimage"},"image":{"@id":"https:\/\/tourtravelandmore.com\/fr\/tours\/etats-unis-fr\/nashville-fr\/visite-privee-de-la-maison-des-etoiles\/#primaryimage"},"thumbnailUrl":"https:\/\/tourtravelandmore.com\/wp-content\/uploads\/2020\/12\/Nashville-sun.jpeg","datePublished":"2020-12-29T15:25:01+00:00","dateModified":"2021-03-18T11:25:40+00:00","description":"Profitez de notre visite priv\u00e9e de la maison des \u00e9toiles confortablement dans votre v\u00e9hicule avec un guide local. Explorez les maisons des principales c\u00e9l\u00e9brit\u00e9s du pays.","breadcrumb":{"@id":"https:\/\/tourtravelandmore.com\/fr\/tours\/etats-unis-fr\/nashville-fr\/visite-privee-de-la-maison-des-etoiles\/#breadcrumb"},"inLanguage":"fr-FR","potentialAction":[{"@type":"ReadAction","target":["https:\/\/tourtravelandmore.com\/fr\/tours\/etats-unis-fr\/nashville-fr\/visite-privee-de-la-maison-des-etoiles\/"]}]},{"@type":"ImageObject","inLanguage":"fr-FR","@id":"https:\/\/tourtravelandmore.com\/fr\/tours\/etats-unis-fr\/nashville-fr\/visite-privee-de-la-maison-des-etoiles\/#primaryimage","url":"https:\/\/tourtravelandmore.com\/wp-content\/uploads\/2020\/12\/Nashville-sun.jpeg","contentUrl":"https:\/\/tourtravelandmore.com\/wp-content\/uploads\/2020\/12\/Nashville-sun.jpeg","width":1350,"height":900,"caption":"Nashville sun"},{"@type":"BreadcrumbList","@id":"https:\/\/tourtravelandmore.com\/fr\/tours\/etats-unis-fr\/nashville-fr\/visite-privee-de-la-maison-des-etoiles\/#breadcrumb","itemListElement":[{"@type":"ListItem","position":1,"name":"Home","item":"https:\/\/tourtravelandmore.com\/fr\/"},{"@type":"ListItem","position":2,"name":"Tours","item":"https:\/\/tourtravelandmore.com\/fr\/tours\/"},{"@type":"ListItem","position":3,"name":"Visite priv\u00e9e de la maison des \u00e9toiles"}]},{"@type":"WebSite","@id":"https:\/\/tourtravelandmore.com\/fr\/#website","url":"https:\/\/tourtravelandmore.com\/fr\/","name":"Tour Travel And More","description":"Private sightseeing tours and luxury transfers in Spain","publisher":{"@id":"https:\/\/tourtravelandmore.com\/fr\/#organization"},"potentialAction":[{"@type":"SearchAction","target":{"@type":"EntryPoint","urlTemplate":"https:\/\/tourtravelandmore.com\/fr\/?s={search_term_string}"},"query-input":{"@type":"PropertyValueSpecification","valueRequired":true,"valueName":"search_term_string"}}],"inLanguage":"fr-FR"},{"@type":"Organization","@id":"https:\/\/tourtravelandmore.com\/fr\/#organization","name":"Tour Travel And More","url":"https:\/\/tourtravelandmore.com\/fr\/","logo":{"@type":"ImageObject","inLanguage":"fr-FR","@id":"https:\/\/tourtravelandmore.com\/fr\/#\/schema\/logo\/image\/","url":"https:\/\/tourtravelandmore.com\/wp-content\/uploads\/2022\/12\/cropped-logo-cabecera-new.png","contentUrl":"https:\/\/tourtravelandmore.com\/wp-content\/uploads\/2022\/12\/cropped-logo-cabecera-new.png","width":430,"height":61,"caption":"Tour Travel And More"},"image":{"@id":"https:\/\/tourtravelandmore.com\/fr\/#\/schema\/logo\/image\/"},"sameAs":["https:\/\/www.facebook.com\/tourtravelandmore\/","https:\/\/x.com\/TourTravel_More"]}]}},"_links":{"self":[{"href":"https:\/\/tourtravelandmore.com\/fr\/wp-json\/wp\/v2\/product\/104194","targetHints":{"allow":["GET"]}}],"collection":[{"href":"https:\/\/tourtravelandmore.com\/fr\/wp-json\/wp\/v2\/product"}],"about":[{"href":"https:\/\/tourtravelandmore.com\/fr\/wp-json\/wp\/v2\/types\/product"}],"replies":[{"embeddable":true,"href":"https:\/\/tourtravelandmore.com\/fr\/wp-json\/wp\/v2\/comments?post=104194"}],"wp:featuredmedia":[{"embeddable":true,"href":"https:\/\/tourtravelandmore.com\/fr\/wp-json\/wp\/v2\/media\/90645"}],"wp:attachment":[{"href":"https:\/\/tourtravelandmore.com\/fr\/wp-json\/wp\/v2\/media?parent=104194"}],"wp:term":[{"taxonomy":"product_brand","embeddable":true,"href":"https:\/\/tourtravelandmore.com\/fr\/wp-json\/wp\/v2\/product_brand?post=104194"},{"taxonomy":"product_cat","embeddable":true,"href":"https:\/\/tourtravelandmore.com\/fr\/wp-json\/wp\/v2\/product_cat?post=104194"},{"taxonomy":"product_tag","embeddable":true,"href":"https:\/\/tourtravelandmore.com\/fr\/wp-json\/wp\/v2\/product_tag?post=104194"}],"curies":[{"name":"wp","href":"https:\/\/api.w.org\/{rel}","templated":true}]}}