{"id":104187,"date":"2020-12-29T14:08:11","date_gmt":"2020-12-29T13:08:11","guid":{"rendered":"https:\/\/tourtravelandmore.com\/tours\/non%20class\u00e9\/visite-privee-de-la-ville-de-nashville\/"},"modified":"2021-03-18T12:23:53","modified_gmt":"2021-03-18T11:23:53","slug":"visite-privee-de-la-ville-de-nashville","status":"publish","type":"product","link":"https:\/\/tourtravelandmore.com\/fr\/tours\/etats-unis-fr\/nashville-fr\/visite-privee-de-la-ville-de-nashville\/","title":{"rendered":"Visite priv\u00e9e de la ville de Nashville"},"content":{"rendered":"<h2>Description<\/h2>\n<p>La ville de Nashville est mondialement connue pour sa sc\u00e8ne musicale, pour son hospitalit\u00e9 et ses exp\u00e9riences culinaires incroyables. Tirez le meilleur parti de votre s\u00e9jour dans la ville de la musique et profitez de notre visite priv\u00e9e de la ville de Nashville.<\/p>\n<p>Tout d&#8217;abord, votre chauffeur et guide priv\u00e9 viendra vous chercher sur le site de votre choix. Apr\u00e8s cela, vous commencerez votre visite de la ville sur mesure de Nashville. Vous pourrez d\u00e9couvrir la ville aux c\u00f4t\u00e9s d&#8217;un expert local, tout en profitant d&#8217;une exp\u00e9rience relaxante.<\/p>\n<p>Contactez l&#8217;un de nos experts en voyages pour une exp\u00e9rience personnalis\u00e9e. Nous avons diverses visites priv\u00e9es de Nashville, consultez notre site Web pour plus d&#8217;informations.<\/p>\n<h2>Sites d&#8217;int\u00e9r\u00eat et points de rep\u00e8re<\/h2>\n<p>Nashville, la ville de la musique, est la capitale du Tennessee. La r\u00e9gion de Nashville \u00e9tait \u00e0 l&#8217;origine habit\u00e9e par des peuples de la culture mississippienne; Cherokee, Chickasaw et Shawnee ont ensuite d\u00e9m\u00e9nag\u00e9 dans la r\u00e9gion. Mais ce n&#8217;est qu&#8217;en 1806 que Nashville a \u00e9t\u00e9 affr\u00e9t\u00e9 en tant que ville, se d\u00e9veloppant en tant que d\u00e9p\u00f4t de commerce fluvial et fabricant pour le Tennessee moyen.<\/p>\n<p>De nos jours, la ville moderne de Nashville a la musique et le divertissement comme deux des activit\u00e9s principales de la ville. Nashville est mondialement connue pour sa sc\u00e8ne de musique country et son histoire, constituant ainsi la base d&#8217;une grande industrie du disque. Au cours de votre visite priv\u00e9e de la ville de Nashville, vous explorerez la zone principale o\u00f9 se d\u00e9roule l&#8217;activit\u00e9 musicale, Music Row, tout en apprenant l&#8217;histoire et les l\u00e9gendes de la sc\u00e8ne musicale country.<\/p>\n<p>Vous pourrez visiter les lieux les plus embl\u00e9matiques de Nashville, par exemple:<\/p>\n<ul>\n<li>Le Country Music Hall of Fame et le Studio B o\u00f9 Elvis a enregistr\u00e9 de la musique<\/li>\n<li>Maison Jessie James<\/li>\n<li>\u00c9cole Taylor Swift<\/li>\n<li>Studio B historique de RCA<\/li>\n<li>Visitez le Legends Corner et le Ryman Auditorium, deux des meilleurs endroits pour voir de la musique live \u00e0 Nashville<\/li>\n<li>Nashville Parthenon: Cette c\u00e9l\u00e8bre reproduction du Parth\u00e9non d&#8217;Ath\u00e8nes est situ\u00e9e dans le parc du centenaire, \u00e0 seulement quelques minutes \u00e0 pied \u00e0 l&#8217;ouest du centre-ville<\/li>\n<li>Le Capitole de l&#8217;\u00c9tat du Tennessee<\/li>\n<li>Beaucoup plus!<\/li>\n<\/ul>\n<p>De plus, si vous souhaitez visiter les mus\u00e9es de Nashville, nous pouvons organiser des billets coupe-file pour le Museum of Art et \/ ou le Tennessee Agricultural Museum.<\/p>\n<p>Tous nos circuits sont priv\u00e9s et sur mesure. Contactez-nous pour une exp\u00e9rience personnalis\u00e9e.<\/p>\n","protected":false},"excerpt":{"rendered":"<p>Explorez la ville de la musique avec des experts locaux et d\u00e9couvrez l&#8217;histoire et les l\u00e9gendes de cette ville merveilleuse. Profitez d&#8217;une exp\u00e9rience enti\u00e8rement sur mesure.<\/p>\n","protected":false},"featured_media":90628,"comment_status":"open","ping_status":"closed","template":"","meta":{"_acf_changed":false},"product_brand":[],"product_cat":[3547,3796],"product_tag":[],"class_list":{"0":"post-104187","1":"product","2":"type-product","3":"status-publish","4":"has-post-thumbnail","6":"product_cat-etats-unis-fr","7":"product_cat-nashville-fr","9":"first","10":"instock","11":"shipping-taxable","12":"purchasable","13":"product-type-simple"},"acf":[],"yoast_head":"<!-- This site is optimized with the Yoast SEO Premium plugin v25.3.1 (Yoast SEO v25.3.1) - https:\/\/yoast.com\/wordpress\/plugins\/seo\/ -->\n<title>Visite priv\u00e9e de la ville de Nashville avec chauffeur et guide local<\/title>\n<meta name=\"description\" content=\"Profitez de cette visite priv\u00e9e de la ville de Nashville confortablement dans votre v\u00e9hicule priv\u00e9 avec chauffeur \/ guide. Explorez la ville de la musique comme un local!\" \/>\n<meta name=\"robots\" content=\"index, follow, max-snippet:-1, max-image-preview:large, max-video-preview:-1\" \/>\n<link rel=\"canonical\" href=\"https:\/\/tourtravelandmore.com\/fr\/tours\/etats-unis-fr\/nashville-fr\/visite-privee-de-la-ville-de-nashville\/\" \/>\n<meta property=\"og:locale\" content=\"fr_FR\" \/>\n<meta property=\"og:type\" content=\"article\" \/>\n<meta property=\"og:title\" content=\"Visite priv\u00e9e de la ville de Nashville\" \/>\n<meta property=\"og:description\" content=\"Profitez de cette visite priv\u00e9e de la ville de Nashville confortablement dans votre v\u00e9hicule priv\u00e9 avec chauffeur \/ guide. Explorez la ville de la musique comme un local!\" \/>\n<meta property=\"og:url\" content=\"https:\/\/tourtravelandmore.com\/fr\/tours\/etats-unis-fr\/nashville-fr\/visite-privee-de-la-ville-de-nashville\/\" \/>\n<meta property=\"og:site_name\" content=\"Tour Travel And More\" \/>\n<meta property=\"article:publisher\" content=\"https:\/\/www.facebook.com\/tourtravelandmore\/\" \/>\n<meta property=\"article:modified_time\" content=\"2021-03-18T11:23:53+00:00\" \/>\n<meta property=\"og:image\" content=\"https:\/\/tourtravelandmore.com\/wp-content\/uploads\/2020\/12\/Nashville-orange.jpeg\" \/>\n\t<meta property=\"og:image:width\" content=\"1267\" \/>\n\t<meta property=\"og:image:height\" content=\"950\" \/>\n\t<meta property=\"og:image:type\" content=\"image\/jpeg\" \/>\n<meta name=\"twitter:card\" content=\"summary_large_image\" \/>\n<meta name=\"twitter:site\" content=\"@TourTravel_More\" \/>\n<meta name=\"twitter:label1\" content=\"Dur\u00e9e de lecture estim\u00e9e\" \/>\n\t<meta name=\"twitter:data1\" content=\"2 minutes\" \/>\n<script type=\"application\/ld+json\" class=\"yoast-schema-graph\">{\"@context\":\"https:\/\/schema.org\",\"@graph\":[{\"@type\":\"WebPage\",\"@id\":\"https:\/\/tourtravelandmore.com\/fr\/tours\/etats-unis-fr\/nashville-fr\/visite-privee-de-la-ville-de-nashville\/\",\"url\":\"https:\/\/tourtravelandmore.com\/fr\/tours\/etats-unis-fr\/nashville-fr\/visite-privee-de-la-ville-de-nashville\/\",\"name\":\"Visite priv\u00e9e de la ville de Nashville avec chauffeur et guide local\",\"isPartOf\":{\"@id\":\"https:\/\/tourtravelandmore.com\/fr\/#website\"},\"primaryImageOfPage\":{\"@id\":\"https:\/\/tourtravelandmore.com\/fr\/tours\/etats-unis-fr\/nashville-fr\/visite-privee-de-la-ville-de-nashville\/#primaryimage\"},\"image\":{\"@id\":\"https:\/\/tourtravelandmore.com\/fr\/tours\/etats-unis-fr\/nashville-fr\/visite-privee-de-la-ville-de-nashville\/#primaryimage\"},\"thumbnailUrl\":\"https:\/\/tourtravelandmore.com\/wp-content\/uploads\/2020\/12\/Nashville-orange.jpeg\",\"datePublished\":\"2020-12-29T13:08:11+00:00\",\"dateModified\":\"2021-03-18T11:23:53+00:00\",\"description\":\"Profitez de cette visite priv\u00e9e de la ville de Nashville confortablement dans votre v\u00e9hicule priv\u00e9 avec chauffeur \/ guide. Explorez la ville de la musique comme un local!\",\"breadcrumb\":{\"@id\":\"https:\/\/tourtravelandmore.com\/fr\/tours\/etats-unis-fr\/nashville-fr\/visite-privee-de-la-ville-de-nashville\/#breadcrumb\"},\"inLanguage\":\"fr-FR\",\"potentialAction\":[{\"@type\":\"ReadAction\",\"target\":[\"https:\/\/tourtravelandmore.com\/fr\/tours\/etats-unis-fr\/nashville-fr\/visite-privee-de-la-ville-de-nashville\/\"]}]},{\"@type\":\"ImageObject\",\"inLanguage\":\"fr-FR\",\"@id\":\"https:\/\/tourtravelandmore.com\/fr\/tours\/etats-unis-fr\/nashville-fr\/visite-privee-de-la-ville-de-nashville\/#primaryimage\",\"url\":\"https:\/\/tourtravelandmore.com\/wp-content\/uploads\/2020\/12\/Nashville-orange.jpeg\",\"contentUrl\":\"https:\/\/tourtravelandmore.com\/wp-content\/uploads\/2020\/12\/Nashville-orange.jpeg\",\"width\":1267,\"height\":950,\"caption\":\"Nashville orange\"},{\"@type\":\"BreadcrumbList\",\"@id\":\"https:\/\/tourtravelandmore.com\/fr\/tours\/etats-unis-fr\/nashville-fr\/visite-privee-de-la-ville-de-nashville\/#breadcrumb\",\"itemListElement\":[{\"@type\":\"ListItem\",\"position\":1,\"name\":\"Home\",\"item\":\"https:\/\/tourtravelandmore.com\/fr\/\"},{\"@type\":\"ListItem\",\"position\":2,\"name\":\"Tours\",\"item\":\"https:\/\/tourtravelandmore.com\/fr\/tours\/\"},{\"@type\":\"ListItem\",\"position\":3,\"name\":\"Visite priv\u00e9e de la ville de Nashville\"}]},{\"@type\":\"WebSite\",\"@id\":\"https:\/\/tourtravelandmore.com\/fr\/#website\",\"url\":\"https:\/\/tourtravelandmore.com\/fr\/\",\"name\":\"Tour Travel And More\",\"description\":\"Private sightseeing tours and luxury transfers in Spain\",\"publisher\":{\"@id\":\"https:\/\/tourtravelandmore.com\/fr\/#organization\"},\"potentialAction\":[{\"@type\":\"SearchAction\",\"target\":{\"@type\":\"EntryPoint\",\"urlTemplate\":\"https:\/\/tourtravelandmore.com\/fr\/?s={search_term_string}\"},\"query-input\":{\"@type\":\"PropertyValueSpecification\",\"valueRequired\":true,\"valueName\":\"search_term_string\"}}],\"inLanguage\":\"fr-FR\"},{\"@type\":\"Organization\",\"@id\":\"https:\/\/tourtravelandmore.com\/fr\/#organization\",\"name\":\"Tour Travel And More\",\"url\":\"https:\/\/tourtravelandmore.com\/fr\/\",\"logo\":{\"@type\":\"ImageObject\",\"inLanguage\":\"fr-FR\",\"@id\":\"https:\/\/tourtravelandmore.com\/fr\/#\/schema\/logo\/image\/\",\"url\":\"https:\/\/tourtravelandmore.com\/wp-content\/uploads\/2022\/12\/cropped-logo-cabecera-new.png\",\"contentUrl\":\"https:\/\/tourtravelandmore.com\/wp-content\/uploads\/2022\/12\/cropped-logo-cabecera-new.png\",\"width\":430,\"height\":61,\"caption\":\"Tour Travel And More\"},\"image\":{\"@id\":\"https:\/\/tourtravelandmore.com\/fr\/#\/schema\/logo\/image\/\"},\"sameAs\":[\"https:\/\/www.facebook.com\/tourtravelandmore\/\",\"https:\/\/x.com\/TourTravel_More\"]}]}<\/script>\n<!-- \/ Yoast SEO Premium plugin. -->","yoast_head_json":{"title":"Visite priv\u00e9e de la ville de Nashville avec chauffeur et guide local","description":"Profitez de cette visite priv\u00e9e de la ville de Nashville confortablement dans votre v\u00e9hicule priv\u00e9 avec chauffeur \/ guide. Explorez la ville de la musique comme un local!","robots":{"index":"index","follow":"follow","max-snippet":"max-snippet:-1","max-image-preview":"max-image-preview:large","max-video-preview":"max-video-preview:-1"},"canonical":"https:\/\/tourtravelandmore.com\/fr\/tours\/etats-unis-fr\/nashville-fr\/visite-privee-de-la-ville-de-nashville\/","og_locale":"fr_FR","og_type":"article","og_title":"Visite priv\u00e9e de la ville de Nashville","og_description":"Profitez de cette visite priv\u00e9e de la ville de Nashville confortablement dans votre v\u00e9hicule priv\u00e9 avec chauffeur \/ guide. Explorez la ville de la musique comme un local!","og_url":"https:\/\/tourtravelandmore.com\/fr\/tours\/etats-unis-fr\/nashville-fr\/visite-privee-de-la-ville-de-nashville\/","og_site_name":"Tour Travel And More","article_publisher":"https:\/\/www.facebook.com\/tourtravelandmore\/","article_modified_time":"2021-03-18T11:23:53+00:00","og_image":[{"width":1267,"height":950,"url":"https:\/\/tourtravelandmore.com\/wp-content\/uploads\/2020\/12\/Nashville-orange.jpeg","type":"image\/jpeg"}],"twitter_card":"summary_large_image","twitter_site":"@TourTravel_More","twitter_misc":{"Dur\u00e9e de lecture estim\u00e9e":"2 minutes"},"schema":{"@context":"https:\/\/schema.org","@graph":[{"@type":"WebPage","@id":"https:\/\/tourtravelandmore.com\/fr\/tours\/etats-unis-fr\/nashville-fr\/visite-privee-de-la-ville-de-nashville\/","url":"https:\/\/tourtravelandmore.com\/fr\/tours\/etats-unis-fr\/nashville-fr\/visite-privee-de-la-ville-de-nashville\/","name":"Visite priv\u00e9e de la ville de Nashville avec chauffeur et guide local","isPartOf":{"@id":"https:\/\/tourtravelandmore.com\/fr\/#website"},"primaryImageOfPage":{"@id":"https:\/\/tourtravelandmore.com\/fr\/tours\/etats-unis-fr\/nashville-fr\/visite-privee-de-la-ville-de-nashville\/#primaryimage"},"image":{"@id":"https:\/\/tourtravelandmore.com\/fr\/tours\/etats-unis-fr\/nashville-fr\/visite-privee-de-la-ville-de-nashville\/#primaryimage"},"thumbnailUrl":"https:\/\/tourtravelandmore.com\/wp-content\/uploads\/2020\/12\/Nashville-orange.jpeg","datePublished":"2020-12-29T13:08:11+00:00","dateModified":"2021-03-18T11:23:53+00:00","description":"Profitez de cette visite priv\u00e9e de la ville de Nashville confortablement dans votre v\u00e9hicule priv\u00e9 avec chauffeur \/ guide. Explorez la ville de la musique comme un local!","breadcrumb":{"@id":"https:\/\/tourtravelandmore.com\/fr\/tours\/etats-unis-fr\/nashville-fr\/visite-privee-de-la-ville-de-nashville\/#breadcrumb"},"inLanguage":"fr-FR","potentialAction":[{"@type":"ReadAction","target":["https:\/\/tourtravelandmore.com\/fr\/tours\/etats-unis-fr\/nashville-fr\/visite-privee-de-la-ville-de-nashville\/"]}]},{"@type":"ImageObject","inLanguage":"fr-FR","@id":"https:\/\/tourtravelandmore.com\/fr\/tours\/etats-unis-fr\/nashville-fr\/visite-privee-de-la-ville-de-nashville\/#primaryimage","url":"https:\/\/tourtravelandmore.com\/wp-content\/uploads\/2020\/12\/Nashville-orange.jpeg","contentUrl":"https:\/\/tourtravelandmore.com\/wp-content\/uploads\/2020\/12\/Nashville-orange.jpeg","width":1267,"height":950,"caption":"Nashville orange"},{"@type":"BreadcrumbList","@id":"https:\/\/tourtravelandmore.com\/fr\/tours\/etats-unis-fr\/nashville-fr\/visite-privee-de-la-ville-de-nashville\/#breadcrumb","itemListElement":[{"@type":"ListItem","position":1,"name":"Home","item":"https:\/\/tourtravelandmore.com\/fr\/"},{"@type":"ListItem","position":2,"name":"Tours","item":"https:\/\/tourtravelandmore.com\/fr\/tours\/"},{"@type":"ListItem","position":3,"name":"Visite priv\u00e9e de la ville de Nashville"}]},{"@type":"WebSite","@id":"https:\/\/tourtravelandmore.com\/fr\/#website","url":"https:\/\/tourtravelandmore.com\/fr\/","name":"Tour Travel And More","description":"Private sightseeing tours and luxury transfers in Spain","publisher":{"@id":"https:\/\/tourtravelandmore.com\/fr\/#organization"},"potentialAction":[{"@type":"SearchAction","target":{"@type":"EntryPoint","urlTemplate":"https:\/\/tourtravelandmore.com\/fr\/?s={search_term_string}"},"query-input":{"@type":"PropertyValueSpecification","valueRequired":true,"valueName":"search_term_string"}}],"inLanguage":"fr-FR"},{"@type":"Organization","@id":"https:\/\/tourtravelandmore.com\/fr\/#organization","name":"Tour Travel And More","url":"https:\/\/tourtravelandmore.com\/fr\/","logo":{"@type":"ImageObject","inLanguage":"fr-FR","@id":"https:\/\/tourtravelandmore.com\/fr\/#\/schema\/logo\/image\/","url":"https:\/\/tourtravelandmore.com\/wp-content\/uploads\/2022\/12\/cropped-logo-cabecera-new.png","contentUrl":"https:\/\/tourtravelandmore.com\/wp-content\/uploads\/2022\/12\/cropped-logo-cabecera-new.png","width":430,"height":61,"caption":"Tour Travel And More"},"image":{"@id":"https:\/\/tourtravelandmore.com\/fr\/#\/schema\/logo\/image\/"},"sameAs":["https:\/\/www.facebook.com\/tourtravelandmore\/","https:\/\/x.com\/TourTravel_More"]}]}},"_links":{"self":[{"href":"https:\/\/tourtravelandmore.com\/fr\/wp-json\/wp\/v2\/product\/104187","targetHints":{"allow":["GET"]}}],"collection":[{"href":"https:\/\/tourtravelandmore.com\/fr\/wp-json\/wp\/v2\/product"}],"about":[{"href":"https:\/\/tourtravelandmore.com\/fr\/wp-json\/wp\/v2\/types\/product"}],"replies":[{"embeddable":true,"href":"https:\/\/tourtravelandmore.com\/fr\/wp-json\/wp\/v2\/comments?post=104187"}],"wp:featuredmedia":[{"embeddable":true,"href":"https:\/\/tourtravelandmore.com\/fr\/wp-json\/wp\/v2\/media\/90628"}],"wp:attachment":[{"href":"https:\/\/tourtravelandmore.com\/fr\/wp-json\/wp\/v2\/media?parent=104187"}],"wp:term":[{"taxonomy":"product_brand","embeddable":true,"href":"https:\/\/tourtravelandmore.com\/fr\/wp-json\/wp\/v2\/product_brand?post=104187"},{"taxonomy":"product_cat","embeddable":true,"href":"https:\/\/tourtravelandmore.com\/fr\/wp-json\/wp\/v2\/product_cat?post=104187"},{"taxonomy":"product_tag","embeddable":true,"href":"https:\/\/tourtravelandmore.com\/fr\/wp-json\/wp\/v2\/product_tag?post=104187"}],"curies":[{"name":"wp","href":"https:\/\/api.w.org\/{rel}","templated":true}]}}