{"id":104178,"date":"2019-10-20T23:58:37","date_gmt":"2019-10-20T21:58:37","guid":{"rendered":"https:\/\/tourtravelandmore.com\/tours\/non%20class\u00e9\/transfert-prive-distanbul\/"},"modified":"2021-03-18T12:17:13","modified_gmt":"2021-03-18T11:17:13","slug":"transfert-prive-distanbul","status":"publish","type":"product","link":"https:\/\/tourtravelandmore.com\/fr\/tours\/turquie-fr\/istanbul-fr\/transfert-prive-distanbul\/","title":{"rendered":"Transfert priv\u00e9 d&#8217;Istanbul"},"content":{"rendered":"<h2>Description<\/h2>\n<p>Avec notre transfert priv\u00e9 \u00e0 Istanbul, c&#8217;est le meilleur moyen de vous rendre \u00e0 votre h\u00f4tel \u00e0 Istanbul.<\/p>\n<p>En arrivant dans un nouveau pays, cela fait parfois peur. C&#8217;est pourquoi prendre l&#8217;un de nos transferts priv\u00e9s \u00e0 Istanbul est une excellente option. C&#8217;est un transfert totalement sans tracas.<\/p>\n<p>Une fois arriv\u00e9s \u00e0 Istanbul, allez r\u00e9cup\u00e9rer vos bagages et dirigons-nous vers le centre-ville d&#8217;Istanbul. Nous pouvons vous emmener de l&#8217;a\u00e9roport apr\u00e8s avoir rencontr\u00e9 votre chauffeur priv\u00e9. Nous nous dirigerons ensuite vers la ville d&#8217;Istanbul. Pendant ce temps, vous arrivez \u00e0 votre h\u00f4tel, profitez d&#8217;une vue magnifique sur Istanbul.<\/p>\n<p>Notre v\u00e9hicule de luxe priv\u00e9 vous emm\u00e8nera dans un transfert tr\u00e8s confortable pour arriver \u00e0 votre destination finale. Pour notre v\u00e9hicule priv\u00e9, nous pouvons organiser un si\u00e8ge enfant pour vous. Nous ne limitons pas non plus le nombre de bagages. Nous calculons un par personne. Si vous en avez plus, nous pouvons organiser cela bien s\u00fbr, mais nous devrons changer de v\u00e9hicule priv\u00e9.<\/p>\n<h2>Sites d&#8217;int\u00e9r\u00eat et monuments<\/h2>\n<p>Istanbul est une ville turque unique et magnifique. C&#8217;est la ville la plus peupl\u00e9e de Turquie et l&#8217;une des parties \u00e9conomiques les plus importantes de celle-ci. Son centre culturel et historique est le centre d&#8217;Istanbul. Avec notre transfert priv\u00e9 \u00e0 Istanbul, vous pouvez aller o\u00f9 vous voulez.<\/p>\n<p>Istanbul est une ville d&#8217;Eurasie avec le d\u00e9troit du Bosphore. Cela s\u00e9pare l&#8217;Europe et l&#8217;Asie. C&#8217;est aussi la mer de Marmara et la mer Noire.<\/p>\n<p>La partie commerciale et historique se situe du c\u00f4t\u00e9 europ\u00e9en. Les banlieues sont du c\u00f4t\u00e9 asiatique.<\/p>\n<p>Chez Tour Travel &amp; More, nous proposons de superbes visites priv\u00e9es dans la ville d&#8217;Istanbul Profitez d&#8217;une visite \u00e0 pied, d&#8217;une visite de la ville, d&#8217;une croisi\u00e8re sur le Bosphore. Istanbul est vraiment un endroit unique \u00e0 visiter.<\/p>\n<p>D\u00e9couvrez toutes les visites et activit\u00e9s priv\u00e9es dont vous pouvez profiter \u00e0 Istanbul.<\/p>\n","protected":false},"excerpt":{"rendered":"<p>Profitez de cette occasion pour profiter de ce moyen confortable pour vous rendre \u00e0 votre destination finale \u00e0 Istanbul. Vous disposerez de votre propre v\u00e9hicule de luxe priv\u00e9 avec chauffeur pour vous conduire rapidement et confortablement \u00e0 l&#8217;emplacement de votre choix. La prise en charge peut \u00eatre \u00e0 l&#8217;h\u00f4tel, \u00e0 l&#8217;a\u00e9roport, \u00e0 la gare ou au lieu de votre choix.<\/p>\n","protected":false},"featured_media":95504,"comment_status":"open","ping_status":"closed","template":"","meta":{"_acf_changed":false},"product_brand":[],"product_cat":[3734,3830],"product_tag":[4043,4042],"class_list":{"0":"post-104178","1":"product","2":"type-product","3":"status-publish","4":"has-post-thumbnail","6":"product_cat-turquie-fr","7":"product_cat-istanbul-fr","8":"product_tag-private-fr","9":"product_tag-transfer-fr","11":"first","12":"instock","13":"shipping-taxable","14":"purchasable","15":"product-type-simple"},"acf":[],"yoast_head":"<!-- This site is optimized with the Yoast SEO Premium plugin v25.3.1 (Yoast SEO v25.3.1) - https:\/\/yoast.com\/wordpress\/plugins\/seo\/ -->\n<title>Transfert priv\u00e9 \u00e0 l&#039;a\u00e9roport ou au port d&#039;Istanbul - Transfert priv\u00e9 \u00e0 Istanbul<\/title>\n<meta name=\"description\" content=\"Arrivez \u00e0 votre destination finale \u00e0 Istanbul avec notre transfert priv\u00e9 \u00e0 Istanbul. V\u00e9hicule de luxe priv\u00e9 avec chauffeur pour vous rendre confortablement \u00e0 votre emplacement.\" \/>\n<meta name=\"robots\" content=\"index, follow, max-snippet:-1, max-image-preview:large, max-video-preview:-1\" \/>\n<link rel=\"canonical\" href=\"https:\/\/tourtravelandmore.com\/fr\/tours\/turquie-fr\/istanbul-fr\/transfert-prive-distanbul\/\" \/>\n<meta property=\"og:locale\" content=\"fr_FR\" \/>\n<meta property=\"og:type\" content=\"article\" \/>\n<meta property=\"og:title\" content=\"Transfert priv\u00e9 d&#039;Istanbul\" \/>\n<meta property=\"og:description\" content=\"Arrivez \u00e0 votre destination finale \u00e0 Istanbul avec notre transfert priv\u00e9 \u00e0 Istanbul. V\u00e9hicule de luxe priv\u00e9 avec chauffeur pour vous rendre confortablement \u00e0 votre emplacement.\" \/>\n<meta property=\"og:url\" content=\"https:\/\/tourtravelandmore.com\/fr\/tours\/turquie-fr\/istanbul-fr\/transfert-prive-distanbul\/\" \/>\n<meta property=\"og:site_name\" content=\"Tour Travel And More\" \/>\n<meta property=\"article:publisher\" content=\"https:\/\/www.facebook.com\/tourtravelandmore\/\" \/>\n<meta property=\"article:modified_time\" content=\"2021-03-18T11:17:13+00:00\" \/>\n<meta property=\"og:image\" content=\"https:\/\/tourtravelandmore.com\/wp-content\/uploads\/2019\/01\/Cars-de-Luxe-22.jpg\" \/>\n\t<meta property=\"og:image:width\" content=\"1146\" \/>\n\t<meta property=\"og:image:height\" content=\"789\" \/>\n\t<meta property=\"og:image:type\" content=\"image\/jpeg\" \/>\n<meta name=\"twitter:card\" content=\"summary_large_image\" \/>\n<meta name=\"twitter:site\" content=\"@TourTravel_More\" \/>\n<meta name=\"twitter:label1\" content=\"Dur\u00e9e de lecture estim\u00e9e\" \/>\n\t<meta name=\"twitter:data1\" content=\"2 minutes\" \/>\n<script type=\"application\/ld+json\" class=\"yoast-schema-graph\">{\"@context\":\"https:\/\/schema.org\",\"@graph\":[{\"@type\":\"WebPage\",\"@id\":\"https:\/\/tourtravelandmore.com\/fr\/tours\/turquie-fr\/istanbul-fr\/transfert-prive-distanbul\/\",\"url\":\"https:\/\/tourtravelandmore.com\/fr\/tours\/turquie-fr\/istanbul-fr\/transfert-prive-distanbul\/\",\"name\":\"Transfert priv\u00e9 \u00e0 l'a\u00e9roport ou au port d'Istanbul - Transfert priv\u00e9 \u00e0 Istanbul\",\"isPartOf\":{\"@id\":\"https:\/\/tourtravelandmore.com\/fr\/#website\"},\"primaryImageOfPage\":{\"@id\":\"https:\/\/tourtravelandmore.com\/fr\/tours\/turquie-fr\/istanbul-fr\/transfert-prive-distanbul\/#primaryimage\"},\"image\":{\"@id\":\"https:\/\/tourtravelandmore.com\/fr\/tours\/turquie-fr\/istanbul-fr\/transfert-prive-distanbul\/#primaryimage\"},\"thumbnailUrl\":\"https:\/\/tourtravelandmore.com\/wp-content\/uploads\/2019\/01\/Cars-de-Luxe-22.jpg\",\"datePublished\":\"2019-10-20T21:58:37+00:00\",\"dateModified\":\"2021-03-18T11:17:13+00:00\",\"description\":\"Arrivez \u00e0 votre destination finale \u00e0 Istanbul avec notre transfert priv\u00e9 \u00e0 Istanbul. V\u00e9hicule de luxe priv\u00e9 avec chauffeur pour vous rendre confortablement \u00e0 votre emplacement.\",\"breadcrumb\":{\"@id\":\"https:\/\/tourtravelandmore.com\/fr\/tours\/turquie-fr\/istanbul-fr\/transfert-prive-distanbul\/#breadcrumb\"},\"inLanguage\":\"fr-FR\",\"potentialAction\":[{\"@type\":\"ReadAction\",\"target\":[\"https:\/\/tourtravelandmore.com\/fr\/tours\/turquie-fr\/istanbul-fr\/transfert-prive-distanbul\/\"]}]},{\"@type\":\"ImageObject\",\"inLanguage\":\"fr-FR\",\"@id\":\"https:\/\/tourtravelandmore.com\/fr\/tours\/turquie-fr\/istanbul-fr\/transfert-prive-distanbul\/#primaryimage\",\"url\":\"https:\/\/tourtravelandmore.com\/wp-content\/uploads\/2019\/01\/Cars-de-Luxe-22.jpg\",\"contentUrl\":\"https:\/\/tourtravelandmore.com\/wp-content\/uploads\/2019\/01\/Cars-de-Luxe-22.jpg\",\"width\":1146,\"height\":789},{\"@type\":\"BreadcrumbList\",\"@id\":\"https:\/\/tourtravelandmore.com\/fr\/tours\/turquie-fr\/istanbul-fr\/transfert-prive-distanbul\/#breadcrumb\",\"itemListElement\":[{\"@type\":\"ListItem\",\"position\":1,\"name\":\"Home\",\"item\":\"https:\/\/tourtravelandmore.com\/fr\/\"},{\"@type\":\"ListItem\",\"position\":2,\"name\":\"Tours\",\"item\":\"https:\/\/tourtravelandmore.com\/fr\/tours\/\"},{\"@type\":\"ListItem\",\"position\":3,\"name\":\"Transfert priv\u00e9 d&#8217;Istanbul\"}]},{\"@type\":\"WebSite\",\"@id\":\"https:\/\/tourtravelandmore.com\/fr\/#website\",\"url\":\"https:\/\/tourtravelandmore.com\/fr\/\",\"name\":\"Tour Travel And More\",\"description\":\"Private sightseeing tours and luxury transfers in Spain\",\"publisher\":{\"@id\":\"https:\/\/tourtravelandmore.com\/fr\/#organization\"},\"potentialAction\":[{\"@type\":\"SearchAction\",\"target\":{\"@type\":\"EntryPoint\",\"urlTemplate\":\"https:\/\/tourtravelandmore.com\/fr\/?s={search_term_string}\"},\"query-input\":{\"@type\":\"PropertyValueSpecification\",\"valueRequired\":true,\"valueName\":\"search_term_string\"}}],\"inLanguage\":\"fr-FR\"},{\"@type\":\"Organization\",\"@id\":\"https:\/\/tourtravelandmore.com\/fr\/#organization\",\"name\":\"Tour Travel And More\",\"url\":\"https:\/\/tourtravelandmore.com\/fr\/\",\"logo\":{\"@type\":\"ImageObject\",\"inLanguage\":\"fr-FR\",\"@id\":\"https:\/\/tourtravelandmore.com\/fr\/#\/schema\/logo\/image\/\",\"url\":\"https:\/\/tourtravelandmore.com\/wp-content\/uploads\/2022\/12\/cropped-logo-cabecera-new.png\",\"contentUrl\":\"https:\/\/tourtravelandmore.com\/wp-content\/uploads\/2022\/12\/cropped-logo-cabecera-new.png\",\"width\":430,\"height\":61,\"caption\":\"Tour Travel And More\"},\"image\":{\"@id\":\"https:\/\/tourtravelandmore.com\/fr\/#\/schema\/logo\/image\/\"},\"sameAs\":[\"https:\/\/www.facebook.com\/tourtravelandmore\/\",\"https:\/\/x.com\/TourTravel_More\"]}]}<\/script>\n<!-- \/ Yoast SEO Premium plugin. -->","yoast_head_json":{"title":"Transfert priv\u00e9 \u00e0 l'a\u00e9roport ou au port d'Istanbul - Transfert priv\u00e9 \u00e0 Istanbul","description":"Arrivez \u00e0 votre destination finale \u00e0 Istanbul avec notre transfert priv\u00e9 \u00e0 Istanbul. V\u00e9hicule de luxe priv\u00e9 avec chauffeur pour vous rendre confortablement \u00e0 votre emplacement.","robots":{"index":"index","follow":"follow","max-snippet":"max-snippet:-1","max-image-preview":"max-image-preview:large","max-video-preview":"max-video-preview:-1"},"canonical":"https:\/\/tourtravelandmore.com\/fr\/tours\/turquie-fr\/istanbul-fr\/transfert-prive-distanbul\/","og_locale":"fr_FR","og_type":"article","og_title":"Transfert priv\u00e9 d'Istanbul","og_description":"Arrivez \u00e0 votre destination finale \u00e0 Istanbul avec notre transfert priv\u00e9 \u00e0 Istanbul. V\u00e9hicule de luxe priv\u00e9 avec chauffeur pour vous rendre confortablement \u00e0 votre emplacement.","og_url":"https:\/\/tourtravelandmore.com\/fr\/tours\/turquie-fr\/istanbul-fr\/transfert-prive-distanbul\/","og_site_name":"Tour Travel And More","article_publisher":"https:\/\/www.facebook.com\/tourtravelandmore\/","article_modified_time":"2021-03-18T11:17:13+00:00","og_image":[{"width":1146,"height":789,"url":"https:\/\/tourtravelandmore.com\/wp-content\/uploads\/2019\/01\/Cars-de-Luxe-22.jpg","type":"image\/jpeg"}],"twitter_card":"summary_large_image","twitter_site":"@TourTravel_More","twitter_misc":{"Dur\u00e9e de lecture estim\u00e9e":"2 minutes"},"schema":{"@context":"https:\/\/schema.org","@graph":[{"@type":"WebPage","@id":"https:\/\/tourtravelandmore.com\/fr\/tours\/turquie-fr\/istanbul-fr\/transfert-prive-distanbul\/","url":"https:\/\/tourtravelandmore.com\/fr\/tours\/turquie-fr\/istanbul-fr\/transfert-prive-distanbul\/","name":"Transfert priv\u00e9 \u00e0 l'a\u00e9roport ou au port d'Istanbul - Transfert priv\u00e9 \u00e0 Istanbul","isPartOf":{"@id":"https:\/\/tourtravelandmore.com\/fr\/#website"},"primaryImageOfPage":{"@id":"https:\/\/tourtravelandmore.com\/fr\/tours\/turquie-fr\/istanbul-fr\/transfert-prive-distanbul\/#primaryimage"},"image":{"@id":"https:\/\/tourtravelandmore.com\/fr\/tours\/turquie-fr\/istanbul-fr\/transfert-prive-distanbul\/#primaryimage"},"thumbnailUrl":"https:\/\/tourtravelandmore.com\/wp-content\/uploads\/2019\/01\/Cars-de-Luxe-22.jpg","datePublished":"2019-10-20T21:58:37+00:00","dateModified":"2021-03-18T11:17:13+00:00","description":"Arrivez \u00e0 votre destination finale \u00e0 Istanbul avec notre transfert priv\u00e9 \u00e0 Istanbul. V\u00e9hicule de luxe priv\u00e9 avec chauffeur pour vous rendre confortablement \u00e0 votre emplacement.","breadcrumb":{"@id":"https:\/\/tourtravelandmore.com\/fr\/tours\/turquie-fr\/istanbul-fr\/transfert-prive-distanbul\/#breadcrumb"},"inLanguage":"fr-FR","potentialAction":[{"@type":"ReadAction","target":["https:\/\/tourtravelandmore.com\/fr\/tours\/turquie-fr\/istanbul-fr\/transfert-prive-distanbul\/"]}]},{"@type":"ImageObject","inLanguage":"fr-FR","@id":"https:\/\/tourtravelandmore.com\/fr\/tours\/turquie-fr\/istanbul-fr\/transfert-prive-distanbul\/#primaryimage","url":"https:\/\/tourtravelandmore.com\/wp-content\/uploads\/2019\/01\/Cars-de-Luxe-22.jpg","contentUrl":"https:\/\/tourtravelandmore.com\/wp-content\/uploads\/2019\/01\/Cars-de-Luxe-22.jpg","width":1146,"height":789},{"@type":"BreadcrumbList","@id":"https:\/\/tourtravelandmore.com\/fr\/tours\/turquie-fr\/istanbul-fr\/transfert-prive-distanbul\/#breadcrumb","itemListElement":[{"@type":"ListItem","position":1,"name":"Home","item":"https:\/\/tourtravelandmore.com\/fr\/"},{"@type":"ListItem","position":2,"name":"Tours","item":"https:\/\/tourtravelandmore.com\/fr\/tours\/"},{"@type":"ListItem","position":3,"name":"Transfert priv\u00e9 d&#8217;Istanbul"}]},{"@type":"WebSite","@id":"https:\/\/tourtravelandmore.com\/fr\/#website","url":"https:\/\/tourtravelandmore.com\/fr\/","name":"Tour Travel And More","description":"Private sightseeing tours and luxury transfers in Spain","publisher":{"@id":"https:\/\/tourtravelandmore.com\/fr\/#organization"},"potentialAction":[{"@type":"SearchAction","target":{"@type":"EntryPoint","urlTemplate":"https:\/\/tourtravelandmore.com\/fr\/?s={search_term_string}"},"query-input":{"@type":"PropertyValueSpecification","valueRequired":true,"valueName":"search_term_string"}}],"inLanguage":"fr-FR"},{"@type":"Organization","@id":"https:\/\/tourtravelandmore.com\/fr\/#organization","name":"Tour Travel And More","url":"https:\/\/tourtravelandmore.com\/fr\/","logo":{"@type":"ImageObject","inLanguage":"fr-FR","@id":"https:\/\/tourtravelandmore.com\/fr\/#\/schema\/logo\/image\/","url":"https:\/\/tourtravelandmore.com\/wp-content\/uploads\/2022\/12\/cropped-logo-cabecera-new.png","contentUrl":"https:\/\/tourtravelandmore.com\/wp-content\/uploads\/2022\/12\/cropped-logo-cabecera-new.png","width":430,"height":61,"caption":"Tour Travel And More"},"image":{"@id":"https:\/\/tourtravelandmore.com\/fr\/#\/schema\/logo\/image\/"},"sameAs":["https:\/\/www.facebook.com\/tourtravelandmore\/","https:\/\/x.com\/TourTravel_More"]}]}},"_links":{"self":[{"href":"https:\/\/tourtravelandmore.com\/fr\/wp-json\/wp\/v2\/product\/104178","targetHints":{"allow":["GET"]}}],"collection":[{"href":"https:\/\/tourtravelandmore.com\/fr\/wp-json\/wp\/v2\/product"}],"about":[{"href":"https:\/\/tourtravelandmore.com\/fr\/wp-json\/wp\/v2\/types\/product"}],"replies":[{"embeddable":true,"href":"https:\/\/tourtravelandmore.com\/fr\/wp-json\/wp\/v2\/comments?post=104178"}],"wp:featuredmedia":[{"embeddable":true,"href":"https:\/\/tourtravelandmore.com\/fr\/wp-json\/wp\/v2\/media\/95504"}],"wp:attachment":[{"href":"https:\/\/tourtravelandmore.com\/fr\/wp-json\/wp\/v2\/media?parent=104178"}],"wp:term":[{"taxonomy":"product_brand","embeddable":true,"href":"https:\/\/tourtravelandmore.com\/fr\/wp-json\/wp\/v2\/product_brand?post=104178"},{"taxonomy":"product_cat","embeddable":true,"href":"https:\/\/tourtravelandmore.com\/fr\/wp-json\/wp\/v2\/product_cat?post=104178"},{"taxonomy":"product_tag","embeddable":true,"href":"https:\/\/tourtravelandmore.com\/fr\/wp-json\/wp\/v2\/product_tag?post=104178"}],"curies":[{"name":"wp","href":"https:\/\/api.w.org\/{rel}","templated":true}]}}