{"id":104172,"date":"2019-08-01T17:35:28","date_gmt":"2019-08-01T15:35:28","guid":{"rendered":"https:\/\/tourtravelandmore.com\/tours\/non%20class\u00e9\/visite-privee-a-pied-distanbul\/"},"modified":"2024-08-27T21:19:51","modified_gmt":"2024-08-27T19:19:51","slug":"visite-privee-a-pied-distanbul","status":"publish","type":"product","link":"https:\/\/tourtravelandmore.com\/fr\/tours\/turquie-fr\/istanbul-fr\/visite-privee-a-pied-distanbul\/","title":{"rendered":"Visite priv\u00e9e \u00e0 pied d&#8217;Istanbul avec Sainte-Sophie"},"content":{"rendered":"<h2><b><strong>Description de la visite priv\u00e9e \u00e0 pied d&#8217;Istanbul<\/strong><\/b><\/h2>\n<p>Au cours de cette visite priv\u00e9e \u00e0 pied d&#8217;Istanbul, vous vous aventurerez dans les lieux les plus importants de cette ville historique.<\/p>\n<p>Vous pourrez prendre des photos depuis les meilleurs points de la ville.<\/p>\n<p>Le premier arr\u00eat sera le c\u00e9l\u00e8bre palais de Topkapi, qui fut le centre administratif de l&#8217;Empire ottoman pendant des d\u00e9cennies. La construction du palais a \u00e9t\u00e9 ordonn\u00e9e par le sultan Mehmed II. De l\u00e0, vous aurez une vue splendide sur le Bosphore. Il se compose de nombreux petits b\u00e2timents construits ensemble et entour\u00e9s de quatre cours.<\/p>\n<h2>Visite priv\u00e9e d&#8217;Istanbul \u00e0 pied &#8211; Points d&#8217;int\u00e9r\u00eat et sites touristiques<\/h2>\n<p>La prochaine \u00e9tape de cette visite priv\u00e9e sera l&#8217;hippodrome, le centre social et sportif de Constantinople, qui est actuellement une place avec des fragments de la structure d&#8217;origine. Ensuite, vous verrez la mosqu\u00e9e la plus c\u00e9l\u00e8bre de la ville, la Mosqu\u00e9e bleue, qui doit son nom aux carreaux bleus d&#8217;Iznik qui se trouvent \u00e0 l&#8217;int\u00e9rieur. Elle a \u00e9t\u00e9 construite par le sultan Ahmed Ier au d\u00e9but du XVIIe si\u00e8cle. Ensuite, vous vous dirigerez vers le Grand Bazar, connu pour ses plus de 4 000 boutiques c\u00e9l\u00e8bres qui regorgent de tr\u00e9sors.<\/p>\n<p>Entrez dans l&#8217;impressionnante <b><strong>Sainte-Sophie,<\/strong><\/b> chef-d&#8217;\u0153uvre de l&#8217;architecture byzantine et symbole de la riche histoire d&#8217;Istanbul. Dans le cadre de votre visite priv\u00e9e, l&#8217;entr\u00e9e dans ce monument embl\u00e9matique est incluse, ce qui vous permet d&#8217;explorer ses magnifiques int\u00e9rieurs \u00e0 votre propre rythme. \u00c9merveillez-vous devant la grande coupole, les mosa\u00efques complexes et les fresques vieilles de plusieurs si\u00e8cles qui racontent l&#8217;histoire des empires pass\u00e9s. Que vous soyez captiv\u00e9 par sa signification religieuse ou sa grandeur architecturale, Sainte-Sophie offre un aper\u00e7u de l&#8217;h\u00e9ritage spirituel et culturel d&#8217;Istanbul, ce qui en fait un point fort incontournable de votre voyage.<\/p>\n<p>Enfin, la derni\u00e8re \u00e9tape, mais non la moindre, la visite de la nouvelle mosqu\u00e9e, situ\u00e9e \u00e0 quelques m\u00e8tres du bazar des \u00e9pices, a \u00e9t\u00e9 construite sur ordre des m\u00e8res des sultans Mehmet III et Mehmet IV apr\u00e8s une s\u00e9rie de probl\u00e8mes religieux, financiers et politiques.<\/p>\n<p>Parmi d&#8217;autres monuments et curiosit\u00e9s, vous pouvez d\u00e9couvrir :<\/p>\n<ul>\n<li><a href=\"http:\/\/www.sultanahmetcamii.org\/tr\/\">la Mosqu\u00e9e bleue<\/a><\/li>\n<li>le Grand Bazar<\/li>\n<li>le palais de Topkapi<\/li>\n<li>L&#8217;hippodrome<\/li>\n<li>La fontaine allemande<\/li>\n<li>Tout cela et bien plus encore dans notre visite priv\u00e9e d&#8217;Istanbul.<\/li>\n<\/ul>\n<p>Cette visite \u00e0 pied priv\u00e9e d&#8217;Istanbul se terminera dans le centre ville d&#8217;Istanbul.<\/p>\n<p><a href=\"https:\/\/tourtravelandmore.com\/fr\/city\/turquie-fr\/istanbul-en\/\">Ne manquez pas nos visites priv\u00e9es d&#8217;Istanbul.<\/a><\/p>\n","protected":false},"excerpt":{"rendered":"<p>Visite personnalisable de la ville d&#8217;Istanbul pour les lieux les plus remarquables au patrimoine. La ville d&#8217;Istanbul, en Turquie, est connue pour son riche patrimoine culturel. Au cours de cette visite, votre guide priv\u00e9 vous fera d\u00e9couvrir des sites historiques tels que la Mosqu\u00e9e Bleue, le palais de Topkapi ou son grand bazar.<\/p>\n","protected":false},"featured_media":95972,"comment_status":"open","ping_status":"closed","template":"","meta":{"_acf_changed":false},"product_brand":[],"product_cat":[3734,3830],"product_tag":[],"class_list":{"0":"post-104172","1":"product","2":"type-product","3":"status-publish","4":"has-post-thumbnail","6":"product_cat-turquie-fr","7":"product_cat-istanbul-fr","9":"first","10":"instock","11":"shipping-taxable","12":"purchasable","13":"product-type-simple"},"acf":[],"yoast_head":"<!-- This site is optimized with the Yoast SEO Premium plugin v25.3.1 (Yoast SEO v25.3.1) - https:\/\/yoast.com\/wordpress\/plugins\/seo\/ -->\n<title>Visite priv\u00e9e \u00e0 pied d&#039;Istanbul avec guide officiel et v\u00e9hicule priv\u00e9<\/title>\n<meta name=\"description\" content=\"Profitez de cette visite priv\u00e9e \u00e0 pied d&#039;Istanbul avec un guide local et exp\u00e9riment\u00e9. Entr\u00e9es aux principaux sites de la m\u00e9dina incluses.\" \/>\n<meta name=\"robots\" content=\"index, follow, max-snippet:-1, max-image-preview:large, max-video-preview:-1\" \/>\n<link rel=\"canonical\" href=\"https:\/\/tourtravelandmore.com\/fr\/tours\/turquie-fr\/istanbul-fr\/visite-privee-a-pied-distanbul\/\" \/>\n<meta property=\"og:locale\" content=\"fr_FR\" \/>\n<meta property=\"og:type\" content=\"article\" \/>\n<meta property=\"og:title\" content=\"Visite priv\u00e9e \u00e0 pied d&#039;Istanbul avec Sainte-Sophie\" \/>\n<meta property=\"og:description\" content=\"Profitez de cette visite priv\u00e9e \u00e0 pied d&#039;Istanbul avec un guide local et exp\u00e9riment\u00e9. Entr\u00e9es aux principaux sites de la m\u00e9dina incluses.\" \/>\n<meta property=\"og:url\" content=\"https:\/\/tourtravelandmore.com\/fr\/tours\/turquie-fr\/istanbul-fr\/visite-privee-a-pied-distanbul\/\" \/>\n<meta property=\"og:site_name\" content=\"Tour Travel And More\" \/>\n<meta property=\"article:publisher\" content=\"https:\/\/www.facebook.com\/tourtravelandmore\/\" \/>\n<meta property=\"article:modified_time\" content=\"2024-08-27T19:19:51+00:00\" \/>\n<meta property=\"og:image\" content=\"https:\/\/tourtravelandmore.com\/wp-content\/uploads\/2019\/08\/30957461155_42570c8952_b.jpg\" \/>\n\t<meta property=\"og:image:width\" content=\"1024\" \/>\n\t<meta property=\"og:image:height\" content=\"720\" \/>\n\t<meta property=\"og:image:type\" content=\"image\/jpeg\" \/>\n<meta name=\"twitter:card\" content=\"summary_large_image\" \/>\n<meta name=\"twitter:site\" content=\"@TourTravel_More\" \/>\n<meta name=\"twitter:label1\" content=\"Dur\u00e9e de lecture estim\u00e9e\" \/>\n\t<meta name=\"twitter:data1\" content=\"2 minutes\" \/>\n<script type=\"application\/ld+json\" class=\"yoast-schema-graph\">{\"@context\":\"https:\/\/schema.org\",\"@graph\":[{\"@type\":\"WebPage\",\"@id\":\"https:\/\/tourtravelandmore.com\/fr\/tours\/turquie-fr\/istanbul-fr\/visite-privee-a-pied-distanbul\/\",\"url\":\"https:\/\/tourtravelandmore.com\/fr\/tours\/turquie-fr\/istanbul-fr\/visite-privee-a-pied-distanbul\/\",\"name\":\"Visite priv\u00e9e \u00e0 pied d'Istanbul avec guide officiel et v\u00e9hicule priv\u00e9\",\"isPartOf\":{\"@id\":\"https:\/\/tourtravelandmore.com\/fr\/#website\"},\"primaryImageOfPage\":{\"@id\":\"https:\/\/tourtravelandmore.com\/fr\/tours\/turquie-fr\/istanbul-fr\/visite-privee-a-pied-distanbul\/#primaryimage\"},\"image\":{\"@id\":\"https:\/\/tourtravelandmore.com\/fr\/tours\/turquie-fr\/istanbul-fr\/visite-privee-a-pied-distanbul\/#primaryimage\"},\"thumbnailUrl\":\"https:\/\/tourtravelandmore.com\/wp-content\/uploads\/2019\/08\/30957461155_42570c8952_b.jpg\",\"datePublished\":\"2019-08-01T15:35:28+00:00\",\"dateModified\":\"2024-08-27T19:19:51+00:00\",\"description\":\"Profitez de cette visite priv\u00e9e \u00e0 pied d'Istanbul avec un guide local et exp\u00e9riment\u00e9. Entr\u00e9es aux principaux sites de la m\u00e9dina incluses.\",\"breadcrumb\":{\"@id\":\"https:\/\/tourtravelandmore.com\/fr\/tours\/turquie-fr\/istanbul-fr\/visite-privee-a-pied-distanbul\/#breadcrumb\"},\"inLanguage\":\"fr-FR\",\"potentialAction\":[{\"@type\":\"ReadAction\",\"target\":[\"https:\/\/tourtravelandmore.com\/fr\/tours\/turquie-fr\/istanbul-fr\/visite-privee-a-pied-distanbul\/\"]}]},{\"@type\":\"ImageObject\",\"inLanguage\":\"fr-FR\",\"@id\":\"https:\/\/tourtravelandmore.com\/fr\/tours\/turquie-fr\/istanbul-fr\/visite-privee-a-pied-distanbul\/#primaryimage\",\"url\":\"https:\/\/tourtravelandmore.com\/wp-content\/uploads\/2019\/08\/30957461155_42570c8952_b.jpg\",\"contentUrl\":\"https:\/\/tourtravelandmore.com\/wp-content\/uploads\/2019\/08\/30957461155_42570c8952_b.jpg\",\"width\":1024,\"height\":720,\"caption\":\"Wide angle view of the inner courtyard of the Sultan Ahmed Mosque (aka the Blue Mosque) at dusk, in Istanbul, Turkey.\"},{\"@type\":\"BreadcrumbList\",\"@id\":\"https:\/\/tourtravelandmore.com\/fr\/tours\/turquie-fr\/istanbul-fr\/visite-privee-a-pied-distanbul\/#breadcrumb\",\"itemListElement\":[{\"@type\":\"ListItem\",\"position\":1,\"name\":\"Home\",\"item\":\"https:\/\/tourtravelandmore.com\/fr\/\"},{\"@type\":\"ListItem\",\"position\":2,\"name\":\"Tours\",\"item\":\"https:\/\/tourtravelandmore.com\/fr\/tours\/\"},{\"@type\":\"ListItem\",\"position\":3,\"name\":\"Visite priv\u00e9e \u00e0 pied d&#8217;Istanbul avec Sainte-Sophie\"}]},{\"@type\":\"WebSite\",\"@id\":\"https:\/\/tourtravelandmore.com\/fr\/#website\",\"url\":\"https:\/\/tourtravelandmore.com\/fr\/\",\"name\":\"Tour Travel And More\",\"description\":\"Private sightseeing tours and luxury transfers in Spain\",\"publisher\":{\"@id\":\"https:\/\/tourtravelandmore.com\/fr\/#organization\"},\"potentialAction\":[{\"@type\":\"SearchAction\",\"target\":{\"@type\":\"EntryPoint\",\"urlTemplate\":\"https:\/\/tourtravelandmore.com\/fr\/?s={search_term_string}\"},\"query-input\":{\"@type\":\"PropertyValueSpecification\",\"valueRequired\":true,\"valueName\":\"search_term_string\"}}],\"inLanguage\":\"fr-FR\"},{\"@type\":\"Organization\",\"@id\":\"https:\/\/tourtravelandmore.com\/fr\/#organization\",\"name\":\"Tour Travel And More\",\"url\":\"https:\/\/tourtravelandmore.com\/fr\/\",\"logo\":{\"@type\":\"ImageObject\",\"inLanguage\":\"fr-FR\",\"@id\":\"https:\/\/tourtravelandmore.com\/fr\/#\/schema\/logo\/image\/\",\"url\":\"https:\/\/tourtravelandmore.com\/wp-content\/uploads\/2022\/12\/cropped-logo-cabecera-new.png\",\"contentUrl\":\"https:\/\/tourtravelandmore.com\/wp-content\/uploads\/2022\/12\/cropped-logo-cabecera-new.png\",\"width\":430,\"height\":61,\"caption\":\"Tour Travel And More\"},\"image\":{\"@id\":\"https:\/\/tourtravelandmore.com\/fr\/#\/schema\/logo\/image\/\"},\"sameAs\":[\"https:\/\/www.facebook.com\/tourtravelandmore\/\",\"https:\/\/x.com\/TourTravel_More\"]}]}<\/script>\n<!-- \/ Yoast SEO Premium plugin. -->","yoast_head_json":{"title":"Visite priv\u00e9e \u00e0 pied d'Istanbul avec guide officiel et v\u00e9hicule priv\u00e9","description":"Profitez de cette visite priv\u00e9e \u00e0 pied d'Istanbul avec un guide local et exp\u00e9riment\u00e9. Entr\u00e9es aux principaux sites de la m\u00e9dina incluses.","robots":{"index":"index","follow":"follow","max-snippet":"max-snippet:-1","max-image-preview":"max-image-preview:large","max-video-preview":"max-video-preview:-1"},"canonical":"https:\/\/tourtravelandmore.com\/fr\/tours\/turquie-fr\/istanbul-fr\/visite-privee-a-pied-distanbul\/","og_locale":"fr_FR","og_type":"article","og_title":"Visite priv\u00e9e \u00e0 pied d'Istanbul avec Sainte-Sophie","og_description":"Profitez de cette visite priv\u00e9e \u00e0 pied d'Istanbul avec un guide local et exp\u00e9riment\u00e9. Entr\u00e9es aux principaux sites de la m\u00e9dina incluses.","og_url":"https:\/\/tourtravelandmore.com\/fr\/tours\/turquie-fr\/istanbul-fr\/visite-privee-a-pied-distanbul\/","og_site_name":"Tour Travel And More","article_publisher":"https:\/\/www.facebook.com\/tourtravelandmore\/","article_modified_time":"2024-08-27T19:19:51+00:00","og_image":[{"width":1024,"height":720,"url":"https:\/\/tourtravelandmore.com\/wp-content\/uploads\/2019\/08\/30957461155_42570c8952_b.jpg","type":"image\/jpeg"}],"twitter_card":"summary_large_image","twitter_site":"@TourTravel_More","twitter_misc":{"Dur\u00e9e de lecture estim\u00e9e":"2 minutes"},"schema":{"@context":"https:\/\/schema.org","@graph":[{"@type":"WebPage","@id":"https:\/\/tourtravelandmore.com\/fr\/tours\/turquie-fr\/istanbul-fr\/visite-privee-a-pied-distanbul\/","url":"https:\/\/tourtravelandmore.com\/fr\/tours\/turquie-fr\/istanbul-fr\/visite-privee-a-pied-distanbul\/","name":"Visite priv\u00e9e \u00e0 pied d'Istanbul avec guide officiel et v\u00e9hicule priv\u00e9","isPartOf":{"@id":"https:\/\/tourtravelandmore.com\/fr\/#website"},"primaryImageOfPage":{"@id":"https:\/\/tourtravelandmore.com\/fr\/tours\/turquie-fr\/istanbul-fr\/visite-privee-a-pied-distanbul\/#primaryimage"},"image":{"@id":"https:\/\/tourtravelandmore.com\/fr\/tours\/turquie-fr\/istanbul-fr\/visite-privee-a-pied-distanbul\/#primaryimage"},"thumbnailUrl":"https:\/\/tourtravelandmore.com\/wp-content\/uploads\/2019\/08\/30957461155_42570c8952_b.jpg","datePublished":"2019-08-01T15:35:28+00:00","dateModified":"2024-08-27T19:19:51+00:00","description":"Profitez de cette visite priv\u00e9e \u00e0 pied d'Istanbul avec un guide local et exp\u00e9riment\u00e9. Entr\u00e9es aux principaux sites de la m\u00e9dina incluses.","breadcrumb":{"@id":"https:\/\/tourtravelandmore.com\/fr\/tours\/turquie-fr\/istanbul-fr\/visite-privee-a-pied-distanbul\/#breadcrumb"},"inLanguage":"fr-FR","potentialAction":[{"@type":"ReadAction","target":["https:\/\/tourtravelandmore.com\/fr\/tours\/turquie-fr\/istanbul-fr\/visite-privee-a-pied-distanbul\/"]}]},{"@type":"ImageObject","inLanguage":"fr-FR","@id":"https:\/\/tourtravelandmore.com\/fr\/tours\/turquie-fr\/istanbul-fr\/visite-privee-a-pied-distanbul\/#primaryimage","url":"https:\/\/tourtravelandmore.com\/wp-content\/uploads\/2019\/08\/30957461155_42570c8952_b.jpg","contentUrl":"https:\/\/tourtravelandmore.com\/wp-content\/uploads\/2019\/08\/30957461155_42570c8952_b.jpg","width":1024,"height":720,"caption":"Wide angle view of the inner courtyard of the Sultan Ahmed Mosque (aka the Blue Mosque) at dusk, in Istanbul, Turkey."},{"@type":"BreadcrumbList","@id":"https:\/\/tourtravelandmore.com\/fr\/tours\/turquie-fr\/istanbul-fr\/visite-privee-a-pied-distanbul\/#breadcrumb","itemListElement":[{"@type":"ListItem","position":1,"name":"Home","item":"https:\/\/tourtravelandmore.com\/fr\/"},{"@type":"ListItem","position":2,"name":"Tours","item":"https:\/\/tourtravelandmore.com\/fr\/tours\/"},{"@type":"ListItem","position":3,"name":"Visite priv\u00e9e \u00e0 pied d&#8217;Istanbul avec Sainte-Sophie"}]},{"@type":"WebSite","@id":"https:\/\/tourtravelandmore.com\/fr\/#website","url":"https:\/\/tourtravelandmore.com\/fr\/","name":"Tour Travel And More","description":"Private sightseeing tours and luxury transfers in Spain","publisher":{"@id":"https:\/\/tourtravelandmore.com\/fr\/#organization"},"potentialAction":[{"@type":"SearchAction","target":{"@type":"EntryPoint","urlTemplate":"https:\/\/tourtravelandmore.com\/fr\/?s={search_term_string}"},"query-input":{"@type":"PropertyValueSpecification","valueRequired":true,"valueName":"search_term_string"}}],"inLanguage":"fr-FR"},{"@type":"Organization","@id":"https:\/\/tourtravelandmore.com\/fr\/#organization","name":"Tour Travel And More","url":"https:\/\/tourtravelandmore.com\/fr\/","logo":{"@type":"ImageObject","inLanguage":"fr-FR","@id":"https:\/\/tourtravelandmore.com\/fr\/#\/schema\/logo\/image\/","url":"https:\/\/tourtravelandmore.com\/wp-content\/uploads\/2022\/12\/cropped-logo-cabecera-new.png","contentUrl":"https:\/\/tourtravelandmore.com\/wp-content\/uploads\/2022\/12\/cropped-logo-cabecera-new.png","width":430,"height":61,"caption":"Tour Travel And More"},"image":{"@id":"https:\/\/tourtravelandmore.com\/fr\/#\/schema\/logo\/image\/"},"sameAs":["https:\/\/www.facebook.com\/tourtravelandmore\/","https:\/\/x.com\/TourTravel_More"]}]}},"_links":{"self":[{"href":"https:\/\/tourtravelandmore.com\/fr\/wp-json\/wp\/v2\/product\/104172","targetHints":{"allow":["GET"]}}],"collection":[{"href":"https:\/\/tourtravelandmore.com\/fr\/wp-json\/wp\/v2\/product"}],"about":[{"href":"https:\/\/tourtravelandmore.com\/fr\/wp-json\/wp\/v2\/types\/product"}],"replies":[{"embeddable":true,"href":"https:\/\/tourtravelandmore.com\/fr\/wp-json\/wp\/v2\/comments?post=104172"}],"wp:featuredmedia":[{"embeddable":true,"href":"https:\/\/tourtravelandmore.com\/fr\/wp-json\/wp\/v2\/media\/95972"}],"wp:attachment":[{"href":"https:\/\/tourtravelandmore.com\/fr\/wp-json\/wp\/v2\/media?parent=104172"}],"wp:term":[{"taxonomy":"product_brand","embeddable":true,"href":"https:\/\/tourtravelandmore.com\/fr\/wp-json\/wp\/v2\/product_brand?post=104172"},{"taxonomy":"product_cat","embeddable":true,"href":"https:\/\/tourtravelandmore.com\/fr\/wp-json\/wp\/v2\/product_cat?post=104172"},{"taxonomy":"product_tag","embeddable":true,"href":"https:\/\/tourtravelandmore.com\/fr\/wp-json\/wp\/v2\/product_tag?post=104172"}],"curies":[{"name":"wp","href":"https:\/\/api.w.org\/{rel}","templated":true}]}}