{"id":104166,"date":"2019-08-01T16:41:12","date_gmt":"2019-08-01T14:41:12","guid":{"rendered":"https:\/\/tourtravelandmore.com\/tours\/non%20class\u00e9\/visite-privee-a-pied-distanbul-et-croisiere-sur-le-bosphore\/"},"modified":"2024-08-27T21:54:15","modified_gmt":"2024-08-27T19:54:15","slug":"visite-privee-a-pied-distanbul-et-croisiere-sur-le-bosphore","status":"publish","type":"product","link":"https:\/\/tourtravelandmore.com\/fr\/tours\/turquie-fr\/istanbul-fr\/visite-privee-a-pied-distanbul-et-croisiere-sur-le-bosphore\/","title":{"rendered":"Visite priv\u00e9e et Croisi\u00e8re priv\u00e9e sur le Bosphore"},"content":{"rendered":"<h2><b><strong>Croisi\u00e8re priv\u00e9e sur le Bosphore Description<\/strong><\/b><\/h2>\n<p>D\u00e9couvrez la beaut\u00e9 in\u00e9gal\u00e9e d&#8217;Istanbul depuis le confort d&#8217;un yacht priv\u00e9 en naviguant le long de l&#8217;embl\u00e9matique d\u00e9troit du Bosphore. Cette visite exclusive de 2 heures vous offre une \u00e9vasion luxueuse, m\u00ealant le charme historique de la ville \u00e0 l&#8217;ambiance sereine de l&#8217;eau. Commencez votre voyage par un transfert pratique depuis votre h\u00f4tel, pour un d\u00e9but d&#8217;aventure en douceur et sans stress.<\/p>\n<p>Profitez des endroits merveilleux de cette ville \u00e0 bord d&#8217;une croisi\u00e8re priv\u00e9e de deux heures sur le Bosphore. Le d\u00e9troit du Bosphore s\u00e9pare l&#8217;Europe, l&#8217;Asie et Istanbul. C&#8217;est la seule ville au monde construite sur deux continents. Cette croisi\u00e8re vous donne l&#8217;occasion de voir les deux parties de la ville.<\/p>\n<h2>Visite priv\u00e9e \u00e0 pied d&#8217;Istanbul et croisi\u00e8re sur le Bosphore | Points d&#8217;int\u00e9r\u00eat et sites touristiques<\/h2>\n<p>Une fois \u00e0 bord de votre yacht priv\u00e9, vous serez accueilli par des vues \u00e0 couper le souffle de la ligne d&#8217;horizon d&#8217;Istanbul, o\u00f9 l&#8217;Est rencontre l&#8217;Ouest. En glissant sur le Bosphore, vous serez \u00e9merveill\u00e9 par la grandeur du palais de Dolmabah\u00e7e, la majest\u00e9 du pont du Bosphore et la beaut\u00e9 intemporelle de la tour de la Vierge. Que vous soyez \u00e0 la recherche d&#8217;une escapade romantique ou d&#8217;une retraite tranquille, cette excursion en yacht offre le cadre id\u00e9al pour des souvenirs inoubliables.<\/p>\n<p>Le capitaine et l&#8217;\u00e9quipage, experts en la mati\u00e8re, s&#8217;attachent \u00e0 rendre votre exp\u00e9rience vraiment sp\u00e9ciale, en vous donnant des indications sur les sites que vous croiserez et en veillant \u00e0 votre confort tout au long du voyage. Apr\u00e8s deux heures de croisi\u00e8re, vous serez ramen\u00e9 \u00e0 votre h\u00f4tel, avec \u00e0 l&#8217;esprit les images enchanteresses d&#8217;Istanbul.<\/p>\n<p>Parmi d&#8217;autres monuments et lieux, vous pourrez voir ce qui suit :<\/p>\n<ul>\n<li><a href=\"http:\/\/www.sultanahmetcamii.org\/tr\/\">la Mosqu\u00e9e bleue<\/a><\/li>\n<li>le Grand Bazar<\/li>\n<li>Palais de Topkapi<\/li>\n<li>L&#8217;hippodrome<\/li>\n<li>Palais de Dolmabahce<\/li>\n<li>Tout cela et bien plus encore dans notre circuit priv\u00e9 \u00e0 Istanbul.<\/li>\n<\/ul>\n<p><a href=\"https:\/\/tourtravelandmore.com\/fr\/city\/turquie-fr\/istanbul-en\/\">Consultez les autres visites priv\u00e9es \u00e0 Istanbul.<\/a> Cette visite priv\u00e9e \u00e0 pied d&#8217;Istanbul avec une croisi\u00e8re de 2 heures sur le Bosphore est une exp\u00e9rience unique.<\/p>\n","protected":false},"excerpt":{"rendered":"<p>Profitez de cette visite priv\u00e9e \u00e0 pied dans les rues d&#8217;Istanbul et saisissez la chance de vivre une balade de 2 heures dans le Bosphore. Au cours de cette visite, votre guide priv\u00e9 vous guidera lors de cette croisi\u00e8re sur le Bosphore connue pour s\u00e9parer l&#8217;Europe, l&#8217;Asie et Istanbul.<\/p>\n","protected":false},"featured_media":95955,"comment_status":"open","ping_status":"closed","template":"","meta":{"_acf_changed":false},"product_brand":[],"product_cat":[5431,5432,3734,3830],"product_tag":[],"class_list":{"0":"post-104166","1":"product","2":"type-product","3":"status-publish","4":"has-post-thumbnail","6":"product_cat-all-private-tours-activities-fr-33","7":"product_cat-private-walking-tours-fr-19","8":"product_cat-turquie-fr","9":"product_cat-istanbul-fr","11":"first","12":"instock","13":"shipping-taxable","14":"purchasable","15":"product-type-simple"},"acf":[],"yoast_head":"<!-- This site is optimized with the Yoast SEO Premium plugin v25.3.1 (Yoast SEO v25.3.1) - https:\/\/yoast.com\/wordpress\/plugins\/seo\/ -->\n<title>Visite priv\u00e9e \u00e0 pied d&#039;Istanbul et 2 heures de bateau sur le Bosphore<\/title>\n<meta name=\"description\" content=\"Profitez de cette visite priv\u00e9e \u00e0 pied d&#039;Istanbul et de 2 heures de bateau dans le Bosphore avec un guide officiel professionnel et exp\u00e9riment\u00e9.\" \/>\n<meta name=\"robots\" content=\"index, follow, max-snippet:-1, max-image-preview:large, max-video-preview:-1\" \/>\n<link rel=\"canonical\" href=\"https:\/\/tourtravelandmore.com\/fr\/tours\/turquie-fr\/istanbul-fr\/visite-privee-a-pied-distanbul-et-croisiere-sur-le-bosphore\/\" \/>\n<meta property=\"og:locale\" content=\"fr_FR\" \/>\n<meta property=\"og:type\" content=\"article\" \/>\n<meta property=\"og:title\" content=\"Visite priv\u00e9e et Croisi\u00e8re priv\u00e9e sur le Bosphore\" \/>\n<meta property=\"og:description\" content=\"Profitez de cette visite priv\u00e9e \u00e0 pied d&#039;Istanbul et de 2 heures de bateau dans le Bosphore avec un guide officiel professionnel et exp\u00e9riment\u00e9.\" \/>\n<meta property=\"og:url\" content=\"https:\/\/tourtravelandmore.com\/fr\/tours\/turquie-fr\/istanbul-fr\/visite-privee-a-pied-distanbul-et-croisiere-sur-le-bosphore\/\" \/>\n<meta property=\"og:site_name\" content=\"Tour Travel And More\" \/>\n<meta property=\"article:publisher\" content=\"https:\/\/www.facebook.com\/tourtravelandmore\/\" \/>\n<meta property=\"article:modified_time\" content=\"2024-08-27T19:54:15+00:00\" \/>\n<meta property=\"og:image\" content=\"https:\/\/tourtravelandmore.com\/wp-content\/uploads\/2019\/07\/43546496091_76f94430b2_b.jpg\" \/>\n\t<meta property=\"og:image:width\" content=\"1023\" \/>\n\t<meta property=\"og:image:height\" content=\"698\" \/>\n\t<meta property=\"og:image:type\" content=\"image\/jpeg\" \/>\n<meta name=\"twitter:card\" content=\"summary_large_image\" \/>\n<meta name=\"twitter:site\" content=\"@TourTravel_More\" \/>\n<meta name=\"twitter:label1\" content=\"Dur\u00e9e de lecture estim\u00e9e\" \/>\n\t<meta name=\"twitter:data1\" content=\"2 minutes\" \/>\n<script type=\"application\/ld+json\" class=\"yoast-schema-graph\">{\"@context\":\"https:\/\/schema.org\",\"@graph\":[{\"@type\":\"WebPage\",\"@id\":\"https:\/\/tourtravelandmore.com\/fr\/tours\/turquie-fr\/istanbul-fr\/visite-privee-a-pied-distanbul-et-croisiere-sur-le-bosphore\/\",\"url\":\"https:\/\/tourtravelandmore.com\/fr\/tours\/turquie-fr\/istanbul-fr\/visite-privee-a-pied-distanbul-et-croisiere-sur-le-bosphore\/\",\"name\":\"Visite priv\u00e9e \u00e0 pied d'Istanbul et 2 heures de bateau sur le Bosphore\",\"isPartOf\":{\"@id\":\"https:\/\/tourtravelandmore.com\/fr\/#website\"},\"primaryImageOfPage\":{\"@id\":\"https:\/\/tourtravelandmore.com\/fr\/tours\/turquie-fr\/istanbul-fr\/visite-privee-a-pied-distanbul-et-croisiere-sur-le-bosphore\/#primaryimage\"},\"image\":{\"@id\":\"https:\/\/tourtravelandmore.com\/fr\/tours\/turquie-fr\/istanbul-fr\/visite-privee-a-pied-distanbul-et-croisiere-sur-le-bosphore\/#primaryimage\"},\"thumbnailUrl\":\"https:\/\/tourtravelandmore.com\/wp-content\/uploads\/2019\/07\/43546496091_76f94430b2_b.jpg\",\"datePublished\":\"2019-08-01T14:41:12+00:00\",\"dateModified\":\"2024-08-27T19:54:15+00:00\",\"description\":\"Profitez de cette visite priv\u00e9e \u00e0 pied d'Istanbul et de 2 heures de bateau dans le Bosphore avec un guide officiel professionnel et exp\u00e9riment\u00e9.\",\"breadcrumb\":{\"@id\":\"https:\/\/tourtravelandmore.com\/fr\/tours\/turquie-fr\/istanbul-fr\/visite-privee-a-pied-distanbul-et-croisiere-sur-le-bosphore\/#breadcrumb\"},\"inLanguage\":\"fr-FR\",\"potentialAction\":[{\"@type\":\"ReadAction\",\"target\":[\"https:\/\/tourtravelandmore.com\/fr\/tours\/turquie-fr\/istanbul-fr\/visite-privee-a-pied-distanbul-et-croisiere-sur-le-bosphore\/\"]}]},{\"@type\":\"ImageObject\",\"inLanguage\":\"fr-FR\",\"@id\":\"https:\/\/tourtravelandmore.com\/fr\/tours\/turquie-fr\/istanbul-fr\/visite-privee-a-pied-distanbul-et-croisiere-sur-le-bosphore\/#primaryimage\",\"url\":\"https:\/\/tourtravelandmore.com\/wp-content\/uploads\/2019\/07\/43546496091_76f94430b2_b.jpg\",\"contentUrl\":\"https:\/\/tourtravelandmore.com\/wp-content\/uploads\/2019\/07\/43546496091_76f94430b2_b.jpg\",\"width\":1023,\"height\":698},{\"@type\":\"BreadcrumbList\",\"@id\":\"https:\/\/tourtravelandmore.com\/fr\/tours\/turquie-fr\/istanbul-fr\/visite-privee-a-pied-distanbul-et-croisiere-sur-le-bosphore\/#breadcrumb\",\"itemListElement\":[{\"@type\":\"ListItem\",\"position\":1,\"name\":\"Home\",\"item\":\"https:\/\/tourtravelandmore.com\/fr\/\"},{\"@type\":\"ListItem\",\"position\":2,\"name\":\"Tours\",\"item\":\"https:\/\/tourtravelandmore.com\/fr\/tours\/\"},{\"@type\":\"ListItem\",\"position\":3,\"name\":\"Visite priv\u00e9e et Croisi\u00e8re priv\u00e9e sur le Bosphore\"}]},{\"@type\":\"WebSite\",\"@id\":\"https:\/\/tourtravelandmore.com\/fr\/#website\",\"url\":\"https:\/\/tourtravelandmore.com\/fr\/\",\"name\":\"Tour Travel And More\",\"description\":\"Private sightseeing tours and luxury transfers in Spain\",\"publisher\":{\"@id\":\"https:\/\/tourtravelandmore.com\/fr\/#organization\"},\"potentialAction\":[{\"@type\":\"SearchAction\",\"target\":{\"@type\":\"EntryPoint\",\"urlTemplate\":\"https:\/\/tourtravelandmore.com\/fr\/?s={search_term_string}\"},\"query-input\":{\"@type\":\"PropertyValueSpecification\",\"valueRequired\":true,\"valueName\":\"search_term_string\"}}],\"inLanguage\":\"fr-FR\"},{\"@type\":\"Organization\",\"@id\":\"https:\/\/tourtravelandmore.com\/fr\/#organization\",\"name\":\"Tour Travel And More\",\"url\":\"https:\/\/tourtravelandmore.com\/fr\/\",\"logo\":{\"@type\":\"ImageObject\",\"inLanguage\":\"fr-FR\",\"@id\":\"https:\/\/tourtravelandmore.com\/fr\/#\/schema\/logo\/image\/\",\"url\":\"https:\/\/tourtravelandmore.com\/wp-content\/uploads\/2022\/12\/cropped-logo-cabecera-new.png\",\"contentUrl\":\"https:\/\/tourtravelandmore.com\/wp-content\/uploads\/2022\/12\/cropped-logo-cabecera-new.png\",\"width\":430,\"height\":61,\"caption\":\"Tour Travel And More\"},\"image\":{\"@id\":\"https:\/\/tourtravelandmore.com\/fr\/#\/schema\/logo\/image\/\"},\"sameAs\":[\"https:\/\/www.facebook.com\/tourtravelandmore\/\",\"https:\/\/x.com\/TourTravel_More\"]}]}<\/script>\n<!-- \/ Yoast SEO Premium plugin. -->","yoast_head_json":{"title":"Visite priv\u00e9e \u00e0 pied d'Istanbul et 2 heures de bateau sur le Bosphore","description":"Profitez de cette visite priv\u00e9e \u00e0 pied d'Istanbul et de 2 heures de bateau dans le Bosphore avec un guide officiel professionnel et exp\u00e9riment\u00e9.","robots":{"index":"index","follow":"follow","max-snippet":"max-snippet:-1","max-image-preview":"max-image-preview:large","max-video-preview":"max-video-preview:-1"},"canonical":"https:\/\/tourtravelandmore.com\/fr\/tours\/turquie-fr\/istanbul-fr\/visite-privee-a-pied-distanbul-et-croisiere-sur-le-bosphore\/","og_locale":"fr_FR","og_type":"article","og_title":"Visite priv\u00e9e et Croisi\u00e8re priv\u00e9e sur le Bosphore","og_description":"Profitez de cette visite priv\u00e9e \u00e0 pied d'Istanbul et de 2 heures de bateau dans le Bosphore avec un guide officiel professionnel et exp\u00e9riment\u00e9.","og_url":"https:\/\/tourtravelandmore.com\/fr\/tours\/turquie-fr\/istanbul-fr\/visite-privee-a-pied-distanbul-et-croisiere-sur-le-bosphore\/","og_site_name":"Tour Travel And More","article_publisher":"https:\/\/www.facebook.com\/tourtravelandmore\/","article_modified_time":"2024-08-27T19:54:15+00:00","og_image":[{"width":1023,"height":698,"url":"https:\/\/tourtravelandmore.com\/wp-content\/uploads\/2019\/07\/43546496091_76f94430b2_b.jpg","type":"image\/jpeg"}],"twitter_card":"summary_large_image","twitter_site":"@TourTravel_More","twitter_misc":{"Dur\u00e9e de lecture estim\u00e9e":"2 minutes"},"schema":{"@context":"https:\/\/schema.org","@graph":[{"@type":"WebPage","@id":"https:\/\/tourtravelandmore.com\/fr\/tours\/turquie-fr\/istanbul-fr\/visite-privee-a-pied-distanbul-et-croisiere-sur-le-bosphore\/","url":"https:\/\/tourtravelandmore.com\/fr\/tours\/turquie-fr\/istanbul-fr\/visite-privee-a-pied-distanbul-et-croisiere-sur-le-bosphore\/","name":"Visite priv\u00e9e \u00e0 pied d'Istanbul et 2 heures de bateau sur le Bosphore","isPartOf":{"@id":"https:\/\/tourtravelandmore.com\/fr\/#website"},"primaryImageOfPage":{"@id":"https:\/\/tourtravelandmore.com\/fr\/tours\/turquie-fr\/istanbul-fr\/visite-privee-a-pied-distanbul-et-croisiere-sur-le-bosphore\/#primaryimage"},"image":{"@id":"https:\/\/tourtravelandmore.com\/fr\/tours\/turquie-fr\/istanbul-fr\/visite-privee-a-pied-distanbul-et-croisiere-sur-le-bosphore\/#primaryimage"},"thumbnailUrl":"https:\/\/tourtravelandmore.com\/wp-content\/uploads\/2019\/07\/43546496091_76f94430b2_b.jpg","datePublished":"2019-08-01T14:41:12+00:00","dateModified":"2024-08-27T19:54:15+00:00","description":"Profitez de cette visite priv\u00e9e \u00e0 pied d'Istanbul et de 2 heures de bateau dans le Bosphore avec un guide officiel professionnel et exp\u00e9riment\u00e9.","breadcrumb":{"@id":"https:\/\/tourtravelandmore.com\/fr\/tours\/turquie-fr\/istanbul-fr\/visite-privee-a-pied-distanbul-et-croisiere-sur-le-bosphore\/#breadcrumb"},"inLanguage":"fr-FR","potentialAction":[{"@type":"ReadAction","target":["https:\/\/tourtravelandmore.com\/fr\/tours\/turquie-fr\/istanbul-fr\/visite-privee-a-pied-distanbul-et-croisiere-sur-le-bosphore\/"]}]},{"@type":"ImageObject","inLanguage":"fr-FR","@id":"https:\/\/tourtravelandmore.com\/fr\/tours\/turquie-fr\/istanbul-fr\/visite-privee-a-pied-distanbul-et-croisiere-sur-le-bosphore\/#primaryimage","url":"https:\/\/tourtravelandmore.com\/wp-content\/uploads\/2019\/07\/43546496091_76f94430b2_b.jpg","contentUrl":"https:\/\/tourtravelandmore.com\/wp-content\/uploads\/2019\/07\/43546496091_76f94430b2_b.jpg","width":1023,"height":698},{"@type":"BreadcrumbList","@id":"https:\/\/tourtravelandmore.com\/fr\/tours\/turquie-fr\/istanbul-fr\/visite-privee-a-pied-distanbul-et-croisiere-sur-le-bosphore\/#breadcrumb","itemListElement":[{"@type":"ListItem","position":1,"name":"Home","item":"https:\/\/tourtravelandmore.com\/fr\/"},{"@type":"ListItem","position":2,"name":"Tours","item":"https:\/\/tourtravelandmore.com\/fr\/tours\/"},{"@type":"ListItem","position":3,"name":"Visite priv\u00e9e et Croisi\u00e8re priv\u00e9e sur le Bosphore"}]},{"@type":"WebSite","@id":"https:\/\/tourtravelandmore.com\/fr\/#website","url":"https:\/\/tourtravelandmore.com\/fr\/","name":"Tour Travel And More","description":"Private sightseeing tours and luxury transfers in Spain","publisher":{"@id":"https:\/\/tourtravelandmore.com\/fr\/#organization"},"potentialAction":[{"@type":"SearchAction","target":{"@type":"EntryPoint","urlTemplate":"https:\/\/tourtravelandmore.com\/fr\/?s={search_term_string}"},"query-input":{"@type":"PropertyValueSpecification","valueRequired":true,"valueName":"search_term_string"}}],"inLanguage":"fr-FR"},{"@type":"Organization","@id":"https:\/\/tourtravelandmore.com\/fr\/#organization","name":"Tour Travel And More","url":"https:\/\/tourtravelandmore.com\/fr\/","logo":{"@type":"ImageObject","inLanguage":"fr-FR","@id":"https:\/\/tourtravelandmore.com\/fr\/#\/schema\/logo\/image\/","url":"https:\/\/tourtravelandmore.com\/wp-content\/uploads\/2022\/12\/cropped-logo-cabecera-new.png","contentUrl":"https:\/\/tourtravelandmore.com\/wp-content\/uploads\/2022\/12\/cropped-logo-cabecera-new.png","width":430,"height":61,"caption":"Tour Travel And More"},"image":{"@id":"https:\/\/tourtravelandmore.com\/fr\/#\/schema\/logo\/image\/"},"sameAs":["https:\/\/www.facebook.com\/tourtravelandmore\/","https:\/\/x.com\/TourTravel_More"]}]}},"_links":{"self":[{"href":"https:\/\/tourtravelandmore.com\/fr\/wp-json\/wp\/v2\/product\/104166","targetHints":{"allow":["GET"]}}],"collection":[{"href":"https:\/\/tourtravelandmore.com\/fr\/wp-json\/wp\/v2\/product"}],"about":[{"href":"https:\/\/tourtravelandmore.com\/fr\/wp-json\/wp\/v2\/types\/product"}],"replies":[{"embeddable":true,"href":"https:\/\/tourtravelandmore.com\/fr\/wp-json\/wp\/v2\/comments?post=104166"}],"wp:featuredmedia":[{"embeddable":true,"href":"https:\/\/tourtravelandmore.com\/fr\/wp-json\/wp\/v2\/media\/95955"}],"wp:attachment":[{"href":"https:\/\/tourtravelandmore.com\/fr\/wp-json\/wp\/v2\/media?parent=104166"}],"wp:term":[{"taxonomy":"product_brand","embeddable":true,"href":"https:\/\/tourtravelandmore.com\/fr\/wp-json\/wp\/v2\/product_brand?post=104166"},{"taxonomy":"product_cat","embeddable":true,"href":"https:\/\/tourtravelandmore.com\/fr\/wp-json\/wp\/v2\/product_cat?post=104166"},{"taxonomy":"product_tag","embeddable":true,"href":"https:\/\/tourtravelandmore.com\/fr\/wp-json\/wp\/v2\/product_tag?post=104166"}],"curies":[{"name":"wp","href":"https:\/\/api.w.org\/{rel}","templated":true}]}}