{"id":104160,"date":"2019-08-01T10:03:13","date_gmt":"2019-08-01T08:03:13","guid":{"rendered":"https:\/\/tourtravelandmore.com\/tours\/non%20class\u00e9\/visite-privee-de-sainte-sophie-et-de-la-mosquee-bleue\/"},"modified":"2024-08-27T21:28:14","modified_gmt":"2024-08-27T19:28:14","slug":"visite-privee-de-sainte-sophie-et-de-la-mosquee-bleue","status":"publish","type":"product","link":"https:\/\/tourtravelandmore.com\/fr\/tours\/turquie-fr\/istanbul-fr\/visite-privee-de-sainte-sophie-et-de-la-mosquee-bleue\/","title":{"rendered":"Visite priv\u00e9e des mosqu\u00e9es d&#8217;Istanbul"},"content":{"rendered":"<h2>Description<\/h2>\n<p>Au cours de cette visite priv\u00e9e de Sainte-Sophie et de la Mosqu\u00e9e Bleue avec votre guide. Nous vous emm\u00e8nerons et vous expliquerons l&#8217;histoire de la Mosqu\u00e9e Bleue et de Sainte-Sophie.<\/p>\n<p>Tout d&#8217;abord, rencontrons-nous \u00e0 proximit\u00e9 de la Mosqu\u00e9e Bleue et nous commencerons cette visite priv\u00e9e exclusive. Il y a tellement de choses \u00e0 apprendre que votre guide priv\u00e9 vous emm\u00e8nera dans des endroits incroyables ici!<\/p>\n<p>Le premier arr\u00eat est la Mosqu\u00e9e Bleue, du nom des tuiles de cette couleur qui se trouvent \u00e0 l&#8217;int\u00e9rieur.<\/p>\n<p>Il existe plus de 50 mod\u00e8les de carreaux diff\u00e9rents. Les couleurs les plus vari\u00e9es, et toutes ont \u00e9t\u00e9 r\u00e9alis\u00e9es \u00e0 la main \u00e0 Iznik, sous la direction du ma\u00eetre potier Ka\u015f\u0131c\u0131 Hasan.<\/p>\n<p>Il a \u00e9t\u00e9 construit entre 1609 et 1617 par l&#8217;architecte ottoman Mehmet Aga, disciple de Mimar Sinan. Mimar Sinan a utilis\u00e9 les mosqu\u00e9es imp\u00e9riales que son ma\u00eetre avait construites comme base. Le Suleymaniye d&#8217;Istanbul et le Selimiye d&#8217;Edirne sont les points forts de l&#8217;art de Sinan. Faites des plans pour la mosqu\u00e9e qui devait \u00eatre construite en face de Sainte-Sophie.<\/p>\n<p>Deuxi\u00e8mement, visitons la basilique Sainte-Sophie. La Basilique, est d\u00e9di\u00e9e \u00e0 la Divine Sagesse. Il est c\u00e9l\u00e8bre, entre autres, pour l&#8217;\u00e9norme coupole, l&#8217;une des \u0153uvres les plus extraordinaires que l&#8217;homme ait construites.<\/p>\n<p>L&#8217;int\u00e9rieur de Santa Sofia est impressionnant: les dimensions de la salle principale (70 m\u00e8tres sur 74). L&#8217;\u00e9clairage diffus, les immenses m\u00e9daillons d\u00e9coratifs et les colonnes monolithiques vous laisseront bouche b\u00e9e.<\/p>\n<p>Ces deux sites sont tout \u00e0 fait uniques et incontournables lors de la visite d&#8217;Istanbul.<\/p>\n<h2>Sites d&#8217;int\u00e9r\u00eat et monuments<\/h2>\n<p>C&#8217;est vraiment une visite priv\u00e9e unique et nous devons prendre le temps de voir la Mosqu\u00e9e Bleue et Sainte-Sophie. Notre visite priv\u00e9e de Sainte-Sophie et de la Mosqu\u00e9e Bleue est parfaite pour vous.<\/p>\n<p>Profitez des deux sites uniques suivants!<\/p>\n<ul>\n<li>Mosqu\u00e9e Bleue<\/li>\n<li>Sainte-Sophie<\/li>\n<\/ul>\n<p>La visite se terminera \u00e0 un point de rencontre central \u00e0 c\u00f4t\u00e9 de Sainte-Sophie.<\/p>\n<p>D\u00e9couvrez nos autres visites priv\u00e9es \u00e0 Istambul.<\/p>\n","protected":false},"excerpt":{"rendered":"<p>Profitez de vos journ\u00e9es \u00e0 Istanbul et profitez de cette excursion priv\u00e9e d&#8217;une demi-journ\u00e9e \u00e0 travers les monuments les plus importants d&#8217;Istanbul. Au cours de cette visite, votre guide priv\u00e9 vous fera d\u00e9couvrir des sites historiques tels que la Mosqu\u00e9e Bleue et Sainte-Sophie. Vous pouvez adapter tous nos circuits \u00e0 Istanbul \u00e0 votre propre int\u00e9r\u00eat en nous contactant.<\/p>\n","protected":false},"featured_media":95954,"comment_status":"open","ping_status":"closed","template":"","meta":{"_acf_changed":false},"product_brand":[],"product_cat":[3734,3830],"product_tag":[],"class_list":{"0":"post-104160","1":"product","2":"type-product","3":"status-publish","4":"has-post-thumbnail","6":"product_cat-turquie-fr","7":"product_cat-istanbul-fr","9":"first","10":"instock","11":"shipping-taxable","12":"purchasable","13":"product-type-simple"},"acf":[],"yoast_head":"<!-- This site is optimized with the Yoast SEO Premium plugin v25.3.1 (Yoast SEO v25.3.1) - https:\/\/yoast.com\/wordpress\/plugins\/seo\/ -->\n<title>Visite priv\u00e9e de Sainte-Sophie et de la Mosqu\u00e9e Bleue avec guide officiel<\/title>\n<meta name=\"description\" content=\"Profitez de cette visite priv\u00e9e de Sainte-Sophie et de la mosqu\u00e9e bleue \u00e0 Istanbul avec un guide local et exp\u00e9riment\u00e9. Entr\u00e9es aux principaux sites de la m\u00e9dina incluses.\" \/>\n<meta name=\"robots\" content=\"index, follow, max-snippet:-1, max-image-preview:large, max-video-preview:-1\" \/>\n<link rel=\"canonical\" href=\"https:\/\/tourtravelandmore.com\/fr\/tours\/turquie-fr\/istanbul-fr\/visite-privee-de-sainte-sophie-et-de-la-mosquee-bleue\/\" \/>\n<meta property=\"og:locale\" content=\"fr_FR\" \/>\n<meta property=\"og:type\" content=\"article\" \/>\n<meta property=\"og:title\" content=\"Visite priv\u00e9e des mosqu\u00e9es d&#039;Istanbul\" \/>\n<meta property=\"og:description\" content=\"Profitez de cette visite priv\u00e9e de Sainte-Sophie et de la mosqu\u00e9e bleue \u00e0 Istanbul avec un guide local et exp\u00e9riment\u00e9. Entr\u00e9es aux principaux sites de la m\u00e9dina incluses.\" \/>\n<meta property=\"og:url\" content=\"https:\/\/tourtravelandmore.com\/fr\/tours\/turquie-fr\/istanbul-fr\/visite-privee-de-sainte-sophie-et-de-la-mosquee-bleue\/\" \/>\n<meta property=\"og:site_name\" content=\"Tour Travel And More\" \/>\n<meta property=\"article:publisher\" content=\"https:\/\/www.facebook.com\/tourtravelandmore\/\" \/>\n<meta property=\"article:modified_time\" content=\"2024-08-27T19:28:14+00:00\" \/>\n<meta property=\"og:image\" content=\"https:\/\/tourtravelandmore.com\/wp-content\/uploads\/2019\/07\/39926058353_5d096483cd_b.jpg\" \/>\n\t<meta property=\"og:image:width\" content=\"1023\" \/>\n\t<meta property=\"og:image:height\" content=\"488\" \/>\n\t<meta property=\"og:image:type\" content=\"image\/jpeg\" \/>\n<meta name=\"twitter:card\" content=\"summary_large_image\" \/>\n<meta name=\"twitter:site\" content=\"@TourTravel_More\" \/>\n<meta name=\"twitter:label1\" content=\"Dur\u00e9e de lecture estim\u00e9e\" \/>\n\t<meta name=\"twitter:data1\" content=\"2 minutes\" \/>\n<script type=\"application\/ld+json\" class=\"yoast-schema-graph\">{\"@context\":\"https:\/\/schema.org\",\"@graph\":[{\"@type\":\"WebPage\",\"@id\":\"https:\/\/tourtravelandmore.com\/fr\/tours\/turquie-fr\/istanbul-fr\/visite-privee-de-sainte-sophie-et-de-la-mosquee-bleue\/\",\"url\":\"https:\/\/tourtravelandmore.com\/fr\/tours\/turquie-fr\/istanbul-fr\/visite-privee-de-sainte-sophie-et-de-la-mosquee-bleue\/\",\"name\":\"Visite priv\u00e9e de Sainte-Sophie et de la Mosqu\u00e9e Bleue avec guide officiel\",\"isPartOf\":{\"@id\":\"https:\/\/tourtravelandmore.com\/fr\/#website\"},\"primaryImageOfPage\":{\"@id\":\"https:\/\/tourtravelandmore.com\/fr\/tours\/turquie-fr\/istanbul-fr\/visite-privee-de-sainte-sophie-et-de-la-mosquee-bleue\/#primaryimage\"},\"image\":{\"@id\":\"https:\/\/tourtravelandmore.com\/fr\/tours\/turquie-fr\/istanbul-fr\/visite-privee-de-sainte-sophie-et-de-la-mosquee-bleue\/#primaryimage\"},\"thumbnailUrl\":\"https:\/\/tourtravelandmore.com\/wp-content\/uploads\/2019\/07\/39926058353_5d096483cd_b.jpg\",\"datePublished\":\"2019-08-01T08:03:13+00:00\",\"dateModified\":\"2024-08-27T19:28:14+00:00\",\"description\":\"Profitez de cette visite priv\u00e9e de Sainte-Sophie et de la mosqu\u00e9e bleue \u00e0 Istanbul avec un guide local et exp\u00e9riment\u00e9. Entr\u00e9es aux principaux sites de la m\u00e9dina incluses.\",\"breadcrumb\":{\"@id\":\"https:\/\/tourtravelandmore.com\/fr\/tours\/turquie-fr\/istanbul-fr\/visite-privee-de-sainte-sophie-et-de-la-mosquee-bleue\/#breadcrumb\"},\"inLanguage\":\"fr-FR\",\"potentialAction\":[{\"@type\":\"ReadAction\",\"target\":[\"https:\/\/tourtravelandmore.com\/fr\/tours\/turquie-fr\/istanbul-fr\/visite-privee-de-sainte-sophie-et-de-la-mosquee-bleue\/\"]}]},{\"@type\":\"ImageObject\",\"inLanguage\":\"fr-FR\",\"@id\":\"https:\/\/tourtravelandmore.com\/fr\/tours\/turquie-fr\/istanbul-fr\/visite-privee-de-sainte-sophie-et-de-la-mosquee-bleue\/#primaryimage\",\"url\":\"https:\/\/tourtravelandmore.com\/wp-content\/uploads\/2019\/07\/39926058353_5d096483cd_b.jpg\",\"contentUrl\":\"https:\/\/tourtravelandmore.com\/wp-content\/uploads\/2019\/07\/39926058353_5d096483cd_b.jpg\",\"width\":1023,\"height\":488},{\"@type\":\"BreadcrumbList\",\"@id\":\"https:\/\/tourtravelandmore.com\/fr\/tours\/turquie-fr\/istanbul-fr\/visite-privee-de-sainte-sophie-et-de-la-mosquee-bleue\/#breadcrumb\",\"itemListElement\":[{\"@type\":\"ListItem\",\"position\":1,\"name\":\"Home\",\"item\":\"https:\/\/tourtravelandmore.com\/fr\/\"},{\"@type\":\"ListItem\",\"position\":2,\"name\":\"Tours\",\"item\":\"https:\/\/tourtravelandmore.com\/fr\/tours\/\"},{\"@type\":\"ListItem\",\"position\":3,\"name\":\"Visite priv\u00e9e des mosqu\u00e9es d&#8217;Istanbul\"}]},{\"@type\":\"WebSite\",\"@id\":\"https:\/\/tourtravelandmore.com\/fr\/#website\",\"url\":\"https:\/\/tourtravelandmore.com\/fr\/\",\"name\":\"Tour Travel And More\",\"description\":\"Private sightseeing tours and luxury transfers in Spain\",\"publisher\":{\"@id\":\"https:\/\/tourtravelandmore.com\/fr\/#organization\"},\"potentialAction\":[{\"@type\":\"SearchAction\",\"target\":{\"@type\":\"EntryPoint\",\"urlTemplate\":\"https:\/\/tourtravelandmore.com\/fr\/?s={search_term_string}\"},\"query-input\":{\"@type\":\"PropertyValueSpecification\",\"valueRequired\":true,\"valueName\":\"search_term_string\"}}],\"inLanguage\":\"fr-FR\"},{\"@type\":\"Organization\",\"@id\":\"https:\/\/tourtravelandmore.com\/fr\/#organization\",\"name\":\"Tour Travel And More\",\"url\":\"https:\/\/tourtravelandmore.com\/fr\/\",\"logo\":{\"@type\":\"ImageObject\",\"inLanguage\":\"fr-FR\",\"@id\":\"https:\/\/tourtravelandmore.com\/fr\/#\/schema\/logo\/image\/\",\"url\":\"https:\/\/tourtravelandmore.com\/wp-content\/uploads\/2022\/12\/cropped-logo-cabecera-new.png\",\"contentUrl\":\"https:\/\/tourtravelandmore.com\/wp-content\/uploads\/2022\/12\/cropped-logo-cabecera-new.png\",\"width\":430,\"height\":61,\"caption\":\"Tour Travel And More\"},\"image\":{\"@id\":\"https:\/\/tourtravelandmore.com\/fr\/#\/schema\/logo\/image\/\"},\"sameAs\":[\"https:\/\/www.facebook.com\/tourtravelandmore\/\",\"https:\/\/x.com\/TourTravel_More\"]}]}<\/script>\n<!-- \/ Yoast SEO Premium plugin. -->","yoast_head_json":{"title":"Visite priv\u00e9e de Sainte-Sophie et de la Mosqu\u00e9e Bleue avec guide officiel","description":"Profitez de cette visite priv\u00e9e de Sainte-Sophie et de la mosqu\u00e9e bleue \u00e0 Istanbul avec un guide local et exp\u00e9riment\u00e9. Entr\u00e9es aux principaux sites de la m\u00e9dina incluses.","robots":{"index":"index","follow":"follow","max-snippet":"max-snippet:-1","max-image-preview":"max-image-preview:large","max-video-preview":"max-video-preview:-1"},"canonical":"https:\/\/tourtravelandmore.com\/fr\/tours\/turquie-fr\/istanbul-fr\/visite-privee-de-sainte-sophie-et-de-la-mosquee-bleue\/","og_locale":"fr_FR","og_type":"article","og_title":"Visite priv\u00e9e des mosqu\u00e9es d'Istanbul","og_description":"Profitez de cette visite priv\u00e9e de Sainte-Sophie et de la mosqu\u00e9e bleue \u00e0 Istanbul avec un guide local et exp\u00e9riment\u00e9. Entr\u00e9es aux principaux sites de la m\u00e9dina incluses.","og_url":"https:\/\/tourtravelandmore.com\/fr\/tours\/turquie-fr\/istanbul-fr\/visite-privee-de-sainte-sophie-et-de-la-mosquee-bleue\/","og_site_name":"Tour Travel And More","article_publisher":"https:\/\/www.facebook.com\/tourtravelandmore\/","article_modified_time":"2024-08-27T19:28:14+00:00","og_image":[{"width":1023,"height":488,"url":"https:\/\/tourtravelandmore.com\/wp-content\/uploads\/2019\/07\/39926058353_5d096483cd_b.jpg","type":"image\/jpeg"}],"twitter_card":"summary_large_image","twitter_site":"@TourTravel_More","twitter_misc":{"Dur\u00e9e de lecture estim\u00e9e":"2 minutes"},"schema":{"@context":"https:\/\/schema.org","@graph":[{"@type":"WebPage","@id":"https:\/\/tourtravelandmore.com\/fr\/tours\/turquie-fr\/istanbul-fr\/visite-privee-de-sainte-sophie-et-de-la-mosquee-bleue\/","url":"https:\/\/tourtravelandmore.com\/fr\/tours\/turquie-fr\/istanbul-fr\/visite-privee-de-sainte-sophie-et-de-la-mosquee-bleue\/","name":"Visite priv\u00e9e de Sainte-Sophie et de la Mosqu\u00e9e Bleue avec guide officiel","isPartOf":{"@id":"https:\/\/tourtravelandmore.com\/fr\/#website"},"primaryImageOfPage":{"@id":"https:\/\/tourtravelandmore.com\/fr\/tours\/turquie-fr\/istanbul-fr\/visite-privee-de-sainte-sophie-et-de-la-mosquee-bleue\/#primaryimage"},"image":{"@id":"https:\/\/tourtravelandmore.com\/fr\/tours\/turquie-fr\/istanbul-fr\/visite-privee-de-sainte-sophie-et-de-la-mosquee-bleue\/#primaryimage"},"thumbnailUrl":"https:\/\/tourtravelandmore.com\/wp-content\/uploads\/2019\/07\/39926058353_5d096483cd_b.jpg","datePublished":"2019-08-01T08:03:13+00:00","dateModified":"2024-08-27T19:28:14+00:00","description":"Profitez de cette visite priv\u00e9e de Sainte-Sophie et de la mosqu\u00e9e bleue \u00e0 Istanbul avec un guide local et exp\u00e9riment\u00e9. Entr\u00e9es aux principaux sites de la m\u00e9dina incluses.","breadcrumb":{"@id":"https:\/\/tourtravelandmore.com\/fr\/tours\/turquie-fr\/istanbul-fr\/visite-privee-de-sainte-sophie-et-de-la-mosquee-bleue\/#breadcrumb"},"inLanguage":"fr-FR","potentialAction":[{"@type":"ReadAction","target":["https:\/\/tourtravelandmore.com\/fr\/tours\/turquie-fr\/istanbul-fr\/visite-privee-de-sainte-sophie-et-de-la-mosquee-bleue\/"]}]},{"@type":"ImageObject","inLanguage":"fr-FR","@id":"https:\/\/tourtravelandmore.com\/fr\/tours\/turquie-fr\/istanbul-fr\/visite-privee-de-sainte-sophie-et-de-la-mosquee-bleue\/#primaryimage","url":"https:\/\/tourtravelandmore.com\/wp-content\/uploads\/2019\/07\/39926058353_5d096483cd_b.jpg","contentUrl":"https:\/\/tourtravelandmore.com\/wp-content\/uploads\/2019\/07\/39926058353_5d096483cd_b.jpg","width":1023,"height":488},{"@type":"BreadcrumbList","@id":"https:\/\/tourtravelandmore.com\/fr\/tours\/turquie-fr\/istanbul-fr\/visite-privee-de-sainte-sophie-et-de-la-mosquee-bleue\/#breadcrumb","itemListElement":[{"@type":"ListItem","position":1,"name":"Home","item":"https:\/\/tourtravelandmore.com\/fr\/"},{"@type":"ListItem","position":2,"name":"Tours","item":"https:\/\/tourtravelandmore.com\/fr\/tours\/"},{"@type":"ListItem","position":3,"name":"Visite priv\u00e9e des mosqu\u00e9es d&#8217;Istanbul"}]},{"@type":"WebSite","@id":"https:\/\/tourtravelandmore.com\/fr\/#website","url":"https:\/\/tourtravelandmore.com\/fr\/","name":"Tour Travel And More","description":"Private sightseeing tours and luxury transfers in Spain","publisher":{"@id":"https:\/\/tourtravelandmore.com\/fr\/#organization"},"potentialAction":[{"@type":"SearchAction","target":{"@type":"EntryPoint","urlTemplate":"https:\/\/tourtravelandmore.com\/fr\/?s={search_term_string}"},"query-input":{"@type":"PropertyValueSpecification","valueRequired":true,"valueName":"search_term_string"}}],"inLanguage":"fr-FR"},{"@type":"Organization","@id":"https:\/\/tourtravelandmore.com\/fr\/#organization","name":"Tour Travel And More","url":"https:\/\/tourtravelandmore.com\/fr\/","logo":{"@type":"ImageObject","inLanguage":"fr-FR","@id":"https:\/\/tourtravelandmore.com\/fr\/#\/schema\/logo\/image\/","url":"https:\/\/tourtravelandmore.com\/wp-content\/uploads\/2022\/12\/cropped-logo-cabecera-new.png","contentUrl":"https:\/\/tourtravelandmore.com\/wp-content\/uploads\/2022\/12\/cropped-logo-cabecera-new.png","width":430,"height":61,"caption":"Tour Travel And More"},"image":{"@id":"https:\/\/tourtravelandmore.com\/fr\/#\/schema\/logo\/image\/"},"sameAs":["https:\/\/www.facebook.com\/tourtravelandmore\/","https:\/\/x.com\/TourTravel_More"]}]}},"_links":{"self":[{"href":"https:\/\/tourtravelandmore.com\/fr\/wp-json\/wp\/v2\/product\/104160","targetHints":{"allow":["GET"]}}],"collection":[{"href":"https:\/\/tourtravelandmore.com\/fr\/wp-json\/wp\/v2\/product"}],"about":[{"href":"https:\/\/tourtravelandmore.com\/fr\/wp-json\/wp\/v2\/types\/product"}],"replies":[{"embeddable":true,"href":"https:\/\/tourtravelandmore.com\/fr\/wp-json\/wp\/v2\/comments?post=104160"}],"wp:featuredmedia":[{"embeddable":true,"href":"https:\/\/tourtravelandmore.com\/fr\/wp-json\/wp\/v2\/media\/95954"}],"wp:attachment":[{"href":"https:\/\/tourtravelandmore.com\/fr\/wp-json\/wp\/v2\/media?parent=104160"}],"wp:term":[{"taxonomy":"product_brand","embeddable":true,"href":"https:\/\/tourtravelandmore.com\/fr\/wp-json\/wp\/v2\/product_brand?post=104160"},{"taxonomy":"product_cat","embeddable":true,"href":"https:\/\/tourtravelandmore.com\/fr\/wp-json\/wp\/v2\/product_cat?post=104160"},{"taxonomy":"product_tag","embeddable":true,"href":"https:\/\/tourtravelandmore.com\/fr\/wp-json\/wp\/v2\/product_tag?post=104160"}],"curies":[{"name":"wp","href":"https:\/\/api.w.org\/{rel}","templated":true}]}}