{"id":104149,"date":"2020-11-03T13:26:58","date_gmt":"2020-11-03T12:26:58","guid":{"rendered":"https:\/\/tourtravelandmore.com\/tours\/non%20class\u00e9\/visite-privee-de-lile-de-la-cascade-a-oahu\/"},"modified":"2021-03-18T11:59:23","modified_gmt":"2021-03-18T10:59:23","slug":"visite-privee-de-lile-de-la-cascade-a-oahu","status":"publish","type":"product","link":"https:\/\/tourtravelandmore.com\/fr\/tours\/etats-unis-fr\/hawaii-fr\/oahu-fr\/visite-privee-de-lile-de-la-cascade-a-oahu\/","title":{"rendered":"Visite priv\u00e9e de l&#8217;\u00eele de la cascade \u00e0 Oahu"},"content":{"rendered":"<h2>Description<\/h2>\n<p>Cette visite priv\u00e9e de l&#8217;\u00eele aux chutes d&#8217;eau \u00e0 Oahu vous fera vivre une exp\u00e9rience incroyable! Demandez \u00e0 notre guide priv\u00e9 de vous emmener dans cette incroyable excursion d&#8217;une journ\u00e9e pour d\u00e9couvrir la magnifique cascade de Waimea!<\/p>\n<p>Tout d&#8217;abord, demandez \u00e0 notre guide priv\u00e9 de vous attendre \u00e0 l&#8217;endroit de votre choix. Si vous \u00eates \u00e0 Honolulu ou \u00e0 Waikiki, nous pouvons organiser la prise en charge \u00e0 partir de l\u00e0. Si vous \u00eates situ\u00e9 sur une autre partie de l&#8217;\u00eele, informez-en nos experts en voyages pour organiser l&#8217;itin\u00e9raire correspondant. Notre visite priv\u00e9e vous emm\u00e8nera dans cette exp\u00e9rience incroyable pour d\u00e9couvrir la cascade de Waimea et le meilleur de l&#8217;\u00eele d&#8217;Oahu.<\/p>\n<p>Profitez des magnifiques sites que la photo s&#8217;arr\u00eate que cette visite priv\u00e9e de l&#8217;\u00eele de la cascade d&#8217;Oahu a \u00e0 vous offrir!<\/p>\n<h2>Sites d&#8217;int\u00e9r\u00eat et monuments<\/h2>\n<p>Apr\u00e8s une prise en charge confortable, nous nous dirigerons vers cette incroyable visite priv\u00e9e pour une exp\u00e9rience unique pour vous! Nous sommes l\u00e0 pour rendre votre visite et votre exp\u00e9rience compl\u00e8tement m\u00e9morables!<\/p>\n<p>Voici quelques exemples de sites que vous appr\u00e9cierez lors de cette visite priv\u00e9e:<\/p>\n<ul>\n<li>Crat\u00e8re \u00e0 t\u00eate de diamant<\/li>\n<li>R\u00e9serve naturelle de la baie de Hanauma. Billet d&#8217;entr\u00e9e inclus.<\/li>\n<li>Holana Blowhole<\/li>\n<li>Eternity Beach: admirez les incroyables tortues de mer vertes que l&#8217;on peut parfois apercevoir<\/li>\n<li>Parc de la plage de sable<\/li>\n<li>Point de Makapuu<\/li>\n<li>Nuuanu Pali<\/li>\n<li>Temple Byodo-In. Billet d&#8217;entr\u00e9e inclus.<\/li>\n<li>Chapeau de chinois<\/li>\n<li>Baie de Malaekahana<\/li>\n<li>Fermes de Kahuku. Arr\u00eat parfait pour le d\u00e9jeuner et vous pouvez essayer les c\u00e9l\u00e8bres camions de crevettes.<\/li>\n<li>Arboretum et jardin botanique de Waimea. Billet d&#8217;entr\u00e9e inclus.<\/li>\n<li>Plantation de Dole<\/li>\n<li>Beaucoup plus<\/li>\n<\/ul>\n<p>C&#8217;est une exp\u00e9rience compl\u00e8te qui comprendra \u00e9galement la visite de la cascade.<\/p>\n<p>Nos experts priv\u00e9s de Tour Travel &amp; More sont l\u00e0 pour rendre votre exp\u00e9rience unique!<\/p>\n<p>Jetez un \u0153il \u00e0 nos autres circuits priv\u00e9s hawa\u00efens. Nous proposons des visites priv\u00e9es dans toutes les \u00eeles et villes d&#8217;Hawa\u00ef et du reste du monde!<\/p>\n","protected":false},"excerpt":{"rendered":"<p>Rejoignez-nous lors de cette visite priv\u00e9e de l&#8217;\u00eele aux chutes d&#8217;eau \u00e0 Oahu et profitez de la meilleure partie d&#8217;Honolulu \u00e0 Oahu.<\/p>\n","protected":false},"featured_media":85882,"comment_status":"open","ping_status":"closed","template":"","meta":{"_acf_changed":false},"product_brand":[],"product_cat":[3547,3799,3831],"product_tag":[],"class_list":{"0":"post-104149","1":"product","2":"type-product","3":"status-publish","4":"has-post-thumbnail","6":"product_cat-etats-unis-fr","7":"product_cat-hawaii-fr","8":"product_cat-oahu-fr","10":"first","11":"instock","12":"shipping-taxable","13":"purchasable","14":"product-type-simple"},"acf":[],"yoast_head":"<!-- This site is optimized with the Yoast SEO Premium plugin v25.3.1 (Yoast SEO v25.3.1) - https:\/\/yoast.com\/wordpress\/plugins\/seo\/ -->\n<title>Visite priv\u00e9e de l&#039;\u00eele de la cascade \u00e0 Oahu avec un v\u00e9hicule priv\u00e9 et un guide<\/title>\n<meta name=\"description\" content=\"Rejoignez-nous pour cette visite priv\u00e9e de l&#039;\u00eele aux chutes d&#039;eau \u00e0 Oahu et profitez de cette meilleure partie d&#039;Oahu. Une exp\u00e9rience priv\u00e9e vraiment incroyable.\" \/>\n<meta name=\"robots\" content=\"index, follow, max-snippet:-1, max-image-preview:large, max-video-preview:-1\" \/>\n<link rel=\"canonical\" href=\"https:\/\/tourtravelandmore.com\/fr\/tours\/etats-unis-fr\/hawaii-fr\/oahu-fr\/visite-privee-de-lile-de-la-cascade-a-oahu\/\" \/>\n<meta property=\"og:locale\" content=\"fr_FR\" \/>\n<meta property=\"og:type\" content=\"article\" \/>\n<meta property=\"og:title\" content=\"Visite priv\u00e9e de l&#039;\u00eele de la cascade \u00e0 Oahu\" \/>\n<meta property=\"og:description\" content=\"Rejoignez-nous pour cette visite priv\u00e9e de l&#039;\u00eele aux chutes d&#039;eau \u00e0 Oahu et profitez de cette meilleure partie d&#039;Oahu. Une exp\u00e9rience priv\u00e9e vraiment incroyable.\" \/>\n<meta property=\"og:url\" content=\"https:\/\/tourtravelandmore.com\/fr\/tours\/etats-unis-fr\/hawaii-fr\/oahu-fr\/visite-privee-de-lile-de-la-cascade-a-oahu\/\" \/>\n<meta property=\"og:site_name\" content=\"Tour Travel And More\" \/>\n<meta property=\"article:publisher\" content=\"https:\/\/www.facebook.com\/tourtravelandmore\/\" \/>\n<meta property=\"article:modified_time\" content=\"2021-03-18T10:59:23+00:00\" \/>\n<meta property=\"og:image\" content=\"https:\/\/tourtravelandmore.com\/wp-content\/uploads\/2020\/11\/oahu-6-683x1024.jpg\" \/>\n\t<meta property=\"og:image:width\" content=\"683\" \/>\n\t<meta property=\"og:image:height\" content=\"1024\" \/>\n\t<meta property=\"og:image:type\" content=\"image\/jpeg\" \/>\n<meta name=\"twitter:card\" content=\"summary_large_image\" \/>\n<meta name=\"twitter:site\" content=\"@TourTravel_More\" \/>\n<meta name=\"twitter:label1\" content=\"Dur\u00e9e de lecture estim\u00e9e\" \/>\n\t<meta name=\"twitter:data1\" content=\"2 minutes\" \/>\n<script type=\"application\/ld+json\" class=\"yoast-schema-graph\">{\"@context\":\"https:\/\/schema.org\",\"@graph\":[{\"@type\":\"WebPage\",\"@id\":\"https:\/\/tourtravelandmore.com\/fr\/tours\/etats-unis-fr\/hawaii-fr\/oahu-fr\/visite-privee-de-lile-de-la-cascade-a-oahu\/\",\"url\":\"https:\/\/tourtravelandmore.com\/fr\/tours\/etats-unis-fr\/hawaii-fr\/oahu-fr\/visite-privee-de-lile-de-la-cascade-a-oahu\/\",\"name\":\"Visite priv\u00e9e de l'\u00eele de la cascade \u00e0 Oahu avec un v\u00e9hicule priv\u00e9 et un guide\",\"isPartOf\":{\"@id\":\"https:\/\/tourtravelandmore.com\/fr\/#website\"},\"primaryImageOfPage\":{\"@id\":\"https:\/\/tourtravelandmore.com\/fr\/tours\/etats-unis-fr\/hawaii-fr\/oahu-fr\/visite-privee-de-lile-de-la-cascade-a-oahu\/#primaryimage\"},\"image\":{\"@id\":\"https:\/\/tourtravelandmore.com\/fr\/tours\/etats-unis-fr\/hawaii-fr\/oahu-fr\/visite-privee-de-lile-de-la-cascade-a-oahu\/#primaryimage\"},\"thumbnailUrl\":\"https:\/\/tourtravelandmore.com\/wp-content\/uploads\/2020\/11\/oahu-6.jpg\",\"datePublished\":\"2020-11-03T12:26:58+00:00\",\"dateModified\":\"2021-03-18T10:59:23+00:00\",\"description\":\"Rejoignez-nous pour cette visite priv\u00e9e de l'\u00eele aux chutes d'eau \u00e0 Oahu et profitez de cette meilleure partie d'Oahu. Une exp\u00e9rience priv\u00e9e vraiment incroyable.\",\"breadcrumb\":{\"@id\":\"https:\/\/tourtravelandmore.com\/fr\/tours\/etats-unis-fr\/hawaii-fr\/oahu-fr\/visite-privee-de-lile-de-la-cascade-a-oahu\/#breadcrumb\"},\"inLanguage\":\"fr-FR\",\"potentialAction\":[{\"@type\":\"ReadAction\",\"target\":[\"https:\/\/tourtravelandmore.com\/fr\/tours\/etats-unis-fr\/hawaii-fr\/oahu-fr\/visite-privee-de-lile-de-la-cascade-a-oahu\/\"]}]},{\"@type\":\"ImageObject\",\"inLanguage\":\"fr-FR\",\"@id\":\"https:\/\/tourtravelandmore.com\/fr\/tours\/etats-unis-fr\/hawaii-fr\/oahu-fr\/visite-privee-de-lile-de-la-cascade-a-oahu\/#primaryimage\",\"url\":\"https:\/\/tourtravelandmore.com\/wp-content\/uploads\/2020\/11\/oahu-6.jpg\",\"contentUrl\":\"https:\/\/tourtravelandmore.com\/wp-content\/uploads\/2020\/11\/oahu-6.jpg\",\"width\":5304,\"height\":7952},{\"@type\":\"BreadcrumbList\",\"@id\":\"https:\/\/tourtravelandmore.com\/fr\/tours\/etats-unis-fr\/hawaii-fr\/oahu-fr\/visite-privee-de-lile-de-la-cascade-a-oahu\/#breadcrumb\",\"itemListElement\":[{\"@type\":\"ListItem\",\"position\":1,\"name\":\"Home\",\"item\":\"https:\/\/tourtravelandmore.com\/fr\/\"},{\"@type\":\"ListItem\",\"position\":2,\"name\":\"Tours\",\"item\":\"https:\/\/tourtravelandmore.com\/fr\/tours\/\"},{\"@type\":\"ListItem\",\"position\":3,\"name\":\"Visite priv\u00e9e de l&rsquo;\u00eele de la cascade \u00e0 Oahu\"}]},{\"@type\":\"WebSite\",\"@id\":\"https:\/\/tourtravelandmore.com\/fr\/#website\",\"url\":\"https:\/\/tourtravelandmore.com\/fr\/\",\"name\":\"Tour Travel And More\",\"description\":\"Private sightseeing tours and luxury transfers in Spain\",\"publisher\":{\"@id\":\"https:\/\/tourtravelandmore.com\/fr\/#organization\"},\"potentialAction\":[{\"@type\":\"SearchAction\",\"target\":{\"@type\":\"EntryPoint\",\"urlTemplate\":\"https:\/\/tourtravelandmore.com\/fr\/?s={search_term_string}\"},\"query-input\":{\"@type\":\"PropertyValueSpecification\",\"valueRequired\":true,\"valueName\":\"search_term_string\"}}],\"inLanguage\":\"fr-FR\"},{\"@type\":\"Organization\",\"@id\":\"https:\/\/tourtravelandmore.com\/fr\/#organization\",\"name\":\"Tour Travel And More\",\"url\":\"https:\/\/tourtravelandmore.com\/fr\/\",\"logo\":{\"@type\":\"ImageObject\",\"inLanguage\":\"fr-FR\",\"@id\":\"https:\/\/tourtravelandmore.com\/fr\/#\/schema\/logo\/image\/\",\"url\":\"https:\/\/tourtravelandmore.com\/wp-content\/uploads\/2022\/12\/cropped-logo-cabecera-new.png\",\"contentUrl\":\"https:\/\/tourtravelandmore.com\/wp-content\/uploads\/2022\/12\/cropped-logo-cabecera-new.png\",\"width\":430,\"height\":61,\"caption\":\"Tour Travel And More\"},\"image\":{\"@id\":\"https:\/\/tourtravelandmore.com\/fr\/#\/schema\/logo\/image\/\"},\"sameAs\":[\"https:\/\/www.facebook.com\/tourtravelandmore\/\",\"https:\/\/x.com\/TourTravel_More\"]}]}<\/script>\n<!-- \/ Yoast SEO Premium plugin. -->","yoast_head_json":{"title":"Visite priv\u00e9e de l'\u00eele de la cascade \u00e0 Oahu avec un v\u00e9hicule priv\u00e9 et un guide","description":"Rejoignez-nous pour cette visite priv\u00e9e de l'\u00eele aux chutes d'eau \u00e0 Oahu et profitez de cette meilleure partie d'Oahu. Une exp\u00e9rience priv\u00e9e vraiment incroyable.","robots":{"index":"index","follow":"follow","max-snippet":"max-snippet:-1","max-image-preview":"max-image-preview:large","max-video-preview":"max-video-preview:-1"},"canonical":"https:\/\/tourtravelandmore.com\/fr\/tours\/etats-unis-fr\/hawaii-fr\/oahu-fr\/visite-privee-de-lile-de-la-cascade-a-oahu\/","og_locale":"fr_FR","og_type":"article","og_title":"Visite priv\u00e9e de l'\u00eele de la cascade \u00e0 Oahu","og_description":"Rejoignez-nous pour cette visite priv\u00e9e de l'\u00eele aux chutes d'eau \u00e0 Oahu et profitez de cette meilleure partie d'Oahu. Une exp\u00e9rience priv\u00e9e vraiment incroyable.","og_url":"https:\/\/tourtravelandmore.com\/fr\/tours\/etats-unis-fr\/hawaii-fr\/oahu-fr\/visite-privee-de-lile-de-la-cascade-a-oahu\/","og_site_name":"Tour Travel And More","article_publisher":"https:\/\/www.facebook.com\/tourtravelandmore\/","article_modified_time":"2021-03-18T10:59:23+00:00","og_image":[{"width":683,"height":1024,"url":"https:\/\/tourtravelandmore.com\/wp-content\/uploads\/2020\/11\/oahu-6-683x1024.jpg","type":"image\/jpeg"}],"twitter_card":"summary_large_image","twitter_site":"@TourTravel_More","twitter_misc":{"Dur\u00e9e de lecture estim\u00e9e":"2 minutes"},"schema":{"@context":"https:\/\/schema.org","@graph":[{"@type":"WebPage","@id":"https:\/\/tourtravelandmore.com\/fr\/tours\/etats-unis-fr\/hawaii-fr\/oahu-fr\/visite-privee-de-lile-de-la-cascade-a-oahu\/","url":"https:\/\/tourtravelandmore.com\/fr\/tours\/etats-unis-fr\/hawaii-fr\/oahu-fr\/visite-privee-de-lile-de-la-cascade-a-oahu\/","name":"Visite priv\u00e9e de l'\u00eele de la cascade \u00e0 Oahu avec un v\u00e9hicule priv\u00e9 et un guide","isPartOf":{"@id":"https:\/\/tourtravelandmore.com\/fr\/#website"},"primaryImageOfPage":{"@id":"https:\/\/tourtravelandmore.com\/fr\/tours\/etats-unis-fr\/hawaii-fr\/oahu-fr\/visite-privee-de-lile-de-la-cascade-a-oahu\/#primaryimage"},"image":{"@id":"https:\/\/tourtravelandmore.com\/fr\/tours\/etats-unis-fr\/hawaii-fr\/oahu-fr\/visite-privee-de-lile-de-la-cascade-a-oahu\/#primaryimage"},"thumbnailUrl":"https:\/\/tourtravelandmore.com\/wp-content\/uploads\/2020\/11\/oahu-6.jpg","datePublished":"2020-11-03T12:26:58+00:00","dateModified":"2021-03-18T10:59:23+00:00","description":"Rejoignez-nous pour cette visite priv\u00e9e de l'\u00eele aux chutes d'eau \u00e0 Oahu et profitez de cette meilleure partie d'Oahu. Une exp\u00e9rience priv\u00e9e vraiment incroyable.","breadcrumb":{"@id":"https:\/\/tourtravelandmore.com\/fr\/tours\/etats-unis-fr\/hawaii-fr\/oahu-fr\/visite-privee-de-lile-de-la-cascade-a-oahu\/#breadcrumb"},"inLanguage":"fr-FR","potentialAction":[{"@type":"ReadAction","target":["https:\/\/tourtravelandmore.com\/fr\/tours\/etats-unis-fr\/hawaii-fr\/oahu-fr\/visite-privee-de-lile-de-la-cascade-a-oahu\/"]}]},{"@type":"ImageObject","inLanguage":"fr-FR","@id":"https:\/\/tourtravelandmore.com\/fr\/tours\/etats-unis-fr\/hawaii-fr\/oahu-fr\/visite-privee-de-lile-de-la-cascade-a-oahu\/#primaryimage","url":"https:\/\/tourtravelandmore.com\/wp-content\/uploads\/2020\/11\/oahu-6.jpg","contentUrl":"https:\/\/tourtravelandmore.com\/wp-content\/uploads\/2020\/11\/oahu-6.jpg","width":5304,"height":7952},{"@type":"BreadcrumbList","@id":"https:\/\/tourtravelandmore.com\/fr\/tours\/etats-unis-fr\/hawaii-fr\/oahu-fr\/visite-privee-de-lile-de-la-cascade-a-oahu\/#breadcrumb","itemListElement":[{"@type":"ListItem","position":1,"name":"Home","item":"https:\/\/tourtravelandmore.com\/fr\/"},{"@type":"ListItem","position":2,"name":"Tours","item":"https:\/\/tourtravelandmore.com\/fr\/tours\/"},{"@type":"ListItem","position":3,"name":"Visite priv\u00e9e de l&rsquo;\u00eele de la cascade \u00e0 Oahu"}]},{"@type":"WebSite","@id":"https:\/\/tourtravelandmore.com\/fr\/#website","url":"https:\/\/tourtravelandmore.com\/fr\/","name":"Tour Travel And More","description":"Private sightseeing tours and luxury transfers in Spain","publisher":{"@id":"https:\/\/tourtravelandmore.com\/fr\/#organization"},"potentialAction":[{"@type":"SearchAction","target":{"@type":"EntryPoint","urlTemplate":"https:\/\/tourtravelandmore.com\/fr\/?s={search_term_string}"},"query-input":{"@type":"PropertyValueSpecification","valueRequired":true,"valueName":"search_term_string"}}],"inLanguage":"fr-FR"},{"@type":"Organization","@id":"https:\/\/tourtravelandmore.com\/fr\/#organization","name":"Tour Travel And More","url":"https:\/\/tourtravelandmore.com\/fr\/","logo":{"@type":"ImageObject","inLanguage":"fr-FR","@id":"https:\/\/tourtravelandmore.com\/fr\/#\/schema\/logo\/image\/","url":"https:\/\/tourtravelandmore.com\/wp-content\/uploads\/2022\/12\/cropped-logo-cabecera-new.png","contentUrl":"https:\/\/tourtravelandmore.com\/wp-content\/uploads\/2022\/12\/cropped-logo-cabecera-new.png","width":430,"height":61,"caption":"Tour Travel And More"},"image":{"@id":"https:\/\/tourtravelandmore.com\/fr\/#\/schema\/logo\/image\/"},"sameAs":["https:\/\/www.facebook.com\/tourtravelandmore\/","https:\/\/x.com\/TourTravel_More"]}]}},"_links":{"self":[{"href":"https:\/\/tourtravelandmore.com\/fr\/wp-json\/wp\/v2\/product\/104149","targetHints":{"allow":["GET"]}}],"collection":[{"href":"https:\/\/tourtravelandmore.com\/fr\/wp-json\/wp\/v2\/product"}],"about":[{"href":"https:\/\/tourtravelandmore.com\/fr\/wp-json\/wp\/v2\/types\/product"}],"replies":[{"embeddable":true,"href":"https:\/\/tourtravelandmore.com\/fr\/wp-json\/wp\/v2\/comments?post=104149"}],"wp:featuredmedia":[{"embeddable":true,"href":"https:\/\/tourtravelandmore.com\/fr\/wp-json\/wp\/v2\/media\/85882"}],"wp:attachment":[{"href":"https:\/\/tourtravelandmore.com\/fr\/wp-json\/wp\/v2\/media?parent=104149"}],"wp:term":[{"taxonomy":"product_brand","embeddable":true,"href":"https:\/\/tourtravelandmore.com\/fr\/wp-json\/wp\/v2\/product_brand?post=104149"},{"taxonomy":"product_cat","embeddable":true,"href":"https:\/\/tourtravelandmore.com\/fr\/wp-json\/wp\/v2\/product_cat?post=104149"},{"taxonomy":"product_tag","embeddable":true,"href":"https:\/\/tourtravelandmore.com\/fr\/wp-json\/wp\/v2\/product_tag?post=104149"}],"curies":[{"name":"wp","href":"https:\/\/api.w.org\/{rel}","templated":true}]}}