{"id":104147,"date":"2020-11-03T12:45:21","date_gmt":"2020-11-03T11:45:21","guid":{"rendered":"https:\/\/tourtravelandmore.com\/tours\/non%20class\u00e9\/visite-privee-dhonolulu-et-de-waikiki\/"},"modified":"2021-03-18T11:56:19","modified_gmt":"2021-03-18T10:56:19","slug":"visite-privee-dhonolulu-et-de-waikiki","status":"publish","type":"product","link":"https:\/\/tourtravelandmore.com\/fr\/tours\/etats-unis-fr\/hawaii-fr\/oahu-fr\/visite-privee-dhonolulu-et-de-waikiki\/","title":{"rendered":"Visite priv\u00e9e d&#8217;Honolulu et de Waikiki"},"content":{"rendered":"<div class=\"page\" title=\"Page 17\">\n<div class=\"section\">\n<div class=\"layoutArea\">\n<h2>Description<\/h2>\n<p>Cette visite priv\u00e9e d&#8217;Honolulu et de Waikiki vous fera vivre une exp\u00e9rience formidable du centre-ville et du centre-ville d&#8217;Honolulu et du c\u00e9l\u00e8bre Waikiki!<\/p>\n<p>Apr\u00e8s une prise en charge confortable, nous commencerons cette visite priv\u00e9e d&#8217;Honolulu et de Waikiki.<\/p>\n<p>Apprendre \u00e0 conna\u00eetre le centre-ville et le meilleur du centre-ville d&#8217;Oahu. Oahu et tout Hawa\u00ef ont toujours des circuits aventureux, cette fois, nous pouvons vous emmener dans ce circuit priv\u00e9 Honolulu et Waikiki pour un autre type d&#8217;exp\u00e9rience.<\/p>\n<p>Nous organiserons le meilleur de cette visite et de la ville d&#8217;Oahu!<\/p>\n<p>D\u00e9couvrez ce que nous pouvons vous offrir!<\/p>\n<h2>Sites d&#8217;int\u00e9r\u00eat et monuments<\/h2>\n<p>V\u00e9rifiez ce que vous pouvez profiter de cette visite priv\u00e9e \u00e0 Honolulu et dans le centre-ville. Waikiki est \u00e9galement une exp\u00e9rience merveilleuse \u00e0 vivre \u00e0 Oahu.<\/p>\n<p>Tout d&#8217;abord, entre autres, voyez:<\/p>\n<ul>\n<li>Palais Iolani. Le palais Iolani est le seul palais royal d&#8217;Hawa\u00ef. Jetez un coup d&#8217;\u0153il \u00e0 la base de l&#8217;\u00e9mission de t\u00e9l\u00e9vision<\/li>\n<li>Hawaii Five O qui a \u00e9t\u00e9 si c\u00e9l\u00e8bre dans le monde entier! Admirez les artefacts cach\u00e9s \u00e0 l&#8217;int\u00e9rieur et encore plus de souvenirs que vous pouvez emporter chez vous depuis le bateau-cadeau.<\/li>\n<li>Statue du roi Kamehameha I. Le roi Kamehameha \u00e9tait responsable de l&#8217;unification des \u00eeles hawa\u00efennes en une seule r\u00e8gle. Trouvez cette statue de bronze en face du palais Iolani.<\/li>\n<li>Cimeti\u00e8re comm\u00e9moratif national du Pacifique<\/li>\n<li>quartier chinois<\/li>\n<li>Quartier de Kaka&#8217;oko.<\/li>\n<li>\u00c9tat de Nu\u2019uanu Pali<\/li>\n<\/ul>\n<p>Apr\u00e8s Honolulu, nous inclurons \u00e9galement une visite \u00e0 Waikiki.<\/p>\n<ul>\n<li>Promenez-vous dans les nombreux h\u00f4tels comme le Westin Resort, le Sheraton Waikikis Journey &#8230;<\/li>\n<li>Admirez les nombreux h\u00e9bergements qui peuvent \u00eatre propos\u00e9s \u00e0 Waikiki<\/li>\n<li>Mus\u00e9e de l&#8217;arm\u00e9e am\u00e9ricaine. Ayez une vue ext\u00e9rieure et si vous souhaitez entrer \u00e0 l&#8217;int\u00e9rieur, l&#8217;entr\u00e9e est gratuite.<\/li>\n<li>Pierres de gu\u00e9rison, Kapaemahu.<\/li>\n<li>Statue du duc Kahanamoku<\/li>\n<\/ul>\n<p>Ceci et bien plus encore peuvent \u00eatre appr\u00e9ci\u00e9s lors de notre visite priv\u00e9e \u00e0 Honolulu et Waikiki.<\/p>\n<p>Enfin, nous vous d\u00e9poserons \u00e0 votre h\u00f4tel ou lieu de votre choix \u00e0 Honolulu, Waikiki ou Oahu.<\/p>\n<p>Ne manquez pas nos exp\u00e9riences priv\u00e9es \u00e0 Hawa\u00ef ici!<\/p>\n<\/div>\n<\/div>\n<\/div>\n<div class=\"page\" title=\"Page 17\">\n<div class=\"section\">\n<div class=\"layoutArea\"><\/div>\n<\/div>\n<\/div>\n<div class=\"page\" title=\"Page 12\">\n<div class=\"section\">\n<div class=\"layoutArea\"><\/div>\n<\/div>\n<\/div>\n","protected":false},"excerpt":{"rendered":"<p>Rejoignez-nous pour cette visite priv\u00e9e d&#8217;Honolulu et de Waikiki et profitez de la partie historique d&#8217;Honolulu \u00e0 Oahu et Waikiki. Une exp\u00e9rience priv\u00e9e vraiment incroyable.<\/p>\n","protected":false},"featured_media":85937,"comment_status":"open","ping_status":"closed","template":"","meta":{"_acf_changed":false},"product_brand":[],"product_cat":[3547,3799,3831],"product_tag":[],"class_list":{"0":"post-104147","1":"product","2":"type-product","3":"status-publish","4":"has-post-thumbnail","6":"product_cat-etats-unis-fr","7":"product_cat-hawaii-fr","8":"product_cat-oahu-fr","10":"first","11":"instock","12":"shipping-taxable","13":"purchasable","14":"product-type-simple"},"acf":[],"yoast_head":"<!-- This site is optimized with the Yoast SEO Premium plugin v25.3.1 (Yoast SEO v25.3.1) - https:\/\/yoast.com\/wordpress\/plugins\/seo\/ -->\n<title>Visite priv\u00e9e d&#039;Honolulu et de Waikiki avec un v\u00e9hicule priv\u00e9 et un guide<\/title>\n<meta name=\"description\" content=\"Rejoignez-nous lors de cette visite priv\u00e9e d&#039;Honolulu et de Waikiki et profitez de la partie historique d&#039;Oahu. Une exp\u00e9rience priv\u00e9e vraiment incroyable.\" \/>\n<meta name=\"robots\" content=\"index, follow, max-snippet:-1, max-image-preview:large, max-video-preview:-1\" \/>\n<link rel=\"canonical\" href=\"https:\/\/tourtravelandmore.com\/fr\/tours\/etats-unis-fr\/hawaii-fr\/oahu-fr\/visite-privee-dhonolulu-et-de-waikiki\/\" \/>\n<meta property=\"og:locale\" content=\"fr_FR\" \/>\n<meta property=\"og:type\" content=\"article\" \/>\n<meta property=\"og:title\" content=\"Visite priv\u00e9e d&#039;Honolulu et de Waikiki\" \/>\n<meta property=\"og:description\" content=\"Rejoignez-nous lors de cette visite priv\u00e9e d&#039;Honolulu et de Waikiki et profitez de la partie historique d&#039;Oahu. Une exp\u00e9rience priv\u00e9e vraiment incroyable.\" \/>\n<meta property=\"og:url\" content=\"https:\/\/tourtravelandmore.com\/fr\/tours\/etats-unis-fr\/hawaii-fr\/oahu-fr\/visite-privee-dhonolulu-et-de-waikiki\/\" \/>\n<meta property=\"og:site_name\" content=\"Tour Travel And More\" \/>\n<meta property=\"article:publisher\" content=\"https:\/\/www.facebook.com\/tourtravelandmore\/\" \/>\n<meta property=\"article:modified_time\" content=\"2021-03-18T10:56:19+00:00\" \/>\n<meta property=\"og:image\" content=\"https:\/\/tourtravelandmore.com\/wp-content\/uploads\/2020\/11\/honolulu-scaled.jpg\" \/>\n\t<meta property=\"og:image:width\" content=\"2560\" \/>\n\t<meta property=\"og:image:height\" content=\"1707\" \/>\n\t<meta property=\"og:image:type\" content=\"image\/jpeg\" \/>\n<meta name=\"twitter:card\" content=\"summary_large_image\" \/>\n<meta name=\"twitter:site\" content=\"@TourTravel_More\" \/>\n<meta name=\"twitter:label1\" content=\"Dur\u00e9e de lecture estim\u00e9e\" \/>\n\t<meta name=\"twitter:data1\" content=\"2 minutes\" \/>\n<script type=\"application\/ld+json\" class=\"yoast-schema-graph\">{\"@context\":\"https:\/\/schema.org\",\"@graph\":[{\"@type\":\"WebPage\",\"@id\":\"https:\/\/tourtravelandmore.com\/fr\/tours\/etats-unis-fr\/hawaii-fr\/oahu-fr\/visite-privee-dhonolulu-et-de-waikiki\/\",\"url\":\"https:\/\/tourtravelandmore.com\/fr\/tours\/etats-unis-fr\/hawaii-fr\/oahu-fr\/visite-privee-dhonolulu-et-de-waikiki\/\",\"name\":\"Visite priv\u00e9e d'Honolulu et de Waikiki avec un v\u00e9hicule priv\u00e9 et un guide\",\"isPartOf\":{\"@id\":\"https:\/\/tourtravelandmore.com\/fr\/#website\"},\"primaryImageOfPage\":{\"@id\":\"https:\/\/tourtravelandmore.com\/fr\/tours\/etats-unis-fr\/hawaii-fr\/oahu-fr\/visite-privee-dhonolulu-et-de-waikiki\/#primaryimage\"},\"image\":{\"@id\":\"https:\/\/tourtravelandmore.com\/fr\/tours\/etats-unis-fr\/hawaii-fr\/oahu-fr\/visite-privee-dhonolulu-et-de-waikiki\/#primaryimage\"},\"thumbnailUrl\":\"https:\/\/tourtravelandmore.com\/wp-content\/uploads\/2020\/11\/honolulu-scaled.jpg\",\"datePublished\":\"2020-11-03T11:45:21+00:00\",\"dateModified\":\"2021-03-18T10:56:19+00:00\",\"description\":\"Rejoignez-nous lors de cette visite priv\u00e9e d'Honolulu et de Waikiki et profitez de la partie historique d'Oahu. Une exp\u00e9rience priv\u00e9e vraiment incroyable.\",\"breadcrumb\":{\"@id\":\"https:\/\/tourtravelandmore.com\/fr\/tours\/etats-unis-fr\/hawaii-fr\/oahu-fr\/visite-privee-dhonolulu-et-de-waikiki\/#breadcrumb\"},\"inLanguage\":\"fr-FR\",\"potentialAction\":[{\"@type\":\"ReadAction\",\"target\":[\"https:\/\/tourtravelandmore.com\/fr\/tours\/etats-unis-fr\/hawaii-fr\/oahu-fr\/visite-privee-dhonolulu-et-de-waikiki\/\"]}]},{\"@type\":\"ImageObject\",\"inLanguage\":\"fr-FR\",\"@id\":\"https:\/\/tourtravelandmore.com\/fr\/tours\/etats-unis-fr\/hawaii-fr\/oahu-fr\/visite-privee-dhonolulu-et-de-waikiki\/#primaryimage\",\"url\":\"https:\/\/tourtravelandmore.com\/wp-content\/uploads\/2020\/11\/honolulu-scaled.jpg\",\"contentUrl\":\"https:\/\/tourtravelandmore.com\/wp-content\/uploads\/2020\/11\/honolulu-scaled.jpg\",\"width\":2560,\"height\":1707},{\"@type\":\"BreadcrumbList\",\"@id\":\"https:\/\/tourtravelandmore.com\/fr\/tours\/etats-unis-fr\/hawaii-fr\/oahu-fr\/visite-privee-dhonolulu-et-de-waikiki\/#breadcrumb\",\"itemListElement\":[{\"@type\":\"ListItem\",\"position\":1,\"name\":\"Home\",\"item\":\"https:\/\/tourtravelandmore.com\/fr\/\"},{\"@type\":\"ListItem\",\"position\":2,\"name\":\"Tours\",\"item\":\"https:\/\/tourtravelandmore.com\/fr\/tours\/\"},{\"@type\":\"ListItem\",\"position\":3,\"name\":\"Visite priv\u00e9e d&rsquo;Honolulu et de Waikiki\"}]},{\"@type\":\"WebSite\",\"@id\":\"https:\/\/tourtravelandmore.com\/fr\/#website\",\"url\":\"https:\/\/tourtravelandmore.com\/fr\/\",\"name\":\"Tour Travel And More\",\"description\":\"Private sightseeing tours and luxury transfers in Spain\",\"publisher\":{\"@id\":\"https:\/\/tourtravelandmore.com\/fr\/#organization\"},\"potentialAction\":[{\"@type\":\"SearchAction\",\"target\":{\"@type\":\"EntryPoint\",\"urlTemplate\":\"https:\/\/tourtravelandmore.com\/fr\/?s={search_term_string}\"},\"query-input\":{\"@type\":\"PropertyValueSpecification\",\"valueRequired\":true,\"valueName\":\"search_term_string\"}}],\"inLanguage\":\"fr-FR\"},{\"@type\":\"Organization\",\"@id\":\"https:\/\/tourtravelandmore.com\/fr\/#organization\",\"name\":\"Tour Travel And More\",\"url\":\"https:\/\/tourtravelandmore.com\/fr\/\",\"logo\":{\"@type\":\"ImageObject\",\"inLanguage\":\"fr-FR\",\"@id\":\"https:\/\/tourtravelandmore.com\/fr\/#\/schema\/logo\/image\/\",\"url\":\"https:\/\/tourtravelandmore.com\/wp-content\/uploads\/2022\/12\/cropped-logo-cabecera-new.png\",\"contentUrl\":\"https:\/\/tourtravelandmore.com\/wp-content\/uploads\/2022\/12\/cropped-logo-cabecera-new.png\",\"width\":430,\"height\":61,\"caption\":\"Tour Travel And More\"},\"image\":{\"@id\":\"https:\/\/tourtravelandmore.com\/fr\/#\/schema\/logo\/image\/\"},\"sameAs\":[\"https:\/\/www.facebook.com\/tourtravelandmore\/\",\"https:\/\/x.com\/TourTravel_More\"]}]}<\/script>\n<!-- \/ Yoast SEO Premium plugin. -->","yoast_head_json":{"title":"Visite priv\u00e9e d'Honolulu et de Waikiki avec un v\u00e9hicule priv\u00e9 et un guide","description":"Rejoignez-nous lors de cette visite priv\u00e9e d'Honolulu et de Waikiki et profitez de la partie historique d'Oahu. Une exp\u00e9rience priv\u00e9e vraiment incroyable.","robots":{"index":"index","follow":"follow","max-snippet":"max-snippet:-1","max-image-preview":"max-image-preview:large","max-video-preview":"max-video-preview:-1"},"canonical":"https:\/\/tourtravelandmore.com\/fr\/tours\/etats-unis-fr\/hawaii-fr\/oahu-fr\/visite-privee-dhonolulu-et-de-waikiki\/","og_locale":"fr_FR","og_type":"article","og_title":"Visite priv\u00e9e d'Honolulu et de Waikiki","og_description":"Rejoignez-nous lors de cette visite priv\u00e9e d'Honolulu et de Waikiki et profitez de la partie historique d'Oahu. Une exp\u00e9rience priv\u00e9e vraiment incroyable.","og_url":"https:\/\/tourtravelandmore.com\/fr\/tours\/etats-unis-fr\/hawaii-fr\/oahu-fr\/visite-privee-dhonolulu-et-de-waikiki\/","og_site_name":"Tour Travel And More","article_publisher":"https:\/\/www.facebook.com\/tourtravelandmore\/","article_modified_time":"2021-03-18T10:56:19+00:00","og_image":[{"width":2560,"height":1707,"url":"https:\/\/tourtravelandmore.com\/wp-content\/uploads\/2020\/11\/honolulu-scaled.jpg","type":"image\/jpeg"}],"twitter_card":"summary_large_image","twitter_site":"@TourTravel_More","twitter_misc":{"Dur\u00e9e de lecture estim\u00e9e":"2 minutes"},"schema":{"@context":"https:\/\/schema.org","@graph":[{"@type":"WebPage","@id":"https:\/\/tourtravelandmore.com\/fr\/tours\/etats-unis-fr\/hawaii-fr\/oahu-fr\/visite-privee-dhonolulu-et-de-waikiki\/","url":"https:\/\/tourtravelandmore.com\/fr\/tours\/etats-unis-fr\/hawaii-fr\/oahu-fr\/visite-privee-dhonolulu-et-de-waikiki\/","name":"Visite priv\u00e9e d'Honolulu et de Waikiki avec un v\u00e9hicule priv\u00e9 et un guide","isPartOf":{"@id":"https:\/\/tourtravelandmore.com\/fr\/#website"},"primaryImageOfPage":{"@id":"https:\/\/tourtravelandmore.com\/fr\/tours\/etats-unis-fr\/hawaii-fr\/oahu-fr\/visite-privee-dhonolulu-et-de-waikiki\/#primaryimage"},"image":{"@id":"https:\/\/tourtravelandmore.com\/fr\/tours\/etats-unis-fr\/hawaii-fr\/oahu-fr\/visite-privee-dhonolulu-et-de-waikiki\/#primaryimage"},"thumbnailUrl":"https:\/\/tourtravelandmore.com\/wp-content\/uploads\/2020\/11\/honolulu-scaled.jpg","datePublished":"2020-11-03T11:45:21+00:00","dateModified":"2021-03-18T10:56:19+00:00","description":"Rejoignez-nous lors de cette visite priv\u00e9e d'Honolulu et de Waikiki et profitez de la partie historique d'Oahu. Une exp\u00e9rience priv\u00e9e vraiment incroyable.","breadcrumb":{"@id":"https:\/\/tourtravelandmore.com\/fr\/tours\/etats-unis-fr\/hawaii-fr\/oahu-fr\/visite-privee-dhonolulu-et-de-waikiki\/#breadcrumb"},"inLanguage":"fr-FR","potentialAction":[{"@type":"ReadAction","target":["https:\/\/tourtravelandmore.com\/fr\/tours\/etats-unis-fr\/hawaii-fr\/oahu-fr\/visite-privee-dhonolulu-et-de-waikiki\/"]}]},{"@type":"ImageObject","inLanguage":"fr-FR","@id":"https:\/\/tourtravelandmore.com\/fr\/tours\/etats-unis-fr\/hawaii-fr\/oahu-fr\/visite-privee-dhonolulu-et-de-waikiki\/#primaryimage","url":"https:\/\/tourtravelandmore.com\/wp-content\/uploads\/2020\/11\/honolulu-scaled.jpg","contentUrl":"https:\/\/tourtravelandmore.com\/wp-content\/uploads\/2020\/11\/honolulu-scaled.jpg","width":2560,"height":1707},{"@type":"BreadcrumbList","@id":"https:\/\/tourtravelandmore.com\/fr\/tours\/etats-unis-fr\/hawaii-fr\/oahu-fr\/visite-privee-dhonolulu-et-de-waikiki\/#breadcrumb","itemListElement":[{"@type":"ListItem","position":1,"name":"Home","item":"https:\/\/tourtravelandmore.com\/fr\/"},{"@type":"ListItem","position":2,"name":"Tours","item":"https:\/\/tourtravelandmore.com\/fr\/tours\/"},{"@type":"ListItem","position":3,"name":"Visite priv\u00e9e d&rsquo;Honolulu et de Waikiki"}]},{"@type":"WebSite","@id":"https:\/\/tourtravelandmore.com\/fr\/#website","url":"https:\/\/tourtravelandmore.com\/fr\/","name":"Tour Travel And More","description":"Private sightseeing tours and luxury transfers in Spain","publisher":{"@id":"https:\/\/tourtravelandmore.com\/fr\/#organization"},"potentialAction":[{"@type":"SearchAction","target":{"@type":"EntryPoint","urlTemplate":"https:\/\/tourtravelandmore.com\/fr\/?s={search_term_string}"},"query-input":{"@type":"PropertyValueSpecification","valueRequired":true,"valueName":"search_term_string"}}],"inLanguage":"fr-FR"},{"@type":"Organization","@id":"https:\/\/tourtravelandmore.com\/fr\/#organization","name":"Tour Travel And More","url":"https:\/\/tourtravelandmore.com\/fr\/","logo":{"@type":"ImageObject","inLanguage":"fr-FR","@id":"https:\/\/tourtravelandmore.com\/fr\/#\/schema\/logo\/image\/","url":"https:\/\/tourtravelandmore.com\/wp-content\/uploads\/2022\/12\/cropped-logo-cabecera-new.png","contentUrl":"https:\/\/tourtravelandmore.com\/wp-content\/uploads\/2022\/12\/cropped-logo-cabecera-new.png","width":430,"height":61,"caption":"Tour Travel And More"},"image":{"@id":"https:\/\/tourtravelandmore.com\/fr\/#\/schema\/logo\/image\/"},"sameAs":["https:\/\/www.facebook.com\/tourtravelandmore\/","https:\/\/x.com\/TourTravel_More"]}]}},"_links":{"self":[{"href":"https:\/\/tourtravelandmore.com\/fr\/wp-json\/wp\/v2\/product\/104147","targetHints":{"allow":["GET"]}}],"collection":[{"href":"https:\/\/tourtravelandmore.com\/fr\/wp-json\/wp\/v2\/product"}],"about":[{"href":"https:\/\/tourtravelandmore.com\/fr\/wp-json\/wp\/v2\/types\/product"}],"replies":[{"embeddable":true,"href":"https:\/\/tourtravelandmore.com\/fr\/wp-json\/wp\/v2\/comments?post=104147"}],"wp:featuredmedia":[{"embeddable":true,"href":"https:\/\/tourtravelandmore.com\/fr\/wp-json\/wp\/v2\/media\/85937"}],"wp:attachment":[{"href":"https:\/\/tourtravelandmore.com\/fr\/wp-json\/wp\/v2\/media?parent=104147"}],"wp:term":[{"taxonomy":"product_brand","embeddable":true,"href":"https:\/\/tourtravelandmore.com\/fr\/wp-json\/wp\/v2\/product_brand?post=104147"},{"taxonomy":"product_cat","embeddable":true,"href":"https:\/\/tourtravelandmore.com\/fr\/wp-json\/wp\/v2\/product_cat?post=104147"},{"taxonomy":"product_tag","embeddable":true,"href":"https:\/\/tourtravelandmore.com\/fr\/wp-json\/wp\/v2\/product_tag?post=104147"}],"curies":[{"name":"wp","href":"https:\/\/api.w.org\/{rel}","templated":true}]}}